{"id":8647,"date":"2025-05-26T09:38:47","date_gmt":"2025-05-26T07:38:47","guid":{"rendered":"https:\/\/tinychat.com\/?page_id=8647"},"modified":"2025-07-07T18:18:24","modified_gmt":"2025-07-07T16:18:24","slug":"chatib","status":"publish","type":"page","link":"https:\/\/tinychat.com\/pl\/chatib\/","title":{"rendered":"Chatib"},"content":{"rendered":"<p>Poniewa\u017c komunikacja online wci\u0105\u017c ewoluuje, istnieje niezaprzeczalny urok platform, kt\u00f3re usuwaj\u0105 z\u0142o\u017cono\u015b\u0107 i stawiaj\u0105 w centrum prawdziw\u0105, spontaniczn\u0105 rozmow\u0119. Chatib to jedna z takich platform - powr\u00f3t do z\u0142otej ery czat\u00f3w online, ale zaktualizowany do nowoczesnej sieci. Je\u015bli chcesz pozna\u0107 nowych ludzi, zaprzyja\u017ani\u0107 si\u0119 lub po prostu sp\u0119dzi\u0107 czas na czacie z nieznajomymi z ca\u0142ego \u015bwiata, Chatib jest najlepszym miejscem - i nie musisz si\u0119 rejestrowa\u0107, niczego pobiera\u0107 ani ujawnia\u0107 swojej prawdziwej to\u017csamo\u015bci.<\/p>\n<p>Chatib to przede wszystkim natychmiastowa interakcja tekstowa, dost\u0119pna za po\u015brednictwem dowolnej przegl\u0105darki, na dowolnym urz\u0105dzeniu, bez \u017cadnych przeszk\u00f3d. Niezale\u017cnie od tego, czy szukasz nowych przyjaci\u00f3\u0142, zalotnego czatu, czy przestrzeni spo\u0142eczno\u015bciowej dla swoich zainteresowa\u0144, publiczne pokoje Chatib i funkcje prywatnego czatu u\u0142atwiaj\u0105 nawi\u0105zywanie kontakt\u00f3w, komunikacj\u0119 i udost\u0119pnianie - wszystko za darmo.<\/p>\n<p>Ten artyku\u0142 zawiera szczeg\u00f3\u0142owe informacje na temat dzia\u0142ania Chatib, jego g\u0142\u00f3wnych funkcji, tego, co odr\u00f3\u017cnia go od innych witryn czatowych, wskaz\u00f3wek dotycz\u0105cych bezpiecze\u0144stwa, por\u00f3wna\u0144 i tego, jak najlepiej wykorzysta\u0107 ka\u017cd\u0105 sesj\u0119 czatu.<\/p>\n<h2>Co to jest Chatib?<\/h2>\n<p>Chatib to bezp\u0142atna, anonimowa platforma czatowa, kt\u00f3ra \u0142\u0105czy u\u017cytkownik\u00f3w na ca\u0142ym \u015bwiecie za po\u015brednictwem otwartych czat\u00f3w i prywatnych wiadomo\u015bci, a wszystko to w czasie rzeczywistym. Bez konieczno\u015bci rejestracji i instalowania aplikacji, Chatib wyr\u00f3\u017cnia si\u0119 \u0142atwym dost\u0119pem i lekk\u0105 konstrukcj\u0105.<\/p>\n<p>Za\u0142o\u017cony w celu o\u017cywienia klasycznego czatu, Chatib oferuje wyb\u00f3r pokoi tematycznych i krajowych (takich jak \"Czat dla singli\", \"Czat USA\" lub \"Mi\u0142o\u015bnicy muzyki\"), a tak\u017ce opcj\u0119 czatowania jeden na jednego w trybie prywatnym. Wystarczy wybra\u0107 pseudonim, pok\u00f3j i zacz\u0105\u0107 pisa\u0107. Je\u015bli znajdziesz kogo\u015b interesuj\u0105cego, mo\u017cesz porozmawia\u0107 z nim prywatnie lub doda\u0107 go do znajomych, aby u\u0142atwi\u0107 sobie ponowne nawi\u0105zanie kontaktu.<\/p>\n<p>Chatib koncentruje si\u0119 na komunikacji wy\u0142\u0105cznie tekstowej i jest idealny dla tych, kt\u00f3rzy preferuj\u0105 anonimowo\u015b\u0107 lub chc\u0105 rozmawia\u0107 bez w\u0142\u0105czania kamery lub mikrofonu. Jest on oparty na sieci, przyjazny dla urz\u0105dze\u0144 mobilnych i ca\u0142kowicie darmowy.<\/p>\n<h2>Kluczowe cechy Chatib<\/h2>\n<p>Chatib mo\u017ce wygl\u0105da\u0107 prosto, ale jest pe\u0142en przydatnych funkcji, kt\u00f3re sprawiaj\u0105, \u017ce jest to jeden z najbardziej elastycznych i przyjaznych czat\u00f3w w sieci.<\/p>\n<h3>1. Nie wymaga rejestracji ani pobierania<\/h3>\n<p>Sercem atrakcyjno\u015bci Chatib jest jego natychmiastowe, bezproblemowe wej\u015bcie. Do podstawowego u\u017cytkowania nie jest wymagana rejestracja konta:<\/p>\n<ul>\n<li>Wybierz pseudonim<\/li>\n<li>Wybierz p\u0142e\u0107 i przedzia\u0142 wiekowy<\/li>\n<li>Wybierz chatroom (wed\u0142ug tematu lub kraju)<\/li>\n<li>Zg\u00f3d\u017a si\u0119 na warunki i jeste\u015b w grze!<\/li>\n<\/ul>\n<p>Nie s\u0105 gromadzone \u017cadne wiadomo\u015bci e-mail, numery telefon\u00f3w ani dane osobowe u\u017cytkownik\u00f3w-go\u015bci.<\/p>\n<h3>2. Publiczne czaty wed\u0142ug tematu i regionu<\/h3>\n<p>Chatib oferuje szerok\u0105 gam\u0119 otwartych czat\u00f3w, zorganizowanych wed\u0142ug:<\/p>\n<ul>\n<li>Kraj\/region: np. USA, Wielka Brytania, Indie, Filipiny, RPA i wiele innych.<\/li>\n<li>Zainteresowanie\/temat: np. single, nastolatki, muzyka, randki, sport, edukacja, flirt itp.<\/li>\n<\/ul>\n<p>Dzi\u0119ki temu mo\u017cesz do\u0142\u0105czy\u0107 do pokoju, kt\u00f3ry odpowiada Twoim zainteresowaniom lub preferowanemu j\u0119zykowi, co u\u0142atwia nawi\u0105zywanie kontakt\u00f3w z podobnie my\u015bl\u0105cymi lud\u017ami z ca\u0142ego \u015bwiata.<\/p>\n<h3>3. Prywatny czat jeden na jednego<\/h3>\n<p>Je\u015bli klikniesz kogo\u015b w pokoju publicznym, mo\u017cesz natychmiast zaprosi\u0107 go do prywatnego okna czatu jeden na jednego. Tutaj rozmowa jest widoczna tylko dla Ciebie i Twojego rozm\u00f3wcy, co zapewnia prywatno\u015b\u0107, umo\u017cliwiaj\u0105c bardziej otwart\u0105 rozmow\u0119 lub lepsze poznanie si\u0119.<\/p>\n<h3>4. Lista znajomych i blokowanie<\/h3>\n<p>Osoby, kt\u00f3re utworz\u0105 bezp\u0142atne konto Chatib (opcjonalnie), mog\u0105 dodawa\u0107 u\u017cytkownik\u00f3w do listy znajomych w celu szybkiego ponownego po\u0142\u0105czenia, blokowa\u0107 niechcianych u\u017cytkownik\u00f3w i zarz\u0105dza\u0107 prywatnymi rozmowami. Narz\u0119dzia do blokowania i raportowania pomagaj\u0105 zachowa\u0107 bezpiecze\u0144stwo i szacunek.<\/p>\n<h3>5. Mobile-First Design<\/h3>\n<p>Chatib dzia\u0142a p\u0142ynnie w ka\u017cdej przegl\u0105darce mobilnej, automatycznie dostosowuj\u0105c si\u0119 do rozmiaru ekranu. Nie potrzebujesz dedykowanej aplikacji - po prostu odwied\u017a Chatib.com na swoim telefonie lub tablecie i zacznij czatowa\u0107. Interfejs jest lekki, szybko si\u0119 \u0142aduje i zu\u017cywa niewiele danych.<\/p>\n<h3>6. Filtry j\u0119zyka i kraju<\/h3>\n<p>Mo\u017cesz \u0142atwo filtrowa\u0107 czaty lub wyszukiwa\u0107 u\u017cytkownik\u00f3w wed\u0142ug j\u0119zyka i kraju, co \u015bwietnie nadaje si\u0119 do \u0107wiczenia j\u0119zyka, poznawania miejscowych lub \u0142\u0105czenia si\u0119 z osobami z okre\u015blonych kultur lub region\u00f3w.<\/p>\n<h3>7. Podstawowe profile u\u017cytkownik\u00f3w<\/h3>\n<p>Dla zarejestrowanych u\u017cytkownik\u00f3w, Chatib umo\u017cliwia skonfigurowanie podstawowego profilu ze zdj\u0119ciem, pseudonimem, krajem i kr\u00f3tkim opisem. U\u0142atwia to znajomym rozpoznanie u\u017cytkownika lub pozwala innym u\u017cytkownikom dowiedzie\u0107 si\u0119 nieco o tym, z kim rozmawiaj\u0105 na czacie.<\/p>\n<h3>8. Emoji, naklejki i udost\u0119pnianie multimedi\u00f3w<\/h3>\n<p>Aby o\u017cywi\u0107 rozmowy, Chatib obs\u0142uguje:<\/p>\n<ul>\n<li>Pakiety emotikon\u00f3w i naklejek<\/li>\n<li>Podstawowe udost\u0119pnianie obraz\u00f3w (z zastrze\u017ceniem moderacji)<\/li>\n<li>Zabawne, wyraziste formatowanie tekstu<\/li>\n<\/ul>\n<p>Sprawia to, \u017ce rozmowa jest bardziej wci\u0105gaj\u0105ca i pomaga prze\u0142ama\u0107 lody z nowymi osobami.<\/p>\n<h2>Jak korzysta\u0107 z Chatib<\/h2>\n<p>Najwi\u0119ksz\u0105 zalet\u0105 Chatib jest jego dost\u0119pno\u015b\u0107. Oto jak rozpocz\u0105\u0107 prac\u0119 w mniej ni\u017c minut\u0119:<\/p>\n<h3>Krok 1: Przejd\u017a do strony Chatib.com<\/h3>\n<p>Odwied\u017a chatib.com w dowolnej przegl\u0105darce (na komputerze, tablecie lub telefonie kom\u00f3rkowym).<\/p>\n<h3>Krok 2: Wybierz pseudonim i szczeg\u00f3\u0142y<\/h3>\n<p>Wprowad\u017a pseudonim, wybierz p\u0142e\u0107 i grup\u0119 wiekow\u0105 oraz kraj. Mo\u017cesz u\u017cy\u0107 pseudonimu, aby zapewni\u0107 sobie maksymaln\u0105 prywatno\u015b\u0107.<\/p>\n<h3>Krok 3: Wybierz pok\u00f3j rozm\u00f3w<\/h3>\n<p>Przewijaj dost\u0119pne czaty, uporz\u0105dkowane wed\u0142ug kraju i tematu. Kliknij, aby do\u0142\u0105czy\u0107 do tego, kt\u00f3ry Ci\u0119 interesuje.<\/p>\n<h3>Krok 4: Rozpocznij czat<\/h3>\n<p>Po wej\u015bciu do pokoju wystarczy wpisa\u0107 wiadomo\u015b\u0107 i do\u0142\u0105czy\u0107 do publicznej rozmowy. Mo\u017cesz wysy\u0142a\u0107 prywatne zaproszenia do czatu, klikaj\u0105c nazw\u0119 u\u017cytkownika.<\/p>\n<h3>Krok 5: (Opcjonalnie) Zarejestruj si\u0119, aby uzyska\u0107 wi\u0119cej funkcji<\/h3>\n<p>Utw\u00f3rz bezp\u0142atne konto, aby odblokowa\u0107 listy znajomych, histori\u0119 czat\u00f3w, udost\u0119pnianie multimedi\u00f3w i ulepszon\u0105 kontrol\u0119 moderacji.<\/p>\n<h2>Wra\u017cenia u\u017cytkownika na Chatib<\/h2>\n<p>Chatib jest uwielbiany za sw\u00f3j oldschoolowy, bezsensowny klimat czatu. Wszystko zosta\u0142o zaprojektowane z my\u015bl\u0105 o szybkim dost\u0119pie, anonimowo\u015bci i \u0142atwym czatowaniu - bez dodatkowego puchu.<\/p>\n<h3>Co kochaj\u0105 u\u017cytkownicy<\/h3>\n<ul>\n<li>Do podstawowego czatowania nie jest wymagana rejestracja<\/li>\n<li>Dziesi\u0105tki czat\u00f3w do wyboru (wed\u0142ug zainteresowa\u0144 i regionu)<\/li>\n<li>\u0141atwy prywatny czat i zarz\u0105dzanie znajomymi<\/li>\n<li>Kompatybilno\u015b\u0107 z przegl\u0105darkami mobilnymi<\/li>\n<li>Szybkie \u0142adowanie i minimalna liczba reklam<\/li>\n<li>Zabawna spo\u0142eczno\u015b\u0107 ze sta\u0142ymi bywalcami i nowicjuszami<\/li>\n<\/ul>\n<h3>Gdzie Chatib mo\u017ce si\u0119 poprawi\u0107<\/h3>\n<ul>\n<li>Sporadyczny spam lub trolling, zw\u0142aszcza w zat\u0142oczonych pokojach publicznych.<\/li>\n<li>Brak czatu wideo i po\u0142\u0105cze\u0144 g\u0142osowych<\/li>\n<li>Ograniczona moderacja w mniejszych pomieszczeniach<\/li>\n<li>Kilka reklam w darmowej wersji<\/li>\n<li>Udost\u0119pnianie multimedi\u00f3w jest ograniczone i monitorowane pod k\u0105tem bezpiecze\u0144stwa<\/li>\n<\/ul>\n<h3>Rzeczywiste opinie u\u017cytkownik\u00f3w<\/h3>\n<blockquote><p>\"Przypomina mi klasyczne czaty Yahoo - ale na moim telefonie. Uwielbiam to, \u017ce mog\u0119 do\u0142\u0105czy\u0107 bez rejestracji!\"<br \/>\n- <em>Tina V., Sitejabber<\/em><\/p><\/blockquote>\n<blockquote><p>\"Pozna\u0142em tu kilku dobrych przyjaci\u00f3\u0142 z RPA i Brazylii. Czasami zdarzaj\u0105 si\u0119 dziwacy, ale przycisk blokowania dzia\u0142a\".<br \/>\n- <em>James L., Trustpilot<\/em><\/p><\/blockquote>\n<blockquote><p>\"Fajnie, \u017ce mo\u017cna rozmawia\u0107 prywatnie z ka\u017cdym, ale szkoda, \u017ce nie ma opcji wideo. Mimo to, jak na zwyk\u0142y czat, jest \u015bwietny\".<br \/>\n- <em>Priya M., Google Play Review<\/em><\/p><\/blockquote>\n<h2>Chatib vs inne platformy czatu<\/h2>\n<p>Zobaczmy, jak Chatib wypada na tle konkurencji:<\/p>\n<table>\n<thead>\n<tr>\n<th>Cecha<\/th>\n<th>Chatib<\/th>\n<th>Chatiw<\/th>\n<th>Omegle<\/th>\n<th>Camfrog<\/th>\n<th>ChatHub<\/th>\n<th>Thundr<\/th>\n<\/tr>\n<\/thead>\n<tbody>\n<tr>\n<td>Anonimowy czat<\/td>\n<td>Tak<\/td>\n<td>Tak<\/td>\n<td>Tak<\/td>\n<td>Go\u015b\u0107<\/td>\n<td>Tak<\/td>\n<td>Tak<\/td>\n<\/tr>\n<tr>\n<td>Rejestracja nie jest wymagana<\/td>\n<td>Tak<\/td>\n<td>Tak<\/td>\n<td>Tak<\/td>\n<td>Opcjonalnie<\/td>\n<td>Tak<\/td>\n<td>Tak<\/td>\n<\/tr>\n<tr>\n<td>Czat tekstowy<\/td>\n<td>Tak<\/td>\n<td>Tak<\/td>\n<td>Tak<\/td>\n<td>Tak<\/td>\n<td>Tak<\/td>\n<td>Tak<\/td>\n<\/tr>\n<tr>\n<td>Czat wideo<\/td>\n<td>Nie<\/td>\n<td>Nie<\/td>\n<td>Tak<\/td>\n<td>Tak<\/td>\n<td>Tak<\/td>\n<td>Tak<\/td>\n<\/tr>\n<tr>\n<td>Pokoje rozm\u00f3w grupowych<\/td>\n<td>Tak<\/td>\n<td>Tak<\/td>\n<td>Nie<\/td>\n<td>Tak<\/td>\n<td>Nie<\/td>\n<td>Nie<\/td>\n<\/tr>\n<tr>\n<td>Prywatne wiadomo\u015bci<\/td>\n<td>Tak<\/td>\n<td>Tak<\/td>\n<td>Tak<\/td>\n<td>Tak<\/td>\n<td>Tak<\/td>\n<td>Tak<\/td>\n<\/tr>\n<tr>\n<td>Zoptymalizowany pod k\u0105tem urz\u0105dze\u0144 mobilnych<\/td>\n<td>Tak<\/td>\n<td>Tak<\/td>\n<td>\u26a0\ufe0f Mieszane<\/td>\n<td>Tak<\/td>\n<td>Tak<\/td>\n<td>Tak<\/td>\n<\/tr>\n<tr>\n<td>Opcja profilu<\/td>\n<td>Opcjonalnie<\/td>\n<td>Opcjonalnie<\/td>\n<td>Nie<\/td>\n<td>Tak<\/td>\n<td>Tak<\/td>\n<td>Nie<\/td>\n<\/tr>\n<tr>\n<td>Media\/Emojis<\/td>\n<td>Tak<\/td>\n<td>Tak<\/td>\n<td>\u26a0\ufe0f Basic<\/td>\n<td>Tak<\/td>\n<td>Tak<\/td>\n<td>\u26a0\ufe0f Basic<\/td>\n<\/tr>\n<\/tbody>\n<\/table>\n<p>Podsumowanie: Chatib doskonale nadaje si\u0119 dla u\u017cytkownik\u00f3w poszukuj\u0105cych anonimowego, natychmiastowego i tematycznego czatu tekstowego, z \u017cywym systemem pokoi i przyjaznym dla urz\u0105dze\u0144 mobilnych interfejsem. Mniej tu wizualizacji czy randek, a wi\u0119cej czystej konwersacji.<\/p>\n<h2>Czy Chatib jest bezpieczny?<\/h2>\n<p>Chatib ci\u0119\u017cko pracuje, aby zapewni\u0107 bezpieczn\u0105 i przyjazn\u0105 przestrze\u0144 dla u\u017cytkownik\u00f3w - ale jak w przypadku ka\u017cdego otwartego czatu, konieczna jest osobista ostro\u017cno\u015b\u0107.<\/p>\n<h3>Funkcje bezpiecze\u0144stwa<\/h3>\n<ul>\n<li>Go\u015bcie nie musz\u0105 podawa\u0107 prawdziwego imienia i nazwiska ani adresu e-mail<\/li>\n<li>Funkcje blokowania i raportowania dla ka\u017cdego u\u017cytkownika<\/li>\n<li>Moderatorzy w du\u017cych\/publicznych pokojach<\/li>\n<li>Surowe zasady dotycz\u0105ce udost\u0119pniania danych osobowych, tre\u015bci o charakterze jednoznacznie seksualnym i n\u0119kania.<\/li>\n<li>Udost\u0119pnianie multimedi\u00f3w jest ograniczone, aby zapobiec nadu\u017cyciom<\/li>\n<\/ul>\n<h3>Wskaz\u00f3wki dotycz\u0105ce bezpiecznego czatowania<\/h3>\n<ul>\n<li>Nigdy nie udost\u0119pniaj swojego prawdziwego imienia i nazwiska, adresu, telefonu ani prywatnych danych.<\/li>\n<li>U\u017cyj unikalnego pseudonimu (nie prawdziwego).<\/li>\n<li>Przejd\u017a do czatu prywatnego tylko wtedy, gdy czujesz si\u0119 komfortowo<\/li>\n<li>Blokowanie\/zg\u0142aszanie os\u00f3b zachowuj\u0105cych si\u0119 niew\u0142a\u015bciwie<\/li>\n<li>Nie klikaj podejrzanych link\u00f3w ani nie pobieraj plik\u00f3w.<\/li>\n<li>Wyloguj si\u0119 i wyczy\u015b\u0107 histori\u0119 czatu, je\u015bli korzystasz ze wsp\u00f3\u0142dzielonego\/publicznego urz\u0105dzenia.<\/li>\n<\/ul>\n<h2>Wskaz\u00f3wki, jak najlepiej wykorzysta\u0107 Chatib<\/h2>\n<ul>\n<li>Wypr\u00f3buj pokoje mi\u0119dzynarodowe: Poznaj ludzi z r\u00f3\u017cnych kultur i \u0107wicz nowe j\u0119zyki<\/li>\n<li>Znajd\u017a sw\u00f3j temat: Od sportu po singli - do\u0142\u0105cz do pokoju, kt\u00f3ry odpowiada Twoim zainteresowaniom<\/li>\n<li>B\u0105d\u017a przyjazny: Zwyk\u0142e \"cze\u015b\u0107\" mo\u017ce rozpocz\u0105\u0107 \u015bwietn\u0105 rozmow\u0119<\/li>\n<li>B\u0105d\u017a otwarty: Spodziewaj si\u0119 r\u00f3\u017cnych osobowo\u015bci, od zalotnych po filozoficzne.<\/li>\n<li>B\u0105d\u017a mobilny: Chatib dzia\u0142a \u015bwietnie na telefonach i tabletach, wi\u0119c pozosta\u0144 w kontakcie, gdziekolwiek jeste\u015b<\/li>\n<li>Korzystaj z narz\u0119dzi do blokowania\/raportowania: Chro\u0144 sw\u00f3j czat jednym klikni\u0119ciem<\/li>\n<\/ul>\n<h2>Rozwi\u0105zywanie typowych problem\u00f3w z Chatib<\/h2>\n<h3>Nie mo\u017cna po\u0142\u0105czy\u0107 si\u0119 z pokojem<\/h3>\n<p>Rozwi\u0105zanie: Od\u015bwie\u017c stron\u0119, sprawd\u017a po\u0142\u0105czenie internetowe lub wypr\u00f3buj inn\u0105 przegl\u0105dark\u0119.<\/p>\n<h3>Zbyt du\u017co spamu lub bot\u00f3w<\/h3>\n<p>Rozwi\u0105zanie: Trzymaj si\u0119 pokoj\u00f3w z aktywn\u0105 moderacj\u0105 i korzystaj z funkcji blokowania\/raportowania.<\/p>\n<h3>Prywatny czat nie dzia\u0142a<\/h3>\n<p>Rozwi\u0105zanie: Drugi u\u017cytkownik m\u00f3g\u0142 wy\u0142\u0105czy\u0107 czat prywatny; spr\u00f3buj ponownie lub wybierz innego u\u017cytkownika.<\/p>\n<h3>Nie mo\u017cna wysy\u0142a\u0107 obraz\u00f3w<\/h3>\n<p>Upewnij si\u0119, \u017ce jeste\u015b zarejestrowany i post\u0119puj zgodnie z wytycznymi dotycz\u0105cymi przesy\u0142ania obraz\u00f3w. Unikaj wysy\u0142ania prywatnych obraz\u00f3w.<\/p>\n<h3>Aplikacja lub witryna dzia\u0142a wolno<\/h3>\n<p>Zamknij karty w tle, sprawd\u017a po\u0142\u0105czenie lub spr\u00f3buj prze\u0142\u0105czy\u0107 si\u0119 z telefonu kom\u00f3rkowego na komputer (lub odwrotnie).<\/p>\n<h2>Przemy\u015blenia ko\u0144cowe: Czy warto u\u017cywa\u0107 Chatib?<\/h2>\n<p>Absolutnie - dla ka\u017cdego, kto ceni sobie nostalgi\u0119 czat\u00f3w, szybk\u0105 anonimow\u0105 konwersacj\u0119 i prawdziw\u0105 globaln\u0105 spo\u0142eczno\u015b\u0107. Chatib to najlepszy wyb\u00f3r do czystego, tekstowego czatowania. Nie ma tu presji, by ujawnia\u0107 swoj\u0105 to\u017csamo\u015b\u0107, nie trzeba czeka\u0107 na zatwierdzenie profilu ani korzysta\u0107 z kamer internetowych czy mikrofon\u00f3w. Chodzi o po\u0142\u0105czenie, rozmow\u0119 i odkrywanie.<\/p>\n<p>Niezale\u017cnie od tego, czy chcesz zabi\u0107 czas, pozna\u0107 nowych przyjaci\u00f3\u0142, po\u0107wiczy\u0107 j\u0119zyk, czy nawet znale\u017a\u0107 romans, Chatib zapewnia elastyczne, otwarte i zabawne \u015brodowisko czatu - dost\u0119pne w kilka sekund, na dowolnym urz\u0105dzeniu i zawsze za darmo.<\/p>\n<p>Chcesz do\u0142\u0105czy\u0107 do rozmowy?<br \/>\nOdwied\u017a chatib.com teraz, wybierz pok\u00f3j i zacznij czatowa\u0107. Nast\u0119pna osoba, kt\u00f3r\u0105 spotkasz, mo\u017ce by\u0107 Twoim nowym przyjacielem z ca\u0142ego \u015bwiata.<\/p>","protected":false},"excerpt":{"rendered":"<p>As online communication keeps evolving, there\u2019s an undeniable appeal to platforms that strip away complexity and put real, spontaneous conversation at the center. Chatib is one of those platforms \u2014 a throwback to the golden era of online chatrooms, but updated for the modern web. If you want to meet new people, make friends, or [&hellip;]<\/p>\n","protected":false},"author":6,"featured_media":0,"parent":0,"menu_order":0,"comment_status":"closed","ping_status":"closed","template":"","meta":{"footnotes":""},"class_list":["post-8647","page","type-page","status-publish","hentry"],"yoast_head":"<!-- This site is optimized with the Yoast SEO plugin v27.6 - https:\/\/yoast.com\/product\/yoast-seo-wordpress\/ -->\n<title>Chatib - Chat Online With No Registration - TinyChat.com<\/title>\n<meta name=\"description\" content=\"Enjoying Chatib? Join over 50,000,000 strangers on TinyChat! Turn on your cam and start meeting new people, or find a match.\" \/>\n<meta name=\"robots\" content=\"index, follow, max-snippet:-1, max-image-preview:large, max-video-preview:-1\" \/>\n<link rel=\"canonical\" href=\"https:\/\/tinychat.com\/pl\/chatib\/\" \/>\n<meta property=\"og:locale\" content=\"pl_PL\" \/>\n<meta property=\"og:type\" content=\"article\" \/>\n<meta property=\"og:title\" content=\"Chatib - Chat Online With No Registration - TinyChat.com\" \/>\n<meta property=\"og:description\" content=\"Enjoying Chatib? Join over 50,000,000 strangers on TinyChat! Turn on your cam and start meeting new people, or find a match.\" \/>\n<meta property=\"og:url\" content=\"https:\/\/tinychat.com\/pl\/chatib\/\" \/>\n<meta property=\"og:site_name\" content=\"TinyChat\" \/>\n<meta property=\"article:publisher\" content=\"https:\/\/www.facebook.com\/tinychat\" \/>\n<meta property=\"article:modified_time\" content=\"2025-07-07T16:18:24+00:00\" \/>\n<meta property=\"og:image\" content=\"https:\/\/tinychat.com\/wp-content\/uploads\/2020\/04\/Tinychat-logo-1280x284-new-black.png\" \/>\n\t<meta property=\"og:image:width\" content=\"1280\" \/>\n\t<meta property=\"og:image:height\" content=\"284\" \/>\n\t<meta property=\"og:image:type\" content=\"image\/png\" \/>\n<meta name=\"twitter:card\" content=\"summary_large_image\" \/>\n<meta name=\"twitter:site\" content=\"@tinychat\" \/>\n<meta name=\"twitter:label1\" content=\"Szacowany czas czytania\" \/>\n\t<meta name=\"twitter:data1\" content=\"7 minut\" \/>\n<script type=\"application\/ld+json\" class=\"yoast-schema-graph\">{\"@context\":\"https:\\\/\\\/schema.org\",\"@graph\":[{\"@type\":\"WebPage\",\"@id\":\"https:\\\/\\\/tinychat.com\\\/chatib\\\/\",\"url\":\"https:\\\/\\\/tinychat.com\\\/chatib\\\/\",\"name\":\"Chatib - Chat Online With No Registration - TinyChat.com\",\"isPartOf\":{\"@id\":\"https:\\\/\\\/tinychat.com\\\/#website\"},\"datePublished\":\"2025-05-26T07:38:47+00:00\",\"dateModified\":\"2025-07-07T16:18:24+00:00\",\"description\":\"Enjoying Chatib? Join over 50,000,000 strangers on TinyChat! Turn on your cam and start meeting new people, or find a match.\",\"breadcrumb\":{\"@id\":\"https:\\\/\\\/tinychat.com\\\/chatib\\\/#breadcrumb\"},\"inLanguage\":\"pl-PL\",\"potentialAction\":[{\"@type\":\"ReadAction\",\"target\":[\"https:\\\/\\\/tinychat.com\\\/chatib\\\/\"]}]},{\"@type\":\"BreadcrumbList\",\"@id\":\"https:\\\/\\\/tinychat.com\\\/chatib\\\/#breadcrumb\",\"itemListElement\":[{\"@type\":\"ListItem\",\"position\":1,\"name\":\"Home\",\"item\":\"https:\\\/\\\/tinychat.com\\\/\"},{\"@type\":\"ListItem\",\"position\":2,\"name\":\"Chatib\"}]},{\"@type\":\"WebSite\",\"@id\":\"https:\\\/\\\/tinychat.com\\\/#website\",\"url\":\"https:\\\/\\\/tinychat.com\\\/\",\"name\":\"TinyChat\",\"description\":\"Random Video Chat with Strangers\",\"publisher\":{\"@id\":\"https:\\\/\\\/tinychat.com\\\/#organization\"},\"alternateName\":\"TinyChat.com\",\"potentialAction\":[{\"@type\":\"SearchAction\",\"target\":{\"@type\":\"EntryPoint\",\"urlTemplate\":\"https:\\\/\\\/tinychat.com\\\/?s={search_term_string}\"},\"query-input\":{\"@type\":\"PropertyValueSpecification\",\"valueRequired\":true,\"valueName\":\"search_term_string\"}}],\"inLanguage\":\"pl-PL\"},{\"@type\":\"Organization\",\"@id\":\"https:\\\/\\\/tinychat.com\\\/#organization\",\"name\":\"TinyChat\",\"alternateName\":\"TinyChat.com\",\"url\":\"https:\\\/\\\/tinychat.com\\\/\",\"logo\":{\"@type\":\"ImageObject\",\"inLanguage\":\"pl-PL\",\"@id\":\"https:\\\/\\\/tinychat.com\\\/#\\\/schema\\\/logo\\\/image\\\/\",\"url\":\"https:\\\/\\\/tinychat.com\\\/wp-content\\\/uploads\\\/2023\\\/11\\\/Tinychat-icon-square.png\",\"contentUrl\":\"https:\\\/\\\/tinychat.com\\\/wp-content\\\/uploads\\\/2023\\\/11\\\/Tinychat-icon-square.png\",\"width\":284,\"height\":284,\"caption\":\"TinyChat\"},\"image\":{\"@id\":\"https:\\\/\\\/tinychat.com\\\/#\\\/schema\\\/logo\\\/image\\\/\"},\"sameAs\":[\"https:\\\/\\\/www.facebook.com\\\/tinychat\",\"https:\\\/\\\/x.com\\\/tinychat\"]}]}<\/script>\n<!-- \/ Yoast SEO plugin. -->","yoast_head_json":{"title":"Chatib - Czat online bez rejestracji - TinyChat.com","description":"Korzystasz z Chatib? Do\u0142\u0105cz do ponad 50 000 000 nieznajomych na TinyChat! W\u0142\u0105cz kamer\u0119 i zacznij poznawa\u0107 nowych ludzi lub znajd\u017a partnera.","robots":{"index":"index","follow":"follow","max-snippet":"max-snippet:-1","max-image-preview":"max-image-preview:large","max-video-preview":"max-video-preview:-1"},"canonical":"https:\/\/tinychat.com\/pl\/chatib\/","og_locale":"pl_PL","og_type":"article","og_title":"Chatib - Chat Online With No Registration - TinyChat.com","og_description":"Enjoying Chatib? Join over 50,000,000 strangers on TinyChat! Turn on your cam and start meeting new people, or find a match.","og_url":"https:\/\/tinychat.com\/pl\/chatib\/","og_site_name":"TinyChat","article_publisher":"https:\/\/www.facebook.com\/tinychat","article_modified_time":"2025-07-07T16:18:24+00:00","og_image":[{"width":1280,"height":284,"url":"https:\/\/tinychat.com\/wp-content\/uploads\/2020\/04\/Tinychat-logo-1280x284-new-black.png","type":"image\/png"}],"twitter_card":"summary_large_image","twitter_site":"@tinychat","twitter_misc":{"Szacowany czas czytania":"7 minut"},"schema":{"@context":"https:\/\/schema.org","@graph":[{"@type":"WebPage","@id":"https:\/\/tinychat.com\/chatib\/","url":"https:\/\/tinychat.com\/chatib\/","name":"Chatib - Czat online bez rejestracji - TinyChat.com","isPartOf":{"@id":"https:\/\/tinychat.com\/#website"},"datePublished":"2025-05-26T07:38:47+00:00","dateModified":"2025-07-07T16:18:24+00:00","description":"Korzystasz z Chatib? Do\u0142\u0105cz do ponad 50 000 000 nieznajomych na TinyChat! W\u0142\u0105cz kamer\u0119 i zacznij poznawa\u0107 nowych ludzi lub znajd\u017a partnera.","breadcrumb":{"@id":"https:\/\/tinychat.com\/chatib\/#breadcrumb"},"inLanguage":"pl-PL","potentialAction":[{"@type":"ReadAction","target":["https:\/\/tinychat.com\/chatib\/"]}]},{"@type":"BreadcrumbList","@id":"https:\/\/tinychat.com\/chatib\/#breadcrumb","itemListElement":[{"@type":"ListItem","position":1,"name":"Home","item":"https:\/\/tinychat.com\/"},{"@type":"ListItem","position":2,"name":"Chatib"}]},{"@type":"WebSite","@id":"https:\/\/tinychat.com\/#website","url":"https:\/\/tinychat.com\/","name":"TinyChat","description":"Losowy czat wideo z nieznajomymi","publisher":{"@id":"https:\/\/tinychat.com\/#organization"},"alternateName":"TinyChat.com","potentialAction":[{"@type":"SearchAction","target":{"@type":"EntryPoint","urlTemplate":"https:\/\/tinychat.com\/?s={search_term_string}"},"query-input":{"@type":"PropertyValueSpecification","valueRequired":true,"valueName":"search_term_string"}}],"inLanguage":"pl-PL"},{"@type":"Organization","@id":"https:\/\/tinychat.com\/#organization","name":"TinyChat","alternateName":"TinyChat.com","url":"https:\/\/tinychat.com\/","logo":{"@type":"ImageObject","inLanguage":"pl-PL","@id":"https:\/\/tinychat.com\/#\/schema\/logo\/image\/","url":"https:\/\/tinychat.com\/wp-content\/uploads\/2023\/11\/Tinychat-icon-square.png","contentUrl":"https:\/\/tinychat.com\/wp-content\/uploads\/2023\/11\/Tinychat-icon-square.png","width":284,"height":284,"caption":"TinyChat"},"image":{"@id":"https:\/\/tinychat.com\/#\/schema\/logo\/image\/"},"sameAs":["https:\/\/www.facebook.com\/tinychat","https:\/\/x.com\/tinychat"]}]}},"_links":{"self":[{"href":"https:\/\/tinychat.com\/pl\/wp-json\/wp\/v2\/pages\/8647","targetHints":{"allow":["GET"]}}],"collection":[{"href":"https:\/\/tinychat.com\/pl\/wp-json\/wp\/v2\/pages"}],"about":[{"href":"https:\/\/tinychat.com\/pl\/wp-json\/wp\/v2\/types\/page"}],"author":[{"embeddable":true,"href":"https:\/\/tinychat.com\/pl\/wp-json\/wp\/v2\/users\/6"}],"replies":[{"embeddable":true,"href":"https:\/\/tinychat.com\/pl\/wp-json\/wp\/v2\/comments?post=8647"}],"version-history":[{"count":3,"href":"https:\/\/tinychat.com\/pl\/wp-json\/wp\/v2\/pages\/8647\/revisions"}],"predecessor-version":[{"id":13291,"href":"https:\/\/tinychat.com\/pl\/wp-json\/wp\/v2\/pages\/8647\/revisions\/13291"}],"wp:attachment":[{"href":"https:\/\/tinychat.com\/pl\/wp-json\/wp\/v2\/media?parent=8647"}],"curies":[{"name":"wp","href":"https:\/\/api.w.org\/{rel}","templated":true}]}}