{"id":8689,"date":"2025-10-21T11:18:47","date_gmt":"2025-10-21T09:18:47","guid":{"rendered":"https:\/\/tinychat.com\/?page_id=8689"},"modified":"2025-10-21T13:17:16","modified_gmt":"2025-10-21T11:17:16","slug":"chathour","status":"publish","type":"page","link":"https:\/\/tinychat.com\/pl\/chathour\/","title":{"rendered":"ChatHour"},"content":{"rendered":"<p>W czasach zdominowanych przez algorytmy medi\u00f3w spo\u0142eczno\u015bciowych i aplikacje randkowe, ChatHour oferuje od\u015bwie\u017caj\u0105cy powr\u00f3t do korzeni komunikacji online - czat\u00f3w. Jest to platforma, kt\u00f3ra celebruje sztuk\u0119 konwersacji, gdzie ludzie spotykaj\u0105 si\u0119 nie poprzez swipy lub wyselekcjonowane kana\u0142y, ale poprzez wsp\u00f3lne zainteresowania i spontaniczne interakcje.<\/p>\n<p>Z tysi\u0105cami aktywnych u\u017cytkownik\u00f3w w r\u00f3\u017cnych tematycznych pokojach czatowych, ChatHour s\u0142u\u017cy jako hybryda mi\u0119dzy klasycznym do\u015bwiadczeniem czatu a nowoczesnym networkingiem online. Niezale\u017cnie od tego, czy chcesz nawi\u0105za\u0107 znajomo\u015bci, odkrywa\u0107 ulubione tematy, czy po prostu sp\u0119dzi\u0107 czas na czacie z nowymi lud\u017ami, ChatHour sprawia, \u017ce jest to \u0142atwe, szybkie i zaskakuj\u0105co wci\u0105gaj\u0105ce.<\/p>\n<p>Niniejsza recenzja wyja\u015bnia, czym jest ChatHour, jak dzia\u0142a, jakie s\u0105 jego wyj\u0105tkowe funkcje, wra\u017cenia u\u017cytkownika, por\u00f3wnania z konkurencj\u0105, wskaz\u00f3wki dotycz\u0105ce bezpiecze\u0144stwa i dlaczego nadal przyci\u0105ga lojaln\u0105 publiczno\u015b\u0107 na ca\u0142ym \u015bwiecie.<\/p>\n<h2>Co to jest ChatHour?<\/h2>\n<p>ChatHour to bezp\u0142atna platforma czatu online, kt\u00f3ra \u0142\u0105czy u\u017cytkownik\u00f3w za po\u015brednictwem publicznych czat\u00f3w i prywatnych rozm\u00f3w. Nie opiera si\u0119 na losowym parowaniu wideo, jak Omegle czy Chatroulette - zamiast tego daje u\u017cytkownikom wyb\u00f3r. Mo\u017cesz do\u0142\u0105czy\u0107 do tematycznych pokoj\u00f3w rozm\u00f3w, uczestniczy\u0107 w dyskusjach grupowych lub inicjowa\u0107 prywatne czaty z osobami, kt\u00f3re podzielaj\u0105 twoje zainteresowania.<\/p>\n<p>Uruchomiony w po\u0142owie 2000 roku, ChatHour utrzyma\u0142 siln\u0105 baz\u0119 u\u017cytkownik\u00f3w dzi\u0119ki swojej prostocie, szerokiemu zakresowi temat\u00f3w czatu i naciskowi na komunikacj\u0119 tekstow\u0105. Dla tych, kt\u00f3rzy wol\u0105 rozmawia\u0107 bez presji kamery, pozostaje jedn\u0105 z najbardziej aktywnych spo\u0142eczno\u015bci czat\u00f3w tekstowych online.<\/p>\n<h2>Kluczowe cechy ChatHour<\/h2>\n<p>ChatHour wyr\u00f3\u017cnia si\u0119 r\u00f3wnowag\u0105 oldschoolowego uroku i nowoczesnej u\u017cyteczno\u015bci. Jego podstawowe funkcje opieraj\u0105 si\u0119 na elastyczno\u015bci i \u0142atwo\u015bci komunikacji.<\/p>\n<h3>1. Tematyczne czaty publiczne<\/h3>\n<ul>\n<li>Do\u0142\u0105cz do tysi\u0119cy czat\u00f3w opartych na zainteresowaniach, takich jak muzyka, podr\u00f3\u017ce, sport, zwi\u0105zki lub lokalne obszary.<\/li>\n<li>Czaty s\u0105 aktywne 24\/7 z u\u017cytkownikami z ca\u0142ego \u015bwiata.<\/li>\n<li>Stw\u00f3rz w\u0142asny pok\u00f3j, je\u015bli nie mo\u017cesz znale\u017a\u0107 odpowiedniego tematu.<\/li>\n<\/ul>\n<h3>2. Prywatne wiadomo\u015bci<\/h3>\n<ul>\n<li>Rozpocznij czaty jeden na jednego z u\u017cytkownikami poznanymi w pokojach publicznych.<\/li>\n<li>Kontynuuj rozmowy prywatnie bez opuszczania platformy.<\/li>\n<\/ul>\n<h3>3. Profile u\u017cytkownik\u00f3w<\/h3>\n<ul>\n<li>Stw\u00f3rz prosty profil ze zdj\u0119ciami i kr\u00f3tk\u0105 biografi\u0105.<\/li>\n<li>Pomaga innym pozna\u0107 Twoje zainteresowania i rozpocz\u0105\u0107 warto\u015bciowe rozmowy.<\/li>\n<\/ul>\n<h3>4. Kompatybilno\u015b\u0107 z urz\u0105dzeniami mobilnymi i stacjonarnymi<\/h3>\n<ul>\n<li>Dzia\u0142a p\u0142ynnie zar\u00f3wno w przegl\u0105darkach internetowych, jak i na urz\u0105dzeniach mobilnych.<\/li>\n<li>Nie ma potrzeby pobierania aplikacji, ale u\u017cytkownicy mobilni mog\u0105 doda\u0107 zak\u0142adk\u0119 do strony, aby uzyska\u0107 szybki dost\u0119p.<\/li>\n<\/ul>\n<h3>5. Wyszukiwanie i filtry<\/h3>\n<ul>\n<li>Wyszukuj osoby wed\u0142ug nazwy u\u017cytkownika, p\u0142ci lub lokalizacji.<\/li>\n<li>Filtry pomagaj\u0105 znale\u017a\u0107 czaty lub u\u017cytkownik\u00f3w pasuj\u0105cych do Twoich zainteresowa\u0144.<\/li>\n<\/ul>\n<h3>6. Bezp\u0142atny dost\u0119p<\/h3>\n<ul>\n<li>Podstawowe funkcje s\u0105 ca\u0142kowicie bezp\u0142atne.<\/li>\n<li>Brak ukrytych zap\u00f3r lub pu\u0142apek subskrypcji premium.<\/li>\n<\/ul>\n<h3>7. Niestandardowe pokoje rozm\u00f3w<\/h3>\n<ul>\n<li>Zarejestrowani u\u017cytkownicy mog\u0105 tworzy\u0107 w\u0142asne publiczne lub prywatne pokoje rozm\u00f3w.<\/li>\n<li>Narz\u0119dzia moderacyjne pomagaj\u0105 zarz\u0105dza\u0107 tym, kto mo\u017ce wzi\u0105\u0107 udzia\u0142 w konkursie.<\/li>\n<\/ul>\n<h2>Jak u\u017cywa\u0107 ChatHour<\/h2>\n<p>ChatHour zosta\u0142 zaprojektowany tak, aby by\u0142 prosty i \u0142atwy w u\u017cyciu dla ka\u017cdego, nawet bez wcze\u015bniejszego do\u015bwiadczenia w czatach.<\/p>\n<h3>Krok 1: Odwied\u017a stron\u0119 internetow\u0105 ChatHour<\/h3>\n<p>Otw\u00f3rz ChatHour w przegl\u0105darce na komputerze lub telefonie kom\u00f3rkowym.<\/p>\n<h3>Krok 2: Wybierz pok\u00f3j lub stw\u00f3rz go<\/h3>\n<p>Przejrzyj dost\u0119pne kategorie i do\u0142\u0105cz do pokoju, kt\u00f3ry Ci\u0119 interesuje lub stw\u00f3rz sw\u00f3j w\u0142asny chatroom.<\/p>\n<h3>Krok 3: Utw\u00f3rz profil (opcjonalnie)<\/h3>\n<p>Mo\u017cesz czatowa\u0107 jako go\u015b\u0107, ale utworzenie bezp\u0142atnego konta umo\u017cliwia przes\u0142anie zdj\u0119cia, zapisanie ulubionych pokoi i wysy\u0142anie prywatnych wiadomo\u015bci do u\u017cytkownik\u00f3w.<\/p>\n<h3>Krok 4: Rozpocznij czat<\/h3>\n<p>Wejd\u017a do dowolnego pokoju i do\u0142\u0105cz do rozmowy. W wi\u0119kszo\u015bci pokoj\u00f3w tocz\u0105 si\u0119 dyskusje, co u\u0142atwia do\u0142\u0105czenie do nich.<\/p>\n<h3>Krok 5: Po\u0142\u0105cz si\u0119 prywatnie<\/h3>\n<p>Je\u015bli znajdziesz kogo\u015b interesuj\u0105cego, mo\u017cesz rozpocz\u0105\u0107 prywatny czat jeden na jednego, aby uzyska\u0107 bardziej osobist\u0105 interakcj\u0119.<\/p>\n<p>Ca\u0142y proces zajmuje mniej ni\u017c minut\u0119 - bez pobierania, bez czekania, po prostu rozmowa.<\/p>\n<h2>Wra\u017cenia u\u017cytkownika na ChatHour<\/h2>\n<p>ChatHour zachowa\u0142 prostot\u0119, kt\u00f3ra sprawi\u0142a, \u017ce wczesne platformy czatowe, takie jak Yahoo! Chat lub IRC, sta\u0142y si\u0119 popularne, wprowadzaj\u0105c jednocze\u015bnie wystarczaj\u0105co du\u017co nowoczesnych funkcji, aby zachowa\u0107 aktualno\u015b\u0107.<\/p>\n<h3>Co lubi\u0105 u\u017cytkownicy<\/h3>\n<ul>\n<li>Ogromna r\u00f3\u017cnorodno\u015b\u0107 czat\u00f3w wed\u0142ug temat\u00f3w i region\u00f3w.<\/li>\n<li>Mo\u017cliwo\u015b\u0107 czatowania publicznie lub prywatnie.<\/li>\n<li>Prosty, bezsensowny interfejs.<\/li>\n<li>Dzia\u0142a na ka\u017cdym urz\u0105dzeniu.<\/li>\n<li>Aktywna baza u\u017cytkownik\u00f3w 24\/7.<\/li>\n<\/ul>\n<h3>Gdzie u\u017cytkownicy widz\u0105 pole do poprawy<\/h3>\n<ul>\n<li>Brak funkcji czatu wideo.<\/li>\n<li>Niekt\u00f3re czaty mog\u0105 by\u0107 nieaktywne w okre\u015blonych godzinach.<\/li>\n<li>Interfejs mo\u017ce wydawa\u0107 si\u0119 przestarza\u0142y dla m\u0142odszych u\u017cytkownik\u00f3w.<\/li>\n<li>Sporadyczni u\u017cytkownicy spamu w pomieszczeniach publicznych.<\/li>\n<\/ul>\n<p>Og\u00f3lnie rzecz bior\u0105c, do\u015bwiadczenie u\u017cytkownika jest nostalgiczne, ale niezawodne - przedk\u0142ada rozmow\u0119 nad krzykliwy design, przyci\u0105gaj\u0105c ludzi, kt\u00f3rzy ceni\u0105 sobie prostot\u0119 i znacz\u0105ce wymiany.<\/p>\n<h2>ChatHour vs. inne platformy czatu<\/h2>\n<p>Oto jak ChatHour wypada na tle innych platform czatowych i spo\u0142eczno\u015bciowych:<\/p>\n<table>\n<thead>\n<tr>\n<th>Cecha<\/th>\n<th>ChatHour<\/th>\n<th>Omegle<\/th>\n<th>Chatroulette<\/th>\n<th>ChatHub<\/th>\n<th>Wireclub<\/th>\n<th>Paltalk<\/th>\n<\/tr>\n<\/thead>\n<tbody>\n<tr>\n<td>Publiczne czaty<\/td>\n<td>Tak<\/td>\n<td>Nie<\/td>\n<td>Nie<\/td>\n<td>Nie<\/td>\n<td>Tak<\/td>\n<td>Tak<\/td>\n<\/tr>\n<tr>\n<td>Prywatne wiadomo\u015bci<\/td>\n<td>Tak<\/td>\n<td>Nie<\/td>\n<td>Nie<\/td>\n<td>Tak<\/td>\n<td>Tak<\/td>\n<td>Tak<\/td>\n<\/tr>\n<tr>\n<td>Profile u\u017cytkownik\u00f3w<\/td>\n<td>Tak<\/td>\n<td>Nie<\/td>\n<td>Nie<\/td>\n<td>Tak<\/td>\n<td>Tak<\/td>\n<td>Tak<\/td>\n<\/tr>\n<tr>\n<td>Czat wideo<\/td>\n<td>Nie<\/td>\n<td>Tak<\/td>\n<td>Tak<\/td>\n<td>Tak<\/td>\n<td>Tak<\/td>\n<td>Tak<\/td>\n<\/tr>\n<tr>\n<td>Czat g\u0142osowy<\/td>\n<td>Nie<\/td>\n<td>Nie<\/td>\n<td>Nie<\/td>\n<td>Nie<\/td>\n<td>Ograniczony<\/td>\n<td>Tak<\/td>\n<\/tr>\n<tr>\n<td>Anonimowo\u015b\u0107<\/td>\n<td>Umiarkowany<\/td>\n<td>Silny<\/td>\n<td>Silny<\/td>\n<td>Umiarkowany<\/td>\n<td>Umiarkowany<\/td>\n<td>Ograniczony<\/td>\n<\/tr>\n<tr>\n<td>Przyjazny dla urz\u0105dze\u0144 mobilnych<\/td>\n<td>Tak<\/td>\n<td>Tak<\/td>\n<td>Tak<\/td>\n<td>Tak<\/td>\n<td>Tak<\/td>\n<td>Tak<\/td>\n<\/tr>\n<\/tbody>\n<\/table>\n<p>Podsumowanie: ChatHour jest bardziej zorientowany na spo\u0142eczno\u015b\u0107 ni\u017c losowe aplikacje do czatowania, takie jak Omegle, i bardziej dost\u0119pny ni\u017c z\u0142o\u017cone platformy, takie jak Paltalk. Jest to idealne rozwi\u0105zanie dla u\u017cytkownik\u00f3w, kt\u00f3rzy wol\u0105 ustrukturyzowany czat tekstowy od nieprzewidywalnych po\u0142\u0105cze\u0144 wideo.<\/p>\n<h2>Czy ChatHour jest bezpieczny?<\/h2>\n<p>ChatHour powa\u017cnie traktuje bezpiecze\u0144stwo u\u017cytkownik\u00f3w, ale podobnie jak w przypadku ka\u017cdej publicznej platformy czatu, odpowiedzialne korzystanie z niej jest niezb\u0119dne.<\/p>\n<h3>Wbudowane funkcje bezpiecze\u0144stwa<\/h3>\n<ul>\n<li>Podstawowa moderacja w popularnych czatach.<\/li>\n<li>Opcje blokowania i zg\u0142aszania nieodpowiednich u\u017cytkownik\u00f3w.<\/li>\n<li>Kontrola czatu prywatnego.<\/li>\n<\/ul>\n<h3>Wskaz\u00f3wki bezpiecze\u0144stwa dla u\u017cytkownik\u00f3w<\/h3>\n<ul>\n<li>Unikaj udost\u0119pniania informacji osobistych lub finansowych.<\/li>\n<li>Pozosta\u0144 na moderowanych lub dobrze zaludnionych czatach.<\/li>\n<li>Zachowaj ostro\u017cno\u015b\u0107 podczas klikania link\u00f3w zewn\u0119trznych.<\/li>\n<li>Rodzice powinni nadzorowa\u0107 nieletnich korzystaj\u0105cych z witryny.<\/li>\n<\/ul>\n<p>Struktura tylko tekstowa ChatHour naturalnie ogranicza ryzyko zwi\u0105zane z czatami wideo, co czyni go jednym z bezpieczniejszych wybor\u00f3w do swobodnych rozm\u00f3w, je\u015bli jest u\u017cywany m\u0105drze.<\/p>\n<h2>Wskaz\u00f3wki, jak najlepiej wykorzysta\u0107 ChatHour<\/h2>\n<ul>\n<li>Korzystaj z wielu pokoj\u00f3w rozm\u00f3w - nie trzymaj si\u0119 tylko jednego; istnieje pok\u00f3j na prawie ka\u017cdy temat, jaki mo\u017cna sobie wyobrazi\u0107.<\/li>\n<li>Sprawd\u017a godziny szczytu - wieczory i weekendy zazwyczaj charakteryzuj\u0105 si\u0119 najwi\u0119ksz\u0105 aktywno\u015bci\u0105 u\u017cytkownik\u00f3w.<\/li>\n<li>Anga\u017cuj si\u0119 grzecznie - przyja\u017ani u\u017cytkownicy przyci\u0105gaj\u0105 wi\u0119cej odpowiedzi.<\/li>\n<li>Dostosuj sw\u00f3j profil - kr\u00f3tka, autentyczna biografia pomaga innym nawi\u0105za\u0107 z Tob\u0105 kontakt.<\/li>\n<li>Zg\u0142aszaj spamer\u00f3w - dbanie o porz\u0105dek w pokojach pomaga w rozwoju spo\u0142eczno\u015bci.<\/li>\n<li>Dodaj swoje ulubione pokoje do zak\u0142adek, aby m\u00f3c \u0142atwo wr\u00f3ci\u0107 do nich nast\u0119pnym razem.<\/li>\n<\/ul>\n<p>Te drobne nawyki sprawiaj\u0105, \u017ce korzystanie z ChatHour jest bardziej satysfakcjonuj\u0105ce i przyjemne.<\/p>\n<h2>Typowe problemy i poprawki<\/h2>\n<h3>Problem: Nie mo\u017cna si\u0119 zalogowa\u0107<\/h3>\n<ul>\n<li>Upewnij si\u0119, \u017ce pliki cookie s\u0105 w\u0142\u0105czone.<\/li>\n<li>Spr\u00f3buj zresetowa\u0107 has\u0142o lub wyczy\u015bci\u0107 pami\u0119\u0107 podr\u0119czn\u0105 przegl\u0105darki.<\/li>\n<\/ul>\n<h3>Problem: Wiadomo\u015bci nie s\u0105 wysy\u0142ane<\/h3>\n<ul>\n<li>Od\u015bwie\u017c czat.<\/li>\n<li>Sprawd\u017a po\u0142\u0105czenie internetowe.<\/li>\n<\/ul>\n<h3>Problem: zbyt wielu bezczynnych u\u017cytkownik\u00f3w<\/h3>\n<ul>\n<li>Sprawd\u017a inne pomieszczenia lub spr\u00f3buj w bardziej ruchliwych porach dnia.<\/li>\n<\/ul>\n<h3>Problem: Niew\u0142a\u015bciwi u\u017cytkownicy<\/h3>\n<ul>\n<li>Natychmiast je blokuj i zg\u0142aszaj.<\/li>\n<li>Trzymaj si\u0119 moderowanych pokoj\u00f3w, aby interakcje by\u0142y bezpieczniejsze.<\/li>\n<\/ul>\n<h2>Dlaczego ludzie wybieraj\u0105 ChatHour<\/h2>\n<p>Ludzie wybieraj\u0105 ChatHour z wielu powod\u00f3w:<\/p>\n<ul>\n<li>Wolno\u015b\u0107 wyboru - do\u0142\u0105cz do czat\u00f3w publicznych lub przejd\u017a na czat prywatny w dowolnym momencie.<\/li>\n<li>R\u00f3\u017cnorodno\u015b\u0107 - tysi\u0105ce temat\u00f3w i u\u017cytkownik\u00f3w z ca\u0142ego \u015bwiata.<\/li>\n<li>Prostota - szybkie do\u0142\u0105czenie, \u0142atwa obs\u0142uga.<\/li>\n<li>Spo\u0142eczno\u015b\u0107 - buduj przyja\u017anie, kt\u00f3re wykraczaj\u0105 poza jednorazowe spotkania.<\/li>\n<\/ul>\n<p>W cyfrowym \u015bwiecie zdominowanym przez platformy wideo, ChatHour udowadnia, \u017ce czat tekstowy wci\u0105\u017c ma moc - szczeg\u00f3lnie dla tych, kt\u00f3rzy wol\u0105 rozmawia\u0107 bez kamer.<\/p>\n<h2>Przemy\u015blenia ko\u0144cowe: Czy warto u\u017cywa\u0107 ChatHour?<\/h2>\n<p>Je\u015bli t\u0119sknisz za czasami klasycznych czat\u00f3w lub po prostu lubisz poznawa\u0107 ludzi poprzez wsp\u00f3lne zainteresowania, ChatHour jest absolutnie warty wypr\u00f3bowania. Nie goni za trendami ani nie wymy\u015bla ko\u0142a na nowo - zamiast tego udoskonala ponadczasow\u0105 formu\u0142\u0119, dzi\u0119ki kt\u00f3rej wczesne spo\u0142eczno\u015bci internetowe kwit\u0142y.<\/p>\n<p>Chocia\u017c nie oferuje losowego czatu wideo ani krzykliwych filtr\u00f3w, niezawodno\u015b\u0107 ChatHour, skupienie si\u0119 na spo\u0142eczno\u015bci i globalny zasi\u0119g sprawiaj\u0105, \u017ce jest to wyr\u00f3\u017cniaj\u0105ca si\u0119 opcja do prowadzenia znacz\u0105cych rozm\u00f3w online.<\/p>\n<p>Czy chcesz:<\/p>\n<ul>\n<li>Poznaj nowych przyjaci\u00f3\u0142,<\/li>\n<li>Om\u00f3w swoje ulubione tematy,<\/li>\n<li>Lub po prostu przegada\u0107 ca\u0142\u0105 noc...<\/li>\n<\/ul>\n<p>ChatHour zapewnia cyfrow\u0105 przestrze\u0144, aby to zrobi\u0107 - swobodnie i bez wysi\u0142ku.<\/p>\n<p>W skr\u00f3cie: ChatHour to nowoczesna kontynuacja klasycznych czat\u00f3w online, oferuj\u0105ca bezpieczny, spo\u0142eczno\u015bciowy i \u0142atwy spos\u00f3b na poznawanie ludzi za po\u015brednictwem tekstu. Jest to idealne rozwi\u0105zanie dla u\u017cytkownik\u00f3w, kt\u00f3rzy wol\u0105 prawdziwe rozmowy od algorytm\u00f3w i ciesz\u0105 si\u0119 poczuciem wsp\u00f3lnoty online.<\/p>\n<p>Gotowy do rozpocz\u0119cia rozmowy? Odwied\u017a ChatHour, do\u0142\u0105cz do pokoju, kt\u00f3ry Ci\u0119 interesuje i zobacz, dok\u0105d prowadzi rozmowa.<\/p>","protected":false},"excerpt":{"rendered":"<p>In an age dominated by social media algorithms and dating apps, ChatHour offers a refreshing throwback to the roots of online communication \u2014 chatrooms. It\u2019s a platform that celebrates the art of conversation, where people meet not through swipes or curated feeds, but through shared interests and spontaneous interaction. With thousands of active users across [&hellip;]<\/p>\n","protected":false},"author":6,"featured_media":0,"parent":0,"menu_order":0,"comment_status":"closed","ping_status":"closed","template":"","meta":{"footnotes":""},"class_list":["post-8689","page","type-page","status-publish","hentry"],"yoast_head":"<!-- This site is optimized with the Yoast SEO plugin v27.4 - https:\/\/yoast.com\/product\/yoast-seo-wordpress\/ -->\n<title>ChatHour - Mobile Free Chat Rooms - TinyChat.com<\/title>\n<meta name=\"description\" content=\"Enjoying ChatHour? Join over 50,000,000 strangers on TinyChat! Turn on your cam and start meeting new people, or find a match.\" \/>\n<meta name=\"robots\" content=\"index, follow, max-snippet:-1, max-image-preview:large, max-video-preview:-1\" \/>\n<link rel=\"canonical\" href=\"https:\/\/tinychat.com\/pl\/chathour\/\" \/>\n<meta property=\"og:locale\" content=\"pl_PL\" \/>\n<meta property=\"og:type\" content=\"article\" \/>\n<meta property=\"og:title\" content=\"ChatHour - Mobile Free Chat Rooms - TinyChat.com\" \/>\n<meta property=\"og:description\" content=\"Enjoying ChatHour? Join over 50,000,000 strangers on TinyChat! Turn on your cam and start meeting new people, or find a match.\" \/>\n<meta property=\"og:url\" content=\"https:\/\/tinychat.com\/pl\/chathour\/\" \/>\n<meta property=\"og:site_name\" content=\"TinyChat\" \/>\n<meta property=\"article:publisher\" content=\"https:\/\/www.facebook.com\/tinychat\" \/>\n<meta property=\"article:modified_time\" content=\"2025-10-21T11:17:16+00:00\" \/>\n<meta property=\"og:image\" content=\"https:\/\/tinychat.com\/wp-content\/uploads\/2020\/04\/Tinychat-logo-1280x284-new-black.png\" \/>\n\t<meta property=\"og:image:width\" content=\"1280\" \/>\n\t<meta property=\"og:image:height\" content=\"284\" \/>\n\t<meta property=\"og:image:type\" content=\"image\/png\" \/>\n<meta name=\"twitter:card\" content=\"summary_large_image\" \/>\n<meta name=\"twitter:site\" content=\"@tinychat\" \/>\n<meta name=\"twitter:label1\" content=\"Szacowany czas czytania\" \/>\n\t<meta name=\"twitter:data1\" content=\"6 minut\" \/>\n<script type=\"application\/ld+json\" class=\"yoast-schema-graph\">{\"@context\":\"https:\\\/\\\/schema.org\",\"@graph\":[{\"@type\":\"WebPage\",\"@id\":\"https:\\\/\\\/tinychat.com\\\/chathour\\\/\",\"url\":\"https:\\\/\\\/tinychat.com\\\/chathour\\\/\",\"name\":\"ChatHour - Mobile Free Chat Rooms - TinyChat.com\",\"isPartOf\":{\"@id\":\"https:\\\/\\\/tinychat.com\\\/#website\"},\"datePublished\":\"2025-10-21T09:18:47+00:00\",\"dateModified\":\"2025-10-21T11:17:16+00:00\",\"description\":\"Enjoying ChatHour? Join over 50,000,000 strangers on TinyChat! Turn on your cam and start meeting new people, or find a match.\",\"breadcrumb\":{\"@id\":\"https:\\\/\\\/tinychat.com\\\/chathour\\\/#breadcrumb\"},\"inLanguage\":\"pl-PL\",\"potentialAction\":[{\"@type\":\"ReadAction\",\"target\":[\"https:\\\/\\\/tinychat.com\\\/chathour\\\/\"]}]},{\"@type\":\"BreadcrumbList\",\"@id\":\"https:\\\/\\\/tinychat.com\\\/chathour\\\/#breadcrumb\",\"itemListElement\":[{\"@type\":\"ListItem\",\"position\":1,\"name\":\"Home\",\"item\":\"https:\\\/\\\/tinychat.com\\\/\"},{\"@type\":\"ListItem\",\"position\":2,\"name\":\"ChatHour\"}]},{\"@type\":\"WebSite\",\"@id\":\"https:\\\/\\\/tinychat.com\\\/#website\",\"url\":\"https:\\\/\\\/tinychat.com\\\/\",\"name\":\"TinyChat\",\"description\":\"Random Video Chat with Strangers\",\"publisher\":{\"@id\":\"https:\\\/\\\/tinychat.com\\\/#organization\"},\"alternateName\":\"TinyChat.com\",\"potentialAction\":[{\"@type\":\"SearchAction\",\"target\":{\"@type\":\"EntryPoint\",\"urlTemplate\":\"https:\\\/\\\/tinychat.com\\\/?s={search_term_string}\"},\"query-input\":{\"@type\":\"PropertyValueSpecification\",\"valueRequired\":true,\"valueName\":\"search_term_string\"}}],\"inLanguage\":\"pl-PL\"},{\"@type\":\"Organization\",\"@id\":\"https:\\\/\\\/tinychat.com\\\/#organization\",\"name\":\"TinyChat\",\"alternateName\":\"TinyChat.com\",\"url\":\"https:\\\/\\\/tinychat.com\\\/\",\"logo\":{\"@type\":\"ImageObject\",\"inLanguage\":\"pl-PL\",\"@id\":\"https:\\\/\\\/tinychat.com\\\/#\\\/schema\\\/logo\\\/image\\\/\",\"url\":\"https:\\\/\\\/tinychat.com\\\/wp-content\\\/uploads\\\/2023\\\/11\\\/Tinychat-icon-square.png\",\"contentUrl\":\"https:\\\/\\\/tinychat.com\\\/wp-content\\\/uploads\\\/2023\\\/11\\\/Tinychat-icon-square.png\",\"width\":284,\"height\":284,\"caption\":\"TinyChat\"},\"image\":{\"@id\":\"https:\\\/\\\/tinychat.com\\\/#\\\/schema\\\/logo\\\/image\\\/\"},\"sameAs\":[\"https:\\\/\\\/www.facebook.com\\\/tinychat\",\"https:\\\/\\\/x.com\\\/tinychat\"]}]}<\/script>\n<!-- \/ Yoast SEO plugin. -->","yoast_head_json":{"title":"ChatHour - Mobilne pokoje rozm\u00f3w za darmo - TinyChat.com","description":"Korzystasz z ChatHour? Do\u0142\u0105cz do ponad 50 000 000 nieznajomych na TinyChat! W\u0142\u0105cz kamer\u0119 i zacznij poznawa\u0107 nowych ludzi lub znajd\u017a partnera.","robots":{"index":"index","follow":"follow","max-snippet":"max-snippet:-1","max-image-preview":"max-image-preview:large","max-video-preview":"max-video-preview:-1"},"canonical":"https:\/\/tinychat.com\/pl\/chathour\/","og_locale":"pl_PL","og_type":"article","og_title":"ChatHour - Mobile Free Chat Rooms - TinyChat.com","og_description":"Enjoying ChatHour? Join over 50,000,000 strangers on TinyChat! Turn on your cam and start meeting new people, or find a match.","og_url":"https:\/\/tinychat.com\/pl\/chathour\/","og_site_name":"TinyChat","article_publisher":"https:\/\/www.facebook.com\/tinychat","article_modified_time":"2025-10-21T11:17:16+00:00","og_image":[{"width":1280,"height":284,"url":"https:\/\/tinychat.com\/wp-content\/uploads\/2020\/04\/Tinychat-logo-1280x284-new-black.png","type":"image\/png"}],"twitter_card":"summary_large_image","twitter_site":"@tinychat","twitter_misc":{"Szacowany czas czytania":"6 minut"},"schema":{"@context":"https:\/\/schema.org","@graph":[{"@type":"WebPage","@id":"https:\/\/tinychat.com\/chathour\/","url":"https:\/\/tinychat.com\/chathour\/","name":"ChatHour - Mobilne pokoje rozm\u00f3w za darmo - TinyChat.com","isPartOf":{"@id":"https:\/\/tinychat.com\/#website"},"datePublished":"2025-10-21T09:18:47+00:00","dateModified":"2025-10-21T11:17:16+00:00","description":"Korzystasz z ChatHour? Do\u0142\u0105cz do ponad 50 000 000 nieznajomych na TinyChat! W\u0142\u0105cz kamer\u0119 i zacznij poznawa\u0107 nowych ludzi lub znajd\u017a partnera.","breadcrumb":{"@id":"https:\/\/tinychat.com\/chathour\/#breadcrumb"},"inLanguage":"pl-PL","potentialAction":[{"@type":"ReadAction","target":["https:\/\/tinychat.com\/chathour\/"]}]},{"@type":"BreadcrumbList","@id":"https:\/\/tinychat.com\/chathour\/#breadcrumb","itemListElement":[{"@type":"ListItem","position":1,"name":"Home","item":"https:\/\/tinychat.com\/"},{"@type":"ListItem","position":2,"name":"ChatHour"}]},{"@type":"WebSite","@id":"https:\/\/tinychat.com\/#website","url":"https:\/\/tinychat.com\/","name":"TinyChat","description":"Losowy czat wideo z nieznajomymi","publisher":{"@id":"https:\/\/tinychat.com\/#organization"},"alternateName":"TinyChat.com","potentialAction":[{"@type":"SearchAction","target":{"@type":"EntryPoint","urlTemplate":"https:\/\/tinychat.com\/?s={search_term_string}"},"query-input":{"@type":"PropertyValueSpecification","valueRequired":true,"valueName":"search_term_string"}}],"inLanguage":"pl-PL"},{"@type":"Organization","@id":"https:\/\/tinychat.com\/#organization","name":"TinyChat","alternateName":"TinyChat.com","url":"https:\/\/tinychat.com\/","logo":{"@type":"ImageObject","inLanguage":"pl-PL","@id":"https:\/\/tinychat.com\/#\/schema\/logo\/image\/","url":"https:\/\/tinychat.com\/wp-content\/uploads\/2023\/11\/Tinychat-icon-square.png","contentUrl":"https:\/\/tinychat.com\/wp-content\/uploads\/2023\/11\/Tinychat-icon-square.png","width":284,"height":284,"caption":"TinyChat"},"image":{"@id":"https:\/\/tinychat.com\/#\/schema\/logo\/image\/"},"sameAs":["https:\/\/www.facebook.com\/tinychat","https:\/\/x.com\/tinychat"]}]}},"_links":{"self":[{"href":"https:\/\/tinychat.com\/pl\/wp-json\/wp\/v2\/pages\/8689","targetHints":{"allow":["GET"]}}],"collection":[{"href":"https:\/\/tinychat.com\/pl\/wp-json\/wp\/v2\/pages"}],"about":[{"href":"https:\/\/tinychat.com\/pl\/wp-json\/wp\/v2\/types\/page"}],"author":[{"embeddable":true,"href":"https:\/\/tinychat.com\/pl\/wp-json\/wp\/v2\/users\/6"}],"replies":[{"embeddable":true,"href":"https:\/\/tinychat.com\/pl\/wp-json\/wp\/v2\/comments?post=8689"}],"version-history":[{"count":3,"href":"https:\/\/tinychat.com\/pl\/wp-json\/wp\/v2\/pages\/8689\/revisions"}],"predecessor-version":[{"id":13560,"href":"https:\/\/tinychat.com\/pl\/wp-json\/wp\/v2\/pages\/8689\/revisions\/13560"}],"wp:attachment":[{"href":"https:\/\/tinychat.com\/pl\/wp-json\/wp\/v2\/media?parent=8689"}],"curies":[{"name":"wp","href":"https:\/\/api.w.org\/{rel}","templated":true}]}}