{"id":8708,"date":"2025-08-18T09:29:55","date_gmt":"2025-08-18T07:29:55","guid":{"rendered":"https:\/\/tinychat.com\/?page_id=8708"},"modified":"2025-08-18T10:17:48","modified_gmt":"2025-08-18T08:17:48","slug":"mocospace","status":"publish","type":"page","link":"https:\/\/tinychat.com\/pl\/mocospace\/","title":{"rendered":"MocoSpace"},"content":{"rendered":"<p>Kiedy ludzie my\u015bl\u0105 o losowych witrynach czatowych, cz\u0119sto przychodz\u0105 na my\u015bl nazwy takie jak Omegle, ChatHub lub Emerald Chat. Ale MocoSpace zajmuje wyj\u0105tkow\u0105 pozycj\u0119 w tym \u015bwiecie - to nie tylko platforma do losowego czatowania, ale tak\u017ce sie\u0107 spo\u0142eczno\u015bciowa oparta na urz\u0105dzeniach mobilnych. Pierwotnie uruchomiony w po\u0142owie 2000 roku, MocoSpace szybko zyska\u0142 popularno\u015b\u0107 jako jedna z pierwszych spo\u0142eczno\u015bci mobilnych, w kt\u00f3rych u\u017cytkownicy mogli nawi\u0105zywa\u0107 znajomo\u015bci, rozmawia\u0107 w grupach, gra\u0107 w gry i poznawa\u0107 nowych ludzi na ca\u0142ym \u015bwiecie.<\/p>\n<p>Nawet dzi\u015b nadal rozwija si\u0119, \u0142\u0105cz\u0105c elementy czat\u00f3w, aplikacji randkowych i spo\u0142eczno\u015bci graczy w jedn\u0105 platform\u0119. Dla u\u017cytkownik\u00f3w, kt\u00f3rzy chc\u0105 czego\u015b wi\u0119cej ni\u017c szybkiego anonimowego czatu i szukaj\u0105 sieci online z silniejszym elementem spo\u0142eczno\u015bciowym, MocoSpace pozostaje jedn\u0105 z najbardziej intryguj\u0105cych dost\u0119pnych opcji.<\/p>\n<p>W tej szczeg\u00f3\u0142owej recenzji zbadamy wszystko, co musisz wiedzie\u0107 o MocoSpace: jego histori\u0119, funkcje, spo\u0142eczno\u015b\u0107, bezpiecze\u0144stwo, zalety i wady oraz por\u00f3wnanie z innymi losowymi czatami i serwisami randkowymi.<\/p>\n<h2>Co to jest MocoSpace?<\/h2>\n<p>MocoSpace to mobilna platforma spo\u0142eczno\u015bciowa i czatowa, kt\u00f3ra \u0142\u0105czy w sobie funkcje losowej aplikacji do czatowania, serwisu randkowego i centrum gier online. W przeciwie\u0144stwie do czysto anonimowych platform czatowych, MocoSpace pozwala u\u017cytkownikom na:<\/p>\n<ul>\n<li>Tw\u00f3rz osobiste profile ze zdj\u0119ciami, biografiami i zainteresowaniami.<\/li>\n<li>Do\u0142\u0105cz do publicznych czat\u00f3w lub prywatnych rozm\u00f3w jeden na jeden.<\/li>\n<li>Graj w gry spo\u0142eczno\u015bciowe wbudowane w platform\u0119.<\/li>\n<li>Korzystaj z list znajomych, wirtualnych prezent\u00f3w i narz\u0119dzi randkowych, aby nawi\u0105zywa\u0107 g\u0142\u0119bsze kontakty.<\/li>\n<\/ul>\n<p>To, co czyni MocoSpace wyj\u0105tkowym, to fakt, \u017ce nie jest to tylko losowa strona czatu - to bardziej hybrydowa spo\u0142eczno\u015b\u0107. Zapo\u017cycza elementy z Facebooka, MySpace (jego wczesnego konkurenta) i nowoczesnych aplikacji randkowych, ale zachowuje lekki, przyst\u0119pny klimat.<\/p>\n<h2>Kluczowe cechy MocoSpace<\/h2>\n<p>Zestaw funkcji MocoSpace wykracza daleko poza prosty model \"czatowania z nieznajomymi\". Przeanalizujmy, co wyr\u00f3\u017cnia ten model.<\/p>\n<h3>1. Profile u\u017cytkownik\u00f3w<\/h3>\n<ul>\n<li>Utw\u00f3rz profil ze zdj\u0119ciami, wiekiem, p\u0142ci\u0105 i biografi\u0105.<\/li>\n<li>Pomaga dopasowa\u0107 osoby o podobnych zainteresowaniach.<\/li>\n<li>Dodaje warstw\u0119 personalizacji, kt\u00f3rej nie zapewniaj\u0105 aplikacje anonimowe.<\/li>\n<\/ul>\n<h3>2. Pokoje rozm\u00f3w<\/h3>\n<ul>\n<li>Tysi\u0105ce pokoi zorganizowanych wed\u0142ug temat\u00f3w, grup wiekowych lub zainteresowa\u0144.<\/li>\n<li>Opcje pokoi dla poszczeg\u00f3lnych kraj\u00f3w i randek.<\/li>\n<li>Aktywny 24\/7, z u\u017cytkownikami na ca\u0142ym \u015bwiecie.<\/li>\n<\/ul>\n<h3>3. Prywatne wiadomo\u015bci<\/h3>\n<ul>\n<li>Czaty jeden na jednego z innymi u\u017cytkownikami.<\/li>\n<li>Obejmuje tekst, emotikony i udost\u0119pnianie zdj\u0119\u0107.<\/li>\n<\/ul>\n<h3>4. Gry spo\u0142eczno\u015bciowe<\/h3>\n<ul>\n<li>Wbudowane mini-gry (takie jak Street Wars, Daily Spins i inne).<\/li>\n<li>Zach\u0119ca do przyjaznej rywalizacji i interakcji.<\/li>\n<\/ul>\n<h3>5. Wirtualne prezenty i kredyty<\/h3>\n<ul>\n<li>Wysy\u0142aj cyfrowe prezenty do znajomych lub os\u00f3b, kt\u00f3rymi jeste\u015b zainteresowany.<\/li>\n<li>System oparty na kredytach, kt\u00f3re mo\u017cna kupi\u0107 lub zdoby\u0107.<\/li>\n<\/ul>\n<h3>6. Funkcje randkowe<\/h3>\n<ul>\n<li>Szukaj wed\u0142ug wieku, p\u0142ci lub lokalizacji.<\/li>\n<li>Narz\u0119dzia do flirtowania, takie jak \"dopasuj mnie\", pomagaj\u0105 w swobodnych randkach online.<\/li>\n<\/ul>\n<h3>7. Dost\u0119pno\u015b\u0107 mobilna<\/h3>\n<ul>\n<li>Zoptymalizowany do u\u017cytku mobilnego od samego pocz\u0105tku.<\/li>\n<li>Dost\u0119pna przez przegl\u0105dark\u0119 i aplikacje na iOS\/Android.<\/li>\n<\/ul>\n<h2>Jak u\u017cywa\u0107 MocoSpace<\/h2>\n<p>Rozpocz\u0119cie korzystania z MocoSpace jest proste:<\/p>\n<h3>Krok 1: Utw\u00f3rz konto<\/h3>\n<ul>\n<li>Zarejestruj si\u0119, podaj\u0105c adres e-mail, nazw\u0119 u\u017cytkownika i has\u0142o.<\/li>\n<li>Opcjonalne po\u0142\u0105czenie z kontami spo\u0142eczno\u015bciowymi.<\/li>\n<\/ul>\n<h3>Krok 2: Zbuduj sw\u00f3j profil<\/h3>\n<ul>\n<li>Dodaj zdj\u0119cie, biografi\u0119 i zainteresowania.<\/li>\n<li>Pomaga to poprawi\u0107 jako\u015b\u0107 mecz\u00f3w i czatu.<\/li>\n<\/ul>\n<h3>Krok 3: Wybierz spos\u00f3b, w jaki chcesz si\u0119 anga\u017cowa\u0107<\/h3>\n<ul>\n<li>Wskakuj na czaty, aby prowadzi\u0107 dyskusje grupowe.<\/li>\n<li>Wysy\u0142aj prywatne wiadomo\u015bci do interesuj\u0105cych Ci\u0119 os\u00f3b.<\/li>\n<li>Graj w gry i wchod\u017a w interakcje spo\u0142eczne.<\/li>\n<li>U\u017cyj filtr\u00f3w randkowych, je\u015bli szukasz romansu.<\/li>\n<\/ul>\n<h3>Krok 4: Zdobywanie lub kupowanie kredyt\u00f3w<\/h3>\n<ul>\n<li>Kredyty s\u0105 wykorzystywane na prezenty i funkcje premium.<\/li>\n<li>Opcjonalne, niewymagane do podstawowego czatowania.<\/li>\n<\/ul>\n<h2>Wra\u017cenia u\u017cytkownika na MocoSpace<\/h2>\n<p>MocoSpace przypomina po\u0142\u0105czenie oldschoolowych sieci spo\u0142eczno\u015bciowych i nowoczesnych aplikacji do czatowania.<\/p>\n<h3>Mocne strony<\/h3>\n<ul>\n<li>Du\u017ca, aktywna spo\u0142eczno\u015b\u0107.<\/li>\n<li>Wi\u0119cej funkcji ni\u017c w przypadku wi\u0119kszo\u015bci platform czatowych.<\/li>\n<li>Zabawa i interaktywno\u015b\u0107 z grami i prezentami.<\/li>\n<li>Silne wsparcie mobilne.<\/li>\n<\/ul>\n<h3>S\u0142abe strony<\/h3>\n<ul>\n<li>Reklamy mog\u0105 by\u0107 uci\u0105\u017cliwe dla darmowych u\u017cytkownik\u00f3w.<\/li>\n<li>Do odblokowania pe\u0142nego potencja\u0142u mog\u0105 by\u0107 wymagane kredyty premium.<\/li>\n<li>Mniej skoncentrowany na czystej anonimowo\u015bci ni\u017c strony takie jak Omegle.<\/li>\n<\/ul>\n<h2>MocoSpace vs. inne platformy<\/h2>\n<table>\n<thead>\n<tr>\n<th>Cecha<\/th>\n<th>MocoSpace<\/th>\n<th>Omegle<\/th>\n<th>ChatHub<\/th>\n<th>Chat Avenue<\/th>\n<th>Emerald Chat<\/th>\n<th>Y99<\/th>\n<\/tr>\n<\/thead>\n<tbody>\n<tr>\n<td>Profile<\/td>\n<td>Tak<\/td>\n<td>Nie<\/td>\n<td>Tak<\/td>\n<td>Nie<\/td>\n<td>Tak<\/td>\n<td>Tak<\/td>\n<\/tr>\n<tr>\n<td>Publiczne czaty<\/td>\n<td>Tak<\/td>\n<td>Nie<\/td>\n<td>Nie<\/td>\n<td>Tak<\/td>\n<td>Nie<\/td>\n<td>Tak<\/td>\n<\/tr>\n<tr>\n<td>Prywatne wiadomo\u015bci<\/td>\n<td>Tak<\/td>\n<td>Tak<\/td>\n<td>Tak<\/td>\n<td>Tak<\/td>\n<td>Tak<\/td>\n<td>Tak<\/td>\n<\/tr>\n<tr>\n<td>Czat wideo<\/td>\n<td>Ograniczony<\/td>\n<td>Tak<\/td>\n<td>Tak<\/td>\n<td>Nie<\/td>\n<td>Tak<\/td>\n<td>Nie<\/td>\n<\/tr>\n<tr>\n<td>Gry i funkcje spo\u0142eczno\u015bciowe<\/td>\n<td>Tak<\/td>\n<td>Nie<\/td>\n<td>Nie<\/td>\n<td>Nie<\/td>\n<td>Nie<\/td>\n<td>Nie<\/td>\n<\/tr>\n<tr>\n<td>Narz\u0119dzia randkowe<\/td>\n<td>Tak<\/td>\n<td>Nie<\/td>\n<td>Nie<\/td>\n<td>Nie<\/td>\n<td>Nie<\/td>\n<td>Nie<\/td>\n<\/tr>\n<\/tbody>\n<\/table>\n<p>Podsumowanie: MocoSpace jest bardziej sieci\u0105 hybrydow\u0105, z bogatszymi narz\u0119dziami spo\u0142eczno\u015bciowymi w por\u00f3wnaniu do us\u0142ug opartych wy\u0142\u0105cznie na czacie. Po\u015bwi\u0119ca anonimowo\u015b\u0107, ale nadrabia to funkcjami budowania spo\u0142eczno\u015bci.<\/p>\n<h2>Bezpiecze\u0144stwo na MocoSpace<\/h2>\n<p>Poniewa\u017c MocoSpace jest hybryd\u0105 czatu i randki, bezpiecze\u0144stwo jest wa\u017cnym czynnikiem.<\/p>\n<h3>Wbudowane narz\u0119dzia bezpiecze\u0144stwa<\/h3>\n<ul>\n<li>Mo\u017cliwo\u015b\u0107 blokowania i zg\u0142aszania u\u017cytkownik\u00f3w.<\/li>\n<li>Opcjonalna kontrola prywatno\u015bci profilu.<\/li>\n<li>Moderatorzy obecni na czatach publicznych.<\/li>\n<\/ul>\n<h3>Zalecenia dotycz\u0105ce bezpiecze\u0144stwa<\/h3>\n<ul>\n<li>Unikaj nadmiernego udost\u0119pniania danych osobowych.<\/li>\n<li>Zachowaj ostro\u017cno\u015b\u0107 podczas prywatnych czat\u00f3w i interakcji na randkach.<\/li>\n<li>Rodzice powinni monitorowa\u0107 korzystanie z gry przez nastolatk\u00f3w, poniewa\u017c MocoSpace zawiera obszary przeznaczone dla doros\u0142ych.<\/li>\n<\/ul>\n<h2>Wskaz\u00f3wki, jak najlepiej wykorzysta\u0107 MocoSpace<\/h2>\n<ul>\n<li>Stw\u00f3rz kompletny profil dla lepszego zaanga\u017cowania.<\/li>\n<li>Do\u0142\u0105cz do wielu czat\u00f3w, aby znale\u017a\u0107 swoj\u0105 nisz\u0119.<\/li>\n<li>Wykorzystaj gry i prezenty, aby prze\u0142ama\u0107 lody.<\/li>\n<li>Zwracaj uwag\u0119 na codzienne nagrody, aby zdoby\u0107 darmowe kredyty.<\/li>\n<li>Poznaj zar\u00f3wno czat, jak i stron\u0119 randkow\u0105 platformy.<\/li>\n<\/ul>\n<h2>Typowe problemy i poprawki<\/h2>\n<h3>Reklamy zbyt rozpraszaj\u0105ce<\/h3>\n<ul>\n<li>Rozwa\u017c aktualizacj\u0119 za pomoc\u0105 kredyt\u00f3w, aby ograniczy\u0107 reklamy.<\/li>\n<\/ul>\n<h3>Problemy z logowaniem<\/h3>\n<ul>\n<li>Skorzystaj z opcji resetowania wiadomo\u015bci e-mail lub skontaktuj si\u0119 z pomoc\u0105 techniczn\u0105.<\/li>\n<\/ul>\n<h3>Nie mo\u017cna wysy\u0142a\u0107 wiadomo\u015bci<\/h3>\n<ul>\n<li>Do czasu weryfikacji konta obowi\u0105zuj\u0105 pewne ograniczenia.<\/li>\n<li>Sprawd\u017a, czy nie zosta\u0142e\u015b zablokowany lub zg\u0142oszony.<\/li>\n<\/ul>\n<h2>Dlaczego ludzie wci\u0105\u017c u\u017cywaj\u0105 MocoSpace<\/h2>\n<p>Mimo pojawienia si\u0119 nowszych platform, MocoSpace utrzymuje popularno\u015b\u0107 z trzech g\u0142\u00f3wnych powod\u00f3w:<\/p>\n<ol>\n<li>Spo\u0142eczno\u015b\u0107 - ma aktywn\u0105, lojaln\u0105 baz\u0119 u\u017cytkownik\u00f3w.<\/li>\n<li>Variety - \u0142\u0105czy czat, randki i gry w jednym miejscu.<\/li>\n<li>Przyjazny dla urz\u0105dze\u0144 mobilnych - jedna z pierwszych sieci, kt\u00f3ra naprawd\u0119 zoptymalizowa\u0142a si\u0119 pod k\u0105tem telefon\u00f3w.<\/li>\n<\/ol>\n<p>Dla wielu os\u00f3b MocoSpace jest nostalgiczn\u0105 platform\u0105, kt\u00f3ra przypomina wczesne dni Facebooka i MySpace - ale nadal jest istotna dla codziennych kontakt\u00f3w.<\/p>\n<p>Je\u015bli szukasz prostej aplikacji do czatowania, MocoSpace mo\u017ce wydawa\u0107 si\u0119 przyt\u0142aczaj\u0105ca ze swoimi dodatkowymi funkcjami. Je\u015bli jednak zale\u017cy ci na pe\u0142nym do\u015bwiadczeniu spo\u0142eczno\u015bciowym, aplikacja ta oferuje znacznie wi\u0119cej ni\u017c wi\u0119kszo\u015b\u0107 losowych platform do czatowania.<\/p>\n<p>Jest idealny dla:<\/p>\n<ul>\n<li>Ludzie, kt\u00f3rzy lubi\u0105 czaty i spo\u0142eczno\u015bci.<\/li>\n<li>U\u017cytkownicy zainteresowani lekkimi randkami online.<\/li>\n<li>Ka\u017cdy, kto lubi \u0142\u0105czy\u0107 gry z sieciami spo\u0142eczno\u015bciowymi.<\/li>\n<\/ul>\n<p>By\u0107 mo\u017ce nie zast\u0105pi Omegle lub Emerald Chat, je\u015bli chodzi o czysto losowy czat wideo, ale spo\u0142eczno\u015bciowy klimat, profile i dodatki MocoSpace zapewniaj\u0105 mu si\u0142\u0119 przebicia w dzisiejszym krajobrazie czat\u00f3w.<\/p>\n<p>W skr\u00f3cie: MocoSpace to nie tylko kolejna losowa strona czatu - to globalna spo\u0142eczno\u015b\u0107, w kt\u00f3rej mo\u017cesz rozmawia\u0107, gra\u0107, flirtowa\u0107 i budowa\u0107 prawdziwe relacje.<\/p>","protected":false},"excerpt":{"rendered":"<p>When people think of random chat sites, names like Omegle, ChatHub, or Emerald Chat often come to mind. But MocoSpace occupies a unique space in this world\u2014it\u2019s not just a random chat platform, it\u2019s also a mobile-first social network. Originally launched in the mid-2000s, MocoSpace quickly rose to popularity as one of the first mobile-focused [&hellip;]<\/p>\n","protected":false},"author":6,"featured_media":0,"parent":0,"menu_order":0,"comment_status":"closed","ping_status":"closed","template":"","meta":{"footnotes":""},"class_list":["post-8708","page","type-page","status-publish","hentry"],"yoast_head":"<!-- This site is optimized with the Yoast SEO plugin v27.3 - https:\/\/yoast.com\/product\/yoast-seo-wordpress\/ -->\n<title>MocoSpace - Chat &amp; Meet People - TinyChat.com<\/title>\n<meta name=\"description\" content=\"Enjoying MocoSpace? Join over 50,000,000 strangers on TinyChat! Turn on your cam and start meeting new people, or find a match.\" \/>\n<meta name=\"robots\" content=\"index, follow, max-snippet:-1, max-image-preview:large, max-video-preview:-1\" \/>\n<link rel=\"canonical\" href=\"https:\/\/tinychat.com\/pl\/mocospace\/\" \/>\n<meta property=\"og:locale\" content=\"pl_PL\" \/>\n<meta property=\"og:type\" content=\"article\" \/>\n<meta property=\"og:title\" content=\"MocoSpace - Chat &amp; Meet People - TinyChat.com\" \/>\n<meta property=\"og:description\" content=\"Enjoying MocoSpace? Join over 50,000,000 strangers on TinyChat! Turn on your cam and start meeting new people, or find a match.\" \/>\n<meta property=\"og:url\" content=\"https:\/\/tinychat.com\/pl\/mocospace\/\" \/>\n<meta property=\"og:site_name\" content=\"TinyChat\" \/>\n<meta property=\"article:publisher\" content=\"https:\/\/www.facebook.com\/tinychat\" \/>\n<meta property=\"article:modified_time\" content=\"2025-08-18T08:17:48+00:00\" \/>\n<meta property=\"og:image\" content=\"https:\/\/tinychat.com\/wp-content\/uploads\/2020\/04\/Tinychat-logo-1280x284-new-black.png\" \/>\n\t<meta property=\"og:image:width\" content=\"1280\" \/>\n\t<meta property=\"og:image:height\" content=\"284\" \/>\n\t<meta property=\"og:image:type\" content=\"image\/png\" \/>\n<meta name=\"twitter:card\" content=\"summary_large_image\" \/>\n<meta name=\"twitter:site\" content=\"@tinychat\" \/>\n<meta name=\"twitter:label1\" content=\"Szacowany czas czytania\" \/>\n\t<meta name=\"twitter:data1\" content=\"5 minut\" \/>\n<script type=\"application\/ld+json\" class=\"yoast-schema-graph\">{\"@context\":\"https:\\\/\\\/schema.org\",\"@graph\":[{\"@type\":\"WebPage\",\"@id\":\"https:\\\/\\\/tinychat.com\\\/mocospace\\\/\",\"url\":\"https:\\\/\\\/tinychat.com\\\/mocospace\\\/\",\"name\":\"MocoSpace - Chat & Meet People - TinyChat.com\",\"isPartOf\":{\"@id\":\"https:\\\/\\\/tinychat.com\\\/#website\"},\"datePublished\":\"2025-08-18T07:29:55+00:00\",\"dateModified\":\"2025-08-18T08:17:48+00:00\",\"description\":\"Enjoying MocoSpace? Join over 50,000,000 strangers on TinyChat! Turn on your cam and start meeting new people, or find a match.\",\"breadcrumb\":{\"@id\":\"https:\\\/\\\/tinychat.com\\\/mocospace\\\/#breadcrumb\"},\"inLanguage\":\"pl-PL\",\"potentialAction\":[{\"@type\":\"ReadAction\",\"target\":[\"https:\\\/\\\/tinychat.com\\\/mocospace\\\/\"]}]},{\"@type\":\"BreadcrumbList\",\"@id\":\"https:\\\/\\\/tinychat.com\\\/mocospace\\\/#breadcrumb\",\"itemListElement\":[{\"@type\":\"ListItem\",\"position\":1,\"name\":\"Home\",\"item\":\"https:\\\/\\\/tinychat.com\\\/\"},{\"@type\":\"ListItem\",\"position\":2,\"name\":\"MocoSpace\"}]},{\"@type\":\"WebSite\",\"@id\":\"https:\\\/\\\/tinychat.com\\\/#website\",\"url\":\"https:\\\/\\\/tinychat.com\\\/\",\"name\":\"TinyChat\",\"description\":\"Random Video Chat with Strangers\",\"publisher\":{\"@id\":\"https:\\\/\\\/tinychat.com\\\/#organization\"},\"alternateName\":\"TinyChat.com\",\"potentialAction\":[{\"@type\":\"SearchAction\",\"target\":{\"@type\":\"EntryPoint\",\"urlTemplate\":\"https:\\\/\\\/tinychat.com\\\/?s={search_term_string}\"},\"query-input\":{\"@type\":\"PropertyValueSpecification\",\"valueRequired\":true,\"valueName\":\"search_term_string\"}}],\"inLanguage\":\"pl-PL\"},{\"@type\":\"Organization\",\"@id\":\"https:\\\/\\\/tinychat.com\\\/#organization\",\"name\":\"TinyChat\",\"alternateName\":\"TinyChat.com\",\"url\":\"https:\\\/\\\/tinychat.com\\\/\",\"logo\":{\"@type\":\"ImageObject\",\"inLanguage\":\"pl-PL\",\"@id\":\"https:\\\/\\\/tinychat.com\\\/#\\\/schema\\\/logo\\\/image\\\/\",\"url\":\"https:\\\/\\\/tinychat.com\\\/wp-content\\\/uploads\\\/2023\\\/11\\\/Tinychat-icon-square.png\",\"contentUrl\":\"https:\\\/\\\/tinychat.com\\\/wp-content\\\/uploads\\\/2023\\\/11\\\/Tinychat-icon-square.png\",\"width\":284,\"height\":284,\"caption\":\"TinyChat\"},\"image\":{\"@id\":\"https:\\\/\\\/tinychat.com\\\/#\\\/schema\\\/logo\\\/image\\\/\"},\"sameAs\":[\"https:\\\/\\\/www.facebook.com\\\/tinychat\",\"https:\\\/\\\/x.com\\\/tinychat\"]}]}<\/script>\n<!-- \/ Yoast SEO plugin. -->","yoast_head_json":{"title":"MocoSpace - Czat i poznawanie ludzi - TinyChat.com","description":"Korzystasz z MocoSpace? Do\u0142\u0105cz do ponad 50 000 000 nieznajomych na TinyChat! W\u0142\u0105cz kamer\u0119 i zacznij poznawa\u0107 nowych ludzi lub znajd\u017a partnera.","robots":{"index":"index","follow":"follow","max-snippet":"max-snippet:-1","max-image-preview":"max-image-preview:large","max-video-preview":"max-video-preview:-1"},"canonical":"https:\/\/tinychat.com\/pl\/mocospace\/","og_locale":"pl_PL","og_type":"article","og_title":"MocoSpace - Chat & Meet People - TinyChat.com","og_description":"Enjoying MocoSpace? Join over 50,000,000 strangers on TinyChat! Turn on your cam and start meeting new people, or find a match.","og_url":"https:\/\/tinychat.com\/pl\/mocospace\/","og_site_name":"TinyChat","article_publisher":"https:\/\/www.facebook.com\/tinychat","article_modified_time":"2025-08-18T08:17:48+00:00","og_image":[{"width":1280,"height":284,"url":"https:\/\/tinychat.com\/wp-content\/uploads\/2020\/04\/Tinychat-logo-1280x284-new-black.png","type":"image\/png"}],"twitter_card":"summary_large_image","twitter_site":"@tinychat","twitter_misc":{"Szacowany czas czytania":"5 minut"},"schema":{"@context":"https:\/\/schema.org","@graph":[{"@type":"WebPage","@id":"https:\/\/tinychat.com\/mocospace\/","url":"https:\/\/tinychat.com\/mocospace\/","name":"MocoSpace - Czat i poznawanie ludzi - TinyChat.com","isPartOf":{"@id":"https:\/\/tinychat.com\/#website"},"datePublished":"2025-08-18T07:29:55+00:00","dateModified":"2025-08-18T08:17:48+00:00","description":"Korzystasz z MocoSpace? Do\u0142\u0105cz do ponad 50 000 000 nieznajomych na TinyChat! W\u0142\u0105cz kamer\u0119 i zacznij poznawa\u0107 nowych ludzi lub znajd\u017a partnera.","breadcrumb":{"@id":"https:\/\/tinychat.com\/mocospace\/#breadcrumb"},"inLanguage":"pl-PL","potentialAction":[{"@type":"ReadAction","target":["https:\/\/tinychat.com\/mocospace\/"]}]},{"@type":"BreadcrumbList","@id":"https:\/\/tinychat.com\/mocospace\/#breadcrumb","itemListElement":[{"@type":"ListItem","position":1,"name":"Home","item":"https:\/\/tinychat.com\/"},{"@type":"ListItem","position":2,"name":"MocoSpace"}]},{"@type":"WebSite","@id":"https:\/\/tinychat.com\/#website","url":"https:\/\/tinychat.com\/","name":"TinyChat","description":"Losowy czat wideo z nieznajomymi","publisher":{"@id":"https:\/\/tinychat.com\/#organization"},"alternateName":"TinyChat.com","potentialAction":[{"@type":"SearchAction","target":{"@type":"EntryPoint","urlTemplate":"https:\/\/tinychat.com\/?s={search_term_string}"},"query-input":{"@type":"PropertyValueSpecification","valueRequired":true,"valueName":"search_term_string"}}],"inLanguage":"pl-PL"},{"@type":"Organization","@id":"https:\/\/tinychat.com\/#organization","name":"TinyChat","alternateName":"TinyChat.com","url":"https:\/\/tinychat.com\/","logo":{"@type":"ImageObject","inLanguage":"pl-PL","@id":"https:\/\/tinychat.com\/#\/schema\/logo\/image\/","url":"https:\/\/tinychat.com\/wp-content\/uploads\/2023\/11\/Tinychat-icon-square.png","contentUrl":"https:\/\/tinychat.com\/wp-content\/uploads\/2023\/11\/Tinychat-icon-square.png","width":284,"height":284,"caption":"TinyChat"},"image":{"@id":"https:\/\/tinychat.com\/#\/schema\/logo\/image\/"},"sameAs":["https:\/\/www.facebook.com\/tinychat","https:\/\/x.com\/tinychat"]}]}},"_links":{"self":[{"href":"https:\/\/tinychat.com\/pl\/wp-json\/wp\/v2\/pages\/8708","targetHints":{"allow":["GET"]}}],"collection":[{"href":"https:\/\/tinychat.com\/pl\/wp-json\/wp\/v2\/pages"}],"about":[{"href":"https:\/\/tinychat.com\/pl\/wp-json\/wp\/v2\/types\/page"}],"author":[{"embeddable":true,"href":"https:\/\/tinychat.com\/pl\/wp-json\/wp\/v2\/users\/6"}],"replies":[{"embeddable":true,"href":"https:\/\/tinychat.com\/pl\/wp-json\/wp\/v2\/comments?post=8708"}],"version-history":[{"count":3,"href":"https:\/\/tinychat.com\/pl\/wp-json\/wp\/v2\/pages\/8708\/revisions"}],"predecessor-version":[{"id":13460,"href":"https:\/\/tinychat.com\/pl\/wp-json\/wp\/v2\/pages\/8708\/revisions\/13460"}],"wp:attachment":[{"href":"https:\/\/tinychat.com\/pl\/wp-json\/wp\/v2\/media?parent=8708"}],"curies":[{"name":"wp","href":"https:\/\/api.w.org\/{rel}","templated":true}]}}