{"id":90,"date":"2024-06-24T18:49:58","date_gmt":"2024-06-24T16:49:58","guid":{"rendered":"https:\/\/tinychat.com\/?page_id=90"},"modified":"2025-07-21T11:56:11","modified_gmt":"2025-07-21T09:56:11","slug":"omegle","status":"publish","type":"page","link":"https:\/\/tinychat.com\/pl\/omegle\/","title":{"rendered":"Omegle"},"content":{"rendered":"<p>Przed er\u0105 \u017cycia TikTok, spo\u0142eczno\u015bci Discord i nieko\u0144cz\u0105cego si\u0119 przesuwania w aplikacjach randkowych, istnia\u0142 Omegle - surowa, niefiltrowana brama do rozmowy z zupe\u0142nie nieznajomymi online. Stworzony w 2009 roku przez 18-letniego Leifa K-Brooksa, Omegle szturmem zdoby\u0142 Internet dzi\u0119ki koncepcji, kt\u00f3ra by\u0142a tak prosta, jak rewolucyjna: parowanie dw\u00f3ch anonimowych u\u017cytkownik\u00f3w w oknie czatu z monitem \"Rozmawiasz teraz z przypadkowym nieznajomym\".<\/p>\n<p>To, co zacz\u0119\u0142o si\u0119 jako interfejs tekstowy, szybko przekszta\u0142ci\u0142o si\u0119 w jedn\u0105 z najbardziej rozpoznawalnych i dyskutowanych nazw w \u015bwiecie przypadkowej komunikacji online. Dla wielu Omegle to nie tylko strona internetowa - to kulturowy artefakt internetowej wolno\u015bci, anonimowo\u015bci i m\u0142odzie\u0144czej spontaniczno\u015bci.<\/p>\n<p>Ale jak Omegle radzi sobie w dzisiejszym \u015bwiecie? Czy jest nadal aktualny? Bezpieczny? Przyjemny? W tym szczeg\u00f3\u0142owym przewodniku zbadamy wszystko, co musisz wiedzie\u0107 o Omegle - od funkcji i funkcjonalno\u015bci po kwestie bezpiecze\u0144stwa i por\u00f3wnania z konkurencj\u0105.<\/p>\n<h2>Co to jest Omegle?<\/h2>\n<p>Omegle to anonimowa, oparta na przegl\u0105darce platforma czatu, kt\u00f3ra umo\u017cliwia u\u017cytkownikom prowadzenie rozm\u00f3w jeden na jeden z nieznajomymi z dowolnego miejsca na \u015bwiecie. Nie trzeba si\u0119 rejestrowa\u0107, podawa\u0107 adresu e-mail ani tworzy\u0107 nazwy u\u017cytkownika. Wystarczy odwiedzi\u0107 witryn\u0119, wybra\u0107 mi\u0119dzy czatem tekstowym lub wideo i natychmiast po\u0142\u0105czy\u0107 si\u0119 z inn\u0105 osob\u0105 szukaj\u0105c\u0105 tego samego - rozmowy z zupe\u0142nie nieznajomym.<\/p>\n<p>Prostota Omegle jest jego urokiem. Nie ma tu biografii, zdj\u0119\u0107 ani pr\u00f3\u015bb o dodanie do znajomych. To powr\u00f3t do podstaw: dwie osoby, otwarte okno czatu i niesko\u0144czone mo\u017cliwo\u015bci.<\/p>\n<h2>Kluczowe cechy Omegle<\/h2>\n<p>Pomimo minimalistycznej konstrukcji, Omegle oferuje szereg podstawowych funkcji, kt\u00f3re pomog\u0142y mu przetrwa\u0107 pr\u00f3b\u0119 czasu.<\/p>\n<h3>1. Losowy czat tekstowy<\/h3>\n<p>Oryginaln\u0105 i najcz\u0119\u015bciej u\u017cywan\u0105 funkcj\u0105 Omegle jest anonimowy czat tekstowy. U\u017cytkownicy s\u0105 dopasowywani do nieznajomych w podstawowym interfejsie czatu bez informacji identyfikuj\u0105cych.<\/p>\n<p>Nie ma nazw u\u017cytkownik\u00f3w, zdj\u0119\u0107 profilowych ani polubie\u0144 - tylko czysta rozmowa. To wy\u0142\u0105cznie tekstowe \u015brodowisko jest idealne dla u\u017cytkownik\u00f3w, kt\u00f3rzy preferuj\u0105 prywatno\u015b\u0107 lub znajduj\u0105 si\u0119 w sytuacjach, w kt\u00f3rych wideo nie jest mo\u017cliwe.<\/p>\n<h3>2. Czat wideo<\/h3>\n<p>Funkcja czatu wideo Omegle dodaje warstw\u0119 ludzkiej wi\u0119zi. Po wej\u015bciu do sekcji czatu wideo u\u017cytkownicy musz\u0105 zezwoli\u0107 na dost\u0119p do kamery internetowej i mikrofonu, aby rozpocz\u0105\u0107 rozmow\u0119 na \u017cywo.<\/p>\n<p>Czat wideo wprowadza spontaniczno\u015b\u0107 do \u017cycia, ale wi\u0105\u017ce si\u0119 r\u00f3wnie\u017c z wi\u0119kszym ryzykiem - poniewa\u017c cz\u0119sto spotykasz si\u0119 z nieznajomymi bez \u017cadnej moderacji. Mimo to, dla wielu u\u017cytkownik\u00f3w ta surowa nieprzewidywalno\u015b\u0107 jest cz\u0119\u015bci\u0105 uroku.<\/p>\n<h3>3. Dopasowywanie odsetek<\/h3>\n<p>Omegle pozwala u\u017cytkownikom wprowadza\u0107 interesuj\u0105ce ich tematy przed zainicjowaniem czatu. Te s\u0142owa kluczowe pomagaj\u0105 sparowa\u0107 ci\u0119 z kim\u015b, kto ma podobne zainteresowania, niezale\u017cnie od tego, czy jest to \"anime\", \"filozofia\", \"pi\u0142ka no\u017cna\" czy \"Taylor Swift\".<\/p>\n<p>Jest to pr\u00f3ba Omegle wyselekcjonowania losowo\u015bci, oferuj\u0105ca lepsz\u0105 szans\u0119 na anga\u017cuj\u0105ce rozmowy.<\/p>\n<h3>4. Tryb szpiegowski (tryb pyta\u0144)<\/h3>\n<p>Jedn\u0105 z bardziej kreatywnych funkcji Omegle jest tryb szpiegowski, w kt\u00f3rym mo\u017cna zada\u0107 pytanie i obserwowa\u0107 dyskusj\u0119 dw\u00f3ch nieznajomych - lub by\u0107 jednym z uczestnik\u00f3w odpowiadaj\u0105cych na pytanie kogo\u015b innego.<\/p>\n<p>Jest to zabawna odmiana zwyk\u0142ego czatu jeden na jednego i idealna dla u\u017cytkownik\u00f3w, kt\u00f3rzy wol\u0105 obserwowa\u0107 lub podsyca\u0107 rozmow\u0119 bez bezpo\u015bredniego udzia\u0142u.<\/p>\n<h3>5. Sekcje moderowane i niemoderowane<\/h3>\n<p>W odpowiedzi na ci\u0105g\u0142e obawy zwi\u0105zane z nieodpowiednimi tre\u015bciami, Omegle wprowadzi\u0142 moderowane i niemoderowane sekcje wideo. Moderowany czat wideo ma pewne filtry tre\u015bci i jest bezpieczniejszy do og\u00f3lnego u\u017cytku, podczas gdy sekcja niemoderowana jest wyra\u017anie oznaczona i nie jest zalecana dla u\u017cytkownik\u00f3w poni\u017cej 18 roku \u017cycia.<\/p>\n<p>Jest to prymitywna pr\u00f3ba kontroli tre\u015bci, ale przynajmniej daje u\u017cytkownikom wyb\u00f3r mi\u0119dzy \u015brodowiskami.<\/p>\n<h2>Jak korzysta\u0107 z Omegle<\/h2>\n<p>Cz\u0119\u015bci\u0105 trwa\u0142ej atrakcyjno\u015bci Omegle jest to, jak niezwykle \u0142atwo jest zacz\u0105\u0107 z niego korzysta\u0107. Oto prosty przewodnik, jak zacz\u0105\u0107.<\/p>\n<h3>Krok 1: Odwied\u017a stron\u0119 internetow\u0105<\/h3>\n<p>Przejd\u017a do Omegle. Zobaczysz minimalistyczn\u0105 stron\u0119 g\u0142\u00f3wn\u0105 z dwiema g\u0142\u00f3wnymi opcjami: Czat tekstowy lub Czat wideo.<\/p>\n<h3>Krok 2: Ustaw swoje preferencje<\/h3>\n<p>Wprowad\u017a dowolny interesuj\u0105cy Ci\u0119 temat w polu tekstowym, aby po\u0142\u0105czy\u0107 si\u0119 z u\u017cytkownikami o podobnych zainteresowaniach. Mo\u017cesz tak\u017ce wybra\u0107 pomi\u0119dzy czatowaniem anonimowym lub w trybie szpiegowskim. Mo\u017cesz tak\u017ce pozna\u0107 nast\u0119pn\u0105 dziewczyn\u0119 Omegle wybieraj\u0105c Dziewczyny jako p\u0142e\u0107.<\/p>\n<h3>Krok 3: Wybierz typ czatu<\/h3>\n<p>Kliknij \"Tekst\", aby rozpocz\u0105\u0107 tradycyjny czat, lub \"Wideo\", je\u015bli chcesz porozmawia\u0107 z kim\u015b twarz\u0105 w twarz. W przypadku wideo upewnij si\u0119, \u017ce kamera internetowa i mikrofon s\u0105 prawid\u0142owo skonfigurowane i dozwolone.<\/p>\n<h3>Krok 4: Czat lub pomini\u0119cie<\/h3>\n<p>Teraz rozmawiasz z nieznajomym. Mo\u017cesz pisa\u0107, m\u00f3wi\u0107 lub roz\u0142\u0105czy\u0107 si\u0119 w dowolnym momencie za pomoc\u0105 przycisk\u00f3w \"Stop\" lub \"Dalej\". Zako\u0144czenie czatu automatycznie ustawia w kolejce nowego nieznajomego.<\/p>\n<h3>Krok 5: U\u017cywaj odpowiedzialnie<\/h3>\n<p>Omegle wymaga od u\u017cytkownik\u00f3w wyra\u017cenia zgody na jego warunki, cho\u0107 ich egzekwowanie jest lu\u017ane. Zachowaj szacunek, ostro\u017cno\u015b\u0107 i \u015bwiadomo\u015b\u0107 otoczenia - a je\u015bli co\u015b wydaje si\u0119 nie tak, natychmiast si\u0119 roz\u0142\u0105cz.<\/p>\n<h2>Bezpiecze\u0144stwo i prywatno\u015b\u0107 w Omegle<\/h2>\n<p>B\u0105d\u017amy szczerzy: Omegle s\u0142ynie z obaw zwi\u0105zanych z bezpiecze\u0144stwem, zw\u0142aszcza w sekcjach czatu wideo. Chocia\u017c platforma podejmuje symboliczne wysi\u0142ki w kierunku moderacji, pozostaje w du\u017cej mierze niefiltrowan\u0105 przestrzeni\u0105, a u\u017cytkownicy musz\u0105 by\u0107 odpowiedzialni za ochron\u0119 siebie.<\/p>\n<h3>1. Brak konta = brak \u015bledzenia (ale tak\u017ce brak odpowiedzialno\u015bci)<\/h3>\n<p>U\u017cytkownik jest ca\u0142kowicie anonimowy - nie ma procesu rejestracji. Chocia\u017c jest to \u015bwietne dla prywatno\u015bci, oznacza to r\u00f3wnie\u017c, \u017ce nie ma wbudowanej odpowiedzialno\u015bci u\u017cytkownika, co u\u0142atwia rozw\u00f3j trolli lub z\u0142ych aktor\u00f3w.<\/p>\n<h3>2. Moderacja jest ograniczona<\/h3>\n<p>Chocia\u017c Omegle twierdzi, \u017ce jego czat wideo jest monitorowany, moderacja jest rzadka i powolna. Wielu u\u017cytkownik\u00f3w zg\u0142asza napotkanie nieodpowiednich tre\u015bci, nawet w moderowanej sekcji.<\/p>\n<p>Sekcja niemoderowana jest wyra\u017anie przeznaczona dla doros\u0142ych, bez filtr\u00f3w bezpiecze\u0144stwa. Nie jest bezpieczna dla nieletnich lub os\u00f3b szukaj\u0105cych czystych wra\u017ce\u0144.<\/p>\n<h3>3. Rejestrowanie IP<\/h3>\n<p>Omegle rejestruje adres IP u\u017cytkownika w celach moderacyjnych i prawnych. Mimo \u017ce u\u017cytkownik nie musi podawa\u0107 danych osobowych, jego po\u0142\u0105czenie mo\u017ce by\u0107 identyfikowalne w przypadku zg\u0142oszenia nadu\u017cycia.<\/p>\n<h3>4. Brak szyfrowania<\/h3>\n<p>W przeciwie\u0144stwie do niekt\u00f3rych nowszych konkurent\u00f3w, Omegle nie oferuje szyfrowania end-to-end. Oznacza to, \u017ce dane tekstowe i wideo mog\u0105 teoretycznie zosta\u0107 przechwycone.<\/p>\n<h2>Wra\u017cenia u\u017cytkownika na Omegle<\/h2>\n<p>Omegle zapewnia wyj\u0105tkowe, cz\u0119sto nieprzewidywalne wra\u017cenia - i w\u0142a\u015bnie dlatego ludzie wci\u0105\u017c do niego wracaj\u0105.<\/p>\n<h3>Dobry<\/h3>\n<ul>\n<li>\u0141atwy w u\u017cyciu: Bez rejestracji, bez pobierania, natychmiastowy czat.<\/li>\n<li>Czysto losowe: Rozmowy s\u0105 ca\u0142kowicie nieprzewidywalne - czasem zabawne, czasem szczere.<\/li>\n<li>Globalni odbiorcy: Poznawaj ludzi z ca\u0142ego \u015bwiata w czasie rzeczywistym.<\/li>\n<li>Tagi zainteresowania: Kiedy dzia\u0142aj\u0105, pomagaj\u0105 poprawi\u0107 jako\u015b\u0107 czatu.<\/li>\n<\/ul>\n<h3>Z\u0142y<\/h3>\n<ul>\n<li>Toksyczne zachowanie: N\u0119kanie, trollowanie i tre\u015bci o jednoznacznym charakterze to nadal g\u0142\u00f3wne problemy.<\/li>\n<li>Brak moderacji: Zw\u0142aszcza na czacie wideo z\u0142e zachowanie cz\u0119sto pozostaje niekontrolowane.<\/li>\n<li>Brak profili u\u017cytkownik\u00f3w: Zachowuje to anonimowo\u015b\u0107, ale jednocze\u015bnie eliminuje mo\u017cliwo\u015b\u0107 zaufania lub wiarygodno\u015bci.<\/li>\n<li>Aktywno\u015b\u0107 bot\u00f3w: U\u017cytkownicy cz\u0119sto zg\u0142aszaj\u0105 boty spamuj\u0105ce, oszustwa lub czaty skryptowe.<\/li>\n<\/ul>\n<h2>Omegle vs. inne platformy czatu<\/h2>\n<p>Oto jak Omegle wypada na tle innych popularnych platform w tej samej niszy:<\/p>\n<table>\n<thead>\n<tr>\n<th>Cecha<\/th>\n<th>Omegle<\/th>\n<th>Chatroulette<\/th>\n<th>Bazoocam<\/th>\n<th>StrangerCam<\/th>\n<th>Emerald Chat<\/th>\n<\/tr>\n<\/thead>\n<tbody>\n<tr>\n<td>Czat tekstowy<\/td>\n<td>Tak<\/td>\n<td>Tak<\/td>\n<td>Tak<\/td>\n<td>Tak<\/td>\n<td>Tak<\/td>\n<\/tr>\n<tr>\n<td>Czat wideo<\/td>\n<td>Tak<\/td>\n<td>Tak<\/td>\n<td>Tak<\/td>\n<td>Tak<\/td>\n<td>Tak<\/td>\n<\/tr>\n<tr>\n<td>Rejestracja<\/td>\n<td>Nie<\/td>\n<td>Nie<\/td>\n<td>Nie<\/td>\n<td>Nie<\/td>\n<td>Tak<\/td>\n<\/tr>\n<tr>\n<td>Dopasowanie odsetek<\/td>\n<td>Tak<\/td>\n<td>Nie<\/td>\n<td>Nie<\/td>\n<td>Nie<\/td>\n<td>Tak<\/td>\n<\/tr>\n<tr>\n<td>Gry<\/td>\n<td>Nie<\/td>\n<td>Nie<\/td>\n<td>Tak<\/td>\n<td>Nie<\/td>\n<td>Tak<\/td>\n<\/tr>\n<tr>\n<td>Moderacja<\/td>\n<td>\u26a0\ufe0f Limited<\/td>\n<td>Ulepszony<\/td>\n<td>Umiarkowany<\/td>\n<td>Dobry<\/td>\n<td>Silny<\/td>\n<\/tr>\n<tr>\n<td>Anonimowo\u015b\u0107<\/td>\n<td>Wysoki<\/td>\n<td>Wysoki<\/td>\n<td>Wysoki<\/td>\n<td>Wysoki<\/td>\n<td>\u274c Cz\u0119\u015bciowy<\/td>\n<\/tr>\n<tr>\n<td>Przyjazny dla urz\u0105dze\u0144 mobilnych<\/td>\n<td>Tak<\/td>\n<td>Tak<\/td>\n<td>Tak<\/td>\n<td>Tak<\/td>\n<td>Tak<\/td>\n<\/tr>\n<\/tbody>\n<\/table>\n<p>Omegle wygrywa pod wzgl\u0119dem dost\u0119pno\u015bci i globalnej popularno\u015bci, ale przegrywa pod wzgl\u0119dem bezpiecze\u0144stwa i nowoczesnych funkcji. To cyfrowa zabawa na ca\u0142ego - zabawna, chaotyczna i ryzykowna.<\/p>\n<h2>Wskaz\u00f3wki dotycz\u0105ce bezpiecznego korzystania z Omegle<\/h2>\n<p>Je\u015bli zamierzasz korzysta\u0107 z Omegle, powa\u017cnie potraktuj te \u015brodki ostro\u017cno\u015bci:<\/p>\n<ul>\n<li>Korzystaj z VPN: Ukryj sw\u00f3j adres IP, aby zapewni\u0107 sobie wi\u0119ksze bezpiecze\u0144stwo.<\/li>\n<li>Unikaj udost\u0119pniania danych osobowych: Nigdy nie udost\u0119pniaj swojego prawdziwego imienia i nazwiska, numeru telefonu, lokalizacji ani profili w mediach spo\u0142eczno\u015bciowych.<\/li>\n<li>Pozosta\u0144 na czacie tekstowym: Je\u015bli obawiasz si\u0119 nieodpowiednich tre\u015bci, pozosta\u0144 przy czacie tekstowym.<\/li>\n<li>U\u017cywaj tag\u00f3w zainteresowa\u0144: Pomagaj\u0105 one znale\u017a\u0107 osoby, kt\u00f3re chc\u0105 prowadzi\u0107 rzeczywiste rozmowy.<\/li>\n<li>Nie przechod\u017a na inne platformy: Oszu\u015bci cz\u0119sto pr\u00f3buj\u0105 nak\u0142oni\u0107 ci\u0119 do korzystania z aplikacji innych firm. Nie pod\u0105\u017caj za nimi.<\/li>\n<li>Zg\u0142aszaj podejrzane zachowania: Chocia\u017c egzekwowanie przepis\u00f3w jest powolne, ka\u017cde zg\u0142oszenie pomaga oczy\u015bci\u0107 platform\u0119.<\/li>\n<li>Wyloguj si\u0119 i wyczy\u015b\u0107 pami\u0119\u0107 podr\u0119czn\u0105: Po zako\u0144czeniu sesji wyczy\u015b\u0107 pami\u0119\u0107 podr\u0119czn\u0105 przegl\u0105darki i pliki cookie, aby zapewni\u0107 sobie dodatkow\u0105 prywatno\u015b\u0107.<\/li>\n<\/ul>\n<h2>Rozwi\u0105zywanie typowych problem\u00f3w z Omegle<\/h2>\n<p>Oto jak rozwi\u0105za\u0107 najcz\u0119stsze problemy napotykane przez u\u017cytkownik\u00f3w:<\/p>\n<h3>Kamera nie dzia\u0142a<\/h3>\n<p>Upewnij si\u0119, \u017ce przegl\u0105darka ma uprawnienia dost\u0119pu do kamery. Sprawd\u017a ustawienia przegl\u0105darki Chrome lub Firefox.<\/p>\n<h3>B\u0142\u0105d po\u0142\u0105czenia<\/h3>\n<p>Spr\u00f3buj od\u015bwie\u017cy\u0107 stron\u0119, zmieni\u0107 przegl\u0105dark\u0119 lub u\u017cy\u0107 VPN, je\u015bli Omegle jest zablokowany w Twoim kraju.<\/p>\n<h3>IP zbanowany<\/h3>\n<p>Bany Omegle s\u0105 oparte na IP. Mo\u017cesz spr\u00f3bowa\u0107 zmieni\u0107 sie\u0107, u\u017cy\u0107 VPN lub poczeka\u0107, a\u017c zakaz zostanie zniesiony (cz\u0119sto 1-7 dni).<\/p>\n<h3>Ci\u0105g\u0142e roz\u0142\u0105czenia<\/h3>\n<p>Mo\u017ce to by\u0107 spowodowane problemami z serwerem lub szybkim pomijaniem przez innych u\u017cytkownik\u00f3w. Spr\u00f3buj zmieni\u0107 tagi zainteresowa\u0144 lub korzysta\u0107 z witryny w innym czasie.<\/p>\n<p>Omegle to wci\u0105\u017c jeden z najpopularniejszych czat\u00f3w losowych na \u015bwiecie. Natychmiastowy dost\u0119p, ca\u0142kowita anonimowo\u015b\u0107 i nieprzewidywalny charakter sprawiaj\u0105, \u017ce jest to ekscytuj\u0105ca platforma dla tych, kt\u00f3rzy chc\u0105 prze\u0142ama\u0107 rutyn\u0119.<\/p>\n<p>Nie jest to jednak rozwi\u0105zanie dla ka\u017cdego. Je\u015bli nie czujesz si\u0119 komfortowo z tre\u015bciami NSFW, botami lub brakiem moderacji, lepiej poszukaj bezpieczniejszych alternatyw, takich jak Emerald Chat, StrangerCam lub Bazoocam.<\/p>\n<p>Dla tych, kt\u00f3rzy wiedz\u0105, w co si\u0119 pakuj\u0105 - i podejmuj\u0105 odpowiednie \u015brodki ostro\u017cno\u015bci - Omegle mo\u017ce nadal dostarcza\u0107 surow\u0105, nieskryptowan\u0105 energi\u0119 spo\u0142eczn\u0105, kt\u00f3ra uczyni\u0142a go s\u0142awnym.<\/p>\n<p>Niezale\u017cnie od tego, czy chcesz pozna\u0107 kogo\u015b z ca\u0142ego \u015bwiata, czy po prostu odby\u0107 dziwn\u0105, niezapomnian\u0105 rozmow\u0119 o 2 w nocy, Omegle to wci\u0105\u017c oryginalna maszyna do dziwnych rozm\u00f3w w Internecie.<\/p>","protected":false},"excerpt":{"rendered":"<p>Before the era of TikTok lives, Discord communities, and endless swiping on dating apps, there was Omegle \u2014 the raw, unfiltered gateway to talking with total strangers online. Created in 2009 by an 18-year-old Leif K-Brooks, Omegle took the internet by storm with a concept that was as simple as it was revolutionary: pairing two [&hellip;]<\/p>\n","protected":false},"author":6,"featured_media":0,"parent":0,"menu_order":0,"comment_status":"closed","ping_status":"closed","template":"","meta":{"footnotes":""},"class_list":["post-90","page","type-page","status-publish","hentry"],"yoast_head":"<!-- This site is optimized with the Yoast SEO plugin v27.5 - https:\/\/yoast.com\/product\/yoast-seo-wordpress\/ -->\n<title>Omegle - The Original Random Video Chat - TinyChat.com<\/title>\n<meta name=\"description\" content=\"Enjoying Omegle? Join over 50,000,000 strangers on TinyChat! Turn on your cam and start meeting new people, or find a match.\" \/>\n<meta name=\"robots\" content=\"index, follow, max-snippet:-1, max-image-preview:large, max-video-preview:-1\" \/>\n<link rel=\"canonical\" href=\"https:\/\/tinychat.com\/pl\/omegle\/\" \/>\n<meta property=\"og:locale\" content=\"pl_PL\" \/>\n<meta property=\"og:type\" content=\"article\" \/>\n<meta property=\"og:title\" content=\"Omegle - The Original Random Video Chat - TinyChat.com\" \/>\n<meta property=\"og:description\" content=\"Enjoying Omegle? Join over 50,000,000 strangers on TinyChat! Turn on your cam and start meeting new people, or find a match.\" \/>\n<meta property=\"og:url\" content=\"https:\/\/tinychat.com\/pl\/omegle\/\" \/>\n<meta property=\"og:site_name\" content=\"TinyChat\" \/>\n<meta property=\"article:publisher\" content=\"https:\/\/www.facebook.com\/tinychat\" \/>\n<meta property=\"article:modified_time\" content=\"2025-07-21T09:56:11+00:00\" \/>\n<meta property=\"og:image\" content=\"https:\/\/tinychat.com\/wp-content\/uploads\/2020\/04\/Tinychat-logo-1280x284-new-black.png\" \/>\n\t<meta property=\"og:image:width\" content=\"1280\" \/>\n\t<meta property=\"og:image:height\" content=\"284\" \/>\n\t<meta property=\"og:image:type\" content=\"image\/png\" \/>\n<meta name=\"twitter:card\" content=\"summary_large_image\" \/>\n<meta name=\"twitter:site\" content=\"@tinychat\" \/>\n<meta name=\"twitter:label1\" content=\"Szacowany czas czytania\" \/>\n\t<meta name=\"twitter:data1\" content=\"7 minut\" \/>\n<script type=\"application\/ld+json\" class=\"yoast-schema-graph\">{\"@context\":\"https:\\\/\\\/schema.org\",\"@graph\":[{\"@type\":\"WebPage\",\"@id\":\"https:\\\/\\\/tinychat.com\\\/omegle\\\/\",\"url\":\"https:\\\/\\\/tinychat.com\\\/omegle\\\/\",\"name\":\"Omegle - The Original Random Video Chat - TinyChat.com\",\"isPartOf\":{\"@id\":\"https:\\\/\\\/tinychat.com\\\/#website\"},\"datePublished\":\"2024-06-24T16:49:58+00:00\",\"dateModified\":\"2025-07-21T09:56:11+00:00\",\"description\":\"Enjoying Omegle? Join over 50,000,000 strangers on TinyChat! Turn on your cam and start meeting new people, or find a match.\",\"breadcrumb\":{\"@id\":\"https:\\\/\\\/tinychat.com\\\/omegle\\\/#breadcrumb\"},\"inLanguage\":\"pl-PL\",\"potentialAction\":[{\"@type\":\"ReadAction\",\"target\":[\"https:\\\/\\\/tinychat.com\\\/omegle\\\/\"]}]},{\"@type\":\"BreadcrumbList\",\"@id\":\"https:\\\/\\\/tinychat.com\\\/omegle\\\/#breadcrumb\",\"itemListElement\":[{\"@type\":\"ListItem\",\"position\":1,\"name\":\"Home\",\"item\":\"https:\\\/\\\/tinychat.com\\\/\"},{\"@type\":\"ListItem\",\"position\":2,\"name\":\"Omegle\"}]},{\"@type\":\"WebSite\",\"@id\":\"https:\\\/\\\/tinychat.com\\\/#website\",\"url\":\"https:\\\/\\\/tinychat.com\\\/\",\"name\":\"TinyChat\",\"description\":\"Random Video Chat with Strangers\",\"publisher\":{\"@id\":\"https:\\\/\\\/tinychat.com\\\/#organization\"},\"alternateName\":\"TinyChat.com\",\"potentialAction\":[{\"@type\":\"SearchAction\",\"target\":{\"@type\":\"EntryPoint\",\"urlTemplate\":\"https:\\\/\\\/tinychat.com\\\/?s={search_term_string}\"},\"query-input\":{\"@type\":\"PropertyValueSpecification\",\"valueRequired\":true,\"valueName\":\"search_term_string\"}}],\"inLanguage\":\"pl-PL\"},{\"@type\":\"Organization\",\"@id\":\"https:\\\/\\\/tinychat.com\\\/#organization\",\"name\":\"TinyChat\",\"alternateName\":\"TinyChat.com\",\"url\":\"https:\\\/\\\/tinychat.com\\\/\",\"logo\":{\"@type\":\"ImageObject\",\"inLanguage\":\"pl-PL\",\"@id\":\"https:\\\/\\\/tinychat.com\\\/#\\\/schema\\\/logo\\\/image\\\/\",\"url\":\"https:\\\/\\\/tinychat.com\\\/wp-content\\\/uploads\\\/2023\\\/11\\\/Tinychat-icon-square.png\",\"contentUrl\":\"https:\\\/\\\/tinychat.com\\\/wp-content\\\/uploads\\\/2023\\\/11\\\/Tinychat-icon-square.png\",\"width\":284,\"height\":284,\"caption\":\"TinyChat\"},\"image\":{\"@id\":\"https:\\\/\\\/tinychat.com\\\/#\\\/schema\\\/logo\\\/image\\\/\"},\"sameAs\":[\"https:\\\/\\\/www.facebook.com\\\/tinychat\",\"https:\\\/\\\/x.com\\\/tinychat\"]}]}<\/script>\n<!-- \/ Yoast SEO plugin. -->","yoast_head_json":{"title":"Omegle - Oryginalny losowy czat wideo - TinyChat.com","description":"Korzystasz z Omegle? Do\u0142\u0105cz do ponad 50 000 000 nieznajomych na TinyChat! W\u0142\u0105cz kamer\u0119 i zacznij poznawa\u0107 nowych ludzi lub znajd\u017a partnera.","robots":{"index":"index","follow":"follow","max-snippet":"max-snippet:-1","max-image-preview":"max-image-preview:large","max-video-preview":"max-video-preview:-1"},"canonical":"https:\/\/tinychat.com\/pl\/omegle\/","og_locale":"pl_PL","og_type":"article","og_title":"Omegle - The Original Random Video Chat - TinyChat.com","og_description":"Enjoying Omegle? Join over 50,000,000 strangers on TinyChat! Turn on your cam and start meeting new people, or find a match.","og_url":"https:\/\/tinychat.com\/pl\/omegle\/","og_site_name":"TinyChat","article_publisher":"https:\/\/www.facebook.com\/tinychat","article_modified_time":"2025-07-21T09:56:11+00:00","og_image":[{"width":1280,"height":284,"url":"https:\/\/tinychat.com\/wp-content\/uploads\/2020\/04\/Tinychat-logo-1280x284-new-black.png","type":"image\/png"}],"twitter_card":"summary_large_image","twitter_site":"@tinychat","twitter_misc":{"Szacowany czas czytania":"7 minut"},"schema":{"@context":"https:\/\/schema.org","@graph":[{"@type":"WebPage","@id":"https:\/\/tinychat.com\/omegle\/","url":"https:\/\/tinychat.com\/omegle\/","name":"Omegle - Oryginalny losowy czat wideo - TinyChat.com","isPartOf":{"@id":"https:\/\/tinychat.com\/#website"},"datePublished":"2024-06-24T16:49:58+00:00","dateModified":"2025-07-21T09:56:11+00:00","description":"Korzystasz z Omegle? Do\u0142\u0105cz do ponad 50 000 000 nieznajomych na TinyChat! W\u0142\u0105cz kamer\u0119 i zacznij poznawa\u0107 nowych ludzi lub znajd\u017a partnera.","breadcrumb":{"@id":"https:\/\/tinychat.com\/omegle\/#breadcrumb"},"inLanguage":"pl-PL","potentialAction":[{"@type":"ReadAction","target":["https:\/\/tinychat.com\/omegle\/"]}]},{"@type":"BreadcrumbList","@id":"https:\/\/tinychat.com\/omegle\/#breadcrumb","itemListElement":[{"@type":"ListItem","position":1,"name":"Home","item":"https:\/\/tinychat.com\/"},{"@type":"ListItem","position":2,"name":"Omegle"}]},{"@type":"WebSite","@id":"https:\/\/tinychat.com\/#website","url":"https:\/\/tinychat.com\/","name":"TinyChat","description":"Losowy czat wideo z nieznajomymi","publisher":{"@id":"https:\/\/tinychat.com\/#organization"},"alternateName":"TinyChat.com","potentialAction":[{"@type":"SearchAction","target":{"@type":"EntryPoint","urlTemplate":"https:\/\/tinychat.com\/?s={search_term_string}"},"query-input":{"@type":"PropertyValueSpecification","valueRequired":true,"valueName":"search_term_string"}}],"inLanguage":"pl-PL"},{"@type":"Organization","@id":"https:\/\/tinychat.com\/#organization","name":"TinyChat","alternateName":"TinyChat.com","url":"https:\/\/tinychat.com\/","logo":{"@type":"ImageObject","inLanguage":"pl-PL","@id":"https:\/\/tinychat.com\/#\/schema\/logo\/image\/","url":"https:\/\/tinychat.com\/wp-content\/uploads\/2023\/11\/Tinychat-icon-square.png","contentUrl":"https:\/\/tinychat.com\/wp-content\/uploads\/2023\/11\/Tinychat-icon-square.png","width":284,"height":284,"caption":"TinyChat"},"image":{"@id":"https:\/\/tinychat.com\/#\/schema\/logo\/image\/"},"sameAs":["https:\/\/www.facebook.com\/tinychat","https:\/\/x.com\/tinychat"]}]}},"_links":{"self":[{"href":"https:\/\/tinychat.com\/pl\/wp-json\/wp\/v2\/pages\/90","targetHints":{"allow":["GET"]}}],"collection":[{"href":"https:\/\/tinychat.com\/pl\/wp-json\/wp\/v2\/pages"}],"about":[{"href":"https:\/\/tinychat.com\/pl\/wp-json\/wp\/v2\/types\/page"}],"author":[{"embeddable":true,"href":"https:\/\/tinychat.com\/pl\/wp-json\/wp\/v2\/users\/6"}],"replies":[{"embeddable":true,"href":"https:\/\/tinychat.com\/pl\/wp-json\/wp\/v2\/comments?post=90"}],"version-history":[{"count":4,"href":"https:\/\/tinychat.com\/pl\/wp-json\/wp\/v2\/pages\/90\/revisions"}],"predecessor-version":[{"id":13341,"href":"https:\/\/tinychat.com\/pl\/wp-json\/wp\/v2\/pages\/90\/revisions\/13341"}],"wp:attachment":[{"href":"https:\/\/tinychat.com\/pl\/wp-json\/wp\/v2\/media?parent=90"}],"curies":[{"name":"wp","href":"https:\/\/api.w.org\/{rel}","templated":true}]}}