{"id":9038,"date":"2025-08-14T09:37:31","date_gmt":"2025-08-14T07:37:31","guid":{"rendered":"https:\/\/tinychat.com\/?page_id=9038"},"modified":"2025-08-14T09:58:55","modified_gmt":"2025-08-14T07:58:55","slug":"free-online-chat","status":"publish","type":"page","link":"https:\/\/tinychat.com\/pl\/free-online-chat\/","title":{"rendered":"Bezp\u0142atny czat online"},"content":{"rendered":"<p>W erze, w kt\u00f3rej wi\u0119kszo\u015b\u0107 platform spo\u0142eczno\u015bciowych jest powi\u0105zana z algorytmami, polubieniami i nieko\u0144cz\u0105cym si\u0119 przewijaniem, darmowy czat online oferuje co\u015b od\u015bwie\u017caj\u0105co prostego - prawdziw\u0105 rozmow\u0119. Niezale\u017cnie od tego, czy chodzi o zabicie czasu, poznanie kogo\u015b z innego kraju, podzielenie si\u0119 zainteresowaniami, czy po prostu przywitanie si\u0119, te platformy czatu zapewniaj\u0105 natychmiastowy dost\u0119p do ludzi z ca\u0142ego \u015bwiata.<\/p>\n<p>A co najlepsze? Nie musisz wydawa\u0107 ani grosza, ani pobiera\u0107 skomplikowanego oprogramowania, aby zacz\u0105\u0107.<\/p>\n<h2>Czym jest darmowy czat online?<\/h2>\n<p>Darmowy czat online to us\u0142uga, kt\u00f3ra umo\u017cliwia natychmiastowe \u0142\u0105czenie si\u0119 z innymi osobami za po\u015brednictwem tekstu, d\u017awi\u0119ku lub wideo - bez \u017cadnych koszt\u00f3w. Koncepcja jest prosta: do\u0142\u0105czasz do pokoju czatu lub rozmowy jeden na jednego i zaczynasz rozmawia\u0107. Wiele platform nie wymaga rejestracji, co oznacza, \u017ce mo\u017cesz zacz\u0105\u0107 czatowa\u0107 w ci\u0105gu kilku sekund.<\/p>\n<p>W zale\u017cno\u015bci od witryny lub aplikacji, darmowy czat online mo\u017ce przybiera\u0107 r\u00f3\u017cne formy:<\/p>\n<ul>\n<li>Czaty tekstowe - \u015bwietne do szybkich, anonimowych rozm\u00f3w.<\/li>\n<li>Czat wideo - interakcja twarz\u0105 w twarz bez konieczno\u015bci osobistego spotkania.<\/li>\n<li>Czat g\u0142osowy - idealny, je\u015bli wolisz rozmawia\u0107 bez u\u017cycia kamery.<\/li>\n<li>Przestrzenie czatu grupowego - Do\u0142\u0105cz do rozm\u00f3w na okre\u015blone tematy lub zainteresowania.<\/li>\n<\/ul>\n<h2>Dlaczego ludzie wybieraj\u0105 darmowy czat online zamiast medi\u00f3w spo\u0142eczno\u015bciowych?<\/h2>\n<p>Media spo\u0142eczno\u015bciowe mog\u0105 \u0142\u0105czy\u0107 miliardy ludzi, ale daleko im do osobistych relacji. Z drugiej strony, darmowy czat online polega na bezpo\u015bredniej rozmowie w czasie rzeczywistym bez presji utrzymywania profilu lub liczby obserwuj\u0105cych.<\/p>\n<p>Oto dlaczego jest to tak atrakcyjne:<\/p>\n<ul>\n<li>Natychmiastowe po\u0142\u0105czenie - nie trzeba czeka\u0107 na zaakceptowanie zaproszenia do grona znajomych.<\/li>\n<li>Brak algorytmu - rozmowy odbywaj\u0105 si\u0119 w czasie rzeczywistym, nie s\u0105 filtrowane przez kana\u0142.<\/li>\n<li>Prywatno\u015b\u0107 - nie musisz ujawnia\u0107 swojej to\u017csamo\u015bci, je\u015bli tego nie chcesz.<\/li>\n<li>R\u00f3\u017cnorodno\u015b\u0107 - Rozmawiaj z lud\u017ami z r\u00f3\u017cnych kraj\u00f3w, kultur i \u015brodowisk.<\/li>\n<li>R\u00f3\u017cnorodno\u015b\u0107 - od swobodnych pogaw\u0119dek po g\u0142\u0119bokie dyskusje, to Ty nadajesz ton.<\/li>\n<\/ul>\n<h2>Jak dzia\u0142a darmowy czat online<\/h2>\n<p>Rozpocz\u0119cie pracy jest \u0142atwiejsze ni\u017c my\u015blisz. Oto typowy proces:<\/p>\n<ol>\n<li>Wybierz platform\u0119 - dost\u0119pne s\u0105 r\u00f3\u017cne opcje, od dedykowanych darmowych czat\u00f3w online po strony z czatami wideo, takie jak TinyChat, Chatspin i CooMeet.<\/li>\n<li>Zdecyduj o swoim stylu - Czy chcesz prowadzi\u0107 czat tekstowy, g\u0142osowy czy wideo?<\/li>\n<li>Natychmiastowe do\u0142\u0105czenie - wiele witryn nie wymaga rejestracji - wystarczy klikn\u0105\u0107 \"Rozpocznij\" i jeste\u015b po\u0142\u0105czony.<\/li>\n<li>Zaanga\u017cuj si\u0119 lub przejd\u017a dalej - pozosta\u0144 przy rozmowie, kt\u00f3r\u0105 lubisz, lub przejd\u017a do nowej w dowolnym momencie.<\/li>\n<\/ol>\n<h2>Rodzaje bezp\u0142atnych platform czatu online<\/h2>\n<p>Nie wszystkie darmowe us\u0142ugi czatu online s\u0105 takie same. Oto g\u0142\u00f3wne style:<\/p>\n<h3>1. Darmowe czaty online<\/h3>\n<p>S\u0105 to cyfrowe przestrzenie, w kt\u00f3rych wiele os\u00f3b mo\u017ce pisa\u0107 wiadomo\u015bci w czasie rzeczywistym. Mog\u0105 by\u0107 otwarte dla wszystkich lub koncentrowa\u0107 si\u0119 na tematach takich jak muzyka, gry lub podr\u00f3\u017ce.<\/p>\n<h3>2. Bezp\u0142atny czat online jeden na jednego<\/h3>\n<p>Podobne do wiadomo\u015bci bezpo\u015brednich, ale z nieznajomymi. Mog\u0105 to by\u0107 wiadomo\u015bci tekstowe lub zawieraj\u0105ce wideo i audio.<\/p>\n<h3>3. Darmowy losowy czat<\/h3>\n<p>Ca\u0142kowicie niefiltrowany spos\u00f3b na poznanie kogo\u015b nowego, cz\u0119sto dopasowuj\u0105cy Ci\u0119 do losowego u\u017cytkownika w dowolnym miejscu na \u015bwiecie. Mo\u017cesz pomin\u0105\u0107 i natychmiast po\u0142\u0105czy\u0107 si\u0119 z now\u0105 osob\u0105.<\/p>\n<h3>4. Darmowy czat wideo online<\/h3>\n<p>Dla tych, kt\u00f3rzy wol\u0105 komunikacj\u0119 twarz\u0105 w twarz, platformy umo\u017cliwiaj\u0105 rozmowy wideo na \u017cywo bez rejestracji i p\u0142atno\u015bci.<\/p>\n<h3>5. Niszowe platformy czatu<\/h3>\n<p>Niekt\u00f3re us\u0142ugi czatu koncentruj\u0105 si\u0119 na okre\u015blonych spo\u0142eczno\u015bciach, takich jak gracze, single lub osoby ucz\u0105ce si\u0119 j\u0119zyk\u00f3w obcych.<\/p>\n<h2>TinyChat: wyr\u00f3\u017cniaj\u0105ca si\u0119 opcja bezp\u0142atnego czatu online<\/h2>\n<p>Chocia\u017c istniej\u0105 dziesi\u0105tki platform, TinyChat jest jedn\u0105, kt\u00f3ra konsekwentnie zapewnia r\u00f3\u017cnorodne do\u015bwiadczenia czatu w przyjazny dla u\u017cytkownika spos\u00f3b.<\/p>\n<p>Dlaczego warto spr\u00f3bowa\u0107:<\/p>\n<ul>\n<li>Do\u0142\u0105cz bez rejestracji - natychmiast do\u0142\u0105cz do pokoju publicznego.<\/li>\n<li>Wiele format\u00f3w czatu - dost\u0119pne s\u0105 formaty wideo, audio i tekstowe.<\/li>\n<li>Pokoje tematyczne - Znajd\u017a miejsca do randek, muzyki, polityki lub og\u00f3lnych spotka\u0144.<\/li>\n<li>Stw\u00f3rz sw\u00f3j w\u0142asny pok\u00f3j - prowad\u017a prywatne rozmowy lub zapraszaj innych.<\/li>\n<li>Dzia\u0142a na ka\u017cdym urz\u0105dzeniu - w przegl\u0105darce lub za po\u015brednictwem aplikacji na iOS\/Androida.<\/li>\n<\/ul>\n<p>Je\u015bli chcesz zachowa\u0107 r\u00f3wnowag\u0119 mi\u0119dzy przypadkowymi rozmowami a ustrukturyzowanymi rozmowami opartymi na zainteresowaniach, TinyChat jest doskona\u0142ym wyborem.<\/p>\n<h2>Bezpiecze\u0144stwo podczas korzystania z darmowego czatu online<\/h2>\n<p>Chocia\u017c wi\u0119kszo\u015b\u0107 ludzi korzysta z tych us\u0142ug z szacunkiem, wa\u017cne jest, aby pami\u0119ta\u0107 o bezpiecze\u0144stwie - zw\u0142aszcza podczas czatowania z nieznajomymi.<\/p>\n<ul>\n<li>Zachowaj prywatno\u015b\u0107 swoich danych - unikaj udost\u0119pniania adresu, numeru telefonu lub miejsca pracy.<\/li>\n<li>U\u017cywaj pseudonimu - pozosta\u0144 anonimowy, dop\u00f3ki nie poczujesz si\u0119 komfortowo, ujawniaj\u0105c wi\u0119cej.<\/li>\n<li>Kontroluj kamer\u0119 - zwracaj uwag\u0119 na to, co jest widoczne w tle.<\/li>\n<li>Natychmiast ko\u0144cz niechciane czaty - Nie wahaj si\u0119 opu\u015bci\u0107 rozmowy, kt\u00f3ra wydaje si\u0119 niew\u0142a\u015bciwa.<\/li>\n<li>Zg\u0142aszanie z\u0142ych zachowa\u0144 - wi\u0119kszo\u015b\u0107 platform ma \u0142atwy system raportowania.<\/li>\n<\/ul>\n<h2>Kto korzysta z darmowego czatu online?<\/h2>\n<p>Jedn\u0105 z fascynuj\u0105cych rzeczy w darmowych czatach online jest r\u00f3\u017cnorodno\u015b\u0107 ludzi, kt\u00f3rych mo\u017cna pozna\u0107. Mo\u017cesz po\u0142\u0105czy\u0107 si\u0119 z:<\/p>\n<ul>\n<li>Studenci chc\u0105cy \u0107wiczy\u0107 drugi j\u0119zyk.<\/li>\n<li>Podr\u00f3\u017cni dziel\u0105 si\u0119 wskaz\u00f3wkami i historiami.<\/li>\n<li>Singli szukaj\u0105cych niezobowi\u0105zuj\u0105cych rozm\u00f3w lub randek.<\/li>\n<li>Osoby pracuj\u0105ce w domu, kt\u00f3re chc\u0105 interakcji spo\u0142ecznych.<\/li>\n<li>Hobby\u015bci dyskutuj\u0105cy o swoich ulubionych rozrywkach.<\/li>\n<\/ul>\n<h2>Korzy\u015bci z bezp\u0142atnego czatu online<\/h2>\n<p>Nie bez powodu ludzie wracaj\u0105 do darmowych platform czatu online. Niekt\u00f3re kluczowe zalety obejmuj\u0105:<\/p>\n<ul>\n<li>Dost\u0119pno\u015b\u0107 - nie wymaga op\u0142at ani drogiego sprz\u0119tu.<\/li>\n<li>Szybko\u015b\u0107 - mo\u017cesz zacz\u0105\u0107 czatowa\u0107 w ci\u0105gu kilku sekund.<\/li>\n<li>Elastyczno\u015b\u0107 - do\u0142\u0105cz na kilka minut lub zosta\u0144 na wiele godzin.<\/li>\n<li>Niska presja - brak obowi\u0105zku utrzymywania kontaktu, je\u015bli nie chcesz.<\/li>\n<li>Serendipity - Ka\u017cdy czat jest inny; nigdy nie wiesz, kogo spotkasz.<\/li>\n<\/ul>\n<h2>Darmowy czat online a p\u0142atne us\u0142ugi czatu<\/h2>\n<p>P\u0142atne platformy czatowe oferuj\u0105 czasem wi\u0119cej opcji filtrowania, zaawansowane funkcje lub \u015brodowiska wolne od reklam. Jednak dla wielu os\u00f3b darmowe strony czatu s\u0105 wi\u0119cej ni\u017c wystarczaj\u0105ce.<\/p>\n<table>\n<thead>\n<tr>\n<th>Cecha<\/th>\n<th>Bezp\u0142atny czat online<\/th>\n<th>P\u0142atne us\u0142ugi czatu<\/th>\n<\/tr>\n<\/thead>\n<tbody>\n<tr>\n<td>Koszt<\/td>\n<td>Darmowy<\/td>\n<td>Subskrypcja<\/td>\n<\/tr>\n<tr>\n<td>Natychmiastowy dost\u0119p<\/td>\n<td>Tak<\/td>\n<td>\u26a0\ufe0f Czasami ograniczone<\/td>\n<\/tr>\n<tr>\n<td>Globalny zasi\u0119g<\/td>\n<td>Tak<\/td>\n<td>Tak<\/td>\n<\/tr>\n<tr>\n<td>Filtry zainteresowa\u0144<\/td>\n<td>\u26a0\ufe0f Limited<\/td>\n<td>Rozleg\u0142y<\/td>\n<\/tr>\n<tr>\n<td>Bez zobowi\u0105za\u0144<\/td>\n<td>Tak<\/td>\n<td>\u26a0\ufe0f Zazwyczaj wymaga rejestracji<\/td>\n<\/tr>\n<\/tbody>\n<\/table>\n<h2>Wskaz\u00f3wki dotycz\u0105ce korzystania z darmowego czatu online<\/h2>\n<p>Chcesz jak najlepiej wykorzysta\u0107 darmowe sesje czatu online? Oto kilka wskaz\u00f3wek:<\/p>\n<ul>\n<li>B\u0105d\u017a uprzejmy i pe\u0142en szacunku - to nadaje ton lepszym rozmowom.<\/li>\n<li>Korzystaj z tag\u00f3w zainteresowa\u0144 - pomagaj\u0105 one dopasowa\u0107 Ci\u0119 do os\u00f3b, kt\u00f3re podzielaj\u0105 Twoje hobby.<\/li>\n<li>Wypr\u00f3buj r\u00f3\u017cne godziny - w zale\u017cno\u015bci od godziny spotkasz r\u00f3\u017cne typy ludzi.<\/li>\n<li>Nie traktuj tego zbyt powa\u017cnie - wejd\u017a z otwartym umys\u0142em i baw si\u0119 dobrze.<\/li>\n<li>Przygotuj si\u0119 na pomini\u0119cie - nie ka\u017cdy czat b\u0119dzie anga\u017cuj\u0105cy i to jest w porz\u0105dku.<\/li>\n<\/ul>\n<h2>Dlaczego darmowy czat online zostanie z nami na d\u0142u\u017cej?<\/h2>\n<p>W czasach, gdy wiele platform internetowych zajmuje si\u0119 budowaniem publiczno\u015bci lub sprzeda\u017c\u0105 reklam, darmowy czat online koncentruje si\u0119 na tym, w czym internet by\u0142 pierwotnie \u015bwietny - \u0142\u0105czeniu ludzi. Bez algorytm\u00f3w kontroluj\u0105cych to, kogo spotykasz i bez koszt\u00f3w, kt\u00f3re Ci\u0119 powstrzymuj\u0105, jest to \u0142atwy i przyjemny spos\u00f3b na podzielenie si\u0119 chwil\u0105 z kim\u015b nowym.<\/p>\n<p>Niezale\u017cnie od tego, czy jeste\u015b w nastroju do swobodnej rozmowy, g\u0142\u0119bokiej dyskusji, czy po prostu chcesz sp\u0119dzi\u0107 czas z przyjaznymi nieznajomymi, zawsze czeka na Ciebie czat lub rozmowa na \u017cywo.<\/p>\n<p>Darmowy czat online to jeden z najprostszych, najszybszych i najbardziej dost\u0119pnych sposob\u00f3w nawi\u0105zywania kontakt\u00f3w z lud\u017ami na ca\u0142ym \u015bwiecie. Niezale\u017cnie od tego, czy wybierzesz czat tekstowy, rozmow\u0119 wideo jeden na jednego, czy dyskusj\u0119 grupow\u0105 na temat ulubionego hobby, mo\u017cesz natychmiast rozpocz\u0105\u0107 rozmow\u0119 - bez karty kredytowej, bez pobierania, bez zamieszania.<\/p>\n<p>Pi\u0119kno tkwi w wolno\u015bci: mo\u017cesz pozna\u0107 kogo\u015b nowego w ci\u0105gu kilku sekund, rozmawia\u0107 tak d\u0142ugo, jak chcesz i i\u015b\u0107 dalej, kiedy tylko chcesz. W \u015bwiecie, w kt\u00f3rym trudno znale\u017a\u0107 prawdziw\u0105 ludzk\u0105 wi\u0119\u017a, darmowy czat online sprawia, \u017ce jest to \u0142atwe.<\/p>","protected":false},"excerpt":{"rendered":"<p>In an era where most social platforms are tied to algorithms, likes, and endless scrolling, free online chat offers something refreshingly simple\u2014real conversation. Whether it\u2019s to pass the time, meet someone from another country, share interests, or just say hello, these chat platforms give you instant access to people from all over the world. Best [&hellip;]<\/p>\n","protected":false},"author":8,"featured_media":0,"parent":0,"menu_order":0,"comment_status":"closed","ping_status":"closed","template":"","meta":{"footnotes":""},"class_list":["post-9038","page","type-page","status-publish","hentry"],"yoast_head":"<!-- This site is optimized with the Yoast SEO plugin v27.6 - https:\/\/yoast.com\/product\/yoast-seo-wordpress\/ -->\n<title>Free Online Chat with Video Chat on TinyChat.com<\/title>\n<meta name=\"description\" content=\"Enjoying Free Online Chat? Join over 50,000,000 strangers on TinyChat! Turn on your cam and start meeting new people, or find a match.\" \/>\n<meta name=\"robots\" content=\"index, follow, max-snippet:-1, max-image-preview:large, max-video-preview:-1\" \/>\n<link rel=\"canonical\" href=\"https:\/\/tinychat.com\/pl\/free-online-chat\/\" \/>\n<meta property=\"og:locale\" content=\"pl_PL\" \/>\n<meta property=\"og:type\" content=\"article\" \/>\n<meta property=\"og:title\" content=\"Free Online Chat with Video Chat on TinyChat.com\" \/>\n<meta property=\"og:description\" content=\"Enjoying Free Online Chat? Join over 50,000,000 strangers on TinyChat! Turn on your cam and start meeting new people, or find a match.\" \/>\n<meta property=\"og:url\" content=\"https:\/\/tinychat.com\/pl\/free-online-chat\/\" \/>\n<meta property=\"og:site_name\" content=\"TinyChat\" \/>\n<meta property=\"article:publisher\" content=\"https:\/\/www.facebook.com\/tinychat\" \/>\n<meta property=\"article:modified_time\" content=\"2025-08-14T07:58:55+00:00\" \/>\n<meta property=\"og:image\" content=\"https:\/\/tinychat.com\/wp-content\/uploads\/2020\/04\/Tinychat-logo-1280x284-new-black.png\" \/>\n\t<meta property=\"og:image:width\" content=\"1280\" \/>\n\t<meta property=\"og:image:height\" content=\"284\" \/>\n\t<meta property=\"og:image:type\" content=\"image\/png\" \/>\n<meta name=\"twitter:card\" content=\"summary_large_image\" \/>\n<meta name=\"twitter:site\" content=\"@tinychat\" \/>\n<meta name=\"twitter:label1\" content=\"Szacowany czas czytania\" \/>\n\t<meta name=\"twitter:data1\" content=\"6 minut\" \/>\n<script type=\"application\/ld+json\" class=\"yoast-schema-graph\">{\"@context\":\"https:\\\/\\\/schema.org\",\"@graph\":[{\"@type\":\"WebPage\",\"@id\":\"https:\\\/\\\/tinychat.com\\\/free-online-chat\\\/\",\"url\":\"https:\\\/\\\/tinychat.com\\\/free-online-chat\\\/\",\"name\":\"Free Online Chat with Video Chat on TinyChat.com\",\"isPartOf\":{\"@id\":\"https:\\\/\\\/tinychat.com\\\/#website\"},\"datePublished\":\"2025-08-14T07:37:31+00:00\",\"dateModified\":\"2025-08-14T07:58:55+00:00\",\"description\":\"Enjoying Free Online Chat? Join over 50,000,000 strangers on TinyChat! Turn on your cam and start meeting new people, or find a match.\",\"breadcrumb\":{\"@id\":\"https:\\\/\\\/tinychat.com\\\/free-online-chat\\\/#breadcrumb\"},\"inLanguage\":\"pl-PL\",\"potentialAction\":[{\"@type\":\"ReadAction\",\"target\":[\"https:\\\/\\\/tinychat.com\\\/free-online-chat\\\/\"]}]},{\"@type\":\"BreadcrumbList\",\"@id\":\"https:\\\/\\\/tinychat.com\\\/free-online-chat\\\/#breadcrumb\",\"itemListElement\":[{\"@type\":\"ListItem\",\"position\":1,\"name\":\"Home\",\"item\":\"https:\\\/\\\/tinychat.com\\\/\"},{\"@type\":\"ListItem\",\"position\":2,\"name\":\"Free Online Chat\"}]},{\"@type\":\"WebSite\",\"@id\":\"https:\\\/\\\/tinychat.com\\\/#website\",\"url\":\"https:\\\/\\\/tinychat.com\\\/\",\"name\":\"TinyChat\",\"description\":\"Random Video Chat with Strangers\",\"publisher\":{\"@id\":\"https:\\\/\\\/tinychat.com\\\/#organization\"},\"alternateName\":\"TinyChat.com\",\"potentialAction\":[{\"@type\":\"SearchAction\",\"target\":{\"@type\":\"EntryPoint\",\"urlTemplate\":\"https:\\\/\\\/tinychat.com\\\/?s={search_term_string}\"},\"query-input\":{\"@type\":\"PropertyValueSpecification\",\"valueRequired\":true,\"valueName\":\"search_term_string\"}}],\"inLanguage\":\"pl-PL\"},{\"@type\":\"Organization\",\"@id\":\"https:\\\/\\\/tinychat.com\\\/#organization\",\"name\":\"TinyChat\",\"alternateName\":\"TinyChat.com\",\"url\":\"https:\\\/\\\/tinychat.com\\\/\",\"logo\":{\"@type\":\"ImageObject\",\"inLanguage\":\"pl-PL\",\"@id\":\"https:\\\/\\\/tinychat.com\\\/#\\\/schema\\\/logo\\\/image\\\/\",\"url\":\"https:\\\/\\\/tinychat.com\\\/wp-content\\\/uploads\\\/2023\\\/11\\\/Tinychat-icon-square.png\",\"contentUrl\":\"https:\\\/\\\/tinychat.com\\\/wp-content\\\/uploads\\\/2023\\\/11\\\/Tinychat-icon-square.png\",\"width\":284,\"height\":284,\"caption\":\"TinyChat\"},\"image\":{\"@id\":\"https:\\\/\\\/tinychat.com\\\/#\\\/schema\\\/logo\\\/image\\\/\"},\"sameAs\":[\"https:\\\/\\\/www.facebook.com\\\/tinychat\",\"https:\\\/\\\/x.com\\\/tinychat\"]}]}<\/script>\n<!-- \/ Yoast SEO plugin. -->","yoast_head_json":{"title":"Darmowy czat online z czatem wideo na TinyChat.com","description":"Korzystasz z darmowego czatu online? Do\u0142\u0105cz do ponad 50 000 000 nieznajomych na TinyChat! W\u0142\u0105cz kamer\u0119 i zacznij poznawa\u0107 nowych ludzi lub znajd\u017a partnera.","robots":{"index":"index","follow":"follow","max-snippet":"max-snippet:-1","max-image-preview":"max-image-preview:large","max-video-preview":"max-video-preview:-1"},"canonical":"https:\/\/tinychat.com\/pl\/free-online-chat\/","og_locale":"pl_PL","og_type":"article","og_title":"Free Online Chat with Video Chat on TinyChat.com","og_description":"Enjoying Free Online Chat? Join over 50,000,000 strangers on TinyChat! Turn on your cam and start meeting new people, or find a match.","og_url":"https:\/\/tinychat.com\/pl\/free-online-chat\/","og_site_name":"TinyChat","article_publisher":"https:\/\/www.facebook.com\/tinychat","article_modified_time":"2025-08-14T07:58:55+00:00","og_image":[{"width":1280,"height":284,"url":"https:\/\/tinychat.com\/wp-content\/uploads\/2020\/04\/Tinychat-logo-1280x284-new-black.png","type":"image\/png"}],"twitter_card":"summary_large_image","twitter_site":"@tinychat","twitter_misc":{"Szacowany czas czytania":"6 minut"},"schema":{"@context":"https:\/\/schema.org","@graph":[{"@type":"WebPage","@id":"https:\/\/tinychat.com\/free-online-chat\/","url":"https:\/\/tinychat.com\/free-online-chat\/","name":"Darmowy czat online z czatem wideo na TinyChat.com","isPartOf":{"@id":"https:\/\/tinychat.com\/#website"},"datePublished":"2025-08-14T07:37:31+00:00","dateModified":"2025-08-14T07:58:55+00:00","description":"Korzystasz z darmowego czatu online? Do\u0142\u0105cz do ponad 50 000 000 nieznajomych na TinyChat! W\u0142\u0105cz kamer\u0119 i zacznij poznawa\u0107 nowych ludzi lub znajd\u017a partnera.","breadcrumb":{"@id":"https:\/\/tinychat.com\/free-online-chat\/#breadcrumb"},"inLanguage":"pl-PL","potentialAction":[{"@type":"ReadAction","target":["https:\/\/tinychat.com\/free-online-chat\/"]}]},{"@type":"BreadcrumbList","@id":"https:\/\/tinychat.com\/free-online-chat\/#breadcrumb","itemListElement":[{"@type":"ListItem","position":1,"name":"Home","item":"https:\/\/tinychat.com\/"},{"@type":"ListItem","position":2,"name":"Free Online Chat"}]},{"@type":"WebSite","@id":"https:\/\/tinychat.com\/#website","url":"https:\/\/tinychat.com\/","name":"TinyChat","description":"Losowy czat wideo z nieznajomymi","publisher":{"@id":"https:\/\/tinychat.com\/#organization"},"alternateName":"TinyChat.com","potentialAction":[{"@type":"SearchAction","target":{"@type":"EntryPoint","urlTemplate":"https:\/\/tinychat.com\/?s={search_term_string}"},"query-input":{"@type":"PropertyValueSpecification","valueRequired":true,"valueName":"search_term_string"}}],"inLanguage":"pl-PL"},{"@type":"Organization","@id":"https:\/\/tinychat.com\/#organization","name":"TinyChat","alternateName":"TinyChat.com","url":"https:\/\/tinychat.com\/","logo":{"@type":"ImageObject","inLanguage":"pl-PL","@id":"https:\/\/tinychat.com\/#\/schema\/logo\/image\/","url":"https:\/\/tinychat.com\/wp-content\/uploads\/2023\/11\/Tinychat-icon-square.png","contentUrl":"https:\/\/tinychat.com\/wp-content\/uploads\/2023\/11\/Tinychat-icon-square.png","width":284,"height":284,"caption":"TinyChat"},"image":{"@id":"https:\/\/tinychat.com\/#\/schema\/logo\/image\/"},"sameAs":["https:\/\/www.facebook.com\/tinychat","https:\/\/x.com\/tinychat"]}]}},"_links":{"self":[{"href":"https:\/\/tinychat.com\/pl\/wp-json\/wp\/v2\/pages\/9038","targetHints":{"allow":["GET"]}}],"collection":[{"href":"https:\/\/tinychat.com\/pl\/wp-json\/wp\/v2\/pages"}],"about":[{"href":"https:\/\/tinychat.com\/pl\/wp-json\/wp\/v2\/types\/page"}],"author":[{"embeddable":true,"href":"https:\/\/tinychat.com\/pl\/wp-json\/wp\/v2\/users\/8"}],"replies":[{"embeddable":true,"href":"https:\/\/tinychat.com\/pl\/wp-json\/wp\/v2\/comments?post=9038"}],"version-history":[{"count":3,"href":"https:\/\/tinychat.com\/pl\/wp-json\/wp\/v2\/pages\/9038\/revisions"}],"predecessor-version":[{"id":13444,"href":"https:\/\/tinychat.com\/pl\/wp-json\/wp\/v2\/pages\/9038\/revisions\/13444"}],"wp:attachment":[{"href":"https:\/\/tinychat.com\/pl\/wp-json\/wp\/v2\/media?parent=9038"}],"curies":[{"name":"wp","href":"https:\/\/api.w.org\/{rel}","templated":true}]}}