{"id":909,"date":"2025-04-04T12:10:29","date_gmt":"2025-04-04T10:10:29","guid":{"rendered":"https:\/\/tinychat.com\/?page_id=909"},"modified":"2025-07-07T18:18:13","modified_gmt":"2025-07-07T16:18:13","slug":"chathub","status":"publish","type":"page","link":"https:\/\/tinychat.com\/pl\/chathub\/","title":{"rendered":"Chathub"},"content":{"rendered":"<p>W cyfrowym krajobrazie, w kt\u00f3rym \u0142\u0105czenie si\u0119 z nieznajomymi online sta\u0142o si\u0119 zar\u00f3wno rozrywk\u0105, jak i ko\u0142em ratunkowym dla milion\u00f3w ludzi, ChatHub wyr\u00f3\u017cnia si\u0119 jako nowoczesny, wyrafinowany i wysoce konfigurowalny system wideo. <a href=\"https:\/\/tinychat.com\/pl\/chatroulette\/\">czat<\/a> platforma. Wraz z rozwojem platform takich jak <a href=\"https:\/\/tinychat.com\/pl\/omegle\/\">Omegle<\/a>, <a href=\"https:\/\/tinychat.com\/pl\/chatroulette\/\">Chatroulette<\/a>oraz <a href=\"https:\/\/tinychat.com\/pl\/ometv\/\">OmeTV<\/a>Pomys\u0142 przypadkowego spotykania si\u0119 z lud\u017ami za po\u015brednictwem kamery internetowej nie jest ju\u017c nowo\u015bci\u0105 - ale ChatHub wprowadza go w tera\u017aniejszo\u015b\u0107 dzi\u0119ki wielu oknom czatu, silnej moderacji, pot\u0119\u017cnym filtrom i eleganckiemu do\u015bwiadczeniu u\u017cytkownika.<\/p>\n<p>Niezale\u017cnie od tego, czy jeste\u015b tutaj, aby pozna\u0107 nowych ludzi, flirtowa\u0107 anonimowo, \u0107wiczy\u0107 nowy j\u0119zyk, czy po prostu zabi\u0107 czas z nieznajomymi z ca\u0142ego \u015bwiata, ChatHub oferuje platform\u0119, kt\u00f3ra wydaje si\u0119 czystsza, bezpieczniejsza i bardziej zaawansowana ni\u017c wielu jej poprzednik\u00f3w. Zapewnia ca\u0142\u0105 losowo\u015b\u0107 i spontaniczno\u015b\u0107, kt\u00f3r\u0105 ludzie kochaj\u0105 w czatach wideo - ale bez chaosu.<\/p>\n<p>Przyjrzyjmy si\u0119, jak dzia\u0142a ChatHub, co czyni go wyj\u0105tkowym i dlaczego mo\u017ce by\u0107 jedn\u0105 z najlepszych alternatyw dla ChatHub. <a href=\"https:\/\/tinychat.com\/pl\/omegle\/\">Omegle<\/a> w dzisiejszym wideo <a href=\"https:\/\/tinychat.com\/pl\/chatroulette\/\">czat<\/a> ekosystem.<\/p>\n<h2>Czym jest ChatHub?<\/h2>\n<p>ChatHub to darmowa, przegl\u0105darkowa aplikacja losowa <a href=\"https:\/\/tinychat.com\/pl\/chatroulette\/\">czat<\/a> serwis umo\u017cliwiaj\u0105cy u\u017cytkownikom \u0142\u0105czenie si\u0119 za po\u015brednictwem wideo lub wiadomo\u015bci tekstowych z nieznajomymi z ca\u0142ego \u015bwiata. Uruchomiony w odpowiedzi na spadaj\u0105c\u0105 jako\u015b\u0107 i moderacj\u0119 starszych platform, ChatHub zosta\u0142 zaprojektowany tak, aby oferowa\u0107 czystsze, bezpieczniejsze i bardziej wydajne do\u015bwiadczenie u\u017cytkownika.<\/p>\n<p>W przeciwie\u0144stwie do wielu konkurent\u00f3w, ChatHub obs\u0142uguje do czterech jednoczesnych po\u0142\u0105cze\u0144. <a href=\"https:\/\/tinychat.com\/pl\/chatroulette\/\">czat<\/a> okien, dzi\u0119ki czemu jest to jeden z niewielu losowych <a href=\"https:\/\/tinychat.com\/pl\/chatroulette\/\">czat<\/a> do\u015bwiadcze\u0144 online. Oferuje r\u00f3wnie\u017c filtry wed\u0142ug j\u0119zyka, p\u0142ci (dla u\u017cytkownik\u00f3w premium) i lokalizacji, pomagaj\u0105c u\u017cytkownikom zaw\u0119zi\u0107 ich oczekiwania. <a href=\"https:\/\/tinychat.com\/pl\/chatroulette\/\">czat<\/a> partner\u00f3w na podstawie preferencji.<\/p>\n<p>Co najlepsze, nie jest wymagana rejestracja, co oznacza, \u017ce mo\u017cesz od razu wej\u015b\u0107 do gry - natychmiast, anonimowo i za darmo.<\/p>\n<h2>Kluczowe cechy ChatHub<\/h2>\n<p>To, co wyr\u00f3\u017cnia ChatHub spo\u015br\u00f3d morza <a href=\"https:\/\/tinychat.com\/pl\/\">Losowy czat wideo<\/a> witryn? W\u0142a\u015bciwie to wiele. Oto zestawienie jego najwa\u017cniejszych funkcji:<\/p>\n<h3>1. Losowy czat wideo jeden na jednego<\/h3>\n<p>ChatHub oferuje przede wszystkim natychmiastowe wideo <a href=\"https:\/\/tinychat.com\/pl\/chatroulette\/\">czat<\/a> z nieznajomymi z dowolnego miejsca na \u015bwiecie. Wystarczy klikn\u0105\u0107 \"Rozpocznij\", aby w ci\u0105gu kilku sekund nawi\u0105za\u0107 kontakt z kim\u015b nowym.<\/p>\n<p>Do\u015bwiadczenie jest uproszczone i minimalne: \u017cadnych wyskakuj\u0105cych okienek, \u017cadnych niepotrzebnych animacji - tylko rozmowa twarz\u0105 w twarz.<\/p>\n<h3>2. Czat z wieloma kamerami (do 4 nieznajomych)<\/h3>\n<p>Unikalna i wyr\u00f3\u017cniaj\u0105ca si\u0119 funkcja ChatHub umo\u017cliwia w\u0142\u0105czenie trybu wielu czat\u00f3w, w kt\u00f3rym mo\u017cna \u0142\u0105czy\u0107 si\u0119 z maksymalnie czterema osobami jednocze\u015bnie w r\u00f3\u017cnych oknach. Jest to idealne rozwi\u0105zanie dla u\u017cytkownik\u00f3w, kt\u00f3rzy chc\u0105 mie\u0107 wi\u0119cej opcji lub lubi\u0105 interakcje grupowe.<\/p>\n<p>Mo\u017cna prze\u0142\u0105czy\u0107 dowoln\u0105 z nast\u0119puj\u0105cych opcji <a href=\"https:\/\/tinychat.com\/pl\/chatroulette\/\">czat<\/a> okien niezale\u017cnie, dzi\u0119ki czemu jest to skuteczny spos\u00f3b na znalezienie odpowiedniej osoby do rozmowy bez ko\u0144czenia wszystkich rozm\u00f3w jednocze\u015bnie.<\/p>\n<h3>3. Filtry j\u0119zyka i lokalizacji<\/h3>\n<p>ChatHub daje u\u017cytkownikom mo\u017cliwo\u015b\u0107 filtrowania <a href=\"https:\/\/tinychat.com\/pl\/chatroulette\/\">czat<\/a> partner\u00f3w wed\u0142ug j\u0119zyka, pomagaj\u0105c tworzy\u0107 p\u0142ynniejsze, bardziej zrozumia\u0142e rozmowy. Chcesz tylko <a href=\"https:\/\/tinychat.com\/pl\/chatroulette\/\">czat<\/a> z osobami m\u00f3wi\u0105cymi po angielsku, hiszpa\u0144sku lub francusku? Mo\u017cesz to zrobi\u0107.<\/p>\n<p>Dost\u0119pny jest r\u00f3wnie\u017c filtr lokalizacji, umo\u017cliwiaj\u0105cy nadanie priorytetu u\u017cytkownikom z okre\u015blonych kraj\u00f3w. Jest to szczeg\u00f3lnie przydatne w przypadku wymiany kulturowej, zainteresowa\u0144 regionalnych lub pr\u00f3by poznania os\u00f3b z okre\u015blonego obszaru.<\/p>\n<h3>4. Filtr p\u0142ci (tylko Premium)<\/h3>\n<p>ChatHub oferuje p\u0142atny filtr p\u0142ci, kt\u00f3ry pozwala wybra\u0107 mi\u0119dzy czatowaniem z m\u0119\u017cczyznami, kobietami lub obojgiem. Jest to idealne rozwi\u0105zanie dla u\u017cytkownik\u00f3w, kt\u00f3rzy szukaj\u0105 bardziej spersonalizowanych interakcji, w tym rozm\u00f3w zorientowanych na randki.<\/p>\n<p>Funkcja jest dost\u0119pna w ramach subskrypcji premium, kt\u00f3ra pomaga finansowa\u0107 narz\u0119dzia moderacyjne i do\u015bwiadczenie bez reklam.<\/p>\n<h3>5. Tryb czatu tekstowego<\/h3>\n<p>Je\u015bli nie jeste\u015b gotowy na wideo lub znajdujesz si\u0119 w miejscu publicznym, ChatHub oferuje r\u00f3wnie\u017c wersj\u0119 tekstow\u0105. <a href=\"https:\/\/tinychat.com\/pl\/chatroulette\/\">czat<\/a> Tryb. Mo\u017cesz prze\u0142\u0105cza\u0107 si\u0119 mi\u0119dzy trybem tekstowym i wideo w dowolnym momencie, a ta opcja jest idealna dla u\u017cytkownik\u00f3w, kt\u00f3rzy preferuj\u0105 bardziej dyskretne interakcje.<\/p>\n<h3>6. Rejestracja nie jest wymagana<\/h3>\n<p>Jak <a href=\"https:\/\/tinychat.com\/pl\/omegle\/\">Omegle<\/a> oraz <a href=\"https:\/\/tinychat.com\/pl\/chatroulette\/\">Chatroulette<\/a>ChatHub utrzymuje anonimowy model dost\u0119pu. Nie trzeba tworzy\u0107 konta, podawa\u0107 adresu e-mail ani pobiera\u0107 \u017cadnego oprogramowania. Wszystko odbywa si\u0119 za po\u015brednictwem przegl\u0105darki.<\/p>\n<p>Wej\u015bcie bez barier zach\u0119ca do eksploracji i spontanicznych interakcji.<\/p>\n<h3>7. Czysty i minimalistyczny interfejs<\/h3>\n<p>Zaprojektowany z my\u015bl\u0105 o maksymalnej u\u017cyteczno\u015bci interfejs ChatHub jest przejrzysty, lekki i intuicyjny. Dzi\u0119ki prostej nawigacji, szybkim przyciskom do pomijania\/raportowania\/blokowania i szybkiemu \u0142adowaniu, platforma u\u0142atwia skupienie si\u0119 na rozmowach.<\/p>\n<h2>Jak korzysta\u0107 z ChatHub<\/h2>\n<p>Rozpocz\u0119cie korzystania z ChatHub jest proste i szybkie. Oto przewodnik krok po kroku, kt\u00f3ry pomo\u017ce Ci zacz\u0105\u0107:<\/p>\n<h3>Krok 1: Odwied\u017a stron\u0119 internetow\u0105<\/h3>\n<p>Przejd\u017a do ChatHub. Na stronie g\u0142\u00f3wnej pojawi si\u0119 wideo i tekst <a href=\"https:\/\/tinychat.com\/pl\/chatroulette\/\">czat<\/a> opcje.<\/p>\n<h3>Krok 2: Wybierz tryb czatu<\/h3>\n<p>Wybierz, czy chcesz rozpocz\u0105\u0107 od wideo czy tekstu. <a href=\"https:\/\/tinychat.com\/pl\/chatroulette\/\">czat<\/a>. Je\u015bli wybierzesz opcj\u0119 wideo, zezw\u00f3l na dost\u0119p do kamery i mikrofonu.<\/p>\n<h3>Krok 3: Ustaw preferencje (opcjonalnie)<\/h3>\n<p>Przed rozpocz\u0119ciem mo\u017cna ustawi\u0107 filtry, takie jak:<\/p>\n<ul>\n<li>J\u0119zyk<\/li>\n<li>Kraj<\/li>\n<li>P\u0142e\u0107 (tylko u\u017cytkownicy Premium)<\/li>\n<\/ul>\n<p>Mo\u017cesz tak\u017ce w\u0142\u0105czy\u0107 tryb rozmowy wieloosobowej, je\u015bli chcesz rozmawia\u0107 z wieloma osobami jednocze\u015bnie.<\/p>\n<h3>Krok 4: Kliknij \"Start\"<\/h3>\n<p>Gdy b\u0119dziesz gotowy, kliknij przycisk \"Start\", a zostaniesz po\u0142\u0105czony z losowym <a href=\"https:\/\/tinychat.com\/pl\/strangercam\/\">nieznajomy<\/a>. Mo\u017cna zako\u0144czy\u0107 <a href=\"https:\/\/tinychat.com\/pl\/chatroulette\/\">czat<\/a> w dowolnym momencie lub kliknij \"Dalej\", aby przej\u015b\u0107 do nast\u0119pnego u\u017cytkownika.<\/p>\n<h3>Krok 5: Korzystanie z ekranowych element\u00f3w steruj\u0105cych<\/h3>\n<p>Mo\u017cesz wyciszy\u0107, wy\u0142\u0105czy\u0107 kamer\u0119 lub zablokowa\u0107\/zg\u0142osi\u0107 u\u017cytkownik\u00f3w bezpo\u015brednio z poziomu interfejsu. Narz\u0119dzia te s\u0105 \u0142atwo dost\u0119pne przez ca\u0142y czas trwania sesji.<\/p>\n<h2>Bezpiecze\u0144stwo i prywatno\u015b\u0107 na ChatHub<\/h2>\n<p>ChatHub k\u0142adzie silny nacisk na tworzenie bezpiecznego, pe\u0142nego szacunku \u015brodowiska i oferuje wiele warstw ochrony dla u\u017cytkownik\u00f3w.<\/p>\n<h3>1. Narz\u0119dzia moderacyjne<\/h3>\n<p>ChatHub wykorzystuje po\u0142\u0105czenie sztucznej inteligencji i ludzkich moderator\u00f3w do wykrywania i blokowania nieodpowiednich tre\u015bci. U\u017cytkownicy, kt\u00f3rzy naruszaj\u0105 wytyczne (np. nago\u015b\u0107, mowa nienawi\u015bci, n\u0119kanie) s\u0105 blokowani na platformie.<\/p>\n<h3>2. Raportowanie i blokowanie<\/h3>\n<p>Ka\u017cdy u\u017cytkownik ma dost\u0119p do przycisk\u00f3w zg\u0142aszania i blokowania. Je\u015bli zauwa\u017cysz, \u017ce kto\u015b zachowuje si\u0119 niew\u0142a\u015bciwie, kliknij przycisk \"Zg\u0142o\u015b\". Wielokrotnie zg\u0142aszani u\u017cytkownicy s\u0105 oznaczani do sprawdzenia i potencjalnego zablokowania.<\/p>\n<h3>3. Opcjonalne wy\u0142\u0105czenie wideo\/d\u017awi\u0119ku<\/h3>\n<p>Nie chcesz by\u0107 od razu widziany lub s\u0142yszany? Mo\u017cesz wy\u0142\u0105czy\u0107 kamer\u0119 internetow\u0105 lub mikrofon przed rozpocz\u0119ciem rozmowy. <a href=\"https:\/\/tinychat.com\/pl\/chatroulette\/\">czat<\/a> lub w dowolnym momencie sesji.<\/p>\n<h3>4. Anonimowo\u015b\u0107<\/h3>\n<p>Nie s\u0105 wymagane \u017cadne konta, dane osobowe ani nazwy u\u017cytkownik\u00f3w. ChatHub jest w pe\u0142ni anonimowy, chyba \u017ce zdecydujesz si\u0119 co\u015b ujawni\u0107 podczas korzystania z niego. <a href=\"https:\/\/tinychat.com\/pl\/chatroulette\/\">czat<\/a>.<\/p>\n<h3>5. Bezpieczne po\u0142\u0105czenie<\/h3>\n<p>Wszystkie dane s\u0105 przesy\u0142ane przez HTTPS, zapewniaj\u0105c bezpieczne po\u0142\u0105czenie mi\u0119dzy u\u017cytkownikami a platform\u0105.<\/p>\n<h2>Do\u015bwiadczenie u\u017cytkownika na ChatHub<\/h2>\n<p>ChatHub jest powszechnie chwalony za p\u0142ynny interfejs, responsywne filtry i szybkie po\u0142\u0105czenia. Oto zestawienie wra\u017ce\u0144 z perspektywy u\u017cytkownika:<\/p>\n<h3>Mocne strony<\/h3>\n<ul>\n<li>Szybkie kojarzenie: Po\u0142\u0105czenia s\u0105 nawi\u0105zywane w ci\u0105gu kilku sekund.<\/li>\n<li>Multi-Cam <a href=\"https:\/\/tinychat.com\/pl\/chatroulette\/\">Czat<\/a>: Pozwala na wi\u0119ksze zaanga\u017cowanie, wi\u0119kszy wyb\u00f3r.<\/li>\n<li>Mniejsza aktywno\u015b\u0107 spamu\/bot\u00f3w: Lepsze filtrowanie zmniejsza ruch o niskiej jako\u015bci.<\/li>\n<li>Nowoczesny interfejs u\u017cytkownika: Przejrzysty, \u0142atwy w nawigacji, zoptymalizowany pod k\u0105tem komputer\u00f3w stacjonarnych i urz\u0105dze\u0144 mobilnych.<\/li>\n<\/ul>\n<h3>S\u0142abe strony<\/h3>\n<ul>\n<li>Filtr p\u0142ci za paywallem: Niekt\u00f3rzy u\u017cytkownicy preferuj\u0105 darmowy dost\u0119p do tej opcji.<\/li>\n<li>Brak aplikacji mobilnej: W przeciwie\u0144stwie do <a href=\"https:\/\/tinychat.com\/pl\/ometv\/\">OmeTV<\/a> lub Szmaragd <a href=\"https:\/\/tinychat.com\/pl\/chatroulette\/\">Czat<\/a>ChatHub jest dost\u0119pny tylko za po\u015brednictwem przegl\u0105darek.<\/li>\n<\/ul>\n<h3>Rzeczywiste opinie u\u017cytkownik\u00f3w<\/h3>\n<blockquote><p>\"ChatHub jest jak Omegle - ale faktycznie u\u017cyteczny. Uwielbiam jego uk\u0142ad i czysto\u015b\u0107\".<br \/>\n- <em>Marcus P., Trustpilot<\/em><\/p><\/blockquote>\n<blockquote><p>\"Multi-czat zmienia zasady gry. Nie musz\u0119 ju\u017c ko\u0144czy\u0107 dobrych rozm\u00f3w tylko po to, by je odkrywa\u0107\".<br \/>\n- <em>Elise R., Reddit<\/em><\/p><\/blockquote>\n<blockquote><p>\"Czuj\u0119 si\u0119 bezpieczniej na ChatHub ni\u017c na <a href=\"https:\/\/tinychat.com\/pl\/chatroulette\/\">Chatroulette<\/a> lub <a href=\"https:\/\/tinychat.com\/pl\/omegle\/\">Omegle<\/a>. Umiar rzeczywi\u015bcie tu dzia\u0142a\".<br \/>\n- <em>Daniel G., Sitejabber<\/em><\/p><\/blockquote>\n<h2>ChatHub a inne platformy czatu<\/h2>\n<p>Jak wypada ChatHub w por\u00f3wnaniu z innymi <a href=\"https:\/\/tinychat.com\/pl\/\">Losowy czat wideo<\/a> witryn? Oto kr\u00f3tki przegl\u0105d:<\/p>\n<table>\n<thead>\n<tr>\n<th>Cecha<\/th>\n<th>ChatHub<\/th>\n<th><a href=\"https:\/\/tinychat.com\/pl\/omegle\/\">Omegle<\/a><\/th>\n<th><a href=\"https:\/\/tinychat.com\/pl\/chatroulette\/\">Chatroulette<\/a><\/th>\n<th><a href=\"https:\/\/tinychat.com\/pl\/ometv\/\">OmeTV<\/a><\/th>\n<th><a href=\"https:\/\/tinychat.com\/pl\/strangercam\/\">StrangerCam<\/a><\/th>\n<\/tr>\n<\/thead>\n<tbody>\n<tr>\n<td>Multi-Cam <a href=\"https:\/\/tinychat.com\/pl\/chatroulette\/\">Czat<\/a><\/td>\n<td>Tak<\/td>\n<td>Nie<\/td>\n<td>Nie<\/td>\n<td>Nie<\/td>\n<td>Nie<\/td>\n<\/tr>\n<tr>\n<td>Tekst <a href=\"https:\/\/tinychat.com\/pl\/chatroulette\/\">Czat<\/a><\/td>\n<td>Tak<\/td>\n<td>Tak<\/td>\n<td>Tak<\/td>\n<td>Tak<\/td>\n<td>Tak<\/td>\n<\/tr>\n<tr>\n<td>Wideo <a href=\"https:\/\/tinychat.com\/pl\/chatroulette\/\">Czat<\/a><\/td>\n<td>Tak<\/td>\n<td>Tak<\/td>\n<td>Tak<\/td>\n<td>Tak<\/td>\n<td>Tak<\/td>\n<\/tr>\n<tr>\n<td>Filtr j\u0119zyka<\/td>\n<td>Tak<\/td>\n<td>Ograniczony<\/td>\n<td>Nie<\/td>\n<td>Tak<\/td>\n<td>Nie<\/td>\n<\/tr>\n<tr>\n<td>Filtr lokalizacji<\/td>\n<td>Tak<\/td>\n<td>Nie<\/td>\n<td>Tak<\/td>\n<td>Tak<\/td>\n<td>Premium<\/td>\n<\/tr>\n<tr>\n<td>Filtr p\u0142ci<\/td>\n<td>Premium<\/td>\n<td>Nie<\/td>\n<td>Nie<\/td>\n<td>Premium<\/td>\n<td>Premium<\/td>\n<\/tr>\n<tr>\n<td>Aplikacja mobilna<\/td>\n<td>Tylko przegl\u0105darka<\/td>\n<td>Nie<\/td>\n<td>Tak<\/td>\n<td>Tak<\/td>\n<td>Tak<\/td>\n<\/tr>\n<tr>\n<td>Jako\u015b\u0107 moderacji<\/td>\n<td>Wysoki<\/td>\n<td>\u26a0\ufe0f Low<\/td>\n<td>Umiarkowany<\/td>\n<td>Dobry<\/td>\n<td>Dobry<\/td>\n<\/tr>\n<\/tbody>\n<\/table>\n<p>Podsumowanie: ChatHub wyr\u00f3\u017cnia si\u0119 pod wzgl\u0119dem u\u017cyteczno\u015bci, zaawansowanych filtr\u00f3w i czatu, ale brakuje mu dedykowanej aplikacji. Jest to idealne rozwi\u0105zanie dla u\u017cytkownik\u00f3w, kt\u00f3rzy ceni\u0105 sobie kontrol\u0119 i elastyczno\u015b\u0107 nad przypadkow\u0105 losowo\u015bci\u0105.<\/p>\n<h2>Wskaz\u00f3wki dotycz\u0105ce bezpiecznego korzystania z ChatHub<\/h2>\n<p>Aby jak najlepiej wykorzysta\u0107 swoje do\u015bwiadczenie, post\u0119puj zgodnie z poni\u017cszymi wskaz\u00f3wkami:<\/p>\n<ul>\n<li>Zachowaj anonimowo\u015b\u0107, chyba \u017ce masz pewno\u015b\u0107, z kim rozmawiasz.<\/li>\n<li>U\u017cyj filtra j\u0119zykowego, aby uzyska\u0107 p\u0142ynniejsze rozmowy.<\/li>\n<li>Wypr\u00f3buj czat wielokrotny, aby zwi\u0119kszy\u0107 zaanga\u017cowanie.<\/li>\n<li>Zg\u0142aszaj nieodpowiednie zachowania, aby pom\u00f3c ulepszy\u0107 spo\u0142eczno\u015b\u0107.<\/li>\n<li>Unikaj udost\u0119pniania danych osobowych, takich jak imi\u0119 i nazwisko, adres e-mail lub konta spo\u0142eczno\u015bciowe.<\/li>\n<li>Korzystaj z dobrego o\u015bwietlenia i s\u0142uchawek, aby poprawi\u0107 jako\u015b\u0107.<\/li>\n<\/ul>\n<h2>Rozwi\u0105zywanie typowych problem\u00f3w z ChatHub<\/h2>\n<h3>Kamera lub mikrofon nie zosta\u0142y wykryte<\/h3>\n<p>Sprawd\u017a uprawnienia przegl\u0105darki i ustawienia systemu operacyjnego. Od\u015bwie\u017c stron\u0119 lub uruchom ponownie przegl\u0105dark\u0119.<\/p>\n<h3>Filtry nie dzia\u0142aj\u0105<\/h3>\n<p>Od\u015bwie\u017c stron\u0119 lub wyczy\u015b\u0107 pami\u0119\u0107 podr\u0119czn\u0105 przegl\u0105darki. Zaawansowane filtry mog\u0105 wymaga\u0107 funkcji premium.<\/p>\n<h3>Wolne po\u0142\u0105czenie<\/h3>\n<p>Prze\u0142\u0105cz si\u0119 na stabilne po\u0142\u0105czenie Wi-Fi. Wy\u0142\u0105cz pobieranie w tle lub aplikacje o wysokiej przepustowo\u015bci.<\/p>\n<h3>Uzyskiwanie powtarzaj\u0105cych si\u0119 dopasowa\u0144<\/h3>\n<p>Dostosuj filtry lub spr\u00f3buj ponownie w godzinach szczytu, gdy wi\u0119cej u\u017cytkownik\u00f3w jest online.<\/p>\n<h3>Zbanowany na stronie<\/h3>\n<p>Zakazy s\u0105 cz\u0119sto tymczasowe. U\u017cyj VPN, aby zmieni\u0107 adres IP lub skontaktuj si\u0119 z pomoc\u0105 techniczn\u0105, je\u015bli uwa\u017casz, \u017ce by\u0142 to b\u0142\u0105d.<\/p>\n<p>ChatHub jest jedn\u0105 z najbardziej przemy\u015blanych aplikacji. <a href=\"https:\/\/tinychat.com\/pl\/\">Losowy czat wideo<\/a> dost\u0119pnych obecnie platform. Jest czysty, szybki, pe\u0142en szacunku i daje u\u017cytkownikom wi\u0119ksz\u0105 kontrol\u0119 nad ich do\u015bwiadczeniem ni\u017c wielu starszych, bardziej chaotycznych konkurent\u00f3w.<\/p>\n<p>Z funkcjami takimi jak wielokamerowo\u015b\u0107 <a href=\"https:\/\/tinychat.com\/pl\/chatroulette\/\">czat<\/a>filtry j\u0119zykowe\/lokalizacyjne i solidn\u0105 moderacj\u0119, zapewnia to, czego wi\u0119kszo\u015b\u0107 ludzi naprawd\u0119 chce od aplikacji. <a href=\"https:\/\/tinychat.com\/pl\/\">Losowy czat wideo<\/a> do\u015bwiadczenie: zabawa, bezpiecze\u0144stwo i wi\u0119\u017a - bez nonsens\u00f3w.<\/p>\n<p>Niezale\u017cnie od tego, czy chcesz nawi\u0105za\u0107 znajomo\u015bci, flirtowa\u0107, \u0107wiczy\u0107 umiej\u0119tno\u015bci konwersacyjne, czy po prostu sp\u0119dzi\u0107 czas w interesuj\u0105cy spos\u00f3b, ChatHub jest warty sprawdzenia.<\/p>\n<p>Odwied\u017a ChatHub i wykonaj kolejny skok spo\u0142eczno\u015bciowy - jedno klikni\u0119cie, jedna rozmowa i by\u0107 mo\u017ce jedno znacz\u0105ce po\u0142\u0105czenie na raz.<\/p>","protected":false},"excerpt":{"rendered":"<p>In a digital landscape where connecting with strangers online has become both a pastime and a lifeline for millions, ChatHub stands out as a modern, refined, and highly customizable video chat platform. With the rise of platforms like Omegle, Chatroulette, and OmeTV, the idea of meeting people randomly via webcam is no longer novel\u2014but ChatHub [&hellip;]<\/p>\n","protected":false},"author":6,"featured_media":0,"parent":0,"menu_order":0,"comment_status":"closed","ping_status":"closed","template":"","meta":{"footnotes":""},"class_list":["post-909","page","type-page","status-publish","hentry"],"yoast_head":"<!-- This site is optimized with the Yoast SEO plugin v27.4 - https:\/\/yoast.com\/product\/yoast-seo-wordpress\/ -->\n<title>Chathub - 100% Free Random Video Chat - TinyChat<\/title>\n<meta name=\"description\" content=\"Chathub: Enjoy 100% free random video chat. Connect instantly and meet new people with no hidden costs on TinyChat.com.\" \/>\n<meta name=\"robots\" content=\"index, follow, max-snippet:-1, max-image-preview:large, max-video-preview:-1\" \/>\n<link rel=\"canonical\" href=\"https:\/\/tinychat.com\/pl\/chathub\/\" \/>\n<meta property=\"og:locale\" content=\"pl_PL\" \/>\n<meta property=\"og:type\" content=\"article\" \/>\n<meta property=\"og:title\" content=\"Chathub - 100% Free Random Video Chat - TinyChat\" \/>\n<meta property=\"og:description\" content=\"Chathub: Enjoy 100% free random video chat. Connect instantly and meet new people with no hidden costs on TinyChat.com.\" \/>\n<meta property=\"og:url\" content=\"https:\/\/tinychat.com\/pl\/chathub\/\" \/>\n<meta property=\"og:site_name\" content=\"TinyChat\" \/>\n<meta property=\"article:publisher\" content=\"https:\/\/www.facebook.com\/tinychat\" \/>\n<meta property=\"article:modified_time\" content=\"2025-07-07T16:18:13+00:00\" \/>\n<meta property=\"og:image\" content=\"https:\/\/tinychat.com\/wp-content\/uploads\/2020\/04\/Tinychat-logo-1280x284-new-black.png\" \/>\n\t<meta property=\"og:image:width\" content=\"1280\" \/>\n\t<meta property=\"og:image:height\" content=\"284\" \/>\n\t<meta property=\"og:image:type\" content=\"image\/png\" \/>\n<meta name=\"twitter:card\" content=\"summary_large_image\" \/>\n<meta name=\"twitter:site\" content=\"@tinychat\" \/>\n<meta name=\"twitter:label1\" content=\"Szacowany czas czytania\" \/>\n\t<meta name=\"twitter:data1\" content=\"7 minut\" \/>\n<script type=\"application\/ld+json\" class=\"yoast-schema-graph\">{\"@context\":\"https:\\\/\\\/schema.org\",\"@graph\":[{\"@type\":\"WebPage\",\"@id\":\"https:\\\/\\\/tinychat.com\\\/chathub\\\/\",\"url\":\"https:\\\/\\\/tinychat.com\\\/chathub\\\/\",\"name\":\"Chathub - 100% Free Random Video Chat - TinyChat\",\"isPartOf\":{\"@id\":\"https:\\\/\\\/tinychat.com\\\/#website\"},\"datePublished\":\"2025-04-04T10:10:29+00:00\",\"dateModified\":\"2025-07-07T16:18:13+00:00\",\"description\":\"Chathub: Enjoy 100% free random video chat. Connect instantly and meet new people with no hidden costs on TinyChat.com.\",\"breadcrumb\":{\"@id\":\"https:\\\/\\\/tinychat.com\\\/chathub\\\/#breadcrumb\"},\"inLanguage\":\"pl-PL\",\"potentialAction\":[{\"@type\":\"ReadAction\",\"target\":[\"https:\\\/\\\/tinychat.com\\\/chathub\\\/\"]}]},{\"@type\":\"BreadcrumbList\",\"@id\":\"https:\\\/\\\/tinychat.com\\\/chathub\\\/#breadcrumb\",\"itemListElement\":[{\"@type\":\"ListItem\",\"position\":1,\"name\":\"Home\",\"item\":\"https:\\\/\\\/tinychat.com\\\/\"},{\"@type\":\"ListItem\",\"position\":2,\"name\":\"Chathub\"}]},{\"@type\":\"WebSite\",\"@id\":\"https:\\\/\\\/tinychat.com\\\/#website\",\"url\":\"https:\\\/\\\/tinychat.com\\\/\",\"name\":\"TinyChat\",\"description\":\"Random Video Chat with Strangers\",\"publisher\":{\"@id\":\"https:\\\/\\\/tinychat.com\\\/#organization\"},\"alternateName\":\"TinyChat.com\",\"potentialAction\":[{\"@type\":\"SearchAction\",\"target\":{\"@type\":\"EntryPoint\",\"urlTemplate\":\"https:\\\/\\\/tinychat.com\\\/?s={search_term_string}\"},\"query-input\":{\"@type\":\"PropertyValueSpecification\",\"valueRequired\":true,\"valueName\":\"search_term_string\"}}],\"inLanguage\":\"pl-PL\"},{\"@type\":\"Organization\",\"@id\":\"https:\\\/\\\/tinychat.com\\\/#organization\",\"name\":\"TinyChat\",\"alternateName\":\"TinyChat.com\",\"url\":\"https:\\\/\\\/tinychat.com\\\/\",\"logo\":{\"@type\":\"ImageObject\",\"inLanguage\":\"pl-PL\",\"@id\":\"https:\\\/\\\/tinychat.com\\\/#\\\/schema\\\/logo\\\/image\\\/\",\"url\":\"https:\\\/\\\/tinychat.com\\\/wp-content\\\/uploads\\\/2023\\\/11\\\/Tinychat-icon-square.png\",\"contentUrl\":\"https:\\\/\\\/tinychat.com\\\/wp-content\\\/uploads\\\/2023\\\/11\\\/Tinychat-icon-square.png\",\"width\":284,\"height\":284,\"caption\":\"TinyChat\"},\"image\":{\"@id\":\"https:\\\/\\\/tinychat.com\\\/#\\\/schema\\\/logo\\\/image\\\/\"},\"sameAs\":[\"https:\\\/\\\/www.facebook.com\\\/tinychat\",\"https:\\\/\\\/x.com\\\/tinychat\"]}]}<\/script>\n<!-- \/ Yoast SEO plugin. -->","yoast_head_json":{"title":"Chathub - 100% Darmowy losowy czat wideo - TinyChat","description":"Chathub: Ciesz si\u0119 darmowym losowym czatem wideo 100%. Po\u0142\u0105cz si\u0119 natychmiast i poznaj nowych ludzi bez ukrytych koszt\u00f3w na TinyChat.com.","robots":{"index":"index","follow":"follow","max-snippet":"max-snippet:-1","max-image-preview":"max-image-preview:large","max-video-preview":"max-video-preview:-1"},"canonical":"https:\/\/tinychat.com\/pl\/chathub\/","og_locale":"pl_PL","og_type":"article","og_title":"Chathub - 100% Free Random Video Chat - TinyChat","og_description":"Chathub: Enjoy 100% free random video chat. Connect instantly and meet new people with no hidden costs on TinyChat.com.","og_url":"https:\/\/tinychat.com\/pl\/chathub\/","og_site_name":"TinyChat","article_publisher":"https:\/\/www.facebook.com\/tinychat","article_modified_time":"2025-07-07T16:18:13+00:00","og_image":[{"width":1280,"height":284,"url":"https:\/\/tinychat.com\/wp-content\/uploads\/2020\/04\/Tinychat-logo-1280x284-new-black.png","type":"image\/png"}],"twitter_card":"summary_large_image","twitter_site":"@tinychat","twitter_misc":{"Szacowany czas czytania":"7 minut"},"schema":{"@context":"https:\/\/schema.org","@graph":[{"@type":"WebPage","@id":"https:\/\/tinychat.com\/chathub\/","url":"https:\/\/tinychat.com\/chathub\/","name":"Chathub - 100% Darmowy losowy czat wideo - TinyChat","isPartOf":{"@id":"https:\/\/tinychat.com\/#website"},"datePublished":"2025-04-04T10:10:29+00:00","dateModified":"2025-07-07T16:18:13+00:00","description":"Chathub: Ciesz si\u0119 darmowym losowym czatem wideo 100%. Po\u0142\u0105cz si\u0119 natychmiast i poznaj nowych ludzi bez ukrytych koszt\u00f3w na TinyChat.com.","breadcrumb":{"@id":"https:\/\/tinychat.com\/chathub\/#breadcrumb"},"inLanguage":"pl-PL","potentialAction":[{"@type":"ReadAction","target":["https:\/\/tinychat.com\/chathub\/"]}]},{"@type":"BreadcrumbList","@id":"https:\/\/tinychat.com\/chathub\/#breadcrumb","itemListElement":[{"@type":"ListItem","position":1,"name":"Home","item":"https:\/\/tinychat.com\/"},{"@type":"ListItem","position":2,"name":"Chathub"}]},{"@type":"WebSite","@id":"https:\/\/tinychat.com\/#website","url":"https:\/\/tinychat.com\/","name":"TinyChat","description":"Losowy czat wideo z nieznajomymi","publisher":{"@id":"https:\/\/tinychat.com\/#organization"},"alternateName":"TinyChat.com","potentialAction":[{"@type":"SearchAction","target":{"@type":"EntryPoint","urlTemplate":"https:\/\/tinychat.com\/?s={search_term_string}"},"query-input":{"@type":"PropertyValueSpecification","valueRequired":true,"valueName":"search_term_string"}}],"inLanguage":"pl-PL"},{"@type":"Organization","@id":"https:\/\/tinychat.com\/#organization","name":"TinyChat","alternateName":"TinyChat.com","url":"https:\/\/tinychat.com\/","logo":{"@type":"ImageObject","inLanguage":"pl-PL","@id":"https:\/\/tinychat.com\/#\/schema\/logo\/image\/","url":"https:\/\/tinychat.com\/wp-content\/uploads\/2023\/11\/Tinychat-icon-square.png","contentUrl":"https:\/\/tinychat.com\/wp-content\/uploads\/2023\/11\/Tinychat-icon-square.png","width":284,"height":284,"caption":"TinyChat"},"image":{"@id":"https:\/\/tinychat.com\/#\/schema\/logo\/image\/"},"sameAs":["https:\/\/www.facebook.com\/tinychat","https:\/\/x.com\/tinychat"]}]}},"_links":{"self":[{"href":"https:\/\/tinychat.com\/pl\/wp-json\/wp\/v2\/pages\/909","targetHints":{"allow":["GET"]}}],"collection":[{"href":"https:\/\/tinychat.com\/pl\/wp-json\/wp\/v2\/pages"}],"about":[{"href":"https:\/\/tinychat.com\/pl\/wp-json\/wp\/v2\/types\/page"}],"author":[{"embeddable":true,"href":"https:\/\/tinychat.com\/pl\/wp-json\/wp\/v2\/users\/6"}],"replies":[{"embeddable":true,"href":"https:\/\/tinychat.com\/pl\/wp-json\/wp\/v2\/comments?post=909"}],"version-history":[{"count":3,"href":"https:\/\/tinychat.com\/pl\/wp-json\/wp\/v2\/pages\/909\/revisions"}],"predecessor-version":[{"id":13177,"href":"https:\/\/tinychat.com\/pl\/wp-json\/wp\/v2\/pages\/909\/revisions\/13177"}],"wp:attachment":[{"href":"https:\/\/tinychat.com\/pl\/wp-json\/wp\/v2\/media?parent=909"}],"curies":[{"name":"wp","href":"https:\/\/api.w.org\/{rel}","templated":true}]}}