{"id":10021,"date":"2025-12-02T08:48:35","date_gmt":"2025-12-02T06:48:35","guid":{"rendered":"https:\/\/tinychat.com\/?page_id=10021"},"modified":"2025-12-02T10:48:18","modified_gmt":"2025-12-02T08:48:18","slug":"randochat","status":"publish","type":"page","link":"https:\/\/tinychat.com\/pt-br\/randochat\/","title":{"rendered":"Randochat"},"content":{"rendered":"<p>O mundo do chat online continua a evoluir, mas um conceito permanece intemporal: a emo\u00e7\u00e3o de conhecer algu\u00e9m novo, instantaneamente e de forma an\u00f4nima. O RandoChat encarna esse esp\u00edrito na perfei\u00e7\u00e3o. \u00c9 uma plataforma de chat aleat\u00f3rio simples, r\u00e1pida e focada na privacidade que o conecta com estranhos em todo o mundo \u2014 sem exigir registro, perfis ou informa\u00e7\u00f5es pessoais.<\/p>\n<p>Se voc\u00ea est\u00e1 procurando uma conversa r\u00e1pida, uma maneira de passar o tempo ou um espa\u00e7o para conhecer novas pessoas anonimamente, o RandoChat oferece uma experi\u00eancia limpa e moderna, totalmente baseada na intera\u00e7\u00e3o humana espont\u00e2nea. Com vers\u00f5es para aplicativos m\u00f3veis e solu\u00e7\u00f5es baseadas na web dispon\u00edveis dependendo da sua regi\u00e3o, o RandoChat se tornou um dos nomes mais reconhecidos no espa\u00e7o de bate-papo an\u00f4nimo.<\/p>\n<p>Este guia detalhado explora o que \u00e9 o RandoChat, como funciona, suas caracter\u00edsticas, experi\u00eancia do usu\u00e1rio, compara\u00e7\u00f5es, dicas de seguran\u00e7a, conselhos para resolu\u00e7\u00e3o de problemas e por que tantas pessoas continuam a us\u00e1-lo.<\/p>\n<h2>O que \u00e9 o RandoChat?<\/h2>\n<p>O RandoChat \u00e9 uma plataforma de bate-papo aleat\u00f3rio an\u00f4nimo que conecta usu\u00e1rios instantaneamente, sem exigir logins ou dados pessoais. Ao contr\u00e1rio das plataformas de bate-papo baseadas em v\u00eddeo, como as alternativas Chatroulette ou Omegle, o RandoChat se concentra exclusivamente em bate-papos individuais baseados em texto.<\/p>\n<p>Este formato atrai usu\u00e1rios que desejam:<\/p>\n<ul>\n<li>Comunica\u00e7\u00e3o de baixa press\u00e3o, apenas com texto<\/li>\n<li>Anonimato total<\/li>\n<li>Sem requisitos de c\u00e2mera ou microfone<\/li>\n<li>Uma experi\u00eancia de chat r\u00e1pida e sem distra\u00e7\u00f5es<\/li>\n<li>Design com prioridade na privacidade<\/li>\n<\/ul>\n<p>Sua simplicidade \u00e9 seu principal ponto forte: abra o aplicativo ou site, comece a conversar e conecte-se com algu\u00e9m novo \u2014 sem perfil, sem nome de usu\u00e1rio e sem compartilhar informa\u00e7\u00f5es de identifica\u00e7\u00e3o, a menos que voc\u00ea queira.<\/p>\n<p>O RandoChat \u00e9 ideal para:<\/p>\n<ul>\n<li>Pessoas que querem conversas casuais e an\u00f4nimas<\/li>\n<li>Usu\u00e1rios que buscam uma pausa dos algoritmos das redes sociais<\/li>\n<li>Qualquer pessoa que aprecie conex\u00f5es espont\u00e2neas<\/li>\n<li>Aqueles que preferem n\u00e3o usar o chat de v\u00eddeo<\/li>\n<li>Viajantes ou estudantes de idiomas que desejam conversar com estrangeiros<\/li>\n<\/ul>\n<h2>Principais recursos do RandoChat<\/h2>\n<p>O RandoChat reduz o chat aleat\u00f3rio ao seu essencial. Aqui est\u00e3o as principais caracter\u00edsticas da plataforma:<\/p>\n<h3>1. Chat totalmente an\u00f4nimo<\/h3>\n<ul>\n<li>N\u00e3o \u00e9 necess\u00e1rio fazer login ou fornecer e-mail<\/li>\n<li>Sem nomes de usu\u00e1rio ou IDs<\/li>\n<li>Os chats s\u00e3o exclu\u00eddos automaticamente ap\u00f3s cada sess\u00e3o<\/li>\n<li>N\u00e3o \u00e9 necess\u00e1rio ter perfil, fotos ou informa\u00e7\u00f5es pessoais<\/li>\n<\/ul>\n<p>Isso cria um ambiente verdadeiramente privado, onde os usu\u00e1rios se sentem \u00e0 vontade para se expressar.<\/p>\n<h3>2. Conversas apenas por texto<\/h3>\n<ul>\n<li>Concentra-se inteiramente em mensagens de texto<\/li>\n<li>Ideal para usu\u00e1rios que preferem n\u00e3o mostrar o rosto<\/li>\n<li>Mais r\u00e1pido e com menor largura de banda do que o chat de v\u00eddeo<\/li>\n<li>\u00d3timo para conversar discretamente, a qualquer hora, em qualquer lugar<\/li>\n<\/ul>\n<h3>3. Correspond\u00eancia instant\u00e2nea<\/h3>\n<ul>\n<li>Conecta voc\u00ea com um desconhecido em segundos<\/li>\n<li>Sem longas filas ou atrasos correspondentes<\/li>\n<li>Converse, depois deslize ou toque para encontrar instantaneamente algu\u00e9m novo<\/li>\n<\/ul>\n<h3>4. Interface limpa e minimalista<\/h3>\n<ul>\n<li>Janela de chat simples, sem distra\u00e7\u00f5es<\/li>\n<li>Layout f\u00e1cil de usar, adequado para todas as idades<\/li>\n<li>Entrega r\u00e1pida de mensagens e desempenho suave<\/li>\n<\/ul>\n<h3>5. Suporte para aplicativos m\u00f3veis<\/h3>\n<ul>\n<li>Dispon\u00edvel para Android e iOS em muitas regi\u00f5es<\/li>\n<li>Criado especificamente para comunica\u00e7\u00e3o com prioridade para dispositivos m\u00f3veis<\/li>\n<li>Leve e com bateria de longa dura\u00e7\u00e3o<\/li>\n<\/ul>\n<h3>6. Exclus\u00e3o autom\u00e1tica de mensagens<\/h3>\n<ul>\n<li>As conversas desaparecem quando voc\u00ea sai da conversa.<\/li>\n<li>Nada \u00e9 salvo no seu dispositivo<\/li>\n<li>As mensagens n\u00e3o podem ser recuperadas<\/li>\n<\/ul>\n<p>Esta \u00e9 uma das principais raz\u00f5es pelas quais o RandoChat continua popular entre os usu\u00e1rios preocupados com a privacidade.<\/p>\n<h3>7. Livre para usar<\/h3>\n<ul>\n<li>N\u00e3o \u00e9 necess\u00e1rio efetuar nenhum pagamento para come\u00e7ar a conversar<\/li>\n<li>N\u00e3o s\u00e3o necess\u00e1rias atualiza\u00e7\u00f5es pagas para as funcionalidades principais<\/li>\n<\/ul>\n<h2>Como usar o RandoChat<\/h2>\n<p>O RandoChat foi projetado para ser simples \u2014 veja como come\u00e7ar:<\/p>\n<h3>Passo 1: Abra o site ou aplicativo<\/h3>\n<p>Dependendo da sua regi\u00e3o, voc\u00ea pode usar:<\/p>\n<ul>\n<li>O aplicativo m\u00f3vel RandoChat<\/li>\n<li>Alternativas baseadas em navegador (sites RandoChat de terceiros)<\/li>\n<\/ul>\n<p>Ambos funcionam sem necessidade de registro.<\/p>\n<h3>Passo 2: Aceitar os Termos e Diretrizes<\/h3>\n<p>A maioria das vers\u00f5es exige a aceita\u00e7\u00e3o das regras b\u00e1sicas da comunidade.<\/p>\n<h3>Etapa 3: Iniciar o bate-papo<\/h3>\n<p>Toque em Iniciar, Conversar ou Come\u00e7ar e voc\u00ea ser\u00e1 imediatamente conectado a um desconhecido.<\/p>\n<h3>Etapa 4: Enviar mensagens<\/h3>\n<p>Digite livremente \u2014 o chat \u00e9 an\u00f4nimo.<\/p>\n<h3>Etapa 5: Pular ou encerrar o bate-papo<\/h3>\n<p>Se a conversa n\u00e3o for compat\u00edvel, basta encerr\u00e1-la e passar para a pr\u00f3xima pessoa imediatamente.<\/p>\n<p>N\u00e3o h\u00e1 limite para o n\u00famero de pessoas com quem voc\u00ea pode conversar.<\/p>\n<h2>Experi\u00eancia do usu\u00e1rio no RandoChat<\/h2>\n<p>O RandoChat oferece uma experi\u00eancia \u00fanica no ecossistema de bate-papos aleat\u00f3rios devido \u00e0 sua abordagem focada na privacidade e exclusivamente textual.<\/p>\n<h3>O que os usu\u00e1rios adoram<\/h3>\n<ul>\n<li>Completamente an\u00f4nimo<\/li>\n<li>N\u00e3o \u00e9 necess\u00e1ria c\u00e2mera \u2014 mais confort\u00e1vel para muitos usu\u00e1rios<\/li>\n<li>Sensa\u00e7\u00e3o mais r\u00e1pida e segura do que o chat de v\u00eddeo<\/li>\n<li>Experi\u00eancia leve e compat\u00edvel com dispositivos m\u00f3veis<\/li>\n<li>As mensagens s\u00e3o exclu\u00eddas automaticamente<\/li>\n<li>F\u00e1cil de usar para conversas r\u00e1pidas<\/li>\n<\/ul>\n<h3>Onde os usu\u00e1rios veem espa\u00e7o para melhorias<\/h3>\n<ul>\n<li>Sem filtros de g\u00eanero ou pa\u00eds (na maioria das vers\u00f5es)<\/li>\n<li>Recursos de modera\u00e7\u00e3o limitados<\/li>\n<li>Usu\u00e1rios ocasionais de spam<\/li>\n<li>N\u00e3o \u00e9 poss\u00edvel reconectar-se com parceiros de bate-papo anteriores<\/li>\n<li>Algumas vers\u00f5es regionais variam em qualidade<\/li>\n<\/ul>\n<p>Ainda assim, a maioria dos usu\u00e1rios concorda que o RandoChat \u00e9 uma plataforma simples, segura e agrad\u00e1vel para conhecer novas pessoas anonimamente \u2014 especialmente para aqueles que preferem o chat de texto ao v\u00eddeo.<\/p>\n<h2>RandoChat vs. Outras plataformas de chat<\/h2>\n<p>Veja como o RandoChat se compara aos principais concorrentes:<\/p>\n<table>\n<thead>\n<tr>\n<th>Recurso<\/th>\n<th>RandoChat<\/th>\n<th>Omegle<\/th>\n<th>Chatroulette<\/th>\n<th>ChatHub<\/th>\n<th>Randomskip<\/th>\n<th>Umingle<\/th>\n<\/tr>\n<\/thead>\n<tbody>\n<tr>\n<td>Bate-papo por texto<\/td>\n<td>\u2705 Sim<\/td>\n<td>\u2705 Sim<\/td>\n<td>\u274c Principalmente v\u00eddeo<\/td>\n<td>\u2705 Sim<\/td>\n<td>M\u00ednimo<\/td>\n<td>\u2705 Sim<\/td>\n<\/tr>\n<tr>\n<td>Bate-papo por v\u00eddeo<\/td>\n<td>\u274c N\u00e3o<\/td>\n<td>\u2705 Sim<\/td>\n<td>\u2705 Sim<\/td>\n<td>\u2705 Sim<\/td>\n<td>\u2705 Sim<\/td>\n<td>\u2705 Sim<\/td>\n<\/tr>\n<tr>\n<td>N\u00edvel de anonimato<\/td>\n<td>\u2b50 Muito alto<\/td>\n<td>Alta<\/td>\n<td>Alta<\/td>\n<td>M\u00e9dio<\/td>\n<td>Alta<\/td>\n<td>Alta<\/td>\n<\/tr>\n<tr>\n<td>Registro obrigat\u00f3rio<\/td>\n<td>\u274c N\u00e3o<\/td>\n<td>\u274c N\u00e3o<\/td>\n<td>\u274c N\u00e3o<\/td>\n<td>Opcional<\/td>\n<td>\u274c N\u00e3o<\/td>\n<td>\u274c N\u00e3o<\/td>\n<\/tr>\n<tr>\n<td>Filtros<\/td>\n<td>\u274c N\u00e3o<\/td>\n<td>\u274c N\u00e3o<\/td>\n<td>Limitada<\/td>\n<td>Sim<\/td>\n<td>\u274c N\u00e3o<\/td>\n<td>\u274c N\u00e3o<\/td>\n<\/tr>\n<tr>\n<td>Aplicativo m\u00f3vel<\/td>\n<td>\u2705 Sim<\/td>\n<td>\u274c N\u00e3o<\/td>\n<td>\u274c N\u00e3o<\/td>\n<td>Semi<\/td>\n<td>\u274c N\u00e3o<\/td>\n<td>\u274c N\u00e3o<\/td>\n<\/tr>\n<tr>\n<td>Gratuito para uso<\/td>\n<td>\u2705 Sim<\/td>\n<td>Sim<\/td>\n<td>Sim<\/td>\n<td>Sim<\/td>\n<td>Sim<\/td>\n<td>Sim<\/td>\n<\/tr>\n<\/tbody>\n<\/table>\n<p>Resumo:<br \/>\nO RandoChat se destaca por ser apenas textual e totalmente an\u00f4nimo, tornando-o mais privado do que a maioria das plataformas de bate-papo por v\u00eddeo aleat\u00f3rio. \u00c9 perfeito para usu\u00e1rios que desejam conversar sem a press\u00e3o de estar diante das c\u00e2meras.<\/p>\n<h2>O RandoChat \u00e9 seguro?<\/h2>\n<p>O RandoChat enfatiza a privacidade, mas a seguran\u00e7a do usu\u00e1rio depende muito do comportamento respons\u00e1vel.<\/p>\n<h3>Recursos de seguran\u00e7a incorporados<\/h3>\n<ul>\n<li>Bate-papo an\u00f4nimo por padr\u00e3o<\/li>\n<li>N\u00e3o s\u00e3o necess\u00e1rias informa\u00e7\u00f5es pessoais<\/li>\n<li>Exclus\u00e3o autom\u00e1tica de mensagens<\/li>\n<li>Op\u00e7\u00e3o para denunciar comportamento inadequado<\/li>\n<li>Sem perfis, IDs ou dados pessoais armazenados<\/li>\n<\/ul>\n<h3>Pr\u00e1ticas de seguran\u00e7a recomendadas<\/h3>\n<ul>\n<li>Nunca compartilhe seu nome verdadeiro, n\u00famero de telefone ou redes sociais.<\/li>\n<li>Evite enviar fotos pessoais<\/li>\n<li>N\u00e3o clique em links enviados por desconhecidos<\/li>\n<li>Encerre imediatamente qualquer conversa desconfort\u00e1vel.<\/li>\n<li>Use uma VPN para obter anonimato extra<\/li>\n<li>Os pais devem supervisionar os menores de perto.<\/li>\n<\/ul>\n<p>Quando usado com sabedoria, o RandoChat \u00e9 uma das plataformas de bate-papo an\u00f4nimo mais seguras, especialmente quando comparado a alternativas baseadas em v\u00eddeo.<\/p>\n<h2>Dicas para aproveitar o RandoChat<\/h2>\n<p>Aqui est\u00e3o algumas maneiras de melhorar sua experi\u00eancia:<\/p>\n<ul>\n<li>Comece com sauda\u00e7\u00f5es simples e amig\u00e1veis<\/li>\n<li>Esteja aberto a conhecer pessoas de diferentes culturas<\/li>\n<li>Use o aplicativo durante os hor\u00e1rios de pico para conversas mais ativas.<\/li>\n<li>Mantenha um tom leve e respeitoso<\/li>\n<li>N\u00e3o hesite em pular \u2014 nem todas as conversas v\u00e3o dar certo.<\/li>\n<li>Use o anonimato para se expressar livremente, com responsabilidade.<\/li>\n<\/ul>\n<p>As plataformas baseadas em texto geralmente levam a conversas mais longas e profundas, especialmente quando ambos os usu\u00e1rios se sentem seguros e relaxados.<\/p>\n<h2>Problemas comuns e solu\u00e7\u00f5es<\/h2>\n<h3>Problema: mensagem \u201cNenhum usu\u00e1rio online\u201d<\/h3>\n<ul>\n<li>Tente novamente durante os hor\u00e1rios de pico em sua regi\u00e3o.<\/li>\n<li>Alterne entre as vers\u00f5es do aplicativo e do navegador, se dispon\u00edveis.<\/li>\n<\/ul>\n<h3>Problema: O chat desconecta aleatoriamente<\/h3>\n<ul>\n<li>Verifique sua conex\u00e3o com a Internet<\/li>\n<li>Reinicie o aplicativo ou atualize a p\u00e1gina.<\/li>\n<\/ul>\n<h3>Problema: Encontrar usu\u00e1rios de spam<\/h3>\n<ul>\n<li>Pular imediatamente<\/li>\n<li>Use a fun\u00e7\u00e3o de relat\u00f3rio<\/li>\n<\/ul>\n<h3>Problema: O aplicativo n\u00e3o abre ou trava<\/h3>\n<ul>\n<li>Atualize para a vers\u00e3o mais recente<\/li>\n<li>Limpar cache<\/li>\n<li>Reinicie o seu telefone<\/li>\n<\/ul>\n<h3>Problema: N\u00e3o consigo enviar mensagens<\/h3>\n<ul>\n<li>Certifique-se de que nenhuma VPN ou firewall esteja bloqueando a conex\u00e3o.<\/li>\n<li>Reinstale o aplicativo, se necess\u00e1rio.<\/li>\n<\/ul>\n<h2>Por que as pessoas escolhem o RandoChat<\/h2>\n<p>O RandoChat conquistou um p\u00fablico global fiel por v\u00e1rios motivos:<\/p>\n<ul>\n<li>Verdadeiro anonimato<\/li>\n<li>Sem estresse ou press\u00e3o da c\u00e2mera<\/li>\n<li>Interface r\u00e1pida, simples e limpa<\/li>\n<li>Gratuito e sempre acess\u00edvel<\/li>\n<li>Perfeito para introvertidos que preferem texto a v\u00eddeo<\/li>\n<li>Leve e compat\u00edvel com dispositivos m\u00f3veis<\/li>\n<\/ul>\n<p>Para muitos, o RandoChat parece mais privado e confort\u00e1vel do que as alternativas de chat por v\u00eddeo, tornando-o ideal para conversas espont\u00e2neas em qualquer lugar.<\/p>\n<h2>Considera\u00e7\u00f5es finais: vale a pena usar o RandoChat?<\/h2>\n<p>Se voc\u00ea est\u00e1 procurando uma experi\u00eancia de bate-papo aleat\u00f3rio gratuita, an\u00f4nima e baseada em texto, vale a pena experimentar o RandoChat. Ele oferece um ref\u00fagio revigorante do mundo polido e orientado pela identidade das redes sociais \u2014 proporcionando um lugar para conversar livremente, conhecer estranhos instantaneamente e desfrutar de conversas reais sem julgamentos ou obriga\u00e7\u00f5es.<\/p>\n<p>Se voc\u00ea quiser:<\/p>\n<ul>\n<li>Passar o tempo<\/li>\n<li>Conhecer novas pessoas<\/li>\n<li>Pratique idiomas<\/li>\n<li>Relaxe anonimamente<\/li>\n<li>Desfrute de conversas espont\u00e2neas<\/li>\n<\/ul>\n<p>O RandoChat oferece uma plataforma perfeitamente simples e privada para fazer isso.<\/p>\n<p>O RandoChat \u00e9 um aplicativo de bate-papo por texto r\u00e1pido, seguro e an\u00f4nimo, projetado para conhecer pessoas aleat\u00f3rias sem compartilhar informa\u00e7\u00f5es pessoais. \u00c9 limpo, compat\u00edvel com dispositivos m\u00f3veis, leve e ideal para usu\u00e1rios que preferem privacidade e simplicidade em vez de bate-papo por v\u00eddeo.<\/p>\n<p>Pronto para come\u00e7ar a conversar? Abra o RandoChat, toque em \u201cIniciar\u201d e conhe\u00e7a algu\u00e9m novo em segundos.<\/p>","protected":false},"excerpt":{"rendered":"<p>The online chat world continues to evolve, yet one concept remains timeless: the thrill of meeting someone new, instantly and anonymously. RandoChat embodies that spirit perfectly. It\u2019s a simple, fast, and privacy-focused random chat platform that connects you with strangers around the world \u2014 without requiring registration, profiles, or personal information. Whether you\u2019re looking for [&hellip;]<\/p>\n","protected":false},"author":6,"featured_media":0,"parent":0,"menu_order":0,"comment_status":"closed","ping_status":"closed","template":"","meta":{"footnotes":""},"class_list":["post-10021","page","type-page","status-publish","hentry"],"yoast_head":"<!-- This site is optimized with the Yoast SEO plugin v27.4 - https:\/\/yoast.com\/product\/yoast-seo-wordpress\/ -->\n<title>Randochat - Chat Anonymously &amp; Meet People - TinyChat.com<\/title>\n<meta name=\"description\" content=\"Enjoying Randochat? Join over 50,000,000 strangers on TinyChat! Turn on your cam and start meeting new people, or find a match.\" \/>\n<meta name=\"robots\" content=\"index, follow, max-snippet:-1, max-image-preview:large, max-video-preview:-1\" \/>\n<link rel=\"canonical\" href=\"https:\/\/tinychat.com\/pt-br\/randochat\/\" \/>\n<meta property=\"og:locale\" content=\"pt_BR\" \/>\n<meta property=\"og:type\" content=\"article\" \/>\n<meta property=\"og:title\" content=\"Randochat - Chat Anonymously &amp; Meet People - TinyChat.com\" \/>\n<meta property=\"og:description\" content=\"Enjoying Randochat? Join over 50,000,000 strangers on TinyChat! Turn on your cam and start meeting new people, or find a match.\" \/>\n<meta property=\"og:url\" content=\"https:\/\/tinychat.com\/pt-br\/randochat\/\" \/>\n<meta property=\"og:site_name\" content=\"TinyChat\" \/>\n<meta property=\"article:publisher\" content=\"https:\/\/www.facebook.com\/tinychat\" \/>\n<meta property=\"article:modified_time\" content=\"2025-12-02T08:48:18+00:00\" \/>\n<meta property=\"og:image\" content=\"https:\/\/tinychat.com\/wp-content\/uploads\/2020\/04\/Tinychat-logo-1280x284-new-black.png\" \/>\n\t<meta property=\"og:image:width\" content=\"1280\" \/>\n\t<meta property=\"og:image:height\" content=\"284\" \/>\n\t<meta property=\"og:image:type\" content=\"image\/png\" \/>\n<meta name=\"twitter:card\" content=\"summary_large_image\" \/>\n<meta name=\"twitter:site\" content=\"@tinychat\" \/>\n<meta name=\"twitter:label1\" content=\"Est. tempo de leitura\" \/>\n\t<meta name=\"twitter:data1\" content=\"6 minutos\" \/>\n<script type=\"application\/ld+json\" class=\"yoast-schema-graph\">{\"@context\":\"https:\\\/\\\/schema.org\",\"@graph\":[{\"@type\":\"WebPage\",\"@id\":\"https:\\\/\\\/tinychat.com\\\/randochat\\\/\",\"url\":\"https:\\\/\\\/tinychat.com\\\/randochat\\\/\",\"name\":\"Randochat - Chat Anonymously & Meet People - TinyChat.com\",\"isPartOf\":{\"@id\":\"https:\\\/\\\/tinychat.com\\\/#website\"},\"datePublished\":\"2025-12-02T06:48:35+00:00\",\"dateModified\":\"2025-12-02T08:48:18+00:00\",\"description\":\"Enjoying Randochat? Join over 50,000,000 strangers on TinyChat! Turn on your cam and start meeting new people, or find a match.\",\"breadcrumb\":{\"@id\":\"https:\\\/\\\/tinychat.com\\\/randochat\\\/#breadcrumb\"},\"inLanguage\":\"pt-BR\",\"potentialAction\":[{\"@type\":\"ReadAction\",\"target\":[\"https:\\\/\\\/tinychat.com\\\/randochat\\\/\"]}]},{\"@type\":\"BreadcrumbList\",\"@id\":\"https:\\\/\\\/tinychat.com\\\/randochat\\\/#breadcrumb\",\"itemListElement\":[{\"@type\":\"ListItem\",\"position\":1,\"name\":\"Home\",\"item\":\"https:\\\/\\\/tinychat.com\\\/\"},{\"@type\":\"ListItem\",\"position\":2,\"name\":\"Randochat\"}]},{\"@type\":\"WebSite\",\"@id\":\"https:\\\/\\\/tinychat.com\\\/#website\",\"url\":\"https:\\\/\\\/tinychat.com\\\/\",\"name\":\"TinyChat\",\"description\":\"Random Video Chat with Strangers\",\"publisher\":{\"@id\":\"https:\\\/\\\/tinychat.com\\\/#organization\"},\"alternateName\":\"TinyChat.com\",\"potentialAction\":[{\"@type\":\"SearchAction\",\"target\":{\"@type\":\"EntryPoint\",\"urlTemplate\":\"https:\\\/\\\/tinychat.com\\\/?s={search_term_string}\"},\"query-input\":{\"@type\":\"PropertyValueSpecification\",\"valueRequired\":true,\"valueName\":\"search_term_string\"}}],\"inLanguage\":\"pt-BR\"},{\"@type\":\"Organization\",\"@id\":\"https:\\\/\\\/tinychat.com\\\/#organization\",\"name\":\"TinyChat\",\"alternateName\":\"TinyChat.com\",\"url\":\"https:\\\/\\\/tinychat.com\\\/\",\"logo\":{\"@type\":\"ImageObject\",\"inLanguage\":\"pt-BR\",\"@id\":\"https:\\\/\\\/tinychat.com\\\/#\\\/schema\\\/logo\\\/image\\\/\",\"url\":\"https:\\\/\\\/tinychat.com\\\/wp-content\\\/uploads\\\/2023\\\/11\\\/Tinychat-icon-square.png\",\"contentUrl\":\"https:\\\/\\\/tinychat.com\\\/wp-content\\\/uploads\\\/2023\\\/11\\\/Tinychat-icon-square.png\",\"width\":284,\"height\":284,\"caption\":\"TinyChat\"},\"image\":{\"@id\":\"https:\\\/\\\/tinychat.com\\\/#\\\/schema\\\/logo\\\/image\\\/\"},\"sameAs\":[\"https:\\\/\\\/www.facebook.com\\\/tinychat\",\"https:\\\/\\\/x.com\\\/tinychat\"]}]}<\/script>\n<!-- \/ Yoast SEO plugin. -->","yoast_head_json":{"title":"Randochat - Converse anonimamente e conhe\u00e7a pessoas - TinyChat.com","description":"Est\u00e1 gostando do Randochat? Junte-se a mais de 50 milh\u00f5es de desconhecidos no TinyChat! Ligue sua c\u00e2mera e comece a conhecer novas pessoas ou encontre um par.","robots":{"index":"index","follow":"follow","max-snippet":"max-snippet:-1","max-image-preview":"max-image-preview:large","max-video-preview":"max-video-preview:-1"},"canonical":"https:\/\/tinychat.com\/pt-br\/randochat\/","og_locale":"pt_BR","og_type":"article","og_title":"Randochat - Chat Anonymously & Meet People - TinyChat.com","og_description":"Enjoying Randochat? Join over 50,000,000 strangers on TinyChat! Turn on your cam and start meeting new people, or find a match.","og_url":"https:\/\/tinychat.com\/pt-br\/randochat\/","og_site_name":"TinyChat","article_publisher":"https:\/\/www.facebook.com\/tinychat","article_modified_time":"2025-12-02T08:48:18+00:00","og_image":[{"width":1280,"height":284,"url":"https:\/\/tinychat.com\/wp-content\/uploads\/2020\/04\/Tinychat-logo-1280x284-new-black.png","type":"image\/png"}],"twitter_card":"summary_large_image","twitter_site":"@tinychat","twitter_misc":{"Est. tempo de leitura":"6 minutos"},"schema":{"@context":"https:\/\/schema.org","@graph":[{"@type":"WebPage","@id":"https:\/\/tinychat.com\/randochat\/","url":"https:\/\/tinychat.com\/randochat\/","name":"Randochat - Converse anonimamente e conhe\u00e7a pessoas - TinyChat.com","isPartOf":{"@id":"https:\/\/tinychat.com\/#website"},"datePublished":"2025-12-02T06:48:35+00:00","dateModified":"2025-12-02T08:48:18+00:00","description":"Est\u00e1 gostando do Randochat? Junte-se a mais de 50 milh\u00f5es de desconhecidos no TinyChat! Ligue sua c\u00e2mera e comece a conhecer novas pessoas ou encontre um par.","breadcrumb":{"@id":"https:\/\/tinychat.com\/randochat\/#breadcrumb"},"inLanguage":"pt-BR","potentialAction":[{"@type":"ReadAction","target":["https:\/\/tinychat.com\/randochat\/"]}]},{"@type":"BreadcrumbList","@id":"https:\/\/tinychat.com\/randochat\/#breadcrumb","itemListElement":[{"@type":"ListItem","position":1,"name":"Home","item":"https:\/\/tinychat.com\/"},{"@type":"ListItem","position":2,"name":"Randochat"}]},{"@type":"WebSite","@id":"https:\/\/tinychat.com\/#website","url":"https:\/\/tinychat.com\/","name":"TinyChat","description":"Bate-papo por v\u00eddeo aleat\u00f3rio com estranhos","publisher":{"@id":"https:\/\/tinychat.com\/#organization"},"alternateName":"TinyChat.com","potentialAction":[{"@type":"SearchAction","target":{"@type":"EntryPoint","urlTemplate":"https:\/\/tinychat.com\/?s={search_term_string}"},"query-input":{"@type":"PropertyValueSpecification","valueRequired":true,"valueName":"search_term_string"}}],"inLanguage":"pt-BR"},{"@type":"Organization","@id":"https:\/\/tinychat.com\/#organization","name":"TinyChat","alternateName":"TinyChat.com","url":"https:\/\/tinychat.com\/","logo":{"@type":"ImageObject","inLanguage":"pt-BR","@id":"https:\/\/tinychat.com\/#\/schema\/logo\/image\/","url":"https:\/\/tinychat.com\/wp-content\/uploads\/2023\/11\/Tinychat-icon-square.png","contentUrl":"https:\/\/tinychat.com\/wp-content\/uploads\/2023\/11\/Tinychat-icon-square.png","width":284,"height":284,"caption":"TinyChat"},"image":{"@id":"https:\/\/tinychat.com\/#\/schema\/logo\/image\/"},"sameAs":["https:\/\/www.facebook.com\/tinychat","https:\/\/x.com\/tinychat"]}]}},"_links":{"self":[{"href":"https:\/\/tinychat.com\/pt-br\/wp-json\/wp\/v2\/pages\/10021","targetHints":{"allow":["GET"]}}],"collection":[{"href":"https:\/\/tinychat.com\/pt-br\/wp-json\/wp\/v2\/pages"}],"about":[{"href":"https:\/\/tinychat.com\/pt-br\/wp-json\/wp\/v2\/types\/page"}],"author":[{"embeddable":true,"href":"https:\/\/tinychat.com\/pt-br\/wp-json\/wp\/v2\/users\/6"}],"replies":[{"embeddable":true,"href":"https:\/\/tinychat.com\/pt-br\/wp-json\/wp\/v2\/comments?post=10021"}],"version-history":[{"count":3,"href":"https:\/\/tinychat.com\/pt-br\/wp-json\/wp\/v2\/pages\/10021\/revisions"}],"predecessor-version":[{"id":13583,"href":"https:\/\/tinychat.com\/pt-br\/wp-json\/wp\/v2\/pages\/10021\/revisions\/13583"}],"wp:attachment":[{"href":"https:\/\/tinychat.com\/pt-br\/wp-json\/wp\/v2\/media?parent=10021"}],"curies":[{"name":"wp","href":"https:\/\/api.w.org\/{rel}","templated":true}]}}