{"id":10096,"date":"2025-08-18T09:20:25","date_gmt":"2025-08-18T07:20:25","guid":{"rendered":"https:\/\/tinychat.com\/?page_id=10096"},"modified":"2025-08-18T10:06:15","modified_gmt":"2025-08-18T08:06:15","slug":"tandoo","status":"publish","type":"page","link":"https:\/\/tinychat.com\/pt-br\/tandoo\/","title":{"rendered":"Tandoo"},"content":{"rendered":"<p>Em um mundo em que a comunica\u00e7\u00e3o on-line est\u00e1 cada vez mais polida e com curadoria, plataformas como o Tandoo oferecem um lembrete bem-vindo da empolga\u00e7\u00e3o que vem com encontros genu\u00ednos e sem script. Em vez de depender de perfis pr\u00e9-constru\u00eddos ou linhas do tempo filtradas, o Tandoo se concentra no que mais importa: a intera\u00e7\u00e3o humana em tempo real. Com apenas um clique, voc\u00ea pode estar cara a cara com algu\u00e9m novo, compartilhando hist\u00f3rias, rindo de piadas ou descobrindo novas perspectivas de todo o mundo.<\/p>\n<p>Seja para conversas casuais, para aprender sobre culturas diferentes ou at\u00e9 mesmo para encontrar uma fa\u00edsca rom\u00e2ntica, o Tandoo torna simples, r\u00e1pido e envolvente o encontro com estranhos on-line. Este guia examina a fundo os recursos do Tandoo, como ele funciona e como ele se compara aos concorrentes no mundo do bate-papo por v\u00eddeo aleat\u00f3rio.<\/p>\n<h2>O que \u00e9 Tandoo?<\/h2>\n<p>O Tandoo \u00e9 um servi\u00e7o de bate-papo por v\u00eddeo aleat\u00f3rio que conecta pessoas instantaneamente por meio de v\u00eddeo, \u00e1udio e mensagens de texto opcionais. Muito parecido com sites populares como Chatroulette, Omegle e Chatrandom, o Tandoo adota a imprevisibilidade da socializa\u00e7\u00e3o on-line, mas com uma interface atualizada, funcionalidade suave e ferramentas de seguran\u00e7a que mant\u00eam as intera\u00e7\u00f5es agrad\u00e1veis.<\/p>\n<p>N\u00e3o \u00e9 necess\u00e1rio um longo processo de registro e voc\u00ea n\u00e3o precisa passar horas criando um perfil. Em vez disso, o Tandoo oferece um estilo de bate-papo que entra e sai, em que cada conversa \u00e9 uma nova oportunidade.<\/p>\n<h2>Principais recursos do Tandoo<\/h2>\n<p>O sucesso do Tandoo se resume ao seu equil\u00edbrio entre simplicidade, divers\u00e3o e seguran\u00e7a. Aqui est\u00e3o os recursos de destaque que o tornam atraente:<\/p>\n<h3>1. Correspond\u00eancia aleat\u00f3ria r\u00e1pida<\/h3>\n<ul>\n<li>Conecte-se instantaneamente com estranhos em todo o mundo.<\/li>\n<li>Pule para o pr\u00f3ximo bate-papo quando quiser.<\/li>\n<li>Sem filas de espera - basta tocar em Iniciar e pronto.<\/li>\n<\/ul>\n<h3>2. Filtros de localiza\u00e7\u00e3o e g\u00eanero<\/h3>\n<ul>\n<li>Direcione as conversas por pa\u00eds ou deixe-as abertas para encontros globais.<\/li>\n<li>Os filtros de g\u00eanero ajudam a refinar as correspond\u00eancias quando voc\u00ea prefere intera\u00e7\u00f5es espec\u00edficas.<\/li>\n<\/ul>\n<h3>3. Integra\u00e7\u00e3o de chat de texto<\/h3>\n<ul>\n<li>Use mensagens de texto junto com v\u00eddeo ao vivo.<\/li>\n<li>\u00d3timo para compartilhar tradu\u00e7\u00f5es ou se o \u00e1udio n\u00e3o estiver funcionando.<\/li>\n<\/ul>\n<h3>4. Op\u00e7\u00e3o Friend &amp; Reconnect<\/h3>\n<ul>\n<li>Adicione pessoas interessantes \u00e0 sua lista de amigos.<\/li>\n<li>Reconecte-se mais tarde sem depender do acaso.<\/li>\n<\/ul>\n<h3>5. Filtros e efeitos divertidos<\/h3>\n<ul>\n<li>Aprimore seus bate-papos com m\u00e1scaras, filtros de realidade aumentada e adesivos divertidos.<\/li>\n<li>Quebra-gelo perfeito para intera\u00e7\u00f5es mais descontra\u00eddas.<\/li>\n<\/ul>\n<h3>6. Ferramentas de seguran\u00e7a incorporadas<\/h3>\n<ul>\n<li>As fun\u00e7\u00f5es de relat\u00f3rio e bloqueio est\u00e3o sempre vis\u00edveis.<\/li>\n<li>Um modo de visualiza\u00e7\u00e3o de desfoque permite que voc\u00ea controle as primeiras impress\u00f5es.<\/li>\n<li>A modera\u00e7\u00e3o ajuda a manter o conte\u00fado ofensivo fora da plataforma.<\/li>\n<\/ul>\n<h3>7. Acesso a v\u00e1rias plataformas<\/h3>\n<ul>\n<li>Funciona em navegadores de desktop e dispositivos m\u00f3veis.<\/li>\n<li>O design responsivo garante um bate-papo tranquilo em qualquer tamanho de tela.<\/li>\n<\/ul>\n<h2>Como usar o Tandoo<\/h2>\n<p>Come\u00e7ar a usar o Tandoo \u00e9 simples e n\u00e3o exige conhecimento t\u00e9cnico.<\/p>\n<h3>Etapa 1: Visite a plataforma<\/h3>\n<ul>\n<li>Abra o site oficial do Tandoo no computador ou no celular.<\/li>\n<li>Em algumas regi\u00f5es, voc\u00ea tamb\u00e9m pode encontrar acesso ao aplicativo.<\/li>\n<\/ul>\n<h3>Etapa 2: Escolha seus filtros<\/h3>\n<ul>\n<li>Defina suas prefer\u00eancias de local ou g\u00eanero.<\/li>\n<li>Deixe os filtros desligados para obter a experi\u00eancia aleat\u00f3ria completa.<\/li>\n<\/ul>\n<h3>Etapa 3: Habilite a c\u00e2mera e o microfone<\/h3>\n<ul>\n<li>Conceda as permiss\u00f5es quando solicitado.<\/li>\n<li>Teste sua configura\u00e7\u00e3o antes de come\u00e7ar para obter a melhor experi\u00eancia.<\/li>\n<\/ul>\n<h3>Etapa 4: Iniciar o bate-papo<\/h3>\n<ul>\n<li>Pressione Start para conhecer algu\u00e9m novo instantaneamente.<\/li>\n<li>Use Next para pular sempre que estiver pronto para continuar.<\/li>\n<\/ul>\n<h3>Etapa 5: Adicionar amigos ou continuar explorando<\/h3>\n<ul>\n<li>Salve conversas divertidas com a op\u00e7\u00e3o adicionar amigo.<\/li>\n<li>Continue conhecendo pessoas pelo tempo que quiser.<\/li>\n<\/ul>\n<h2>Experi\u00eancia do usu\u00e1rio no Tandoo<\/h2>\n<p>A interface limpa e minimalista do Tandoo o diferencia das plataformas de bate-papo mais antigas e desorganizadas. A navega\u00e7\u00e3o \u00e9 intuitiva, o que facilita at\u00e9 mesmo para os usu\u00e1rios de primeira viagem entrarem diretamente nas conversas.<\/p>\n<h3>O que os usu\u00e1rios gostam<\/h3>\n<ul>\n<li>Conex\u00f5es instant\u00e2neas sem problemas de registro.<\/li>\n<li>Qualidade de v\u00eddeo e \u00e1udio suave e est\u00e1vel.<\/li>\n<li>Filtros que permitem intera\u00e7\u00f5es mais personalizadas.<\/li>\n<li>Recursos l\u00fadicos, como m\u00e1scaras e efeitos.<\/li>\n<li>Abordagem de seguran\u00e7a em primeiro lugar com visualiza\u00e7\u00e3o de desfoque.<\/li>\n<\/ul>\n<h3>O que os usu\u00e1rios n\u00e3o gostam<\/h3>\n<ul>\n<li>Alguns filtros avan\u00e7ados podem estar bloqueados para acesso premium.<\/li>\n<li>Os hor\u00e1rios de pico s\u00e3o mais ativos do que fora do hor\u00e1rio comercial.<\/li>\n<li>A tradu\u00e7\u00e3o n\u00e3o \u00e9 autom\u00e1tica, o que pode ser um obst\u00e1culo.<\/li>\n<li>O suporte ao aplicativo varia de acordo com o pa\u00eds.<\/li>\n<\/ul>\n<h2>Tandoo vs. outras plataformas de bate-papo aleat\u00f3rio<\/h2>\n<table>\n<thead>\n<tr>\n<th>Recurso<\/th>\n<th>Tandoo<\/th>\n<th>Omegle<\/th>\n<th>Chatroulette<\/th>\n<th>ChatHub<\/th>\n<th>LuckyCrush<\/th>\n<th>Azar<\/th>\n<\/tr>\n<\/thead>\n<tbody>\n<tr>\n<td>Random Video Chat com Estranhos<\/td>\n<td>\u2705 Sim<\/td>\n<td>\u2705 Sim<\/td>\n<td>\u2705 Sim<\/td>\n<td>\u2705 Sim<\/td>\n<td>\u2705 Sim<\/td>\n<td>\u2705 Sim<\/td>\n<\/tr>\n<tr>\n<td>Filtros de g\u00eanero\/localiza\u00e7\u00e3o<\/td>\n<td>\u2705 Sim<\/td>\n<td>\u274c N\u00e3o<\/td>\n<td>\u274c Limitada<\/td>\n<td>\u2705 Sim<\/td>\n<td>\u2705 Sim<\/td>\n<td>\u2705 Sim<\/td>\n<\/tr>\n<tr>\n<td>Modo de visualiza\u00e7\u00e3o de desfoque<\/td>\n<td>\u2705 Sim<\/td>\n<td>\u274c N\u00e3o<\/td>\n<td>\u274c N\u00e3o<\/td>\n<td>\u2705 Sim<\/td>\n<td>\u274c N\u00e3o<\/td>\n<td>\u2705 Sim<\/td>\n<\/tr>\n<tr>\n<td>Op\u00e7\u00e3o de amigo\/reconex\u00e3o<\/td>\n<td>\u2705 Sim<\/td>\n<td>\u274c N\u00e3o<\/td>\n<td>\u274c N\u00e3o<\/td>\n<td>\u2705 Sim<\/td>\n<td>\u2705 Sim<\/td>\n<td>\u2705 Sim<\/td>\n<\/tr>\n<tr>\n<td>Filtros e efeitos de AR<\/td>\n<td>\u2705 Sim<\/td>\n<td>\u274c N\u00e3o<\/td>\n<td>\u274c N\u00e3o<\/td>\n<td>\u2705 Sim<\/td>\n<td>\u274c N\u00e3o<\/td>\n<td>\u2705 Sim<\/td>\n<\/tr>\n<tr>\n<td>Acesso entre plataformas<\/td>\n<td>\u2705 Sim<\/td>\n<td>\u2705 Sim<\/td>\n<td>\u2705 Sim<\/td>\n<td>\u2705 Sim<\/td>\n<td>\u2705 Sim<\/td>\n<td>\u2705 Sim<\/td>\n<\/tr>\n<\/tbody>\n<\/table>\n<p>Resumo: O Tandoo se compara favoravelmente a outras plataformas, oferecendo uma combina\u00e7\u00e3o de filtros, efeitos divertidos e recursos de seguran\u00e7a que o tornam um dos servi\u00e7os de bate-papo aleat\u00f3rio mais vers\u00e1teis dispon\u00edveis.<\/p>\n<h2>O Tandoo \u00e9 seguro?<\/h2>\n<p>O Yes-Tandoo coloca a seguran\u00e7a em primeiro plano. A plataforma usa uma combina\u00e7\u00e3o de modera\u00e7\u00e3o de IA e ferramentas de relat\u00f3rio da comunidade para manter as coisas seguras e agrad\u00e1veis.<\/p>\n<h3>Recursos de seguran\u00e7a<\/h3>\n<ul>\n<li>Modo de desfoque para controlar as primeiras impress\u00f5es.<\/li>\n<li>Bloqueio\/den\u00fancia r\u00e1pida de usu\u00e1rios inadequados.<\/li>\n<li>Bate-papo an\u00f4nimo - n\u00e3o s\u00e3o necess\u00e1rios detalhes pessoais.<\/li>\n<li>Modera\u00e7\u00e3o ativa contra conte\u00fado expl\u00edcito ou prejudicial.<\/li>\n<\/ul>\n<h3>Dicas de seguran\u00e7a<\/h3>\n<ul>\n<li>Nunca compartilhe detalhes pessoais ou financeiros.<\/li>\n<li>Use a visualiza\u00e7\u00e3o de desfoque antes de revelar sua c\u00e2mera completa.<\/li>\n<li>Denunciar e bloquear qualquer pessoa que esteja violando as regras.<\/li>\n<li>Os pais devem monitorar os usu\u00e1rios mais jovens.<\/li>\n<\/ul>\n<h2>Dicas para aproveitar ao m\u00e1ximo o Tandoo<\/h2>\n<ul>\n<li>Experimente os bate-papos globais para expandir seus horizontes culturais.<\/li>\n<li>Use filtros quando quiser intera\u00e7\u00f5es espec\u00edficas.<\/li>\n<li>Experimente os efeitos para um in\u00edcio leve.<\/li>\n<li>Mantenha sua ilumina\u00e7\u00e3o clara para causar a melhor impress\u00e3o.<\/li>\n<li>Fa\u00e7a login nos hor\u00e1rios de pico para usu\u00e1rios mais ativos.<\/li>\n<li>Seja proativo: denuncie conte\u00fado inadequado para manter o espa\u00e7o seguro.<\/li>\n<\/ul>\n<h2>Problemas comuns e corre\u00e7\u00f5es no Tandoo<\/h2>\n<h3>A c\u00e2mera\/microfone n\u00e3o est\u00e1 funcionando<\/h3>\n<ul>\n<li>Permitir permiss\u00f5es nas configura\u00e7\u00f5es do navegador\/aplicativo.<\/li>\n<li>Reinicie seu dispositivo, se necess\u00e1rio.<\/li>\n<\/ul>\n<h3>Qualidade de v\u00eddeo ruim<\/h3>\n<ul>\n<li>Use uma conex\u00e3o Wi-Fi est\u00e1vel.<\/li>\n<li>Feche aplicativos desnecess\u00e1rios em segundo plano.<\/li>\n<\/ul>\n<h3>N\u00e3o \u00e9 poss\u00edvel aplicar filtros<\/h3>\n<ul>\n<li>Verifique se voc\u00ea est\u00e1 conectado (se necess\u00e1rio).<\/li>\n<li>Alguns filtros podem precisar de acesso premium.<\/li>\n<\/ul>\n<h3>Encontros com usu\u00e1rios ofensivos<\/h3>\n<ul>\n<li>Bloqueie e informe imediatamente.<\/li>\n<li>Passe para a pr\u00f3xima partida com um clique.<\/li>\n<\/ul>\n<p>Se voc\u00ea est\u00e1 procurando uma plataforma de bate-papo por v\u00eddeo aleat\u00f3rio moderna, confi\u00e1vel e envolvente, o Tandoo \u00e9 a solu\u00e7\u00e3o. \u00c9 f\u00e1cil de usar, tem recursos suficientes para se destacar e equilibra espontaneidade e seguran\u00e7a. Embora n\u00e3o tenha o enorme reconhecimento de marca do Omegle ou do Chatroulette, ele oferece uma alternativa nova e segura que muitos usu\u00e1rios preferem.<\/p>\n<p>Quer voc\u00ea esteja aqui para uma risada r\u00e1pida, um interc\u00e2mbio cultural ou algo mais pessoal, o Tandoo cria um ambiente em que essas possibilidades parecem infinitas. Com seu design simples, filtros inteligentes e conex\u00f5es em tempo real, ele \u00e9 um \u00f3timo complemento para a rota\u00e7\u00e3o de bate-papos aleat\u00f3rios de qualquer pessoa.<\/p>\n<p>Pronto para experimentar? Visite Tandoo, pressione start e descubra quem est\u00e1 esperando para conversar do outro lado da tela.<\/p>","protected":false},"excerpt":{"rendered":"<p>In a world where online communication is increasingly polished and curated, platforms like Tandoo offer a welcome reminder of the excitement that comes with genuine, unscripted encounters. Instead of relying on pre-built profiles or filtered timelines, Tandoo focuses on what matters most\u2014real-time human interaction. With just one click, you can be face-to-face with someone new, [&hellip;]<\/p>\n","protected":false},"author":6,"featured_media":0,"parent":0,"menu_order":0,"comment_status":"closed","ping_status":"closed","template":"","meta":{"footnotes":""},"class_list":["post-10096","page","type-page","status-publish","hentry"],"yoast_head":"<!-- This site is optimized with the Yoast SEO plugin v27.6 - https:\/\/yoast.com\/product\/yoast-seo-wordpress\/ -->\n<title>Tandoo - Interactive Live Video Chat - TinyChat.com<\/title>\n<meta name=\"description\" content=\"Enjoying Tandoo? Join over 50,000,000 strangers on TinyChat! Turn on your cam and start meeting new people, or find a match.\" \/>\n<meta name=\"robots\" content=\"index, follow, max-snippet:-1, max-image-preview:large, max-video-preview:-1\" \/>\n<link rel=\"canonical\" href=\"https:\/\/tinychat.com\/pt-br\/tandoo\/\" \/>\n<meta property=\"og:locale\" content=\"pt_BR\" \/>\n<meta property=\"og:type\" content=\"article\" \/>\n<meta property=\"og:title\" content=\"Tandoo - Interactive Live Video Chat - TinyChat.com\" \/>\n<meta property=\"og:description\" content=\"Enjoying Tandoo? Join over 50,000,000 strangers on TinyChat! Turn on your cam and start meeting new people, or find a match.\" \/>\n<meta property=\"og:url\" content=\"https:\/\/tinychat.com\/pt-br\/tandoo\/\" \/>\n<meta property=\"og:site_name\" content=\"TinyChat\" \/>\n<meta property=\"article:publisher\" content=\"https:\/\/www.facebook.com\/tinychat\" \/>\n<meta property=\"article:modified_time\" content=\"2025-08-18T08:06:15+00:00\" \/>\n<meta property=\"og:image\" content=\"https:\/\/tinychat.com\/wp-content\/uploads\/2020\/04\/Tinychat-logo-1280x284-new-black.png\" \/>\n\t<meta property=\"og:image:width\" content=\"1280\" \/>\n\t<meta property=\"og:image:height\" content=\"284\" \/>\n\t<meta property=\"og:image:type\" content=\"image\/png\" \/>\n<meta name=\"twitter:card\" content=\"summary_large_image\" \/>\n<meta name=\"twitter:site\" content=\"@tinychat\" \/>\n<meta name=\"twitter:label1\" content=\"Est. tempo de leitura\" \/>\n\t<meta name=\"twitter:data1\" content=\"5 minutos\" \/>\n<script type=\"application\/ld+json\" class=\"yoast-schema-graph\">{\"@context\":\"https:\\\/\\\/schema.org\",\"@graph\":[{\"@type\":\"WebPage\",\"@id\":\"https:\\\/\\\/tinychat.com\\\/tandoo\\\/\",\"url\":\"https:\\\/\\\/tinychat.com\\\/tandoo\\\/\",\"name\":\"Tandoo - Interactive Live Video Chat - TinyChat.com\",\"isPartOf\":{\"@id\":\"https:\\\/\\\/tinychat.com\\\/#website\"},\"datePublished\":\"2025-08-18T07:20:25+00:00\",\"dateModified\":\"2025-08-18T08:06:15+00:00\",\"description\":\"Enjoying Tandoo? Join over 50,000,000 strangers on TinyChat! Turn on your cam and start meeting new people, or find a match.\",\"breadcrumb\":{\"@id\":\"https:\\\/\\\/tinychat.com\\\/tandoo\\\/#breadcrumb\"},\"inLanguage\":\"pt-BR\",\"potentialAction\":[{\"@type\":\"ReadAction\",\"target\":[\"https:\\\/\\\/tinychat.com\\\/tandoo\\\/\"]}]},{\"@type\":\"BreadcrumbList\",\"@id\":\"https:\\\/\\\/tinychat.com\\\/tandoo\\\/#breadcrumb\",\"itemListElement\":[{\"@type\":\"ListItem\",\"position\":1,\"name\":\"Home\",\"item\":\"https:\\\/\\\/tinychat.com\\\/\"},{\"@type\":\"ListItem\",\"position\":2,\"name\":\"Tandoo\"}]},{\"@type\":\"WebSite\",\"@id\":\"https:\\\/\\\/tinychat.com\\\/#website\",\"url\":\"https:\\\/\\\/tinychat.com\\\/\",\"name\":\"TinyChat\",\"description\":\"Random Video Chat with Strangers\",\"publisher\":{\"@id\":\"https:\\\/\\\/tinychat.com\\\/#organization\"},\"alternateName\":\"TinyChat.com\",\"potentialAction\":[{\"@type\":\"SearchAction\",\"target\":{\"@type\":\"EntryPoint\",\"urlTemplate\":\"https:\\\/\\\/tinychat.com\\\/?s={search_term_string}\"},\"query-input\":{\"@type\":\"PropertyValueSpecification\",\"valueRequired\":true,\"valueName\":\"search_term_string\"}}],\"inLanguage\":\"pt-BR\"},{\"@type\":\"Organization\",\"@id\":\"https:\\\/\\\/tinychat.com\\\/#organization\",\"name\":\"TinyChat\",\"alternateName\":\"TinyChat.com\",\"url\":\"https:\\\/\\\/tinychat.com\\\/\",\"logo\":{\"@type\":\"ImageObject\",\"inLanguage\":\"pt-BR\",\"@id\":\"https:\\\/\\\/tinychat.com\\\/#\\\/schema\\\/logo\\\/image\\\/\",\"url\":\"https:\\\/\\\/tinychat.com\\\/wp-content\\\/uploads\\\/2023\\\/11\\\/Tinychat-icon-square.png\",\"contentUrl\":\"https:\\\/\\\/tinychat.com\\\/wp-content\\\/uploads\\\/2023\\\/11\\\/Tinychat-icon-square.png\",\"width\":284,\"height\":284,\"caption\":\"TinyChat\"},\"image\":{\"@id\":\"https:\\\/\\\/tinychat.com\\\/#\\\/schema\\\/logo\\\/image\\\/\"},\"sameAs\":[\"https:\\\/\\\/www.facebook.com\\\/tinychat\",\"https:\\\/\\\/x.com\\\/tinychat\"]}]}<\/script>\n<!-- \/ Yoast SEO plugin. -->","yoast_head_json":{"title":"Tandoo - Bate-papo interativo por v\u00eddeo ao vivo - TinyChat.com","description":"Est\u00e1 gostando do Tandoo? Junte-se a mais de 50.000.000 de estranhos no TinyChat! Ligue sua c\u00e2mera e comece a conhecer novas pessoas ou encontre um par.","robots":{"index":"index","follow":"follow","max-snippet":"max-snippet:-1","max-image-preview":"max-image-preview:large","max-video-preview":"max-video-preview:-1"},"canonical":"https:\/\/tinychat.com\/pt-br\/tandoo\/","og_locale":"pt_BR","og_type":"article","og_title":"Tandoo - Interactive Live Video Chat - TinyChat.com","og_description":"Enjoying Tandoo? Join over 50,000,000 strangers on TinyChat! Turn on your cam and start meeting new people, or find a match.","og_url":"https:\/\/tinychat.com\/pt-br\/tandoo\/","og_site_name":"TinyChat","article_publisher":"https:\/\/www.facebook.com\/tinychat","article_modified_time":"2025-08-18T08:06:15+00:00","og_image":[{"width":1280,"height":284,"url":"https:\/\/tinychat.com\/wp-content\/uploads\/2020\/04\/Tinychat-logo-1280x284-new-black.png","type":"image\/png"}],"twitter_card":"summary_large_image","twitter_site":"@tinychat","twitter_misc":{"Est. tempo de leitura":"5 minutos"},"schema":{"@context":"https:\/\/schema.org","@graph":[{"@type":"WebPage","@id":"https:\/\/tinychat.com\/tandoo\/","url":"https:\/\/tinychat.com\/tandoo\/","name":"Tandoo - Bate-papo interativo por v\u00eddeo ao vivo - TinyChat.com","isPartOf":{"@id":"https:\/\/tinychat.com\/#website"},"datePublished":"2025-08-18T07:20:25+00:00","dateModified":"2025-08-18T08:06:15+00:00","description":"Est\u00e1 gostando do Tandoo? Junte-se a mais de 50.000.000 de estranhos no TinyChat! Ligue sua c\u00e2mera e comece a conhecer novas pessoas ou encontre um par.","breadcrumb":{"@id":"https:\/\/tinychat.com\/tandoo\/#breadcrumb"},"inLanguage":"pt-BR","potentialAction":[{"@type":"ReadAction","target":["https:\/\/tinychat.com\/tandoo\/"]}]},{"@type":"BreadcrumbList","@id":"https:\/\/tinychat.com\/tandoo\/#breadcrumb","itemListElement":[{"@type":"ListItem","position":1,"name":"Home","item":"https:\/\/tinychat.com\/"},{"@type":"ListItem","position":2,"name":"Tandoo"}]},{"@type":"WebSite","@id":"https:\/\/tinychat.com\/#website","url":"https:\/\/tinychat.com\/","name":"TinyChat","description":"Bate-papo por v\u00eddeo aleat\u00f3rio com estranhos","publisher":{"@id":"https:\/\/tinychat.com\/#organization"},"alternateName":"TinyChat.com","potentialAction":[{"@type":"SearchAction","target":{"@type":"EntryPoint","urlTemplate":"https:\/\/tinychat.com\/?s={search_term_string}"},"query-input":{"@type":"PropertyValueSpecification","valueRequired":true,"valueName":"search_term_string"}}],"inLanguage":"pt-BR"},{"@type":"Organization","@id":"https:\/\/tinychat.com\/#organization","name":"TinyChat","alternateName":"TinyChat.com","url":"https:\/\/tinychat.com\/","logo":{"@type":"ImageObject","inLanguage":"pt-BR","@id":"https:\/\/tinychat.com\/#\/schema\/logo\/image\/","url":"https:\/\/tinychat.com\/wp-content\/uploads\/2023\/11\/Tinychat-icon-square.png","contentUrl":"https:\/\/tinychat.com\/wp-content\/uploads\/2023\/11\/Tinychat-icon-square.png","width":284,"height":284,"caption":"TinyChat"},"image":{"@id":"https:\/\/tinychat.com\/#\/schema\/logo\/image\/"},"sameAs":["https:\/\/www.facebook.com\/tinychat","https:\/\/x.com\/tinychat"]}]}},"_links":{"self":[{"href":"https:\/\/tinychat.com\/pt-br\/wp-json\/wp\/v2\/pages\/10096","targetHints":{"allow":["GET"]}}],"collection":[{"href":"https:\/\/tinychat.com\/pt-br\/wp-json\/wp\/v2\/pages"}],"about":[{"href":"https:\/\/tinychat.com\/pt-br\/wp-json\/wp\/v2\/types\/page"}],"author":[{"embeddable":true,"href":"https:\/\/tinychat.com\/pt-br\/wp-json\/wp\/v2\/users\/6"}],"replies":[{"embeddable":true,"href":"https:\/\/tinychat.com\/pt-br\/wp-json\/wp\/v2\/comments?post=10096"}],"version-history":[{"count":3,"href":"https:\/\/tinychat.com\/pt-br\/wp-json\/wp\/v2\/pages\/10096\/revisions"}],"predecessor-version":[{"id":13457,"href":"https:\/\/tinychat.com\/pt-br\/wp-json\/wp\/v2\/pages\/10096\/revisions\/13457"}],"wp:attachment":[{"href":"https:\/\/tinychat.com\/pt-br\/wp-json\/wp\/v2\/media?parent=10096"}],"curies":[{"name":"wp","href":"https:\/\/api.w.org\/{rel}","templated":true}]}}