{"id":10206,"date":"2025-05-30T14:48:39","date_gmt":"2025-05-30T12:48:39","guid":{"rendered":"https:\/\/tinychat.com\/?page_id=10206"},"modified":"2025-07-07T18:31:23","modified_gmt":"2025-07-07T16:31:23","slug":"joingy","status":"publish","type":"page","link":"https:\/\/tinychat.com\/pt-br\/joingy\/","title":{"rendered":"Joingy"},"content":{"rendered":"<p>O Joingy criou um nicho para si mesmo ao oferecer uma plataforma que tem tudo a ver com velocidade, simplicidade e anonimato. Se voc\u00ea deseja iniciar instantaneamente uma conversa com uma pessoa aleat\u00f3ria, o <a href=\"https:\/\/tinychat.com\/pt-br\/strangercam\/\">estranho<\/a> - sem perfis, sem downloads, sem complica\u00e7\u00f5es - o Joingy pode ser o <a href=\"https:\/\/tinychat.com\/pt-br\/chatroulette\/\">bate-papo<\/a> site que voc\u00ea est\u00e1 procurando.<\/p>\n<p>Focado principalmente em v\u00eddeos e textos aleat\u00f3rios <a href=\"https:\/\/tinychat.com\/pt-br\/chatroulette\/\">bate-papo<\/a>O Joingy oferece uma experi\u00eancia limpa e eficiente para usu\u00e1rios que desejam interagir em tempo real com pessoas de todo o mundo. Seja por divers\u00e3o, para conhecer novas pessoas ou apenas para passar o tempo, o r\u00e1pido matchmaking e a interface simples do Joingy fazem dele uma plataforma ideal para conversas espont\u00e2neas.<\/p>\n<p>Neste guia abrangente, exploraremos o que \u00e9 o Joingy, seus recursos de destaque, como ele se compara aos concorrentes, considera\u00e7\u00f5es de seguran\u00e7a e como aproveitar ao m\u00e1ximo sua experi\u00eancia com esse produto cada vez mais popular. <a href=\"https:\/\/tinychat.com\/pt-br\/strangercam\/\">estranho<\/a> <a href=\"https:\/\/tinychat.com\/pt-br\/chatroulette\/\">bate-papo<\/a> local.<\/p>\n<h2>O que \u00e9 Joingy?<\/h2>\n<p>O Joingy \u00e9 um servi\u00e7o gratuito e an\u00f4nimo de v\u00eddeo e texto <a href=\"https:\/\/tinychat.com\/pt-br\/chatroulette\/\">bate-papo<\/a> plataforma que conecta usu\u00e1rios aleatoriamente para conversas em tempo real. Como <a href=\"https:\/\/tinychat.com\/pt-br\/omegle\/\">Omegle<\/a> e <a href=\"https:\/\/tinychat.com\/pt-br\/chatroulette\/\">Chatroulette<\/a>O sistema n\u00e3o requer nenhum registro ou cria\u00e7\u00e3o de perfil - os usu\u00e1rios simplesmente selecionam um <a href=\"https:\/\/tinychat.com\/pt-br\/chatroulette\/\">bate-papo<\/a> e s\u00e3o instantaneamente emparelhados com um <a href=\"https:\/\/tinychat.com\/pt-br\/strangercam\/\">estranho<\/a>.<\/p>\n<p>O que diferencia o Joingy \u00e9 seu foco na combina\u00e7\u00e3o r\u00e1pida e individual de v\u00eddeos, juntamente com a filtragem opcional baseada em interesses e um design elegante e responsivo que funciona bem em computadores e dispositivos m\u00f3veis.<\/p>\n<p>Embora n\u00e3o ofere\u00e7a <a href=\"https:\/\/tinychat.com\/pt-br\/chatroulette\/\">bate-papo<\/a> salas ou recursos avan\u00e7ados de comunidade, o Joingy faz o que faz muito bem: facilitar intera\u00e7\u00f5es privadas e an\u00f4nimas entre duas pessoas ao mesmo tempo.<\/p>\n<h2>Principais recursos do Joingy<\/h2>\n<p>O Joingy mant\u00e9m as coisas simples - e isso \u00e9 uma grande parte de seu apelo. Aqui est\u00e3o os principais recursos da plataforma:<\/p>\n<h3>1. V\u00eddeo instant\u00e2neo ou bate-papo por texto<\/h3>\n<p>O cora\u00e7\u00e3o do Joingy \u00e9 o seu sistema de <a href=\"https:\/\/tinychat.com\/pt-br\/chatroulette\/\">bate-papo<\/a> sistema. Assim que chega ao site, voc\u00ea escolhe entre somente texto ou v\u00eddeo <a href=\"https:\/\/tinychat.com\/pt-br\/chatroulette\/\">bate-papo<\/a>e, em seguida, clique em \"Start\" (Iniciar) para se conectar instantaneamente a um usu\u00e1rio aleat\u00f3rio <a href=\"https:\/\/tinychat.com\/pt-br\/strangercam\/\">estranho<\/a>.<\/p>\n<p>A interface \u00e9 r\u00e1pida, leve e foi criada para funcionar sem atrasos, mesmo em conex\u00f5es mais lentas.<\/p>\n<h3>2. Tags de interesse (correspond\u00eancia de palavras-chave)<\/h3>\n<p>Para aumentar as chances de uma intera\u00e7\u00e3o significativa, o Joingy oferece a cria\u00e7\u00e3o de correspond\u00eancias com base em interesses. Antes de iniciar uma sess\u00e3o, os usu\u00e1rios podem inserir uma ou mais palavras-chave ou t\u00f3picos. O sistema tentar\u00e1 emparelh\u00e1-lo com outras pessoas que tenham inserido interesses semelhantes.<\/p>\n<p>Esse recurso \u00e9 ideal para pessoas que desejam discutir t\u00f3picos espec\u00edficos, conhecer usu\u00e1rios com ideias semelhantes ou evitar conversas completamente aleat\u00f3rias.<\/p>\n<h3>3. An\u00f4nimo por padr\u00e3o<\/h3>\n<p>O Joingy n\u00e3o requer nenhuma informa\u00e7\u00e3o pessoal para ser usado. N\u00e3o h\u00e1 login, conta ou captura de e-mail. Voc\u00ea \u00e9 simplesmente identificado como \"Stranger\" para os outros, e sua sess\u00e3o \u00e9 tempor\u00e1ria e descart\u00e1vel.<\/p>\n<p>Esse anonimato \u00e9 um dos principais valores do Joingy, permitindo uma comunica\u00e7\u00e3o honesta e sem filtros, sem a press\u00e3o da identidade ou de uma conex\u00e3o de longo prazo.<\/p>\n<h3>4. Baseado em navegador e compat\u00edvel com dispositivos m\u00f3veis<\/h3>\n<p>N\u00e3o \u00e9 necess\u00e1rio nenhum aplicativo. O Joingy \u00e9 executado inteiramente em seu navegador, com uma interface responsiva para dispositivos m\u00f3veis que funciona perfeitamente em telefones e tablets.<\/p>\n<p>Embora a plataforma n\u00e3o ofere\u00e7a aplicativos m\u00f3veis (iOS\/Android), sua vers\u00e3o web \u00e9 totalmente otimizada para telas menores e intera\u00e7\u00e3o baseada em toque.<\/p>\n<h3>5. Pulo autom\u00e1tico e reconex\u00e3o r\u00e1pida<\/h3>\n<p>N\u00e3o est\u00e1 gostando de sua vida atual <a href=\"https:\/\/tinychat.com\/pt-br\/chatroulette\/\">bate-papo<\/a>? Basta clicar em \"Next\" (Avan\u00e7ar) para ser instantaneamente conectado a algu\u00e9m novo. O Joingy enfatiza a velocidade, portanto, n\u00e3o h\u00e1 tela de carregamento ou atraso ao passar para a pr\u00f3xima conex\u00e3o.<\/p>\n<p>Tamb\u00e9m \u00e9 poss\u00edvel reativar ou desativar a c\u00e2mera e o microfone a qualquer momento durante a sess\u00e3o.<\/p>\n<h2>Como usar o Joingy<\/h2>\n<p>Come\u00e7ar a usar o Joingy \u00e9 o mais simples poss\u00edvel. Aqui est\u00e1 um guia passo a passo para usar a plataforma:<\/p>\n<h3>Etapa 1: Visite o site<\/h3>\n<p>Acesse joingy.com usando qualquer navegador moderno. Voc\u00ea chegar\u00e1 diretamente \u00e0 p\u00e1gina principal <a href=\"https:\/\/tinychat.com\/pt-br\/chatroulette\/\">bate-papo<\/a> interface.<\/p>\n<h3>Etapa 2: Escolha o modo de bate-papo<\/h3>\n<p>Selecione entre:<\/p>\n<ul>\n<li>V\u00eddeo <a href=\"https:\/\/tinychat.com\/pt-br\/chatroulette\/\">Bate-papo<\/a><\/li>\n<li>Texto <a href=\"https:\/\/tinychat.com\/pt-br\/chatroulette\/\">Bate-papo<\/a><\/li>\n<\/ul>\n<p>Voc\u00ea precisar\u00e1 conceder acesso \u00e0 c\u00e2mera e ao microfone para o v\u00eddeo <a href=\"https:\/\/tinychat.com\/pt-br\/chatroulette\/\">bate-papo<\/a>.<\/p>\n<h3>Etapa 3: adicionar tags de interesse (opcional)<\/h3>\n<p>Digite os t\u00f3picos de seu interesse, por exemplo: \"m\u00fasica\", \"anime\", \"filosofia\" ou \"pessoas engra\u00e7adas\". Isso ajuda o sistema a associ\u00e1-lo a outras pessoas que compartilham tags semelhantes.<\/p>\n<h3>Etapa 4: Clique em \"Start\" (Iniciar)<\/h3>\n<p>Quando estiver pronto, clique em \"Start\" (Iniciar) e voc\u00ea ser\u00e1 conectado a um <a href=\"https:\/\/tinychat.com\/pt-br\/strangercam\/\">estranho<\/a> instantaneamente. O <a href=\"https:\/\/tinychat.com\/pt-br\/chatroulette\/\">bate-papo<\/a> exibir\u00e1 seu v\u00eddeo e o deles (se estiver usando v\u00eddeo), juntamente com uma interface de mensagem simples.<\/p>\n<h3>Etapa 5: Pular ou encerrar o bate-papo<\/h3>\n<p>Voc\u00ea pode sair da conversa a qualquer momento clicando em \"Skip\" (Pular) para ir para uma nova conversa. <a href=\"https:\/\/tinychat.com\/pt-br\/strangercam\/\">estranho<\/a> ou \"Stop\" (Parar) para encerrar totalmente a sess\u00e3o.<\/p>\n<h2>Experi\u00eancia do usu\u00e1rio no Joingy<\/h2>\n<p>O Joingy tem como foco a velocidade, a simplicidade e o design limpo. Para as pessoas que est\u00e3o acostumadas com interfaces complicadas ou com an\u00fancios pesados, o <a href=\"https:\/\/tinychat.com\/pt-br\/chatroulette\/\">bate-papo<\/a> sites, o Joingy parece moderno e suave.<\/p>\n<h3>O que os usu\u00e1rios gostam<\/h3>\n<ul>\n<li>Layout minimalista, sem distra\u00e7\u00f5es<\/li>\n<li>Correspond\u00eancia r\u00e1pida e sem atrasos<\/li>\n<li>N\u00e3o \u00e9 necess\u00e1rio registro<\/li>\n<li>As tags de interesse ajudam a orientar a conversa<\/li>\n<li>Funciona igualmente bem em computadores e celulares<\/li>\n<\/ul>\n<h3>O que poderia ser melhorado<\/h3>\n<ul>\n<li>Sem aplicativo m\u00f3vel - experi\u00eancia apenas no navegador<\/li>\n<li>Nenhum perfil de usu\u00e1rio, lista de amigos ou <a href=\"https:\/\/tinychat.com\/pt-br\/chatroulette\/\">bate-papo<\/a> hist\u00f3rico<\/li>\n<li>Nenhuma ferramenta de modera\u00e7\u00e3o para os usu\u00e1rios (por exemplo, bot\u00e3o de den\u00fancia)<\/li>\n<li>Alguns bots ou trolls ainda passam despercebidos<\/li>\n<\/ul>\n<h2>Avalia\u00e7\u00f5es reais de usu\u00e1rios<\/h2>\n<blockquote><p>\"Sinceramente, o Joingy \u00e9 r\u00e1pido e limpo. N\u00e3o preciso me inscrever e posso falar com algu\u00e9m em menos de cinco segundos.\"<br \/>\n- Marco J., Trustpilot<\/p><\/blockquote>\n<blockquote><p>\"Eu o uso para praticar espanhol com pessoas aleat\u00f3rias. As etiquetas de interesse realmente funcionam \u00e0s vezes. \u00c9 melhor do que <a href=\"https:\/\/tinychat.com\/pt-br\/omegle\/\">Omegle<\/a>.\"<br \/>\n- Anya T., Reddit<\/p><\/blockquote>\n<blockquote><p>\"Bom para bate-papos r\u00e1pidos. Mas, como a maioria <a href=\"https:\/\/tinychat.com\/pt-br\/chatroulette\/\">bate-papo<\/a> sites, voc\u00ea tem que pular alguns esquisitos antes de encontrar uma boa conversa\".<br \/>\n- Raymond M., Sitejabber<\/p><\/blockquote>\n<h2>Joingy vs. outras plataformas de bate-papo por v\u00eddeo<\/h2>\n<p>Vamos ver como o Joingy se compara a alternativas populares no mercado aleat\u00f3rio <a href=\"https:\/\/tinychat.com\/pt-br\/chatroulette\/\">bate-papo<\/a> espa\u00e7o:<\/p>\n<table>\n<thead>\n<tr>\n<th>Recurso<\/th>\n<th>Joingy<\/th>\n<th><a href=\"https:\/\/tinychat.com\/pt-br\/omegle\/\">Omegle<\/a><\/th>\n<th><a href=\"https:\/\/tinychat.com\/pt-br\/chatroulette\/\">Chatroulette<\/a><\/th>\n<th><a href=\"https:\/\/tinychat.com\/pt-br\/chathub\/\">ChatHub<\/a><\/th>\n<th><a href=\"https:\/\/tinychat.com\/pt-br\/ometv\/\">OmeTV<\/a><\/th>\n<\/tr>\n<\/thead>\n<tbody>\n<tr>\n<td>V\u00eddeo instant\u00e2neo <a href=\"https:\/\/tinychat.com\/pt-br\/chatroulette\/\">Bate-papo<\/a><\/td>\n<td>\u2705 Sim<\/td>\n<td>\u2705 Sim<\/td>\n<td>\u2705 Sim<\/td>\n<td>\u2705 Sim<\/td>\n<td>\u2705 Sim<\/td>\n<\/tr>\n<tr>\n<td>Texto <a href=\"https:\/\/tinychat.com\/pt-br\/chatroulette\/\">Bate-papo<\/a> Op\u00e7\u00e3o<\/td>\n<td>\u2705 Sim<\/td>\n<td>\u2705 Sim<\/td>\n<td>\u2705 Sim<\/td>\n<td>\u2705 Sim<\/td>\n<td>\u2705 Sim<\/td>\n<\/tr>\n<tr>\n<td>Tags de interesse<\/td>\n<td>\u2705 Sim<\/td>\n<td>\u2705 Sim<\/td>\n<td>\u274c N\u00e3o<\/td>\n<td>\u274c N\u00e3o<\/td>\n<td>\u274c N\u00e3o<\/td>\n<\/tr>\n<tr>\n<td>Uso an\u00f4nimo<\/td>\n<td>\u2705 Sim<\/td>\n<td>\u2705 Sim<\/td>\n<td>\u2705 Sim<\/td>\n<td>\u2705 Sim<\/td>\n<td>\u2705 Sim<\/td>\n<\/tr>\n<tr>\n<td>Sem registro<\/td>\n<td>\u2705 Sim<\/td>\n<td>\u2705 Sim<\/td>\n<td>\u2705 Sim<\/td>\n<td>\u2705 Sim<\/td>\n<td>\u2705 Sim<\/td>\n<\/tr>\n<tr>\n<td>Ferramentas de modera\u00e7\u00e3o<\/td>\n<td>\u26a0\ufe0f Minimal<\/td>\n<td>\u26a0\ufe0f Poor<\/td>\n<td>\u2705 Moderado<\/td>\n<td>\u2705 Forte<\/td>\n<td>\u2705 Forte<\/td>\n<\/tr>\n<tr>\n<td>Aplicativo m\u00f3vel<\/td>\n<td>Sem aplicativo<\/td>\n<td>\u274c N\u00e3o<\/td>\n<td>\u2705 Sim<\/td>\n<td>Sem aplicativo<\/td>\n<td>\u2705 Sim<\/td>\n<\/tr>\n<tr>\n<td>Qualidade de v\u00eddeo<\/td>\n<td>Bom<\/td>\n<td>\u26a0\ufe0f Varia<\/td>\n<td>Bom<\/td>\n<td>Excelente<\/td>\n<td>Bom<\/td>\n<\/tr>\n<\/tbody>\n<\/table>\n<p>Resumo: O Joingy oferece um dos recursos de v\u00eddeo mais r\u00e1pidos e simples <a href=\"https:\/\/tinychat.com\/pt-br\/chatroulette\/\">bate-papo<\/a> experi\u00eancias on-line, rivalizando com <a href=\"https:\/\/tinychat.com\/pt-br\/omegle\/\">Omegle<\/a> em facilidade de acesso, mas com um design mais limpo e filtros de interesse \u00fateis.<\/p>\n<h2>O Joingy \u00e9 seguro?<\/h2>\n<p>O Joingy faz o poss\u00edvel para oferecer bate-papos an\u00f4nimos e privados um a um, mas a seguran\u00e7a depende muito do usu\u00e1rio. Ao contr\u00e1rio de outras plataformas, o Joingy n\u00e3o oferece ferramentas \u00f3bvias de den\u00fancia ou moderadores vis\u00edveis.<\/p>\n<h3>Riscos potenciais<\/h3>\n<ul>\n<li>Conte\u00fado inadequado em chats de v\u00eddeo<\/li>\n<li>Bots ou spam com script no modo de texto<\/li>\n<li>Sem verifica\u00e7\u00e3o de idade - os adolescentes podem ser expostos a conte\u00fado adulto<\/li>\n<\/ul>\n<h3>Pr\u00e1ticas recomendadas para uso seguro<\/h3>\n<ul>\n<li>Nunca compartilhe informa\u00e7\u00f5es pessoais (nome, endere\u00e7o, m\u00eddia social)<\/li>\n<li>N\u00e3o clique em links compartilhados por outros usu\u00e1rios<\/li>\n<li>Ignorar imediatamente se um usu\u00e1rio estiver se comportando de forma inadequada<\/li>\n<li>Usar o site em ambientes moderados (por exemplo, em casa, n\u00e3o em uma rede Wi-Fi p\u00fablica)<\/li>\n<li>Considere o uso de uma VPN para aumentar a privacidade<\/li>\n<\/ul>\n<h2>Dicas para aproveitar ao m\u00e1ximo o Joingy<\/h2>\n<ul>\n<li>Use as tags de interesse com sabedoria - os t\u00f3picos de nicho ajudam a filtrar as melhores correspond\u00eancias<\/li>\n<li>Use fones de ouvido para obter um \u00e1udio mais claro e mais privacidade<\/li>\n<li>Tenha uma boa ilumina\u00e7\u00e3o para que os bate-papos por v\u00eddeo sejam mais envolventes<\/li>\n<li>N\u00e3o tenha medo de pular - voc\u00ea n\u00e3o \u00e9 obrigado a ficar em nenhum <a href=\"https:\/\/tinychat.com\/pt-br\/chatroulette\/\">bate-papo<\/a><\/li>\n<li>Tente conversar em hor\u00e1rios diferentes - os dados demogr\u00e1ficos dos usu\u00e1rios variam de acordo com a regi\u00e3o e o fuso hor\u00e1rio<\/li>\n<\/ul>\n<h2>Solu\u00e7\u00e3o de problemas comuns<\/h2>\n<h3>A c\u00e2mera ou o microfone n\u00e3o funcionam<\/h3>\n<p>Verifique se o navegador est\u00e1 com as permiss\u00f5es ativadas. Tente atualizar ou usar um navegador diferente (o Chrome funciona melhor).<\/p>\n<h3>Tela de v\u00eddeo em branco ou preta<\/h3>\n<p>Pode estar no lado do outro usu\u00e1rio. Ignore e tente novamente. Verifique tamb\u00e9m se a c\u00e2mera n\u00e3o est\u00e1 sendo usada por outro aplicativo.<\/p>\n<h3>A correspond\u00eancia de juros n\u00e3o funciona<\/h3>\n<p>Use palavras-chave mais amplas ou mais comuns. \u00c0s vezes, os t\u00f3picos de nicho n\u00e3o t\u00eam usu\u00e1rios ativos suficientes.<\/p>\n<h3>Comportamento inadequado<\/h3>\n<p>O Joingy atualmente n\u00e3o tem um bot\u00e3o de relat\u00f3rio de usu\u00e1rio. A melhor maneira de agir \u00e9 ignorar imediatamente.<\/p>\n<p>O Joingy cumpre exatamente o que promete: uma maneira limpa e sem login de <a href=\"https:\/\/tinychat.com\/pt-br\/talk-to-strangers\/\">conversar com estranhos<\/a> via texto ou v\u00eddeo. Com recursos como tags de interesse e compatibilidade com dispositivos m\u00f3veis, \u00e9 uma excelente op\u00e7\u00e3o para usu\u00e1rios casuais que desejam uma maneira f\u00e1cil de conhecer algu\u00e9m novo.<\/p>\n<p>Ele tem suas falhas - a modera\u00e7\u00e3o limitada e a falta de suporte a aplicativos podem afastar alguns usu\u00e1rios - mas, para aqueles que priorizam simplicidade, velocidade e anonimato, o Joingy \u00e9 um forte concorrente no mercado aleat\u00f3rio <a href=\"https:\/\/tinychat.com\/pt-br\/chatroulette\/\">bate-papo<\/a> espa\u00e7o.<\/p>\n<p>Portanto, se voc\u00ea estiver a fim de ter uma conversa sem filtros ou simplesmente quiser conhecer um <a href=\"https:\/\/tinychat.com\/pt-br\/strangercam\/\">estranho<\/a> e ver o que acontece, experimente o Joingy em joingy.com. Basta um clique.<\/p>","protected":false},"excerpt":{"rendered":"<p>Joingy has carved out a niche for itself by offering a platform that is all about speed, simplicity, and anonymity. If you&#8217;re looking to instantly jump into a conversation with a random stranger \u2014 no profiles, no downloads, no complications \u2014 Joingy might just be the chat site you&#8217;re looking for. Focused primarily on random [&hellip;]<\/p>\n","protected":false},"author":6,"featured_media":0,"parent":0,"menu_order":0,"comment_status":"closed","ping_status":"closed","template":"","meta":{"footnotes":""},"class_list":["post-10206","page","type-page","status-publish","hentry"],"yoast_head":"<!-- This site is optimized with the Yoast SEO plugin v27.6 - https:\/\/yoast.com\/product\/yoast-seo-wordpress\/ -->\n<title>Joingy - Join the Stranger Cam Chat - TinyChat.com<\/title>\n<meta name=\"description\" content=\"Enjoying Joingy? Join over 50,000,000 strangers on TinyChat! Turn on your cam and start meeting new people, or find a match.\" \/>\n<meta name=\"robots\" content=\"index, follow, max-snippet:-1, max-image-preview:large, max-video-preview:-1\" \/>\n<link rel=\"canonical\" href=\"https:\/\/tinychat.com\/pt-br\/joingy\/\" \/>\n<meta property=\"og:locale\" content=\"pt_BR\" \/>\n<meta property=\"og:type\" content=\"article\" \/>\n<meta property=\"og:title\" content=\"Joingy - Join the Stranger Cam Chat - TinyChat.com\" \/>\n<meta property=\"og:description\" content=\"Enjoying Joingy? Join over 50,000,000 strangers on TinyChat! Turn on your cam and start meeting new people, or find a match.\" \/>\n<meta property=\"og:url\" content=\"https:\/\/tinychat.com\/pt-br\/joingy\/\" \/>\n<meta property=\"og:site_name\" content=\"TinyChat\" \/>\n<meta property=\"article:publisher\" content=\"https:\/\/www.facebook.com\/tinychat\" \/>\n<meta property=\"article:modified_time\" content=\"2025-07-07T16:31:23+00:00\" \/>\n<meta property=\"og:image\" content=\"https:\/\/tinychat.com\/wp-content\/uploads\/2020\/04\/Tinychat-logo-1280x284-new-black.png\" \/>\n\t<meta property=\"og:image:width\" content=\"1280\" \/>\n\t<meta property=\"og:image:height\" content=\"284\" \/>\n\t<meta property=\"og:image:type\" content=\"image\/png\" \/>\n<meta name=\"twitter:card\" content=\"summary_large_image\" \/>\n<meta name=\"twitter:site\" content=\"@tinychat\" \/>\n<meta name=\"twitter:label1\" content=\"Est. tempo de leitura\" \/>\n\t<meta name=\"twitter:data1\" content=\"6 minutos\" \/>\n<script type=\"application\/ld+json\" class=\"yoast-schema-graph\">{\"@context\":\"https:\\\/\\\/schema.org\",\"@graph\":[{\"@type\":\"WebPage\",\"@id\":\"https:\\\/\\\/tinychat.com\\\/joingy\\\/\",\"url\":\"https:\\\/\\\/tinychat.com\\\/joingy\\\/\",\"name\":\"Joingy - Join the Stranger Cam Chat - TinyChat.com\",\"isPartOf\":{\"@id\":\"https:\\\/\\\/tinychat.com\\\/#website\"},\"datePublished\":\"2025-05-30T12:48:39+00:00\",\"dateModified\":\"2025-07-07T16:31:23+00:00\",\"description\":\"Enjoying Joingy? Join over 50,000,000 strangers on TinyChat! Turn on your cam and start meeting new people, or find a match.\",\"breadcrumb\":{\"@id\":\"https:\\\/\\\/tinychat.com\\\/joingy\\\/#breadcrumb\"},\"inLanguage\":\"pt-BR\",\"potentialAction\":[{\"@type\":\"ReadAction\",\"target\":[\"https:\\\/\\\/tinychat.com\\\/joingy\\\/\"]}]},{\"@type\":\"BreadcrumbList\",\"@id\":\"https:\\\/\\\/tinychat.com\\\/joingy\\\/#breadcrumb\",\"itemListElement\":[{\"@type\":\"ListItem\",\"position\":1,\"name\":\"Home\",\"item\":\"https:\\\/\\\/tinychat.com\\\/\"},{\"@type\":\"ListItem\",\"position\":2,\"name\":\"Joingy\"}]},{\"@type\":\"WebSite\",\"@id\":\"https:\\\/\\\/tinychat.com\\\/#website\",\"url\":\"https:\\\/\\\/tinychat.com\\\/\",\"name\":\"TinyChat\",\"description\":\"Random Video Chat with Strangers\",\"publisher\":{\"@id\":\"https:\\\/\\\/tinychat.com\\\/#organization\"},\"alternateName\":\"TinyChat.com\",\"potentialAction\":[{\"@type\":\"SearchAction\",\"target\":{\"@type\":\"EntryPoint\",\"urlTemplate\":\"https:\\\/\\\/tinychat.com\\\/?s={search_term_string}\"},\"query-input\":{\"@type\":\"PropertyValueSpecification\",\"valueRequired\":true,\"valueName\":\"search_term_string\"}}],\"inLanguage\":\"pt-BR\"},{\"@type\":\"Organization\",\"@id\":\"https:\\\/\\\/tinychat.com\\\/#organization\",\"name\":\"TinyChat\",\"alternateName\":\"TinyChat.com\",\"url\":\"https:\\\/\\\/tinychat.com\\\/\",\"logo\":{\"@type\":\"ImageObject\",\"inLanguage\":\"pt-BR\",\"@id\":\"https:\\\/\\\/tinychat.com\\\/#\\\/schema\\\/logo\\\/image\\\/\",\"url\":\"https:\\\/\\\/tinychat.com\\\/wp-content\\\/uploads\\\/2023\\\/11\\\/Tinychat-icon-square.png\",\"contentUrl\":\"https:\\\/\\\/tinychat.com\\\/wp-content\\\/uploads\\\/2023\\\/11\\\/Tinychat-icon-square.png\",\"width\":284,\"height\":284,\"caption\":\"TinyChat\"},\"image\":{\"@id\":\"https:\\\/\\\/tinychat.com\\\/#\\\/schema\\\/logo\\\/image\\\/\"},\"sameAs\":[\"https:\\\/\\\/www.facebook.com\\\/tinychat\",\"https:\\\/\\\/x.com\\\/tinychat\"]}]}<\/script>\n<!-- \/ Yoast SEO plugin. -->","yoast_head_json":{"title":"Joingy - Participe do bate-papo do Stranger Cam - TinyChat.com","description":"Est\u00e1 gostando do Joingy? Junte-se a mais de 50.000.000 de estranhos no TinyChat! Ligue sua c\u00e2mera e comece a conhecer novas pessoas ou encontre um par.","robots":{"index":"index","follow":"follow","max-snippet":"max-snippet:-1","max-image-preview":"max-image-preview:large","max-video-preview":"max-video-preview:-1"},"canonical":"https:\/\/tinychat.com\/pt-br\/joingy\/","og_locale":"pt_BR","og_type":"article","og_title":"Joingy - Join the Stranger Cam Chat - TinyChat.com","og_description":"Enjoying Joingy? Join over 50,000,000 strangers on TinyChat! Turn on your cam and start meeting new people, or find a match.","og_url":"https:\/\/tinychat.com\/pt-br\/joingy\/","og_site_name":"TinyChat","article_publisher":"https:\/\/www.facebook.com\/tinychat","article_modified_time":"2025-07-07T16:31:23+00:00","og_image":[{"width":1280,"height":284,"url":"https:\/\/tinychat.com\/wp-content\/uploads\/2020\/04\/Tinychat-logo-1280x284-new-black.png","type":"image\/png"}],"twitter_card":"summary_large_image","twitter_site":"@tinychat","twitter_misc":{"Est. tempo de leitura":"6 minutos"},"schema":{"@context":"https:\/\/schema.org","@graph":[{"@type":"WebPage","@id":"https:\/\/tinychat.com\/joingy\/","url":"https:\/\/tinychat.com\/joingy\/","name":"Joingy - Participe do bate-papo do Stranger Cam - TinyChat.com","isPartOf":{"@id":"https:\/\/tinychat.com\/#website"},"datePublished":"2025-05-30T12:48:39+00:00","dateModified":"2025-07-07T16:31:23+00:00","description":"Est\u00e1 gostando do Joingy? Junte-se a mais de 50.000.000 de estranhos no TinyChat! Ligue sua c\u00e2mera e comece a conhecer novas pessoas ou encontre um par.","breadcrumb":{"@id":"https:\/\/tinychat.com\/joingy\/#breadcrumb"},"inLanguage":"pt-BR","potentialAction":[{"@type":"ReadAction","target":["https:\/\/tinychat.com\/joingy\/"]}]},{"@type":"BreadcrumbList","@id":"https:\/\/tinychat.com\/joingy\/#breadcrumb","itemListElement":[{"@type":"ListItem","position":1,"name":"Home","item":"https:\/\/tinychat.com\/"},{"@type":"ListItem","position":2,"name":"Joingy"}]},{"@type":"WebSite","@id":"https:\/\/tinychat.com\/#website","url":"https:\/\/tinychat.com\/","name":"TinyChat","description":"Bate-papo por v\u00eddeo aleat\u00f3rio com estranhos","publisher":{"@id":"https:\/\/tinychat.com\/#organization"},"alternateName":"TinyChat.com","potentialAction":[{"@type":"SearchAction","target":{"@type":"EntryPoint","urlTemplate":"https:\/\/tinychat.com\/?s={search_term_string}"},"query-input":{"@type":"PropertyValueSpecification","valueRequired":true,"valueName":"search_term_string"}}],"inLanguage":"pt-BR"},{"@type":"Organization","@id":"https:\/\/tinychat.com\/#organization","name":"TinyChat","alternateName":"TinyChat.com","url":"https:\/\/tinychat.com\/","logo":{"@type":"ImageObject","inLanguage":"pt-BR","@id":"https:\/\/tinychat.com\/#\/schema\/logo\/image\/","url":"https:\/\/tinychat.com\/wp-content\/uploads\/2023\/11\/Tinychat-icon-square.png","contentUrl":"https:\/\/tinychat.com\/wp-content\/uploads\/2023\/11\/Tinychat-icon-square.png","width":284,"height":284,"caption":"TinyChat"},"image":{"@id":"https:\/\/tinychat.com\/#\/schema\/logo\/image\/"},"sameAs":["https:\/\/www.facebook.com\/tinychat","https:\/\/x.com\/tinychat"]}]}},"_links":{"self":[{"href":"https:\/\/tinychat.com\/pt-br\/wp-json\/wp\/v2\/pages\/10206","targetHints":{"allow":["GET"]}}],"collection":[{"href":"https:\/\/tinychat.com\/pt-br\/wp-json\/wp\/v2\/pages"}],"about":[{"href":"https:\/\/tinychat.com\/pt-br\/wp-json\/wp\/v2\/types\/page"}],"author":[{"embeddable":true,"href":"https:\/\/tinychat.com\/pt-br\/wp-json\/wp\/v2\/users\/6"}],"replies":[{"embeddable":true,"href":"https:\/\/tinychat.com\/pt-br\/wp-json\/wp\/v2\/comments?post=10206"}],"version-history":[{"count":3,"href":"https:\/\/tinychat.com\/pt-br\/wp-json\/wp\/v2\/pages\/10206\/revisions"}],"predecessor-version":[{"id":13198,"href":"https:\/\/tinychat.com\/pt-br\/wp-json\/wp\/v2\/pages\/10206\/revisions\/13198"}],"wp:attachment":[{"href":"https:\/\/tinychat.com\/pt-br\/wp-json\/wp\/v2\/media?parent=10206"}],"curies":[{"name":"wp","href":"https:\/\/api.w.org\/{rel}","templated":true}]}}