{"id":11248,"date":"2025-12-02T08:53:16","date_gmt":"2025-12-02T06:53:16","guid":{"rendered":"https:\/\/tinychat.com\/?page_id=11248"},"modified":"2025-12-02T10:53:45","modified_gmt":"2025-12-02T08:53:45","slug":"spinchat","status":"publish","type":"page","link":"https:\/\/tinychat.com\/pt-br\/spinchat\/","title":{"rendered":"Spinchat"},"content":{"rendered":"<p>Muito antes das redes sociais modernas dominarem a internet, j\u00e1 existiam comunidades online constru\u00eddas em torno de conversas em tempo real e intera\u00e7\u00f5es sociais espont\u00e2neas. O Spinchat \u00e9 uma dessas plataformas \u2014 um site de bate-papo de longa data, impulsionado pela comunidade, que combina salas de bate-papo \u00e0 moda antiga com um toque moderno.<\/p>\n<p>Se voc\u00ea deseja se conectar com pessoas em todo o mundo, participar de salas de bate-papo ativas, enviar mensagens privadas, jogar minijogos ou participar de comunidades online criadas em torno de interesses comuns, o Spinchat oferece uma experi\u00eancia surpreendentemente rica e nost\u00e1lgica que ainda \u00e9 relevante hoje em dia.<\/p>\n<p>Este guia detalhado explora o que \u00e9 o Spinchat, suas principais caracter\u00edsticas, como funciona, para quem \u00e9 destinado, como se compara a outras plataformas de chat, diretrizes de seguran\u00e7a, dicas para solu\u00e7\u00e3o de problemas e o que o destaca no espa\u00e7o de chat online.<\/p>\n<h2>O que \u00e9 Spinchat?<\/h2>\n<p>Spinchat \u00e9 uma plataforma comunit\u00e1ria online que oferece salas de bate-papo em tempo real, mensagens privadas, perfis de usu\u00e1rios, minijogos e recursos sociais. N\u00e3o \u00e9 um servi\u00e7o de bate-papo por v\u00eddeo aleat\u00f3rio como o Omegle ou o Chatroulette \u2014 em vez disso, o Spinchat se concentra em intera\u00e7\u00f5es em grupo, permitindo que os usu\u00e1rios participem de salas de bate-papo tem\u00e1ticas e conhe\u00e7am pessoas por meio de interesses comuns.<\/p>\n<p>Pense nisso como uma mistura entre:<\/p>\n<ul>\n<li>Bate-papo cl\u00e1ssico no estilo IRC<\/li>\n<li>Redes sociais da velha guarda<\/li>\n<li>Jogos leves e intera\u00e7\u00e3o virtual<\/li>\n<li>Perfis de usu\u00e1rio modernos e ferramentas comunit\u00e1rias<\/li>\n<\/ul>\n<p>O Spinchat existe h\u00e1 muitos anos e construiu uma base de usu\u00e1rios est\u00e1vel e fiel, especialmente entre pessoas que buscam uma experi\u00eancia de bate-papo mais lenta e voltada para a comunidade, em vez de conversas an\u00f4nimas individuais.<\/p>\n<p>\u00c9 ideal para usu\u00e1rios que desejam:<\/p>\n<ul>\n<li>Comunidades persistentes em vez de saltos r\u00e1pidos<\/li>\n<li>Salas de bate-papo baseadas em texto agrupadas por t\u00f3picos<\/li>\n<li>Perfis para personalizar sua presen\u00e7a<\/li>\n<li>Mensagens privadas e listas de amigos<\/li>\n<li>Minijogos divertidos e recursos interativos<\/li>\n<li>Uma alternativa mais segura e estruturada \u00e0s conversas aleat\u00f3rias<\/li>\n<\/ul>\n<h2>Principais caracter\u00edsticas do Spinchat<\/h2>\n<p>O Spinchat oferece um conjunto surpreendentemente extenso de recursos al\u00e9m do simples chat. Veja o que diferencia a plataforma:<\/p>\n<h3>1. Salas de bate-papo baseadas em interesses<\/h3>\n<p>Participe de salas dedicadas a:<\/p>\n<ul>\n<li>Namoro<\/li>\n<li>M\u00fasica<\/li>\n<li>Jogos<\/li>\n<li>T\u00f3picos sobre estilo de vida<\/li>\n<li>Idiomas locais<\/li>\n<li>Comunidades de adolescentes e jovens adultos<\/li>\n<li>Bate-papo internacional<\/li>\n<\/ul>\n<p>As salas de bate-papo ajudam os usu\u00e1rios a conhecer pessoas com interesses em comum de forma natural.<\/p>\n<h3>2. Perfis de usu\u00e1rio<\/h3>\n<p>Ao contr\u00e1rio dos sites de chat de v\u00eddeo an\u00f4nimos, o Spinchat permite que voc\u00ea crie um perfil pessoal, incluindo:<\/p>\n<ul>\n<li>Avatar ou foto de perfil<\/li>\n<li>Informa\u00e7\u00f5es b\u00e1sicas sobre voc\u00ea<\/li>\n<li>Mensagens de status<\/li>\n<li>Listas de amigos<\/li>\n<\/ul>\n<p>Isso cria um ambiente mais social, semelhante a uma rede.<\/p>\n<h3>3. Mensagens privadas<\/h3>\n<p>Voc\u00ea pode enviar:<\/p>\n<ul>\n<li>Mensagens diretas aos usu\u00e1rios<\/li>\n<li>Pedidos de amizade<\/li>\n<li>Mensagens offline quando algu\u00e9m n\u00e3o est\u00e1 online<\/li>\n<\/ul>\n<p>As mensagens privadas permitem conversas mais profundas fora das salas principais.<\/p>\n<h3>4. Minijogos e recursos interativos<\/h3>\n<p>O Spinchat inclui pequenos jogos online que voc\u00ea pode jogar com outras pessoas, o que ajuda a quebrar o gelo ou adicionar entretenimento ao seu tempo na plataforma.<\/p>\n<p>Os elementos interativos populares incluem:<\/p>\n<ul>\n<li>Jogos baseados em partidas<\/li>\n<li>Jogos do tipo trivialidades<\/li>\n<li>Recursos simples no estilo arcade<\/li>\n<\/ul>\n<p>Esses jogos incentivam a intera\u00e7\u00e3o al\u00e9m do chat de texto.<\/p>\n<h3>5. Suporte para dispositivos m\u00f3veis e computadores<\/h3>\n<p>O Spinchat funciona em:<\/p>\n<ul>\n<li>Navegadores para computadores<\/li>\n<li>Navegadores m\u00f3veis<\/li>\n<li>Layouts otimizados para dispositivos m\u00f3veis<\/li>\n<\/ul>\n<p>N\u00e3o \u00e9 necess\u00e1rio instalar nenhum aplicativo, tornando a plataforma acess\u00edvel em qualquer lugar.<\/p>\n<h3>6. Ferramentas de modera\u00e7\u00e3o<\/h3>\n<p>Spinchat inclui:<\/p>\n<ul>\n<li>Moderadores da sala<\/li>\n<li>Relat\u00f3rios do usu\u00e1rio<\/li>\n<li>Diretrizes da comunidade<\/li>\n<\/ul>\n<p>Isso ajuda a manter as conversas respeitosas e reduz comportamentos problem\u00e1ticos.<\/p>\n<h3>7. Livre para usar<\/h3>\n<p>A maioria dos recursos \u00e9 totalmente gratuita. Existem atualiza\u00e7\u00f5es premium opcionais, mas o bate-papo b\u00e1sico e a participa\u00e7\u00e3o na comunidade n\u00e3o t\u00eam nenhum custo.<\/p>\n<h2>Como usar o Spinchat<\/h2>\n<p>Come\u00e7ar a usar o Spinchat \u00e9 simples \u2014 voc\u00ea pode entrar como convidado ou criar uma conta.<\/p>\n<h3>Etapa 1: Visite o site<\/h3>\n<p>Acesse Spinchat.com no seu navegador.<\/p>\n<h3>Passo 2: Escolha o Modo Convidado ou Crie uma Conta<\/h3>\n<p>Voc\u00ea pode:<\/p>\n<ul>\n<li>Comece imediatamente como convidado com recursos limitados<\/li>\n<li>Crie uma conta gratuita para acessar todos os recursos (recomendado)<\/li>\n<\/ul>\n<h3>Passo 3: Entre nas salas de bate-papo<\/h3>\n<p>Navegue pelas categorias e entre em uma sala de bate-papo que seja do seu interesse.<\/p>\n<h3>Etapa 4: Personalize seu perfil<\/h3>\n<p>Crie uma conta, envie uma foto, adicione detalhes e defina um status.<\/p>\n<h3>Etapa 5: Inicie o bate-papo<\/h3>\n<p>Participe de conversas p\u00fablicas, envie mensagens privadas ou interaja com minijogos.<\/p>\n<h3>Etapa 6: Explore a comunidade<\/h3>\n<p>Adicione amigos, entre em diferentes salas de bate-papo e participe dos recursos sociais da plataforma.<\/p>\n<h2>Experi\u00eancia do usu\u00e1rio no Spinchat<\/h2>\n<p>O Spinchat oferece uma experi\u00eancia orientada para a comunidade, ao contr\u00e1rio das plataformas modernas de chat por v\u00eddeo baseadas em deslizes ou aleat\u00f3rias. Os usu\u00e1rios apreciam seu ambiente descontra\u00eddo e a possibilidade de conhecer pessoas ao longo do tempo, em vez de instantaneamente.<\/p>\n<h3>O que os usu\u00e1rios adoram<\/h3>\n<ul>\n<li>Ambiente amig\u00e1vel e voltado para a comunidade<\/li>\n<li>Salas de chat claras agrupadas por interesses<\/li>\n<li>Capacidade de criar amizades duradouras<\/li>\n<li>Minijogos interativos<\/li>\n<li>Os perfis de usu\u00e1rio ajudam a construir a identidade social<\/li>\n<li>Modera\u00e7\u00e3o rigorosa em compara\u00e7\u00e3o com aplicativos an\u00f4nimos<\/li>\n<li>Acesso gratuito aos recursos principais<\/li>\n<\/ul>\n<h3>Onde os usu\u00e1rios veem espa\u00e7o para melhorias<\/h3>\n<ul>\n<li>A interface parece mais antiga em compara\u00e7\u00e3o com os aplicativos modernos<\/li>\n<li>Alguns quartos podem ser silenciosos durante os hor\u00e1rios de menor movimento.<\/li>\n<li>Os recursos premium opcionais podem confundir novos usu\u00e1rios.<\/li>\n<li>N\u00e3o \u00e9 ideal para usu\u00e1rios que procuram chats de v\u00eddeo aleat\u00f3rios an\u00f4nimos.<\/li>\n<li>Em alguns casos, a experi\u00eancia no desktop \u00e9 melhor do que no celular<\/li>\n<\/ul>\n<p>Ainda assim, o toque cl\u00e1ssico do Spinchat faz parte do seu charme \u2014 e \u00e9 uma das principais raz\u00f5es pelas quais os usu\u00e1rios de longa data permanecem fi\u00e9is.<\/p>\n<h2>Spinchat vs. Outras plataformas de chat online<\/h2>\n<p>Veja como o Spinchat se compara:<\/p>\n<table>\n<thead>\n<tr>\n<th>Recurso<\/th>\n<th>Spinchat<\/th>\n<th>Omegle<\/th>\n<th>Chatroulette<\/th>\n<th>ChatHub<\/th>\n<th>Tinychat<\/th>\n<th>Wireclub<\/th>\n<\/tr>\n<\/thead>\n<tbody>\n<tr>\n<td>Correspond\u00eancia aleat\u00f3ria<\/td>\n<td>\u274c N\u00e3o<\/td>\n<td>\u2705 Sim<\/td>\n<td>\u2705 Sim<\/td>\n<td>Sim<\/td>\n<td>\u274c N\u00e3o<\/td>\n<td>\u274c N\u00e3o<\/td>\n<\/tr>\n<tr>\n<td>Salas de bate-papo<\/td>\n<td>\u2705 Sim<\/td>\n<td>\u274c N\u00e3o<\/td>\n<td>\u274c N\u00e3o<\/td>\n<td>Limitada<\/td>\n<td>\u2705 Sim<\/td>\n<td>\u2705 Sim<\/td>\n<\/tr>\n<tr>\n<td>Perfis de usu\u00e1rio<\/td>\n<td>\u2705 Sim<\/td>\n<td>\u274c N\u00e3o<\/td>\n<td>\u274c N\u00e3o<\/td>\n<td>Sim<\/td>\n<td>Sim<\/td>\n<td>Sim<\/td>\n<\/tr>\n<tr>\n<td>Mensagens privadas<\/td>\n<td>\u2705 Sim<\/td>\n<td>\u274c N\u00e3o<\/td>\n<td>\u274c N\u00e3o<\/td>\n<td>Sim<\/td>\n<td>Sim<\/td>\n<td>Sim<\/td>\n<\/tr>\n<tr>\n<td>Bate-papo por v\u00eddeo<\/td>\n<td>\u274c N\u00e3o \u00e9 prim\u00e1rio<\/td>\n<td>Sim<\/td>\n<td>Sim<\/td>\n<td>Sim<\/td>\n<td>Sim<\/td>\n<td>Limitada<\/td>\n<\/tr>\n<tr>\n<td>Minijogos<\/td>\n<td>\u2705 Sim<\/td>\n<td>\u274c N\u00e3o<\/td>\n<td>\u274c N\u00e3o<\/td>\n<td>\u274c N\u00e3o<\/td>\n<td>\u274c N\u00e3o<\/td>\n<td>Limitada<\/td>\n<\/tr>\n<tr>\n<td>Melhor para<\/td>\n<td>Comunidades<\/td>\n<td>Conversas aleat\u00f3rias<\/td>\n<td>Saltos r\u00e1pidos<\/td>\n<td>Filtros<\/td>\n<td>Bate-papo em v\u00eddeo em grupo<\/td>\n<td>Salas de bate-papo sociais<\/td>\n<\/tr>\n<\/tbody>\n<\/table>\n<p>Resumo:<br \/>\nO Spinchat est\u00e1 mais pr\u00f3ximo do Wireclub, Chatroom2000, Chatiw e das salas de chat cl\u00e1ssicas do IRC do que de sites de chat de v\u00eddeo aleat\u00f3rios como o Omegle. \u00c9 ideal para a constru\u00e7\u00e3o de comunidades, n\u00e3o para encontros an\u00f4nimos instant\u00e2neos.<\/p>\n<h2>Seguran\u00e7a e privacidade no Spinchat<\/h2>\n<p>O Spinchat oferece mais estrutura e modera\u00e7\u00e3o do que as plataformas aleat\u00f3rias de chat por v\u00eddeo. Ainda assim, os usu\u00e1rios devem permanecer vigilantes.<\/p>\n<h3>Ferramentas de seguran\u00e7a incorporadas<\/h3>\n<ul>\n<li>Salas moderadas<\/li>\n<li>Sistema de relat\u00f3rios<\/li>\n<li>Fun\u00e7\u00e3o de bloqueio de usu\u00e1rio<\/li>\n<li>Configura\u00e7\u00f5es de visibilidade do perfil<\/li>\n<\/ul>\n<h3>Dicas para se manter seguro<\/h3>\n<ul>\n<li>Evite compartilhar detalhes pessoais<\/li>\n<li>Denunciar usu\u00e1rios inadequados<\/li>\n<li>Bloqueie qualquer pessoa que o deixe desconfort\u00e1vel<\/li>\n<li>Use um apelido, n\u00e3o seu nome verdadeiro<\/li>\n<li>Os pais devem supervisionar os menores.<\/li>\n<\/ul>\n<p>Com essas ferramentas, o Spinchat oferece um ambiente mais seguro do que a maioria das plataformas an\u00f4nimas.<\/p>\n<h2>Dicas para aproveitar ao m\u00e1ximo o Spinchat<\/h2>\n<p>Veja como melhorar sua experi\u00eancia:<\/p>\n<ul>\n<li>Crie um nome de usu\u00e1rio reconhec\u00edvel para construir sua presen\u00e7a<\/li>\n<li>Participe de salas onde as conversas s\u00e3o ativas<\/li>\n<li>Participe de forma consistente \u2014 as comunidades se formam por meio da intera\u00e7\u00e3o<\/li>\n<li>Experimente os minijogos para quebrar o gelo<\/li>\n<li>Preencha seu perfil para que as pessoas tenham uma ideia de quem voc\u00ea \u00e9.<\/li>\n<li>Adicione amigos com quem voc\u00ea se conecta<\/li>\n<li>Visite durante os hor\u00e1rios de pico para conversas mais animadas<\/li>\n<\/ul>\n<p>Quanto mais voc\u00ea se envolver, melhor ser\u00e1 a experi\u00eancia.<\/p>\n<h2>Problemas comuns e resolu\u00e7\u00e3o de problemas<\/h2>\n<h3>Problema: Sala de bate-papo n\u00e3o carregando<\/h3>\n<ul>\n<li>Atualize a p\u00e1gina<\/li>\n<li>Experimente um navegador diferente<\/li>\n<li>Desative temporariamente o bloqueador de an\u00fancios<\/li>\n<\/ul>\n<h3>Problema: as mensagens n\u00e3o est\u00e3o sendo enviadas<\/h3>\n<ul>\n<li>A conex\u00e3o pode ter ca\u00eddo<\/li>\n<li>Saia e entre novamente<\/li>\n<li>Limpar o cache do navegador<\/li>\n<\/ul>\n<h3>Problema: Poucas pessoas online<\/h3>\n<ul>\n<li>Tente as horas de pico do fuso hor\u00e1rio<\/li>\n<li>Explore v\u00e1rias salas de bate-papo<\/li>\n<\/ul>\n<h3>Problema: N\u00e3o consigo carregar a foto do perfil<\/h3>\n<ul>\n<li>Certifique-se de que o tamanho do arquivo est\u00e1 correto<\/li>\n<li>Experimente um navegador diferente<\/li>\n<\/ul>\n<p>O Spinchat \u00e9 confi\u00e1vel em geral, mas plataformas mais antigas podem exigir solu\u00e7\u00e3o de problemas ocasionais.<\/p>\n<h2>Por que as pessoas escolhem o Spinchat<\/h2>\n<p>O Spinchat continua a atrair usu\u00e1rios porque oferece:<\/p>\n<ul>\n<li>Uma comunidade est\u00e1vel e duradoura<\/li>\n<li>Uma combina\u00e7\u00e3o de salas de bate-papo e mensagens privadas<\/li>\n<li>Perfis e recursos sociais ausentes em sites de bate-papo aleat\u00f3rio<\/li>\n<li>Um ambiente mais controlado e moderado<\/li>\n<li>Uma sensa\u00e7\u00e3o nost\u00e1lgica que os usu\u00e1rios antigos da internet apreciam<\/li>\n<\/ul>\n<p>Para quem est\u00e1 cansado de bate-papos por v\u00eddeo individuais e an\u00f4nimos, o Spinchat oferece uma alternativa inovadora que parece mais pessoal e voltada para a comunidade.<\/p>\n<h2>Considera\u00e7\u00f5es finais: vale a pena usar o Spinchat?<\/h2>\n<p>Se voc\u00ea est\u00e1 procurando salas de bate-papo estruturadas, intera\u00e7\u00e3o social e uma atmosfera de comunidade online, vale a pena experimentar o Spinchat. N\u00e3o \u00e9 um site de bate-papo por v\u00eddeo aleat\u00f3rio \u2014 \u00e9 uma comunidade social completa onde amizades, conversas e intera\u00e7\u00f5es duradouras prosperam.<\/p>\n<p>Se voc\u00ea quiser:<\/p>\n<ul>\n<li>Converse casualmente<\/li>\n<li>Participe de salas tem\u00e1ticas<\/li>\n<li>Fa\u00e7a amigos recorrentes<\/li>\n<li>Jogue minijogos<\/li>\n<li>Desfrute da nostalgia das comunidades cl\u00e1ssicas de bate-papo<\/li>\n<\/ul>\n<p>O Spinchat oferece um ambiente acolhedor e familiar que se destaca em um cen\u00e1rio repleto de aplicativos an\u00f4nimos.<\/p>\n<p>O Spinchat \u00e9 uma plataforma de bate-papo comunit\u00e1ria com salas, perfis, mensagens e jogos \u2014 oferecendo uma experi\u00eancia social cl\u00e1ssica que continua divertida, amig\u00e1vel e surpreendentemente ativa.<\/p>\n<p>Pronto para participar da conversa? Acesse Spinchat, entre em uma sala e comece a conversar com pessoas que compartilham seus interesses.<\/p>","protected":false},"excerpt":{"rendered":"<p>Long before modern social networks dominated the internet, there were online communities built around real-time conversation and spontaneous social interaction. Spinchat is one of those platforms \u2014 a long-running, community-driven chat site that combines old-school chatrooms with a modern twist. Whether you&#8217;re looking to connect with people worldwide, join active chatrooms, send private messages, play [&hellip;]<\/p>\n","protected":false},"author":6,"featured_media":0,"parent":0,"menu_order":0,"comment_status":"closed","ping_status":"closed","template":"","meta":{"footnotes":""},"class_list":["post-11248","page","type-page","status-publish","hentry"],"yoast_head":"<!-- This site is optimized with the Yoast SEO plugin v27.4 - https:\/\/yoast.com\/product\/yoast-seo-wordpress\/ -->\n<title>Spinchat - Free Chat, Meet Friends, Play Games - TinyChat.com<\/title>\n<meta name=\"description\" content=\"Enjoying Spinchat? Join over 50,000,000 strangers on TinyChat! Turn on your cam and start meeting new people, or find a match.\" \/>\n<meta name=\"robots\" content=\"index, follow, max-snippet:-1, max-image-preview:large, max-video-preview:-1\" \/>\n<link rel=\"canonical\" href=\"https:\/\/tinychat.com\/pt-br\/spinchat\/\" \/>\n<meta property=\"og:locale\" content=\"pt_BR\" \/>\n<meta property=\"og:type\" content=\"article\" \/>\n<meta property=\"og:title\" content=\"Spinchat - Free Chat, Meet Friends, Play Games - TinyChat.com\" \/>\n<meta property=\"og:description\" content=\"Enjoying Spinchat? Join over 50,000,000 strangers on TinyChat! Turn on your cam and start meeting new people, or find a match.\" \/>\n<meta property=\"og:url\" content=\"https:\/\/tinychat.com\/pt-br\/spinchat\/\" \/>\n<meta property=\"og:site_name\" content=\"TinyChat\" \/>\n<meta property=\"article:publisher\" content=\"https:\/\/www.facebook.com\/tinychat\" \/>\n<meta property=\"article:modified_time\" content=\"2025-12-02T08:53:45+00:00\" \/>\n<meta property=\"og:image\" content=\"https:\/\/tinychat.com\/wp-content\/uploads\/2020\/04\/Tinychat-logo-1280x284-new-black.png\" \/>\n\t<meta property=\"og:image:width\" content=\"1280\" \/>\n\t<meta property=\"og:image:height\" content=\"284\" \/>\n\t<meta property=\"og:image:type\" content=\"image\/png\" \/>\n<meta name=\"twitter:card\" content=\"summary_large_image\" \/>\n<meta name=\"twitter:site\" content=\"@tinychat\" \/>\n<meta name=\"twitter:label1\" content=\"Est. tempo de leitura\" \/>\n\t<meta name=\"twitter:data1\" content=\"6 minutos\" \/>\n<script type=\"application\/ld+json\" class=\"yoast-schema-graph\">{\"@context\":\"https:\\\/\\\/schema.org\",\"@graph\":[{\"@type\":\"WebPage\",\"@id\":\"https:\\\/\\\/tinychat.com\\\/spinchat\\\/\",\"url\":\"https:\\\/\\\/tinychat.com\\\/spinchat\\\/\",\"name\":\"Spinchat - Free Chat, Meet Friends, Play Games - TinyChat.com\",\"isPartOf\":{\"@id\":\"https:\\\/\\\/tinychat.com\\\/#website\"},\"datePublished\":\"2025-12-02T06:53:16+00:00\",\"dateModified\":\"2025-12-02T08:53:45+00:00\",\"description\":\"Enjoying Spinchat? Join over 50,000,000 strangers on TinyChat! Turn on your cam and start meeting new people, or find a match.\",\"breadcrumb\":{\"@id\":\"https:\\\/\\\/tinychat.com\\\/spinchat\\\/#breadcrumb\"},\"inLanguage\":\"pt-BR\",\"potentialAction\":[{\"@type\":\"ReadAction\",\"target\":[\"https:\\\/\\\/tinychat.com\\\/spinchat\\\/\"]}]},{\"@type\":\"BreadcrumbList\",\"@id\":\"https:\\\/\\\/tinychat.com\\\/spinchat\\\/#breadcrumb\",\"itemListElement\":[{\"@type\":\"ListItem\",\"position\":1,\"name\":\"Home\",\"item\":\"https:\\\/\\\/tinychat.com\\\/\"},{\"@type\":\"ListItem\",\"position\":2,\"name\":\"Spinchat\"}]},{\"@type\":\"WebSite\",\"@id\":\"https:\\\/\\\/tinychat.com\\\/#website\",\"url\":\"https:\\\/\\\/tinychat.com\\\/\",\"name\":\"TinyChat\",\"description\":\"Random Video Chat with Strangers\",\"publisher\":{\"@id\":\"https:\\\/\\\/tinychat.com\\\/#organization\"},\"alternateName\":\"TinyChat.com\",\"potentialAction\":[{\"@type\":\"SearchAction\",\"target\":{\"@type\":\"EntryPoint\",\"urlTemplate\":\"https:\\\/\\\/tinychat.com\\\/?s={search_term_string}\"},\"query-input\":{\"@type\":\"PropertyValueSpecification\",\"valueRequired\":true,\"valueName\":\"search_term_string\"}}],\"inLanguage\":\"pt-BR\"},{\"@type\":\"Organization\",\"@id\":\"https:\\\/\\\/tinychat.com\\\/#organization\",\"name\":\"TinyChat\",\"alternateName\":\"TinyChat.com\",\"url\":\"https:\\\/\\\/tinychat.com\\\/\",\"logo\":{\"@type\":\"ImageObject\",\"inLanguage\":\"pt-BR\",\"@id\":\"https:\\\/\\\/tinychat.com\\\/#\\\/schema\\\/logo\\\/image\\\/\",\"url\":\"https:\\\/\\\/tinychat.com\\\/wp-content\\\/uploads\\\/2023\\\/11\\\/Tinychat-icon-square.png\",\"contentUrl\":\"https:\\\/\\\/tinychat.com\\\/wp-content\\\/uploads\\\/2023\\\/11\\\/Tinychat-icon-square.png\",\"width\":284,\"height\":284,\"caption\":\"TinyChat\"},\"image\":{\"@id\":\"https:\\\/\\\/tinychat.com\\\/#\\\/schema\\\/logo\\\/image\\\/\"},\"sameAs\":[\"https:\\\/\\\/www.facebook.com\\\/tinychat\",\"https:\\\/\\\/x.com\\\/tinychat\"]}]}<\/script>\n<!-- \/ Yoast SEO plugin. -->","yoast_head_json":{"title":"Spinchat - Bate-papo gratuito, fa\u00e7a amigos, jogue jogos - TinyChat.com","description":"Gostando do Spinchat? Junte-se a mais de 50 milh\u00f5es de desconhecidos no TinyChat! Ligue sua c\u00e2mera e comece a conhecer novas pessoas ou encontre um par.","robots":{"index":"index","follow":"follow","max-snippet":"max-snippet:-1","max-image-preview":"max-image-preview:large","max-video-preview":"max-video-preview:-1"},"canonical":"https:\/\/tinychat.com\/pt-br\/spinchat\/","og_locale":"pt_BR","og_type":"article","og_title":"Spinchat - Free Chat, Meet Friends, Play Games - TinyChat.com","og_description":"Enjoying Spinchat? Join over 50,000,000 strangers on TinyChat! Turn on your cam and start meeting new people, or find a match.","og_url":"https:\/\/tinychat.com\/pt-br\/spinchat\/","og_site_name":"TinyChat","article_publisher":"https:\/\/www.facebook.com\/tinychat","article_modified_time":"2025-12-02T08:53:45+00:00","og_image":[{"width":1280,"height":284,"url":"https:\/\/tinychat.com\/wp-content\/uploads\/2020\/04\/Tinychat-logo-1280x284-new-black.png","type":"image\/png"}],"twitter_card":"summary_large_image","twitter_site":"@tinychat","twitter_misc":{"Est. tempo de leitura":"6 minutos"},"schema":{"@context":"https:\/\/schema.org","@graph":[{"@type":"WebPage","@id":"https:\/\/tinychat.com\/spinchat\/","url":"https:\/\/tinychat.com\/spinchat\/","name":"Spinchat - Bate-papo gratuito, fa\u00e7a amigos, jogue jogos - TinyChat.com","isPartOf":{"@id":"https:\/\/tinychat.com\/#website"},"datePublished":"2025-12-02T06:53:16+00:00","dateModified":"2025-12-02T08:53:45+00:00","description":"Gostando do Spinchat? Junte-se a mais de 50 milh\u00f5es de desconhecidos no TinyChat! Ligue sua c\u00e2mera e comece a conhecer novas pessoas ou encontre um par.","breadcrumb":{"@id":"https:\/\/tinychat.com\/spinchat\/#breadcrumb"},"inLanguage":"pt-BR","potentialAction":[{"@type":"ReadAction","target":["https:\/\/tinychat.com\/spinchat\/"]}]},{"@type":"BreadcrumbList","@id":"https:\/\/tinychat.com\/spinchat\/#breadcrumb","itemListElement":[{"@type":"ListItem","position":1,"name":"Home","item":"https:\/\/tinychat.com\/"},{"@type":"ListItem","position":2,"name":"Spinchat"}]},{"@type":"WebSite","@id":"https:\/\/tinychat.com\/#website","url":"https:\/\/tinychat.com\/","name":"TinyChat","description":"Bate-papo por v\u00eddeo aleat\u00f3rio com estranhos","publisher":{"@id":"https:\/\/tinychat.com\/#organization"},"alternateName":"TinyChat.com","potentialAction":[{"@type":"SearchAction","target":{"@type":"EntryPoint","urlTemplate":"https:\/\/tinychat.com\/?s={search_term_string}"},"query-input":{"@type":"PropertyValueSpecification","valueRequired":true,"valueName":"search_term_string"}}],"inLanguage":"pt-BR"},{"@type":"Organization","@id":"https:\/\/tinychat.com\/#organization","name":"TinyChat","alternateName":"TinyChat.com","url":"https:\/\/tinychat.com\/","logo":{"@type":"ImageObject","inLanguage":"pt-BR","@id":"https:\/\/tinychat.com\/#\/schema\/logo\/image\/","url":"https:\/\/tinychat.com\/wp-content\/uploads\/2023\/11\/Tinychat-icon-square.png","contentUrl":"https:\/\/tinychat.com\/wp-content\/uploads\/2023\/11\/Tinychat-icon-square.png","width":284,"height":284,"caption":"TinyChat"},"image":{"@id":"https:\/\/tinychat.com\/#\/schema\/logo\/image\/"},"sameAs":["https:\/\/www.facebook.com\/tinychat","https:\/\/x.com\/tinychat"]}]}},"_links":{"self":[{"href":"https:\/\/tinychat.com\/pt-br\/wp-json\/wp\/v2\/pages\/11248","targetHints":{"allow":["GET"]}}],"collection":[{"href":"https:\/\/tinychat.com\/pt-br\/wp-json\/wp\/v2\/pages"}],"about":[{"href":"https:\/\/tinychat.com\/pt-br\/wp-json\/wp\/v2\/types\/page"}],"author":[{"embeddable":true,"href":"https:\/\/tinychat.com\/pt-br\/wp-json\/wp\/v2\/users\/6"}],"replies":[{"embeddable":true,"href":"https:\/\/tinychat.com\/pt-br\/wp-json\/wp\/v2\/comments?post=11248"}],"version-history":[{"count":3,"href":"https:\/\/tinychat.com\/pt-br\/wp-json\/wp\/v2\/pages\/11248\/revisions"}],"predecessor-version":[{"id":13585,"href":"https:\/\/tinychat.com\/pt-br\/wp-json\/wp\/v2\/pages\/11248\/revisions\/13585"}],"wp:attachment":[{"href":"https:\/\/tinychat.com\/pt-br\/wp-json\/wp\/v2\/media?parent=11248"}],"curies":[{"name":"wp","href":"https:\/\/api.w.org\/{rel}","templated":true}]}}