{"id":11922,"date":"2025-12-02T10:01:20","date_gmt":"2025-12-02T08:01:20","guid":{"rendered":"https:\/\/tinychat.com\/?page_id=11922"},"modified":"2025-12-02T12:01:14","modified_gmt":"2025-12-02T10:01:14","slug":"strangermeetup","status":"publish","type":"page","link":"https:\/\/tinychat.com\/pt-br\/strangermeetup\/","title":{"rendered":"StrangerMeetup"},"content":{"rendered":"<p>Em um mundo online dominado por filtros, perfis e feeds baseados em algoritmos, o StrangerMeetup oferece algo refrescantemente humano: conversas r\u00e1pidas e an\u00f4nimas por texto com estranhos de todo o mundo. Sem cadastros, sem detalhes pessoais e sem recursos complicados \u2014 apenas conversas puras e espont\u00e2neas com pessoas que voc\u00ea nunca conheceu.<\/p>\n<p>Projetado para usu\u00e1rios que preferem a simplicidade e a privacidade da comunica\u00e7\u00e3o por texto, o StrangerMeetup se tornou uma plataforma ideal para pessoas que querem conversar abertamente, conhecer novas pessoas ou simplesmente passar o tempo com conversas casuais online. \u00c9 leve, sem complica\u00e7\u00f5es e acess\u00edvel em praticamente qualquer dispositivo.<\/p>\n<p>Nesta an\u00e1lise completa, voc\u00ea aprender\u00e1 o que \u00e9 o StrangerMeetup, como funciona, suas principais caracter\u00edsticas, experi\u00eancia do usu\u00e1rio, diretrizes de seguran\u00e7a, compara\u00e7\u00f5es com concorrentes, solu\u00e7\u00f5es para problemas e se vale a pena us\u00e1-lo hoje.<\/p>\n<h2>O que \u00e9 o StrangerMeetup?<\/h2>\n<p>O StrangerMeetup \u00e9 um servi\u00e7o gratuito de chat de texto an\u00f4nimo que conecta voc\u00ea instantaneamente com desconhecidos. Ao contr\u00e1rio das plataformas de chat de v\u00eddeo aleat\u00f3rio, o StrangerMeetup se concentra exclusivamente na comunica\u00e7\u00e3o por texto, tornando-o ideal para usu\u00e1rios que:<\/p>\n<ul>\n<li>Prefiro privacidade<\/li>\n<li>N\u00e3o querem mostrar o rosto<\/li>\n<li>Desfrute de conversas informais e sem press\u00e3o<\/li>\n<li>Quer conhecer pessoas de diferentes culturas?<\/li>\n<li>Como conversas r\u00e1pidas e individuais<\/li>\n<\/ul>\n<p>Voc\u00ea n\u00e3o precisa de uma conta ou perfil \u2014 todas as sess\u00f5es s\u00e3o tempor\u00e1rias, an\u00f4nimas e s\u00e3o reiniciadas assim que voc\u00ea sai do chat. Isso torna o StrangerMeetup uma \u00f3tima op\u00e7\u00e3o para pessoas que gostam de conversar livremente, sem o peso da identidade nas redes sociais.<\/p>\n<h2>Principais recursos do StrangerMeetup<\/h2>\n<p>O StrangerMeetup reduz tudo ao essencial, mas mant\u00e9m estrutura suficiente para criar uma experi\u00eancia de bate-papo tranquila.<\/p>\n<h3>1. Bate-papo de texto aleat\u00f3rio<\/h3>\n<ul>\n<li>Conecte-se instantaneamente com um desconhecido<\/li>\n<li>N\u00e3o \u00e9 necess\u00e1ria c\u00e2mera ou microfone<\/li>\n<li>Intera\u00e7\u00e3o de baixa press\u00e3o<\/li>\n<\/ul>\n<p>Este formato permite conversas f\u00e1ceis e fluidas, sem se preocupar com a apar\u00eancia ou a qualidade do v\u00eddeo.<\/p>\n<h3>2. 100% An\u00f4nimo<\/h3>\n<ul>\n<li>N\u00e3o \u00e9 necess\u00e1rio fazer login<\/li>\n<li>N\u00e3o \u00e9 necess\u00e1rio fornecer e-mail ou n\u00famero de telefone<\/li>\n<li>Nenhum dado pessoal armazenado<\/li>\n<\/ul>\n<p>As conversas desaparecem quando voc\u00ea fecha o chat, oferecendo privacidade m\u00e1xima.<\/p>\n<h3>3. Interface simples e limpa<\/h3>\n<ul>\n<li>Design minimalista<\/li>\n<li>Funciona perfeitamente em qualquer dispositivo<\/li>\n<li>Poucas distra\u00e7\u00f5es e sem desordem<\/li>\n<\/ul>\n<p>Os usu\u00e1rios apreciam que tudo seja simples e f\u00e1cil de entender.<\/p>\n<h3>4. Sistema de Partida R\u00e1pida<\/h3>\n<ul>\n<li>A correspond\u00eancia leva apenas alguns segundos<\/li>\n<li>Sem filas de espera<\/li>\n<li>Pule ou desconecte a qualquer momento<\/li>\n<\/ul>\n<p>Perfeito para quem gosta de conex\u00f5es r\u00e1pidas e espont\u00e2neas.<\/p>\n<h3>5. Alcance global<\/h3>\n<ul>\n<li>Converse com pessoas de todo o mundo<\/li>\n<li>Grande diversidade na conversa<\/li>\n<li>\u00d3timo para interc\u00e2mbio cultural<\/li>\n<\/ul>\n<p>Muitos usu\u00e1rios se cadastram especificamente para conversar com pessoas de diferentes pa\u00edses.<\/p>\n<h3>6. Compat\u00edvel com dispositivos m\u00f3veis<\/h3>\n<ul>\n<li>Totalmente funcional em navegadores m\u00f3veis<\/li>\n<li>N\u00e3o \u00e9 necess\u00e1rio baixar nenhum aplicativo<\/li>\n<\/ul>\n<p>Isso torna o StrangerMeetup ideal para conversar em qualquer lugar.<\/p>\n<h3>7. Livre para usar<\/h3>\n<ul>\n<li>Conversas ilimitadas<\/li>\n<li>N\u00e3o s\u00e3o necess\u00e1rios recursos premium<\/li>\n<li>Sem paywalls<\/li>\n<\/ul>\n<p>Tudo o que \u00e9 essencial est\u00e1 acess\u00edvel sem gastar dinheiro.<\/p>\n<h2>Como usar o StrangerMeetup<\/h2>\n<p>Usar o StrangerMeetup \u00e9 incrivelmente simples:<\/p>\n<h3>Etapa 1: Visite o site<\/h3>\n<p>Acesse StrangerMeetup.com usando qualquer navegador.<\/p>\n<h3>Etapa 2: Escolha seu modo<\/h3>\n<p>A maioria das vers\u00f5es oferece bate-papo em texto simples ou categorias tem\u00e1ticas.<\/p>\n<h3>Etapa 3: Clique em \u201cStart\u201d (Iniciar)\u201d<\/h3>\n<p>Voc\u00ea ser\u00e1 imediatamente conectado a algu\u00e9m novo.<\/p>\n<h3>Etapa 4: Conversar ou pular<\/h3>\n<p>Voc\u00ea pode conversar pelo tempo que quiser ou clicar em Pr\u00f3ximo para passar para outro desconhecido.<\/p>\n<h3>Passo 5: Saia a qualquer momento<\/h3>\n<p>Quando voc\u00ea encerra o chat ou fecha a p\u00e1gina, a conversa desaparece para sempre.<\/p>\n<p>Sem contas, sem espera \u2014 apenas mensagens instant\u00e2neas com desconhecidos em todo o mundo.<\/p>\n<h2>Experi\u00eancia do usu\u00e1rio no StrangerMeetup<\/h2>\n<p>O StrangerMeetup conquistou muitos adeptos gra\u00e7as \u00e0 sua facilidade de uso e anonimato.<\/p>\n<h3>O que os usu\u00e1rios adoram<\/h3>\n<ul>\n<li>An\u00f4nimo e privado<\/li>\n<li>N\u00e3o \u00e9 necess\u00e1ria c\u00e2mera<\/li>\n<li>Velocidade de correspond\u00eancia r\u00e1pida<\/li>\n<li>\u00d3timo para usu\u00e1rios introvertidos ou t\u00edmidos<\/li>\n<li>Interface simples e minimalista<\/li>\n<li>Funciona bem em dispositivos m\u00f3veis e computadores<\/li>\n<li>Acesso gratuito a todos os recursos<\/li>\n<\/ul>\n<h3>Onde os usu\u00e1rios veem espa\u00e7o para melhorias<\/h3>\n<ul>\n<li>Sem filtros por pa\u00eds ou g\u00eanero<\/li>\n<li>Usu\u00e1rios ocasionais de spam<\/li>\n<li>Sem listas de amigos ou op\u00e7\u00e3o de reconectar<\/li>\n<li>As conversas s\u00e3o redefinidas permanentemente quando fechadas<\/li>\n<li>Algumas sess\u00f5es de chat podem ser curtas ou de baixa qualidade.<\/li>\n<\/ul>\n<p>Mesmo assim, a maioria dos usu\u00e1rios aprecia a simplicidade da plataforma e sua abordagem voltada para a privacidade, especialmente em compara\u00e7\u00e3o com alternativas de chat por v\u00eddeo.<\/p>\n<h2>StrangerMeetup vs. Outras plataformas de bate-papo<\/h2>\n<p>Veja como o StrangerMeetup se compara a outros servi\u00e7os de chat populares:<\/p>\n<table>\n<thead>\n<tr>\n<th>Recurso<\/th>\n<th>StrangerMeetup<\/th>\n<th>Omegle<\/th>\n<th>Chatroulette<\/th>\n<th>ChatHub<\/th>\n<th>RandoChat<\/th>\n<th>Chatiw<\/th>\n<\/tr>\n<\/thead>\n<tbody>\n<tr>\n<td>Bate-papo por texto<\/td>\n<td>\u2705 Sim<\/td>\n<td>\u2705 Sim<\/td>\n<td>Limitada<\/td>\n<td>Sim<\/td>\n<td>Sim<\/td>\n<td>Sim<\/td>\n<\/tr>\n<tr>\n<td>Bate-papo por v\u00eddeo<\/td>\n<td>\u274c N\u00e3o<\/td>\n<td>Sim<\/td>\n<td>Sim<\/td>\n<td>Sim<\/td>\n<td>N\u00e3o<\/td>\n<td>N\u00e3o<\/td>\n<\/tr>\n<tr>\n<td>Registro obrigat\u00f3rio<\/td>\n<td>\u274c N\u00e3o<\/td>\n<td>\u274c N\u00e3o<\/td>\n<td>\u274c N\u00e3o<\/td>\n<td>Opcional<\/td>\n<td>\u274c N\u00e3o<\/td>\n<td>\u274c N\u00e3o<\/td>\n<\/tr>\n<tr>\n<td>Anonimato<\/td>\n<td>\u2b50 Muito alto<\/td>\n<td>Alta<\/td>\n<td>Moderado<\/td>\n<td>M\u00e9dio<\/td>\n<td>Muito alto<\/td>\n<td>Moderado<\/td>\n<\/tr>\n<tr>\n<td>Filtros (G\u00eanero\/Regi\u00e3o)<\/td>\n<td>\u274c N\u00e3o<\/td>\n<td>\u274c N\u00e3o<\/td>\n<td>Limitada<\/td>\n<td>Sim<\/td>\n<td>\u274c N\u00e3o<\/td>\n<td>\u274c N\u00e3o<\/td>\n<\/tr>\n<tr>\n<td>Compat\u00edvel com dispositivos m\u00f3veis<\/td>\n<td>Sim<\/td>\n<td>Sim<\/td>\n<td>Sim<\/td>\n<td>Sim<\/td>\n<td>Sim<\/td>\n<td>Sim<\/td>\n<\/tr>\n<tr>\n<td>Gratuito para uso<\/td>\n<td>Sim<\/td>\n<td>Sim<\/td>\n<td>Sim<\/td>\n<td>Sim<\/td>\n<td>Sim<\/td>\n<td>Sim<\/td>\n<\/tr>\n<\/tbody>\n<\/table>\n<p>Resumo:<br \/>\nO StrangerMeetup \u00e9 ideal para usu\u00e1rios que desejam uma comunica\u00e7\u00e3o an\u00f4nima, apenas por texto, sem a press\u00e3o do v\u00eddeo. \u00c9 mais simples e mais privado do que muitos concorrentes.<\/p>\n<h2>Seguran\u00e7a e privacidade no StrangerMeetup<\/h2>\n<p>O chat aleat\u00f3rio baseado em texto \u00e9 geralmente mais seguro do que o chat por v\u00eddeo, e o StrangerMeetup faz um bom trabalho em manter a privacidade do usu\u00e1rio.<\/p>\n<h3>Recursos de seguran\u00e7a incorporados<\/h3>\n<ul>\n<li>Conex\u00f5es an\u00f4nimas<\/li>\n<li>Sem coleta de dados<\/li>\n<li>Sem sistema de inscri\u00e7\u00e3o<\/li>\n<li>Bot\u00e3o Pular para sair de qualquer chat<\/li>\n<li>Modera\u00e7\u00e3o por viola\u00e7\u00e3o das regras<\/li>\n<\/ul>\n<h3>Dicas de seguran\u00e7a para usu\u00e1rios<\/h3>\n<p>Para se manter protegido:<\/p>\n<ul>\n<li>N\u00e3o compartilhe informa\u00e7\u00f5es pessoais<\/li>\n<li>Evite enviar fotos<\/li>\n<li>N\u00e3o clique em links enviados por desconhecidos<\/li>\n<li>Encerre conversas que pare\u00e7am desconfort\u00e1veis<\/li>\n<li>Use uma VPN para maior privacidade<\/li>\n<li>Os pais devem supervisionar os menores.<\/li>\n<\/ul>\n<p>Com essas precau\u00e7\u00f5es, o StrangerMeetup pode ser usado com seguran\u00e7a pela maioria das pessoas.<\/p>\n<h2>Dicas para aproveitar ao m\u00e1ximo o StrangerMeetup<\/h2>\n<p>Veja como melhorar sua experi\u00eancia:<\/p>\n<ul>\n<li>Comece com sauda\u00e7\u00f5es simples<\/li>\n<li>Mantenha a conversa informal e amig\u00e1vel.<\/li>\n<li>Esteja aberto a conhecer pessoas de diferentes culturas<\/li>\n<li>Experimente os hor\u00e1rios de pico para usu\u00e1rios mais ativos<\/li>\n<li>Use o anonimato para se expressar com conforto<\/li>\n<li>Pule rapidamente se o bate-papo n\u00e3o estiver fluindo<\/li>\n<\/ul>\n<p>A natureza exclusivamente textual do StrangerMeetup muitas vezes leva a conversas mais profundas ou sinceras \u2014 especialmente quando ambos os usu\u00e1rios est\u00e3o relaxados.<\/p>\n<h2>Problemas comuns e como resolv\u00ea-los<\/h2>\n<h3>Problema: \u201cNenhum usu\u00e1rio online\u201d<\/h3>\n<ul>\n<li>Tente novamente durante os hor\u00e1rios de pico<\/li>\n<li>Atualize a p\u00e1gina<\/li>\n<li>Verifique outro navegador<\/li>\n<\/ul>\n<h3>Problema: Mensagens n\u00e3o enviadas<\/h3>\n<ul>\n<li>Atualizar a sess\u00e3o de chat<\/li>\n<li>Limpe o cache do seu navegador<\/li>\n<li>Garanta uma conex\u00e3o est\u00e1vel \u00e0 Internet<\/li>\n<\/ul>\n<h3>Problema: Muitos usu\u00e1rios de spam<\/h3>\n<ul>\n<li>Saia imediatamente<\/li>\n<li>Use o skip com frequ\u00eancia<\/li>\n<\/ul>\n<h3>Problema: Desconex\u00f5es ou reinicializa\u00e7\u00f5es do chat<\/h3>\n<ul>\n<li>O navegador pode ter sido atualizado<\/li>\n<li>Problemas de conex\u00e3o em ambas as extremidades<\/li>\n<\/ul>\n<p>O StrangerMeetup \u00e9 geralmente est\u00e1vel, mas, como todos os servi\u00e7os de chat aleat\u00f3rio gratuitos, a experi\u00eancia depende em parte da sua conex\u00e3o e do momento.<\/p>\n<h2>Por que as pessoas escolhem o StrangerMeetup<\/h2>\n<p>O StrangerMeetup atrai os usu\u00e1rios porque \u00e9:<\/p>\n<ul>\n<li>Privado<\/li>\n<li>An\u00f4nimo<\/li>\n<li>Somente texto<\/li>\n<li>R\u00e1pido<\/li>\n<li>Gr\u00e1tis<\/li>\n<li>Simples<\/li>\n<li>N\u00e3o \u00e9 necess\u00e1rio registro<\/li>\n<\/ul>\n<p>Para muitos, a aus\u00eancia do v\u00eddeo elimina a press\u00e3o social, permitindo que se comuniquem com mais liberdade.<\/p>\n<p>\u00c9 especialmente popular entre:<\/p>\n<ul>\n<li>Introvertidos<\/li>\n<li>Estudantes de idiomas<\/li>\n<li>Pessoas que evitam plataformas baseadas em v\u00eddeo<\/li>\n<li>Usu\u00e1rios cansados das redes sociais<\/li>\n<li>Viajantes que desejam conversar internacionalmente<\/li>\n<li>Pessoas que buscam conex\u00e3o emocional sem expor sua identidade<\/li>\n<\/ul>\n<h2>Considera\u00e7\u00f5es finais: vale a pena usar o StrangerMeetup?<\/h2>\n<p>Se voc\u00ea est\u00e1 procurando uma plataforma de bate-papo por texto pura e an\u00f4nima, vale a pena experimentar o StrangerMeetup. \u00c9 simples, r\u00e1pido, privado e acess\u00edvel a partir de qualquer dispositivo \u2014 tornando-o uma das maneiras mais f\u00e1ceis de conversar com estranhos aleat\u00f3rios online sem compartilhar informa\u00e7\u00f5es pessoais.<\/p>\n<p>Seja voc\u00ea:<\/p>\n<ul>\n<li>Entediado e querendo conversar<\/li>\n<li>Curioso sobre pessoas de outros pa\u00edses<\/li>\n<li>Querendo um lugar seguro para expressar sua opini\u00e3o<\/li>\n<li>Em busca de uma conversa honesta<\/li>\n<li>Na esperan\u00e7a de escapar da fadiga das redes sociais<\/li>\n<\/ul>\n<p>O StrangerMeetup oferece uma alternativa inovadora que prioriza a privacidade, a simplicidade e a conex\u00e3o em tempo real.<\/p>\n<p>O StrangerMeetup \u00e9 uma plataforma de bate-papo aleat\u00f3rio limpa, an\u00f4nima e somente de texto, perfeita para quem deseja conversas r\u00e1pidas e sem press\u00e3o com estranhos em todo o mundo.<\/p>\n<p>Pronto para experimentar? Acesse o StrangerMeetup, clique em \u201cIniciar\u201d e veja quem voc\u00ea vai conhecer a seguir.<\/p>","protected":false},"excerpt":{"rendered":"<p>In an online world dominated by filters, profiles, and algorithm-driven feeds, StrangerMeetup offers something refreshingly human: quick, anonymous text conversations with strangers from around the world. No sign-ups, no personal details, and no complicated features \u2014 just pure, spontaneous chatting with people you\u2019ve never met. Designed for users who prefer the simplicity and privacy of [&hellip;]<\/p>\n","protected":false},"author":6,"featured_media":0,"parent":0,"menu_order":0,"comment_status":"closed","ping_status":"closed","template":"","meta":{"footnotes":""},"class_list":["post-11922","page","type-page","status-publish","hentry"],"yoast_head":"<!-- This site is optimized with the Yoast SEO plugin v27.4 - https:\/\/yoast.com\/product\/yoast-seo-wordpress\/ -->\n<title>StrangerMeetup - Meet New Friends Online - TinyChat.com<\/title>\n<meta name=\"description\" content=\"Enjoying StrangerMeetup? Join over 50,000,000 strangers on TinyChat! Turn on your cam and start meeting new people, or find a match.\" \/>\n<meta name=\"robots\" content=\"index, follow, max-snippet:-1, max-image-preview:large, max-video-preview:-1\" \/>\n<link rel=\"canonical\" href=\"https:\/\/tinychat.com\/pt-br\/strangermeetup\/\" \/>\n<meta property=\"og:locale\" content=\"pt_BR\" \/>\n<meta property=\"og:type\" content=\"article\" \/>\n<meta property=\"og:title\" content=\"StrangerMeetup - Meet New Friends Online - TinyChat.com\" \/>\n<meta property=\"og:description\" content=\"Enjoying StrangerMeetup? Join over 50,000,000 strangers on TinyChat! Turn on your cam and start meeting new people, or find a match.\" \/>\n<meta property=\"og:url\" content=\"https:\/\/tinychat.com\/pt-br\/strangermeetup\/\" \/>\n<meta property=\"og:site_name\" content=\"TinyChat\" \/>\n<meta property=\"article:publisher\" content=\"https:\/\/www.facebook.com\/tinychat\" \/>\n<meta property=\"article:modified_time\" content=\"2025-12-02T10:01:14+00:00\" \/>\n<meta property=\"og:image\" content=\"https:\/\/tinychat.com\/wp-content\/uploads\/2020\/04\/Tinychat-logo-1280x284-new-black.png\" \/>\n\t<meta property=\"og:image:width\" content=\"1280\" \/>\n\t<meta property=\"og:image:height\" content=\"284\" \/>\n\t<meta property=\"og:image:type\" content=\"image\/png\" \/>\n<meta name=\"twitter:card\" content=\"summary_large_image\" \/>\n<meta name=\"twitter:site\" content=\"@tinychat\" \/>\n<meta name=\"twitter:label1\" content=\"Est. tempo de leitura\" \/>\n\t<meta name=\"twitter:data1\" content=\"6 minutos\" \/>\n<script type=\"application\/ld+json\" class=\"yoast-schema-graph\">{\"@context\":\"https:\\\/\\\/schema.org\",\"@graph\":[{\"@type\":\"WebPage\",\"@id\":\"https:\\\/\\\/tinychat.com\\\/strangermeetup\\\/\",\"url\":\"https:\\\/\\\/tinychat.com\\\/strangermeetup\\\/\",\"name\":\"StrangerMeetup - Meet New Friends Online - TinyChat.com\",\"isPartOf\":{\"@id\":\"https:\\\/\\\/tinychat.com\\\/#website\"},\"datePublished\":\"2025-12-02T08:01:20+00:00\",\"dateModified\":\"2025-12-02T10:01:14+00:00\",\"description\":\"Enjoying StrangerMeetup? Join over 50,000,000 strangers on TinyChat! Turn on your cam and start meeting new people, or find a match.\",\"breadcrumb\":{\"@id\":\"https:\\\/\\\/tinychat.com\\\/strangermeetup\\\/#breadcrumb\"},\"inLanguage\":\"pt-BR\",\"potentialAction\":[{\"@type\":\"ReadAction\",\"target\":[\"https:\\\/\\\/tinychat.com\\\/strangermeetup\\\/\"]}]},{\"@type\":\"BreadcrumbList\",\"@id\":\"https:\\\/\\\/tinychat.com\\\/strangermeetup\\\/#breadcrumb\",\"itemListElement\":[{\"@type\":\"ListItem\",\"position\":1,\"name\":\"Home\",\"item\":\"https:\\\/\\\/tinychat.com\\\/\"},{\"@type\":\"ListItem\",\"position\":2,\"name\":\"StrangerMeetup\"}]},{\"@type\":\"WebSite\",\"@id\":\"https:\\\/\\\/tinychat.com\\\/#website\",\"url\":\"https:\\\/\\\/tinychat.com\\\/\",\"name\":\"TinyChat\",\"description\":\"Random Video Chat with Strangers\",\"publisher\":{\"@id\":\"https:\\\/\\\/tinychat.com\\\/#organization\"},\"alternateName\":\"TinyChat.com\",\"potentialAction\":[{\"@type\":\"SearchAction\",\"target\":{\"@type\":\"EntryPoint\",\"urlTemplate\":\"https:\\\/\\\/tinychat.com\\\/?s={search_term_string}\"},\"query-input\":{\"@type\":\"PropertyValueSpecification\",\"valueRequired\":true,\"valueName\":\"search_term_string\"}}],\"inLanguage\":\"pt-BR\"},{\"@type\":\"Organization\",\"@id\":\"https:\\\/\\\/tinychat.com\\\/#organization\",\"name\":\"TinyChat\",\"alternateName\":\"TinyChat.com\",\"url\":\"https:\\\/\\\/tinychat.com\\\/\",\"logo\":{\"@type\":\"ImageObject\",\"inLanguage\":\"pt-BR\",\"@id\":\"https:\\\/\\\/tinychat.com\\\/#\\\/schema\\\/logo\\\/image\\\/\",\"url\":\"https:\\\/\\\/tinychat.com\\\/wp-content\\\/uploads\\\/2023\\\/11\\\/Tinychat-icon-square.png\",\"contentUrl\":\"https:\\\/\\\/tinychat.com\\\/wp-content\\\/uploads\\\/2023\\\/11\\\/Tinychat-icon-square.png\",\"width\":284,\"height\":284,\"caption\":\"TinyChat\"},\"image\":{\"@id\":\"https:\\\/\\\/tinychat.com\\\/#\\\/schema\\\/logo\\\/image\\\/\"},\"sameAs\":[\"https:\\\/\\\/www.facebook.com\\\/tinychat\",\"https:\\\/\\\/x.com\\\/tinychat\"]}]}<\/script>\n<!-- \/ Yoast SEO plugin. -->","yoast_head_json":{"title":"StrangerMeetup - Conhe\u00e7a novos amigos online - TinyChat.com","description":"Gostando do StrangerMeetup? Junte-se a mais de 50 milh\u00f5es de desconhecidos no TinyChat! Ligue sua c\u00e2mera e comece a conhecer novas pessoas ou encontre um par.","robots":{"index":"index","follow":"follow","max-snippet":"max-snippet:-1","max-image-preview":"max-image-preview:large","max-video-preview":"max-video-preview:-1"},"canonical":"https:\/\/tinychat.com\/pt-br\/strangermeetup\/","og_locale":"pt_BR","og_type":"article","og_title":"StrangerMeetup - Meet New Friends Online - TinyChat.com","og_description":"Enjoying StrangerMeetup? Join over 50,000,000 strangers on TinyChat! Turn on your cam and start meeting new people, or find a match.","og_url":"https:\/\/tinychat.com\/pt-br\/strangermeetup\/","og_site_name":"TinyChat","article_publisher":"https:\/\/www.facebook.com\/tinychat","article_modified_time":"2025-12-02T10:01:14+00:00","og_image":[{"width":1280,"height":284,"url":"https:\/\/tinychat.com\/wp-content\/uploads\/2020\/04\/Tinychat-logo-1280x284-new-black.png","type":"image\/png"}],"twitter_card":"summary_large_image","twitter_site":"@tinychat","twitter_misc":{"Est. tempo de leitura":"6 minutos"},"schema":{"@context":"https:\/\/schema.org","@graph":[{"@type":"WebPage","@id":"https:\/\/tinychat.com\/strangermeetup\/","url":"https:\/\/tinychat.com\/strangermeetup\/","name":"StrangerMeetup - Conhe\u00e7a novos amigos online - TinyChat.com","isPartOf":{"@id":"https:\/\/tinychat.com\/#website"},"datePublished":"2025-12-02T08:01:20+00:00","dateModified":"2025-12-02T10:01:14+00:00","description":"Gostando do StrangerMeetup? Junte-se a mais de 50 milh\u00f5es de desconhecidos no TinyChat! Ligue sua c\u00e2mera e comece a conhecer novas pessoas ou encontre um par.","breadcrumb":{"@id":"https:\/\/tinychat.com\/strangermeetup\/#breadcrumb"},"inLanguage":"pt-BR","potentialAction":[{"@type":"ReadAction","target":["https:\/\/tinychat.com\/strangermeetup\/"]}]},{"@type":"BreadcrumbList","@id":"https:\/\/tinychat.com\/strangermeetup\/#breadcrumb","itemListElement":[{"@type":"ListItem","position":1,"name":"Home","item":"https:\/\/tinychat.com\/"},{"@type":"ListItem","position":2,"name":"StrangerMeetup"}]},{"@type":"WebSite","@id":"https:\/\/tinychat.com\/#website","url":"https:\/\/tinychat.com\/","name":"TinyChat","description":"Bate-papo por v\u00eddeo aleat\u00f3rio com estranhos","publisher":{"@id":"https:\/\/tinychat.com\/#organization"},"alternateName":"TinyChat.com","potentialAction":[{"@type":"SearchAction","target":{"@type":"EntryPoint","urlTemplate":"https:\/\/tinychat.com\/?s={search_term_string}"},"query-input":{"@type":"PropertyValueSpecification","valueRequired":true,"valueName":"search_term_string"}}],"inLanguage":"pt-BR"},{"@type":"Organization","@id":"https:\/\/tinychat.com\/#organization","name":"TinyChat","alternateName":"TinyChat.com","url":"https:\/\/tinychat.com\/","logo":{"@type":"ImageObject","inLanguage":"pt-BR","@id":"https:\/\/tinychat.com\/#\/schema\/logo\/image\/","url":"https:\/\/tinychat.com\/wp-content\/uploads\/2023\/11\/Tinychat-icon-square.png","contentUrl":"https:\/\/tinychat.com\/wp-content\/uploads\/2023\/11\/Tinychat-icon-square.png","width":284,"height":284,"caption":"TinyChat"},"image":{"@id":"https:\/\/tinychat.com\/#\/schema\/logo\/image\/"},"sameAs":["https:\/\/www.facebook.com\/tinychat","https:\/\/x.com\/tinychat"]}]}},"_links":{"self":[{"href":"https:\/\/tinychat.com\/pt-br\/wp-json\/wp\/v2\/pages\/11922","targetHints":{"allow":["GET"]}}],"collection":[{"href":"https:\/\/tinychat.com\/pt-br\/wp-json\/wp\/v2\/pages"}],"about":[{"href":"https:\/\/tinychat.com\/pt-br\/wp-json\/wp\/v2\/types\/page"}],"author":[{"embeddable":true,"href":"https:\/\/tinychat.com\/pt-br\/wp-json\/wp\/v2\/users\/6"}],"replies":[{"embeddable":true,"href":"https:\/\/tinychat.com\/pt-br\/wp-json\/wp\/v2\/comments?post=11922"}],"version-history":[{"count":3,"href":"https:\/\/tinychat.com\/pt-br\/wp-json\/wp\/v2\/pages\/11922\/revisions"}],"predecessor-version":[{"id":13577,"href":"https:\/\/tinychat.com\/pt-br\/wp-json\/wp\/v2\/pages\/11922\/revisions\/13577"}],"wp:attachment":[{"href":"https:\/\/tinychat.com\/pt-br\/wp-json\/wp\/v2\/media?parent=11922"}],"curies":[{"name":"wp","href":"https:\/\/api.w.org\/{rel}","templated":true}]}}