{"id":11949,"date":"2023-10-24T11:57:43","date_gmt":"2023-10-24T09:57:43","guid":{"rendered":"https:\/\/tinychat.com\/?page_id=11949"},"modified":"2025-07-21T13:03:37","modified_gmt":"2025-07-21T11:03:37","slug":"cammatch","status":"publish","type":"page","link":"https:\/\/tinychat.com\/pt-br\/cammatch\/","title":{"rendered":"Cammatch"},"content":{"rendered":"<p>Em um mundo em que a conex\u00e3o est\u00e1 a apenas um clique de dist\u00e2ncia, o surgimento de plataformas de bate-papo por v\u00eddeo aleat\u00f3rias abriu novas fronteiras para encontrar amigos, flertar, trocar idiomas e explorar culturas - tudo em tempo real. Como um dos jogadores mais novos e inovadores no cen\u00e1rio, o CamMatch est\u00e1 rapidamente ganhando for\u00e7a como um dos principais destinos para aqueles que buscam conversas aut\u00eanticas, seguras e envolventes com estranhos on-line.<\/p>\n<p>Seja para quebrar a rotina, praticar um idioma estrangeiro, encontrar uma alma que pensa como voc\u00ea ou apenas dar risada, o CamMatch oferece uma experi\u00eancia repleta de recursos, que prioriza a privacidade e \u00e9 f\u00e1cil de usar, parecendo o melhor do Omegle, Chatroulette e a mais recente tecnologia de bate-papo por v\u00eddeo - combinados e atualizados.<\/p>\n<p>Este guia detalhado aborda tudo o que voc\u00ea precisa saber sobre o CamMatch: como ele funciona, seus recursos exclusivos, a experi\u00eancia do usu\u00e1rio, seguran\u00e7a, como ele se compara aos concorrentes, solu\u00e7\u00e3o de problemas e dicas de especialistas para tornar cada bate-papo mais gratificante.<\/p>\n<h2>O que \u00e9 o CamMatch?<\/h2>\n<p>O CamMatch \u00e9 uma plataforma de bate-papo por v\u00eddeo aleat\u00f3rio criada para conex\u00f5es r\u00e1pidas, an\u00f4nimas e significativas com pessoas de todo o mundo. N\u00e3o \u00e9 necess\u00e1rio nenhum registro ou download de aplicativo - basta acessar o site, ativar sua c\u00e2mera e seu microfone e voc\u00ea ser\u00e1 instantaneamente combinado com algu\u00e9m novo para uma conversa individual ao vivo.<\/p>\n<p>Ao contr\u00e1rio de muitos sites b\u00e1sicos de bate-papo aleat\u00f3rio, o CamMatch foi criado para os usu\u00e1rios de hoje, com otimiza\u00e7\u00e3o m\u00f3vel, tradu\u00e7\u00e3o em tempo real, filtragem inteligente e forte modera\u00e7\u00e3o para manter as coisas seguras e divertidas. Quer voc\u00ea queira um bate-papo somente com texto ou uma experi\u00eancia completa com v\u00eddeo, o CamMatch coloca voc\u00ea no controle em cada etapa do processo.<\/p>\n<p>A comunidade do CamMatch \u00e9 global e diversificada, incluindo todos, desde estudantes e viajantes at\u00e9 estudantes de idiomas, n\u00f4mades digitais e qualquer pessoa que adore a emo\u00e7\u00e3o da intera\u00e7\u00e3o espont\u00e2nea.<\/p>\n<h2>Principais recursos do CamMatch<\/h2>\n<p>O CamMatch se destaca por combinar recursos cl\u00e1ssicos de bate-papo aleat\u00f3rio com aprimoramentos de \u00faltima gera\u00e7\u00e3o:<\/p>\n<h3>1. V\u00eddeo instant\u00e2neo e bate-papo por texto<\/h3>\n<p>Inicie uma conversa em segundos - basta selecionar seu modo de bate-papo preferido (v\u00eddeo ou texto) e voc\u00ea estar\u00e1 conectado a um estranho aleat\u00f3rio em qualquer lugar do mundo. Sem login, sem perfis, apenas pura intera\u00e7\u00e3o.<\/p>\n<h3>2. Filtros de g\u00eanero, pa\u00eds e idioma<\/h3>\n<p>Deseja personalizar sua experi\u00eancia? Use os filtros inteligentes do CamMatch para se conectar apenas com usu\u00e1rios de um g\u00eanero espec\u00edfico, de um determinado pa\u00eds ou que falem seu idioma. (Alguns filtros avan\u00e7ados podem exigir a cria\u00e7\u00e3o de uma conta ou o pagamento de uma pequena taxa).<\/p>\n<h3>3. No navegador, sem necessidade de download<\/h3>\n<p>Aproveite a experi\u00eancia completa do CamMatch diretamente em seu navegador no desktop, laptop ou celular, sem a necessidade de instalar aplicativos ou sobrecarregar seu dispositivo com software extra.<\/p>\n<h3>4. Design otimizado para dispositivos m\u00f3veis<\/h3>\n<p>O CamMatch funciona perfeitamente em todos os smartphones e tablets modernos, oferecendo layouts responsivos, conex\u00f5es r\u00e1pidas e controles intuitivos para bate-papo em qualquer lugar.<\/p>\n<h3>5. An\u00f4nimo e privado<\/h3>\n<p>A privacidade est\u00e1 no centro do CamMatch. N\u00e3o lhe \u00e9 solicitado um e-mail, n\u00famero de telefone ou detalhes pessoais para come\u00e7ar. Todos os bate-papos s\u00e3o an\u00f4nimos e n\u00e3o s\u00e3o gravados - voc\u00ea tem controle total sobre o que compartilha.<\/p>\n<h3>6. Bot\u00e3o \"Next\" para pular rapidamente<\/h3>\n<p>N\u00e3o est\u00e1 se sentindo bem com seu par? Basta clicar em \"Next\" para uma nova conex\u00e3o imediata - sem pausas ou esperas inc\u00f4modas.<\/p>\n<h3>7. Comunidade segura e modera\u00e7\u00e3o ao vivo<\/h3>\n<p>O CamMatch emprega uma combina\u00e7\u00e3o de:<\/p>\n<ul>\n<li>Modera\u00e7\u00e3o automatizada (IA) para filtrar nudez, spam e abuso<\/li>\n<li>Moderadores humanos ao vivo para suporte e interven\u00e7\u00e3o em tempo real<\/li>\n<li>Fun\u00e7\u00f5es de relat\u00f3rio e bloqueio do usu\u00e1rio para que voc\u00ea possa assumir o controle a qualquer momento<\/li>\n<\/ul>\n<h3>8. Tradu\u00e7\u00e3o em tempo real<\/h3>\n<p>Quebre as barreiras do idioma instantaneamente! O CamMatch oferece uma ferramenta de tradu\u00e7\u00e3o que permite que voc\u00ea converse facilmente com pessoas que falam idiomas diferentes, tornando as conversas globais uma realidade.<\/p>\n<h3>9. Registro opcional para usu\u00e1rios avan\u00e7ados<\/h3>\n<p>Embora o CamMatch funcione perfeitamente sem uma conta, os usu\u00e1rios que optarem por se registrar poder\u00e3o faz\u00ea-lo:<\/p>\n<ul>\n<li>Salvar amigos favoritos<\/li>\n<li>Acesse filtros e recursos avan\u00e7ados<\/li>\n<li>Ver conex\u00f5es anteriores (mantendo a privacidade)<\/li>\n<\/ul>\n<h3>10. Compartilhamento seguro de imagens (com modera\u00e7\u00e3o)<\/h3>\n<p>Para aqueles que desejam enviar fotos ou imagens, o CamMatch permite o compartilhamento seguro e moderado, ajudando a manter o ambiente positivo e respeitoso.<\/p>\n<h2>Como usar o CamMatch<\/h2>\n<p>O uso do CamMatch \u00e9 r\u00e1pido e intuitivo. Veja como come\u00e7ar a conversar em segundos:<\/p>\n<h3>Etapa 1: Visite o site do CamMatch<\/h3>\n<p>Abra seu navegador e acesse cammatch.com ou sua vers\u00e3o regional.<\/p>\n<h3>Etapa 2: Escolha o modo de v\u00eddeo ou de texto<\/h3>\n<p>Selecione se deseja um bate-papo por v\u00eddeo (habilite a c\u00e2mera e o microfone) ou se deseja apenas texto (\u00f3timo para quem prefere privacidade).<\/p>\n<h3>Etapa 3: Definir filtros (opcional)<\/h3>\n<p>Use filtros para se conectar com g\u00eaneros, pa\u00edses ou idiomas espec\u00edficos. Voc\u00ea pode misturar e combinar filtros para obter a experi\u00eancia que deseja.<\/p>\n<h3>Etapa 4: Clique em \"Start\" (Iniciar) ou \"Connect\" (Conectar)<\/h3>\n<p>Voc\u00ea ser\u00e1 instantaneamente combinado com um estranho. Inicie a conversa - diga ol\u00e1 ou se apresente!<\/p>\n<h3>Etapa 5: Use \"Next\" para seguir em frente<\/h3>\n<p>Deseja um novo bate-papo? Clique em \"Next\" para outra conex\u00e3o aleat\u00f3ria - sem limites.<\/p>\n<h3>Etapa 6: Registro (opcional)<\/h3>\n<p>Inscreva-se (com informa\u00e7\u00f5es m\u00ednimas) se quiser acessar recursos extras, como lista de amigos, filtros avan\u00e7ados ou conversas salvas.<\/p>\n<h3>Etapa 7: Relat\u00f3rio ou bloqueio (se necess\u00e1rio)<\/h3>\n<p>Est\u00e1 vendo algo inadequado? Use a fun\u00e7\u00e3o bloquear\/denunciar - a equipe do CamMatch responde rapidamente.<\/p>\n<h2>Experi\u00eancia do usu\u00e1rio no CamMatch<\/h2>\n<p>O CamMatch foi projetado para ser simples, r\u00e1pido e seguro - para que voc\u00ea possa se concentrar na divers\u00e3o de conhecer novas pessoas, e n\u00e3o em navegar por menus complexos ou preencher perfis.<\/p>\n<h3>O que os usu\u00e1rios adoram<\/h3>\n<ul>\n<li>Acesso instant\u00e2neo, sem necessidade de registro: Comece a conversar imediatamente, com total privacidade<\/li>\n<li>Interface elegante e moderna: Sem desordem ou controles confusos<\/li>\n<li>\u00d3timo para a pr\u00e1tica do idioma, interc\u00e2mbio cultural ou apenas para uma conversa amig\u00e1vel<\/li>\n<li>Fun\u00e7\u00e3o de pular rapidamente: Mantenha as conversas frescas e positivas<\/li>\n<li>Filtros e tradu\u00e7\u00e3o: Experi\u00eancia global e personaliz\u00e1vel<\/li>\n<li>Funciona em qualquer dispositivo: M\u00f3vel ou desktop, sem interrup\u00e7\u00f5es<\/li>\n<\/ul>\n<h3>O que poderia ser melhorado<\/h3>\n<ul>\n<li>Filtros avan\u00e7ados e amigos salvos requerem registro ou premium<\/li>\n<li>N\u00e3o h\u00e1 salas baseadas em grupos ou t\u00f3picos (ainda)<\/li>\n<li>Trolls ocasionais ou usu\u00e1rios inadequados (comum em todos os aplicativos de bate-papo aleat\u00f3rios - a modera\u00e7\u00e3o ajuda)<\/li>\n<li>Altamente envolvente - \u00e9 f\u00e1cil perder a no\u00e7\u00e3o do tempo!<\/li>\n<\/ul>\n<h3>Avalia\u00e7\u00f5es reais de usu\u00e1rios<\/h3>\n<blockquote><p>\"O CamMatch \u00e9 a minha op\u00e7\u00e3o para bate-papos aleat\u00f3rios por v\u00eddeo. Adoro o fato de ser f\u00e1cil de usar e me sinto mais seguro do que em sites mais antigos.\"<br \/>\n- <em>Olivia B., Trustpilot<\/em><\/p><\/blockquote>\n<blockquote><p>\"O filtro de pa\u00edses me ajudou a praticar meu franc\u00eas com falantes nativos. Muito melhor do que os aplicativos de idiomas!\"<br \/>\n- <em>Marco R., Google Play<\/em><\/p><\/blockquote>\n<blockquote><p>\"A experi\u00eancia m\u00f3vel \u00e9 fant\u00e1stica - a qualidade do v\u00eddeo \u00e9 \u00f3tima e a interface \u00e9 super limpa.\"<br \/>\n- <em>Priya T., App Store<\/em><\/p><\/blockquote>\n<h2>CamMatch vs. outras plataformas de bate-papo por v\u00eddeo<\/h2>\n<p>Como o CamMatch se compara \u00e0s alternativas mais populares de bate-papo por v\u00eddeo?<\/p>\n<table>\n<thead>\n<tr>\n<th>Recurso<\/th>\n<th>CamMatch<\/th>\n<th>ChatMatch<\/th>\n<th>Omegle<\/th>\n<th>Omegla<\/th>\n<th>Chatroulette<\/th>\n<th>Chatrandom<\/th>\n<th>HOLLA<\/th>\n<th>LivU<\/th>\n<\/tr>\n<\/thead>\n<tbody>\n<tr>\n<td>N\u00e3o \u00e9 necess\u00e1rio registrar-se<\/td>\n<td>\u2705 Sim<\/td>\n<td>\u2705 Sim<\/td>\n<td>\u2705 Sim<\/td>\n<td>\u2705 Sim<\/td>\n<td>\u2705 Sim<\/td>\n<td>\u2705 Sim<\/td>\n<td>\u2705 Sim<\/td>\n<td>\u2705 Sim<\/td>\n<\/tr>\n<tr>\n<td>Bate-papo por v\u00eddeo e texto<\/td>\n<td>\u2705 Ambos<\/td>\n<td>\u2705 Ambos<\/td>\n<td>\u2705 Ambos<\/td>\n<td>\u2705 Ambos<\/td>\n<td>\u2705 Ambos<\/td>\n<td>\u2705 Ambos<\/td>\n<td>\u2705 Ambos<\/td>\n<td>\u2705 Ambos<\/td>\n<\/tr>\n<tr>\n<td>Filtro de g\u00eanero\/pa\u00eds<\/td>\n<td>\u2705 Sim*<\/td>\n<td>\u2705 Sim*<\/td>\n<td>\u26a0\ufe0f Limited<\/td>\n<td>\u2705 Sim*<\/td>\n<td>\u2705 Sim<\/td>\n<td>\u2705 Sim<\/td>\n<td>\u2705 Sim<\/td>\n<td>\u2705 Sim<\/td>\n<\/tr>\n<tr>\n<td>Otimizado para celular<\/td>\n<td>\u2705 Sim<\/td>\n<td>\u2705 Sim<\/td>\n<td>\u26a0\ufe0f Misto<\/td>\n<td>\u2705 Sim<\/td>\n<td>\u2705 Sim<\/td>\n<td>\u2705 Sim<\/td>\n<td>\u2705 Sim<\/td>\n<td>\u2705 Sim<\/td>\n<\/tr>\n<tr>\n<td>Ferramenta de tradu\u00e7\u00e3o<\/td>\n<td>\u2705 Sim<\/td>\n<td>\u2705 Sim<\/td>\n<td>\u274c N\u00e3o<\/td>\n<td>\ud83d\udd52 Em breve<\/td>\n<td>\u274c N\u00e3o<\/td>\n<td>\u274c N\u00e3o<\/td>\n<td>\u2705 Sim<\/td>\n<td>\u2705 Sim<\/td>\n<\/tr>\n<tr>\n<td>Contas opcionais<\/td>\n<td>\u2705 Sim<\/td>\n<td>\u2705 Sim<\/td>\n<td>\u274c N\u00e3o<\/td>\n<td>\u274c N\u00e3o<\/td>\n<td>\u274c N\u00e3o<\/td>\n<td>\u2705 Sim<\/td>\n<td>\u2705 Sim<\/td>\n<td>\u2705 Sim<\/td>\n<\/tr>\n<tr>\n<td>Compartilhamento seguro de imagens<\/td>\n<td>\u2705 Sim<\/td>\n<td>\u2705 Sim<\/td>\n<td>\u274c N\u00e3o<\/td>\n<td>\u274c N\u00e3o<\/td>\n<td>\u274c N\u00e3o<\/td>\n<td>\u2705 Sim<\/td>\n<td>\u2705 Sim<\/td>\n<td>\u2705 Sim<\/td>\n<\/tr>\n<tr>\n<td>Modera\u00e7\u00e3o\/seguran\u00e7a ao vivo<\/td>\n<td>\u2705 Forte<\/td>\n<td>\u2705 Forte<\/td>\n<td>\u26a0\ufe0f Limited<\/td>\n<td>\u2705 Forte<\/td>\n<td>\u26a0\ufe0f Limited<\/td>\n<td>\u2705 Sim<\/td>\n<td>\u2705 Forte<\/td>\n<td>\u2705 Forte<\/td>\n<\/tr>\n<\/tbody>\n<\/table>\n<p>*Alguns filtros\/funcionalidades avan\u00e7ados podem exigir uma conta gratuita ou premium.<\/p>\n<p>Resumo: O CamMatch foi criado para o usu\u00e1rio de hoje - r\u00e1pido, seguro, personaliz\u00e1vel e acess\u00edvel em qualquer lugar. \u00c9 perfeito para aqueles que desejam uma experi\u00eancia moderna, privada e divertida de bate-papo por v\u00eddeo aleat\u00f3rio.<\/p>\n<h2>O CamMatch \u00e9 seguro?<\/h2>\n<p>A principal prioridade do CamMatch \u00e9 oferecer um espa\u00e7o seguro, respeitoso e divertido para todos:<\/p>\n<ul>\n<li>A modera\u00e7\u00e3o com tecnologia de IA examina todo o conte\u00fado de v\u00eddeo\/texto\/imagem em busca de nudez, spam ou abuso.<\/li>\n<li>Moderadores humanos ao vivo 24 horas por dia, 7 dias por semana, respondem \u00e0s den\u00fancias dos usu\u00e1rios e banem os infratores.<\/li>\n<li>Chats privados, sem armazenamento de dados: Os bate-papos n\u00e3o s\u00e3o salvos e nenhum dado pessoal \u00e9 coletado, a menos que voc\u00ea se registre voluntariamente.<\/li>\n<li>Regras claras da comunidade mant\u00eam as coisas amig\u00e1veis e inclusivas.<\/li>\n<li>Controles do usu\u00e1rio: Bot\u00f5es de bloco\/relat\u00f3rio sempre vis\u00edveis.<\/li>\n<\/ul>\n<h3>Dicas de seguran\u00e7a<\/h3>\n<ul>\n<li>Nunca compartilhe seu nome verdadeiro, endere\u00e7o, n\u00famero de telefone ou informa\u00e7\u00f5es confidenciais.<\/li>\n<li>Confie em seus instintos - encerre qualquer conversa que pare\u00e7a desconfort\u00e1vel.<\/li>\n<li>Use um apelido e mantenha sua identidade privada, a menos que realmente confie no outro usu\u00e1rio.<\/li>\n<li>Denunciar\/bloquear qualquer pessoa que se comporte de forma inadequada.<\/li>\n<li>N\u00e3o clique em links externos nem aceite arquivos de estranhos.<\/li>\n<\/ul>\n<h2>Dicas para obter o m\u00e1ximo do CamMatch<\/h2>\n<ul>\n<li>Comece de forma amig\u00e1vel: Um sorriso e um ol\u00e1 s\u00e3o muito \u00fateis!<\/li>\n<li>N\u00e3o se acomode: Use \"Next\" para pular conversas improdutivas ou desagrad\u00e1veis.<\/li>\n<li>Explore os filtros: Conecte-se por pa\u00eds ou idioma para obter interc\u00e2mbios exclusivos.<\/li>\n<li>Experimente a tradu\u00e7\u00e3o: Pratique novos idiomas ou fa\u00e7a amigos globais.<\/li>\n<li>Use recursos de seguran\u00e7a: Sempre denuncie\/bloqueie os malfeitores - ajude a comunidade a se manter limpa.<\/li>\n<li>Bate-papo em qualquer lugar: O site m\u00f3vel do CamMatch \u00e9 perfeito para conversas espont\u00e2neas em qualquer lugar.<\/li>\n<li>Registre-se para receber extras: Se voc\u00ea adora o CamMatch, considere registrar-se para obter filtros avan\u00e7ados, amigos salvos e muito mais.<\/li>\n<\/ul>\n<h2>Solu\u00e7\u00e3o de problemas comuns do CamMatch<\/h2>\n<h3>A c\u00e2mera ou o microfone n\u00e3o funcionam<\/h3>\n<p>Verifique se o navegador\/dispositivo permite o acesso, feche outros aplicativos que estejam usando a c\u00e2mera e atualize o site.<\/p>\n<h3>Conex\u00f5es lentas ou atrasos<\/h3>\n<p>Use uma conex\u00e3o Wi-Fi forte, feche aplicativos\/guias que consomem muita largura de banda e tente usar um navegador diferente, se necess\u00e1rio.<\/p>\n<h3>Filtros n\u00e3o dispon\u00edveis<\/h3>\n<p>Alguns recursos exigem uma conta gratuita ou paga - registre-se ou fa\u00e7a upgrade conforme necess\u00e1rio.<\/p>\n<h3>Trolls ou usu\u00e1rios inadequados<\/h3>\n<p>Clique em bloquear\/denunciar imediatamente. Os moderadores lidar\u00e3o com as viola\u00e7\u00f5es rapidamente.<\/p>\n<h3>A tradu\u00e7\u00e3o n\u00e3o est\u00e1 funcionando<\/h3>\n<p>Atualize, verifique sua conex\u00e3o ou entre em contato com o suporte. A tradu\u00e7\u00e3o pode exigir uma conta atualizada.<\/p>\n<p>Com certeza - especialmente se voc\u00ea quiser o que h\u00e1 de mais moderno em bate-papo por v\u00eddeo aleat\u00f3rio, com privacidade e seguran\u00e7a de primeira linha e um design moderno e elegante. O CamMatch pega a magia de conhecer estranhos e d\u00e1 a ela uma atualiza\u00e7\u00e3o muito necess\u00e1ria, combinando acesso instant\u00e2neo com a combina\u00e7\u00e3o certa de recursos e controles de comunidade.<\/p>\n<p>Para amizade, troca de idiomas, explora\u00e7\u00e3o cultural ou apenas bate-papos globais divertidos, o CamMatch \u00e9 o seu portal para o mundo - privado, r\u00e1pido e acess\u00edvel de qualquer dispositivo.<\/p>\n<p>Pronto para come\u00e7ar?<br \/>\nVisite cammatch.com, escolha v\u00eddeo ou texto e mergulhe em sua pr\u00f3xima conversa em segundos.<\/p>","protected":false},"excerpt":{"rendered":"<p>In a world where connection is just a click away, the rise of random video chat platforms has opened new frontiers for meeting friends, flirting, language exchange, and exploring cultures\u2014all in real time. As one of the newest and most innovative players on the scene, CamMatch is quickly gaining traction as a top destination for [&hellip;]<\/p>\n","protected":false},"author":6,"featured_media":0,"parent":0,"menu_order":0,"comment_status":"closed","ping_status":"closed","template":"","meta":{"footnotes":""},"class_list":["post-11949","page","type-page","status-publish","hentry"],"yoast_head":"<!-- This site is optimized with the Yoast SEO plugin v27.4 - https:\/\/yoast.com\/product\/yoast-seo-wordpress\/ -->\n<title>Cammatch - Live Video Chat with Random People - TinyChat.com<\/title>\n<meta name=\"description\" content=\"Enjoying Cammatch? Join over 50,000,000 strangers on TinyChat! Turn on your cam and start meeting new people, or find a match.\" \/>\n<meta name=\"robots\" content=\"index, follow, max-snippet:-1, max-image-preview:large, max-video-preview:-1\" \/>\n<link rel=\"canonical\" href=\"https:\/\/tinychat.com\/pt-br\/cammatch\/\" \/>\n<meta property=\"og:locale\" content=\"pt_BR\" \/>\n<meta property=\"og:type\" content=\"article\" \/>\n<meta property=\"og:title\" content=\"Cammatch - Live Video Chat with Random People - TinyChat.com\" \/>\n<meta property=\"og:description\" content=\"Enjoying Cammatch? Join over 50,000,000 strangers on TinyChat! Turn on your cam and start meeting new people, or find a match.\" \/>\n<meta property=\"og:url\" content=\"https:\/\/tinychat.com\/pt-br\/cammatch\/\" \/>\n<meta property=\"og:site_name\" content=\"TinyChat\" \/>\n<meta property=\"article:publisher\" content=\"https:\/\/www.facebook.com\/tinychat\" \/>\n<meta property=\"article:modified_time\" content=\"2025-07-21T11:03:37+00:00\" \/>\n<meta property=\"og:image\" content=\"https:\/\/tinychat.com\/wp-content\/uploads\/2020\/04\/Tinychat-logo-1280x284-new-black.png\" \/>\n\t<meta property=\"og:image:width\" content=\"1280\" \/>\n\t<meta property=\"og:image:height\" content=\"284\" \/>\n\t<meta property=\"og:image:type\" content=\"image\/png\" \/>\n<meta name=\"twitter:card\" content=\"summary_large_image\" \/>\n<meta name=\"twitter:site\" content=\"@tinychat\" \/>\n<meta name=\"twitter:label1\" content=\"Est. tempo de leitura\" \/>\n\t<meta name=\"twitter:data1\" content=\"7 minutos\" \/>\n<script type=\"application\/ld+json\" class=\"yoast-schema-graph\">{\"@context\":\"https:\\\/\\\/schema.org\",\"@graph\":[{\"@type\":\"WebPage\",\"@id\":\"https:\\\/\\\/tinychat.com\\\/cammatch\\\/\",\"url\":\"https:\\\/\\\/tinychat.com\\\/cammatch\\\/\",\"name\":\"Cammatch - Live Video Chat with Random People - TinyChat.com\",\"isPartOf\":{\"@id\":\"https:\\\/\\\/tinychat.com\\\/#website\"},\"datePublished\":\"2023-10-24T09:57:43+00:00\",\"dateModified\":\"2025-07-21T11:03:37+00:00\",\"description\":\"Enjoying Cammatch? Join over 50,000,000 strangers on TinyChat! Turn on your cam and start meeting new people, or find a match.\",\"breadcrumb\":{\"@id\":\"https:\\\/\\\/tinychat.com\\\/cammatch\\\/#breadcrumb\"},\"inLanguage\":\"pt-BR\",\"potentialAction\":[{\"@type\":\"ReadAction\",\"target\":[\"https:\\\/\\\/tinychat.com\\\/cammatch\\\/\"]}]},{\"@type\":\"BreadcrumbList\",\"@id\":\"https:\\\/\\\/tinychat.com\\\/cammatch\\\/#breadcrumb\",\"itemListElement\":[{\"@type\":\"ListItem\",\"position\":1,\"name\":\"Home\",\"item\":\"https:\\\/\\\/tinychat.com\\\/\"},{\"@type\":\"ListItem\",\"position\":2,\"name\":\"Cammatch\"}]},{\"@type\":\"WebSite\",\"@id\":\"https:\\\/\\\/tinychat.com\\\/#website\",\"url\":\"https:\\\/\\\/tinychat.com\\\/\",\"name\":\"TinyChat\",\"description\":\"Random Video Chat with Strangers\",\"publisher\":{\"@id\":\"https:\\\/\\\/tinychat.com\\\/#organization\"},\"alternateName\":\"TinyChat.com\",\"potentialAction\":[{\"@type\":\"SearchAction\",\"target\":{\"@type\":\"EntryPoint\",\"urlTemplate\":\"https:\\\/\\\/tinychat.com\\\/?s={search_term_string}\"},\"query-input\":{\"@type\":\"PropertyValueSpecification\",\"valueRequired\":true,\"valueName\":\"search_term_string\"}}],\"inLanguage\":\"pt-BR\"},{\"@type\":\"Organization\",\"@id\":\"https:\\\/\\\/tinychat.com\\\/#organization\",\"name\":\"TinyChat\",\"alternateName\":\"TinyChat.com\",\"url\":\"https:\\\/\\\/tinychat.com\\\/\",\"logo\":{\"@type\":\"ImageObject\",\"inLanguage\":\"pt-BR\",\"@id\":\"https:\\\/\\\/tinychat.com\\\/#\\\/schema\\\/logo\\\/image\\\/\",\"url\":\"https:\\\/\\\/tinychat.com\\\/wp-content\\\/uploads\\\/2023\\\/11\\\/Tinychat-icon-square.png\",\"contentUrl\":\"https:\\\/\\\/tinychat.com\\\/wp-content\\\/uploads\\\/2023\\\/11\\\/Tinychat-icon-square.png\",\"width\":284,\"height\":284,\"caption\":\"TinyChat\"},\"image\":{\"@id\":\"https:\\\/\\\/tinychat.com\\\/#\\\/schema\\\/logo\\\/image\\\/\"},\"sameAs\":[\"https:\\\/\\\/www.facebook.com\\\/tinychat\",\"https:\\\/\\\/x.com\\\/tinychat\"]}]}<\/script>\n<!-- \/ Yoast SEO plugin. -->","yoast_head_json":{"title":"Cammatch - Bate-papo por v\u00eddeo ao vivo com pessoas aleat\u00f3rias - TinyChat.com","description":"Est\u00e1 gostando do Cammatch? Junte-se a mais de 50.000.000 de estranhos no TinyChat! Ligue sua c\u00e2mera e comece a conhecer novas pessoas ou encontre um par.","robots":{"index":"index","follow":"follow","max-snippet":"max-snippet:-1","max-image-preview":"max-image-preview:large","max-video-preview":"max-video-preview:-1"},"canonical":"https:\/\/tinychat.com\/pt-br\/cammatch\/","og_locale":"pt_BR","og_type":"article","og_title":"Cammatch - Live Video Chat with Random People - TinyChat.com","og_description":"Enjoying Cammatch? Join over 50,000,000 strangers on TinyChat! Turn on your cam and start meeting new people, or find a match.","og_url":"https:\/\/tinychat.com\/pt-br\/cammatch\/","og_site_name":"TinyChat","article_publisher":"https:\/\/www.facebook.com\/tinychat","article_modified_time":"2025-07-21T11:03:37+00:00","og_image":[{"width":1280,"height":284,"url":"https:\/\/tinychat.com\/wp-content\/uploads\/2020\/04\/Tinychat-logo-1280x284-new-black.png","type":"image\/png"}],"twitter_card":"summary_large_image","twitter_site":"@tinychat","twitter_misc":{"Est. tempo de leitura":"7 minutos"},"schema":{"@context":"https:\/\/schema.org","@graph":[{"@type":"WebPage","@id":"https:\/\/tinychat.com\/cammatch\/","url":"https:\/\/tinychat.com\/cammatch\/","name":"Cammatch - Bate-papo por v\u00eddeo ao vivo com pessoas aleat\u00f3rias - TinyChat.com","isPartOf":{"@id":"https:\/\/tinychat.com\/#website"},"datePublished":"2023-10-24T09:57:43+00:00","dateModified":"2025-07-21T11:03:37+00:00","description":"Est\u00e1 gostando do Cammatch? Junte-se a mais de 50.000.000 de estranhos no TinyChat! Ligue sua c\u00e2mera e comece a conhecer novas pessoas ou encontre um par.","breadcrumb":{"@id":"https:\/\/tinychat.com\/cammatch\/#breadcrumb"},"inLanguage":"pt-BR","potentialAction":[{"@type":"ReadAction","target":["https:\/\/tinychat.com\/cammatch\/"]}]},{"@type":"BreadcrumbList","@id":"https:\/\/tinychat.com\/cammatch\/#breadcrumb","itemListElement":[{"@type":"ListItem","position":1,"name":"Home","item":"https:\/\/tinychat.com\/"},{"@type":"ListItem","position":2,"name":"Cammatch"}]},{"@type":"WebSite","@id":"https:\/\/tinychat.com\/#website","url":"https:\/\/tinychat.com\/","name":"TinyChat","description":"Bate-papo por v\u00eddeo aleat\u00f3rio com estranhos","publisher":{"@id":"https:\/\/tinychat.com\/#organization"},"alternateName":"TinyChat.com","potentialAction":[{"@type":"SearchAction","target":{"@type":"EntryPoint","urlTemplate":"https:\/\/tinychat.com\/?s={search_term_string}"},"query-input":{"@type":"PropertyValueSpecification","valueRequired":true,"valueName":"search_term_string"}}],"inLanguage":"pt-BR"},{"@type":"Organization","@id":"https:\/\/tinychat.com\/#organization","name":"TinyChat","alternateName":"TinyChat.com","url":"https:\/\/tinychat.com\/","logo":{"@type":"ImageObject","inLanguage":"pt-BR","@id":"https:\/\/tinychat.com\/#\/schema\/logo\/image\/","url":"https:\/\/tinychat.com\/wp-content\/uploads\/2023\/11\/Tinychat-icon-square.png","contentUrl":"https:\/\/tinychat.com\/wp-content\/uploads\/2023\/11\/Tinychat-icon-square.png","width":284,"height":284,"caption":"TinyChat"},"image":{"@id":"https:\/\/tinychat.com\/#\/schema\/logo\/image\/"},"sameAs":["https:\/\/www.facebook.com\/tinychat","https:\/\/x.com\/tinychat"]}]}},"_links":{"self":[{"href":"https:\/\/tinychat.com\/pt-br\/wp-json\/wp\/v2\/pages\/11949","targetHints":{"allow":["GET"]}}],"collection":[{"href":"https:\/\/tinychat.com\/pt-br\/wp-json\/wp\/v2\/pages"}],"about":[{"href":"https:\/\/tinychat.com\/pt-br\/wp-json\/wp\/v2\/types\/page"}],"author":[{"embeddable":true,"href":"https:\/\/tinychat.com\/pt-br\/wp-json\/wp\/v2\/users\/6"}],"replies":[{"embeddable":true,"href":"https:\/\/tinychat.com\/pt-br\/wp-json\/wp\/v2\/comments?post=11949"}],"version-history":[{"count":3,"href":"https:\/\/tinychat.com\/pt-br\/wp-json\/wp\/v2\/pages\/11949\/revisions"}],"predecessor-version":[{"id":13346,"href":"https:\/\/tinychat.com\/pt-br\/wp-json\/wp\/v2\/pages\/11949\/revisions\/13346"}],"wp:attachment":[{"href":"https:\/\/tinychat.com\/pt-br\/wp-json\/wp\/v2\/media?parent=11949"}],"curies":[{"name":"wp","href":"https:\/\/api.w.org\/{rel}","templated":true}]}}