{"id":11954,"date":"2024-10-24T12:21:22","date_gmt":"2024-10-24T10:21:22","guid":{"rendered":"https:\/\/tinychat.com\/?page_id=11954"},"modified":"2025-06-12T10:28:41","modified_gmt":"2025-06-12T08:28:41","slug":"luckycrush","status":"publish","type":"page","link":"https:\/\/tinychat.com\/pt-br\/luckycrush\/","title":{"rendered":"LuckyCrush"},"content":{"rendered":"<p>Bate-papo aleat\u00f3rio por v\u00eddeo, um a um, exclusivamente entre homens e mulheres, com encontros instant\u00e2neos para conversas de flerte, divertidas e possivelmente rom\u00e2nticas. Ao contr\u00e1rio das plataformas tradicionais de bate-papo aleat\u00f3rio que conectam usu\u00e1rios independentemente do sexo, o LuckyCrush inverte a f\u00f3rmula - se voc\u00ea for homem, sempre estar\u00e1 conectado a uma mulher e vice-versa.<\/p>\n<p>Esse design deliberado faz com que o LuckyCrush seja uma das plataformas mais objetivas no espa\u00e7o de bate-papo aleat\u00f3rio. Com dezenas de milh\u00f5es de usu\u00e1rios em todo o mundo e uma reputa\u00e7\u00e3o cada vez maior de design limpo, combina\u00e7\u00e3o r\u00e1pida e alto envolvimento, \u00e9 f\u00e1cil ver por que tantas pessoas recorrem ao LuckyCrush quando procuram uma experi\u00eancia de v\u00eddeo aleat\u00f3rio mais focada em paquera.<\/p>\n<p>Nesta an\u00e1lise detalhada, exploraremos tudo o que voc\u00ea precisa saber sobre o LuckyCrush - como ele funciona, o que o torna diferente, como ele se compara a plataformas semelhantes e como obter o m\u00e1ximo de seus bate-papos.<\/p>\n<h2>O que \u00e9 o LuckyCrush?<\/h2>\n<p>O LuckyCrush \u00e9 uma plataforma internacional de bate-papo por v\u00eddeo aleat\u00f3rio que une homens e mulheres exclusivamente, e vice-versa. O site foi lan\u00e7ado em 2019 e rapidamente conquistou um p\u00fablico global ao atrair usu\u00e1rios que desejam bate-papos por v\u00eddeo r\u00e1pidos e an\u00f4nimos com o sexo oposto, sem configura\u00e7\u00e3o de perfil e sem salas p\u00fablicas.<\/p>\n<p>Ao contr\u00e1rio de sites como o Omegle ou o Chatroulette - em que voc\u00ea se conecta a qualquer pessoa, independentemente do g\u00eanero - o LuckyCrush usa um algoritmo para garantir sempre o pareamento de g\u00eaneros. Os homens s\u00f3 se relacionam com mulheres, e as mulheres s\u00f3 se relacionam com homens. \u00c9 essa simplicidade, combinada com uma interface de usu\u00e1rio otimizada e uma base de usu\u00e1rios global, que d\u00e1 ao LuckyCrush sua personalidade distinta.<\/p>\n<p>O teste da plataforma \u00e9 gratuito, mas funciona com um sistema de cr\u00e9dito para homens. As mulheres, por outro lado, podem usar o site de forma totalmente gratuita - um modelo de neg\u00f3cios criado para manter as propor\u00e7\u00f5es de g\u00eanero equilibradas e incentivar mais correspond\u00eancias aut\u00eanticas e de g\u00eanero oposto.<\/p>\n<h2>Principais recursos do LuckyCrush<\/h2>\n<p>O LuckyCrush \u00e9 \u00fanico em termos de fun\u00e7\u00e3o e design. Veja o que o diferencia:<\/p>\n<h3>1. Combina\u00e7\u00e3o baseada em g\u00eanero<\/h3>\n<p>O principal argumento de venda do LuckyCrush \u00e9 a filtragem de g\u00eanero por padr\u00e3o. Ele se conecta:<\/p>\n<ul>\n<li>Homens exclusivamente para mulheres<\/li>\n<li>Mulheres exclusivamente para homens<\/li>\n<\/ul>\n<p>Isso define instantaneamente o tom para flerte, romance ou brincadeiras amig\u00e1veis entre g\u00eaneros. Ele elimina o caos geralmente encontrado em plataformas de bate-papo mais gerais.<\/p>\n<h3>2. Bate-papo por v\u00eddeo aleat\u00f3rio individual<\/h3>\n<p>N\u00e3o h\u00e1 salas de grupo, nem op\u00e7\u00f5es somente de texto, nem f\u00f3runs an\u00f4nimos. Cada sess\u00e3o \u00e9 um bate-papo por v\u00eddeo privado, ao vivo e face a face com uma pessoa de cada vez.<\/p>\n<p>Se voc\u00ea n\u00e3o gostar da correspond\u00eancia, basta clicar em \"Next\" (Avan\u00e7ar) para passar para outra pessoa.<\/p>\n<h3>3. Correspond\u00eancia instant\u00e2nea - sem necessidade de registro<\/h3>\n<p>Voc\u00ea pode come\u00e7ar a conversar com apenas um clique. Sem endere\u00e7o de e-mail. Sem registro. Sem perfil. Essa abordagem sem atritos \u00e9 parte do sucesso do LuckyCrush - especialmente em dispositivos m\u00f3veis, onde os usu\u00e1rios esperam rapidez e facilidade.<\/p>\n<p>(Dito isso, a inscri\u00e7\u00e3o \u00e9 recomendada se voc\u00ea quiser ganhar cr\u00e9ditos gratuitos, acessar o hist\u00f3rico de bate-papo ou rastrear o uso).<\/p>\n<h3>4. Sistema baseado em cr\u00e9ditos (para homens)<\/h3>\n<p>O teste do LuckyCrush \u00e9 gratuito, mas os homens precisam usar cr\u00e9ditos para continuar conversando ap\u00f3s o per\u00edodo de teste. Os cr\u00e9ditos s\u00e3o comprados em pacotes, e cada segundo de bate-papo por v\u00eddeo consome uma pequena quantia.<\/p>\n<p>As mulheres, por outro lado, usam o site de forma totalmente gratuita, o que ajuda a garantir uma presen\u00e7a consistente de usu\u00e1rias reais.<\/p>\n<h3>5. Alcance global<\/h3>\n<p>O LuckyCrush tem usu\u00e1rios em mais de 100 pa\u00edses, com correspond\u00eancia autom\u00e1tica de regi\u00e3o para conversas locais mais r\u00e1pidas. Voc\u00ea tamb\u00e9m pode mudar para o bate-papo internacional para ter uma experi\u00eancia mais ampla.<\/p>\n<p>Essa vibra\u00e7\u00e3o internacional torna o LuckyCrush perfeito para:<\/p>\n<ul>\n<li>Flerte intercultural<\/li>\n<li>Praticar idiomas<\/li>\n<li>Descobrir novos sotaques e personalidades<\/li>\n<\/ul>\n<h3>6. Interface simples com forte suporte a dispositivos m\u00f3veis<\/h3>\n<p>O design \u00e9 limpo, otimizado para dispositivos m\u00f3veis e intuitivo:<\/p>\n<ul>\n<li>Interface de v\u00eddeo em tela cheia<\/li>\n<li>Caixa de bate-papo para texto, se necess\u00e1rio<\/li>\n<li>Tempos de carregamento r\u00e1pidos e distra\u00e7\u00f5es m\u00ednimas<\/li>\n<\/ul>\n<p>Seja no computador ou no celular, o LuckyCrush funciona perfeitamente.<\/p>\n<h2>Como usar o LuckyCrush<\/h2>\n<p>Usar o LuckyCrush \u00e9 r\u00e1pido e simples. Veja a seguir como come\u00e7ar:<\/p>\n<h3>Etapa 1: Visite o site<\/h3>\n<p>Acesse luckycrush.live em qualquer navegador. Ser\u00e1 solicitado que voc\u00ea escolha seu g\u00eanero.<\/p>\n<h3>Etapa 2: Conceda acesso \u00e0 webcam e ao microfone<\/h3>\n<p>Para usar a plataforma, \u00e9 necess\u00e1rio ativar a c\u00e2mera e o microfone. O site os utiliza exclusivamente para bate-papo por v\u00eddeo.<\/p>\n<h3>Etapa 3: Iniciar o bate-papo<\/h3>\n<p>Ap\u00f3s a correspond\u00eancia, sua sess\u00e3o de bate-papo come\u00e7a imediatamente. Voc\u00ea ver\u00e1 a outra pessoa em v\u00eddeo, e ela ver\u00e1 voc\u00ea. Voc\u00ea tamb\u00e9m pode digitar na caixa de bate-papo, se necess\u00e1rio.<\/p>\n<h3>Etapa 4: Clique em \"Next\" (Avan\u00e7ar) para pular<\/h3>\n<p>Quer tentar uma nova partida? Aperte o bot\u00e3o \"Next\" para trocar de parceiro instantaneamente.<\/p>\n<h3>Etapa 5: Gerenciar cr\u00e9ditos (somente homens)<\/h3>\n<p>Se voc\u00ea for um usu\u00e1rio do sexo masculino, sua avalia\u00e7\u00e3o gratuita terminar\u00e1 ap\u00f3s alguns minutos. Voc\u00ea precisar\u00e1 comprar cr\u00e9ditos para continuar usando o servi\u00e7o.<\/p>\n<h2>Experi\u00eancia do usu\u00e1rio no LuckyCrush<\/h2>\n<p>O LuckyCrush oferece uma das experi\u00eancias de usu\u00e1rio mais suaves e mais focadas na categoria de bate-papo aleat\u00f3rio. Ele n\u00e3o \u00e9 sobrecarregado com recursos desnecess\u00e1rios - a \u00eanfase est\u00e1 inteiramente na intera\u00e7\u00e3o face a face com algu\u00e9m do sexo oposto.<\/p>\n<h3>O que as pessoas amam<\/h3>\n<ul>\n<li>Acesso r\u00e1pido e f\u00e1cil<\/li>\n<li>Garantia de correspond\u00eancia de g\u00eanero<\/li>\n<li>Gratuito para mulheres<\/li>\n<li>Usu\u00e1rios reais - muito menos bots e trolls<\/li>\n<li>Design amig\u00e1vel para flertar sem ser exclusivo para adultos<\/li>\n<li>Interface de usu\u00e1rio refinada com excelente compatibilidade com dispositivos m\u00f3veis<\/li>\n<\/ul>\n<h3>O que poderia ser melhor<\/h3>\n<ul>\n<li>Os homens devem pagar ap\u00f3s um breve per\u00edodo de teste gratuito<\/li>\n<li>N\u00e3o h\u00e1 op\u00e7\u00e3o de bate-papo com pessoas do mesmo sexo<\/li>\n<li>N\u00e3o h\u00e1 correspond\u00eancia de interesses ou t\u00f3picos<\/li>\n<li>Ferramentas limitadas de seguran\u00e7a\/relat\u00f3rios durante a sess\u00e3o<\/li>\n<\/ul>\n<h2>Feedback real do usu\u00e1rio<\/h2>\n<blockquote><p>\"Muito melhor que o Omegle. Pelo menos eu sei que sempre estou em contato com uma mulher de verdade. Vale a pena os cr\u00e9ditos se voc\u00ea estiver falando s\u00e9rio.\"<br \/>\n- <em>Eric S., Google Play<\/em><\/p><\/blockquote>\n<blockquote><p>\"Tive \u00f3timos bate-papos - \u00e9 legal que as partidas sejam sempre entre homens e mulheres. Parece menos aleat\u00f3rio, de uma maneira boa.\"<br \/>\n- <em>Laura G., Sitejabber<\/em><\/p><\/blockquote>\n<blockquote><p>\"Eles precisam de mais recursos, como amigos salvos, mas funciona muito bem para bate-papos r\u00e1pidos e divertidos.\"<br \/>\n- <em>Dan V., Reddit<\/em><\/p><\/blockquote>\n<h2>LuckyCrush vs. outras plataformas de bate-papo por v\u00eddeo<\/h2>\n<p>Veja como o LuckyCrush se compara a outros grandes nomes do setor:<\/p>\n<table>\n<thead>\n<tr>\n<th>Recurso<\/th>\n<th>LuckyCrush<\/th>\n<th>Omegle<\/th>\n<th>ChatHub<\/th>\n<th>Emerald Chat<\/th>\n<th>Thundr<\/th>\n<\/tr>\n<\/thead>\n<tbody>\n<tr>\n<td>Emparelhamento de g\u00eanero<\/td>\n<td>\u2705 Garantido<\/td>\n<td>Aleat\u00f3rio<\/td>\n<td>\u2705 Premium<\/td>\n<td>Baseado no carma<\/td>\n<td>\u2705 Premium<\/td>\n<\/tr>\n<tr>\n<td>Bate-papo por v\u00eddeo<\/td>\n<td>\u2705 Sim<\/td>\n<td>\u2705 Sim<\/td>\n<td>\u2705 Sim<\/td>\n<td>\u2705 Sim<\/td>\n<td>\u2705 Sim<\/td>\n<\/tr>\n<tr>\n<td>Gratuito para mulheres<\/td>\n<td>\u2705 Sim<\/td>\n<td>\u2705 Sim<\/td>\n<td>\u2705 Sim<\/td>\n<td>\u2705 Sim<\/td>\n<td>\u2705 Sim<\/td>\n<\/tr>\n<tr>\n<td>Uso an\u00f4nimo<\/td>\n<td>\u2705 Sim<\/td>\n<td>\u2705 Sim<\/td>\n<td>\u2705 Sim<\/td>\n<td>\u2705 Opcional<\/td>\n<td>\u2705 Sim<\/td>\n<\/tr>\n<tr>\n<td>Otimizado para celular<\/td>\n<td>Excelente<\/td>\n<td>\u26a0\ufe0f Misto<\/td>\n<td>Bom<\/td>\n<td>Bom<\/td>\n<td>Excelente<\/td>\n<\/tr>\n<tr>\n<td>Correspond\u00eancia de juros<\/td>\n<td>\u274c N\u00e3o<\/td>\n<td>\u2705 Sim<\/td>\n<td>\u274c N\u00e3o<\/td>\n<td>\u2705 Sim<\/td>\n<td>\u274c N\u00e3o<\/td>\n<\/tr>\n<tr>\n<td>Sistema de cr\u00e9dito (uso pago)<\/td>\n<td>Para homens<\/td>\n<td>\u274c N\u00e3o<\/td>\n<td>\u274c N\u00e3o<\/td>\n<td>\u274c N\u00e3o<\/td>\n<td>\u274c N\u00e3o<\/td>\n<\/tr>\n<tr>\n<td>UI sem adultos<\/td>\n<td>\u2705 Sim<\/td>\n<td>\u26a0\ufe0f N\u00e3o \u00e9 seguro<\/td>\n<td>\u2705 Sim<\/td>\n<td>\u2705 Sim<\/td>\n<td>\u2705 Sim<\/td>\n<\/tr>\n<\/tbody>\n<\/table>\n<p>Resumo: O LuckyCrush vence em exclusividade de g\u00eanero oposto, qualidade do usu\u00e1rio e uma experi\u00eancia focada em paquera. N\u00e3o \u00e9 a plataforma mais personaliz\u00e1vel, mas \u00e9 uma das mais desenvolvidas para paqueras simples, an\u00f4nimas e baseadas em v\u00eddeo.<\/p>\n<h2>O LuckyCrush \u00e9 seguro?<\/h2>\n<p>O LuckyCrush oferece mais seguran\u00e7a do que a maioria dos sites de bate-papo por v\u00eddeo aleat\u00f3rios, mas ainda \u00e9 um ambiente regulado pelo usu\u00e1rio, portanto, a discri\u00e7\u00e3o \u00e9 essencial.<\/p>\n<h3>Pontos positivos de seguran\u00e7a<\/h3>\n<ul>\n<li>Os bate-papos individuais reduzem o trolling<\/li>\n<li>A exclusividade de g\u00eanero cria um melhor equil\u00edbrio comportamental<\/li>\n<li>Sem salas p\u00fablicas<\/li>\n<li>Sem armazenamento permanente de dados<\/li>\n<li>Conex\u00f5es criptografadas<\/li>\n<\/ul>\n<h3>Limita\u00e7\u00f5es<\/h3>\n<ul>\n<li>N\u00e3o h\u00e1 modera\u00e7\u00e3o em tempo real em todos os bate-papos<\/li>\n<li>Nenhum bot\u00e3o de relat\u00f3rio vis\u00edvel durante as chamadas<\/li>\n<li>Nenhuma verifica\u00e7\u00e3o de idade al\u00e9m do sistema de honra do usu\u00e1rio<\/li>\n<\/ul>\n<h2>Dicas para usar o LuckyCrush de forma eficaz<\/h2>\n<ul>\n<li>Use fones de ouvido para obter melhor som e privacidade<\/li>\n<li>Pule rapidamente se a conversa n\u00e3o for do seu agrado<\/li>\n<li>Evite compartilhar informa\u00e7\u00f5es pessoais (redes sociais, e-mail, etc.)<\/li>\n<li>Mantenha a c\u00e2mera no n\u00edvel dos olhos e com boa ilumina\u00e7\u00e3o<\/li>\n<li>Mulheres: Experimente hor\u00e1rios diferentes do dia para jogos internacionais<\/li>\n<li>Homens: Use seus cr\u00e9ditos gratuitos para testar antes de comprar<\/li>\n<\/ul>\n<h2>Solu\u00e7\u00e3o de problemas comuns<\/h2>\n<h3>N\u00e3o \u00e9 poss\u00edvel acessar a c\u00e2mera<\/h3>\n<p>Verifique se o seu navegador tem permiss\u00e3o para uso da c\u00e2mera\/microfone. Feche outros aplicativos que possam estar usando a c\u00e2mera.<\/p>\n<h3>Atraso ou qualidade de v\u00eddeo ruim<\/h3>\n<p>Mude para uma conex\u00e3o Wi-Fi est\u00e1vel. Feche as guias em segundo plano ou troque de navegador.<\/p>\n<h3>Nenhuma correspond\u00eancia encontrada<\/h3>\n<p>Tente nos hor\u00e1rios de pico (noites\/finais de semana). A demanda pode ser regional; mudar para global pode ajudar.<\/p>\n<h3>Cr\u00e9ditos esgotados<\/h3>\n<p>Registre-se para ganhar cr\u00e9ditos gratuitos ou compre um pacote para continuar conversando.<\/p>\n<p>O LuckyCrush n\u00e3o est\u00e1 tentando ser um site de namoro ou um centro de amizade. Ele est\u00e1 aqui para lhe proporcionar conversas privadas e individuais por v\u00eddeo, que s\u00e3o espont\u00e2neas, seguras e, por padr\u00e3o, n\u00e3o t\u00eam distin\u00e7\u00e3o de g\u00eanero.<\/p>\n<p>Com milh\u00f5es de usu\u00e1rios, uma interface suave e um algoritmo de pareamento de g\u00eanero que oferece o que a maioria dos usu\u00e1rios de bate-papo aleat\u00f3rio realmente deseja, o LuckyCrush atende a uma demanda clara e crescente.<\/p>\n<p>Esse n\u00e3o \u00e9 o lugar para longas biografias ou para um matchmaking profundo - o que importa \u00e9 a conex\u00e3o ao vivo no momento.<\/p>\n<p>Portanto, se voc\u00ea estiver procurando o pr\u00f3ximo passo al\u00e9m do Omegle ou Chatroulette e estiver cansado de spam, bots ou de n\u00e3o saber com quem vai combinar, d\u00ea uma chance ao LuckyCrush.<\/p>\n<p>Visite luckycrush.live e comece a conversar instantaneamente - sem registro, sem julgamento, apenas pessoas reais, atra\u00e7\u00e3o real, tempo real.<\/p>","protected":false},"excerpt":{"rendered":"<p>Random one-on-one video chat exclusively between men and women, matched instantly for flirty, fun, and possibly romantic conversations. Unlike traditional random chat platforms that connect users regardless of gender, LuckyCrush flips the formula \u2014 if you\u2019re a man, you\u2019ll always be connected to a woman, and vice versa. That deliberate design makes LuckyCrush one of [&hellip;]<\/p>\n","protected":false},"author":6,"featured_media":0,"parent":0,"menu_order":0,"comment_status":"closed","ping_status":"closed","template":"","meta":{"footnotes":""},"class_list":["post-11954","page","type-page","status-publish","hentry"],"yoast_head":"<!-- This site is optimized with the Yoast SEO plugin v27.4 - https:\/\/yoast.com\/product\/yoast-seo-wordpress\/ -->\n<title>LuckyCrush - Online Video Chat Website with Girls - TinyChat.com<\/title>\n<meta name=\"description\" content=\"Enjoying LuckyCrush? Join over 50,000,000 strangers on TinyChat! Turn on your cam and start meeting new people, or find a match.\" \/>\n<meta name=\"robots\" content=\"index, follow, max-snippet:-1, max-image-preview:large, max-video-preview:-1\" \/>\n<link rel=\"canonical\" href=\"https:\/\/tinychat.com\/pt-br\/luckycrush\/\" \/>\n<meta property=\"og:locale\" content=\"pt_BR\" \/>\n<meta property=\"og:type\" content=\"article\" \/>\n<meta property=\"og:title\" content=\"LuckyCrush - Online Video Chat Website with Girls - TinyChat.com\" \/>\n<meta property=\"og:description\" content=\"Enjoying LuckyCrush? Join over 50,000,000 strangers on TinyChat! Turn on your cam and start meeting new people, or find a match.\" \/>\n<meta property=\"og:url\" content=\"https:\/\/tinychat.com\/pt-br\/luckycrush\/\" \/>\n<meta property=\"og:site_name\" content=\"TinyChat\" \/>\n<meta property=\"article:publisher\" content=\"https:\/\/www.facebook.com\/tinychat\" \/>\n<meta property=\"article:modified_time\" content=\"2025-06-12T08:28:41+00:00\" \/>\n<meta property=\"og:image\" content=\"https:\/\/tinychat.com\/wp-content\/uploads\/2020\/04\/Tinychat-logo-1280x284-new-black.png\" \/>\n\t<meta property=\"og:image:width\" content=\"1280\" \/>\n\t<meta property=\"og:image:height\" content=\"284\" \/>\n\t<meta property=\"og:image:type\" content=\"image\/png\" \/>\n<meta name=\"twitter:card\" content=\"summary_large_image\" \/>\n<meta name=\"twitter:site\" content=\"@tinychat\" \/>\n<meta name=\"twitter:label1\" content=\"Est. tempo de leitura\" \/>\n\t<meta name=\"twitter:data1\" content=\"6 minutos\" \/>\n<script type=\"application\/ld+json\" class=\"yoast-schema-graph\">{\"@context\":\"https:\\\/\\\/schema.org\",\"@graph\":[{\"@type\":\"WebPage\",\"@id\":\"https:\\\/\\\/tinychat.com\\\/luckycrush\\\/\",\"url\":\"https:\\\/\\\/tinychat.com\\\/luckycrush\\\/\",\"name\":\"LuckyCrush - Online Video Chat Website with Girls - TinyChat.com\",\"isPartOf\":{\"@id\":\"https:\\\/\\\/tinychat.com\\\/#website\"},\"datePublished\":\"2024-10-24T10:21:22+00:00\",\"dateModified\":\"2025-06-12T08:28:41+00:00\",\"description\":\"Enjoying LuckyCrush? Join over 50,000,000 strangers on TinyChat! Turn on your cam and start meeting new people, or find a match.\",\"breadcrumb\":{\"@id\":\"https:\\\/\\\/tinychat.com\\\/luckycrush\\\/#breadcrumb\"},\"inLanguage\":\"pt-BR\",\"potentialAction\":[{\"@type\":\"ReadAction\",\"target\":[\"https:\\\/\\\/tinychat.com\\\/luckycrush\\\/\"]}]},{\"@type\":\"BreadcrumbList\",\"@id\":\"https:\\\/\\\/tinychat.com\\\/luckycrush\\\/#breadcrumb\",\"itemListElement\":[{\"@type\":\"ListItem\",\"position\":1,\"name\":\"Home\",\"item\":\"https:\\\/\\\/tinychat.com\\\/\"},{\"@type\":\"ListItem\",\"position\":2,\"name\":\"LuckyCrush\"}]},{\"@type\":\"WebSite\",\"@id\":\"https:\\\/\\\/tinychat.com\\\/#website\",\"url\":\"https:\\\/\\\/tinychat.com\\\/\",\"name\":\"TinyChat\",\"description\":\"Random Video Chat with Strangers\",\"publisher\":{\"@id\":\"https:\\\/\\\/tinychat.com\\\/#organization\"},\"alternateName\":\"TinyChat.com\",\"potentialAction\":[{\"@type\":\"SearchAction\",\"target\":{\"@type\":\"EntryPoint\",\"urlTemplate\":\"https:\\\/\\\/tinychat.com\\\/?s={search_term_string}\"},\"query-input\":{\"@type\":\"PropertyValueSpecification\",\"valueRequired\":true,\"valueName\":\"search_term_string\"}}],\"inLanguage\":\"pt-BR\"},{\"@type\":\"Organization\",\"@id\":\"https:\\\/\\\/tinychat.com\\\/#organization\",\"name\":\"TinyChat\",\"alternateName\":\"TinyChat.com\",\"url\":\"https:\\\/\\\/tinychat.com\\\/\",\"logo\":{\"@type\":\"ImageObject\",\"inLanguage\":\"pt-BR\",\"@id\":\"https:\\\/\\\/tinychat.com\\\/#\\\/schema\\\/logo\\\/image\\\/\",\"url\":\"https:\\\/\\\/tinychat.com\\\/wp-content\\\/uploads\\\/2023\\\/11\\\/Tinychat-icon-square.png\",\"contentUrl\":\"https:\\\/\\\/tinychat.com\\\/wp-content\\\/uploads\\\/2023\\\/11\\\/Tinychat-icon-square.png\",\"width\":284,\"height\":284,\"caption\":\"TinyChat\"},\"image\":{\"@id\":\"https:\\\/\\\/tinychat.com\\\/#\\\/schema\\\/logo\\\/image\\\/\"},\"sameAs\":[\"https:\\\/\\\/www.facebook.com\\\/tinychat\",\"https:\\\/\\\/x.com\\\/tinychat\"]}]}<\/script>\n<!-- \/ Yoast SEO plugin. -->","yoast_head_json":{"title":"LuckyCrush - Site de bate-papo por v\u00eddeo on-line com garotas - TinyChat.com","description":"Est\u00e1 gostando do LuckyCrush? Junte-se a mais de 50.000.000 de estranhos no TinyChat! Ligue sua c\u00e2mera e comece a conhecer novas pessoas ou encontre um par.","robots":{"index":"index","follow":"follow","max-snippet":"max-snippet:-1","max-image-preview":"max-image-preview:large","max-video-preview":"max-video-preview:-1"},"canonical":"https:\/\/tinychat.com\/pt-br\/luckycrush\/","og_locale":"pt_BR","og_type":"article","og_title":"LuckyCrush - Online Video Chat Website with Girls - TinyChat.com","og_description":"Enjoying LuckyCrush? Join over 50,000,000 strangers on TinyChat! Turn on your cam and start meeting new people, or find a match.","og_url":"https:\/\/tinychat.com\/pt-br\/luckycrush\/","og_site_name":"TinyChat","article_publisher":"https:\/\/www.facebook.com\/tinychat","article_modified_time":"2025-06-12T08:28:41+00:00","og_image":[{"width":1280,"height":284,"url":"https:\/\/tinychat.com\/wp-content\/uploads\/2020\/04\/Tinychat-logo-1280x284-new-black.png","type":"image\/png"}],"twitter_card":"summary_large_image","twitter_site":"@tinychat","twitter_misc":{"Est. tempo de leitura":"6 minutos"},"schema":{"@context":"https:\/\/schema.org","@graph":[{"@type":"WebPage","@id":"https:\/\/tinychat.com\/luckycrush\/","url":"https:\/\/tinychat.com\/luckycrush\/","name":"LuckyCrush - Site de bate-papo por v\u00eddeo on-line com garotas - TinyChat.com","isPartOf":{"@id":"https:\/\/tinychat.com\/#website"},"datePublished":"2024-10-24T10:21:22+00:00","dateModified":"2025-06-12T08:28:41+00:00","description":"Est\u00e1 gostando do LuckyCrush? Junte-se a mais de 50.000.000 de estranhos no TinyChat! Ligue sua c\u00e2mera e comece a conhecer novas pessoas ou encontre um par.","breadcrumb":{"@id":"https:\/\/tinychat.com\/luckycrush\/#breadcrumb"},"inLanguage":"pt-BR","potentialAction":[{"@type":"ReadAction","target":["https:\/\/tinychat.com\/luckycrush\/"]}]},{"@type":"BreadcrumbList","@id":"https:\/\/tinychat.com\/luckycrush\/#breadcrumb","itemListElement":[{"@type":"ListItem","position":1,"name":"Home","item":"https:\/\/tinychat.com\/"},{"@type":"ListItem","position":2,"name":"LuckyCrush"}]},{"@type":"WebSite","@id":"https:\/\/tinychat.com\/#website","url":"https:\/\/tinychat.com\/","name":"TinyChat","description":"Bate-papo por v\u00eddeo aleat\u00f3rio com estranhos","publisher":{"@id":"https:\/\/tinychat.com\/#organization"},"alternateName":"TinyChat.com","potentialAction":[{"@type":"SearchAction","target":{"@type":"EntryPoint","urlTemplate":"https:\/\/tinychat.com\/?s={search_term_string}"},"query-input":{"@type":"PropertyValueSpecification","valueRequired":true,"valueName":"search_term_string"}}],"inLanguage":"pt-BR"},{"@type":"Organization","@id":"https:\/\/tinychat.com\/#organization","name":"TinyChat","alternateName":"TinyChat.com","url":"https:\/\/tinychat.com\/","logo":{"@type":"ImageObject","inLanguage":"pt-BR","@id":"https:\/\/tinychat.com\/#\/schema\/logo\/image\/","url":"https:\/\/tinychat.com\/wp-content\/uploads\/2023\/11\/Tinychat-icon-square.png","contentUrl":"https:\/\/tinychat.com\/wp-content\/uploads\/2023\/11\/Tinychat-icon-square.png","width":284,"height":284,"caption":"TinyChat"},"image":{"@id":"https:\/\/tinychat.com\/#\/schema\/logo\/image\/"},"sameAs":["https:\/\/www.facebook.com\/tinychat","https:\/\/x.com\/tinychat"]}]}},"_links":{"self":[{"href":"https:\/\/tinychat.com\/pt-br\/wp-json\/wp\/v2\/pages\/11954","targetHints":{"allow":["GET"]}}],"collection":[{"href":"https:\/\/tinychat.com\/pt-br\/wp-json\/wp\/v2\/pages"}],"about":[{"href":"https:\/\/tinychat.com\/pt-br\/wp-json\/wp\/v2\/types\/page"}],"author":[{"embeddable":true,"href":"https:\/\/tinychat.com\/pt-br\/wp-json\/wp\/v2\/users\/6"}],"replies":[{"embeddable":true,"href":"https:\/\/tinychat.com\/pt-br\/wp-json\/wp\/v2\/comments?post=11954"}],"version-history":[{"count":3,"href":"https:\/\/tinychat.com\/pt-br\/wp-json\/wp\/v2\/pages\/11954\/revisions"}],"predecessor-version":[{"id":13218,"href":"https:\/\/tinychat.com\/pt-br\/wp-json\/wp\/v2\/pages\/11954\/revisions\/13218"}],"wp:attachment":[{"href":"https:\/\/tinychat.com\/pt-br\/wp-json\/wp\/v2\/media?parent=11954"}],"curies":[{"name":"wp","href":"https:\/\/api.w.org\/{rel}","templated":true}]}}