{"id":12021,"date":"2025-08-07T10:51:13","date_gmt":"2025-08-07T08:51:13","guid":{"rendered":"https:\/\/tinychat.com\/?page_id=12021"},"modified":"2025-08-07T10:56:26","modified_gmt":"2025-08-07T08:56:26","slug":"omegle-alternative","status":"publish","type":"page","link":"https:\/\/tinychat.com\/pt-br\/omegle-alternative\/","title":{"rendered":"Omegle Alternativa"},"content":{"rendered":"<p>Durante anos, o Omegle foi a plataforma ideal para quem queria se conectar instantaneamente com estranhos por meio de texto ou v\u00eddeo. Sua simplicidade e espontaneidade mudaram a forma como milh\u00f5es de pessoas fizeram novos amigos on-line. Mas, \u00e0 medida que o mundo do bate-papo por v\u00eddeo aleat\u00f3rio evoluiu, tamb\u00e9m evolu\u00edram as expectativas dos usu\u00e1rios - e agora, muitas pessoas est\u00e3o procurando uma alternativa mais segura e envolvente para o Omegle.<\/p>\n<p>Se voc\u00ea est\u00e1 cansado de bots, busca mais recursos ou simplesmente quer uma plataforma que pare\u00e7a mais com uma comunidade, h\u00e1 dezenas de alternativas ao Omegle dispon\u00edveis atualmente. Entre elas, o TinyChat se destaca como uma das melhores - oferecendo um espa\u00e7o mais rico, mais interativo e mais seguro para conversas reais. Veja por qu\u00ea.<\/p>\n<h2>Por que procurar uma alternativa para o Omegle?<\/h2>\n<p>O Omegle abriu novos caminhos, mas n\u00e3o est\u00e1 isento de falhas. Veja por que tantos usu\u00e1rios est\u00e3o agora em busca da melhor alternativa ao Omegle:<\/p>\n<ul>\n<li>Falta de modera\u00e7\u00e3o: O Omegle tornou-se famoso por bots, spam e conte\u00fado inadequado.<\/li>\n<li>Nenhuma comunidade real: A maioria das conversas \u00e9 passageira, com pouca oportunidade de se conectar al\u00e9m do momento.<\/li>\n<li>Recursos limitados: Sem salas de bate-papo em grupo, suporte m\u00f3vel deficiente e pouqu\u00edssimas op\u00e7\u00f5es de personaliza\u00e7\u00e3o.<\/li>\n<li>Preocupa\u00e7\u00f5es com a seguran\u00e7a: Sem controles de usu\u00e1rio robustos e ferramentas de den\u00fancia, muitos usu\u00e1rios (especialmente mulheres e pessoas mais jovens) se sentem inseguros.<\/li>\n<li>N\u00e3o h\u00e1 bate-papos tem\u00e1ticos: \u00c9 dif\u00edcil encontrar pessoas que compartilhem seus interesses ou que queiram conversar sobre algo espec\u00edfico.<\/li>\n<\/ul>\n<p>\u00c9 por isso que plataformas como a TinyChat cresceram em popularidade, oferecendo tudo o que falta \u00e0 Omegle - e muito mais.<\/p>\n<h2>O que torna uma alternativa excelente ao Omegle?<\/h2>\n<p>Nem todas as plataformas de bate-papo por v\u00eddeo aleat\u00f3rio s\u00e3o criadas da mesma forma. As melhores alternativas ao Omegle oferecem:<\/p>\n<ul>\n<li>Ferramentas mais robustas de modera\u00e7\u00e3o e gera\u00e7\u00e3o de relat\u00f3rios<\/li>\n<li>V\u00e1rios formatos de bate-papo: texto, voz e v\u00eddeo, tanto privados quanto em grupo<\/li>\n<li>Salas e comunidades baseadas em t\u00f3picos<\/li>\n<li>Aplicativos m\u00f3veis e suporte para v\u00e1rias plataformas<\/li>\n<li>Personaliza\u00e7\u00e3o e controle do usu\u00e1rio<\/li>\n<li>Uma base de usu\u00e1rios ativa e acolhedora<\/li>\n<\/ul>\n<p>O TinyChat preenche todos esses requisitos e vai al\u00e9m.<\/p>\n<h2>TinyChat: A melhor alternativa ao Omegle para conversas reais<\/h2>\n<p>O TinyChat tem sido um dos pilares do bate-papo on-line h\u00e1 anos, mas recentemente se reimaginou como uma alternativa l\u00edder no Omegle - combinando a espontaneidade do bate-papo aleat\u00f3rio com a profundidade e a seguran\u00e7a de uma comunidade on-line real.<\/p>\n<h3>O que diferencia o TinyChat?<\/h3>\n<h4>1. Salas de bate-papo por v\u00eddeo privadas e em grupo<\/h4>\n<p>Ao contr\u00e1rio do pareamento aleat\u00f3rio individual do Omegle, o TinyChat permite que voc\u00ea entre em salas de bate-papo por v\u00eddeo p\u00fablicas ou privadas com base em t\u00f3picos, interesses ou at\u00e9 mesmo geografia. Quer falar sobre m\u00fasica, jogos, namoro, sa\u00fade mental ou simplesmente relaxar com novos amigos? H\u00e1 uma sala para isso.<\/p>\n<h4>2. Experi\u00eancia mais segura e moderada<\/h4>\n<p>O TinyChat usa modera\u00e7\u00e3o ativa e ferramentas de den\u00fancia de usu\u00e1rios para manter as coisas amig\u00e1veis e seguras. \u00c9 muito menos prov\u00e1vel que voc\u00ea se depare com bots, trolls ou conte\u00fado expl\u00edcito em compara\u00e7\u00e3o com o Omegle.<\/p>\n<h4>3. Texto, voz e v\u00eddeo - sua escolha<\/h4>\n<p>Quer voc\u00ea esteja pronto para usar a c\u00e2mera ou queira apenas conversar por texto ou \u00e1udio, o TinyChat oferece as tr\u00eas op\u00e7\u00f5es. Voc\u00ea controla como se conectar e pode entrar em salas com o formato de sua prefer\u00eancia.<\/p>\n<h4>4. N\u00e3o \u00e9 necess\u00e1rio registro para come\u00e7ar<\/h4>\n<p>Voc\u00ea pode entrar diretamente em uma sala de bate-papo como convidado ou se inscrever para obter mais recursos e criar suas pr\u00f3prias salas.<\/p>\n<h4>5. Vibe da comunidade<\/h4>\n<p>O TinyChat n\u00e3o \u00e9 apenas um local para bate-papos r\u00e1pidos. Muitos usu\u00e1rios fazem amigos de verdade, formam grupos baseados em interesses e at\u00e9 organizam eventos. \u00c9 uma comunidade viva, que respira - algo que o Omegle simplesmente n\u00e3o pode oferecer.<\/p>\n<h4>6. Suporte a v\u00e1rias plataformas<\/h4>\n<p>O TinyChat est\u00e1 dispon\u00edvel na Web, iOS e Android - para que voc\u00ea possa se conectar em qualquer lugar, de qualquer dispositivo.<\/p>\n<h2>Como o TinyChat se compara a outras alternativas de Omegle?<\/h2>\n<table>\n<thead>\n<tr>\n<th>Recurso<\/th>\n<th>TinyChat<\/th>\n<th>Omegle<\/th>\n<th>Chatroulette<\/th>\n<th>Chatspin<\/th>\n<th>Camsurf<\/th>\n<\/tr>\n<\/thead>\n<tbody>\n<tr>\n<td>Salas de bate-papo com v\u00eddeo em grupo<\/td>\n<td>\u2705<\/td>\n<td>\u274c<\/td>\n<td>\u274c<\/td>\n<td>\u274c<\/td>\n<td>\u274c<\/td>\n<\/tr>\n<tr>\n<td>Salas de bate-papo tem\u00e1ticas\/t\u00f3picas<\/td>\n<td>\u2705<\/td>\n<td>\u274c<\/td>\n<td>\u274c<\/td>\n<td>\u2705<\/td>\n<td>\u274c<\/td>\n<\/tr>\n<tr>\n<td>Bate-papo por texto, voz e v\u00eddeo<\/td>\n<td>\u2705<\/td>\n<td>\u2705<\/td>\n<td>\u2705<\/td>\n<td>\u2705<\/td>\n<td>\u2705<\/td>\n<\/tr>\n<tr>\n<td>Forte modera\u00e7\u00e3o<\/td>\n<td>\u2705<\/td>\n<td>\u274c<\/td>\n<td>\u2705<\/td>\n<td>\u2705<\/td>\n<td>\u2705<\/td>\n<\/tr>\n<tr>\n<td>Aplicativos m\u00f3veis<\/td>\n<td>\u2705<\/td>\n<td>\u274c<\/td>\n<td>\u2705<\/td>\n<td>\u2705<\/td>\n<td>\u2705<\/td>\n<\/tr>\n<tr>\n<td>Comunidade e eventos<\/td>\n<td>\u2705<\/td>\n<td>\u274c<\/td>\n<td>\u274c<\/td>\n<td>\u274c<\/td>\n<td>\u274c<\/td>\n<\/tr>\n<tr>\n<td>N\u00e3o \u00e9 necess\u00e1rio se registrar<\/td>\n<td>\u2705<\/td>\n<td>\u2705<\/td>\n<td>\u2705<\/td>\n<td>\u2705<\/td>\n<td>\u2705<\/td>\n<\/tr>\n<\/tbody>\n<\/table>\n<p>Como voc\u00ea pode ver, o TinyChat oferece uma experi\u00eancia mais rica, mais personaliz\u00e1vel e mais segura do que a maioria das outras alternativas ao Omegle.<\/p>\n<h2>Por que os usu\u00e1rios adoram o TinyChat como uma alternativa ao Omegle<\/h2>\n<ul>\n<li>Mais controle sobre com quem voc\u00ea conversa: Escolha uma sala, participe de um grupo ou crie o seu pr\u00f3prio - n\u00e3o h\u00e1 mais a roleta do \"pr\u00f3ximo\".<\/li>\n<li>Conhe\u00e7a pessoas que compartilham seus interesses: De m\u00fasica e jogos a namoro e sa\u00fade mental, encontre seu p\u00fablico.<\/li>\n<li>Permane\u00e7a an\u00f4nimo ou crie um perfil: A escolha \u00e9 sua; a privacidade \u00e9 sempre respeitada.<\/li>\n<li>Envolva-se no seu ritmo: Observe primeiro, converse por texto ou v\u00e1 direto para o v\u00eddeo. O TinyChat se adapta ao seu n\u00edvel de conforto.<\/li>\n<li>Comunidade ativa e amig\u00e1vel: o TinyChat atrai pessoas que realmente querem conversar, n\u00e3o apenas ficar \u00e0 espreita ou trollar.<\/li>\n<\/ul>\n<h2>Dicas para obter o m\u00e1ximo do TinyChat<\/h2>\n<ul>\n<li>Explore diferentes salas: Experimente salas p\u00fablicas, privadas e tem\u00e1ticas at\u00e9 encontrar seus espa\u00e7os favoritos.<\/li>\n<li>N\u00e3o seja t\u00edmido: Muitos usu\u00e1rios come\u00e7am como observadores - participe quando se sentir confort\u00e1vel.<\/li>\n<li>Respeite os outros: Trate todos com gentileza e denuncie qualquer comportamento ruim.<\/li>\n<li>Use o v\u00eddeo quando estiver pronto: O bate-papo por v\u00eddeo \u00e9 uma \u00f3tima maneira de estabelecer conex\u00f5es reais, mas \u00e9 sempre opcional.<\/li>\n<li>Tente organizar sua pr\u00f3pria sala: Re\u00fana amigos ou desconhecidos para conversar sobre assuntos que voc\u00ea gosta.<\/li>\n<\/ul>\n<h2>Como se manter seguro no TinyChat e em outras alternativas ao Omegle<\/h2>\n<p>A maioria das pessoas est\u00e1 on-line para se divertir, se conectar e conversar, mas \u00e9 importante:<\/p>\n<ul>\n<li>Nunca compartilhe informa\u00e7\u00f5es pessoais (nome completo, endere\u00e7o, detalhes de contato) com estranhos.<\/li>\n<li>Use um apelido exclusivo ou o modo de convidado at\u00e9 que voc\u00ea se sinta confort\u00e1vel.<\/li>\n<li>Saia de qualquer sala ou bate-papo que o deixe desconfort\u00e1vel.<\/li>\n<li>Denuncie comportamentos inadequados - os moderadores ativos est\u00e3o \u00e0 disposi\u00e7\u00e3o para ajudar.<\/li>\n<li>Para adolescentes e usu\u00e1rios mais jovens: fique em salas apropriadas para a idade e leia todas as diretrizes de seguran\u00e7a.<\/li>\n<\/ul>\n<h2>Gratuito ou pago: Voc\u00ea precisa gastar dinheiro?<\/h2>\n<p>Os principais recursos do TinyChat, como entrar em salas, bater papo, v\u00eddeo e \u00e1udio, s\u00e3o gratuitos. H\u00e1 upgrades pagos para vantagens extras (como presentes virtuais ou personaliza\u00e7\u00e3o de perfil), mas voc\u00ea n\u00e3o precisa deles para aproveitar a experi\u00eancia principal. \u00c9 uma verdadeira alternativa gratuita ao Omegle.<\/p>\n<h2>Quando experimentar uma alternativa ao Omegle, como o TinyChat<\/h2>\n<ul>\n<li>Quando voc\u00ea quiser mais do que um bate-papo individual aleat\u00f3rio<\/li>\n<li>Se voc\u00ea valoriza a seguran\u00e7a, a modera\u00e7\u00e3o e a comunidade<\/li>\n<li>Para bate-papos, eventos ou conversas em grupo com base em interesses<\/li>\n<li>Quando voc\u00ea estiver entediado, solit\u00e1rio ou curioso para conhecer novas pessoas<\/li>\n<li>Para experimentar uma nova vibra\u00e7\u00e3o e uma comunidade on-line mais positiva<\/li>\n<\/ul>\n<p>Se estiver procurando uma alternativa ao Omegle que seja mais segura, mais divertida e verdadeiramente interativa, o TinyChat \u00e9 sua melhor aposta. Com suas salas de bate-papo animadas, modera\u00e7\u00e3o ativa e op\u00e7\u00f5es de bate-papo flex\u00edveis, \u00e9 o lugar perfeito para conhecer estranhos, fazer amigos e explorar novas comunidades - tudo isso mantendo o controle de sua experi\u00eancia.<\/p>\n<p>Pronto para subir de n\u00edvel em seu jogo de bate-papo on-line? Entre em uma sala do TinyChat hoje mesmo e descubra a maneira mais gratificante de se conectar com novas pessoas on-line!<\/p>","protected":false},"excerpt":{"rendered":"<p>For years, Omegle was the go-to platform for anyone looking to connect instantly with strangers via text or video. Its simplicity and spontaneity changed the way millions of people made new friends online. But as the world of random video chat has evolved, so have user expectations\u2014and now, many people are searching for a safer, [&hellip;]<\/p>\n","protected":false},"author":8,"featured_media":0,"parent":0,"menu_order":0,"comment_status":"closed","ping_status":"closed","template":"","meta":{"footnotes":""},"class_list":["post-12021","page","type-page","status-publish","hentry"],"yoast_head":"<!-- This site is optimized with the Yoast SEO plugin v27.5 - https:\/\/yoast.com\/product\/yoast-seo-wordpress\/ -->\n<title>Omegle Alternative with Video Chat on TinyChat.com<\/title>\n<meta name=\"description\" content=\"Enjoying Omegle Alternative? Join over 50,000,000 strangers on TinyChat! Turn on your cam and start meeting new people, or find a match.\" \/>\n<meta name=\"robots\" content=\"index, follow, max-snippet:-1, max-image-preview:large, max-video-preview:-1\" \/>\n<link rel=\"canonical\" href=\"https:\/\/tinychat.com\/pt-br\/omegle-alternative\/\" \/>\n<meta property=\"og:locale\" content=\"pt_BR\" \/>\n<meta property=\"og:type\" content=\"article\" \/>\n<meta property=\"og:title\" content=\"Omegle Alternative with Video Chat on TinyChat.com\" \/>\n<meta property=\"og:description\" content=\"Enjoying Omegle Alternative? Join over 50,000,000 strangers on TinyChat! Turn on your cam and start meeting new people, or find a match.\" \/>\n<meta property=\"og:url\" content=\"https:\/\/tinychat.com\/pt-br\/omegle-alternative\/\" \/>\n<meta property=\"og:site_name\" content=\"TinyChat\" \/>\n<meta property=\"article:publisher\" content=\"https:\/\/www.facebook.com\/tinychat\" \/>\n<meta property=\"article:modified_time\" content=\"2025-08-07T08:56:26+00:00\" \/>\n<meta property=\"og:image\" content=\"https:\/\/tinychat.com\/wp-content\/uploads\/2020\/04\/Tinychat-logo-1280x284-new-black.png\" \/>\n\t<meta property=\"og:image:width\" content=\"1280\" \/>\n\t<meta property=\"og:image:height\" content=\"284\" \/>\n\t<meta property=\"og:image:type\" content=\"image\/png\" \/>\n<meta name=\"twitter:card\" content=\"summary_large_image\" \/>\n<meta name=\"twitter:site\" content=\"@tinychat\" \/>\n<meta name=\"twitter:label1\" content=\"Est. tempo de leitura\" \/>\n\t<meta name=\"twitter:data1\" content=\"5 minutos\" \/>\n<script type=\"application\/ld+json\" class=\"yoast-schema-graph\">{\"@context\":\"https:\\\/\\\/schema.org\",\"@graph\":[{\"@type\":\"WebPage\",\"@id\":\"https:\\\/\\\/tinychat.com\\\/omegle-alternative\\\/\",\"url\":\"https:\\\/\\\/tinychat.com\\\/omegle-alternative\\\/\",\"name\":\"Omegle Alternative with Video Chat on TinyChat.com\",\"isPartOf\":{\"@id\":\"https:\\\/\\\/tinychat.com\\\/#website\"},\"datePublished\":\"2025-08-07T08:51:13+00:00\",\"dateModified\":\"2025-08-07T08:56:26+00:00\",\"description\":\"Enjoying Omegle Alternative? Join over 50,000,000 strangers on TinyChat! Turn on your cam and start meeting new people, or find a match.\",\"breadcrumb\":{\"@id\":\"https:\\\/\\\/tinychat.com\\\/omegle-alternative\\\/#breadcrumb\"},\"inLanguage\":\"pt-BR\",\"potentialAction\":[{\"@type\":\"ReadAction\",\"target\":[\"https:\\\/\\\/tinychat.com\\\/omegle-alternative\\\/\"]}]},{\"@type\":\"BreadcrumbList\",\"@id\":\"https:\\\/\\\/tinychat.com\\\/omegle-alternative\\\/#breadcrumb\",\"itemListElement\":[{\"@type\":\"ListItem\",\"position\":1,\"name\":\"Home\",\"item\":\"https:\\\/\\\/tinychat.com\\\/\"},{\"@type\":\"ListItem\",\"position\":2,\"name\":\"Omegle Alternative\"}]},{\"@type\":\"WebSite\",\"@id\":\"https:\\\/\\\/tinychat.com\\\/#website\",\"url\":\"https:\\\/\\\/tinychat.com\\\/\",\"name\":\"TinyChat\",\"description\":\"Random Video Chat with Strangers\",\"publisher\":{\"@id\":\"https:\\\/\\\/tinychat.com\\\/#organization\"},\"alternateName\":\"TinyChat.com\",\"potentialAction\":[{\"@type\":\"SearchAction\",\"target\":{\"@type\":\"EntryPoint\",\"urlTemplate\":\"https:\\\/\\\/tinychat.com\\\/?s={search_term_string}\"},\"query-input\":{\"@type\":\"PropertyValueSpecification\",\"valueRequired\":true,\"valueName\":\"search_term_string\"}}],\"inLanguage\":\"pt-BR\"},{\"@type\":\"Organization\",\"@id\":\"https:\\\/\\\/tinychat.com\\\/#organization\",\"name\":\"TinyChat\",\"alternateName\":\"TinyChat.com\",\"url\":\"https:\\\/\\\/tinychat.com\\\/\",\"logo\":{\"@type\":\"ImageObject\",\"inLanguage\":\"pt-BR\",\"@id\":\"https:\\\/\\\/tinychat.com\\\/#\\\/schema\\\/logo\\\/image\\\/\",\"url\":\"https:\\\/\\\/tinychat.com\\\/wp-content\\\/uploads\\\/2023\\\/11\\\/Tinychat-icon-square.png\",\"contentUrl\":\"https:\\\/\\\/tinychat.com\\\/wp-content\\\/uploads\\\/2023\\\/11\\\/Tinychat-icon-square.png\",\"width\":284,\"height\":284,\"caption\":\"TinyChat\"},\"image\":{\"@id\":\"https:\\\/\\\/tinychat.com\\\/#\\\/schema\\\/logo\\\/image\\\/\"},\"sameAs\":[\"https:\\\/\\\/www.facebook.com\\\/tinychat\",\"https:\\\/\\\/x.com\\\/tinychat\"]}]}<\/script>\n<!-- \/ Yoast SEO plugin. -->","yoast_head_json":{"title":"Alternativa Omegle com bate-papo por v\u00eddeo no TinyChat.com","description":"Est\u00e1 gostando da alternativa Omegle? Junte-se a mais de 50.000.000 de estranhos no TinyChat! Ligue sua c\u00e2mera e comece a conhecer novas pessoas ou encontre um par.","robots":{"index":"index","follow":"follow","max-snippet":"max-snippet:-1","max-image-preview":"max-image-preview:large","max-video-preview":"max-video-preview:-1"},"canonical":"https:\/\/tinychat.com\/pt-br\/omegle-alternative\/","og_locale":"pt_BR","og_type":"article","og_title":"Omegle Alternative with Video Chat on TinyChat.com","og_description":"Enjoying Omegle Alternative? Join over 50,000,000 strangers on TinyChat! Turn on your cam and start meeting new people, or find a match.","og_url":"https:\/\/tinychat.com\/pt-br\/omegle-alternative\/","og_site_name":"TinyChat","article_publisher":"https:\/\/www.facebook.com\/tinychat","article_modified_time":"2025-08-07T08:56:26+00:00","og_image":[{"width":1280,"height":284,"url":"https:\/\/tinychat.com\/wp-content\/uploads\/2020\/04\/Tinychat-logo-1280x284-new-black.png","type":"image\/png"}],"twitter_card":"summary_large_image","twitter_site":"@tinychat","twitter_misc":{"Est. tempo de leitura":"5 minutos"},"schema":{"@context":"https:\/\/schema.org","@graph":[{"@type":"WebPage","@id":"https:\/\/tinychat.com\/omegle-alternative\/","url":"https:\/\/tinychat.com\/omegle-alternative\/","name":"Alternativa Omegle com bate-papo por v\u00eddeo no TinyChat.com","isPartOf":{"@id":"https:\/\/tinychat.com\/#website"},"datePublished":"2025-08-07T08:51:13+00:00","dateModified":"2025-08-07T08:56:26+00:00","description":"Est\u00e1 gostando da alternativa Omegle? Junte-se a mais de 50.000.000 de estranhos no TinyChat! Ligue sua c\u00e2mera e comece a conhecer novas pessoas ou encontre um par.","breadcrumb":{"@id":"https:\/\/tinychat.com\/omegle-alternative\/#breadcrumb"},"inLanguage":"pt-BR","potentialAction":[{"@type":"ReadAction","target":["https:\/\/tinychat.com\/omegle-alternative\/"]}]},{"@type":"BreadcrumbList","@id":"https:\/\/tinychat.com\/omegle-alternative\/#breadcrumb","itemListElement":[{"@type":"ListItem","position":1,"name":"Home","item":"https:\/\/tinychat.com\/"},{"@type":"ListItem","position":2,"name":"Omegle Alternative"}]},{"@type":"WebSite","@id":"https:\/\/tinychat.com\/#website","url":"https:\/\/tinychat.com\/","name":"TinyChat","description":"Bate-papo por v\u00eddeo aleat\u00f3rio com estranhos","publisher":{"@id":"https:\/\/tinychat.com\/#organization"},"alternateName":"TinyChat.com","potentialAction":[{"@type":"SearchAction","target":{"@type":"EntryPoint","urlTemplate":"https:\/\/tinychat.com\/?s={search_term_string}"},"query-input":{"@type":"PropertyValueSpecification","valueRequired":true,"valueName":"search_term_string"}}],"inLanguage":"pt-BR"},{"@type":"Organization","@id":"https:\/\/tinychat.com\/#organization","name":"TinyChat","alternateName":"TinyChat.com","url":"https:\/\/tinychat.com\/","logo":{"@type":"ImageObject","inLanguage":"pt-BR","@id":"https:\/\/tinychat.com\/#\/schema\/logo\/image\/","url":"https:\/\/tinychat.com\/wp-content\/uploads\/2023\/11\/Tinychat-icon-square.png","contentUrl":"https:\/\/tinychat.com\/wp-content\/uploads\/2023\/11\/Tinychat-icon-square.png","width":284,"height":284,"caption":"TinyChat"},"image":{"@id":"https:\/\/tinychat.com\/#\/schema\/logo\/image\/"},"sameAs":["https:\/\/www.facebook.com\/tinychat","https:\/\/x.com\/tinychat"]}]}},"_links":{"self":[{"href":"https:\/\/tinychat.com\/pt-br\/wp-json\/wp\/v2\/pages\/12021","targetHints":{"allow":["GET"]}}],"collection":[{"href":"https:\/\/tinychat.com\/pt-br\/wp-json\/wp\/v2\/pages"}],"about":[{"href":"https:\/\/tinychat.com\/pt-br\/wp-json\/wp\/v2\/types\/page"}],"author":[{"embeddable":true,"href":"https:\/\/tinychat.com\/pt-br\/wp-json\/wp\/v2\/users\/8"}],"replies":[{"embeddable":true,"href":"https:\/\/tinychat.com\/pt-br\/wp-json\/wp\/v2\/comments?post=12021"}],"version-history":[{"count":2,"href":"https:\/\/tinychat.com\/pt-br\/wp-json\/wp\/v2\/pages\/12021\/revisions"}],"predecessor-version":[{"id":13417,"href":"https:\/\/tinychat.com\/pt-br\/wp-json\/wp\/v2\/pages\/12021\/revisions\/13417"}],"wp:attachment":[{"href":"https:\/\/tinychat.com\/pt-br\/wp-json\/wp\/v2\/media?parent=12021"}],"curies":[{"name":"wp","href":"https:\/\/api.w.org\/{rel}","templated":true}]}}