{"id":12071,"date":"2025-08-11T08:47:15","date_gmt":"2025-08-11T06:47:15","guid":{"rendered":"https:\/\/tinychat.com\/?page_id=12071"},"modified":"2025-08-11T09:25:19","modified_gmt":"2025-08-11T07:25:19","slug":"callmechat","status":"publish","type":"page","link":"https:\/\/tinychat.com\/pt-br\/callmechat\/","title":{"rendered":"Callmechat"},"content":{"rendered":"<p>No cen\u00e1rio digital atual, em que os feeds de m\u00eddia social s\u00e3o cada vez mais curados e previs\u00edveis, o Callmechat oferece uma alternativa inovadora. Em vez de navegar por perfis refinados ou seguir algoritmos de conte\u00fado, o Callmechat se concentra na conex\u00e3o humana direta e em tempo real, colocando voc\u00ea frente a frente com estranhos de todo o mundo em quest\u00e3o de segundos.<\/p>\n<p>Se voc\u00ea estiver procurando uma conversa casual, praticando um idioma estrangeiro, explorando novas culturas ou at\u00e9 mesmo esperando uma fa\u00edsca rom\u00e2ntica, o Callmechat facilita o encontro de pessoas on-line de maneira aut\u00eantica e sem filtros.<\/p>\n<p>Este guia detalhado explora o que \u00e9 o Callmechat, seus recursos, ferramentas de seguran\u00e7a, como us\u00e1-lo e como ele se compara a outras plataformas de bate-papo por v\u00eddeo aleat\u00f3rias.<\/p>\n<h2>O que \u00e9 Callmechat?<\/h2>\n<p>O Callmechat \u00e9 uma plataforma de bate-papo por v\u00eddeo aleat\u00f3rio que conecta os usu\u00e1rios instantaneamente por meio de v\u00eddeo ao vivo, \u00e1udio e mensagens de texto opcionais. Assim como o Omegle, o Chatroulette ou o ChatHub, ele foi criado para intera\u00e7\u00f5es espont\u00e2neas - s\u00f3 que usa tecnologia de streaming moderna, uma interface mais limpa e medidas de seguran\u00e7a adicionais para criar uma experi\u00eancia geral melhor.<\/p>\n<p>Voc\u00ea pode participar de conversas com apenas um clique ou toque, sem a necessidade de longas inscri\u00e7\u00f5es ou configura\u00e7\u00f5es complicadas. Essa simplicidade fez com que o Callmechat atra\u00edsse uma ampla gama de usu\u00e1rios, desde os iniciantes at\u00e9 os ass\u00edduos que entram diariamente para ver quem encontrar\u00e3o.<\/p>\n<h2>Principais recursos do Callmechat<\/h2>\n<p>O Callmechat foi projetado com um equil\u00edbrio entre divers\u00e3o, seguran\u00e7a e facilidade de uso, tornando-o uma op\u00e7\u00e3o s\u00f3lida para qualquer pessoa interessada em bate-papo por v\u00eddeo aleat\u00f3rio.<\/p>\n<h3>1. Correspond\u00eancia aleat\u00f3ria instant\u00e2nea<\/h3>\n<ul>\n<li>Conecte-se em segundos com estranhos de qualquer lugar do mundo.<\/li>\n<li>Sem filas, sem espera - basta tocar e come\u00e7ar a conversar.<\/li>\n<li>Passe para a pr\u00f3xima pessoa imediatamente se a vibra\u00e7\u00e3o n\u00e3o estiver boa.<\/li>\n<\/ul>\n<h3>2. Filtros de localiza\u00e7\u00e3o e g\u00eanero<\/h3>\n<ul>\n<li>Escolha regi\u00f5es espec\u00edficas para concentrar suas partidas.<\/li>\n<li>Filtre por g\u00eanero para obter uma experi\u00eancia mais personalizada.<\/li>\n<li>Opcional - deixe os filtros desligados para obter a aleatoriedade total.<\/li>\n<\/ul>\n<h3>3. Chat de texto integrado<\/h3>\n<ul>\n<li>Converse por texto junto com sua transmiss\u00e3o de v\u00eddeo.<\/li>\n<li>Perfeito para compartilhar notas r\u00e1pidas, tradu\u00e7\u00f5es ou links.<\/li>\n<\/ul>\n<h3>4. Op\u00e7\u00e3o Friend &amp; Reconnect<\/h3>\n<ul>\n<li>Adicione pessoas com quem voc\u00ea gostou de conversar para que possam se conectar novamente.<\/li>\n<li>N\u00e3o h\u00e1 necessidade de depender do acaso para um segundo encontro.<\/li>\n<\/ul>\n<h3>5. Efeitos visuais divertidos<\/h3>\n<ul>\n<li>Use m\u00e1scaras, adesivos e filtros de RA para quebrar o gelo.<\/li>\n<li>Adicione humor ou estilo \u00e0s suas conversas.<\/li>\n<\/ul>\n<h3>6. Ferramentas de seguran\u00e7a e privacidade<\/h3>\n<ul>\n<li>O Blur Preview Mode permite que voc\u00ea veja uma silhueta antes de revelar o v\u00eddeo completo.<\/li>\n<li>Bot\u00f5es de den\u00fancia r\u00e1pida e bloqueio dispon\u00edveis o tempo todo.<\/li>\n<li>Equipe de modera\u00e7\u00e3o ativa para lidar com comportamentos inadequados.<\/li>\n<\/ul>\n<h3>7. Acessibilidade entre plataformas<\/h3>\n<ul>\n<li>Funciona sem problemas em navegadores de desktop e dispositivos m\u00f3veis.<\/li>\n<li>Interface responsiva para qualquer tamanho de tela.<\/li>\n<\/ul>\n<h2>Como usar o Callmechat<\/h2>\n<p>Um dos pontos fortes do Callmechat \u00e9 sua configura\u00e7\u00e3o amig\u00e1vel para iniciantes.<\/p>\n<h3>Etapa 1: Acesse a plataforma<\/h3>\n<ul>\n<li>Visite o site oficial do Callmechat no computador ou no celular.<\/li>\n<li>Algumas regi\u00f5es tamb\u00e9m t\u00eam acesso a aplicativos por meio de lojas de aplicativos.<\/li>\n<\/ul>\n<h3>Etapa 2: Ajuste suas configura\u00e7\u00f5es<\/h3>\n<ul>\n<li>Selecione o local de sua prefer\u00eancia ou deixe-o global.<\/li>\n<li>Escolha o filtro de g\u00eanero, se desejar.<\/li>\n<li>Ative a visualiza\u00e7\u00e3o de desfoque para maior seguran\u00e7a.<\/li>\n<\/ul>\n<h3>Etapa 3: Iniciar o bate-papo<\/h3>\n<ul>\n<li>Clique em Start e obtenha correspond\u00eancia instantaneamente.<\/li>\n<li>Use Next para pular para uma nova correspond\u00eancia a qualquer momento.<\/li>\n<\/ul>\n<h3>Etapa 4: Adicionar amigos ou continuar navegando<\/h3>\n<ul>\n<li>Salve pessoas interessantes em sua lista de amigos.<\/li>\n<li>Continue conversando com novas pessoas pelo tempo que desejar.<\/li>\n<\/ul>\n<h2>Experi\u00eancia do usu\u00e1rio no Callmechat<\/h2>\n<p>A interface simples e a baixa barreira de entrada do Callmechat o ajudaram a conquistar uma base de usu\u00e1rios fi\u00e9is.<\/p>\n<h3>O que os usu\u00e1rios gostam<\/h3>\n<ul>\n<li>Configura\u00e7\u00e3o r\u00e1pida - sem registro obrigat\u00f3rio.<\/li>\n<li>Qualidade de v\u00eddeo est\u00e1vel com atraso m\u00ednimo.<\/li>\n<li>Filtros personaliz\u00e1veis para obter correspond\u00eancias mais relevantes.<\/li>\n<li>Op\u00e7\u00f5es de seguran\u00e7a como visualiza\u00e7\u00e3o de desfoque.<\/li>\n<li>Interface simples que funciona em todos os dispositivos.<\/li>\n<\/ul>\n<h3>Desvantagens comuns<\/h3>\n<ul>\n<li>Alguns filtros podem exigir acesso premium.<\/li>\n<li>Base de usu\u00e1rios menor em determinados fusos hor\u00e1rios.<\/li>\n<li>N\u00e3o h\u00e1 tradu\u00e7\u00e3o integrada para bate-papos multil\u00edngues.<\/li>\n<li>A disponibilidade do aplicativo pode variar de acordo com o pa\u00eds.<\/li>\n<\/ul>\n<h2>Callmechat vs. outras plataformas de bate-papo por v\u00eddeo aleat\u00f3rio<\/h2>\n<table>\n<thead>\n<tr>\n<th>Recurso<\/th>\n<th>Callmechat<\/th>\n<th>OmegleWeb<\/th>\n<th>ChatHub<\/th>\n<th>Camloo<\/th>\n<th>LuckyCrush<\/th>\n<th>Azar<\/th>\n<\/tr>\n<\/thead>\n<tbody>\n<tr>\n<td>Random Video Chat com Estranhos<\/td>\n<td>\u2705 Sim<\/td>\n<td>\u2705 Sim<\/td>\n<td>\u2705 Sim<\/td>\n<td>\u2705 Sim<\/td>\n<td>\u2705 Sim<\/td>\n<td>\u2705 Sim<\/td>\n<\/tr>\n<tr>\n<td>Filtros de g\u00eanero\/localiza\u00e7\u00e3o<\/td>\n<td>\u2705 Sim<\/td>\n<td>\u26a0\ufe0f Limited<\/td>\n<td>\u2705 Sim<\/td>\n<td>\u2705 Sim<\/td>\n<td>\u2705 Sim<\/td>\n<td>\u2705 Sim<\/td>\n<\/tr>\n<tr>\n<td>Modo de visualiza\u00e7\u00e3o de desfoque<\/td>\n<td>\u2705 Sim<\/td>\n<td>\u274c N\u00e3o<\/td>\n<td>\u2705 Sim<\/td>\n<td>\u2705 Sim<\/td>\n<td>\u274c N\u00e3o<\/td>\n<td>\u2705 Sim<\/td>\n<\/tr>\n<tr>\n<td>Efeitos\/Filtros divertidos<\/td>\n<td>\u2705 Sim<\/td>\n<td>\u274c N\u00e3o<\/td>\n<td>\u2705 Sim<\/td>\n<td>\u2705 Sim<\/td>\n<td>\u274c N\u00e3o<\/td>\n<td>\u2705 Sim<\/td>\n<\/tr>\n<tr>\n<td>Sistema de amigos<\/td>\n<td>\u2705 Sim<\/td>\n<td>\u274c N\u00e3o<\/td>\n<td>\u2705 Sim<\/td>\n<td>\u2705 Sim<\/td>\n<td>\u2705 Sim<\/td>\n<td>\u2705 Sim<\/td>\n<\/tr>\n<tr>\n<td>Tradu\u00e7\u00e3o<\/td>\n<td>\u274c N\u00e3o<\/td>\n<td>\u274c N\u00e3o<\/td>\n<td>\u274c N\u00e3o<\/td>\n<td>\u274c N\u00e3o<\/td>\n<td>\u274c N\u00e3o<\/td>\n<td>\u2705 Sim<\/td>\n<\/tr>\n<tr>\n<td>Multiplataforma<\/td>\n<td>\u2705 Sim<\/td>\n<td>\u2705 Sim<\/td>\n<td>\u2705 Sim<\/td>\n<td>\u2705 Sim<\/td>\n<td>\u2705 Sim<\/td>\n<td>\u2705 Sim<\/td>\n<\/tr>\n<\/tbody>\n<\/table>\n<p>Resumo: o Callmechat oferece um equil\u00edbrio s\u00f3lido de recursos, ferramentas de privacidade e desempenho, o que o torna uma \u00f3tima op\u00e7\u00e3o para usu\u00e1rios que desejam bate-papos aleat\u00f3rios r\u00e1pidos e descomplicados sem sacrificar a seguran\u00e7a.<\/p>\n<h2>O Callmechat \u00e9 seguro?<\/h2>\n<p>O Yes-Callmechat leva a seguran\u00e7a do usu\u00e1rio a s\u00e9rio:<\/p>\n<ul>\n<li>A modera\u00e7\u00e3o baseada em IA filtra o conte\u00fado expl\u00edcito.<\/li>\n<li>As ferramentas de bloqueio\/relat\u00f3rio est\u00e3o sempre dispon\u00edveis.<\/li>\n<li>O modo Desfoque mant\u00e9m seu v\u00eddeo oculto at\u00e9 que voc\u00ea o aprove.<\/li>\n<li>Voc\u00ea pode conversar anonimamente - n\u00e3o \u00e9 necess\u00e1rio revelar informa\u00e7\u00f5es pessoais.<\/li>\n<\/ul>\n<h3>Dicas de seguran\u00e7a<\/h3>\n<ul>\n<li>Evite compartilhar sua localiza\u00e7\u00e3o ou detalhes pessoais.<\/li>\n<li>Use o modo de desfoque para as primeiras impress\u00f5es.<\/li>\n<li>Comunique comportamentos inadequados imediatamente.<\/li>\n<li>Os pais devem supervisionar os usu\u00e1rios mais jovens.<\/li>\n<\/ul>\n<h2>Dicas para obter o m\u00e1ximo do Callmechat<\/h2>\n<ul>\n<li>Use o modo global para expandir suas conex\u00f5es culturais.<\/li>\n<li>Ative os filtros quando quiser obter correspond\u00eancias direcionadas.<\/li>\n<li>Fa\u00e7a login durante os hor\u00e1rios de pico para obter mais atividades dos usu\u00e1rios.<\/li>\n<li>Brinque com os efeitos para tornar as intera\u00e7\u00f5es mais divertidas.<\/li>\n<li>Mantenha uma boa ilumina\u00e7\u00e3o para uma melhor impress\u00e3o do v\u00eddeo.<\/li>\n<li>Ajude a comunidade denunciando os infratores das regras.<\/li>\n<\/ul>\n<h2>Problemas e corre\u00e7\u00f5es comuns do Callmechat<\/h2>\n<h3>A c\u00e2mera\/microfone n\u00e3o est\u00e1 funcionando<\/h3>\n<p>Permita permiss\u00f5es nas configura\u00e7\u00f5es do navegador ou do aplicativo.<\/p>\n<h3>Qualidade de v\u00eddeo ruim<\/h3>\n<p>Use uma conex\u00e3o Wi-Fi est\u00e1vel e feche os aplicativos em segundo plano.<\/p>\n<h3>Filtros que n\u00e3o est\u00e3o sendo aplicados<\/h3>\n<p>Fa\u00e7a login e verifique se voc\u00ea tem acesso aos recursos premium, se necess\u00e1rio.<\/p>\n<h3>Encontro com usu\u00e1rios ofensivos<\/h3>\n<p>Bloqueie, denuncie e passe para a pr\u00f3xima partida imediatamente.<\/p>\n<p>Se voc\u00ea deseja uma experi\u00eancia simples, segura e envolvente de bate-papo por v\u00eddeo aleat\u00f3rio, o Callmechat \u00e9 a solu\u00e7\u00e3o. Ele n\u00e3o \u00e9 sobrecarregado com truques - concentra-se em correspond\u00eancia r\u00e1pida, ferramentas de privacidade decentes e design limpo, que \u00e9 exatamente o que muitas pessoas desejam nesse tipo de plataforma.<\/p>\n<p>Embora n\u00e3o tenha todos os recursos avan\u00e7ados do mercado, ele oferece funcionalidade suficiente para tornar seu tempo agrad\u00e1vel e suas partidas significativas. Quer esteja aqui para uma conversa r\u00e1pida ou para estabelecer uma nova conex\u00e3o, o Callmechat \u00e9 uma adi\u00e7\u00e3o s\u00f3lida \u00e0 sua linha de bate-papo aleat\u00f3rio.<\/p>\n<p>Pronto para come\u00e7ar? Visite o Callmechat, clique em iniciar e veja aonde sua pr\u00f3xima conversa o levar\u00e1.<\/p>","protected":false},"excerpt":{"rendered":"<p>In today\u2019s digital landscape, where social media feeds are increasingly curated and predictable, Callmechat offers a refreshing alternative. Instead of browsing polished profiles or following content algorithms, Callmechat focuses on direct, real-time human connection\u2014putting you face-to-face with strangers from around the globe in a matter of seconds. Whether you\u2019re looking for casual conversation, practicing a [&hellip;]<\/p>\n","protected":false},"author":6,"featured_media":0,"parent":0,"menu_order":0,"comment_status":"closed","ping_status":"closed","template":"","meta":{"footnotes":""},"class_list":["post-12071","page","type-page","status-publish","hentry"],"yoast_head":"<!-- This site is optimized with the Yoast SEO plugin v27.5 - https:\/\/yoast.com\/product\/yoast-seo-wordpress\/ -->\n<title>Callmechat - Alternative to OmeTV &amp; Monkey App - TinyChat.com<\/title>\n<meta name=\"description\" content=\"Enjoying Callmechat? Join over 50,000,000 strangers on TinyChat! Turn on your cam and start meeting new people, or find a match.\" \/>\n<meta name=\"robots\" content=\"index, follow, max-snippet:-1, max-image-preview:large, max-video-preview:-1\" \/>\n<link rel=\"canonical\" href=\"https:\/\/tinychat.com\/pt-br\/callmechat\/\" \/>\n<meta property=\"og:locale\" content=\"pt_BR\" \/>\n<meta property=\"og:type\" content=\"article\" \/>\n<meta property=\"og:title\" content=\"Callmechat - Alternative to OmeTV &amp; Monkey App - TinyChat.com\" \/>\n<meta property=\"og:description\" content=\"Enjoying Callmechat? Join over 50,000,000 strangers on TinyChat! Turn on your cam and start meeting new people, or find a match.\" \/>\n<meta property=\"og:url\" content=\"https:\/\/tinychat.com\/pt-br\/callmechat\/\" \/>\n<meta property=\"og:site_name\" content=\"TinyChat\" \/>\n<meta property=\"article:publisher\" content=\"https:\/\/www.facebook.com\/tinychat\" \/>\n<meta property=\"article:modified_time\" content=\"2025-08-11T07:25:19+00:00\" \/>\n<meta property=\"og:image\" content=\"https:\/\/tinychat.com\/wp-content\/uploads\/2020\/04\/Tinychat-logo-1280x284-new-black.png\" \/>\n\t<meta property=\"og:image:width\" content=\"1280\" \/>\n\t<meta property=\"og:image:height\" content=\"284\" \/>\n\t<meta property=\"og:image:type\" content=\"image\/png\" \/>\n<meta name=\"twitter:card\" content=\"summary_large_image\" \/>\n<meta name=\"twitter:site\" content=\"@tinychat\" \/>\n<meta name=\"twitter:label1\" content=\"Est. tempo de leitura\" \/>\n\t<meta name=\"twitter:data1\" content=\"5 minutos\" \/>\n<script type=\"application\/ld+json\" class=\"yoast-schema-graph\">{\"@context\":\"https:\\\/\\\/schema.org\",\"@graph\":[{\"@type\":\"WebPage\",\"@id\":\"https:\\\/\\\/tinychat.com\\\/callmechat\\\/\",\"url\":\"https:\\\/\\\/tinychat.com\\\/callmechat\\\/\",\"name\":\"Callmechat - Alternative to OmeTV & Monkey App - TinyChat.com\",\"isPartOf\":{\"@id\":\"https:\\\/\\\/tinychat.com\\\/#website\"},\"datePublished\":\"2025-08-11T06:47:15+00:00\",\"dateModified\":\"2025-08-11T07:25:19+00:00\",\"description\":\"Enjoying Callmechat? Join over 50,000,000 strangers on TinyChat! Turn on your cam and start meeting new people, or find a match.\",\"breadcrumb\":{\"@id\":\"https:\\\/\\\/tinychat.com\\\/callmechat\\\/#breadcrumb\"},\"inLanguage\":\"pt-BR\",\"potentialAction\":[{\"@type\":\"ReadAction\",\"target\":[\"https:\\\/\\\/tinychat.com\\\/callmechat\\\/\"]}]},{\"@type\":\"BreadcrumbList\",\"@id\":\"https:\\\/\\\/tinychat.com\\\/callmechat\\\/#breadcrumb\",\"itemListElement\":[{\"@type\":\"ListItem\",\"position\":1,\"name\":\"Home\",\"item\":\"https:\\\/\\\/tinychat.com\\\/\"},{\"@type\":\"ListItem\",\"position\":2,\"name\":\"Callmechat\"}]},{\"@type\":\"WebSite\",\"@id\":\"https:\\\/\\\/tinychat.com\\\/#website\",\"url\":\"https:\\\/\\\/tinychat.com\\\/\",\"name\":\"TinyChat\",\"description\":\"Random Video Chat with Strangers\",\"publisher\":{\"@id\":\"https:\\\/\\\/tinychat.com\\\/#organization\"},\"alternateName\":\"TinyChat.com\",\"potentialAction\":[{\"@type\":\"SearchAction\",\"target\":{\"@type\":\"EntryPoint\",\"urlTemplate\":\"https:\\\/\\\/tinychat.com\\\/?s={search_term_string}\"},\"query-input\":{\"@type\":\"PropertyValueSpecification\",\"valueRequired\":true,\"valueName\":\"search_term_string\"}}],\"inLanguage\":\"pt-BR\"},{\"@type\":\"Organization\",\"@id\":\"https:\\\/\\\/tinychat.com\\\/#organization\",\"name\":\"TinyChat\",\"alternateName\":\"TinyChat.com\",\"url\":\"https:\\\/\\\/tinychat.com\\\/\",\"logo\":{\"@type\":\"ImageObject\",\"inLanguage\":\"pt-BR\",\"@id\":\"https:\\\/\\\/tinychat.com\\\/#\\\/schema\\\/logo\\\/image\\\/\",\"url\":\"https:\\\/\\\/tinychat.com\\\/wp-content\\\/uploads\\\/2023\\\/11\\\/Tinychat-icon-square.png\",\"contentUrl\":\"https:\\\/\\\/tinychat.com\\\/wp-content\\\/uploads\\\/2023\\\/11\\\/Tinychat-icon-square.png\",\"width\":284,\"height\":284,\"caption\":\"TinyChat\"},\"image\":{\"@id\":\"https:\\\/\\\/tinychat.com\\\/#\\\/schema\\\/logo\\\/image\\\/\"},\"sameAs\":[\"https:\\\/\\\/www.facebook.com\\\/tinychat\",\"https:\\\/\\\/x.com\\\/tinychat\"]}]}<\/script>\n<!-- \/ Yoast SEO plugin. -->","yoast_head_json":{"title":"Callmechat - Alternativa ao OmeTV e Monkey App - TinyChat.com","description":"Est\u00e1 gostando do Callmechat? Junte-se a mais de 50.000.000 de estranhos no TinyChat! Ligue sua c\u00e2mera e comece a conhecer novas pessoas ou encontre um par.","robots":{"index":"index","follow":"follow","max-snippet":"max-snippet:-1","max-image-preview":"max-image-preview:large","max-video-preview":"max-video-preview:-1"},"canonical":"https:\/\/tinychat.com\/pt-br\/callmechat\/","og_locale":"pt_BR","og_type":"article","og_title":"Callmechat - Alternative to OmeTV & Monkey App - TinyChat.com","og_description":"Enjoying Callmechat? Join over 50,000,000 strangers on TinyChat! Turn on your cam and start meeting new people, or find a match.","og_url":"https:\/\/tinychat.com\/pt-br\/callmechat\/","og_site_name":"TinyChat","article_publisher":"https:\/\/www.facebook.com\/tinychat","article_modified_time":"2025-08-11T07:25:19+00:00","og_image":[{"width":1280,"height":284,"url":"https:\/\/tinychat.com\/wp-content\/uploads\/2020\/04\/Tinychat-logo-1280x284-new-black.png","type":"image\/png"}],"twitter_card":"summary_large_image","twitter_site":"@tinychat","twitter_misc":{"Est. tempo de leitura":"5 minutos"},"schema":{"@context":"https:\/\/schema.org","@graph":[{"@type":"WebPage","@id":"https:\/\/tinychat.com\/callmechat\/","url":"https:\/\/tinychat.com\/callmechat\/","name":"Callmechat - Alternativa ao OmeTV e Monkey App - TinyChat.com","isPartOf":{"@id":"https:\/\/tinychat.com\/#website"},"datePublished":"2025-08-11T06:47:15+00:00","dateModified":"2025-08-11T07:25:19+00:00","description":"Est\u00e1 gostando do Callmechat? Junte-se a mais de 50.000.000 de estranhos no TinyChat! Ligue sua c\u00e2mera e comece a conhecer novas pessoas ou encontre um par.","breadcrumb":{"@id":"https:\/\/tinychat.com\/callmechat\/#breadcrumb"},"inLanguage":"pt-BR","potentialAction":[{"@type":"ReadAction","target":["https:\/\/tinychat.com\/callmechat\/"]}]},{"@type":"BreadcrumbList","@id":"https:\/\/tinychat.com\/callmechat\/#breadcrumb","itemListElement":[{"@type":"ListItem","position":1,"name":"Home","item":"https:\/\/tinychat.com\/"},{"@type":"ListItem","position":2,"name":"Callmechat"}]},{"@type":"WebSite","@id":"https:\/\/tinychat.com\/#website","url":"https:\/\/tinychat.com\/","name":"TinyChat","description":"Bate-papo por v\u00eddeo aleat\u00f3rio com estranhos","publisher":{"@id":"https:\/\/tinychat.com\/#organization"},"alternateName":"TinyChat.com","potentialAction":[{"@type":"SearchAction","target":{"@type":"EntryPoint","urlTemplate":"https:\/\/tinychat.com\/?s={search_term_string}"},"query-input":{"@type":"PropertyValueSpecification","valueRequired":true,"valueName":"search_term_string"}}],"inLanguage":"pt-BR"},{"@type":"Organization","@id":"https:\/\/tinychat.com\/#organization","name":"TinyChat","alternateName":"TinyChat.com","url":"https:\/\/tinychat.com\/","logo":{"@type":"ImageObject","inLanguage":"pt-BR","@id":"https:\/\/tinychat.com\/#\/schema\/logo\/image\/","url":"https:\/\/tinychat.com\/wp-content\/uploads\/2023\/11\/Tinychat-icon-square.png","contentUrl":"https:\/\/tinychat.com\/wp-content\/uploads\/2023\/11\/Tinychat-icon-square.png","width":284,"height":284,"caption":"TinyChat"},"image":{"@id":"https:\/\/tinychat.com\/#\/schema\/logo\/image\/"},"sameAs":["https:\/\/www.facebook.com\/tinychat","https:\/\/x.com\/tinychat"]}]}},"_links":{"self":[{"href":"https:\/\/tinychat.com\/pt-br\/wp-json\/wp\/v2\/pages\/12071","targetHints":{"allow":["GET"]}}],"collection":[{"href":"https:\/\/tinychat.com\/pt-br\/wp-json\/wp\/v2\/pages"}],"about":[{"href":"https:\/\/tinychat.com\/pt-br\/wp-json\/wp\/v2\/types\/page"}],"author":[{"embeddable":true,"href":"https:\/\/tinychat.com\/pt-br\/wp-json\/wp\/v2\/users\/6"}],"replies":[{"embeddable":true,"href":"https:\/\/tinychat.com\/pt-br\/wp-json\/wp\/v2\/comments?post=12071"}],"version-history":[{"count":4,"href":"https:\/\/tinychat.com\/pt-br\/wp-json\/wp\/v2\/pages\/12071\/revisions"}],"predecessor-version":[{"id":13434,"href":"https:\/\/tinychat.com\/pt-br\/wp-json\/wp\/v2\/pages\/12071\/revisions\/13434"}],"wp:attachment":[{"href":"https:\/\/tinychat.com\/pt-br\/wp-json\/wp\/v2\/media?parent=12071"}],"curies":[{"name":"wp","href":"https:\/\/api.w.org\/{rel}","templated":true}]}}