{"id":12075,"date":"2025-09-29T10:54:27","date_gmt":"2025-09-29T08:54:27","guid":{"rendered":"https:\/\/tinychat.com\/?page_id=12075"},"modified":"2025-09-29T12:42:16","modified_gmt":"2025-09-29T10:42:16","slug":"knuddels","status":"publish","type":"page","link":"https:\/\/tinychat.com\/pt-br\/knuddels\/","title":{"rendered":"Knuddels"},"content":{"rendered":"<p>Embora muitas plataformas modernas de bate-papo se concentrem em encontros r\u00e1pidos, an\u00f4nimos e aleat\u00f3rios, ainda existem comunidades que enfatizam a amizade, as conex\u00f5es de longo prazo e os espa\u00e7os sociais digitais. Uma das plataformas mais not\u00e1veis nessa categoria \u00e9 o Knuddels, um servi\u00e7o de bate-papo on-line de longa data que come\u00e7ou na Alemanha e, desde ent\u00e3o, se transformou em um centro social ativo e exclusivo.<\/p>\n<p>Diferentemente de plataformas de bate-papo aleat\u00f3rias como Omegle ou Chatroulette, o Knuddels combina salas de bate-papo tradicionais com recursos sociais modernos, criando um espa\u00e7o onde as pessoas podem conhecer novos amigos, criar comunidades e manter conversas cont\u00ednuas. Ele carrega o esp\u00edrito das primeiras salas de bate-papo da Internet, ao mesmo tempo em que evolui para permanecer relevante na era dos aplicativos m\u00f3veis e da conectividade global.<\/p>\n<p>Nesta an\u00e1lise detalhada, exploraremos o que \u00e9 o Knuddels, seus recursos, como us\u00e1-lo, a experi\u00eancia do usu\u00e1rio, as ferramentas de seguran\u00e7a, compara\u00e7\u00f5es com outras plataformas e dicas para aproveit\u00e1-lo ao m\u00e1ximo.<\/p>\n<h2>O que \u00e9 Knuddels?<\/h2>\n<p>Knuddels \u00e9 uma plataforma de bate-papo fundada na Alemanha em 1999, o que a torna uma das comunidades de bate-papo on-line mais antigas da Europa. Seu nome vem da palavra alem\u00e3 <em>Knuddel<\/em>que significa \"carinho\" ou \"abra\u00e7o\", refletindo seu foco na simpatia e nas intera\u00e7\u00f5es positivas.<\/p>\n<p>Embora tenha sido lan\u00e7ado originalmente como um simples bate-papo baseado na Web, o Knuddels se expandiu para um aplicativo compat\u00edvel com dispositivos m\u00f3veis e uma plataforma de navegador com milh\u00f5es de usu\u00e1rios. \u00c9 especialmente popular na Alemanha, mas tamb\u00e9m atrai usu\u00e1rios internacionais.<\/p>\n<p>Diferentemente dos servi\u00e7os de bate-papo por v\u00eddeo puramente aleat\u00f3rios, o Knuddels \u00e9 mais uma comunidade social:<\/p>\n<ul>\n<li>Salas de bate-papo p\u00fablicas sobre v\u00e1rios t\u00f3picos.<\/li>\n<li>Mensagens privadas entre membros.<\/li>\n<li>Listas e perfis de amigos para conex\u00f5es cont\u00ednuas.<\/li>\n<li>Jogos e recursos de entretenimento.<\/li>\n<\/ul>\n<h2>Principais recursos do Knuddels<\/h2>\n<p>O Knuddels \u00e9 rico em recursos em compara\u00e7\u00e3o com as plataformas minimalistas de bate-papo aleat\u00f3rio. Veja o que ele oferece:<\/p>\n<h3>1. Salas de bate-papo p\u00fablicas<\/h3>\n<ul>\n<li>Dezenas de salas de bate-papo tem\u00e1ticas (por exemplo, namoro, hobbies, grupos locais).<\/li>\n<li>As salas s\u00e3o moderadas para manter um ambiente positivo.<\/li>\n<li>Os usu\u00e1rios podem participar de v\u00e1rias conversas ao mesmo tempo.<\/li>\n<\/ul>\n<h3>2. Mensagens privadas<\/h3>\n<ul>\n<li>Chats individuais entre usu\u00e1rios.<\/li>\n<li>Sistema de amigos integrado para manter o controle das conex\u00f5es.<\/li>\n<\/ul>\n<h3>3. Op\u00e7\u00f5es de v\u00eddeo e voz<\/h3>\n<ul>\n<li>Embora baseado principalmente em texto, o Knuddels inclui op\u00e7\u00f5es de intera\u00e7\u00e3o por v\u00eddeo ou voz com os amigos.<\/li>\n<li>Excelente para ir al\u00e9m do texto quando a confian\u00e7a \u00e9 estabelecida.<\/li>\n<\/ul>\n<h3>4. Perfis da comunidade<\/h3>\n<ul>\n<li>Cada usu\u00e1rio tem um perfil com detalhes opcionais.<\/li>\n<li>Listas de amigos, pontos de reputa\u00e7\u00e3o e fotos de perfil aumentam a sensa\u00e7\u00e3o de comunidade.<\/li>\n<\/ul>\n<h3>5. Jogos e entretenimento<\/h3>\n<ul>\n<li>Minijogos integrados \u00e0s salas de bate-papo.<\/li>\n<li>Recursos gamificados, como distintivos e conquistas.<\/li>\n<\/ul>\n<h3>6. Aplicativo m\u00f3vel<\/h3>\n<ul>\n<li>Dispon\u00edvel para Android e iOS.<\/li>\n<li>Integra-se perfeitamente com a vers\u00e3o da Web.<\/li>\n<\/ul>\n<h3>7. Seguran\u00e7a e modera\u00e7\u00e3o<\/h3>\n<ul>\n<li>Forte \u00eanfase em uma comunidade segura.<\/li>\n<li>Os sistemas de reputa\u00e7\u00e3o incentivam o comportamento respeitoso.<\/li>\n<li>As ferramentas de relat\u00f3rio e de modera\u00e7\u00e3o mant\u00eam o ambiente amig\u00e1vel.<\/li>\n<\/ul>\n<h2>Como usar o Knuddels<\/h2>\n<p>O Knuddels foi projetado para pessoas que desejam mais do que apenas encontros aleat\u00f3rios fugazes - trata-se de participar de uma comunidade.<\/p>\n<h3>Etapa 1: Registrar-se<\/h3>\n<ul>\n<li>O registro \u00e9 obrigat\u00f3rio (via e-mail ou contas sociais).<\/li>\n<li>Crie um nome de usu\u00e1rio e um perfil b\u00e1sico.<\/li>\n<\/ul>\n<h3>Etapa 2: Explore as salas de bate-papo<\/h3>\n<ul>\n<li>Navegue por categorias como namoro, hobbies ou salas regionais.<\/li>\n<li>Registre-se e comece a conversar com outras pessoas imediatamente.<\/li>\n<\/ul>\n<h3>Etapa 3: Adicionar amigos<\/h3>\n<ul>\n<li>Se voc\u00ea se conectar com algu\u00e9m, adicione-o \u00e0 sua lista de amigos.<\/li>\n<li>Continue as conversas em particular mais tarde.<\/li>\n<\/ul>\n<h3>Etapa 4: Use jogos e recursos<\/h3>\n<ul>\n<li>Jogue jogos embutidos para quebrar o gelo.<\/li>\n<li>Ganhe distintivos e pontos de reputa\u00e7\u00e3o por intera\u00e7\u00f5es positivas.<\/li>\n<\/ul>\n<h3>Etapa 5: Mantenha-se conectado<\/h3>\n<ul>\n<li>Mantenha contato com sua rede.<\/li>\n<li>Explore novas salas ou participe de eventos regularmente.<\/li>\n<\/ul>\n<h2>Experi\u00eancia do usu\u00e1rio no Knuddels<\/h2>\n<p>O Knuddels \u00e9 diferente de plataformas r\u00e1pidas e an\u00f4nimas como o Omegle - \u00e9 mais estruturado e voltado para a comunidade.<\/p>\n<h3>O que os usu\u00e1rios gostam<\/h3>\n<ul>\n<li>Parece uma comunidade on-line genu\u00edna, n\u00e3o apenas bate-papos aleat\u00f3rios.<\/li>\n<li>As salas moderadas oferecem seguran\u00e7a e estrutura.<\/li>\n<li>Os jogos e a gamifica\u00e7\u00e3o tornam o processo divertido e envolvente.<\/li>\n<li>F\u00e1cil de manter contato com amigos por meio de listas de amigos.<\/li>\n<li>O aplicativo m\u00f3vel o torna acess\u00edvel em qualquer lugar.<\/li>\n<\/ul>\n<h3>Onde os usu\u00e1rios veem espa\u00e7o para melhorias<\/h3>\n<ul>\n<li>Requer registro (n\u00e3o \u00e9 instant\u00e2neo como nos sites de bate-papo aleat\u00f3rios).<\/li>\n<li>Principalmente de l\u00edngua alem\u00e3, limita o alcance de usu\u00e1rios n\u00e3o alem\u00e3es.<\/li>\n<li>Mais estruturadas e menos espont\u00e2neas do que as plataformas do tipo Omegle.<\/li>\n<li>O design parece um pouco antigo em compara\u00e7\u00e3o com os aplicativos mais recentes.<\/li>\n<\/ul>\n<p>Apesar dessas limita\u00e7\u00f5es, a Knuddels prospera ao oferecer uma experi\u00eancia mais amig\u00e1vel, segura e de longo prazo.<\/p>\n<h2>Knuddels vs. outras plataformas de bate-papo<\/h2>\n<p>Veja como o Knuddels se compara aos sites de bate-papo aleat\u00f3rios e \u00e0s plataformas voltadas para a comunidade:<\/p>\n<table>\n<thead>\n<tr>\n<th>Recurso<\/th>\n<th>Knuddels<\/th>\n<th>Omegle<\/th>\n<th>Chatroulette<\/th>\n<th>ChatHub<\/th>\n<th>Y99<\/th>\n<th>Wireclub<\/th>\n<\/tr>\n<\/thead>\n<tbody>\n<tr>\n<td>Salas de bate-papo p\u00fablicas<\/td>\n<td>\u2705 Sim<\/td>\n<td>\u274c N\u00e3o<\/td>\n<td>\u274c N\u00e3o<\/td>\n<td>\u274c N\u00e3o<\/td>\n<td>\u2705 Sim<\/td>\n<td>\u2705 Sim<\/td>\n<\/tr>\n<tr>\n<td>Mensagens privadas<\/td>\n<td>\u2705 Sim<\/td>\n<td>\u274c N\u00e3o<\/td>\n<td>\u274c N\u00e3o<\/td>\n<td>\u2705 Sim<\/td>\n<td>\u2705 Sim<\/td>\n<td>\u2705 Sim<\/td>\n<\/tr>\n<tr>\n<td>V\u00eddeo e voz<\/td>\n<td>\u2705 Limitada<\/td>\n<td>\u2705 Sim<\/td>\n<td>\u2705 Sim<\/td>\n<td>\u2705 Sim<\/td>\n<td>\u2705 Sim<\/td>\n<td>\u2705 Sim<\/td>\n<\/tr>\n<tr>\n<td>Perfis e amigos<\/td>\n<td>\u2705 Sim<\/td>\n<td>\u274c N\u00e3o<\/td>\n<td>\u274c N\u00e3o<\/td>\n<td>\u2705 Sim<\/td>\n<td>\u2705 Sim<\/td>\n<td>\u2705 Sim<\/td>\n<\/tr>\n<tr>\n<td>Jogos e entretenimento<\/td>\n<td>\u2705 Sim<\/td>\n<td>\u274c N\u00e3o<\/td>\n<td>\u274c N\u00e3o<\/td>\n<td>\u274c N\u00e3o<\/td>\n<td>\u274c N\u00e3o<\/td>\n<td>\u274c N\u00e3o<\/td>\n<\/tr>\n<tr>\n<td>Anonimato<\/td>\n<td>\u274c Limitada<\/td>\n<td>\u2705 Forte<\/td>\n<td>\u2705 Forte<\/td>\n<td>\u2705 Moderado<\/td>\n<td>\u2705 Moderado<\/td>\n<td>\u2705 Moderado<\/td>\n<\/tr>\n<tr>\n<td>Aplicativo m\u00f3vel<\/td>\n<td>\u2705 Sim<\/td>\n<td>\u2705 Sim<\/td>\n<td>\u2705 Sim<\/td>\n<td>\u2705 Sim<\/td>\n<td>\u2705 Sim<\/td>\n<td>\u274c N\u00e3o<\/td>\n<\/tr>\n<\/tbody>\n<\/table>\n<p>Resumo: o Knuddels parece mais pr\u00f3ximo do Wireclub ou do Y99 do que do Omegle - trata-se de comunidade, intera\u00e7\u00e3o estruturada e relacionamentos cont\u00ednuos em vez de pura aleatoriedade.<\/p>\n<h2>O Knuddels \u00e9 seguro?<\/h2>\n<p>A Knuddels d\u00e1 grande \u00eanfase \u00e0 seguran\u00e7a e \u00e0 modera\u00e7\u00e3o.<\/p>\n<h3>Ferramentas de seguran\u00e7a incorporadas<\/h3>\n<ul>\n<li>Presen\u00e7a de moderadores nas salas de bate-papo.<\/li>\n<li>Os sistemas de reputa\u00e7\u00e3o desestimulam o mau comportamento.<\/li>\n<li>Ferramentas de relat\u00f3rios dispon\u00edveis para os usu\u00e1rios.<\/li>\n<\/ul>\n<h3>Dicas de seguran\u00e7a para usu\u00e1rios<\/h3>\n<ul>\n<li>Evite compartilhar detalhes pessoais em excesso.<\/li>\n<li>Use mensagens privadas apenas com amigos confi\u00e1veis.<\/li>\n<li>Fique em salas moderadas para ter experi\u00eancias mais seguras.<\/li>\n<li>Os pais devem monitorar os menores, pois a plataforma \u00e9 aberta a todas as idades.<\/li>\n<\/ul>\n<h2>Dicas para tirar o m\u00e1ximo proveito do Knuddels<\/h2>\n<ul>\n<li>Explore v\u00e1rias salas - cada uma tem uma vibra\u00e7\u00e3o e uma comunidade diferentes.<\/li>\n<li>Preencha seu perfil para fazer conex\u00f5es duradouras.<\/li>\n<li>Experimente os jogos - eles s\u00e3o divertidos para quebrar o gelo.<\/li>\n<li>Seja respeitoso - o sistema de reputa\u00e7\u00e3o recompensa a positividade.<\/li>\n<li>Use o aplicativo m\u00f3vel para bater papo em qualquer lugar.<\/li>\n<li>Adicione amigos se voc\u00ea gosta de conversar com algu\u00e9m - n\u00e3o dependa apenas de encontros aleat\u00f3rios.<\/li>\n<\/ul>\n<h2>Problemas comuns e corre\u00e7\u00f5es<\/h2>\n<h3>Problema: as salas de bate-papo n\u00e3o est\u00e3o carregando<\/h3>\n<ul>\n<li>Atualize o aplicativo ou atualize o navegador.<\/li>\n<li>Limpar cookies\/cache.<\/li>\n<\/ul>\n<h3>Problema: barreira do idioma<\/h3>\n<ul>\n<li>A maioria dos usu\u00e1rios fala alem\u00e3o, mas tente salas em ingl\u00eas.<\/li>\n<li>Use ferramentas de tradu\u00e7\u00e3o para bate-papos em idiomas diferentes.<\/li>\n<\/ul>\n<h3>Problema: o v\u00eddeo n\u00e3o est\u00e1 funcionando<\/h3>\n<ul>\n<li>Permitir permiss\u00f5es de navegador ou aplicativo.<\/li>\n<li>Reinicie o aplicativo\/dispositivo.<\/li>\n<\/ul>\n<h3>Problema: Spam ou mensagens indesejadas<\/h3>\n<ul>\n<li>Denuncie os usu\u00e1rios imediatamente.<\/li>\n<li>Fique em salas moderadas.<\/li>\n<\/ul>\n<h2>Por que as pessoas escolhem a Knuddels<\/h2>\n<p>As pessoas escolhem a Knuddels porque ela oferece:<\/p>\n<ul>\n<li>Esp\u00edrito comunit\u00e1rio - mais pr\u00f3ximo das primeiras salas de bate-papo da Internet.<\/li>\n<li>Modera\u00e7\u00e3o que cria um ambiente mais seguro.<\/li>\n<li>Listas e perfis de amigos para conex\u00f5es cont\u00ednuas.<\/li>\n<li>Extras divertidos, como jogos e conquistas.<\/li>\n<\/ul>\n<p>\u00c9 ideal para usu\u00e1rios que desejam mais do que bate-papos aleat\u00f3rios fugazes - eles querem uma comunidade digital amig\u00e1vel.<\/p>\n<h2>Considera\u00e7\u00f5es finais: Vale a pena usar o Knuddels?<\/h2>\n<p>Se voc\u00ea estiver procurando uma comunidade de bate-papo on-line estruturada com nostalgia e ferramentas modernas, vale a pena explorar o Knuddels. Embora n\u00e3o ofere\u00e7a a espontaneidade crua do Omegle ou do Chatroulette, ele \u00e9 excelente para criar amizades, grupos e uma atmosfera social acolhedora.<\/p>\n<p>Se voc\u00ea quiser:<\/p>\n<ul>\n<li>Participe de salas de bate-papo p\u00fablicas e animadas.<\/li>\n<li>Mantenha contato com novos amigos.<\/li>\n<li>Jogue jogos casuais enquanto conversa.<\/li>\n<li>Ou simplesmente desfrute de um espa\u00e7o seguro e positivo para se socializar...<\/li>\n<\/ul>\n<p>O Knuddels oferece tudo isso em uma \u00fanica plataforma.<\/p>\n<p>Resumindo: o Knuddels \u00e9 um servi\u00e7o de bate-papo comunit\u00e1rio de longa dura\u00e7\u00e3o que preenche a lacuna entre as antigas salas de bate-papo e os modernos aplicativos sociais. Ele \u00e9 especialmente adequado para usu\u00e1rios que desejam conex\u00f5es cont\u00ednuas em vez de bate-papos an\u00f4nimos r\u00e1pidos.<\/p>\n<p>Pronto para participar? Registre-se, explore as salas e descubra por que o Knuddels continua sendo um dos favoritos no mundo do bate-papo on-line depois de mais de duas d\u00e9cadas.<\/p>","protected":false},"excerpt":{"rendered":"<p>While many modern chat platforms focus on quick, anonymous, and random encounters, there are still communities that emphasize friendship, long-term connections, and digital social spaces. One of the most notable platforms in this category is Knuddels, a long-standing online chat service that started in Germany and has since grown into an active, unique social hub. [&hellip;]<\/p>\n","protected":false},"author":6,"featured_media":0,"parent":0,"menu_order":0,"comment_status":"closed","ping_status":"closed","template":"","meta":{"footnotes":""},"class_list":["post-12075","page","type-page","status-publish","hentry"],"yoast_head":"<!-- This site is optimized with the Yoast SEO plugin v27.6 - https:\/\/yoast.com\/product\/yoast-seo-wordpress\/ -->\n<title>Knuddels - Chat &amp; Play for Free in Chatrooms - TinyChat.com<\/title>\n<meta name=\"description\" content=\"Enjoying Knuddels? Join over 50,000,000 strangers on TinyChat! Turn on your cam and start meeting new people, or find a match.\" \/>\n<meta name=\"robots\" content=\"index, follow, max-snippet:-1, max-image-preview:large, max-video-preview:-1\" \/>\n<link rel=\"canonical\" href=\"https:\/\/tinychat.com\/pt-br\/knuddels\/\" \/>\n<meta property=\"og:locale\" content=\"pt_BR\" \/>\n<meta property=\"og:type\" content=\"article\" \/>\n<meta property=\"og:title\" content=\"Knuddels - Chat &amp; Play for Free in Chatrooms - TinyChat.com\" \/>\n<meta property=\"og:description\" content=\"Enjoying Knuddels? Join over 50,000,000 strangers on TinyChat! Turn on your cam and start meeting new people, or find a match.\" \/>\n<meta property=\"og:url\" content=\"https:\/\/tinychat.com\/pt-br\/knuddels\/\" \/>\n<meta property=\"og:site_name\" content=\"TinyChat\" \/>\n<meta property=\"article:publisher\" content=\"https:\/\/www.facebook.com\/tinychat\" \/>\n<meta property=\"article:modified_time\" content=\"2025-09-29T10:42:16+00:00\" \/>\n<meta property=\"og:image\" content=\"https:\/\/tinychat.com\/wp-content\/uploads\/2020\/04\/Tinychat-logo-1280x284-new-black.png\" \/>\n\t<meta property=\"og:image:width\" content=\"1280\" \/>\n\t<meta property=\"og:image:height\" content=\"284\" \/>\n\t<meta property=\"og:image:type\" content=\"image\/png\" \/>\n<meta name=\"twitter:card\" content=\"summary_large_image\" \/>\n<meta name=\"twitter:site\" content=\"@tinychat\" \/>\n<meta name=\"twitter:label1\" content=\"Est. tempo de leitura\" \/>\n\t<meta name=\"twitter:data1\" content=\"6 minutos\" \/>\n<script type=\"application\/ld+json\" class=\"yoast-schema-graph\">{\"@context\":\"https:\\\/\\\/schema.org\",\"@graph\":[{\"@type\":\"WebPage\",\"@id\":\"https:\\\/\\\/tinychat.com\\\/knuddels\\\/\",\"url\":\"https:\\\/\\\/tinychat.com\\\/knuddels\\\/\",\"name\":\"Knuddels - Chat & Play for Free in Chatrooms - TinyChat.com\",\"isPartOf\":{\"@id\":\"https:\\\/\\\/tinychat.com\\\/#website\"},\"datePublished\":\"2025-09-29T08:54:27+00:00\",\"dateModified\":\"2025-09-29T10:42:16+00:00\",\"description\":\"Enjoying Knuddels? Join over 50,000,000 strangers on TinyChat! Turn on your cam and start meeting new people, or find a match.\",\"breadcrumb\":{\"@id\":\"https:\\\/\\\/tinychat.com\\\/knuddels\\\/#breadcrumb\"},\"inLanguage\":\"pt-BR\",\"potentialAction\":[{\"@type\":\"ReadAction\",\"target\":[\"https:\\\/\\\/tinychat.com\\\/knuddels\\\/\"]}]},{\"@type\":\"BreadcrumbList\",\"@id\":\"https:\\\/\\\/tinychat.com\\\/knuddels\\\/#breadcrumb\",\"itemListElement\":[{\"@type\":\"ListItem\",\"position\":1,\"name\":\"Home\",\"item\":\"https:\\\/\\\/tinychat.com\\\/\"},{\"@type\":\"ListItem\",\"position\":2,\"name\":\"Knuddels\"}]},{\"@type\":\"WebSite\",\"@id\":\"https:\\\/\\\/tinychat.com\\\/#website\",\"url\":\"https:\\\/\\\/tinychat.com\\\/\",\"name\":\"TinyChat\",\"description\":\"Random Video Chat with Strangers\",\"publisher\":{\"@id\":\"https:\\\/\\\/tinychat.com\\\/#organization\"},\"alternateName\":\"TinyChat.com\",\"potentialAction\":[{\"@type\":\"SearchAction\",\"target\":{\"@type\":\"EntryPoint\",\"urlTemplate\":\"https:\\\/\\\/tinychat.com\\\/?s={search_term_string}\"},\"query-input\":{\"@type\":\"PropertyValueSpecification\",\"valueRequired\":true,\"valueName\":\"search_term_string\"}}],\"inLanguage\":\"pt-BR\"},{\"@type\":\"Organization\",\"@id\":\"https:\\\/\\\/tinychat.com\\\/#organization\",\"name\":\"TinyChat\",\"alternateName\":\"TinyChat.com\",\"url\":\"https:\\\/\\\/tinychat.com\\\/\",\"logo\":{\"@type\":\"ImageObject\",\"inLanguage\":\"pt-BR\",\"@id\":\"https:\\\/\\\/tinychat.com\\\/#\\\/schema\\\/logo\\\/image\\\/\",\"url\":\"https:\\\/\\\/tinychat.com\\\/wp-content\\\/uploads\\\/2023\\\/11\\\/Tinychat-icon-square.png\",\"contentUrl\":\"https:\\\/\\\/tinychat.com\\\/wp-content\\\/uploads\\\/2023\\\/11\\\/Tinychat-icon-square.png\",\"width\":284,\"height\":284,\"caption\":\"TinyChat\"},\"image\":{\"@id\":\"https:\\\/\\\/tinychat.com\\\/#\\\/schema\\\/logo\\\/image\\\/\"},\"sameAs\":[\"https:\\\/\\\/www.facebook.com\\\/tinychat\",\"https:\\\/\\\/x.com\\\/tinychat\"]}]}<\/script>\n<!-- \/ Yoast SEO plugin. -->","yoast_head_json":{"title":"Knuddels - Converse e jogue de gra\u00e7a em salas de bate-papo - TinyChat.com","description":"Est\u00e1 gostando de Knuddels? Junte-se a mais de 50.000.000 de estranhos no TinyChat! Ligue sua c\u00e2mera e comece a conhecer novas pessoas ou encontre um par.","robots":{"index":"index","follow":"follow","max-snippet":"max-snippet:-1","max-image-preview":"max-image-preview:large","max-video-preview":"max-video-preview:-1"},"canonical":"https:\/\/tinychat.com\/pt-br\/knuddels\/","og_locale":"pt_BR","og_type":"article","og_title":"Knuddels - Chat & Play for Free in Chatrooms - TinyChat.com","og_description":"Enjoying Knuddels? Join over 50,000,000 strangers on TinyChat! Turn on your cam and start meeting new people, or find a match.","og_url":"https:\/\/tinychat.com\/pt-br\/knuddels\/","og_site_name":"TinyChat","article_publisher":"https:\/\/www.facebook.com\/tinychat","article_modified_time":"2025-09-29T10:42:16+00:00","og_image":[{"width":1280,"height":284,"url":"https:\/\/tinychat.com\/wp-content\/uploads\/2020\/04\/Tinychat-logo-1280x284-new-black.png","type":"image\/png"}],"twitter_card":"summary_large_image","twitter_site":"@tinychat","twitter_misc":{"Est. tempo de leitura":"6 minutos"},"schema":{"@context":"https:\/\/schema.org","@graph":[{"@type":"WebPage","@id":"https:\/\/tinychat.com\/knuddels\/","url":"https:\/\/tinychat.com\/knuddels\/","name":"Knuddels - Converse e jogue de gra\u00e7a em salas de bate-papo - TinyChat.com","isPartOf":{"@id":"https:\/\/tinychat.com\/#website"},"datePublished":"2025-09-29T08:54:27+00:00","dateModified":"2025-09-29T10:42:16+00:00","description":"Est\u00e1 gostando de Knuddels? Junte-se a mais de 50.000.000 de estranhos no TinyChat! Ligue sua c\u00e2mera e comece a conhecer novas pessoas ou encontre um par.","breadcrumb":{"@id":"https:\/\/tinychat.com\/knuddels\/#breadcrumb"},"inLanguage":"pt-BR","potentialAction":[{"@type":"ReadAction","target":["https:\/\/tinychat.com\/knuddels\/"]}]},{"@type":"BreadcrumbList","@id":"https:\/\/tinychat.com\/knuddels\/#breadcrumb","itemListElement":[{"@type":"ListItem","position":1,"name":"Home","item":"https:\/\/tinychat.com\/"},{"@type":"ListItem","position":2,"name":"Knuddels"}]},{"@type":"WebSite","@id":"https:\/\/tinychat.com\/#website","url":"https:\/\/tinychat.com\/","name":"TinyChat","description":"Bate-papo por v\u00eddeo aleat\u00f3rio com estranhos","publisher":{"@id":"https:\/\/tinychat.com\/#organization"},"alternateName":"TinyChat.com","potentialAction":[{"@type":"SearchAction","target":{"@type":"EntryPoint","urlTemplate":"https:\/\/tinychat.com\/?s={search_term_string}"},"query-input":{"@type":"PropertyValueSpecification","valueRequired":true,"valueName":"search_term_string"}}],"inLanguage":"pt-BR"},{"@type":"Organization","@id":"https:\/\/tinychat.com\/#organization","name":"TinyChat","alternateName":"TinyChat.com","url":"https:\/\/tinychat.com\/","logo":{"@type":"ImageObject","inLanguage":"pt-BR","@id":"https:\/\/tinychat.com\/#\/schema\/logo\/image\/","url":"https:\/\/tinychat.com\/wp-content\/uploads\/2023\/11\/Tinychat-icon-square.png","contentUrl":"https:\/\/tinychat.com\/wp-content\/uploads\/2023\/11\/Tinychat-icon-square.png","width":284,"height":284,"caption":"TinyChat"},"image":{"@id":"https:\/\/tinychat.com\/#\/schema\/logo\/image\/"},"sameAs":["https:\/\/www.facebook.com\/tinychat","https:\/\/x.com\/tinychat"]}]}},"_links":{"self":[{"href":"https:\/\/tinychat.com\/pt-br\/wp-json\/wp\/v2\/pages\/12075","targetHints":{"allow":["GET"]}}],"collection":[{"href":"https:\/\/tinychat.com\/pt-br\/wp-json\/wp\/v2\/pages"}],"about":[{"href":"https:\/\/tinychat.com\/pt-br\/wp-json\/wp\/v2\/types\/page"}],"author":[{"embeddable":true,"href":"https:\/\/tinychat.com\/pt-br\/wp-json\/wp\/v2\/users\/6"}],"replies":[{"embeddable":true,"href":"https:\/\/tinychat.com\/pt-br\/wp-json\/wp\/v2\/comments?post=12075"}],"version-history":[{"count":4,"href":"https:\/\/tinychat.com\/pt-br\/wp-json\/wp\/v2\/pages\/12075\/revisions"}],"predecessor-version":[{"id":13543,"href":"https:\/\/tinychat.com\/pt-br\/wp-json\/wp\/v2\/pages\/12075\/revisions\/13543"}],"wp:attachment":[{"href":"https:\/\/tinychat.com\/pt-br\/wp-json\/wp\/v2\/media?parent=12075"}],"curies":[{"name":"wp","href":"https:\/\/api.w.org\/{rel}","templated":true}]}}