{"id":12326,"date":"2025-09-29T11:11:59","date_gmt":"2025-09-29T09:11:59","guid":{"rendered":"https:\/\/tinychat.com\/?page_id=12326"},"modified":"2025-09-29T12:46:19","modified_gmt":"2025-09-29T10:46:19","slug":"mili-live","status":"publish","type":"page","link":"https:\/\/tinychat.com\/pt-br\/mili-live\/","title":{"rendered":"Mili Live"},"content":{"rendered":"<p>Na Internet, n\u00e3o faltam maneiras de conhecer novas pessoas, mas poucas s\u00e3o t\u00e3o diretas e empolgantes quanto as plataformas de bate-papo por v\u00eddeo aleat\u00f3rias. Ao contr\u00e1rio da m\u00eddia social, que nos mant\u00e9m presos aos nossos c\u00edrculos existentes, esses servi\u00e7os nos permitem entrar no desconhecido a cada clique. A Mili Live \u00e9 uma dessas plataformas - um nome emergente no espa\u00e7o que se concentra em conex\u00f5es de v\u00eddeo r\u00e1pidas e individuais com estranhos em todo o mundo.<\/p>\n<p>Com \u00eanfase na simplicidade, acessibilidade e encontros espont\u00e2neos, o Mili Live se enquadra na mesma categoria do Omegle, Chatroulette e Emerald Chat, mas com seu pr\u00f3prio design moderno e abordagem compat\u00edvel com dispositivos m\u00f3veis. Para usu\u00e1rios que desejam explorar, conversar e se conectar instantaneamente, ele oferece uma experi\u00eancia leve e envolvente.<\/p>\n<p>Esta an\u00e1lise explorar\u00e1 o que \u00e9 a Mili Live, seus recursos, como us\u00e1-la, a experi\u00eancia do usu\u00e1rio, compara\u00e7\u00f5es com concorrentes, ferramentas de seguran\u00e7a e dicas para maximizar seu tempo na plataforma.<\/p>\n<h2>O que \u00e9 o Mili Live?<\/h2>\n<p>O Mili Live \u00e9 um aplicativo e site de bate-papo por v\u00eddeo aleat\u00f3rio que conecta usu\u00e1rios instantaneamente em conversas de v\u00eddeo individuais. Em sua ess\u00eancia, ele foi criado com base nos mesmos princ\u00edpios que tornaram o Omegle famoso: anonimato, espontaneidade e alcance global.<\/p>\n<p>Ao contr\u00e1rio das redes sociais ou dos aplicativos de namoro, o Mili Live n\u00e3o exige perfis ou inscri\u00e7\u00f5es. Em vez disso, ele prioriza conversas em v\u00eddeo do tipo \"drop-in, drop-out\", o que o torna uma maneira r\u00e1pida e sem press\u00e3o de conhecer estranhos.<\/p>\n<p>\u00c9 especialmente popular entre as pessoas que procuram:<\/p>\n<ul>\n<li>Conversas r\u00e1pidas e casuais.<\/li>\n<li>Interc\u00e2mbio cultural global.<\/li>\n<li>Bate-papo por v\u00eddeo aleat\u00f3rio compat\u00edvel com dispositivos m\u00f3veis.<\/li>\n<\/ul>\n<h2>Principais recursos do Mili Live<\/h2>\n<p>O Mili Live mant\u00e9m seus recursos focados em acessibilidade e conex\u00f5es instant\u00e2neas.<\/p>\n<h3>1. Bate-papo por v\u00eddeo aleat\u00f3rio individual<\/h3>\n<ul>\n<li>Instantaneamente, voc\u00ea se relaciona com um estranho.<\/li>\n<li>Webcam e microfone habilitados para intera\u00e7\u00e3o ao vivo.<\/li>\n<li>Interface simples, sem distra\u00e7\u00f5es.<\/li>\n<\/ul>\n<h3>2. Bot\u00e3o Pular<\/h3>\n<ul>\n<li>Avance rapidamente se o bate-papo n\u00e3o for adequado.<\/li>\n<li>Mant\u00e9m a experi\u00eancia r\u00e1pida e envolvente.<\/li>\n<\/ul>\n<h3>3. Integra\u00e7\u00e3o de chat de texto<\/h3>\n<ul>\n<li>Caixa de bate-papo integrada ao v\u00eddeo.<\/li>\n<li>\u00datil para esclarecer ou mudar para conversas somente de texto.<\/li>\n<\/ul>\n<h3>4. Design compat\u00edvel com dispositivos m\u00f3veis<\/h3>\n<ul>\n<li>Funciona sem problemas em navegadores de desktop e m\u00f3veis.<\/li>\n<li>Algumas regi\u00f5es tamb\u00e9m oferecem acesso baseado em aplicativos.<\/li>\n<\/ul>\n<h3>5. Conex\u00f5es globais<\/h3>\n<ul>\n<li>Combina\u00e7\u00e3o aleat\u00f3ria com pessoas do mundo todo.<\/li>\n<li>\u00d3timo para praticar idiomas ou explorar culturas diferentes.<\/li>\n<\/ul>\n<h3>6. Anonimato<\/h3>\n<ul>\n<li>N\u00e3o s\u00e3o necess\u00e1rias informa\u00e7\u00f5es pessoais ou de conta.<\/li>\n<li>As conversas s\u00e3o privadas e tempor\u00e1rias.<\/li>\n<\/ul>\n<h2>Como usar o Mili Live<\/h2>\n<p>O Mili Live enfatiza a velocidade e a simplicidade - voc\u00ea pode come\u00e7ar a conversar em segundos.<\/p>\n<h3>Etapa 1: Visite o site ou abra o aplicativo<\/h3>\n<ul>\n<li>Funciona diretamente em navegadores ou via aplicativo m\u00f3vel, quando dispon\u00edvel.<\/li>\n<\/ul>\n<h3>Etapa 2: habilitar permiss\u00f5es<\/h3>\n<ul>\n<li>Permita o acesso \u00e0 c\u00e2mera e ao microfone.<\/li>\n<\/ul>\n<h3>Etapa 3: Clique em Iniciar<\/h3>\n<ul>\n<li>Fa\u00e7a um emparelhamento instant\u00e2neo com um estranho.<\/li>\n<\/ul>\n<h3>Etapa 4: Conversar ou pular<\/h3>\n<ul>\n<li>Permane\u00e7a em uma conversa se estiver gostando dela.<\/li>\n<li>Clique em \"Next\" para encontrar algu\u00e9m novo.<\/li>\n<\/ul>\n<h3>Etapa 5: Repetir<\/h3>\n<ul>\n<li>Continue conversando com quantas pessoas quiser.<\/li>\n<\/ul>\n<h2>Experi\u00eancia do usu\u00e1rio no Mili Live<\/h2>\n<p>O Mili Live oferece uma experi\u00eancia leve e sem frescuras, atraindo usu\u00e1rios que desejam bate-papos r\u00e1pidos e casuais.<\/p>\n<h3>O que os usu\u00e1rios gostam<\/h3>\n<ul>\n<li>Muito r\u00e1pido para come\u00e7ar, sem registro.<\/li>\n<li>Interface limpa, f\u00e1cil de usar.<\/li>\n<li>Funciona bem em dispositivos m\u00f3veis.<\/li>\n<li>As conversas s\u00e3o an\u00f4nimas e tempor\u00e1rias.<\/li>\n<\/ul>\n<h3>Onde os usu\u00e1rios veem espa\u00e7o para melhorias<\/h3>\n<ul>\n<li>Base de usu\u00e1rios menor em compara\u00e7\u00e3o com o Omegle ou o Chatroulette.<\/li>\n<li>Op\u00e7\u00f5es limitadas de filtragem (por exemplo, g\u00eanero ou local).<\/li>\n<li>N\u00e3o h\u00e1 op\u00e7\u00e3o de reconex\u00e3o para bate-papos perdidos.<\/li>\n<li>N\u00e3o possui recursos avan\u00e7ados, como jogos ou perfis.<\/li>\n<\/ul>\n<p>Apesar dessas lacunas, a simplicidade e a acessibilidade m\u00f3vel do Mili Live o tornam atraente para pessoas que desejam apenas conversas r\u00e1pidas e aleat\u00f3rias.<\/p>\n<h2>Mili Live vs. outras plataformas de bate-papo aleat\u00f3rio<\/h2>\n<p>Veja como o Mili Live se compara aos seus concorrentes:<\/p>\n<table>\n<thead>\n<tr>\n<th>Recurso<\/th>\n<th>Mili Live<\/th>\n<th>Omegle<\/th>\n<th>Chatroulette<\/th>\n<th>ChatHub<\/th>\n<th>Emerald Chat<\/th>\n<th>Aplicativo Monkey<\/th>\n<\/tr>\n<\/thead>\n<tbody>\n<tr>\n<td>V\u00eddeo aleat\u00f3rio individual<\/td>\n<td>\u2705 Sim<\/td>\n<td>\u2705 Sim<\/td>\n<td>\u2705 Sim<\/td>\n<td>\u2705 Sim<\/td>\n<td>\u2705 Sim<\/td>\n<td>\u2705 Sim<\/td>\n<\/tr>\n<tr>\n<td>Op\u00e7\u00e3o de bate-papo por texto<\/td>\n<td>\u2705 Sim<\/td>\n<td>\u2705 Sim<\/td>\n<td>\u2705 Sim<\/td>\n<td>\u2705 Sim<\/td>\n<td>\u2705 Sim<\/td>\n<td>\u2705 Sim<\/td>\n<\/tr>\n<tr>\n<td>Anonimato<\/td>\n<td>\u2705 Forte<\/td>\n<td>\u2705 Forte<\/td>\n<td>\u2705 Forte<\/td>\n<td>\u2705 Moderado<\/td>\n<td>\u2705 Moderado<\/td>\n<td>\u26a0\ufe0f Limited<\/td>\n<\/tr>\n<tr>\n<td>Filtros (g\u00eanero\/localiza\u00e7\u00e3o)<\/td>\n<td>\u274c N\u00e3o<\/td>\n<td>\u274c N\u00e3o<\/td>\n<td>\u2705 Limitada<\/td>\n<td>\u2705 Sim<\/td>\n<td>\u2705 Sim<\/td>\n<td>\u2705 Sim<\/td>\n<\/tr>\n<tr>\n<td>Perfis e amigos<\/td>\n<td>\u274c N\u00e3o<\/td>\n<td>\u274c N\u00e3o<\/td>\n<td>\u274c N\u00e3o<\/td>\n<td>\u2705 Sim<\/td>\n<td>\u2705 Sim<\/td>\n<td>\u2705 Sim<\/td>\n<\/tr>\n<tr>\n<td>Compat\u00edvel com dispositivos m\u00f3veis<\/td>\n<td>\u2705 Sim<\/td>\n<td>\u2705 Sim<\/td>\n<td>\u2705 Sim<\/td>\n<td>\u2705 Sim<\/td>\n<td>\u2705 Sim<\/td>\n<td>\u2705 Sim<\/td>\n<\/tr>\n<\/tbody>\n<\/table>\n<p>Resumo: O Mili Live parece mais pr\u00f3ximo do Omegle e do Chatroulette em sua simplicidade, enquanto concorrentes como o Emerald Chat e o ChatHub acrescentam recursos mais estruturados.<\/p>\n<h2>O Mili Live \u00e9 seguro?<\/h2>\n<p>O modelo de anonimato do Mili Live pode ser tanto um ponto forte quanto um ponto fraco.<\/p>\n<h3>Ferramentas de seguran\u00e7a incorporadas<\/h3>\n<ul>\n<li>An\u00f4nimo por padr\u00e3o.<\/li>\n<li>Bot\u00e3o Pular para sair das conversas instantaneamente.<\/li>\n<li>Bate-papos privados e tempor\u00e1rios.<\/li>\n<\/ul>\n<h3>Dicas de seguran\u00e7a para usu\u00e1rios<\/h3>\n<ul>\n<li>N\u00e3o compartilhe detalhes pessoais (nome verdadeiro, telefone, endere\u00e7o, informa\u00e7\u00f5es financeiras).<\/li>\n<li>Encerre qualquer conversa que pare\u00e7a inc\u00f4moda.<\/li>\n<li>Os pais devem supervisionar os usu\u00e1rios mais jovens.<\/li>\n<li>Considere o uso de uma VPN para aumentar a privacidade.<\/li>\n<\/ul>\n<h2>Dicas para aproveitar ao m\u00e1ximo o Mili Live<\/h2>\n<ul>\n<li>Aceite a aleatoriedade - a divers\u00e3o vem das conex\u00f5es surpreendentes.<\/li>\n<li>Participe nos hor\u00e1rios de pico (noites\/fins de semana) para obter mais atividade.<\/li>\n<li>Use uma boa ilumina\u00e7\u00e3o para melhorar a qualidade do v\u00eddeo.<\/li>\n<li>Os fones de ouvido podem melhorar a clareza do \u00e1udio.<\/li>\n<li>Mantenha as coisas leves e casuais - os bate-papos aleat\u00f3rios funcionam melhor com t\u00f3picos divertidos.<\/li>\n<li>Use o bot\u00e3o de pular livremente - nem todos os bate-papos ser\u00e3o agrad\u00e1veis.<\/li>\n<\/ul>\n<h2>Problemas comuns e corre\u00e7\u00f5es<\/h2>\n<h3>Problema: a c\u00e2mera\/microfone n\u00e3o funciona<\/h3>\n<ul>\n<li>Verifique as permiss\u00f5es do navegador.<\/li>\n<li>Reinicie o aplicativo ou o dispositivo.<\/li>\n<li>Verifique se nenhum outro aplicativo est\u00e1 usando a c\u00e2mera.<\/li>\n<\/ul>\n<h3>Problema: poucas partidas dispon\u00edveis<\/h3>\n<ul>\n<li>Experimente em hor\u00e1rios diferentes do dia para obter mais usu\u00e1rios.<\/li>\n<li>Os hor\u00e1rios de pico geralmente oferecem mais variedade.<\/li>\n<\/ul>\n<h3>Problema: Qualidade de v\u00eddeo ruim<\/h3>\n<ul>\n<li>Mude para Wi-Fi se estiver usando dados m\u00f3veis.<\/li>\n<li>Feche outros aplicativos que usam largura de banda.<\/li>\n<\/ul>\n<h3>Problema: usu\u00e1rios inadequados<\/h3>\n<ul>\n<li>Pule imediatamente.<\/li>\n<li>Informe sempre que poss\u00edvel.<\/li>\n<\/ul>\n<h2>Por que as pessoas escolhem a Mili Live<\/h2>\n<p>O Mili Live atrai os usu\u00e1rios porque oferece:<\/p>\n<ul>\n<li>Simplicidade - sem recursos complexos, apenas bate-papo.<\/li>\n<li>Inicie rapidamente o bate-papo em segundos.<\/li>\n<li>Acessibilidade - funciona em dispositivos m\u00f3veis e computadores.<\/li>\n<li>Anonimato - n\u00e3o s\u00e3o necess\u00e1rios perfis ou inscri\u00e7\u00f5es.<\/li>\n<\/ul>\n<p>Ele \u00e9 especialmente popular entre aqueles que desejam uma alternativa mais limpa e r\u00e1pida aos antigos sites de bate-papo aleat\u00f3rios.<\/p>\n<h2>Considera\u00e7\u00f5es finais: Vale a pena usar o Mili Live?<\/h2>\n<p>Se estiver procurando uma plataforma de bate-papo por v\u00eddeo aleat\u00f3rio direta, o Mili Live \u00e9 uma op\u00e7\u00e3o s\u00f3lida. Ela n\u00e3o oferece os extras de nomes maiores como Emerald Chat ou Monkey, mas isso tamb\u00e9m faz parte de seu apelo - \u00e9 limpa, simples e criada exclusivamente para encontros espont\u00e2neos e individuais.<\/p>\n<p>Se voc\u00ea quiser:<\/p>\n<ul>\n<li>Passar o tempo em conversas casuais.<\/li>\n<li>Conhecer pessoas de outros pa\u00edses.<\/li>\n<li>Desfrute de bate-papos por v\u00eddeo r\u00e1pidos e sem press\u00e3o...<\/li>\n<\/ul>\n<p>O Mili Live foi projetado exatamente para isso.<\/p>\n<p>Resumindo: o Mili Live \u00e9 um servi\u00e7o de bate-papo por v\u00eddeo leve e an\u00f4nimo que oferece uma maneira f\u00e1cil de conhecer pessoas desconhecidas em todo o mundo. Se voc\u00ea deseja simplicidade pura, sem distra\u00e7\u00f5es, vale a pena dar uma olhada.<\/p>\n<p>Pronto para experimentar? Visite o Mili Live, clique em iniciar e descubra quem voc\u00ea conhecer\u00e1 em seguida.<\/p>","protected":false},"excerpt":{"rendered":"<p>The internet has no shortage of ways to meet new people, but few are as direct and exciting as random video chat platforms. Unlike social media, which keeps us tied to our existing circles, these services allow us to step into the unknown with every click. Mili Live is one such platform\u2014an emerging name in [&hellip;]<\/p>\n","protected":false},"author":6,"featured_media":0,"parent":0,"menu_order":0,"comment_status":"closed","ping_status":"closed","template":"","meta":{"footnotes":""},"class_list":["post-12326","page","type-page","status-publish","hentry"],"yoast_head":"<!-- This site is optimized with the Yoast SEO plugin v27.6 - https:\/\/yoast.com\/product\/yoast-seo-wordpress\/ -->\n<title>Mili Live - #1 Video Chat to Meet New Friends - TinyChat.com<\/title>\n<meta name=\"description\" content=\"Enjoying Mili Live? Join over 50,000,000 strangers on TinyChat! Turn on your cam and start meeting new people, or find a match.\" \/>\n<meta name=\"robots\" content=\"index, follow, max-snippet:-1, max-image-preview:large, max-video-preview:-1\" \/>\n<link rel=\"canonical\" href=\"https:\/\/tinychat.com\/pt-br\/mili-live\/\" \/>\n<meta property=\"og:locale\" content=\"pt_BR\" \/>\n<meta property=\"og:type\" content=\"article\" \/>\n<meta property=\"og:title\" content=\"Mili Live - #1 Video Chat to Meet New Friends - TinyChat.com\" \/>\n<meta property=\"og:description\" content=\"Enjoying Mili Live? Join over 50,000,000 strangers on TinyChat! Turn on your cam and start meeting new people, or find a match.\" \/>\n<meta property=\"og:url\" content=\"https:\/\/tinychat.com\/pt-br\/mili-live\/\" \/>\n<meta property=\"og:site_name\" content=\"TinyChat\" \/>\n<meta property=\"article:publisher\" content=\"https:\/\/www.facebook.com\/tinychat\" \/>\n<meta property=\"article:modified_time\" content=\"2025-09-29T10:46:19+00:00\" \/>\n<meta property=\"og:image\" content=\"https:\/\/tinychat.com\/wp-content\/uploads\/2020\/04\/Tinychat-logo-1280x284-new-black.png\" \/>\n\t<meta property=\"og:image:width\" content=\"1280\" \/>\n\t<meta property=\"og:image:height\" content=\"284\" \/>\n\t<meta property=\"og:image:type\" content=\"image\/png\" \/>\n<meta name=\"twitter:card\" content=\"summary_large_image\" \/>\n<meta name=\"twitter:site\" content=\"@tinychat\" \/>\n<meta name=\"twitter:label1\" content=\"Est. tempo de leitura\" \/>\n\t<meta name=\"twitter:data1\" content=\"5 minutos\" \/>\n<script type=\"application\/ld+json\" class=\"yoast-schema-graph\">{\"@context\":\"https:\\\/\\\/schema.org\",\"@graph\":[{\"@type\":\"WebPage\",\"@id\":\"https:\\\/\\\/tinychat.com\\\/mili-live\\\/\",\"url\":\"https:\\\/\\\/tinychat.com\\\/mili-live\\\/\",\"name\":\"Mili Live - #1 Video Chat to Meet New Friends - TinyChat.com\",\"isPartOf\":{\"@id\":\"https:\\\/\\\/tinychat.com\\\/#website\"},\"datePublished\":\"2025-09-29T09:11:59+00:00\",\"dateModified\":\"2025-09-29T10:46:19+00:00\",\"description\":\"Enjoying Mili Live? Join over 50,000,000 strangers on TinyChat! Turn on your cam and start meeting new people, or find a match.\",\"breadcrumb\":{\"@id\":\"https:\\\/\\\/tinychat.com\\\/mili-live\\\/#breadcrumb\"},\"inLanguage\":\"pt-BR\",\"potentialAction\":[{\"@type\":\"ReadAction\",\"target\":[\"https:\\\/\\\/tinychat.com\\\/mili-live\\\/\"]}]},{\"@type\":\"BreadcrumbList\",\"@id\":\"https:\\\/\\\/tinychat.com\\\/mili-live\\\/#breadcrumb\",\"itemListElement\":[{\"@type\":\"ListItem\",\"position\":1,\"name\":\"Home\",\"item\":\"https:\\\/\\\/tinychat.com\\\/\"},{\"@type\":\"ListItem\",\"position\":2,\"name\":\"Mili Live\"}]},{\"@type\":\"WebSite\",\"@id\":\"https:\\\/\\\/tinychat.com\\\/#website\",\"url\":\"https:\\\/\\\/tinychat.com\\\/\",\"name\":\"TinyChat\",\"description\":\"Random Video Chat with Strangers\",\"publisher\":{\"@id\":\"https:\\\/\\\/tinychat.com\\\/#organization\"},\"alternateName\":\"TinyChat.com\",\"potentialAction\":[{\"@type\":\"SearchAction\",\"target\":{\"@type\":\"EntryPoint\",\"urlTemplate\":\"https:\\\/\\\/tinychat.com\\\/?s={search_term_string}\"},\"query-input\":{\"@type\":\"PropertyValueSpecification\",\"valueRequired\":true,\"valueName\":\"search_term_string\"}}],\"inLanguage\":\"pt-BR\"},{\"@type\":\"Organization\",\"@id\":\"https:\\\/\\\/tinychat.com\\\/#organization\",\"name\":\"TinyChat\",\"alternateName\":\"TinyChat.com\",\"url\":\"https:\\\/\\\/tinychat.com\\\/\",\"logo\":{\"@type\":\"ImageObject\",\"inLanguage\":\"pt-BR\",\"@id\":\"https:\\\/\\\/tinychat.com\\\/#\\\/schema\\\/logo\\\/image\\\/\",\"url\":\"https:\\\/\\\/tinychat.com\\\/wp-content\\\/uploads\\\/2023\\\/11\\\/Tinychat-icon-square.png\",\"contentUrl\":\"https:\\\/\\\/tinychat.com\\\/wp-content\\\/uploads\\\/2023\\\/11\\\/Tinychat-icon-square.png\",\"width\":284,\"height\":284,\"caption\":\"TinyChat\"},\"image\":{\"@id\":\"https:\\\/\\\/tinychat.com\\\/#\\\/schema\\\/logo\\\/image\\\/\"},\"sameAs\":[\"https:\\\/\\\/www.facebook.com\\\/tinychat\",\"https:\\\/\\\/x.com\\\/tinychat\"]}]}<\/script>\n<!-- \/ Yoast SEO plugin. -->","yoast_head_json":{"title":"Mili Live - #1 Bate-papo por v\u00eddeo para conhecer novos amigos - TinyChat.com","description":"Est\u00e1 gostando do Mili Live? Junte-se a mais de 50.000.000 de estranhos no TinyChat! Ligue sua c\u00e2mera e comece a conhecer novas pessoas ou encontre um par.","robots":{"index":"index","follow":"follow","max-snippet":"max-snippet:-1","max-image-preview":"max-image-preview:large","max-video-preview":"max-video-preview:-1"},"canonical":"https:\/\/tinychat.com\/pt-br\/mili-live\/","og_locale":"pt_BR","og_type":"article","og_title":"Mili Live - #1 Video Chat to Meet New Friends - TinyChat.com","og_description":"Enjoying Mili Live? Join over 50,000,000 strangers on TinyChat! Turn on your cam and start meeting new people, or find a match.","og_url":"https:\/\/tinychat.com\/pt-br\/mili-live\/","og_site_name":"TinyChat","article_publisher":"https:\/\/www.facebook.com\/tinychat","article_modified_time":"2025-09-29T10:46:19+00:00","og_image":[{"width":1280,"height":284,"url":"https:\/\/tinychat.com\/wp-content\/uploads\/2020\/04\/Tinychat-logo-1280x284-new-black.png","type":"image\/png"}],"twitter_card":"summary_large_image","twitter_site":"@tinychat","twitter_misc":{"Est. tempo de leitura":"5 minutos"},"schema":{"@context":"https:\/\/schema.org","@graph":[{"@type":"WebPage","@id":"https:\/\/tinychat.com\/mili-live\/","url":"https:\/\/tinychat.com\/mili-live\/","name":"Mili Live - #1 Bate-papo por v\u00eddeo para conhecer novos amigos - TinyChat.com","isPartOf":{"@id":"https:\/\/tinychat.com\/#website"},"datePublished":"2025-09-29T09:11:59+00:00","dateModified":"2025-09-29T10:46:19+00:00","description":"Est\u00e1 gostando do Mili Live? Junte-se a mais de 50.000.000 de estranhos no TinyChat! Ligue sua c\u00e2mera e comece a conhecer novas pessoas ou encontre um par.","breadcrumb":{"@id":"https:\/\/tinychat.com\/mili-live\/#breadcrumb"},"inLanguage":"pt-BR","potentialAction":[{"@type":"ReadAction","target":["https:\/\/tinychat.com\/mili-live\/"]}]},{"@type":"BreadcrumbList","@id":"https:\/\/tinychat.com\/mili-live\/#breadcrumb","itemListElement":[{"@type":"ListItem","position":1,"name":"Home","item":"https:\/\/tinychat.com\/"},{"@type":"ListItem","position":2,"name":"Mili Live"}]},{"@type":"WebSite","@id":"https:\/\/tinychat.com\/#website","url":"https:\/\/tinychat.com\/","name":"TinyChat","description":"Bate-papo por v\u00eddeo aleat\u00f3rio com estranhos","publisher":{"@id":"https:\/\/tinychat.com\/#organization"},"alternateName":"TinyChat.com","potentialAction":[{"@type":"SearchAction","target":{"@type":"EntryPoint","urlTemplate":"https:\/\/tinychat.com\/?s={search_term_string}"},"query-input":{"@type":"PropertyValueSpecification","valueRequired":true,"valueName":"search_term_string"}}],"inLanguage":"pt-BR"},{"@type":"Organization","@id":"https:\/\/tinychat.com\/#organization","name":"TinyChat","alternateName":"TinyChat.com","url":"https:\/\/tinychat.com\/","logo":{"@type":"ImageObject","inLanguage":"pt-BR","@id":"https:\/\/tinychat.com\/#\/schema\/logo\/image\/","url":"https:\/\/tinychat.com\/wp-content\/uploads\/2023\/11\/Tinychat-icon-square.png","contentUrl":"https:\/\/tinychat.com\/wp-content\/uploads\/2023\/11\/Tinychat-icon-square.png","width":284,"height":284,"caption":"TinyChat"},"image":{"@id":"https:\/\/tinychat.com\/#\/schema\/logo\/image\/"},"sameAs":["https:\/\/www.facebook.com\/tinychat","https:\/\/x.com\/tinychat"]}]}},"_links":{"self":[{"href":"https:\/\/tinychat.com\/pt-br\/wp-json\/wp\/v2\/pages\/12326","targetHints":{"allow":["GET"]}}],"collection":[{"href":"https:\/\/tinychat.com\/pt-br\/wp-json\/wp\/v2\/pages"}],"about":[{"href":"https:\/\/tinychat.com\/pt-br\/wp-json\/wp\/v2\/types\/page"}],"author":[{"embeddable":true,"href":"https:\/\/tinychat.com\/pt-br\/wp-json\/wp\/v2\/users\/6"}],"replies":[{"embeddable":true,"href":"https:\/\/tinychat.com\/pt-br\/wp-json\/wp\/v2\/comments?post=12326"}],"version-history":[{"count":3,"href":"https:\/\/tinychat.com\/pt-br\/wp-json\/wp\/v2\/pages\/12326\/revisions"}],"predecessor-version":[{"id":13545,"href":"https:\/\/tinychat.com\/pt-br\/wp-json\/wp\/v2\/pages\/12326\/revisions\/13545"}],"wp:attachment":[{"href":"https:\/\/tinychat.com\/pt-br\/wp-json\/wp\/v2\/media?parent=12326"}],"curies":[{"name":"wp","href":"https:\/\/api.w.org\/{rel}","templated":true}]}}