{"id":12345,"date":"2025-07-26T15:54:37","date_gmt":"2025-07-26T13:54:37","guid":{"rendered":"https:\/\/tinychat.com\/?page_id=12345"},"modified":"2025-07-26T17:48:48","modified_gmt":"2025-07-26T15:48:48","slug":"chatroom2000","status":"publish","type":"page","link":"https:\/\/tinychat.com\/pt-br\/chatroom2000\/","title":{"rendered":"Sala de bate-papo2000"},"content":{"rendered":"<p>Em uma era de swiping, algoritmos e aplicativos chamativos, \u00e0s vezes voc\u00ea s\u00f3 quer uma conversa real - uma maneira simples e direta de conhecer pessoas, conversar, flertar ou fazer novos amigos em um ambiente on-line seguro e animado. H\u00e1 d\u00e9cadas, o Chatroom2000 \u00e9 esse lugar: uma plataforma de bate-papo atemporal, baseada na Web, que combina o melhor das salas de bate-papo cl\u00e1ssicas com recursos modernos e um forte esp\u00edrito de comunidade.<\/p>\n<p>Esteja voc\u00ea aqui para fazer amigos, participar de um grupo de discuss\u00e3o, procurar romance, praticar um novo idioma ou apenas passar algum tempo com pessoas interessantes, o Chatroom2000 oferece um espa\u00e7o acolhedor e f\u00e1cil de usar onde qualquer pessoa pode participar da conversa - sem necessidade de registro ou downloads.<\/p>\n<p>Este guia detalhado explora tudo o que voc\u00ea precisa saber sobre o Chatroom2000: como ele funciona, seus recursos exclusivos, a experi\u00eancia do usu\u00e1rio, privacidade e seguran\u00e7a, compara\u00e7\u00f5es com outras plataformas de salas de bate-papo, solu\u00e7\u00e3o de problemas e dicas de especialistas para obter o m\u00e1ximo de cada sess\u00e3o.<\/p>\n<h2>O que \u00e9 o Chatroom2000?<\/h2>\n<p>O Chatroom2000 \u00e9 uma plataforma de bate-papo gratuita, baseada em navegador, que permite que os usu\u00e1rios participem de salas de bate-papo p\u00fablicas ou privadas para conversas em grupo ou individuais. Com base na tradi\u00e7\u00e3o cl\u00e1ssica de bate-papo na Web, mas continuamente atualizado para os usu\u00e1rios de hoje, o Chatroom2000 \u00e9 conhecido por sua simplicidade, acessibilidade e atmosfera amig\u00e1vel.<\/p>\n<p>Ao contr\u00e1rio das m\u00eddias sociais ou dos aplicativos de namoro, o Chatroom2000 trata de comunica\u00e7\u00e3o em tempo real, n\u00e3o de perfis ou algoritmos. N\u00e3o h\u00e1 nenhum aplicativo para baixar nem registro obrigat\u00f3rio - basta escolher um apelido e entrar em uma sala. A plataforma \u00e9 especialmente popular nos pa\u00edses de l\u00edngua alem\u00e3, mas recebe usu\u00e1rios de todo o mundo.<\/p>\n<p>O Chatroom2000 \u00e9 perfeito para:<\/p>\n<ul>\n<li>Conversas casuais e encontros com novos amigos<\/li>\n<li>Paquera e namoro on-line<\/li>\n<li>Suporte, aconselhamento e bate-papo da comunidade<\/li>\n<li>Interc\u00e2mbio de idiomas e descoberta cultural<\/li>\n<li>Nostalgia cl\u00e1ssica do bate-papo em grupo<\/li>\n<\/ul>\n<h2>Principais recursos do Chatroom2000<\/h2>\n<p>O que faz do Chatroom2000 um destaque no mundo das salas de bate-papo on-line? Aqui est\u00e1 um resumo de seus principais recursos e o que o diferencia dos demais:<\/p>\n<h3>1. Acesso instant\u00e2neo, sem necessidade de registro<\/h3>\n<p>Entre em uma sala de bate-papo em segundos - n\u00e3o \u00e9 necess\u00e1rio criar uma conta ou fazer download de um aplicativo. Basta escolher um apelido e voc\u00ea estar\u00e1 pronto para conversar.<\/p>\n<h3>2. Grande variedade de salas de bate-papo<\/h3>\n<p>Escolha entre dezenas de salas de bate-papo tem\u00e1ticas:<\/p>\n<ul>\n<li>Bate-papo geral: Para conversas informais com qualquer pessoa.<\/li>\n<li>Sala de paquera: Para solteiros e pessoas em busca de romance.<\/li>\n<li>Salas de pa\u00edses\/idiomas: Conecte-se com usu\u00e1rios da Alemanha, \u00c1ustria, Su\u00ed\u00e7a e outros pa\u00edses - ou pratique seu alem\u00e3o em um ambiente amig\u00e1vel.<\/li>\n<li>Salas de interesses especiais: M\u00fasica, jogos, esportes, conselhos e muito mais.<\/li>\n<\/ul>\n<h3>3. Mensagens privadas e sussurro<\/h3>\n<p>Inicie um bate-papo individual privado com qualquer pessoa em uma sala. Use o recurso \"Whisper\" para enviar mensagens discretas sem sair da conversa em grupo.<\/p>\n<h3>4. Perfis de usu\u00e1rio e personaliza\u00e7\u00e3o<\/h3>\n<p>Crie um perfil simples com um apelido, um avatar e uma mensagem de status. Os perfis s\u00e3o opcionais, mantendo a experi\u00eancia leve e an\u00f4nima para aqueles que preferem privacidade.<\/p>\n<h3>5. Emoticons, GIFs e compartilhamento de m\u00eddia<\/h3>\n<p>Expresse-se com uma ampla variedade de emoticons, GIFs e compartilhamento seguro de m\u00eddia (as imagens s\u00e3o moderadas por seguran\u00e7a).<\/p>\n<h3>6. Modera\u00e7\u00e3o e ambiente seguro<\/h3>\n<p>O Chatroom2000 \u00e9 conhecido por sua modera\u00e7\u00e3o ativa:<\/p>\n<ul>\n<li>Os moderadores humanos ficam de olho nas salas e respondem \u00e0s den\u00fancias dos usu\u00e1rios.<\/li>\n<li>Spam, bots e conte\u00fado inadequado s\u00e3o tratados rapidamente para manter um espa\u00e7o amig\u00e1vel.<\/li>\n<li>Os usu\u00e1rios podem bloquear ou denunciar qualquer pessoa que seja perturbadora.<\/li>\n<\/ul>\n<h3>7. Compat\u00edvel com dispositivos m\u00f3veis e baseado em navegador<\/h3>\n<p>O Chatroom2000 funciona perfeitamente em smartphones, tablets e desktops, com um design responsivo que se adapta a qualquer tamanho de tela.<\/p>\n<h3>8. Registro opcional para extras<\/h3>\n<p>Embora n\u00e3o seja necess\u00e1rio se registrar para o bate-papo, a inscri\u00e7\u00e3o desbloqueia recursos como:<\/p>\n<ul>\n<li>Listas de amigos<\/li>\n<li>Hist\u00f3rico de mensagens privadas<\/li>\n<li>Perfis e apelidos salvos<\/li>\n<li>Cria\u00e7\u00e3o de c\u00f4modos personalizados<\/li>\n<\/ul>\n<h2>Como usar o Chatroom2000<\/h2>\n<p>Come\u00e7ar a usar o Chatroom2000 \u00e9 r\u00e1pido e direto:<\/p>\n<h3>Etapa 1: Visite o site do Chatroom2000<\/h3>\n<p>Acesse chatroom2000.de (ou sua vers\u00e3o regional) em qualquer navegador da Web.<\/p>\n<h3>Etapa 2: Escolha sua sala de bate-papo<\/h3>\n<p>Navegue pela lista de salas de bate-papo p\u00fablicas ou escolha uma com base em seus interesses - namoro, amizade, idioma, m\u00fasica etc.<\/p>\n<h3>Etapa 3: Escolha um apelido<\/h3>\n<p>Digite um apelido (n\u00e3o s\u00e3o necess\u00e1rios nomes reais ou registro para a maioria dos recursos).<\/p>\n<h3>Etapa 4: Participe da conversa<\/h3>\n<p>Comece a conversar na sala p\u00fablica ou use o recurso de mensagem privada para se conectar individualmente.<\/p>\n<h3>Etapa 5: Personalize sua experi\u00eancia<\/h3>\n<p>Adicione um avatar, defina um status ou registre uma conta para obter mais recursos.<\/p>\n<h3>Etapa 6: Mensagens privadas e sussurro<\/h3>\n<p>Para conversar em particular, clique no nome de um usu\u00e1rio e escolha \"Whisper\" ou \"Private Chat\".<\/p>\n<h3>Etapa 7: Use emoticons e GIFs<\/h3>\n<p>Mantenha as coisas animadas e expressivas com uma ampla variedade de emoticons, adesivos e GIFs.<\/p>\n<h3>Etapa 8: Relatar ou bloquear conforme necess\u00e1rio<\/h3>\n<p>Se voc\u00ea encontrar trolls ou conte\u00fado inadequado, use os bot\u00f5es de den\u00fancia ou bloqueio - os moderadores agem rapidamente.<\/p>\n<h2>Experi\u00eancia do usu\u00e1rio no Chatroom2000<\/h2>\n<p>O Chatroom2000 tem tudo a ver com conversa, comunidade e simplicidade - com um forte foco em fazer com que todos se sintam bem-vindos e inclu\u00eddos.<\/p>\n<h3>O que os usu\u00e1rios adoram<\/h3>\n<ul>\n<li>N\u00e3o \u00e9 necess\u00e1rio registro ou download: Entre imediatamente, mantenha o anonimato.<\/li>\n<li>Enorme variedade de quartos: Algo para todos, a qualquer hora do dia.<\/li>\n<li>Comunidade ativa e amig\u00e1vel: Especialmente acolhedora para novos usu\u00e1rios.<\/li>\n<li>Op\u00e7\u00f5es de bate-papo privado: As conversas individuais s\u00e3o f\u00e1ceis e discretas.<\/li>\n<li>Emoticons, GIFs e recursos simples de perfil: Torna o bate-papo divertido e expressivo.<\/li>\n<li>Compat\u00edvel com celulares e desktops: Converse de qualquer lugar.<\/li>\n<\/ul>\n<h3>Onde os usu\u00e1rios veem espa\u00e7o para melhorias<\/h3>\n<ul>\n<li>N\u00e3o h\u00e1 bate-papo por v\u00eddeo ou \u00e1udio (somente baseado em texto).<\/li>\n<li>Algumas salas podem ficar lotadas nos hor\u00e1rios de pico.<\/li>\n<li>Spam ou trolls ocasionais (gerenciados rapidamente pela modera\u00e7\u00e3o).<\/li>\n<li>Alguns recursos (como amigos salvos) exigem registro gratuito.<\/li>\n<\/ul>\n<h3>Feedback real do usu\u00e1rio<\/h3>\n<blockquote><p>\"A maneira mais f\u00e1cil de fazer novos amigos ou apenas ter um bate-papo casual depois do trabalho. Sem registro, sem complica\u00e7\u00f5es.\"<br \/>\n- <em>Marie H., Trustpilot<\/em><\/p><\/blockquote>\n<blockquote><p>\"Adoro a sala Flirt. Conheci minha namorada aqui h\u00e1 dois anos. Ainda estamos firmes!\"<br \/>\n- <em>Stefan W., Google Play<\/em><\/p><\/blockquote>\n<blockquote><p>\"\u00d3timo para praticar alem\u00e3o e conhecer pessoas de toda a Europa.\"<br \/>\n- <em>Ricardo P., App Store<\/em><\/p><\/blockquote>\n<h2>Chatroom2000 vs. outras plataformas de salas de bate-papo<\/h2>\n<p>Como o Chatroom2000 se compara a outros sites de bate-papo importantes?<\/p>\n<table>\n<thead>\n<tr>\n<th>Recurso<\/th>\n<th>Sala de bate-papo2000<\/th>\n<th>Yesichat<\/th>\n<th>Chatzy<\/th>\n<th>Chat Avenue<\/th>\n<th>Disc\u00f3rdia<\/th>\n<th>WhatsApp<\/th>\n<\/tr>\n<\/thead>\n<tbody>\n<tr>\n<td>N\u00e3o \u00e9 necess\u00e1rio registrar-se<\/td>\n<td>\u2705 Sim<\/td>\n<td>\u2705 Sim<\/td>\n<td>\u2705 Sim<\/td>\n<td>\u2705 Sim<\/td>\n<td>\u274c N\u00e3o<\/td>\n<td>\u274c N\u00e3o<\/td>\n<\/tr>\n<tr>\n<td>Salas de bate-papo em grupo<\/td>\n<td>\u2705 Sim<\/td>\n<td>\u2705 Sim<\/td>\n<td>\u2705 Sim<\/td>\n<td>\u2705 Sim<\/td>\n<td>\u2705 Sim<\/td>\n<td>\u2705 Sim<\/td>\n<\/tr>\n<tr>\n<td>Mensagens privadas<\/td>\n<td>\u2705 Sim<\/td>\n<td>\u2705 Sim<\/td>\n<td>\u2705 Sim<\/td>\n<td>\u2705 Sim<\/td>\n<td>\u2705 Sim<\/td>\n<td>\u2705 Sim<\/td>\n<\/tr>\n<tr>\n<td>Bate-papo por v\u00eddeo\/\u00e1udio<\/td>\n<td>\u274c N\u00e3o<\/td>\n<td>\u2705 Sim<\/td>\n<td>\u274c N\u00e3o<\/td>\n<td>\u2705 Sim<\/td>\n<td>\u2705 Sim<\/td>\n<td>\u2705 Sim<\/td>\n<\/tr>\n<tr>\n<td>Uso an\u00f4nimo<\/td>\n<td>\u2705 Sim<\/td>\n<td>\u2705 Sim<\/td>\n<td>\u2705 Sim<\/td>\n<td>\u2705 Sim<\/td>\n<td>\u26a0\ufe0f Limited<\/td>\n<td>\u26a0\ufe0f Limited<\/td>\n<\/tr>\n<tr>\n<td>Compartilhamento de m\u00eddia\/emoticons<\/td>\n<td>\u2705 Sim<\/td>\n<td>\u2705 Sim<\/td>\n<td>\u2705 Sim<\/td>\n<td>\u2705 Sim<\/td>\n<td>\u2705 Sim<\/td>\n<td>\u2705 Sim<\/td>\n<\/tr>\n<tr>\n<td>Otimizado para celular<\/td>\n<td>\u2705 Sim<\/td>\n<td>\u2705 Sim<\/td>\n<td>\u2705 Sim<\/td>\n<td>\u2705 Sim<\/td>\n<td>\u2705 Sim<\/td>\n<td>\u2705 Sim<\/td>\n<\/tr>\n<tr>\n<td>Modera\u00e7\u00e3o\/Seguran\u00e7a<\/td>\n<td>\u2705 Forte<\/td>\n<td>\u2705 Forte<\/td>\n<td>\u2705 Forte<\/td>\n<td>\u2705 Moderado<\/td>\n<td>\u2705 Forte<\/td>\n<td>\u2705 Forte<\/td>\n<\/tr>\n<\/tbody>\n<\/table>\n<p>Resumo: O Chatroom2000 se destaca por sua combina\u00e7\u00e3o de simplicidade de bate-papo cl\u00e1ssico, variedade de salas de grupo, forte privacidade e acesso r\u00e1pido, o que o torna ideal tanto para os novatos quanto para os f\u00e3s de bate-papo da velha guarda.<\/p>\n<h2>O Chatroom2000 \u00e9 seguro?<\/h2>\n<p>O Chatroom2000 tem uma reputa\u00e7\u00e3o de seguran\u00e7a e respeito:<\/p>\n<ul>\n<li>Moderadores humanos ativos: Presentes na maioria das salas para manter o clima amig\u00e1vel.<\/li>\n<li>Controles de usu\u00e1rio: Bloqueie ou denuncie os causadores de problemas instantaneamente.<\/li>\n<li>N\u00e3o s\u00e3o necess\u00e1rias informa\u00e7\u00f5es pessoais: Mantenha o anonimato que quiser - basta um apelido.<\/li>\n<li>Os chats privados s\u00e3o privados: Somente as pessoas que voc\u00ea convida podem participar de seus bate-papos individuais.<\/li>\n<li>Compartilhamento seguro de m\u00eddia: Todas as imagens s\u00e3o moderadas para evitar conte\u00fado inadequado.<\/li>\n<\/ul>\n<h3>Dicas de seguran\u00e7a<\/h3>\n<ul>\n<li>Nunca compartilhe seu nome verdadeiro, endere\u00e7o ou informa\u00e7\u00f5es financeiras em nenhum bate-papo.<\/li>\n<li>Use o bate-papo privado para conversas confidenciais, mas seja cauteloso.<\/li>\n<li>Denuncie qualquer ass\u00e9dio, spam ou usu\u00e1rios suspeitos.<\/li>\n<li>Fique em salas com modera\u00e7\u00e3o ativa para ter uma experi\u00eancia mais segura.<\/li>\n<li>Registre uma conta se quiser salvar amigos ou proteger seu apelido.<\/li>\n<\/ul>\n<h2>Dicas para obter o m\u00e1ximo do Chatroom2000<\/h2>\n<ul>\n<li>Experimente salas diferentes: Explore a variedade - cada sala tem sua pr\u00f3pria vibra\u00e7\u00e3o e comunidade.<\/li>\n<li>Seja amig\u00e1vel e respeitoso: As boas maneiras s\u00e3o muito importantes nas comunidades on-line.<\/li>\n<li>Use o Whisper\/Private Chat: Perfeito para conversas significativas e individuais.<\/li>\n<li>Expresse-se: Use emoticons, GIFs e mensagens de status.<\/li>\n<li>Bloquear\/relatar conforme necess\u00e1rio: Ajude a manter a comunidade limpa e acolhedora.<\/li>\n<li>Bate-papo em qualquer lugar: O site para celular \u00e9 t\u00e3o robusto quanto a vers\u00e3o para desktop.<\/li>\n<li>Registre-se para obter extras: Se voc\u00ea gostar da plataforma, a inscri\u00e7\u00e3o desbloqueia mais recursos.<\/li>\n<\/ul>\n<h2>Solu\u00e7\u00e3o de problemas comuns do Chatroom2000<\/h2>\n<h3>N\u00e3o \u00e9 poss\u00edvel entrar em uma sala<\/h3>\n<p>Verifique seu apelido (evite nomes inadequados), atualize a p\u00e1gina ou tente uma sala diferente se uma sala espec\u00edfica estiver cheia ou restrita.<\/p>\n<h3>As mensagens privadas n\u00e3o est\u00e3o funcionando<\/h3>\n<p>Certifique-se de que ambos os usu\u00e1rios estejam on-line e na mesma sala. Alguns recursos de bate-papo privado podem exigir uma conta gratuita.<\/p>\n<h3>Encontrando trolls ou spam<\/h3>\n<p>Use a fun\u00e7\u00e3o bloquear ou denunciar. Os moderadores respondem rapidamente, especialmente em salas movimentadas.<\/p>\n<h3>Perfil perdido ou lista de amigos<\/h3>\n<p>Registre uma conta e fa\u00e7a login para salvar seus amigos, apelido e hist\u00f3rico de bate-papo.<\/p>\n<h3>Conex\u00e3o lenta ou atraso<\/h3>\n<p>Use uma conex\u00e3o Wi-Fi forte, feche aplicativos\/guias em segundo plano e verifique se o navegador est\u00e1 atualizado.<\/p>\n<p>Com certeza - especialmente para quem valoriza a vibra\u00e7\u00e3o cl\u00e1ssica das salas de bate-papo, as conversas instant\u00e2neas em grupo e as amizades on-line f\u00e1ceis e an\u00f4nimas. O Chatroom2000 combina tudo o que tornou especial o bate-papo on-line antigo com os padr\u00f5es atuais de seguran\u00e7a, modera\u00e7\u00e3o e acesso m\u00f3vel.<\/p>\n<p>Se voc\u00ea quiser paquerar, aprender um idioma, fazer amigos ou apenas passar o tempo, o Chatroom2000 \u00e9 o seu lounge digital - sempre aberto, sempre amig\u00e1vel e sempre gratuito.<\/p>\n<p>Pronto para conversar? Visite chatroom2000.de, escolha seu apelido e sala e comece sua pr\u00f3xima grande conversa em segundos.<\/p>","protected":false},"excerpt":{"rendered":"<p>In an age of swiping, algorithms, and flashy apps, sometimes you just want a real conversation\u2014a simple, direct way to meet people, chat, flirt, or make new friends in a safe and lively online environment. For decades, Chatroom2000 has been that place: a timeless, web-based chat platform that combines the best of classic chat rooms [&hellip;]<\/p>\n","protected":false},"author":6,"featured_media":0,"parent":0,"menu_order":0,"comment_status":"closed","ping_status":"closed","template":"","meta":{"footnotes":""},"class_list":["post-12345","page","type-page","status-publish","hentry"],"yoast_head":"<!-- This site is optimized with the Yoast SEO plugin v27.4 - https:\/\/yoast.com\/product\/yoast-seo-wordpress\/ -->\n<title>Chatroom2000 - Free Chat without Registering - TinyChat.com<\/title>\n<meta name=\"description\" content=\"Enjoying Chatroom2000? Join over 50,000,000 strangers on TinyChat! Turn on your cam and start meeting new people, or find a match.\" \/>\n<meta name=\"robots\" content=\"index, follow, max-snippet:-1, max-image-preview:large, max-video-preview:-1\" \/>\n<link rel=\"canonical\" href=\"https:\/\/tinychat.com\/pt-br\/chatroom2000\/\" \/>\n<meta property=\"og:locale\" content=\"pt_BR\" \/>\n<meta property=\"og:type\" content=\"article\" \/>\n<meta property=\"og:title\" content=\"Chatroom2000 - Free Chat without Registering - TinyChat.com\" \/>\n<meta property=\"og:description\" content=\"Enjoying Chatroom2000? Join over 50,000,000 strangers on TinyChat! Turn on your cam and start meeting new people, or find a match.\" \/>\n<meta property=\"og:url\" content=\"https:\/\/tinychat.com\/pt-br\/chatroom2000\/\" \/>\n<meta property=\"og:site_name\" content=\"TinyChat\" \/>\n<meta property=\"article:publisher\" content=\"https:\/\/www.facebook.com\/tinychat\" \/>\n<meta property=\"article:modified_time\" content=\"2025-07-26T15:48:48+00:00\" \/>\n<meta property=\"og:image\" content=\"https:\/\/tinychat.com\/wp-content\/uploads\/2020\/04\/Tinychat-logo-1280x284-new-black.png\" \/>\n\t<meta property=\"og:image:width\" content=\"1280\" \/>\n\t<meta property=\"og:image:height\" content=\"284\" \/>\n\t<meta property=\"og:image:type\" content=\"image\/png\" \/>\n<meta name=\"twitter:card\" content=\"summary_large_image\" \/>\n<meta name=\"twitter:site\" content=\"@tinychat\" \/>\n<meta name=\"twitter:label1\" content=\"Est. tempo de leitura\" \/>\n\t<meta name=\"twitter:data1\" content=\"7 minutos\" \/>\n<script type=\"application\/ld+json\" class=\"yoast-schema-graph\">{\"@context\":\"https:\\\/\\\/schema.org\",\"@graph\":[{\"@type\":\"WebPage\",\"@id\":\"https:\\\/\\\/tinychat.com\\\/chatroom2000\\\/\",\"url\":\"https:\\\/\\\/tinychat.com\\\/chatroom2000\\\/\",\"name\":\"Chatroom2000 - Free Chat without Registering - TinyChat.com\",\"isPartOf\":{\"@id\":\"https:\\\/\\\/tinychat.com\\\/#website\"},\"datePublished\":\"2025-07-26T13:54:37+00:00\",\"dateModified\":\"2025-07-26T15:48:48+00:00\",\"description\":\"Enjoying Chatroom2000? Join over 50,000,000 strangers on TinyChat! Turn on your cam and start meeting new people, or find a match.\",\"breadcrumb\":{\"@id\":\"https:\\\/\\\/tinychat.com\\\/chatroom2000\\\/#breadcrumb\"},\"inLanguage\":\"pt-BR\",\"potentialAction\":[{\"@type\":\"ReadAction\",\"target\":[\"https:\\\/\\\/tinychat.com\\\/chatroom2000\\\/\"]}]},{\"@type\":\"BreadcrumbList\",\"@id\":\"https:\\\/\\\/tinychat.com\\\/chatroom2000\\\/#breadcrumb\",\"itemListElement\":[{\"@type\":\"ListItem\",\"position\":1,\"name\":\"Home\",\"item\":\"https:\\\/\\\/tinychat.com\\\/\"},{\"@type\":\"ListItem\",\"position\":2,\"name\":\"Chatroom2000\"}]},{\"@type\":\"WebSite\",\"@id\":\"https:\\\/\\\/tinychat.com\\\/#website\",\"url\":\"https:\\\/\\\/tinychat.com\\\/\",\"name\":\"TinyChat\",\"description\":\"Random Video Chat with Strangers\",\"publisher\":{\"@id\":\"https:\\\/\\\/tinychat.com\\\/#organization\"},\"alternateName\":\"TinyChat.com\",\"potentialAction\":[{\"@type\":\"SearchAction\",\"target\":{\"@type\":\"EntryPoint\",\"urlTemplate\":\"https:\\\/\\\/tinychat.com\\\/?s={search_term_string}\"},\"query-input\":{\"@type\":\"PropertyValueSpecification\",\"valueRequired\":true,\"valueName\":\"search_term_string\"}}],\"inLanguage\":\"pt-BR\"},{\"@type\":\"Organization\",\"@id\":\"https:\\\/\\\/tinychat.com\\\/#organization\",\"name\":\"TinyChat\",\"alternateName\":\"TinyChat.com\",\"url\":\"https:\\\/\\\/tinychat.com\\\/\",\"logo\":{\"@type\":\"ImageObject\",\"inLanguage\":\"pt-BR\",\"@id\":\"https:\\\/\\\/tinychat.com\\\/#\\\/schema\\\/logo\\\/image\\\/\",\"url\":\"https:\\\/\\\/tinychat.com\\\/wp-content\\\/uploads\\\/2023\\\/11\\\/Tinychat-icon-square.png\",\"contentUrl\":\"https:\\\/\\\/tinychat.com\\\/wp-content\\\/uploads\\\/2023\\\/11\\\/Tinychat-icon-square.png\",\"width\":284,\"height\":284,\"caption\":\"TinyChat\"},\"image\":{\"@id\":\"https:\\\/\\\/tinychat.com\\\/#\\\/schema\\\/logo\\\/image\\\/\"},\"sameAs\":[\"https:\\\/\\\/www.facebook.com\\\/tinychat\",\"https:\\\/\\\/x.com\\\/tinychat\"]}]}<\/script>\n<!-- \/ Yoast SEO plugin. -->","yoast_head_json":{"title":"Chatroom2000 - Chat gr\u00e1tis sem registro - TinyChat.com","description":"Est\u00e1 gostando do Chatroom2000? Junte-se a mais de 50.000.000 de estranhos no TinyChat! Ligue sua c\u00e2mera e comece a conhecer novas pessoas ou encontre um par.","robots":{"index":"index","follow":"follow","max-snippet":"max-snippet:-1","max-image-preview":"max-image-preview:large","max-video-preview":"max-video-preview:-1"},"canonical":"https:\/\/tinychat.com\/pt-br\/chatroom2000\/","og_locale":"pt_BR","og_type":"article","og_title":"Chatroom2000 - Free Chat without Registering - TinyChat.com","og_description":"Enjoying Chatroom2000? Join over 50,000,000 strangers on TinyChat! Turn on your cam and start meeting new people, or find a match.","og_url":"https:\/\/tinychat.com\/pt-br\/chatroom2000\/","og_site_name":"TinyChat","article_publisher":"https:\/\/www.facebook.com\/tinychat","article_modified_time":"2025-07-26T15:48:48+00:00","og_image":[{"width":1280,"height":284,"url":"https:\/\/tinychat.com\/wp-content\/uploads\/2020\/04\/Tinychat-logo-1280x284-new-black.png","type":"image\/png"}],"twitter_card":"summary_large_image","twitter_site":"@tinychat","twitter_misc":{"Est. tempo de leitura":"7 minutos"},"schema":{"@context":"https:\/\/schema.org","@graph":[{"@type":"WebPage","@id":"https:\/\/tinychat.com\/chatroom2000\/","url":"https:\/\/tinychat.com\/chatroom2000\/","name":"Chatroom2000 - Chat gr\u00e1tis sem registro - TinyChat.com","isPartOf":{"@id":"https:\/\/tinychat.com\/#website"},"datePublished":"2025-07-26T13:54:37+00:00","dateModified":"2025-07-26T15:48:48+00:00","description":"Est\u00e1 gostando do Chatroom2000? Junte-se a mais de 50.000.000 de estranhos no TinyChat! Ligue sua c\u00e2mera e comece a conhecer novas pessoas ou encontre um par.","breadcrumb":{"@id":"https:\/\/tinychat.com\/chatroom2000\/#breadcrumb"},"inLanguage":"pt-BR","potentialAction":[{"@type":"ReadAction","target":["https:\/\/tinychat.com\/chatroom2000\/"]}]},{"@type":"BreadcrumbList","@id":"https:\/\/tinychat.com\/chatroom2000\/#breadcrumb","itemListElement":[{"@type":"ListItem","position":1,"name":"Home","item":"https:\/\/tinychat.com\/"},{"@type":"ListItem","position":2,"name":"Chatroom2000"}]},{"@type":"WebSite","@id":"https:\/\/tinychat.com\/#website","url":"https:\/\/tinychat.com\/","name":"TinyChat","description":"Bate-papo por v\u00eddeo aleat\u00f3rio com estranhos","publisher":{"@id":"https:\/\/tinychat.com\/#organization"},"alternateName":"TinyChat.com","potentialAction":[{"@type":"SearchAction","target":{"@type":"EntryPoint","urlTemplate":"https:\/\/tinychat.com\/?s={search_term_string}"},"query-input":{"@type":"PropertyValueSpecification","valueRequired":true,"valueName":"search_term_string"}}],"inLanguage":"pt-BR"},{"@type":"Organization","@id":"https:\/\/tinychat.com\/#organization","name":"TinyChat","alternateName":"TinyChat.com","url":"https:\/\/tinychat.com\/","logo":{"@type":"ImageObject","inLanguage":"pt-BR","@id":"https:\/\/tinychat.com\/#\/schema\/logo\/image\/","url":"https:\/\/tinychat.com\/wp-content\/uploads\/2023\/11\/Tinychat-icon-square.png","contentUrl":"https:\/\/tinychat.com\/wp-content\/uploads\/2023\/11\/Tinychat-icon-square.png","width":284,"height":284,"caption":"TinyChat"},"image":{"@id":"https:\/\/tinychat.com\/#\/schema\/logo\/image\/"},"sameAs":["https:\/\/www.facebook.com\/tinychat","https:\/\/x.com\/tinychat"]}]}},"_links":{"self":[{"href":"https:\/\/tinychat.com\/pt-br\/wp-json\/wp\/v2\/pages\/12345","targetHints":{"allow":["GET"]}}],"collection":[{"href":"https:\/\/tinychat.com\/pt-br\/wp-json\/wp\/v2\/pages"}],"about":[{"href":"https:\/\/tinychat.com\/pt-br\/wp-json\/wp\/v2\/types\/page"}],"author":[{"embeddable":true,"href":"https:\/\/tinychat.com\/pt-br\/wp-json\/wp\/v2\/users\/6"}],"replies":[{"embeddable":true,"href":"https:\/\/tinychat.com\/pt-br\/wp-json\/wp\/v2\/comments?post=12345"}],"version-history":[{"count":3,"href":"https:\/\/tinychat.com\/pt-br\/wp-json\/wp\/v2\/pages\/12345\/revisions"}],"predecessor-version":[{"id":13367,"href":"https:\/\/tinychat.com\/pt-br\/wp-json\/wp\/v2\/pages\/12345\/revisions\/13367"}],"wp:attachment":[{"href":"https:\/\/tinychat.com\/pt-br\/wp-json\/wp\/v2\/media?parent=12345"}],"curies":[{"name":"wp","href":"https:\/\/api.w.org\/{rel}","templated":true}]}}