{"id":12430,"date":"2025-10-21T11:07:35","date_gmt":"2025-10-21T09:07:35","guid":{"rendered":"https:\/\/tinychat.com\/?page_id=12430"},"modified":"2025-10-21T13:14:52","modified_gmt":"2025-10-21T11:14:52","slug":"chatingly","status":"publish","type":"page","link":"https:\/\/tinychat.com\/pt-br\/chatingly\/","title":{"rendered":"Chatingly"},"content":{"rendered":"<p>Em um mundo em que a maioria dos aplicativos sociais se concentra em curtidas, seguidores e feeds com curadoria, o Chatingly se destaca por trazer de volta o que tornou a Internet empolgante em primeiro lugar - conex\u00e3o humana real e espont\u00e2nea. Projetado como uma plataforma moderna de bate-papo por v\u00eddeo aleat\u00f3rio, o Chatingly conecta voc\u00ea instantaneamente com estranhos de todo o mundo para conversas individuais, sem a necessidade de cadastros, perfis ou algoritmos que decidam com quem voc\u00ea deve conversar.<\/p>\n<p>Seja para conhecer novas pessoas, explorar outras culturas ou apenas relaxar com uma conversa casual, o Chatingly captura a emo\u00e7\u00e3o das intera\u00e7\u00f5es instant\u00e2neas e an\u00f4nimas que definiram o in\u00edcio da Internet, mas com uma tecnologia mais suave e um design mais limpo.<\/p>\n<p>Nesta an\u00e1lise, analisaremos detalhadamente o que \u00e9 o Chatingly, como ele funciona, seus principais recursos, experi\u00eancia do usu\u00e1rio, medidas de seguran\u00e7a, compara\u00e7\u00f5es com a concorr\u00eancia e dicas para aproveit\u00e1-lo ao m\u00e1ximo.<\/p>\n<h2>O que \u00e9 Chatingly?<\/h2>\n<p>O Chatingly \u00e9 uma plataforma de bate-papo por v\u00eddeo aleat\u00f3rio que permite que os usu\u00e1rios se conectem instantaneamente com estranhos por meio de v\u00eddeo e texto ao vivo. Sua filosofia principal \u00e9 simples: sem inscri\u00e7\u00f5es, sem downloads, sem espera - basta clicar e come\u00e7ar a conversar.<\/p>\n<p>A plataforma se concentra em:<\/p>\n<ul>\n<li>Facilidade de uso - configura\u00e7\u00e3o m\u00ednima, acess\u00edvel de qualquer dispositivo.<\/li>\n<li>Anonimato - n\u00e3o s\u00e3o necess\u00e1rios dados pessoais.<\/li>\n<li>Espontaneidade - toda conex\u00e3o \u00e9 aleat\u00f3ria e imprevis\u00edvel.<\/li>\n<\/ul>\n<p>Ele faz parte de uma onda crescente de novas plataformas de bate-papo que oferecem alternativas leves, r\u00e1pidas e compat\u00edveis com dispositivos m\u00f3veis para servi\u00e7os legados como Omegle e Chatroulette.<\/p>\n<h2>Principais recursos do Chatingly<\/h2>\n<p>Os recursos do Chatingly s\u00e3o projetados para simplicidade e envolvimento imediato, mantendo a seguran\u00e7a e o conforto do usu\u00e1rio.<\/p>\n<h3>1. Bate-papo por v\u00eddeo individual<\/h3>\n<ul>\n<li>Conecte-se instantaneamente com estranhos via webcam.<\/li>\n<li>As conversas s\u00e3o privadas e tempor\u00e1rias.<\/li>\n<li>Use o bot\u00e3o Next para prosseguir a qualquer momento.<\/li>\n<\/ul>\n<h3>2. Op\u00e7\u00e3o de bate-papo por texto<\/h3>\n<ul>\n<li>Caixa de texto integrada ao v\u00eddeo.<\/li>\n<li>Perfeito para quando voc\u00ea prefere digitar ou tem um \u00e1udio ruim.<\/li>\n<li>Altern\u00e2ncia suave entre texto e v\u00eddeo.<\/li>\n<\/ul>\n<h3>3. Correspond\u00eancia global de usu\u00e1rios<\/h3>\n<ul>\n<li>Conecte-se com pessoas de diferentes pa\u00edses.<\/li>\n<li>Amplie seus horizontes conversando com usu\u00e1rios de todo o mundo.<\/li>\n<\/ul>\n<h3>4. N\u00e3o \u00e9 necess\u00e1rio registro<\/h3>\n<ul>\n<li>Comece a conversar imediatamente - n\u00e3o \u00e9 necess\u00e1rio ter uma conta.<\/li>\n<li>N\u00e3o \u00e9 preciso lembrar de e-mail, nome de usu\u00e1rio ou senha.<\/li>\n<\/ul>\n<h3>5. Compatibilidade com dispositivos m\u00f3veis<\/h3>\n<ul>\n<li>Totalmente otimizado para navegadores m\u00f3veis.<\/li>\n<li>Funciona perfeitamente em telefones e desktops.<\/li>\n<\/ul>\n<h3>6. Anonimato e privacidade<\/h3>\n<ul>\n<li>N\u00e3o h\u00e1 perfis ou dados salvos.<\/li>\n<li>As conversas desaparecem quando terminam.<\/li>\n<\/ul>\n<h3>7. Design simples e limpo<\/h3>\n<ul>\n<li>A interface minimalista mant\u00e9m o foco no bate-papo, n\u00e3o nos menus.<\/li>\n<li>A navega\u00e7\u00e3o f\u00e1cil de usar o torna ideal para todas as idades.<\/li>\n<\/ul>\n<h2>Como usar o Chatingly<\/h2>\n<p>O Chatingly foi projetado para acesso instant\u00e2neo - veja como come\u00e7ar em segundos.<\/p>\n<h3>Etapa 1: Visite o site<\/h3>\n<p>Abra o Chatingly em seu navegador (desktop ou celular).<\/p>\n<h3>Etapa 2: Permitir permiss\u00f5es<\/h3>\n<p>Se quiser usar o bate-papo por v\u00eddeo, conceda permiss\u00e3o para a c\u00e2mera e o microfone.<\/p>\n<h3>Etapa 3: Clique em \"Start Chat\" (Iniciar bate-papo)<\/h3>\n<p>Conecte-se instantaneamente com um estranho aleat\u00f3rio.<\/p>\n<h3>Etapa 4: Conversar ou pular<\/h3>\n<p>Aproveite sua conversa ou clique em \u201cNext\u201d para conhecer algu\u00e9m novo.<\/p>\n<h3>Etapa 5: Repetir<\/h3>\n<p>Continue conversando o tempo que quiser - n\u00e3o h\u00e1 limite de tempo.<\/p>\n<p>Esse modelo de entrada e sa\u00edda torna o Chatingly perfeito para socializa\u00e7\u00f5es espont\u00e2neas e sem press\u00e3o.<\/p>\n<h2>Experi\u00eancia do usu\u00e1rio no Chatingly<\/h2>\n<p>O Chatingly \u00e9 leve, r\u00e1pido e intuitivo, oferecendo um equil\u00edbrio entre simplicidade e qualidade.<\/p>\n<h3>O que os usu\u00e1rios gostam<\/h3>\n<ul>\n<li>N\u00e3o \u00e9 necess\u00e1rio registro ou download.<\/li>\n<li>Conex\u00f5es instant\u00e2neas - bate-papo em segundos.<\/li>\n<li>Layout limpo e sem distra\u00e7\u00f5es.<\/li>\n<li>Funciona igualmente bem em dispositivos m\u00f3veis e computadores.<\/li>\n<li>Experi\u00eancia privada e an\u00f4nima.<\/li>\n<\/ul>\n<h3>Onde os usu\u00e1rios veem espa\u00e7o para melhorias<\/h3>\n<ul>\n<li>N\u00e3o h\u00e1 filtros avan\u00e7ados (g\u00eanero ou local).<\/li>\n<li>N\u00e3o h\u00e1 recurso de reconex\u00e3o se voc\u00ea perder um bom bate-papo.<\/li>\n<li>Base de usu\u00e1rios menor em compara\u00e7\u00e3o com as principais plataformas.<\/li>\n<li>N\u00e3o h\u00e1 salas comunit\u00e1rias ou listas de amigos incorporadas.<\/li>\n<\/ul>\n<p>Ainda assim, essas limita\u00e7\u00f5es s\u00e3o intencionais - o objetivo do Chatingly \u00e9 ser leve e r\u00e1pido, n\u00e3o sobrecarregado com recursos extras.<\/p>\n<h2>Chatingly vs. outras plataformas de bate-papo<\/h2>\n<p>Veja como o Chatingly se compara a servi\u00e7os de bate-papo aleat\u00f3rios semelhantes:<\/p>\n<table>\n<thead>\n<tr>\n<th>Recurso<\/th>\n<th>Chatingly<\/th>\n<th>Omegle<\/th>\n<th>Chatroulette<\/th>\n<th>ChatHub<\/th>\n<th>Emerald Chat<\/th>\n<th>Camloo<\/th>\n<\/tr>\n<\/thead>\n<tbody>\n<tr>\n<td>V\u00eddeo instant\u00e2neo individual<\/td>\n<td>\u2705 Sim<\/td>\n<td>\u2705 Sim<\/td>\n<td>\u2705 Sim<\/td>\n<td>\u2705 Sim<\/td>\n<td>\u2705 Sim<\/td>\n<td>\u2705 Sim<\/td>\n<\/tr>\n<tr>\n<td>Op\u00e7\u00e3o de bate-papo por texto<\/td>\n<td>\u2705 Sim<\/td>\n<td>\u2705 Sim<\/td>\n<td>\u2705 Sim<\/td>\n<td>\u2705 Sim<\/td>\n<td>\u2705 Sim<\/td>\n<td>\u2705 Sim<\/td>\n<\/tr>\n<tr>\n<td>Anonimato<\/td>\n<td>\u2705 Forte<\/td>\n<td>\u2705 Forte<\/td>\n<td>\u2705 Forte<\/td>\n<td>\u2705 Moderado<\/td>\n<td>\u2705 Moderado<\/td>\n<td>\u2705 Moderado<\/td>\n<\/tr>\n<tr>\n<td>Filtros (g\u00eanero\/localiza\u00e7\u00e3o)<\/td>\n<td>\u274c N\u00e3o<\/td>\n<td>\u274c N\u00e3o<\/td>\n<td>\u2705 Limitada<\/td>\n<td>\u2705 Sim<\/td>\n<td>\u2705 Sim<\/td>\n<td>\u2705 Sim<\/td>\n<\/tr>\n<tr>\n<td>Perfis e amigos<\/td>\n<td>\u274c N\u00e3o<\/td>\n<td>\u274c N\u00e3o<\/td>\n<td>\u274c N\u00e3o<\/td>\n<td>\u2705 Sim<\/td>\n<td>\u2705 Sim<\/td>\n<td>\u274c N\u00e3o<\/td>\n<\/tr>\n<tr>\n<td>Compat\u00edvel com dispositivos m\u00f3veis<\/td>\n<td>\u2705 Sim<\/td>\n<td>\u2705 Sim<\/td>\n<td>\u2705 Sim<\/td>\n<td>\u2705 Sim<\/td>\n<td>\u2705 Sim<\/td>\n<td>\u2705 Sim<\/td>\n<\/tr>\n<\/tbody>\n<\/table>\n<p>Resumo: O Chatingly mant\u00e9m as coisas simples - n\u00e3o est\u00e1 tentando ser uma m\u00eddia social ou um aplicativo de namoro. Em vez disso, ele se concentra apenas em conversas r\u00e1pidas, privadas e aleat\u00f3rias.<\/p>\n<h2>O Chatingly \u00e9 seguro?<\/h2>\n<p>Como qualquer plataforma que conecta estranhos, o Chatingly oferece privacidade por design, mas ainda depende do uso respons\u00e1vel.<\/p>\n<h3>Recursos de seguran\u00e7a incorporados<\/h3>\n<ul>\n<li>N\u00e3o h\u00e1 contas ou coleta de dados.<\/li>\n<li>Os bate-papos s\u00e3o tempor\u00e1rios e privados.<\/li>\n<li>O bot\u00e3o Pular oferece controle instant\u00e2neo sobre as intera\u00e7\u00f5es.<\/li>\n<\/ul>\n<h3>Dicas de seguran\u00e7a para usu\u00e1rios<\/h3>\n<ul>\n<li>N\u00e3o compartilhe detalhes pessoais (nome verdadeiro, n\u00famero de telefone, redes sociais).<\/li>\n<li>Encerre qualquer conversa que pare\u00e7a inc\u00f4moda.<\/li>\n<li>Os pais devem monitorar os menores que usam o servi\u00e7o.<\/li>\n<li>Use uma VPN para aumentar o anonimato.<\/li>\n<\/ul>\n<p>A falta de registro do Chatingly na verdade aumenta a seguran\u00e7a - menos detalhes armazenados significa menos risco de exposi\u00e7\u00e3o.<\/p>\n<h2>Dicas para aproveitar ao m\u00e1ximo o Chatingly<\/h2>\n<ul>\n<li>Tenha a mente aberta. A gra\u00e7a do bate-papo aleat\u00f3rio \u00e9 a imprevisibilidade.<\/li>\n<li>Use fones de ouvido para obter um \u00e1udio mais claro e privacidade.<\/li>\n<li>Uma boa ilumina\u00e7\u00e3o melhora sua presen\u00e7a no v\u00eddeo.<\/li>\n<li>Mantenha as conversas informais. O humor e a simpatia s\u00e3o muito \u00fateis.<\/li>\n<li>Experimente em hor\u00e1rios diferentes do dia. O pico de atividade dos usu\u00e1rios ocorre \u00e0 noite e nos fins de semana.<\/li>\n<li>Use o pulo com sabedoria. Siga em frente rapidamente se a vibra\u00e7\u00e3o n\u00e3o estiver boa.<\/li>\n<\/ul>\n<p>Esses pequenos ajustes podem fazer uma grande diferen\u00e7a em sua experi\u00eancia.<\/p>\n<h2>Problemas comuns e corre\u00e7\u00f5es<\/h2>\n<h3>Problema: a c\u00e2mera ou o microfone n\u00e3o funcionam<\/h3>\n<ul>\n<li>Verifique as permiss\u00f5es do navegador.<\/li>\n<li>Reinicie a p\u00e1gina ou o dispositivo.<\/li>\n<li>Verifique se nenhum outro aplicativo est\u00e1 usando a c\u00e2mera.<\/li>\n<\/ul>\n<h3>Problema: poucas partidas ou longas esperas<\/h3>\n<ul>\n<li>Tente durante os hor\u00e1rios de maior movimento em sua regi\u00e3o.<\/li>\n<li>Atualize a p\u00e1gina para reiniciar a fila de conex\u00f5es.<\/li>\n<\/ul>\n<h3>Problema: atraso ou m\u00e1 qualidade do v\u00eddeo<\/h3>\n<ul>\n<li>Mude para uma conex\u00e3o Wi-Fi est\u00e1vel.<\/li>\n<li>Feche outras guias ou aplicativos que estejam consumindo largura de banda.<\/li>\n<\/ul>\n<h3>Problema: usu\u00e1rios inadequados<\/h3>\n<ul>\n<li>Pule imediatamente.<\/li>\n<li>Informe se as ferramentas de modera\u00e7\u00e3o est\u00e3o dispon\u00edveis.<\/li>\n<\/ul>\n<h2>Por que as pessoas escolhem o Chatingly<\/h2>\n<p>As pessoas recorrem ao Chatingly pelo mesmo motivo pelo qual os sites de bate-papo aleat\u00f3rios continuam populares h\u00e1 anos: a emo\u00e7\u00e3o do desconhecido. Mas o Chatingly acrescenta algumas vantagens importantes:<\/p>\n<ul>\n<li>Acesso instant\u00e2neo - sem registro ou configura\u00e7\u00e3o.<\/li>\n<li>Design limpo - m\u00ednimo de bagun\u00e7a, foco m\u00e1ximo no bate-papo.<\/li>\n<li>Compatibilidade entre dispositivos - igualmente bom em telefones ou computadores.<\/li>\n<li>Anonimato - conversas seguras e tempor\u00e1rias.<\/li>\n<\/ul>\n<p>\u00c9 a op\u00e7\u00e3o ideal para quem busca uma intera\u00e7\u00e3o social r\u00e1pida e aut\u00eantica sem o ru\u00eddo das m\u00eddias sociais ou plataformas de namoro.<\/p>\n<h2>Considera\u00e7\u00f5es finais: Vale a pena usar o Chatingly?<\/h2>\n<p>Se estiver procurando uma experi\u00eancia de bate-papo por v\u00eddeo aleat\u00f3rio r\u00e1pida, an\u00f4nima e moderna, vale a pena experimentar o Chatingly. Ele captura a simplicidade que tornou o Omegle famoso, enquanto atualiza a tecnologia e a interface para os usu\u00e1rios de hoje.<\/p>\n<p>Embora n\u00e3o inclua filtros, jogos ou sistemas de perfil, ele compensa isso com velocidade, privacidade e acessibilidade - exatamente o que muitos usu\u00e1rios preferem em uma plataforma de bate-papo aleat\u00f3rio.<\/p>\n<p>Se voc\u00ea quiser:<\/p>\n<ul>\n<li>Conhe\u00e7a novas pessoas de todo o mundo,<\/li>\n<li>Tenha conversas espont\u00e2neas,<\/li>\n<li>Ou simplesmente quebrar a monotonia de seu dia...<\/li>\n<\/ul>\n<p>O Chatingly proporciona essa centelha de conex\u00e3o humana em sua forma mais pura.<\/p>\n<p>Resumindo: o Chatingly \u00e9 um servi\u00e7o de bate-papo por v\u00eddeo aleat\u00f3rio, leve e com privacidade, que re\u00fane simplicidade, alcance global e a emo\u00e7\u00e3o de conhecer algu\u00e9m novo. \u00c9 perfeito para usu\u00e1rios que desejam conversas r\u00e1pidas e reais, a qualquer hora e em qualquer lugar.<\/p>\n<p>Pronto para come\u00e7ar? Visite Chatingly, clique em iniciar e veja quem est\u00e1 esperando do outro lado.<\/p>","protected":false},"excerpt":{"rendered":"<p>In a world where most social apps focus on likes, followers, and curated feeds, Chatingly stands out by bringing back what made the internet exciting in the first place \u2014 real, spontaneous human connection. Designed as a modern random video chat platform, Chatingly connects you instantly with strangers from around the world for one-on-one conversations, [&hellip;]<\/p>\n","protected":false},"author":6,"featured_media":0,"parent":0,"menu_order":0,"comment_status":"closed","ping_status":"closed","template":"","meta":{"footnotes":""},"class_list":["post-12430","page","type-page","status-publish","hentry"],"yoast_head":"<!-- This site is optimized with the Yoast SEO plugin v27.4 - https:\/\/yoast.com\/product\/yoast-seo-wordpress\/ -->\n<title>Chatingly - Video Chat With Strangers Online - TinyChat.com<\/title>\n<meta name=\"description\" content=\"Enjoying Chatingly? Join over 50,000,000 strangers on TinyChat! Turn on your cam and start meeting new people, or find a match.\" \/>\n<meta name=\"robots\" content=\"index, follow, max-snippet:-1, max-image-preview:large, max-video-preview:-1\" \/>\n<link rel=\"canonical\" href=\"https:\/\/tinychat.com\/pt-br\/chatingly\/\" \/>\n<meta property=\"og:locale\" content=\"pt_BR\" \/>\n<meta property=\"og:type\" content=\"article\" \/>\n<meta property=\"og:title\" content=\"Chatingly - Video Chat With Strangers Online - TinyChat.com\" \/>\n<meta property=\"og:description\" content=\"Enjoying Chatingly? Join over 50,000,000 strangers on TinyChat! Turn on your cam and start meeting new people, or find a match.\" \/>\n<meta property=\"og:url\" content=\"https:\/\/tinychat.com\/pt-br\/chatingly\/\" \/>\n<meta property=\"og:site_name\" content=\"TinyChat\" \/>\n<meta property=\"article:publisher\" content=\"https:\/\/www.facebook.com\/tinychat\" \/>\n<meta property=\"article:modified_time\" content=\"2025-10-21T11:14:52+00:00\" \/>\n<meta property=\"og:image\" content=\"https:\/\/tinychat.com\/wp-content\/uploads\/2020\/04\/Tinychat-logo-1280x284-new-black.png\" \/>\n\t<meta property=\"og:image:width\" content=\"1280\" \/>\n\t<meta property=\"og:image:height\" content=\"284\" \/>\n\t<meta property=\"og:image:type\" content=\"image\/png\" \/>\n<meta name=\"twitter:card\" content=\"summary_large_image\" \/>\n<meta name=\"twitter:site\" content=\"@tinychat\" \/>\n<meta name=\"twitter:label1\" content=\"Est. tempo de leitura\" \/>\n\t<meta name=\"twitter:data1\" content=\"6 minutos\" \/>\n<script type=\"application\/ld+json\" class=\"yoast-schema-graph\">{\"@context\":\"https:\\\/\\\/schema.org\",\"@graph\":[{\"@type\":\"WebPage\",\"@id\":\"https:\\\/\\\/tinychat.com\\\/chatingly\\\/\",\"url\":\"https:\\\/\\\/tinychat.com\\\/chatingly\\\/\",\"name\":\"Chatingly - Video Chat With Strangers Online - TinyChat.com\",\"isPartOf\":{\"@id\":\"https:\\\/\\\/tinychat.com\\\/#website\"},\"datePublished\":\"2025-10-21T09:07:35+00:00\",\"dateModified\":\"2025-10-21T11:14:52+00:00\",\"description\":\"Enjoying Chatingly? Join over 50,000,000 strangers on TinyChat! Turn on your cam and start meeting new people, or find a match.\",\"breadcrumb\":{\"@id\":\"https:\\\/\\\/tinychat.com\\\/chatingly\\\/#breadcrumb\"},\"inLanguage\":\"pt-BR\",\"potentialAction\":[{\"@type\":\"ReadAction\",\"target\":[\"https:\\\/\\\/tinychat.com\\\/chatingly\\\/\"]}]},{\"@type\":\"BreadcrumbList\",\"@id\":\"https:\\\/\\\/tinychat.com\\\/chatingly\\\/#breadcrumb\",\"itemListElement\":[{\"@type\":\"ListItem\",\"position\":1,\"name\":\"Home\",\"item\":\"https:\\\/\\\/tinychat.com\\\/\"},{\"@type\":\"ListItem\",\"position\":2,\"name\":\"Chatingly\"}]},{\"@type\":\"WebSite\",\"@id\":\"https:\\\/\\\/tinychat.com\\\/#website\",\"url\":\"https:\\\/\\\/tinychat.com\\\/\",\"name\":\"TinyChat\",\"description\":\"Random Video Chat with Strangers\",\"publisher\":{\"@id\":\"https:\\\/\\\/tinychat.com\\\/#organization\"},\"alternateName\":\"TinyChat.com\",\"potentialAction\":[{\"@type\":\"SearchAction\",\"target\":{\"@type\":\"EntryPoint\",\"urlTemplate\":\"https:\\\/\\\/tinychat.com\\\/?s={search_term_string}\"},\"query-input\":{\"@type\":\"PropertyValueSpecification\",\"valueRequired\":true,\"valueName\":\"search_term_string\"}}],\"inLanguage\":\"pt-BR\"},{\"@type\":\"Organization\",\"@id\":\"https:\\\/\\\/tinychat.com\\\/#organization\",\"name\":\"TinyChat\",\"alternateName\":\"TinyChat.com\",\"url\":\"https:\\\/\\\/tinychat.com\\\/\",\"logo\":{\"@type\":\"ImageObject\",\"inLanguage\":\"pt-BR\",\"@id\":\"https:\\\/\\\/tinychat.com\\\/#\\\/schema\\\/logo\\\/image\\\/\",\"url\":\"https:\\\/\\\/tinychat.com\\\/wp-content\\\/uploads\\\/2023\\\/11\\\/Tinychat-icon-square.png\",\"contentUrl\":\"https:\\\/\\\/tinychat.com\\\/wp-content\\\/uploads\\\/2023\\\/11\\\/Tinychat-icon-square.png\",\"width\":284,\"height\":284,\"caption\":\"TinyChat\"},\"image\":{\"@id\":\"https:\\\/\\\/tinychat.com\\\/#\\\/schema\\\/logo\\\/image\\\/\"},\"sameAs\":[\"https:\\\/\\\/www.facebook.com\\\/tinychat\",\"https:\\\/\\\/x.com\\\/tinychat\"]}]}<\/script>\n<!-- \/ Yoast SEO plugin. -->","yoast_head_json":{"title":"Chatingly - Bate-papo por v\u00eddeo com estranhos on-line - TinyChat.com","description":"Est\u00e1 gostando do Chatingly? Junte-se a mais de 50.000.000 de estranhos no TinyChat! Ligue sua c\u00e2mera e comece a conhecer novas pessoas ou encontre um par.","robots":{"index":"index","follow":"follow","max-snippet":"max-snippet:-1","max-image-preview":"max-image-preview:large","max-video-preview":"max-video-preview:-1"},"canonical":"https:\/\/tinychat.com\/pt-br\/chatingly\/","og_locale":"pt_BR","og_type":"article","og_title":"Chatingly - Video Chat With Strangers Online - TinyChat.com","og_description":"Enjoying Chatingly? Join over 50,000,000 strangers on TinyChat! Turn on your cam and start meeting new people, or find a match.","og_url":"https:\/\/tinychat.com\/pt-br\/chatingly\/","og_site_name":"TinyChat","article_publisher":"https:\/\/www.facebook.com\/tinychat","article_modified_time":"2025-10-21T11:14:52+00:00","og_image":[{"width":1280,"height":284,"url":"https:\/\/tinychat.com\/wp-content\/uploads\/2020\/04\/Tinychat-logo-1280x284-new-black.png","type":"image\/png"}],"twitter_card":"summary_large_image","twitter_site":"@tinychat","twitter_misc":{"Est. tempo de leitura":"6 minutos"},"schema":{"@context":"https:\/\/schema.org","@graph":[{"@type":"WebPage","@id":"https:\/\/tinychat.com\/chatingly\/","url":"https:\/\/tinychat.com\/chatingly\/","name":"Chatingly - Bate-papo por v\u00eddeo com estranhos on-line - TinyChat.com","isPartOf":{"@id":"https:\/\/tinychat.com\/#website"},"datePublished":"2025-10-21T09:07:35+00:00","dateModified":"2025-10-21T11:14:52+00:00","description":"Est\u00e1 gostando do Chatingly? Junte-se a mais de 50.000.000 de estranhos no TinyChat! Ligue sua c\u00e2mera e comece a conhecer novas pessoas ou encontre um par.","breadcrumb":{"@id":"https:\/\/tinychat.com\/chatingly\/#breadcrumb"},"inLanguage":"pt-BR","potentialAction":[{"@type":"ReadAction","target":["https:\/\/tinychat.com\/chatingly\/"]}]},{"@type":"BreadcrumbList","@id":"https:\/\/tinychat.com\/chatingly\/#breadcrumb","itemListElement":[{"@type":"ListItem","position":1,"name":"Home","item":"https:\/\/tinychat.com\/"},{"@type":"ListItem","position":2,"name":"Chatingly"}]},{"@type":"WebSite","@id":"https:\/\/tinychat.com\/#website","url":"https:\/\/tinychat.com\/","name":"TinyChat","description":"Bate-papo por v\u00eddeo aleat\u00f3rio com estranhos","publisher":{"@id":"https:\/\/tinychat.com\/#organization"},"alternateName":"TinyChat.com","potentialAction":[{"@type":"SearchAction","target":{"@type":"EntryPoint","urlTemplate":"https:\/\/tinychat.com\/?s={search_term_string}"},"query-input":{"@type":"PropertyValueSpecification","valueRequired":true,"valueName":"search_term_string"}}],"inLanguage":"pt-BR"},{"@type":"Organization","@id":"https:\/\/tinychat.com\/#organization","name":"TinyChat","alternateName":"TinyChat.com","url":"https:\/\/tinychat.com\/","logo":{"@type":"ImageObject","inLanguage":"pt-BR","@id":"https:\/\/tinychat.com\/#\/schema\/logo\/image\/","url":"https:\/\/tinychat.com\/wp-content\/uploads\/2023\/11\/Tinychat-icon-square.png","contentUrl":"https:\/\/tinychat.com\/wp-content\/uploads\/2023\/11\/Tinychat-icon-square.png","width":284,"height":284,"caption":"TinyChat"},"image":{"@id":"https:\/\/tinychat.com\/#\/schema\/logo\/image\/"},"sameAs":["https:\/\/www.facebook.com\/tinychat","https:\/\/x.com\/tinychat"]}]}},"_links":{"self":[{"href":"https:\/\/tinychat.com\/pt-br\/wp-json\/wp\/v2\/pages\/12430","targetHints":{"allow":["GET"]}}],"collection":[{"href":"https:\/\/tinychat.com\/pt-br\/wp-json\/wp\/v2\/pages"}],"about":[{"href":"https:\/\/tinychat.com\/pt-br\/wp-json\/wp\/v2\/types\/page"}],"author":[{"embeddable":true,"href":"https:\/\/tinychat.com\/pt-br\/wp-json\/wp\/v2\/users\/6"}],"replies":[{"embeddable":true,"href":"https:\/\/tinychat.com\/pt-br\/wp-json\/wp\/v2\/comments?post=12430"}],"version-history":[{"count":3,"href":"https:\/\/tinychat.com\/pt-br\/wp-json\/wp\/v2\/pages\/12430\/revisions"}],"predecessor-version":[{"id":13559,"href":"https:\/\/tinychat.com\/pt-br\/wp-json\/wp\/v2\/pages\/12430\/revisions\/13559"}],"wp:attachment":[{"href":"https:\/\/tinychat.com\/pt-br\/wp-json\/wp\/v2\/media?parent=12430"}],"curies":[{"name":"wp","href":"https:\/\/api.w.org\/{rel}","templated":true}]}}