{"id":12446,"date":"2025-08-11T08:59:56","date_gmt":"2025-08-11T06:59:56","guid":{"rendered":"https:\/\/tinychat.com\/?page_id=12446"},"modified":"2025-08-11T09:19:49","modified_gmt":"2025-08-11T07:19:49","slug":"camzey","status":"publish","type":"page","link":"https:\/\/tinychat.com\/pt-br\/camzey\/","title":{"rendered":"Camzey"},"content":{"rendered":"<p>A Internet tornou mais f\u00e1cil do que nunca se conectar com as pessoas, mas muitas plataformas sociais parecem repetitivas, com curadoria e previs\u00edveis. \u00c9 a\u00ed que entra o Camzey. Projetado para aqueles que desejam conversas espont\u00e2neas e face a face, o Camzey oferece uma nova vis\u00e3o da experi\u00eancia de bate-papo por v\u00eddeo aleat\u00f3rio, proporcionando aos usu\u00e1rios a emo\u00e7\u00e3o de conhecer algu\u00e9m novo em tempo real.<\/p>\n<p>Com seu design que prioriza os dispositivos m\u00f3veis, sistema de correspond\u00eancia instant\u00e2nea e interface amig\u00e1vel, o Camzey combina a emo\u00e7\u00e3o dos encontros surpresa com ferramentas que tornam o bate-papo seguro, envolvente e acess\u00edvel. Seja para fazer amigos, praticar outro idioma, paquerar ou simplesmente passar o tempo, o Camzey oferece um mundo de possibilidades - uma conex\u00e3o aleat\u00f3ria de cada vez.<\/p>\n<p>Esta an\u00e1lise detalhada explora tudo o que voc\u00ea precisa saber sobre o Camzey, incluindo seus recursos, processo de configura\u00e7\u00e3o, experi\u00eancia do usu\u00e1rio, medidas de seguran\u00e7a e como ele se compara a outras plataformas do mercado.<\/p>\n<h2>O que \u00e9 Camzey?<\/h2>\n<p>O Camzey \u00e9 uma plataforma de bate-papo por v\u00eddeo aleat\u00f3rio que conecta voc\u00ea instantaneamente com estranhos de todo o mundo. Em vez de navegar pelos perfis ou passar o dedo sem parar, voc\u00ea \u00e9 levado a conversas ao vivo, cara a cara, nas quais pode interagir naturalmente e decidir em tempo real se quer continuar ou seguir em frente.<\/p>\n<p>Assim como o Omegle, o Chatroulette ou o ChatHub, o Camzey se concentra na conex\u00e3o humana direta, mas acrescenta tecnologia moderna de streaming de v\u00eddeo, filtros de usu\u00e1rio e ferramentas de privacidade para torn\u00e1-la mais suave e envolvente. O resultado \u00e9 uma experi\u00eancia de bate-papo que parece espont\u00e2nea e segura.<\/p>\n<h2>Principais recursos do Camzey<\/h2>\n<p>O Camzey n\u00e3o \u00e9 apenas mais um clone de bate-papo aleat\u00f3rio - ele est\u00e1 repleto de recursos \u00fateis que mant\u00eam as conversas fluindo e tornam a descoberta mais divertida.<\/p>\n<h3>1. Chat de v\u00eddeo aleat\u00f3rio instant\u00e2neo<\/h3>\n<ul>\n<li>Conecte-se com estranhos em qualquer lugar do mundo em segundos.<\/li>\n<li>V\u00eddeo e \u00e1udio de alta qualidade para conversas naturais.<\/li>\n<li>Basta deslizar ou tocar para pular e conhecer algu\u00e9m novo.<\/li>\n<\/ul>\n<h3>2. Filtros de localiza\u00e7\u00e3o e g\u00eanero<\/h3>\n<ul>\n<li>Restrinja suas correspond\u00eancias a pa\u00edses ou regi\u00f5es espec\u00edficos.<\/li>\n<li>Filtre por g\u00eanero para obter uma experi\u00eancia de bate-papo mais personalizada.<\/li>\n<li>Os filtros s\u00e3o opcionais - deixe-os desligados para obter total aleatoriedade.<\/li>\n<\/ul>\n<h3>3. Op\u00e7\u00e3o de bate-papo por texto<\/h3>\n<ul>\n<li>Digite em vez de falar, se preferir.<\/li>\n<li>Compartilhe links, piadas ou tradu\u00e7\u00f5es r\u00e1pidas durante as chamadas de v\u00eddeo.<\/li>\n<\/ul>\n<h3>4. Sistema de amigos e reconex\u00e3o<\/h3>\n<ul>\n<li>Adicione usu\u00e1rios com quem voc\u00ea gosta de conversar como amigos.<\/li>\n<li>Envie mensagens ou converse por v\u00eddeo novamente sem depender de correspond\u00eancias aleat\u00f3rias.<\/li>\n<\/ul>\n<h3>5. Filtros e efeitos divertidos<\/h3>\n<ul>\n<li>Aplique adesivos, m\u00e1scaras e efeitos de RA durante as chamadas.<\/li>\n<li>Personalize sua apar\u00eancia ou adicione humor \u00e0s conversas.<\/li>\n<\/ul>\n<h3>6. Ferramentas de privacidade e seguran\u00e7a<\/h3>\n<ul>\n<li>Modo de visualiza\u00e7\u00e3o do desfoque para que voc\u00ea veja os usu\u00e1rios antes de desfocar.<\/li>\n<li>Bot\u00f5es de den\u00fancia r\u00e1pida e bloqueio para usu\u00e1rios problem\u00e1ticos.<\/li>\n<li>Equipe de modera\u00e7\u00e3o para analisar as den\u00fancias 24 horas por dia, 7 dias por semana.<\/li>\n<\/ul>\n<h3>7. Experi\u00eancia Mobile-First<\/h3>\n<ul>\n<li>Otimizado para iOS e Android.<\/li>\n<li>Tempos de carregamento r\u00e1pidos e atraso m\u00ednimo durante as chamadas de v\u00eddeo.<\/li>\n<\/ul>\n<h2>Como usar o Camzey<\/h2>\n<p>O design do Camzey o torna amig\u00e1vel para iniciantes, mesmo para aqueles que nunca usaram o bate-papo por v\u00eddeo aleat\u00f3rio antes.<\/p>\n<h3>Etapa 1: Acesse o Camzey<\/h3>\n<ul>\n<li>Dispon\u00edvel como um aplicativo m\u00f3vel para iOS e Android.<\/li>\n<li>Alguns recursos podem ser acessados pelo navegador da Web.<\/li>\n<\/ul>\n<h3>Etapa 2: Inscreva-se ou use o modo visitante<\/h3>\n<ul>\n<li>Voc\u00ea pode come\u00e7ar a bater papo sem se registrar, mas a inscri\u00e7\u00e3o permite que voc\u00ea se registre:\n<ul>\n<li>Salvar amigos.<\/li>\n<li>Definir prefer\u00eancias.<\/li>\n<li>Desbloquear filtros.<\/li>\n<\/ul>\n<\/li>\n<\/ul>\n<h3>Etapa 3: Defina suas prefer\u00eancias<\/h3>\n<ul>\n<li>Escolha filtros de g\u00eanero e regi\u00e3o (se desejar).<\/li>\n<li>Ativar\/desativar o modo de visualiza\u00e7\u00e3o de desfoque.<\/li>\n<li>Ajuste as configura\u00e7\u00f5es do microfone e da c\u00e2mera.<\/li>\n<\/ul>\n<h3>Etapa 4: Iniciar o bate-papo<\/h3>\n<ul>\n<li>Toque em Iniciar para se conectar instantaneamente.<\/li>\n<li>Decida se quer continuar a conversa ou passar para outra pessoa.<\/li>\n<\/ul>\n<h3>Etapa 5: Adicionar amigos ou continuar navegando<\/h3>\n<ul>\n<li>Clique em \"Add Friend\" para salvar a conex\u00e3o para uso posterior.<\/li>\n<li>Continue conversando com novas pessoas pelo tempo que quiser.<\/li>\n<\/ul>\n<h2>Experi\u00eancia do usu\u00e1rio no Camzey<\/h2>\n<p>O Camzey se concentra na simplicidade e no desempenho suave, tornando-o acess\u00edvel para usu\u00e1rios casuais, mas suficientemente envolvente para os regulares.<\/p>\n<h3>O que os usu\u00e1rios adoram<\/h3>\n<ul>\n<li>Conex\u00f5es r\u00e1pidas - sem espera ou filas.<\/li>\n<li>Qualidade de v\u00eddeo n\u00edtida e \u00e1udio est\u00e1vel.<\/li>\n<li>Op\u00e7\u00e3o para filtrar correspond\u00eancias para chats mais relevantes.<\/li>\n<li>Filtros divertidos que adicionam personalidade \u00e0s chamadas.<\/li>\n<li>Nenhuma configura\u00e7\u00e3o complicada - basta tocar e come\u00e7ar.<\/li>\n<li>Ferramentas de privacidade, como modo de desfoque e bloqueio r\u00e1pido.<\/li>\n<\/ul>\n<h3>Onde os usu\u00e1rios veem espa\u00e7o para melhorias<\/h3>\n<ul>\n<li>Os usu\u00e1rios gratuitos podem enfrentar limites nos filtros.<\/li>\n<li>Pequenas bases de usu\u00e1rios regionais em determinados fusos hor\u00e1rios.<\/li>\n<li>N\u00e3o h\u00e1 ferramenta de tradu\u00e7\u00e3o integrada (ao contr\u00e1rio do Azar).<\/li>\n<li>A experi\u00eancia somente com aplicativos pode afastar os usu\u00e1rios de desktop.<\/li>\n<\/ul>\n<h2>Camzey vs. outras plataformas de bate-papo por v\u00eddeo aleat\u00f3rio<\/h2>\n<table>\n<thead>\n<tr>\n<th>Recurso<\/th>\n<th>Camzey<\/th>\n<th>OmegleWeb<\/th>\n<th>ChatHub<\/th>\n<th>LuckyCrush<\/th>\n<th>Azar<\/th>\n<th>HOLLA<\/th>\n<\/tr>\n<\/thead>\n<tbody>\n<tr>\n<td>Random Video Chat com Estranhos<\/td>\n<td>\u2705 Sim<\/td>\n<td>\u2705 Sim<\/td>\n<td>\u2705 Sim<\/td>\n<td>\u2705 Sim<\/td>\n<td>\u2705 Sim<\/td>\n<td>\u2705 Sim<\/td>\n<\/tr>\n<tr>\n<td>Filtros de g\u00eanero\/localiza\u00e7\u00e3o<\/td>\n<td>\u2705 Sim<\/td>\n<td>\u26a0\ufe0f Limited<\/td>\n<td>\u2705 Sim<\/td>\n<td>\u2705 Sim<\/td>\n<td>\u2705 Sim<\/td>\n<td>\u2705 Sim<\/td>\n<\/tr>\n<tr>\n<td>Modo de visualiza\u00e7\u00e3o de desfoque<\/td>\n<td>\u2705 Sim<\/td>\n<td>\u274c N\u00e3o<\/td>\n<td>\u2705 Sim<\/td>\n<td>\u274c N\u00e3o<\/td>\n<td>\u2705 Sim<\/td>\n<td>\u274c N\u00e3o<\/td>\n<\/tr>\n<tr>\n<td>Efeitos\/Filtros divertidos<\/td>\n<td>\u2705 Sim<\/td>\n<td>\u274c N\u00e3o<\/td>\n<td>\u2705 Sim<\/td>\n<td>\u274c N\u00e3o<\/td>\n<td>\u2705 Sim<\/td>\n<td>\u2705 Sim<\/td>\n<\/tr>\n<tr>\n<td>Sistema de amigos<\/td>\n<td>\u2705 Sim<\/td>\n<td>\u274c N\u00e3o<\/td>\n<td>\u2705 Sim<\/td>\n<td>\u2705 Sim<\/td>\n<td>\u2705 Sim<\/td>\n<td>\u2705 Sim<\/td>\n<\/tr>\n<tr>\n<td>Aplicativo m\u00f3vel<\/td>\n<td>\u2705 Sim<\/td>\n<td>\u2705 Sim<\/td>\n<td>\u2705 Sim<\/td>\n<td>\u2705 Sim<\/td>\n<td>\u2705 Sim<\/td>\n<td>\u2705 Sim<\/td>\n<\/tr>\n<tr>\n<td>Tradu\u00e7\u00e3o<\/td>\n<td>\u274c N\u00e3o<\/td>\n<td>\u274c N\u00e3o<\/td>\n<td>\u274c N\u00e3o<\/td>\n<td>\u274c N\u00e3o<\/td>\n<td>\u2705 Sim<\/td>\n<td>\u274c N\u00e3o<\/td>\n<\/tr>\n<\/tbody>\n<\/table>\n<p>Resumo: O Camzey oferece qualidade de v\u00eddeo s\u00f3lida, correspond\u00eancia r\u00e1pida e ferramentas de privacidade, o que o torna um excelente meio-termo entre servi\u00e7os ultrab\u00e1sicos, como o OmegleWeb, e aplicativos altamente sociais, como o Azar.<\/p>\n<h2>O Camzey \u00e9 seguro?<\/h2>\n<p>O Yes-Camzey inclui v\u00e1rios recursos de seguran\u00e7a incorporados:<\/p>\n<ul>\n<li>A modera\u00e7\u00e3o por IA filtra o conte\u00fado inadequado.<\/li>\n<li>As fun\u00e7\u00f5es de relat\u00f3rio\/bloqueio est\u00e3o acess\u00edveis o tempo todo.<\/li>\n<li>O modo de desfoque opcional oculta o v\u00eddeo at\u00e9 que voc\u00ea decida visualiz\u00e1-lo.<\/li>\n<li>Os usu\u00e1rios podem permanecer an\u00f4nimos - n\u00e3o h\u00e1 necessidade de compartilhar informa\u00e7\u00f5es pessoais.<\/li>\n<\/ul>\n<h3>Dicas de seguran\u00e7a<\/h3>\n<ul>\n<li>Evite revelar detalhes particulares nos bate-papos.<\/li>\n<li>Encerre a conversa imediatamente se voc\u00ea se sentir desconfort\u00e1vel.<\/li>\n<li>Use filtros de g\u00eanero e local para limitar a exposi\u00e7\u00e3o, se desejar.<\/li>\n<li>Os pais devem supervisionar se menores de idade estiverem usando o aplicativo.<\/li>\n<\/ul>\n<h2>Dicas para obter o m\u00e1ximo do Camzey<\/h2>\n<ul>\n<li>Use filtros se estiver procurando por um grupo demogr\u00e1fico espec\u00edfico.<\/li>\n<li>Fa\u00e7a experi\u00eancias com efeitos para tornar as conversas mais divertidas.<\/li>\n<li>Experimente o modo global para conhecer pessoas de culturas completamente diferentes.<\/li>\n<li>Fa\u00e7a login nos hor\u00e1rios de pico em sua regi\u00e3o-alvo para obter mais correspond\u00eancias.<\/li>\n<li>Mantenha sua c\u00e2mera limpa e bem iluminada para obter melhores impress\u00f5es.<\/li>\n<li>Denuncie os malfeitores para ajudar a manter uma comunidade segura.<\/li>\n<\/ul>\n<h2>Problemas e solu\u00e7\u00f5es comuns do Camzey<\/h2>\n<h3>N\u00e3o \u00e9 poss\u00edvel conectar<\/h3>\n<p>Verifique a velocidade da Internet e permita permiss\u00f5es de c\u00e2mera\/microfone.<\/p>\n<h3>Qualidade de v\u00eddeo ruim<\/h3>\n<p>Mude para Wi-Fi ou um sinal de dados mais forte; feche os aplicativos em segundo plano.<\/p>\n<h3>Filtros bloqueados<\/h3>\n<p>Fa\u00e7a login e verifique se voc\u00ea precisa de moedas ou acesso premium.<\/p>\n<h3>Encontrando usu\u00e1rios inadequados<\/h3>\n<p>Bloqueie e denuncie imediatamente - a modera\u00e7\u00e3o \u00e9 responsiva.<\/p>\n<p>Se voc\u00ea deseja uma experi\u00eancia de bate-papo por v\u00eddeo aleat\u00f3rio simples e moderna, sem confus\u00e3o desnecess\u00e1ria, o Camzey \u00e9 a solu\u00e7\u00e3o. Ele combina a emo\u00e7\u00e3o de conhecer estranhos com ferramentas de privacidade suficientes para manter as coisas seguras, e seu design que prioriza os dispositivos m\u00f3veis garante uma experi\u00eancia suave e compat\u00edvel com aplicativos.<\/p>\n<p>Embora possa carecer de alguns recursos avan\u00e7ados, como tradu\u00e7\u00e3o em tempo real, \u00e9 uma boa op\u00e7\u00e3o para usu\u00e1rios que valorizam a velocidade, a simplicidade e a conex\u00e3o casual. Quer voc\u00ea esteja buscando novas amizades, interc\u00e2mbio cultural ou apenas conversas divertidas, vale a pena adicionar o Camzey ao seu rod\u00edzio de plataformas de bate-papo.<\/p>\n<p>Pronto para come\u00e7ar a conversar? Baixe o Camzey em seu dispositivo m\u00f3vel, defina suas prefer\u00eancias e veja quem voc\u00ea vai encontrar em seguida - \u00e9 simples assim.<\/p>","protected":false},"excerpt":{"rendered":"<p>The internet has made it easier than ever to connect with people\u2014but many social platforms feel repetitive, curated, and predictable. That\u2019s where Camzey comes in. Designed for those who crave spontaneous, face-to-face conversations, Camzey offers a fresh take on the random video chat experience, giving users the thrill of meeting someone new in real time. [&hellip;]<\/p>\n","protected":false},"author":6,"featured_media":0,"parent":0,"menu_order":0,"comment_status":"closed","ping_status":"closed","template":"","meta":{"footnotes":""},"class_list":["post-12446","page","type-page","status-publish","hentry"],"yoast_head":"<!-- This site is optimized with the Yoast SEO plugin v27.6 - https:\/\/yoast.com\/product\/yoast-seo-wordpress\/ -->\n<title>Camzey - Alternative to OmeTV &amp; Monkey App - TinyChat.com<\/title>\n<meta name=\"description\" content=\"Enjoying Camzey? Join over 50,000,000 strangers on TinyChat! Turn on your cam and start meeting new people, or find a match.\" \/>\n<meta name=\"robots\" content=\"index, follow, max-snippet:-1, max-image-preview:large, max-video-preview:-1\" \/>\n<link rel=\"canonical\" href=\"https:\/\/tinychat.com\/pt-br\/camzey\/\" \/>\n<meta property=\"og:locale\" content=\"pt_BR\" \/>\n<meta property=\"og:type\" content=\"article\" \/>\n<meta property=\"og:title\" content=\"Camzey - Alternative to OmeTV &amp; Monkey App - TinyChat.com\" \/>\n<meta property=\"og:description\" content=\"Enjoying Camzey? Join over 50,000,000 strangers on TinyChat! Turn on your cam and start meeting new people, or find a match.\" \/>\n<meta property=\"og:url\" content=\"https:\/\/tinychat.com\/pt-br\/camzey\/\" \/>\n<meta property=\"og:site_name\" content=\"TinyChat\" \/>\n<meta property=\"article:publisher\" content=\"https:\/\/www.facebook.com\/tinychat\" \/>\n<meta property=\"article:modified_time\" content=\"2025-08-11T07:19:49+00:00\" \/>\n<meta property=\"og:image\" content=\"https:\/\/tinychat.com\/wp-content\/uploads\/2020\/04\/Tinychat-logo-1280x284-new-black.png\" \/>\n\t<meta property=\"og:image:width\" content=\"1280\" \/>\n\t<meta property=\"og:image:height\" content=\"284\" \/>\n\t<meta property=\"og:image:type\" content=\"image\/png\" \/>\n<meta name=\"twitter:card\" content=\"summary_large_image\" \/>\n<meta name=\"twitter:site\" content=\"@tinychat\" \/>\n<meta name=\"twitter:label1\" content=\"Est. tempo de leitura\" \/>\n\t<meta name=\"twitter:data1\" content=\"5 minutos\" \/>\n<script type=\"application\/ld+json\" class=\"yoast-schema-graph\">{\"@context\":\"https:\\\/\\\/schema.org\",\"@graph\":[{\"@type\":\"WebPage\",\"@id\":\"https:\\\/\\\/tinychat.com\\\/camzey\\\/\",\"url\":\"https:\\\/\\\/tinychat.com\\\/camzey\\\/\",\"name\":\"Camzey - Alternative to OmeTV & Monkey App - TinyChat.com\",\"isPartOf\":{\"@id\":\"https:\\\/\\\/tinychat.com\\\/#website\"},\"datePublished\":\"2025-08-11T06:59:56+00:00\",\"dateModified\":\"2025-08-11T07:19:49+00:00\",\"description\":\"Enjoying Camzey? Join over 50,000,000 strangers on TinyChat! Turn on your cam and start meeting new people, or find a match.\",\"breadcrumb\":{\"@id\":\"https:\\\/\\\/tinychat.com\\\/camzey\\\/#breadcrumb\"},\"inLanguage\":\"pt-BR\",\"potentialAction\":[{\"@type\":\"ReadAction\",\"target\":[\"https:\\\/\\\/tinychat.com\\\/camzey\\\/\"]}]},{\"@type\":\"BreadcrumbList\",\"@id\":\"https:\\\/\\\/tinychat.com\\\/camzey\\\/#breadcrumb\",\"itemListElement\":[{\"@type\":\"ListItem\",\"position\":1,\"name\":\"Home\",\"item\":\"https:\\\/\\\/tinychat.com\\\/\"},{\"@type\":\"ListItem\",\"position\":2,\"name\":\"Camzey\"}]},{\"@type\":\"WebSite\",\"@id\":\"https:\\\/\\\/tinychat.com\\\/#website\",\"url\":\"https:\\\/\\\/tinychat.com\\\/\",\"name\":\"TinyChat\",\"description\":\"Random Video Chat with Strangers\",\"publisher\":{\"@id\":\"https:\\\/\\\/tinychat.com\\\/#organization\"},\"alternateName\":\"TinyChat.com\",\"potentialAction\":[{\"@type\":\"SearchAction\",\"target\":{\"@type\":\"EntryPoint\",\"urlTemplate\":\"https:\\\/\\\/tinychat.com\\\/?s={search_term_string}\"},\"query-input\":{\"@type\":\"PropertyValueSpecification\",\"valueRequired\":true,\"valueName\":\"search_term_string\"}}],\"inLanguage\":\"pt-BR\"},{\"@type\":\"Organization\",\"@id\":\"https:\\\/\\\/tinychat.com\\\/#organization\",\"name\":\"TinyChat\",\"alternateName\":\"TinyChat.com\",\"url\":\"https:\\\/\\\/tinychat.com\\\/\",\"logo\":{\"@type\":\"ImageObject\",\"inLanguage\":\"pt-BR\",\"@id\":\"https:\\\/\\\/tinychat.com\\\/#\\\/schema\\\/logo\\\/image\\\/\",\"url\":\"https:\\\/\\\/tinychat.com\\\/wp-content\\\/uploads\\\/2023\\\/11\\\/Tinychat-icon-square.png\",\"contentUrl\":\"https:\\\/\\\/tinychat.com\\\/wp-content\\\/uploads\\\/2023\\\/11\\\/Tinychat-icon-square.png\",\"width\":284,\"height\":284,\"caption\":\"TinyChat\"},\"image\":{\"@id\":\"https:\\\/\\\/tinychat.com\\\/#\\\/schema\\\/logo\\\/image\\\/\"},\"sameAs\":[\"https:\\\/\\\/www.facebook.com\\\/tinychat\",\"https:\\\/\\\/x.com\\\/tinychat\"]}]}<\/script>\n<!-- \/ Yoast SEO plugin. -->","yoast_head_json":{"title":"Camzey - Alternativa ao OmeTV e Monkey App - TinyChat.com","description":"Est\u00e1 gostando do Camzey? Junte-se a mais de 50.000.000 de estranhos no TinyChat! Ligue sua c\u00e2mera e comece a conhecer novas pessoas ou encontre um par.","robots":{"index":"index","follow":"follow","max-snippet":"max-snippet:-1","max-image-preview":"max-image-preview:large","max-video-preview":"max-video-preview:-1"},"canonical":"https:\/\/tinychat.com\/pt-br\/camzey\/","og_locale":"pt_BR","og_type":"article","og_title":"Camzey - Alternative to OmeTV & Monkey App - TinyChat.com","og_description":"Enjoying Camzey? Join over 50,000,000 strangers on TinyChat! Turn on your cam and start meeting new people, or find a match.","og_url":"https:\/\/tinychat.com\/pt-br\/camzey\/","og_site_name":"TinyChat","article_publisher":"https:\/\/www.facebook.com\/tinychat","article_modified_time":"2025-08-11T07:19:49+00:00","og_image":[{"width":1280,"height":284,"url":"https:\/\/tinychat.com\/wp-content\/uploads\/2020\/04\/Tinychat-logo-1280x284-new-black.png","type":"image\/png"}],"twitter_card":"summary_large_image","twitter_site":"@tinychat","twitter_misc":{"Est. tempo de leitura":"5 minutos"},"schema":{"@context":"https:\/\/schema.org","@graph":[{"@type":"WebPage","@id":"https:\/\/tinychat.com\/camzey\/","url":"https:\/\/tinychat.com\/camzey\/","name":"Camzey - Alternativa ao OmeTV e Monkey App - TinyChat.com","isPartOf":{"@id":"https:\/\/tinychat.com\/#website"},"datePublished":"2025-08-11T06:59:56+00:00","dateModified":"2025-08-11T07:19:49+00:00","description":"Est\u00e1 gostando do Camzey? Junte-se a mais de 50.000.000 de estranhos no TinyChat! Ligue sua c\u00e2mera e comece a conhecer novas pessoas ou encontre um par.","breadcrumb":{"@id":"https:\/\/tinychat.com\/camzey\/#breadcrumb"},"inLanguage":"pt-BR","potentialAction":[{"@type":"ReadAction","target":["https:\/\/tinychat.com\/camzey\/"]}]},{"@type":"BreadcrumbList","@id":"https:\/\/tinychat.com\/camzey\/#breadcrumb","itemListElement":[{"@type":"ListItem","position":1,"name":"Home","item":"https:\/\/tinychat.com\/"},{"@type":"ListItem","position":2,"name":"Camzey"}]},{"@type":"WebSite","@id":"https:\/\/tinychat.com\/#website","url":"https:\/\/tinychat.com\/","name":"TinyChat","description":"Bate-papo por v\u00eddeo aleat\u00f3rio com estranhos","publisher":{"@id":"https:\/\/tinychat.com\/#organization"},"alternateName":"TinyChat.com","potentialAction":[{"@type":"SearchAction","target":{"@type":"EntryPoint","urlTemplate":"https:\/\/tinychat.com\/?s={search_term_string}"},"query-input":{"@type":"PropertyValueSpecification","valueRequired":true,"valueName":"search_term_string"}}],"inLanguage":"pt-BR"},{"@type":"Organization","@id":"https:\/\/tinychat.com\/#organization","name":"TinyChat","alternateName":"TinyChat.com","url":"https:\/\/tinychat.com\/","logo":{"@type":"ImageObject","inLanguage":"pt-BR","@id":"https:\/\/tinychat.com\/#\/schema\/logo\/image\/","url":"https:\/\/tinychat.com\/wp-content\/uploads\/2023\/11\/Tinychat-icon-square.png","contentUrl":"https:\/\/tinychat.com\/wp-content\/uploads\/2023\/11\/Tinychat-icon-square.png","width":284,"height":284,"caption":"TinyChat"},"image":{"@id":"https:\/\/tinychat.com\/#\/schema\/logo\/image\/"},"sameAs":["https:\/\/www.facebook.com\/tinychat","https:\/\/x.com\/tinychat"]}]}},"_links":{"self":[{"href":"https:\/\/tinychat.com\/pt-br\/wp-json\/wp\/v2\/pages\/12446","targetHints":{"allow":["GET"]}}],"collection":[{"href":"https:\/\/tinychat.com\/pt-br\/wp-json\/wp\/v2\/pages"}],"about":[{"href":"https:\/\/tinychat.com\/pt-br\/wp-json\/wp\/v2\/types\/page"}],"author":[{"embeddable":true,"href":"https:\/\/tinychat.com\/pt-br\/wp-json\/wp\/v2\/users\/6"}],"replies":[{"embeddable":true,"href":"https:\/\/tinychat.com\/pt-br\/wp-json\/wp\/v2\/comments?post=12446"}],"version-history":[{"count":4,"href":"https:\/\/tinychat.com\/pt-br\/wp-json\/wp\/v2\/pages\/12446\/revisions"}],"predecessor-version":[{"id":13432,"href":"https:\/\/tinychat.com\/pt-br\/wp-json\/wp\/v2\/pages\/12446\/revisions\/13432"}],"wp:attachment":[{"href":"https:\/\/tinychat.com\/pt-br\/wp-json\/wp\/v2\/media?parent=12446"}],"curies":[{"name":"wp","href":"https:\/\/api.w.org\/{rel}","templated":true}]}}