{"id":12454,"date":"2025-08-27T08:12:50","date_gmt":"2025-08-27T06:12:50","guid":{"rendered":"https:\/\/tinychat.com\/?page_id=12454"},"modified":"2025-08-27T09:38:24","modified_gmt":"2025-08-27T07:38:24","slug":"1v1chat","status":"publish","type":"page","link":"https:\/\/tinychat.com\/pt-br\/1v1chat\/","title":{"rendered":"1v1Chat"},"content":{"rendered":"<p>A Internet nos proporcionou in\u00fameras maneiras de nos conectarmos com pessoas do mundo todo, mas poucas experi\u00eancias se igualam \u00e0 emo\u00e7\u00e3o de uma conversa aleat\u00f3ria, cara a cara, com um estranho. Enquanto os bate-papos em grupo e a m\u00eddia social prosperam em comunidades e interesses compartilhados, as plataformas de bate-papo por v\u00eddeo aleat\u00f3rio se concentram em algo mais simples: a espontaneidade. O 1v1Chat \u00e9 uma das plataformas que se apoia nessa simplicidade, oferecendo exatamente o que seu nome sugere: um bate-papo aleat\u00f3rio com estranhos.<\/p>\n<p>Ao contr\u00e1rio dos aplicativos que exigem longas inscri\u00e7\u00f5es ou que se concentram em conte\u00fado selecionado, o 1v1Chat \u00e9 imediatista. Em segundos, voc\u00ea pode conhecer algu\u00e9m novo, iniciar uma conversa e, se n\u00e3o for compat\u00edvel, seguir em frente com um \u00fanico clique. \u00c9 esse design minimalista e direto ao ponto que o torna atraente para pessoas que desejam apenas intera\u00e7\u00f5es r\u00e1pidas e an\u00f4nimas.<\/p>\n<p>Nesta an\u00e1lise, exploraremos o que \u00e9 o 1v1Chat, seus recursos, como ele funciona, a experi\u00eancia do usu\u00e1rio, as ferramentas de seguran\u00e7a, compara\u00e7\u00f5es com concorrentes e dicas pr\u00e1ticas para obter o m\u00e1ximo dele.<\/p>\n<h2>O que \u00e9 1v1Chat?<\/h2>\n<p>O 1v1Chat \u00e9 um site de bate-papo por v\u00eddeo aleat\u00f3rio criado para conectar instantaneamente dois estranhos - apenas voc\u00ea e uma outra pessoa de cada vez. Ao contr\u00e1rio de salas de bate-papo ou redes sociais, ele n\u00e3o lida com grupos, feeds ou perfis. Em vez disso, ele reduz a experi\u00eancia ao b\u00e1sico: intera\u00e7\u00f5es individuais.<\/p>\n<p>Isso o torna diferente de plataformas como Chat Avenue ou TinyChat (que se concentram em comunidades) e mais semelhante ao Omegle, Chatroulette ou Emerald Chat. A diferen\u00e7a est\u00e1 no nome e na miss\u00e3o: 1v1 - apenas voc\u00ea e um estranho, em um espa\u00e7o privado, pelo tempo que desejar.<\/p>\n<h2>Principais recursos do 1v1Chat<\/h2>\n<p>Embora seja m\u00ednimo em compara\u00e7\u00e3o com aplicativos repletos de recursos, o 1v1Chat oferece o essencial para manter as conversas fluindo sem problemas.<\/p>\n<h3>1. Conex\u00f5es instant\u00e2neas individuais<\/h3>\n<ul>\n<li>N\u00e3o \u00e9 necess\u00e1rio registrar-se ou criar uma conta.<\/li>\n<li>Clique em \"Start\" (Iniciar) para ser emparelhado instantaneamente.<\/li>\n<li>Apenas duas pessoas por bate-papo - sem grupos, sem distra\u00e7\u00f5es.<\/li>\n<\/ul>\n<h3>2. Bate-papo por texto e v\u00eddeo<\/h3>\n<ul>\n<li>Use sua webcam e microfone para conversas ao vivo.<\/li>\n<li>A caixa de texto integrada permite a digita\u00e7\u00e3o de mensagens junto com o v\u00eddeo.<\/li>\n<li>\u00datil quando o \u00e1udio \u00e9 ruim ou se voc\u00ea quiser come\u00e7ar com texto.<\/li>\n<\/ul>\n<h3>3. Correspond\u00eancia global<\/h3>\n<ul>\n<li>Conhe\u00e7a pessoas de todo o mundo.<\/li>\n<li>As conex\u00f5es aleat\u00f3rias tornam cada clique uma surpresa.<\/li>\n<li>Perfeito para interc\u00e2mbio cultural e divers\u00e3o casual.<\/li>\n<\/ul>\n<h3>4. Fun\u00e7\u00e3o de pular<\/h3>\n<ul>\n<li>Siga em frente com um \u00fanico clique se o bate-papo n\u00e3o estiver indo bem.<\/li>\n<li>Mant\u00e9m o ritmo acelerado e a experi\u00eancia envolvente.<\/li>\n<\/ul>\n<h3>5. Anonimato por padr\u00e3o<\/h3>\n<ul>\n<li>N\u00e3o s\u00e3o necess\u00e1rios nomes, perfis ou informa\u00e7\u00f5es pessoais.<\/li>\n<li>Voc\u00ea decide o que compartilhar durante o bate-papo.<\/li>\n<li>As conversas terminam quando voc\u00ea sai - nada \u00e9 salvo.<\/li>\n<\/ul>\n<h3>6. Acesso amig\u00e1vel a dispositivos m\u00f3veis<\/h3>\n<ul>\n<li>Funciona em navegadores de desktop e m\u00f3veis.<\/li>\n<li>N\u00e3o \u00e9 necess\u00e1rio fazer download do aplicativo.<\/li>\n<\/ul>\n<h2>Como usar o 1v1Chat<\/h2>\n<p>Parte do apelo do 1v1Chat \u00e9 a rapidez com que voc\u00ea pode come\u00e7ar a us\u00e1-lo.<\/p>\n<h3>Etapa 1: Visite o site<\/h3>\n<ul>\n<li>Abra o site 1v1Chat em seu navegador.<\/li>\n<\/ul>\n<h3>Etapa 2: Habilite a c\u00e2mera e o microfone<\/h3>\n<ul>\n<li>Permitir o acesso a chats de v\u00eddeo e \u00e1udio.<\/li>\n<li>Voc\u00ea ainda pode usar o bate-papo por texto se n\u00e3o quiser usar v\u00eddeo.<\/li>\n<\/ul>\n<h3>Etapa 3: Clique em Iniciar<\/h3>\n<ul>\n<li>Fa\u00e7a um pareamento instant\u00e2neo com um estranho aleat\u00f3rio.<\/li>\n<\/ul>\n<h3>Etapa 4: Conversar ou pular<\/h3>\n<ul>\n<li>Permane\u00e7a em uma conversa se ela estiver indo bem.<\/li>\n<li>Caso contr\u00e1rio, clique em \"Next\" para prosseguir.<\/li>\n<\/ul>\n<h3>Etapa 5: Repetir<\/h3>\n<ul>\n<li>Continue conversando com quantas pessoas quiser.<\/li>\n<\/ul>\n<p>\u00c9 um sistema de entrada e sa\u00edda, ideal para pessoas que desejam uma forma de conex\u00e3o de baixo compromisso.<\/p>\n<h2>Experi\u00eancia do usu\u00e1rio no 1v1Chat<\/h2>\n<h3>O que os usu\u00e1rios gostam<\/h3>\n<ul>\n<li>Extremamente r\u00e1pido para iniciar - sem registro.<\/li>\n<li>Design simples, sem distra\u00e7\u00f5es.<\/li>\n<li>Foco realmente individual - sem grupos ou alimenta\u00e7\u00f5es paralelas.<\/li>\n<li>Funciona bem tanto no desktop quanto no celular.<\/li>\n<li>O anonimato permite liberdade nas conversas.<\/li>\n<\/ul>\n<h3>Onde os usu\u00e1rios veem espa\u00e7o para melhorias<\/h3>\n<ul>\n<li>N\u00e3o h\u00e1 filtros (g\u00eanero, regi\u00e3o) na vers\u00e3o gratuita.<\/li>\n<li>N\u00e3o h\u00e1 recurso de amizade ou reconex\u00e3o.<\/li>\n<li>A qualidade da partida depende muito de quem est\u00e1 on-line.<\/li>\n<li>N\u00e3o possui recursos avan\u00e7ados, como tradu\u00e7\u00e3o ou jogos.<\/li>\n<\/ul>\n<p>Para muitos, no entanto, essas \"limita\u00e7\u00f5es\" tamb\u00e9m s\u00e3o o ponto forte da plataforma: ela mant\u00e9m as coisas simples e aut\u00eanticas.<\/p>\n<h2>1v1Chat vs. outras plataformas de bate-papo por v\u00eddeo aleat\u00f3rio<\/h2>\n<p>Veja como o 1v1Chat se compara aos seus concorrentes:<\/p>\n<table>\n<thead>\n<tr>\n<th>Recurso<\/th>\n<th>1v1Chat<\/th>\n<th>Omegle<\/th>\n<th>Chatroulette<\/th>\n<th>ChatHub<\/th>\n<th>Emerald Chat<\/th>\n<th>Chat Avenue<\/th>\n<\/tr>\n<\/thead>\n<tbody>\n<tr>\n<td>V\u00eddeo instant\u00e2neo individual<\/td>\n<td>\u2705 Sim<\/td>\n<td>\u2705 Sim<\/td>\n<td>\u2705 Sim<\/td>\n<td>\u2705 Sim<\/td>\n<td>\u2705 Sim<\/td>\n<td>\u2705 Limitada<\/td>\n<\/tr>\n<tr>\n<td>Op\u00e7\u00e3o de bate-papo por texto<\/td>\n<td>\u2705 Sim<\/td>\n<td>\u2705 Sim<\/td>\n<td>\u2705 Sim<\/td>\n<td>\u2705 Sim<\/td>\n<td>\u2705 Sim<\/td>\n<td>\u2705 Sim<\/td>\n<\/tr>\n<tr>\n<td>Anonimato<\/td>\n<td>\u2705 Forte<\/td>\n<td>\u2705 Forte<\/td>\n<td>\u2705 Forte<\/td>\n<td>\u2705 Moderado<\/td>\n<td>\u2705 Moderado<\/td>\n<td>\u2705 Moderado<\/td>\n<\/tr>\n<tr>\n<td>Filtros (g\u00eanero\/localiza\u00e7\u00e3o)<\/td>\n<td>\u274c N\u00e3o<\/td>\n<td>\u274c N\u00e3o<\/td>\n<td>\u2705 Limitada<\/td>\n<td>\u2705 Sim<\/td>\n<td>\u2705 Sim<\/td>\n<td>\u274c N\u00e3o<\/td>\n<\/tr>\n<tr>\n<td>Sistema Friend\/Follow<\/td>\n<td>\u274c N\u00e3o<\/td>\n<td>\u274c N\u00e3o<\/td>\n<td>\u274c N\u00e3o<\/td>\n<td>\u2705 Sim<\/td>\n<td>\u2705 Sim<\/td>\n<td>\u2705 Limitada<\/td>\n<\/tr>\n<tr>\n<td>Salas de bate-papo em grupo<\/td>\n<td>\u274c N\u00e3o<\/td>\n<td>\u274c N\u00e3o<\/td>\n<td>\u274c N\u00e3o<\/td>\n<td>\u274c N\u00e3o<\/td>\n<td>\u274c N\u00e3o<\/td>\n<td>\u2705 Sim<\/td>\n<\/tr>\n<tr>\n<td>Compat\u00edvel com dispositivos m\u00f3veis<\/td>\n<td>\u2705 Sim<\/td>\n<td>\u2705 Sim<\/td>\n<td>\u2705 Sim<\/td>\n<td>\u2705 Sim<\/td>\n<td>\u2705 Sim<\/td>\n<td>\u2705 Sim<\/td>\n<\/tr>\n<\/tbody>\n<\/table>\n<p>Resumo: O 1v1Chat \u00e9 uma das plataformas mais minimalistas do mundo do bate-papo aleat\u00f3rio. Ele n\u00e3o tenta ser uma rede social ou um aplicativo de namoro - ele se concentra apenas em conversas particulares entre duas pessoas.<\/p>\n<h2>O 1v1Chat \u00e9 seguro?<\/h2>\n<p>A seguran\u00e7a \u00e9 sempre uma considera\u00e7\u00e3o ao usar servi\u00e7os de bate-papo aleat\u00f3rios. Embora o 1v1Chat ofere\u00e7a anonimato, os usu\u00e1rios ainda devem tomar precau\u00e7\u00f5es.<\/p>\n<h3>Recursos de seguran\u00e7a incorporados<\/h3>\n<ul>\n<li>N\u00e3o \u00e9 necess\u00e1rio ter conta - reduz o risco de dados.<\/li>\n<li>Anonimato por padr\u00e3o.<\/li>\n<li>As conversas terminam quando voc\u00ea sai.<\/li>\n<\/ul>\n<h3>Dicas de seguran\u00e7a para usu\u00e1rios<\/h3>\n<ul>\n<li>N\u00e3o compartilhe detalhes pessoais (nome verdadeiro, endere\u00e7o, n\u00famero de telefone, informa\u00e7\u00f5es financeiras).<\/li>\n<li>Use o bot\u00e3o pular se n\u00e3o se sentir \u00e0 vontade.<\/li>\n<li>Mantenha suas conversas leves e informais.<\/li>\n<li>Os pais devem supervisionar se menores de idade usarem o site.<\/li>\n<li>Considere o uso de uma VPN para aumentar a privacidade.<\/li>\n<\/ul>\n<h2>Dicas para aproveitar ao m\u00e1ximo o 1v1Chat<\/h2>\n<ul>\n<li>Aceite a aleatoriedade - o importante \u00e9 a surpresa, n\u00e3o o controle.<\/li>\n<li>Use durante os hor\u00e1rios de pico (noites\/fins de semana) para usu\u00e1rios mais ativos.<\/li>\n<li>Uma boa ilumina\u00e7\u00e3o e um v\u00eddeo claro melhoram as primeiras impress\u00f5es.<\/li>\n<li>Mantenha as coisas informais - assuntos divertidos e leves funcionam melhor.<\/li>\n<li>Use fones de ouvido para obter um \u00e1udio mais claro.<\/li>\n<li>Pule livremente - nem todo bate-papo ser\u00e1 adequado.<\/li>\n<\/ul>\n<h2>Problemas comuns e corre\u00e7\u00f5es<\/h2>\n<h3>Problema: a c\u00e2mera\/microfone n\u00e3o funciona<\/h3>\n<ul>\n<li>Verifique as permiss\u00f5es do navegador.<\/li>\n<li>Verifique se nenhum outro aplicativo est\u00e1 usando a c\u00e2mera.<\/li>\n<li>Reinicie o dispositivo\/navegador.<\/li>\n<\/ul>\n<h3>Problema: n\u00e3o h\u00e1 correspond\u00eancias dispon\u00edveis<\/h3>\n<ul>\n<li>Atualizar p\u00e1gina.<\/li>\n<li>Tente em hor\u00e1rios de maior movimento para obter mais usu\u00e1rios.<\/li>\n<\/ul>\n<h3>Problema: Qualidade de v\u00eddeo ruim<\/h3>\n<ul>\n<li>Mude para Wi-Fi se estiver usando dados m\u00f3veis.<\/li>\n<li>Feche outros aplicativos que consomem muita largura de banda.<\/li>\n<\/ul>\n<h3>Problema: Encontrando um comportamento inadequado<\/h3>\n<ul>\n<li>Pule imediatamente.<\/li>\n<li>Use ferramentas de relat\u00f3rio, se dispon\u00edveis.<\/li>\n<\/ul>\n<h2>Por que as pessoas escolhem o 1v1Chat<\/h2>\n<p>As pessoas recorrem ao 1v1Chat porque ele:<\/p>\n<ul>\n<li>Concentra-se na simplicidade. Sem bagun\u00e7a, sem extras - apenas um a um.<\/li>\n<li>Protege o anonimato. Voc\u00ea n\u00e3o precisa fazer login nem compartilhar dados pessoais.<\/li>\n<li>\u00c9 instant\u00e2neo. Voc\u00ea pode iniciar uma conversa em segundos.<\/li>\n<li>Parece aut\u00eantico. Cada bate-papo \u00e9 novo e imprevis\u00edvel.<\/li>\n<\/ul>\n<p>\u00c9 ideal para aqueles que sentem falta da emo\u00e7\u00e3o direta do Omegle, mas querem algo mais limpo e menos confuso.<\/p>\n<p>Se voc\u00ea deseja uma experi\u00eancia de bate-papo aleat\u00f3rio r\u00e1pida, an\u00f4nima e simples, vale a pena experimentar o 1v1Chat. Ele n\u00e3o tem recursos avan\u00e7ados, como filtros, tradu\u00e7\u00e3o ou listas de amigos, mas esse \u00e9 o objetivo. Seu design \u00e9 minimalista, mantendo o foco puramente em conversas individuais com estranhos.<\/p>\n<p>Se voc\u00ea est\u00e1 aqui para:<\/p>\n<ul>\n<li>Passe alguns minutos conversando.<\/li>\n<li>Conhecer pessoas de diferentes culturas.<\/li>\n<li>Desfrute de conversas espont\u00e2neas e sem press\u00e3o...<\/li>\n<\/ul>\n<p>O 1v1Chat oferece exatamente isso.<\/p>\n<p>Resumindo: o 1v1Chat \u00e9 um site de bate-papo por v\u00eddeo aleat\u00f3rio moderno e b\u00e1sico que mant\u00e9m as coisas limpas, r\u00e1pidas e envolventes.<\/p>\n<p>Pronto para experimentar? Visite 1v1Chat, clique em iniciar e veja quem voc\u00ea conhecer\u00e1 em seguida.<\/p>","protected":false},"excerpt":{"rendered":"<p>The internet has given us countless ways to connect with people worldwide, but few experiences match the excitement of a random, face-to-face conversation with a stranger. While group chats and social media thrive on communities and shared interests, random video chat platforms focus on something more raw: spontaneity. 1v1Chat is one of the platforms that [&hellip;]<\/p>\n","protected":false},"author":6,"featured_media":0,"parent":0,"menu_order":0,"comment_status":"closed","ping_status":"closed","template":"","meta":{"footnotes":""},"class_list":["post-12454","page","type-page","status-publish","hentry"],"yoast_head":"<!-- This site is optimized with the Yoast SEO plugin v27.4 - https:\/\/yoast.com\/product\/yoast-seo-wordpress\/ -->\n<title>1v1Chat - Experience Real Human Connection - TinyChat.com<\/title>\n<meta name=\"description\" content=\"Enjoying 1v1Chat? Join over 50,000,000 strangers on TinyChat! Turn on your cam and start meeting new people, or find a match.\" \/>\n<meta name=\"robots\" content=\"index, follow, max-snippet:-1, max-image-preview:large, max-video-preview:-1\" \/>\n<link rel=\"canonical\" href=\"https:\/\/tinychat.com\/pt-br\/1v1chat\/\" \/>\n<meta property=\"og:locale\" content=\"pt_BR\" \/>\n<meta property=\"og:type\" content=\"article\" \/>\n<meta property=\"og:title\" content=\"1v1Chat - Experience Real Human Connection - TinyChat.com\" \/>\n<meta property=\"og:description\" content=\"Enjoying 1v1Chat? Join over 50,000,000 strangers on TinyChat! Turn on your cam and start meeting new people, or find a match.\" \/>\n<meta property=\"og:url\" content=\"https:\/\/tinychat.com\/pt-br\/1v1chat\/\" \/>\n<meta property=\"og:site_name\" content=\"TinyChat\" \/>\n<meta property=\"article:publisher\" content=\"https:\/\/www.facebook.com\/tinychat\" \/>\n<meta property=\"article:modified_time\" content=\"2025-08-27T07:38:24+00:00\" \/>\n<meta property=\"og:image\" content=\"https:\/\/tinychat.com\/wp-content\/uploads\/2020\/04\/Tinychat-logo-1280x284-new-black.png\" \/>\n\t<meta property=\"og:image:width\" content=\"1280\" \/>\n\t<meta property=\"og:image:height\" content=\"284\" \/>\n\t<meta property=\"og:image:type\" content=\"image\/png\" \/>\n<meta name=\"twitter:card\" content=\"summary_large_image\" \/>\n<meta name=\"twitter:site\" content=\"@tinychat\" \/>\n<meta name=\"twitter:label1\" content=\"Est. tempo de leitura\" \/>\n\t<meta name=\"twitter:data1\" content=\"5 minutos\" \/>\n<script type=\"application\/ld+json\" class=\"yoast-schema-graph\">{\"@context\":\"https:\\\/\\\/schema.org\",\"@graph\":[{\"@type\":\"WebPage\",\"@id\":\"https:\\\/\\\/tinychat.com\\\/1v1chat\\\/\",\"url\":\"https:\\\/\\\/tinychat.com\\\/1v1chat\\\/\",\"name\":\"1v1Chat - Experience Real Human Connection - TinyChat.com\",\"isPartOf\":{\"@id\":\"https:\\\/\\\/tinychat.com\\\/#website\"},\"datePublished\":\"2025-08-27T06:12:50+00:00\",\"dateModified\":\"2025-08-27T07:38:24+00:00\",\"description\":\"Enjoying 1v1Chat? Join over 50,000,000 strangers on TinyChat! Turn on your cam and start meeting new people, or find a match.\",\"breadcrumb\":{\"@id\":\"https:\\\/\\\/tinychat.com\\\/1v1chat\\\/#breadcrumb\"},\"inLanguage\":\"pt-BR\",\"potentialAction\":[{\"@type\":\"ReadAction\",\"target\":[\"https:\\\/\\\/tinychat.com\\\/1v1chat\\\/\"]}]},{\"@type\":\"BreadcrumbList\",\"@id\":\"https:\\\/\\\/tinychat.com\\\/1v1chat\\\/#breadcrumb\",\"itemListElement\":[{\"@type\":\"ListItem\",\"position\":1,\"name\":\"Home\",\"item\":\"https:\\\/\\\/tinychat.com\\\/\"},{\"@type\":\"ListItem\",\"position\":2,\"name\":\"1v1Chat\"}]},{\"@type\":\"WebSite\",\"@id\":\"https:\\\/\\\/tinychat.com\\\/#website\",\"url\":\"https:\\\/\\\/tinychat.com\\\/\",\"name\":\"TinyChat\",\"description\":\"Random Video Chat with Strangers\",\"publisher\":{\"@id\":\"https:\\\/\\\/tinychat.com\\\/#organization\"},\"alternateName\":\"TinyChat.com\",\"potentialAction\":[{\"@type\":\"SearchAction\",\"target\":{\"@type\":\"EntryPoint\",\"urlTemplate\":\"https:\\\/\\\/tinychat.com\\\/?s={search_term_string}\"},\"query-input\":{\"@type\":\"PropertyValueSpecification\",\"valueRequired\":true,\"valueName\":\"search_term_string\"}}],\"inLanguage\":\"pt-BR\"},{\"@type\":\"Organization\",\"@id\":\"https:\\\/\\\/tinychat.com\\\/#organization\",\"name\":\"TinyChat\",\"alternateName\":\"TinyChat.com\",\"url\":\"https:\\\/\\\/tinychat.com\\\/\",\"logo\":{\"@type\":\"ImageObject\",\"inLanguage\":\"pt-BR\",\"@id\":\"https:\\\/\\\/tinychat.com\\\/#\\\/schema\\\/logo\\\/image\\\/\",\"url\":\"https:\\\/\\\/tinychat.com\\\/wp-content\\\/uploads\\\/2023\\\/11\\\/Tinychat-icon-square.png\",\"contentUrl\":\"https:\\\/\\\/tinychat.com\\\/wp-content\\\/uploads\\\/2023\\\/11\\\/Tinychat-icon-square.png\",\"width\":284,\"height\":284,\"caption\":\"TinyChat\"},\"image\":{\"@id\":\"https:\\\/\\\/tinychat.com\\\/#\\\/schema\\\/logo\\\/image\\\/\"},\"sameAs\":[\"https:\\\/\\\/www.facebook.com\\\/tinychat\",\"https:\\\/\\\/x.com\\\/tinychat\"]}]}<\/script>\n<!-- \/ Yoast SEO plugin. -->","yoast_head_json":{"title":"1v1Chat - Experimente a conex\u00e3o humana real - TinyChat.com","description":"Est\u00e1 gostando do 1v1Chat? Junte-se a mais de 50.000.000 de estranhos no TinyChat! Ligue sua c\u00e2mera e comece a conhecer novas pessoas ou encontre um par.","robots":{"index":"index","follow":"follow","max-snippet":"max-snippet:-1","max-image-preview":"max-image-preview:large","max-video-preview":"max-video-preview:-1"},"canonical":"https:\/\/tinychat.com\/pt-br\/1v1chat\/","og_locale":"pt_BR","og_type":"article","og_title":"1v1Chat - Experience Real Human Connection - TinyChat.com","og_description":"Enjoying 1v1Chat? Join over 50,000,000 strangers on TinyChat! Turn on your cam and start meeting new people, or find a match.","og_url":"https:\/\/tinychat.com\/pt-br\/1v1chat\/","og_site_name":"TinyChat","article_publisher":"https:\/\/www.facebook.com\/tinychat","article_modified_time":"2025-08-27T07:38:24+00:00","og_image":[{"width":1280,"height":284,"url":"https:\/\/tinychat.com\/wp-content\/uploads\/2020\/04\/Tinychat-logo-1280x284-new-black.png","type":"image\/png"}],"twitter_card":"summary_large_image","twitter_site":"@tinychat","twitter_misc":{"Est. tempo de leitura":"5 minutos"},"schema":{"@context":"https:\/\/schema.org","@graph":[{"@type":"WebPage","@id":"https:\/\/tinychat.com\/1v1chat\/","url":"https:\/\/tinychat.com\/1v1chat\/","name":"1v1Chat - Experimente a conex\u00e3o humana real - TinyChat.com","isPartOf":{"@id":"https:\/\/tinychat.com\/#website"},"datePublished":"2025-08-27T06:12:50+00:00","dateModified":"2025-08-27T07:38:24+00:00","description":"Est\u00e1 gostando do 1v1Chat? Junte-se a mais de 50.000.000 de estranhos no TinyChat! Ligue sua c\u00e2mera e comece a conhecer novas pessoas ou encontre um par.","breadcrumb":{"@id":"https:\/\/tinychat.com\/1v1chat\/#breadcrumb"},"inLanguage":"pt-BR","potentialAction":[{"@type":"ReadAction","target":["https:\/\/tinychat.com\/1v1chat\/"]}]},{"@type":"BreadcrumbList","@id":"https:\/\/tinychat.com\/1v1chat\/#breadcrumb","itemListElement":[{"@type":"ListItem","position":1,"name":"Home","item":"https:\/\/tinychat.com\/"},{"@type":"ListItem","position":2,"name":"1v1Chat"}]},{"@type":"WebSite","@id":"https:\/\/tinychat.com\/#website","url":"https:\/\/tinychat.com\/","name":"TinyChat","description":"Bate-papo por v\u00eddeo aleat\u00f3rio com estranhos","publisher":{"@id":"https:\/\/tinychat.com\/#organization"},"alternateName":"TinyChat.com","potentialAction":[{"@type":"SearchAction","target":{"@type":"EntryPoint","urlTemplate":"https:\/\/tinychat.com\/?s={search_term_string}"},"query-input":{"@type":"PropertyValueSpecification","valueRequired":true,"valueName":"search_term_string"}}],"inLanguage":"pt-BR"},{"@type":"Organization","@id":"https:\/\/tinychat.com\/#organization","name":"TinyChat","alternateName":"TinyChat.com","url":"https:\/\/tinychat.com\/","logo":{"@type":"ImageObject","inLanguage":"pt-BR","@id":"https:\/\/tinychat.com\/#\/schema\/logo\/image\/","url":"https:\/\/tinychat.com\/wp-content\/uploads\/2023\/11\/Tinychat-icon-square.png","contentUrl":"https:\/\/tinychat.com\/wp-content\/uploads\/2023\/11\/Tinychat-icon-square.png","width":284,"height":284,"caption":"TinyChat"},"image":{"@id":"https:\/\/tinychat.com\/#\/schema\/logo\/image\/"},"sameAs":["https:\/\/www.facebook.com\/tinychat","https:\/\/x.com\/tinychat"]}]}},"_links":{"self":[{"href":"https:\/\/tinychat.com\/pt-br\/wp-json\/wp\/v2\/pages\/12454","targetHints":{"allow":["GET"]}}],"collection":[{"href":"https:\/\/tinychat.com\/pt-br\/wp-json\/wp\/v2\/pages"}],"about":[{"href":"https:\/\/tinychat.com\/pt-br\/wp-json\/wp\/v2\/types\/page"}],"author":[{"embeddable":true,"href":"https:\/\/tinychat.com\/pt-br\/wp-json\/wp\/v2\/users\/6"}],"replies":[{"embeddable":true,"href":"https:\/\/tinychat.com\/pt-br\/wp-json\/wp\/v2\/comments?post=12454"}],"version-history":[{"count":3,"href":"https:\/\/tinychat.com\/pt-br\/wp-json\/wp\/v2\/pages\/12454\/revisions"}],"predecessor-version":[{"id":13477,"href":"https:\/\/tinychat.com\/pt-br\/wp-json\/wp\/v2\/pages\/12454\/revisions\/13477"}],"wp:attachment":[{"href":"https:\/\/tinychat.com\/pt-br\/wp-json\/wp\/v2\/media?parent=12454"}],"curies":[{"name":"wp","href":"https:\/\/api.w.org\/{rel}","templated":true}]}}