{"id":12465,"date":"2024-09-12T13:32:48","date_gmt":"2024-09-12T11:32:48","guid":{"rendered":"https:\/\/tinychat.com\/?page_id=12465"},"modified":"2025-05-22T09:42:48","modified_gmt":"2025-05-22T07:42:48","slug":"thundr","status":"publish","type":"page","link":"https:\/\/tinychat.com\/pt-br\/thundr\/","title":{"rendered":"Thundr"},"content":{"rendered":"<p>Como o nome sugere, o Thundr tem tudo a ver com conex\u00f5es r\u00e1pidas e espont\u00e2neas que surgem sem aviso pr\u00e9vio. Se voc\u00ea est\u00e1 a fim de conhecer algu\u00e9m novo, paquerar, desabafar ou simplesmente passar o tempo de uma forma inesperada, o Thundr faz isso acontecer - em segundos.<\/p>\n<p>Assim como os gigantes do g\u00eanero (Omegle, Chatroulette, ChatHub), o Thundr conecta estranhos por meio de bate-papos de v\u00eddeo ao vivo, um a um, de forma instant\u00e2nea e an\u00f4nima. Mas o que o diferencia \u00e9 o foco distinto na experi\u00eancia do usu\u00e1rio, no aprimoramento da interface e na otimiza\u00e7\u00e3o para dispositivos m\u00f3veis, o que o torna a melhor op\u00e7\u00e3o para usu\u00e1rios que desejam velocidade, simplicidade e conex\u00e3o humana sem complica\u00e7\u00f5es.<\/p>\n<p>Nesta an\u00e1lise completa, abordaremos como o Thundr funciona, seus principais recursos, o que ele faz melhor (e pior) do que os concorrentes e como se manter seguro ao us\u00e1-lo. Se voc\u00ea est\u00e1 procurando uma plataforma de bate-papo por v\u00eddeo aleat\u00f3rio limpa, moderna e viciante, continue lendo - o Thundr pode ser seu pr\u00f3ximo lugar favorito para conhecer estranhos on-line.<\/p>\n<h2>O que \u00e9 Thundr?<\/h2>\n<p>O Thundr \u00e9 uma plataforma de bate-papo por v\u00eddeo aleat\u00f3rio projetada para conversas instant\u00e2neas e an\u00f4nimas com estranhos em todo o mundo. Funciona totalmente no navegador, sem necessidade de registro, sem downloads e sem logins. Basta clicar em \"Start\" (Iniciar) e voc\u00ea estar\u00e1 cara a cara com algu\u00e9m novo - um a um.<\/p>\n<p>A plataforma se concentra na velocidade, na facilidade de uso e no design limpo. Seja no desktop ou no celular, o Thundr carrega rapidamente e conecta voc\u00ea ainda mais r\u00e1pido.<\/p>\n<p>O Thundr faz parte de uma nova gera\u00e7\u00e3o de sites de bate-papo que visa corrigir os problemas que assolaram seus antecessores, como modera\u00e7\u00e3o deficiente, UIs desatualizadas e bots de spam. Embora ainda seja um produto leve em termos de recursos, ele se destaca pela experi\u00eancia do usu\u00e1rio e pelo envolvimento em tempo real.<\/p>\n<h2>Principais recursos do Thundr<\/h2>\n<p>O Thundr mant\u00e9m a simplicidade, mas n\u00e3o deixa de oferecer recursos que melhoram sua experi\u00eancia:<\/p>\n<h3>1. Chat de v\u00eddeo aleat\u00f3rio instant\u00e2neo<\/h3>\n<p>O cora\u00e7\u00e3o do Thundr \u00e9 uma conex\u00e3o ao vivo, cara a cara, com um estranho, feita em milissegundos. Voc\u00ea n\u00e3o precisa se inscrever, verificar sua identidade ou mesmo digitar nada para come\u00e7ar.<\/p>\n<p>Basta abrir o site, clicar em \"Start Chat\" (Iniciar bate-papo) e voc\u00ea ser\u00e1 combinado com algu\u00e9m novo - de forma totalmente aleat\u00f3ria.<\/p>\n<h3>2. An\u00f4nimo por padr\u00e3o<\/h3>\n<p>O Thundr oferece total privacidade e anonimato. Nunca \u00e9 solicitado que voc\u00ea forne\u00e7a seu nome verdadeiro, foto ou informa\u00e7\u00f5es de contato. Os bate-papos s\u00e3o tempor\u00e1rios e n\u00e3o s\u00e3o salvos.<\/p>\n<p>Isso promove a abertura e a espontaneidade, ao mesmo tempo em que permite que voc\u00ea se desconecte a qualquer momento, sem compromisso.<\/p>\n<h3>3. \"Bot\u00e3o de pular \"Next Chat<\/h3>\n<p>N\u00e3o est\u00e1 sentindo a vibra\u00e7\u00e3o? Basta pressionar o bot\u00e3o \"Next\". Voc\u00ea ser\u00e1 imediatamente emparelhado com outro usu\u00e1rio. Sem atrasos, sem espera, sem sa\u00eddas inc\u00f4modas.<\/p>\n<p>Esse recurso mant\u00e9m o ritmo r\u00e1pido, envolvente e sob seu controle.<\/p>\n<h3>4. Integra\u00e7\u00e3o opcional de chat de texto<\/h3>\n<p>Cada sess\u00e3o de v\u00eddeo tamb\u00e9m \u00e9 equipada com uma caixa de texto, permitindo que voc\u00ea:<\/p>\n<ul>\n<li>Converse em voz baixa se estiver em um espa\u00e7o p\u00fablico<\/li>\n<li>Digite enquanto seu microfone estiver desligado<\/li>\n<li>Compartilhe mensagens r\u00e1pidas ou esclare\u00e7a discursos<\/li>\n<\/ul>\n<p>Esse bate-papo de modo duplo ajuda os usu\u00e1rios a se sentirem mais confort\u00e1veis e torna o Thundr acess\u00edvel a mais pessoas.<\/p>\n<h3>5. Filtro de g\u00eanero (Premium)<\/h3>\n<p>Embora o uso b\u00e1sico seja gratuito, o Thundr oferece um filtro de g\u00eanero premium, permitindo que voc\u00ea combine apenas com homens, apenas com mulheres ou com todos os usu\u00e1rios. Isso \u00e9 especialmente \u00fatil para:<\/p>\n<ul>\n<li>Usu\u00e1rios interessados em flertar ou namorar<\/li>\n<li>Pessoas que buscam mais conforto nas conversas<\/li>\n<li>Segmenta\u00e7\u00e3o social por nicho<\/li>\n<\/ul>\n<p>O filtro de g\u00eanero \u00e9 opcional, e a vers\u00e3o gratuita ainda oferece correspond\u00eancias ilimitadas.<\/p>\n<h3>6. Interface de usu\u00e1rio limpa e sem atrasos<\/h3>\n<p>A interface do Thundr \u00e9 uma das melhores no espa\u00e7o de bate-papo aleat\u00f3rio:<\/p>\n<ul>\n<li>Design limpo e em modo escuro<\/li>\n<li>Bot\u00f5es f\u00e1ceis de usar<\/li>\n<li>Caixas de v\u00eddeo grandes e centralizadas<\/li>\n<li>Transi\u00e7\u00f5es de carregamento r\u00e1pido<\/li>\n<li>Layout compat\u00edvel com dispositivos m\u00f3veis<\/li>\n<\/ul>\n<p>O site \u00e9 leve, moderno e n\u00e3o o afoga em pop-ups ou an\u00fancios - uma grande vantagem em rela\u00e7\u00e3o a muitos concorrentes.<\/p>\n<h2>Como usar o Thundr<\/h2>\n<p>Come\u00e7ar a usar o Thundr \u00e9 muito f\u00e1cil:<\/p>\n<h3>Etapa 1: Visite o site<\/h3>\n<p>Acesse o Thundr usando qualquer navegador (recomenda-se o Chrome ou o Safari). N\u00e3o \u00e9 necess\u00e1rio fazer download.<\/p>\n<h3>Etapa 2: Permitir c\u00e2mera e microfone<\/h3>\n<p>Ser\u00e1 solicitado que voc\u00ea ative a webcam e o microfone. Conceda o acesso para continuar.<\/p>\n<h3>Etapa 3: Clique em \"Start Chat\" (Iniciar bate-papo)<\/h3>\n<p>Quando as permiss\u00f5es forem concedidas, clique no bot\u00e3o \"Start\" (Iniciar). Voc\u00ea ser\u00e1 conectado a um estranho aleat\u00f3rio instantaneamente.<\/p>\n<h3>Etapa 4: Converse livremente ou ignore<\/h3>\n<p>Se a pessoa for interessante, continue conversando. Caso contr\u00e1rio, clique em \"Next\" (Avan\u00e7ar) para passar para uma nova correspond\u00eancia.<\/p>\n<h3>Etapa 5: Upgrade opcional<\/h3>\n<p>Para filtrar por g\u00eanero, clique na op\u00e7\u00e3o de atualiza\u00e7\u00e3o. Caso contr\u00e1rio, aproveite o bate-papo gratuito e ilimitado com uma base de usu\u00e1rios global.<\/p>\n<h2>Experi\u00eancia do usu\u00e1rio no Thundr<\/h2>\n<p>O Thundr oferece uma experi\u00eancia r\u00e1pida, sem distra\u00e7\u00f5es e surpreendentemente suave. N\u00e3o importa se voc\u00ea quer conversar com algu\u00e9m novo por alguns minutos ou passar horas se socializando al\u00e9m das fronteiras, a plataforma \u00e9 perfeita.<\/p>\n<h3>O que as pessoas amam<\/h3>\n<ul>\n<li>Conex\u00f5es instant\u00e2neas sem registro<\/li>\n<li>Interface de usu\u00e1rio limpa, sem desordem ou an\u00fancios<\/li>\n<li>V\u00eddeo e \u00e1udio consistentemente suaves<\/li>\n<li>Suporte a bate-papo por texto para espa\u00e7os silenciosos<\/li>\n<li>Excelente em dispositivos m\u00f3veis, mesmo sem um aplicativo<\/li>\n<\/ul>\n<h3>Espa\u00e7o para melhorias<\/h3>\n<ul>\n<li>N\u00e3o h\u00e1 correspond\u00eancia de juros (ainda)<\/li>\n<li>Nenhum bot\u00e3o de den\u00fancia vis\u00edvel durante o bate-papo<\/li>\n<li>Sem lista de amigos ou conex\u00f5es salvas<\/li>\n<li>Transpar\u00eancia de modera\u00e7\u00e3o limitada<\/li>\n<\/ul>\n<h3>Avalia\u00e7\u00f5es reais de usu\u00e1rios<\/h3>\n<blockquote><p>\"O Thundr tem a interface mais limpa que j\u00e1 vi neste espa\u00e7o. \u00c9 o que o Omegle costumava ser antes de todo o spam.\"<br \/>\n- <em>Leon R., Reddit<\/em><\/p><\/blockquote>\n<blockquote><p>\"Conheci pessoas legais s\u00f3 de entrar no site. Sem login, sem atraso, apenas bate-papos instant\u00e2neos. Estou usando-o em meu telefone h\u00e1 semanas.\"<br \/>\n- <em>Lara G., Trustpilot<\/em><\/p><\/blockquote>\n<blockquote><p>\"Ele precisa de filtros melhores, mas a simplicidade \u00e9 o motivo pelo qual eu o uso. Muito melhor do que o Omegle ou sites de clones aleat\u00f3rios.\"<br \/>\n- <em>Raymond T., Coment\u00e1rios do Google<\/em><\/p><\/blockquote>\n<h2>Thundr vs. outras plataformas de bate-papo por v\u00eddeo aleat\u00f3rio<\/h2>\n<p>Vamos comparar o Thundr com as alternativas mais populares:<\/p>\n<table>\n<thead>\n<tr>\n<th>Recurso<\/th>\n<th>Thundr<\/th>\n<th>Omegle<\/th>\n<th>ChatHub<\/th>\n<th>Joingy<\/th>\n<th>Vidizzy<\/th>\n<\/tr>\n<\/thead>\n<tbody>\n<tr>\n<td>Bate-papo por v\u00eddeo<\/td>\n<td>\u2705 Sim<\/td>\n<td>\u2705 Sim<\/td>\n<td>\u2705 Sim<\/td>\n<td>\u2705 Sim<\/td>\n<td>\u2705 Sim<\/td>\n<\/tr>\n<tr>\n<td>Bate-papo por texto<\/td>\n<td>\u2705 Sim<\/td>\n<td>\u2705 Sim<\/td>\n<td>\u2705 Sim<\/td>\n<td>\u2705 Sim<\/td>\n<td>\u2705 Sim<\/td>\n<\/tr>\n<tr>\n<td>N\u00e3o \u00e9 necess\u00e1rio se inscrever<\/td>\n<td>\u2705 Sim<\/td>\n<td>\u2705 Sim<\/td>\n<td>\u2705 Sim<\/td>\n<td>\u2705 Sim<\/td>\n<td>\u2705 Sim<\/td>\n<\/tr>\n<tr>\n<td>Otimiza\u00e7\u00e3o de dispositivos m\u00f3veis<\/td>\n<td>Excelente<\/td>\n<td>\u26a0\ufe0f Misto<\/td>\n<td>Bom<\/td>\n<td>Bom<\/td>\n<td>Excelente<\/td>\n<\/tr>\n<tr>\n<td>Filtro de g\u00eanero<\/td>\n<td>\u2705 Premium<\/td>\n<td>\u274c N\u00e3o<\/td>\n<td>\u2705 Premium<\/td>\n<td>\u2705 Premium<\/td>\n<td>\u2705 Premium<\/td>\n<\/tr>\n<tr>\n<td>Correspond\u00eancia de juros<\/td>\n<td>\u274c N\u00e3o<\/td>\n<td>\u2705 Sim<\/td>\n<td>\u274c N\u00e3o<\/td>\n<td>B\u00e1sico<\/td>\n<td>\u274c N\u00e3o<\/td>\n<\/tr>\n<tr>\n<td>Ferramentas de modera\u00e7\u00e3o<\/td>\n<td>\u26a0\ufe0f Limited<\/td>\n<td>\u26a0\ufe0f Fraco<\/td>\n<td>\u2705 Moderado<\/td>\n<td>\u26a0\ufe0f Minimal<\/td>\n<td>\u26a0\ufe0f Limited<\/td>\n<\/tr>\n<tr>\n<td>Sistema de amigos<\/td>\n<td>\u274c N\u00e3o<\/td>\n<td>\u274c N\u00e3o<\/td>\n<td>\u274c N\u00e3o<\/td>\n<td>\u274c N\u00e3o<\/td>\n<td>\u274c N\u00e3o<\/td>\n<\/tr>\n<\/tbody>\n<\/table>\n<h2>O Thundr \u00e9 seguro?<\/h2>\n<p>O Thundr \u00e9 an\u00f4nimo por design, o que oferece privacidade e risco. Embora a maioria dos usu\u00e1rios seja amig\u00e1vel, alguns podem se comportar de forma inadequada. Atualmente, o sistema de modera\u00e7\u00e3o do Thundr \u00e9 passivo, baseando-se em limites de comportamento do usu\u00e1rio em vez de den\u00fancias diretas.<\/p>\n<h3>Pr\u00f3s:<\/h3>\n<ul>\n<li>N\u00e3o s\u00e3o necess\u00e1rios dados pessoais<\/li>\n<li>N\u00e3o h\u00e1 contas ou senhas a serem comprometidas<\/li>\n<li>F\u00e1cil de sair e ignorar intera\u00e7\u00f5es ruins<\/li>\n<\/ul>\n<h3>Contras:<\/h3>\n<ul>\n<li>Nenhum bot\u00e3o de relat\u00f3rio vis\u00edvel<\/li>\n<li>Nenhuma aplica\u00e7\u00e3o de termos vis\u00edvel<\/li>\n<li>Sem verifica\u00e7\u00e3o de idade ou avisos de seguran\u00e7a<\/li>\n<\/ul>\n<h2>Dicas para se manter seguro na quinta-feira<\/h2>\n<ul>\n<li>N\u00e3o compartilhe seu nome, n\u00famero ou redes sociais<\/li>\n<li>Pular ou fechar o bate-papo a qualquer sinal de desconforto<\/li>\n<li>Use a plataforma em ambientes privados e seguros<\/li>\n<li>Cubra sua c\u00e2mera at\u00e9 que esteja pronto<\/li>\n<li>Use uma VPN se voc\u00ea se preocupa com a privacidade<\/li>\n<\/ul>\n<h2>Solu\u00e7\u00e3o de problemas comuns<\/h2>\n<h3>N\u00e3o \u00e9 poss\u00edvel acessar a webcam<\/h3>\n<p>Verifique as permiss\u00f5es do navegador (especialmente Chrome\/Firefox). Certifique-se de que nenhum outro aplicativo esteja usando sua c\u00e2mera.<\/p>\n<h3>Tela em branco<\/h3>\n<p>A outra pessoa pode ter sa\u00eddo. Clique em \"Next\" (Avan\u00e7ar) para recarregar o bate-papo.<\/p>\n<h3>O \u00e1udio n\u00e3o est\u00e1 funcionando<\/h3>\n<p>Verifique a entrada do microfone nas configura\u00e7\u00f5es do sistema. Teste em um navegador diferente.<\/p>\n<h3>Correspond\u00eancia lenta<\/h3>\n<p>Tente durante os hor\u00e1rios de pico. A noite nos EUA e na Europa traz mais usu\u00e1rios on-line.<\/p>\n<p>Se voc\u00ea est\u00e1 procurando uma maneira r\u00e1pida, f\u00e1cil e moderna de conversar com estranhos por v\u00eddeo, o Thundr oferece exatamente o que voc\u00ea precisa, sem o drama, a desordem ou o atraso das plataformas mais antigas.<\/p>\n<p>N\u00e3o \u00e9 o site mais rico em recursos, mas isso faz parte do charme. O Thundr reduz a experi\u00eancia ao que importa: uma conex\u00e3o ao vivo e cara a cara com algu\u00e9m novo.<\/p>\n<ul>\n<li>Sem login<\/li>\n<li>Sem download de aplicativo<\/li>\n<li>Sem truques<\/li>\n<\/ul>\n<p>Apenas voc\u00ea, sua c\u00e2mera e algu\u00e9m do outro lado do mundo.<\/p>\n<p>Se voc\u00ea estiver curioso, solit\u00e1rio, entediado ou apenas com vontade de experimentar algo novo, o Thundr \u00e9 uma excelente plataforma para explorar a intera\u00e7\u00e3o humana espont\u00e2nea - instantaneamente.<\/p>\n<p>Visite thundr.com e experimente voc\u00ea mesmo.<\/p>","protected":false},"excerpt":{"rendered":"<p>As the name suggests, Thundr is all about fast-paced, spontaneous connections that strike without warning. Whether you\u2019re in the mood to meet someone new, flirt, vent, or simply pass the time in an unexpected way, Thundr makes it happen \u2014 in seconds. Much like the giants of the genre (Omegle, Chatroulette, ChatHub), Thundr connects strangers [&hellip;]<\/p>\n","protected":false},"author":6,"featured_media":0,"parent":0,"menu_order":0,"comment_status":"closed","ping_status":"closed","template":"","meta":{"footnotes":""},"class_list":["post-12465","page","type-page","status-publish","hentry"],"yoast_head":"<!-- This site is optimized with the Yoast SEO plugin v27.3 - https:\/\/yoast.com\/product\/yoast-seo-wordpress\/ -->\n<title>Thundr - The New Omegle Video Chat - TinyChat.com<\/title>\n<meta name=\"description\" content=\"Enjoying Thundr? Join over 50,000,000 strangers on TinyChat! Turn on your cam and start meeting new people, or find a match.\" \/>\n<meta name=\"robots\" content=\"index, follow, max-snippet:-1, max-image-preview:large, max-video-preview:-1\" \/>\n<link rel=\"canonical\" href=\"https:\/\/tinychat.com\/pt-br\/thundr\/\" \/>\n<meta property=\"og:locale\" content=\"pt_BR\" \/>\n<meta property=\"og:type\" content=\"article\" \/>\n<meta property=\"og:title\" content=\"Thundr - The New Omegle Video Chat - TinyChat.com\" \/>\n<meta property=\"og:description\" content=\"Enjoying Thundr? Join over 50,000,000 strangers on TinyChat! Turn on your cam and start meeting new people, or find a match.\" \/>\n<meta property=\"og:url\" content=\"https:\/\/tinychat.com\/pt-br\/thundr\/\" \/>\n<meta property=\"og:site_name\" content=\"TinyChat\" \/>\n<meta property=\"article:publisher\" content=\"https:\/\/www.facebook.com\/tinychat\" \/>\n<meta property=\"article:modified_time\" content=\"2025-05-22T07:42:48+00:00\" \/>\n<meta property=\"og:image\" content=\"https:\/\/tinychat.com\/wp-content\/uploads\/2020\/04\/Tinychat-logo-1280x284-new-black.png\" \/>\n\t<meta property=\"og:image:width\" content=\"1280\" \/>\n\t<meta property=\"og:image:height\" content=\"284\" \/>\n\t<meta property=\"og:image:type\" content=\"image\/png\" \/>\n<meta name=\"twitter:card\" content=\"summary_large_image\" \/>\n<meta name=\"twitter:site\" content=\"@tinychat\" \/>\n<meta name=\"twitter:label1\" content=\"Est. tempo de leitura\" \/>\n\t<meta name=\"twitter:data1\" content=\"6 minutos\" \/>\n<script type=\"application\/ld+json\" class=\"yoast-schema-graph\">{\"@context\":\"https:\\\/\\\/schema.org\",\"@graph\":[{\"@type\":\"WebPage\",\"@id\":\"https:\\\/\\\/tinychat.com\\\/thundr\\\/\",\"url\":\"https:\\\/\\\/tinychat.com\\\/thundr\\\/\",\"name\":\"Thundr - The New Omegle Video Chat - TinyChat.com\",\"isPartOf\":{\"@id\":\"https:\\\/\\\/tinychat.com\\\/#website\"},\"datePublished\":\"2024-09-12T11:32:48+00:00\",\"dateModified\":\"2025-05-22T07:42:48+00:00\",\"description\":\"Enjoying Thundr? Join over 50,000,000 strangers on TinyChat! Turn on your cam and start meeting new people, or find a match.\",\"breadcrumb\":{\"@id\":\"https:\\\/\\\/tinychat.com\\\/thundr\\\/#breadcrumb\"},\"inLanguage\":\"pt-BR\",\"potentialAction\":[{\"@type\":\"ReadAction\",\"target\":[\"https:\\\/\\\/tinychat.com\\\/thundr\\\/\"]}]},{\"@type\":\"BreadcrumbList\",\"@id\":\"https:\\\/\\\/tinychat.com\\\/thundr\\\/#breadcrumb\",\"itemListElement\":[{\"@type\":\"ListItem\",\"position\":1,\"name\":\"Home\",\"item\":\"https:\\\/\\\/tinychat.com\\\/\"},{\"@type\":\"ListItem\",\"position\":2,\"name\":\"Thundr\"}]},{\"@type\":\"WebSite\",\"@id\":\"https:\\\/\\\/tinychat.com\\\/#website\",\"url\":\"https:\\\/\\\/tinychat.com\\\/\",\"name\":\"TinyChat\",\"description\":\"Random Video Chat with Strangers\",\"publisher\":{\"@id\":\"https:\\\/\\\/tinychat.com\\\/#organization\"},\"alternateName\":\"TinyChat.com\",\"potentialAction\":[{\"@type\":\"SearchAction\",\"target\":{\"@type\":\"EntryPoint\",\"urlTemplate\":\"https:\\\/\\\/tinychat.com\\\/?s={search_term_string}\"},\"query-input\":{\"@type\":\"PropertyValueSpecification\",\"valueRequired\":true,\"valueName\":\"search_term_string\"}}],\"inLanguage\":\"pt-BR\"},{\"@type\":\"Organization\",\"@id\":\"https:\\\/\\\/tinychat.com\\\/#organization\",\"name\":\"TinyChat\",\"alternateName\":\"TinyChat.com\",\"url\":\"https:\\\/\\\/tinychat.com\\\/\",\"logo\":{\"@type\":\"ImageObject\",\"inLanguage\":\"pt-BR\",\"@id\":\"https:\\\/\\\/tinychat.com\\\/#\\\/schema\\\/logo\\\/image\\\/\",\"url\":\"https:\\\/\\\/tinychat.com\\\/wp-content\\\/uploads\\\/2023\\\/11\\\/Tinychat-icon-square.png\",\"contentUrl\":\"https:\\\/\\\/tinychat.com\\\/wp-content\\\/uploads\\\/2023\\\/11\\\/Tinychat-icon-square.png\",\"width\":284,\"height\":284,\"caption\":\"TinyChat\"},\"image\":{\"@id\":\"https:\\\/\\\/tinychat.com\\\/#\\\/schema\\\/logo\\\/image\\\/\"},\"sameAs\":[\"https:\\\/\\\/www.facebook.com\\\/tinychat\",\"https:\\\/\\\/x.com\\\/tinychat\"]}]}<\/script>\n<!-- \/ Yoast SEO plugin. -->","yoast_head_json":{"title":"Thundr - O novo bate-papo por v\u00eddeo do Omegle - TinyChat.com","description":"Est\u00e1 gostando do Thundr? Junte-se a mais de 50.000.000 de estranhos no TinyChat! Ligue sua c\u00e2mera e comece a conhecer novas pessoas ou encontre um par.","robots":{"index":"index","follow":"follow","max-snippet":"max-snippet:-1","max-image-preview":"max-image-preview:large","max-video-preview":"max-video-preview:-1"},"canonical":"https:\/\/tinychat.com\/pt-br\/thundr\/","og_locale":"pt_BR","og_type":"article","og_title":"Thundr - The New Omegle Video Chat - TinyChat.com","og_description":"Enjoying Thundr? Join over 50,000,000 strangers on TinyChat! Turn on your cam and start meeting new people, or find a match.","og_url":"https:\/\/tinychat.com\/pt-br\/thundr\/","og_site_name":"TinyChat","article_publisher":"https:\/\/www.facebook.com\/tinychat","article_modified_time":"2025-05-22T07:42:48+00:00","og_image":[{"width":1280,"height":284,"url":"https:\/\/tinychat.com\/wp-content\/uploads\/2020\/04\/Tinychat-logo-1280x284-new-black.png","type":"image\/png"}],"twitter_card":"summary_large_image","twitter_site":"@tinychat","twitter_misc":{"Est. tempo de leitura":"6 minutos"},"schema":{"@context":"https:\/\/schema.org","@graph":[{"@type":"WebPage","@id":"https:\/\/tinychat.com\/thundr\/","url":"https:\/\/tinychat.com\/thundr\/","name":"Thundr - O novo bate-papo por v\u00eddeo do Omegle - TinyChat.com","isPartOf":{"@id":"https:\/\/tinychat.com\/#website"},"datePublished":"2024-09-12T11:32:48+00:00","dateModified":"2025-05-22T07:42:48+00:00","description":"Est\u00e1 gostando do Thundr? Junte-se a mais de 50.000.000 de estranhos no TinyChat! Ligue sua c\u00e2mera e comece a conhecer novas pessoas ou encontre um par.","breadcrumb":{"@id":"https:\/\/tinychat.com\/thundr\/#breadcrumb"},"inLanguage":"pt-BR","potentialAction":[{"@type":"ReadAction","target":["https:\/\/tinychat.com\/thundr\/"]}]},{"@type":"BreadcrumbList","@id":"https:\/\/tinychat.com\/thundr\/#breadcrumb","itemListElement":[{"@type":"ListItem","position":1,"name":"Home","item":"https:\/\/tinychat.com\/"},{"@type":"ListItem","position":2,"name":"Thundr"}]},{"@type":"WebSite","@id":"https:\/\/tinychat.com\/#website","url":"https:\/\/tinychat.com\/","name":"TinyChat","description":"Bate-papo por v\u00eddeo aleat\u00f3rio com estranhos","publisher":{"@id":"https:\/\/tinychat.com\/#organization"},"alternateName":"TinyChat.com","potentialAction":[{"@type":"SearchAction","target":{"@type":"EntryPoint","urlTemplate":"https:\/\/tinychat.com\/?s={search_term_string}"},"query-input":{"@type":"PropertyValueSpecification","valueRequired":true,"valueName":"search_term_string"}}],"inLanguage":"pt-BR"},{"@type":"Organization","@id":"https:\/\/tinychat.com\/#organization","name":"TinyChat","alternateName":"TinyChat.com","url":"https:\/\/tinychat.com\/","logo":{"@type":"ImageObject","inLanguage":"pt-BR","@id":"https:\/\/tinychat.com\/#\/schema\/logo\/image\/","url":"https:\/\/tinychat.com\/wp-content\/uploads\/2023\/11\/Tinychat-icon-square.png","contentUrl":"https:\/\/tinychat.com\/wp-content\/uploads\/2023\/11\/Tinychat-icon-square.png","width":284,"height":284,"caption":"TinyChat"},"image":{"@id":"https:\/\/tinychat.com\/#\/schema\/logo\/image\/"},"sameAs":["https:\/\/www.facebook.com\/tinychat","https:\/\/x.com\/tinychat"]}]}},"_links":{"self":[{"href":"https:\/\/tinychat.com\/pt-br\/wp-json\/wp\/v2\/pages\/12465","targetHints":{"allow":["GET"]}}],"collection":[{"href":"https:\/\/tinychat.com\/pt-br\/wp-json\/wp\/v2\/pages"}],"about":[{"href":"https:\/\/tinychat.com\/pt-br\/wp-json\/wp\/v2\/types\/page"}],"author":[{"embeddable":true,"href":"https:\/\/tinychat.com\/pt-br\/wp-json\/wp\/v2\/users\/6"}],"replies":[{"embeddable":true,"href":"https:\/\/tinychat.com\/pt-br\/wp-json\/wp\/v2\/comments?post=12465"}],"version-history":[{"count":4,"href":"https:\/\/tinychat.com\/pt-br\/wp-json\/wp\/v2\/pages\/12465\/revisions"}],"predecessor-version":[{"id":13211,"href":"https:\/\/tinychat.com\/pt-br\/wp-json\/wp\/v2\/pages\/12465\/revisions\/13211"}],"wp:attachment":[{"href":"https:\/\/tinychat.com\/pt-br\/wp-json\/wp\/v2\/media?parent=12465"}],"curies":[{"name":"wp","href":"https:\/\/api.w.org\/{rel}","templated":true}]}}