{"id":12587,"date":"2025-12-02T08:51:12","date_gmt":"2025-12-02T06:51:12","guid":{"rendered":"https:\/\/tinychat.com\/?page_id=12587"},"modified":"2025-12-02T10:51:13","modified_gmt":"2025-12-02T08:51:13","slug":"rabbit-video-chat","status":"publish","type":"page","link":"https:\/\/tinychat.com\/pt-br\/rabbit-video-chat\/","title":{"rendered":"Bate-papo por v\u00eddeo com coelhos"},"content":{"rendered":"<p>Em uma era da internet repleta de perfis selecionados, v\u00eddeos com os melhores momentos e rolagem infinita, o Rabbit Video Chat oferece algo refrescantemente diferente: uma maneira direta e em tempo real de conhecer estranhos cara a cara. Sem algoritmos, sem cadastros e sem recursos complicados \u2014 apenas conex\u00f5es espont\u00e2neas com pessoas ao redor do mundo.<\/p>\n<p>Se voc\u00ea est\u00e1 procurando uma conversa r\u00e1pida, divers\u00e3o casual ou uma nova perspectiva de algu\u00e9m em um lugar completamente inesperado, o Rabbit Video Chat oferece uma experi\u00eancia r\u00e1pida, simples e envolvente, projetada para quem gosta da emo\u00e7\u00e3o de encontros aleat\u00f3rios online.<\/p>\n<p>Esta an\u00e1lise aprofundada explora o que \u00e9 o Rabbit Video Chat, como funciona, suas principais caracter\u00edsticas, experi\u00eancia do usu\u00e1rio, seguran\u00e7a, compara\u00e7\u00f5es, solu\u00e7\u00e3o de problemas e dicas para aproveitar cada sess\u00e3o de bate-papo.<\/p>\n<h2>O que \u00e9 o Rabbit Video Chat?<\/h2>\n<p>O Rabbit Video Chat \u00e9 uma plataforma de chat de v\u00eddeo aleat\u00f3rio um-a-um que conecta voc\u00ea instantaneamente com estranhos por meio da webcam. Muito parecido com o Omegle, Chatroulette ou plataformas mais recentes, como Umingle e Randomskip, o Rabbit Video Chat se concentra em combina\u00e7\u00f5es r\u00e1pidas, configura\u00e7\u00e3o m\u00ednima e intera\u00e7\u00e3o humana real.<\/p>\n<p>Voc\u00ea n\u00e3o precisa de uma conta, um aplicativo ou um perfil pessoal \u2014 tudo funciona diretamente atrav\u00e9s do seu navegador.<\/p>\n<p>O Rabbit Video Chat \u00e9 ideal para usu\u00e1rios que desejam:<\/p>\n<ul>\n<li>Conversas em v\u00eddeo ao vivo e espont\u00e2neas<\/li>\n<li>Uma pausa nas redes sociais e nas identidades criadas<\/li>\n<li>Acesso instant\u00e2neo sem necessidade de login<\/li>\n<li>Um ambiente an\u00f4nimo e sem press\u00e3o<\/li>\n<li>Uma maneira divertida de conhecer novas pessoas internacionalmente<\/li>\n<\/ul>\n<p>Sua simplicidade o torna um dos servi\u00e7os de chat de v\u00eddeo aleat\u00f3rio mais f\u00e1ceis de usar, seja para explorar conversas globais ou apenas para passar o tempo.<\/p>\n<h2>Principais recursos do Rabbit Video Chat<\/h2>\n<p>O Rabbit Video Chat mant\u00e9m as coisas simples, ao mesmo tempo em que oferece todas as ferramentas essenciais para uma experi\u00eancia de bate-papo tranquila. Aqui est\u00e3o os recursos de destaque da plataforma:<\/p>\n<h3>1. Bate-papo por v\u00eddeo aleat\u00f3rio individual<\/h3>\n<ul>\n<li>Conecte-se instantaneamente com um desconhecido atrav\u00e9s de uma webcam ao vivo<\/li>\n<li>Desempenho suave com baixa lat\u00eancia<\/li>\n<li>Funciona sem registro<\/li>\n<\/ul>\n<p>Este \u00e9 o cerne do Rabbit Video Chat \u2014 conversas puras e espont\u00e2neas.<\/p>\n<h3>2. Bot\u00e3o de pular instant\u00e2neo<\/h3>\n<ul>\n<li>Mude para uma nova conversa a qualquer momento<\/li>\n<li>Mant\u00e9m a experi\u00eancia r\u00e1pida e din\u00e2mica<\/li>\n<li>Incentiva a explora\u00e7\u00e3o e a variedade<\/li>\n<\/ul>\n<h3>3. Suporte a chat de texto<\/h3>\n<ul>\n<li>Digite mensagens junto com ou em vez do v\u00eddeo<\/li>\n<li>\u00datil para usu\u00e1rios que preferem digitar<\/li>\n<li>Ajuda a quebrar o gelo durante novas intera\u00e7\u00f5es<\/li>\n<\/ul>\n<h3>4. N\u00e3o \u00e9 necess\u00e1rio registro<\/h3>\n<ul>\n<li>Comece a conversar imediatamente<\/li>\n<li>N\u00e3o \u00e9 necess\u00e1rio fornecer e-mail, n\u00famero de telefone ou perfil<\/li>\n<li>Maior privacidade e anonimato<\/li>\n<\/ul>\n<h3>5. Experi\u00eancia otimizada para dispositivos m\u00f3veis<\/h3>\n<ul>\n<li>Funciona bem em smartphones e tablets<\/li>\n<li>O layout responsivo se ajusta \u00e0 sua tela<\/li>\n<li>\u00d3timo para conversar em qualquer lugar<\/li>\n<\/ul>\n<h3>6. Correspond\u00eancia global<\/h3>\n<ul>\n<li>Conhe\u00e7a pessoas de muitos pa\u00edses diferentes<\/li>\n<li>\u00d3timo para praticar idiomas e interc\u00e2mbio cultural<\/li>\n<li>Um grupo diversificado e em constante mudan\u00e7a de usu\u00e1rios<\/li>\n<\/ul>\n<h3>7. Livre para usar<\/h3>\n<ul>\n<li>Sem taxas ocultas ou recursos premium<\/li>\n<li>Chats e pulos ilimitados<\/li>\n<\/ul>\n<h3>8. Interface limpa e moderna<\/h3>\n<ul>\n<li>Desordem m\u00ednima para facilitar a navega\u00e7\u00e3o<\/li>\n<li>Design intuitivo ideal para usu\u00e1rios iniciantes<\/li>\n<\/ul>\n<h2>Como usar o Rabbit Video Chat<\/h2>\n<p>O Rabbit Video Chat foi projetado para oferecer o m\u00e1ximo de simplicidade, permitindo que at\u00e9 mesmo novos usu\u00e1rios se conectem instantaneamente.<\/p>\n<h3>Etapa 1: Visite o site<\/h3>\n<p>Abra o Rabbit Video Chat diretamente no seu navegador (computador ou celular).<\/p>\n<h3>Passo 2: Permitir acesso \u00e0 c\u00e2mera e ao microfone<\/h3>\n<p>Conceda permiss\u00e3o para que a plataforma possa ativar v\u00eddeo e \u00e1udio.<\/p>\n<h3>Etapa 3: Clique em \u201cStart\u201d (Iniciar)\u201d<\/h3>\n<p>Voc\u00ea ser\u00e1 instantaneamente emparelhado com um desconhecido aleat\u00f3rio.<\/p>\n<h3>Etapa 4: Conversar, conectar-se ou ignorar<\/h3>\n<p>Voc\u00ea pode:<\/p>\n<ul>\n<li>Continue a conversa<\/li>\n<li>Digite em vez de falar<\/li>\n<li>Clique em \u201cPr\u00f3ximo\u201d para conhecer algu\u00e9m novo<\/li>\n<\/ul>\n<h3>Passo 5: Repita conforme desejado<\/h3>\n<p>N\u00e3o h\u00e1 limite para o n\u00famero de usu\u00e1rios que voc\u00ea pode conhecer \u2014 explore livremente!<\/p>\n<p>\u00c9 s\u00f3 isso. Sem telas de cadastro, sem longas listas de instru\u00e7\u00f5es.<\/p>\n<h2>Experi\u00eancia do usu\u00e1rio no Rabbit Video Chat<\/h2>\n<p>O Rabbit Video Chat foi projetado para oferecer acesso r\u00e1pido, m\u00ednimo atrito e intera\u00e7\u00e3o espont\u00e2nea. A plataforma atrai usu\u00e1rios que gostam de conversar sem barreiras ou recursos complicados.<\/p>\n<h3>O que os usu\u00e1rios adoram<\/h3>\n<ul>\n<li>N\u00e3o \u00e9 necess\u00e1rio ter conta \u2014 acesso instant\u00e2neo<\/li>\n<li>F\u00e1cil de usar em dispositivos m\u00f3veis ou computadores<\/li>\n<li>Conex\u00f5es r\u00e1pidas com tempos de carregamento reduzidos<\/li>\n<li>Uma maneira divertida e sem filtros de conhecer pessoas desconhecidas de todo o mundo<\/li>\n<li>Gratuito e an\u00f4nimo<\/li>\n<\/ul>\n<h3>Onde os usu\u00e1rios veem espa\u00e7o para melhorias<\/h3>\n<ul>\n<li>Sem filtros de g\u00eanero ou pa\u00eds<\/li>\n<li>Sem op\u00e7\u00e3o para se reconectar com bate-papos anteriores<\/li>\n<li>Usu\u00e1rios ocasionais de spam, dependendo do momento<\/li>\n<li>A atividade m\u00e1xima varia de acordo com a regi\u00e3o<\/li>\n<\/ul>\n<p>Mesmo com essas limita\u00e7\u00f5es, o Rabbit Video Chat continua popular gra\u00e7as ao seu design clean, desempenho est\u00e1vel e compromisso com a simplicidade.<\/p>\n<h2>Rabbit Video Chat vs. Outras plataformas de bate-papo aleat\u00f3rio<\/h2>\n<p>Veja como o Rabbit Video Chat se compara aos seus principais concorrentes:<\/p>\n<table>\n<thead>\n<tr>\n<th>Recurso<\/th>\n<th>Bate-papo por v\u00eddeo com coelhos<\/th>\n<th>Omegle<\/th>\n<th>Chatroulette<\/th>\n<th>Umingle<\/th>\n<th>Randomskip<\/th>\n<th>Chathub<\/th>\n<\/tr>\n<\/thead>\n<tbody>\n<tr>\n<td>Bate-papo por v\u00eddeo<\/td>\n<td>\u2705 Sim<\/td>\n<td>\u2705 Sim<\/td>\n<td>\u2705 Sim<\/td>\n<td>\u2705 Sim<\/td>\n<td>\u2705 Sim<\/td>\n<td>\u2705 Sim<\/td>\n<\/tr>\n<tr>\n<td>Bate-papo por texto<\/td>\n<td>\u2705 Sim<\/td>\n<td>\u2705 Sim<\/td>\n<td>Limitada<\/td>\n<td>\u2705 Sim<\/td>\n<td>M\u00ednimo<\/td>\n<td>\u2705 Sim<\/td>\n<\/tr>\n<tr>\n<td>Registro obrigat\u00f3rio<\/td>\n<td>\u274c N\u00e3o<\/td>\n<td>\u274c N\u00e3o<\/td>\n<td>\u274c N\u00e3o<\/td>\n<td>\u274c N\u00e3o<\/td>\n<td>\u274c N\u00e3o<\/td>\n<td>Opcional<\/td>\n<\/tr>\n<tr>\n<td>Filtros de g\u00eanero\/pa\u00eds<\/td>\n<td>\u274c N\u00e3o<\/td>\n<td>\u274c N\u00e3o<\/td>\n<td>Limitada<\/td>\n<td>\u274c N\u00e3o<\/td>\n<td>\u274c N\u00e3o<\/td>\n<td>Sim<\/td>\n<\/tr>\n<tr>\n<td>Anonimato<\/td>\n<td>Forte<\/td>\n<td>Forte<\/td>\n<td>Moderado<\/td>\n<td>Forte<\/td>\n<td>Forte<\/td>\n<td>Moderado<\/td>\n<\/tr>\n<tr>\n<td>Compat\u00edvel com dispositivos m\u00f3veis<\/td>\n<td>Sim<\/td>\n<td>Sim<\/td>\n<td>Sim<\/td>\n<td>Sim<\/td>\n<td>Sim<\/td>\n<td>Sim<\/td>\n<\/tr>\n<tr>\n<td>Acesso gratuito<\/td>\n<td>Sim<\/td>\n<td>Sim<\/td>\n<td>Sim<\/td>\n<td>Sim<\/td>\n<td>Sim<\/td>\n<td>Sim<\/td>\n<\/tr>\n<\/tbody>\n<\/table>\n<p>Resumo:<br \/>\nO Rabbit Video Chat \u00e9 mais adequado para usu\u00e1rios que preferem uma experi\u00eancia de chat de v\u00eddeo limpa, simples e an\u00f4nima, sem filtros ou recursos complexos.<\/p>\n<h2>Seguran\u00e7a e privacidade no Rabbit Video Chat<\/h2>\n<p>O bate-papo por v\u00eddeo aleat\u00f3rio sempre requer aten\u00e7\u00e3o e comportamento inteligente online. O Rabbit Video Chat ajuda priorizando o anonimato \u2014 voc\u00ea nunca precisa compartilhar informa\u00e7\u00f5es pessoais \u2014, mas os usu\u00e1rios ainda devem permanecer cautelosos.<\/p>\n<h3>Recursos de seguran\u00e7a incorporados<\/h3>\n<ul>\n<li>Sem registro, n\u00e3o h\u00e1 armazenamento de dados pessoais<\/li>\n<li>Chats tempor\u00e1rios que desaparecem quando terminados<\/li>\n<li>Bot\u00e3o \"Pular\" para sair instantaneamente<\/li>\n<li>Modera\u00e7\u00e3o b\u00e1sica contra comportamentos abusivos<\/li>\n<\/ul>\n<h3>Dicas para se manter seguro<\/h3>\n<ul>\n<li>Nunca compartilhe informa\u00e7\u00f5es pessoais (nome, localiza\u00e7\u00e3o, n\u00famero de telefone)<\/li>\n<li>Evite mostrar ambientes identific\u00e1veis<\/li>\n<li>N\u00e3o clique em links enviados por desconhecidos<\/li>\n<li>Encerre conversas que pare\u00e7am desconfort\u00e1veis ou suspeitas<\/li>\n<li>Os pais devem supervisionar os menores.<\/li>\n<li>Considere o uso de uma VPN para aumentar a privacidade<\/li>\n<\/ul>\n<p>O uso respons\u00e1vel garante uma experi\u00eancia mais segura e agrad\u00e1vel.<\/p>\n<h2>Dicas para aproveitar ao m\u00e1ximo o chat de v\u00eddeo Rabbit<\/h2>\n<p>Aqui est\u00e3o algumas pr\u00e1ticas recomendadas para melhorar sua experi\u00eancia:<\/p>\n<ul>\n<li>Tente conversar nos hor\u00e1rios de pico para encontrar usu\u00e1rios mais ativos.<\/li>\n<li>Use fones de ouvido para obter melhor qualidade de \u00e1udio<\/li>\n<li>Uma boa ilumina\u00e7\u00e3o melhora a sua apar\u00eancia diante das c\u00e2meras.<\/li>\n<li>Comece com sauda\u00e7\u00f5es amig\u00e1veis e simples<\/li>\n<li>N\u00e3o pense demais nas conversas \u2014 seja espont\u00e2neo<\/li>\n<li>Use o bot\u00e3o \u201cpular\u201d livremente quando as conversas n\u00e3o estiverem de acordo com o seu humor.<\/li>\n<\/ul>\n<p>Pequenos ajustes podem melhorar significativamente suas intera\u00e7\u00f5es e o prazer geral.<\/p>\n<h2>Problemas comuns e resolu\u00e7\u00e3o de problemas<\/h2>\n<p>Aqui est\u00e3o alguns problemas comuns e suas solu\u00e7\u00f5es:<\/p>\n<h3>Problema: C\u00e2mera\/microfone n\u00e3o funcionando<\/h3>\n<p>Solu\u00e7\u00f5es:<\/p>\n<ul>\n<li>Verifique as permiss\u00f5es do navegador<\/li>\n<li>Certifique-se de que nenhum outro aplicativo esteja usando sua webcam.<\/li>\n<li>Atualize a p\u00e1gina ou reinicie o seu navegador.<\/li>\n<\/ul>\n<h3>Problema: V\u00eddeo lento ou com atraso<\/h3>\n<p>Solu\u00e7\u00f5es:<\/p>\n<ul>\n<li>Use uma conex\u00e3o Wi-Fi est\u00e1vel<\/li>\n<li>Feche as guias extras e os programas em segundo plano<\/li>\n<li>Tente mudar de navegador (o Chrome e o Edge costumam ter o melhor desempenho).<\/li>\n<\/ul>\n<h3>Problema: poucos usu\u00e1rios on-line<\/h3>\n<p>Solu\u00e7\u00f5es:<\/p>\n<ul>\n<li>Experimente diferentes fusos hor\u00e1rios<\/li>\n<li>Converse durante a noite ou nos fins de semana para obter maior atividade<\/li>\n<\/ul>\n<h3>Problema: comportamento inadequado<\/h3>\n<p>Solu\u00e7\u00f5es:<\/p>\n<ul>\n<li>Pular instantaneamente<\/li>\n<li>Use ferramentas de relat\u00f3rios, se dispon\u00edveis<\/li>\n<\/ul>\n<h2>Por que as pessoas escolhem o Rabbit Video Chat<\/h2>\n<p>O Rabbit Video Chat \u00e9 popular porque oferece a ess\u00eancia do bate-papo por v\u00eddeo aleat\u00f3rio sem complexidade desnecess\u00e1ria.<\/p>\n<p>Os usu\u00e1rios escolhem-no por:<\/p>\n<ul>\n<li>Acesso instant\u00e2neo, sem necessidade de login<\/li>\n<li>Correspond\u00eancia aleat\u00f3ria pura<\/li>\n<li>Design simples e moderno<\/li>\n<li>Forte anonimato<\/li>\n<li>Compatibilidade com dispositivos m\u00f3veis<\/li>\n<li>Bate-papo global r\u00e1pido e gratuito<\/li>\n<\/ul>\n<p>Para pessoas que valorizam conex\u00f5es r\u00e1pidas e uma experi\u00eancia online imprevis\u00edvel, o Rabbit Video Chat \u00e9 a escolha perfeita.<\/p>\n<h2>Considera\u00e7\u00f5es finais: vale a pena usar o Rabbit Video Chat?<\/h2>\n<p>Se voc\u00ea est\u00e1 procurando uma plataforma de chat de v\u00eddeo aleat\u00f3rio gratuita, r\u00e1pida e an\u00f4nima, o Rabbit Video Chat \u00e9 definitivamente uma boa op\u00e7\u00e3o. \u00c9 simples, intuitivo e feito para pessoas que gostam de conhecer estranhos em tempo real, sem a press\u00e3o de perfis ou cadastros.<\/p>\n<p>Seja voc\u00ea:<\/p>\n<ul>\n<li>Matando o tempo<\/li>\n<li>Conhecer pessoas de outras culturas<\/li>\n<li>Buscando conversas espont\u00e2neas<\/li>\n<li>Desfrutar de intera\u00e7\u00f5es sociais informais<\/li>\n<\/ul>\n<p>O Rabbit Video Chat oferece uma maneira f\u00e1cil, acess\u00edvel e envolvente de se conectar com o mundo.<\/p>\n<p>O Rabbit Video Chat \u00e9 um site de chat de v\u00eddeo aleat\u00f3rio, moderno e simples, que se concentra na simplicidade, privacidade e conex\u00f5es globais instant\u00e2neas. \u00c9 perfeito para usu\u00e1rios que desejam conversas reais sem as complica\u00e7\u00f5es de contas, filtros ou assinaturas.<\/p>\n<p>Pronto para experimentar? Abra o Rabbit Video Chat, clique em \u201cIniciar\u201d e descubra quem est\u00e1 esperando do outro lado.<\/p>","protected":false},"excerpt":{"rendered":"<p>In an internet era filled with curated profiles, highlight reels, and endless scrolling, Rabbit Video Chat offers something refreshingly different: a direct, real-time way to meet strangers face-to-face. No algorithms, no sign-ups, and no complicated features \u2014 just spontaneous connection with people around the world. Whether you&#8217;re looking for quick conversation, casual fun, or a [&hellip;]<\/p>\n","protected":false},"author":6,"featured_media":0,"parent":0,"menu_order":0,"comment_status":"closed","ping_status":"closed","template":"","meta":{"footnotes":""},"class_list":["post-12587","page","type-page","status-publish","hentry"],"yoast_head":"<!-- This site is optimized with the Yoast SEO plugin v27.4 - https:\/\/yoast.com\/product\/yoast-seo-wordpress\/ -->\n<title>Rabbit Video Chat - Live Video Chat with Girls - TinyChat.com<\/title>\n<meta name=\"description\" content=\"Enjoying Rabbit Video Chat? Join over 50,000,000 strangers on TinyChat! Turn on your cam and start meeting new people, or find a match.\" \/>\n<meta name=\"robots\" content=\"index, follow, max-snippet:-1, max-image-preview:large, max-video-preview:-1\" \/>\n<link rel=\"canonical\" href=\"https:\/\/tinychat.com\/pt-br\/rabbit-video-chat\/\" \/>\n<meta property=\"og:locale\" content=\"pt_BR\" \/>\n<meta property=\"og:type\" content=\"article\" \/>\n<meta property=\"og:title\" content=\"Rabbit Video Chat - Live Video Chat with Girls - TinyChat.com\" \/>\n<meta property=\"og:description\" content=\"Enjoying Rabbit Video Chat? Join over 50,000,000 strangers on TinyChat! Turn on your cam and start meeting new people, or find a match.\" \/>\n<meta property=\"og:url\" content=\"https:\/\/tinychat.com\/pt-br\/rabbit-video-chat\/\" \/>\n<meta property=\"og:site_name\" content=\"TinyChat\" \/>\n<meta property=\"article:publisher\" content=\"https:\/\/www.facebook.com\/tinychat\" \/>\n<meta property=\"article:modified_time\" content=\"2025-12-02T08:51:13+00:00\" \/>\n<meta property=\"og:image\" content=\"https:\/\/tinychat.com\/wp-content\/uploads\/2020\/04\/Tinychat-logo-1280x284-new-black.png\" \/>\n\t<meta property=\"og:image:width\" content=\"1280\" \/>\n\t<meta property=\"og:image:height\" content=\"284\" \/>\n\t<meta property=\"og:image:type\" content=\"image\/png\" \/>\n<meta name=\"twitter:card\" content=\"summary_large_image\" \/>\n<meta name=\"twitter:site\" content=\"@tinychat\" \/>\n<meta name=\"twitter:label1\" content=\"Est. tempo de leitura\" \/>\n\t<meta name=\"twitter:data1\" content=\"6 minutos\" \/>\n<script type=\"application\/ld+json\" class=\"yoast-schema-graph\">{\"@context\":\"https:\\\/\\\/schema.org\",\"@graph\":[{\"@type\":\"WebPage\",\"@id\":\"https:\\\/\\\/tinychat.com\\\/rabbit-video-chat\\\/\",\"url\":\"https:\\\/\\\/tinychat.com\\\/rabbit-video-chat\\\/\",\"name\":\"Rabbit Video Chat - Live Video Chat with Girls - TinyChat.com\",\"isPartOf\":{\"@id\":\"https:\\\/\\\/tinychat.com\\\/#website\"},\"datePublished\":\"2025-12-02T06:51:12+00:00\",\"dateModified\":\"2025-12-02T08:51:13+00:00\",\"description\":\"Enjoying Rabbit Video Chat? Join over 50,000,000 strangers on TinyChat! Turn on your cam and start meeting new people, or find a match.\",\"breadcrumb\":{\"@id\":\"https:\\\/\\\/tinychat.com\\\/rabbit-video-chat\\\/#breadcrumb\"},\"inLanguage\":\"pt-BR\",\"potentialAction\":[{\"@type\":\"ReadAction\",\"target\":[\"https:\\\/\\\/tinychat.com\\\/rabbit-video-chat\\\/\"]}]},{\"@type\":\"BreadcrumbList\",\"@id\":\"https:\\\/\\\/tinychat.com\\\/rabbit-video-chat\\\/#breadcrumb\",\"itemListElement\":[{\"@type\":\"ListItem\",\"position\":1,\"name\":\"Home\",\"item\":\"https:\\\/\\\/tinychat.com\\\/\"},{\"@type\":\"ListItem\",\"position\":2,\"name\":\"Rabbit Video Chat\"}]},{\"@type\":\"WebSite\",\"@id\":\"https:\\\/\\\/tinychat.com\\\/#website\",\"url\":\"https:\\\/\\\/tinychat.com\\\/\",\"name\":\"TinyChat\",\"description\":\"Random Video Chat with Strangers\",\"publisher\":{\"@id\":\"https:\\\/\\\/tinychat.com\\\/#organization\"},\"alternateName\":\"TinyChat.com\",\"potentialAction\":[{\"@type\":\"SearchAction\",\"target\":{\"@type\":\"EntryPoint\",\"urlTemplate\":\"https:\\\/\\\/tinychat.com\\\/?s={search_term_string}\"},\"query-input\":{\"@type\":\"PropertyValueSpecification\",\"valueRequired\":true,\"valueName\":\"search_term_string\"}}],\"inLanguage\":\"pt-BR\"},{\"@type\":\"Organization\",\"@id\":\"https:\\\/\\\/tinychat.com\\\/#organization\",\"name\":\"TinyChat\",\"alternateName\":\"TinyChat.com\",\"url\":\"https:\\\/\\\/tinychat.com\\\/\",\"logo\":{\"@type\":\"ImageObject\",\"inLanguage\":\"pt-BR\",\"@id\":\"https:\\\/\\\/tinychat.com\\\/#\\\/schema\\\/logo\\\/image\\\/\",\"url\":\"https:\\\/\\\/tinychat.com\\\/wp-content\\\/uploads\\\/2023\\\/11\\\/Tinychat-icon-square.png\",\"contentUrl\":\"https:\\\/\\\/tinychat.com\\\/wp-content\\\/uploads\\\/2023\\\/11\\\/Tinychat-icon-square.png\",\"width\":284,\"height\":284,\"caption\":\"TinyChat\"},\"image\":{\"@id\":\"https:\\\/\\\/tinychat.com\\\/#\\\/schema\\\/logo\\\/image\\\/\"},\"sameAs\":[\"https:\\\/\\\/www.facebook.com\\\/tinychat\",\"https:\\\/\\\/x.com\\\/tinychat\"]}]}<\/script>\n<!-- \/ Yoast SEO plugin. -->","yoast_head_json":{"title":"Rabbit Video Chat - Chat de v\u00eddeo ao vivo com garotas - TinyChat.com","description":"Gostando do Rabbit Video Chat? Junte-se a mais de 50 milh\u00f5es de desconhecidos no TinyChat! Ligue sua c\u00e2mera e comece a conhecer novas pessoas ou encontre um par.","robots":{"index":"index","follow":"follow","max-snippet":"max-snippet:-1","max-image-preview":"max-image-preview:large","max-video-preview":"max-video-preview:-1"},"canonical":"https:\/\/tinychat.com\/pt-br\/rabbit-video-chat\/","og_locale":"pt_BR","og_type":"article","og_title":"Rabbit Video Chat - Live Video Chat with Girls - TinyChat.com","og_description":"Enjoying Rabbit Video Chat? Join over 50,000,000 strangers on TinyChat! Turn on your cam and start meeting new people, or find a match.","og_url":"https:\/\/tinychat.com\/pt-br\/rabbit-video-chat\/","og_site_name":"TinyChat","article_publisher":"https:\/\/www.facebook.com\/tinychat","article_modified_time":"2025-12-02T08:51:13+00:00","og_image":[{"width":1280,"height":284,"url":"https:\/\/tinychat.com\/wp-content\/uploads\/2020\/04\/Tinychat-logo-1280x284-new-black.png","type":"image\/png"}],"twitter_card":"summary_large_image","twitter_site":"@tinychat","twitter_misc":{"Est. tempo de leitura":"6 minutos"},"schema":{"@context":"https:\/\/schema.org","@graph":[{"@type":"WebPage","@id":"https:\/\/tinychat.com\/rabbit-video-chat\/","url":"https:\/\/tinychat.com\/rabbit-video-chat\/","name":"Rabbit Video Chat - Chat de v\u00eddeo ao vivo com garotas - TinyChat.com","isPartOf":{"@id":"https:\/\/tinychat.com\/#website"},"datePublished":"2025-12-02T06:51:12+00:00","dateModified":"2025-12-02T08:51:13+00:00","description":"Gostando do Rabbit Video Chat? Junte-se a mais de 50 milh\u00f5es de desconhecidos no TinyChat! Ligue sua c\u00e2mera e comece a conhecer novas pessoas ou encontre um par.","breadcrumb":{"@id":"https:\/\/tinychat.com\/rabbit-video-chat\/#breadcrumb"},"inLanguage":"pt-BR","potentialAction":[{"@type":"ReadAction","target":["https:\/\/tinychat.com\/rabbit-video-chat\/"]}]},{"@type":"BreadcrumbList","@id":"https:\/\/tinychat.com\/rabbit-video-chat\/#breadcrumb","itemListElement":[{"@type":"ListItem","position":1,"name":"Home","item":"https:\/\/tinychat.com\/"},{"@type":"ListItem","position":2,"name":"Rabbit Video Chat"}]},{"@type":"WebSite","@id":"https:\/\/tinychat.com\/#website","url":"https:\/\/tinychat.com\/","name":"TinyChat","description":"Bate-papo por v\u00eddeo aleat\u00f3rio com estranhos","publisher":{"@id":"https:\/\/tinychat.com\/#organization"},"alternateName":"TinyChat.com","potentialAction":[{"@type":"SearchAction","target":{"@type":"EntryPoint","urlTemplate":"https:\/\/tinychat.com\/?s={search_term_string}"},"query-input":{"@type":"PropertyValueSpecification","valueRequired":true,"valueName":"search_term_string"}}],"inLanguage":"pt-BR"},{"@type":"Organization","@id":"https:\/\/tinychat.com\/#organization","name":"TinyChat","alternateName":"TinyChat.com","url":"https:\/\/tinychat.com\/","logo":{"@type":"ImageObject","inLanguage":"pt-BR","@id":"https:\/\/tinychat.com\/#\/schema\/logo\/image\/","url":"https:\/\/tinychat.com\/wp-content\/uploads\/2023\/11\/Tinychat-icon-square.png","contentUrl":"https:\/\/tinychat.com\/wp-content\/uploads\/2023\/11\/Tinychat-icon-square.png","width":284,"height":284,"caption":"TinyChat"},"image":{"@id":"https:\/\/tinychat.com\/#\/schema\/logo\/image\/"},"sameAs":["https:\/\/www.facebook.com\/tinychat","https:\/\/x.com\/tinychat"]}]}},"_links":{"self":[{"href":"https:\/\/tinychat.com\/pt-br\/wp-json\/wp\/v2\/pages\/12587","targetHints":{"allow":["GET"]}}],"collection":[{"href":"https:\/\/tinychat.com\/pt-br\/wp-json\/wp\/v2\/pages"}],"about":[{"href":"https:\/\/tinychat.com\/pt-br\/wp-json\/wp\/v2\/types\/page"}],"author":[{"embeddable":true,"href":"https:\/\/tinychat.com\/pt-br\/wp-json\/wp\/v2\/users\/6"}],"replies":[{"embeddable":true,"href":"https:\/\/tinychat.com\/pt-br\/wp-json\/wp\/v2\/comments?post=12587"}],"version-history":[{"count":4,"href":"https:\/\/tinychat.com\/pt-br\/wp-json\/wp\/v2\/pages\/12587\/revisions"}],"predecessor-version":[{"id":13584,"href":"https:\/\/tinychat.com\/pt-br\/wp-json\/wp\/v2\/pages\/12587\/revisions\/13584"}],"wp:attachment":[{"href":"https:\/\/tinychat.com\/pt-br\/wp-json\/wp\/v2\/media?parent=12587"}],"curies":[{"name":"wp","href":"https:\/\/api.w.org\/{rel}","templated":true}]}}