{"id":12683,"date":"2025-08-18T09:35:45","date_gmt":"2025-08-18T07:35:45","guid":{"rendered":"https:\/\/tinychat.com\/?page_id=12683"},"modified":"2025-08-18T10:20:31","modified_gmt":"2025-08-18T08:20:31","slug":"pink-video-chat","status":"publish","type":"page","link":"https:\/\/tinychat.com\/pt-br\/pink-video-chat\/","title":{"rendered":"Bate-papo por v\u00eddeo rosa"},"content":{"rendered":"<p>O mundo das plataformas de bate-papo por v\u00eddeo aleat\u00f3rio est\u00e1 em constante evolu\u00e7\u00e3o. Desde os prim\u00f3rdios do Omegle at\u00e9 aplicativos modernos como ChatHub, Emerald Chat e Monkey, as pessoas sempre buscaram maneiras divertidas, imprevis\u00edveis e empolgantes de conhecer estranhos on-line. O Pink Video Chat \u00e9 um dos nomes mais recentes a entrar nesse espa\u00e7o, trazendo consigo uma experi\u00eancia nova, vibrante e colorida, projetada para atrair usu\u00e1rios que desejam algo simples, elegante e divertido.<\/p>\n<p>Diferentemente das redes sociais tradicionais, o Pink Video Chat reduz as coisas ao essencial: conex\u00f5es instant\u00e2neas, anonimato e facilidade de uso. Sua marca divertida e seu design moderno o ajudam a se destacar em um mercado lotado, onde dezenas de aplicativos de bate-papo aleat\u00f3rios competem por aten\u00e7\u00e3o.<\/p>\n<p>Nesta an\u00e1lise aprofundada, exploraremos tudo o que voc\u00ea precisa saber sobre o Pink Video Chat - seus recursos, usabilidade, seguran\u00e7a, pr\u00f3s e contras e como ele se compara a concorrentes estabelecidos, como Omegle, TinyChat e Chatroulette.<\/p>\n<h2>O que \u00e9 o Pink Video Chat?<\/h2>\n<p>O Pink Video Chat \u00e9 uma plataforma de bate-papo por v\u00eddeo aleat\u00f3rio que conecta estranhos instantaneamente por meio de webcam e microfone. N\u00e3o h\u00e1 processo de inscri\u00e7\u00e3o, cria\u00e7\u00e3o de perfil demorado nem barreiras de entrada - basta pressionar start e voc\u00ea estar\u00e1 conectado.<\/p>\n<p>Ele atrai usu\u00e1rios que:<\/p>\n<ul>\n<li>Deseja uma maneira r\u00e1pida e an\u00f4nima de conhecer pessoas.<\/li>\n<li>Preferir intera\u00e7\u00f5es por v\u00eddeo a bate-papos somente com texto.<\/li>\n<li>Tem curiosidade de conhecer pessoas desconhecidas em todo o mundo.<\/li>\n<li>Aproveite a emo\u00e7\u00e3o da imprevisibilidade.<\/li>\n<\/ul>\n<p>Enquanto alguns sites de bate-papo se concentram principalmente em namoro ou redes sociais, o Pink Video Chat se inclina mais para o entretenimento espont\u00e2neo e encontros casuais.<\/p>\n<h2>Principais recursos do Pink Video Chat<\/h2>\n<p>Veja o que voc\u00ea pode esperar ao usar o Pink Video Chat:<\/p>\n<h3>1. Correspond\u00eancia instant\u00e2nea<\/h3>\n<ul>\n<li>N\u00e3o \u00e9 necess\u00e1rio registro.<\/li>\n<li>Um clique conecta voc\u00ea a um estranho aleat\u00f3rio.<\/li>\n<li>Passe para a pr\u00f3xima pessoa instantaneamente.<\/li>\n<\/ul>\n<h3>2. Anonimato<\/h3>\n<ul>\n<li>Os usu\u00e1rios n\u00e3o s\u00e3o obrigados a revelar sua identidade.<\/li>\n<li>N\u00e3o s\u00e3o necess\u00e1rios nomes de usu\u00e1rio, biografias ou detalhes pessoais.<\/li>\n<li>O foco permanece na intera\u00e7\u00e3o em tempo real.<\/li>\n<\/ul>\n<h3>3. Bate-papo por v\u00eddeo e \u00e1udio<\/h3>\n<ul>\n<li>O n\u00facleo da plataforma gira em torno do bate-papo ao vivo pela webcam.<\/li>\n<li>Recurso de \u00e1udio apenas se voc\u00ea preferir n\u00e3o usar v\u00eddeo.<\/li>\n<\/ul>\n<h3>4. Compat\u00edvel com dispositivos m\u00f3veis<\/h3>\n<ul>\n<li>Funciona em navegadores de desktop e m\u00f3veis.<\/li>\n<li>N\u00e3o h\u00e1 necessidade de baixar um aplicativo - basta acessar o site.<\/li>\n<\/ul>\n<h3>5. Filtros de g\u00eanero e localiza\u00e7\u00e3o (opcional)<\/h3>\n<ul>\n<li>Dependendo das atualiza\u00e7\u00f5es, os filtros podem estar dispon\u00edveis para usu\u00e1rios premium.<\/li>\n<li>Permite a segmenta\u00e7\u00e3o por g\u00eanero ou pa\u00eds para intera\u00e7\u00f5es mais personalizadas.<\/li>\n<\/ul>\n<h3>6. Acesso gratuito<\/h3>\n<ul>\n<li>A maioria dos recursos do Pink Video Chat \u00e9 gratuita.<\/li>\n<li>Os recursos premium podem desbloquear filtros aprimorados ou uso sem an\u00fancios.<\/li>\n<\/ul>\n<h2>Como usar o Pink Video Chat<\/h2>\n<p>Usar o Pink Video Chat \u00e9 simples:<\/p>\n<ol>\n<li>Acesse o site.<br \/>\nAbra o Pink Video Chat em seu navegador (desktop ou celular).<\/li>\n<li>Habilitar permiss\u00f5es.<br \/>\nConceda acesso \u00e0 sua c\u00e2mera e ao seu microfone.<\/li>\n<li>Clique em Iniciar.<br \/>\nEmparelhe-se instantaneamente com outro usu\u00e1rio.<\/li>\n<li>Conversar ou pular.<br \/>\nPermane\u00e7a no bate-papo o tempo que desejar ou clique em \"Next\" (Avan\u00e7ar) para prosseguir.<\/li>\n<li>Repetir.<br \/>\nContinue se conectando com novos estranhos sem parar.<\/li>\n<\/ol>\n<p>Essa simplicidade \u00e9 parte do charme do Pink Video Chat - ele elimina o atrito e se concentra apenas na divers\u00e3o.<\/p>\n<h2>A experi\u00eancia do usu\u00e1rio<\/h2>\n<p>O Pink Video Chat oferece uma interface limpa, moderna e convidativa. O tema \"rosa\" da marca cria um ambiente leve e n\u00e3o intimidador, que atrai usu\u00e1rios mais jovens e pessoas que podem se sentir nervosas ao usar plataformas com apar\u00eancia mais cl\u00ednica.<\/p>\n<h3>Pr\u00f3s<\/h3>\n<ul>\n<li>Extremamente f\u00e1cil de usar.<\/li>\n<li>N\u00e3o \u00e9 necess\u00e1rio se inscrever.<\/li>\n<li>Marca divertida e leve.<\/li>\n<li>Acesso instant\u00e2neo a estranhos em todo o mundo.<\/li>\n<\/ul>\n<h3>Contras<\/h3>\n<ul>\n<li>Pode faltar profundidade em compara\u00e7\u00e3o com aplicativos com perfis e mensagens.<\/li>\n<li>Alguns usu\u00e1rios podem preferir mais op\u00e7\u00f5es de filtragem.<\/li>\n<li>Depende muito do comportamento do usu\u00e1rio - a qualidade varia.<\/li>\n<\/ul>\n<h2>Pink Video Chat vs. outras plataformas<\/h2>\n<table>\n<thead>\n<tr>\n<th>Recurso<\/th>\n<th>Bate-papo por v\u00eddeo rosa<\/th>\n<th>Omegle<\/th>\n<th>Chatroulette<\/th>\n<th>ChatHub<\/th>\n<th>Emerald Chat<\/th>\n<th>TinyChat<\/th>\n<\/tr>\n<\/thead>\n<tbody>\n<tr>\n<td>Necess\u00e1rio registrar-se<\/td>\n<td>\u274c N\u00e3o<\/td>\n<td>\u274c N\u00e3o<\/td>\n<td>\u274c N\u00e3o<\/td>\n<td>\u274c N\u00e3o<\/td>\n<td>\u2705 Sim<\/td>\n<td>\u2705 Sim<\/td>\n<\/tr>\n<tr>\n<td>Bate-papo por v\u00eddeo<\/td>\n<td>\u2705 Sim<\/td>\n<td>\u2705 Sim<\/td>\n<td>\u2705 Sim<\/td>\n<td>\u2705 Sim<\/td>\n<td>\u2705 Sim<\/td>\n<td>\u2705 Sim<\/td>\n<\/tr>\n<tr>\n<td>Anonimato<\/td>\n<td>\u2705 Forte<\/td>\n<td>\u2705 Forte<\/td>\n<td>\u2705 Forte<\/td>\n<td>\u2705 Moderado<\/td>\n<td>\u2705 Moderado<\/td>\n<td>Fraco<\/td>\n<\/tr>\n<tr>\n<td>Filtros<\/td>\n<td>\u26a0\ufe0f Limitado\/Pago<\/td>\n<td>\u274c N\u00e3o<\/td>\n<td>\u2705 Sim<\/td>\n<td>\u2705 Sim<\/td>\n<td>\u2705 Sim<\/td>\n<td>\u2705 Sim<\/td>\n<\/tr>\n<tr>\n<td>Caracter\u00edsticas da comunidade<\/td>\n<td>Nenhum<\/td>\n<td>Nenhum<\/td>\n<td>Nenhum<\/td>\n<td>\u2705 M\u00ednimo<\/td>\n<td>\u2705 Forte<\/td>\n<td>\u2705 Forte<\/td>\n<\/tr>\n<tr>\n<td>Melhor para<\/td>\n<td>Encontros casuais<\/td>\n<td>Divers\u00e3o aleat\u00f3ria<\/td>\n<td>Conversas r\u00e1pidas<\/td>\n<td>Chats filtrados<\/td>\n<td>Conversas mais profundas<\/td>\n<td>Chats em grupo<\/td>\n<\/tr>\n<\/tbody>\n<\/table>\n<p>Resumo: O Pink Video Chat \u00e9 melhor comparado ao Omegle ou ao Chatroulette, com um toque colorido e moderno de marca. Ele n\u00e3o tenta ser uma rede social - mant\u00e9m o foco puramente em conex\u00f5es aleat\u00f3rias individuais.<\/p>\n<h2>Seguran\u00e7a no bate-papo por v\u00eddeo Pink<\/h2>\n<p>Como todas as plataformas de bate-papo por v\u00eddeo aleat\u00f3rio, o Pink Video Chat tem divers\u00e3o e riscos.<\/p>\n<h3>Ferramentas de seguran\u00e7a incorporadas<\/h3>\n<ul>\n<li>Recursos de relat\u00f3rio e bloqueio (dependendo da vers\u00e3o).<\/li>\n<li>Modera\u00e7\u00e3o b\u00e1sica para detectar conte\u00fado inadequado.<\/li>\n<\/ul>\n<h3>Dicas de seguran\u00e7a para usu\u00e1rios<\/h3>\n<ul>\n<li>Nunca compartilhe informa\u00e7\u00f5es pessoais (endere\u00e7o, telefone, informa\u00e7\u00f5es financeiras).<\/li>\n<li>Encerre as conversas imediatamente se algu\u00e9m o deixar desconfort\u00e1vel.<\/li>\n<li>Use em ambientes p\u00fablicos ou seguros.<\/li>\n<li>Considere o uso de uma VPN para aumentar a privacidade.<\/li>\n<\/ul>\n<p>Os pais tamb\u00e9m devem observar que as plataformas de bate-papo por v\u00eddeo aleat\u00f3rias podem expor menores de idade a conte\u00fado adulto, portanto, \u00e9 altamente recomend\u00e1vel a supervis\u00e3o.<\/p>\n<h2>Dicas para uma experi\u00eancia melhor<\/h2>\n<ul>\n<li>Use uma boa ilumina\u00e7\u00e3o e um \u00e2ngulo de c\u00e2mera claro. Voc\u00ea obter\u00e1 mais rea\u00e7\u00f5es positivas.<\/li>\n<li>Mantenha as conversas leves. O bate-papo aleat\u00f3rio \u00e9 sobre divers\u00e3o, n\u00e3o sobre debates pesados.<\/li>\n<li>Use fones de ouvido. Melhora a qualidade do \u00e1udio para ambos os lados.<\/li>\n<li>N\u00e3o hesite em pular. Nem todo bate-papo ser\u00e1 uma boa combina\u00e7\u00e3o.<\/li>\n<\/ul>\n<h2>Por que as pessoas escolhem o Pink Video Chat<\/h2>\n<p>Com tantos concorrentes, por que os usu\u00e1rios escolheriam o Pink Video Chat? A resposta est\u00e1 em sua simplicidade e estilo.<\/p>\n<ul>\n<li>Facilidade de uso: Sem contas ou downloads.<\/li>\n<li>Marca divertida: A cor rosa \u00e9 divertida, acolhedora e acess\u00edvel.<\/li>\n<li>Vibe casual: menos press\u00e3o do que os aplicativos de namoro.<\/li>\n<li>Conex\u00e3o instant\u00e2nea: Perfeito para curtos per\u00edodos de entretenimento.<\/li>\n<\/ul>\n<h2>Problemas comuns e corre\u00e7\u00f5es<\/h2>\n<ol>\n<li>A c\u00e2mera n\u00e3o est\u00e1 funcionando\n<ol>\n<li>Verifique as permiss\u00f5es do navegador.<\/li>\n<li>Verifique se nenhum outro aplicativo est\u00e1 usando a c\u00e2mera.<\/li>\n<\/ol>\n<\/li>\n<li>N\u00e3o \u00e9 poss\u00edvel encontrar correspond\u00eancias\n<ol>\n<li>Experimente nos hor\u00e1rios de pico para obter mais usu\u00e1rios on-line.<\/li>\n<li>Atualize seu navegador.<\/li>\n<\/ol>\n<\/li>\n<li>Baixa qualidade de v\u00eddeo\n<ol>\n<li>Mude para Wi-Fi para obter uma conex\u00e3o mais forte.<\/li>\n<li>Feche aplicativos ou guias em segundo plano.<\/li>\n<\/ol>\n<\/li>\n<\/ol>\n<p>Se voc\u00ea est\u00e1 procurando uma maneira r\u00e1pida, gratuita e divertida de conhecer estranhos, o Pink Video Chat oferece exatamente isso. Ele n\u00e3o tenta ser um aplicativo de namoro, uma rede social ou uma plataforma de bate-papo complicada - ele mant\u00e9m as coisas leves e divertidas.<\/p>\n<p>Para as pessoas que adoraram o Omegle e o Chatroulette, mas querem algo novo, o Pink Video Chat oferece uma alternativa convidativa com um toque de marca divertida.<\/p>\n<p>Resumindo: o Pink Video Chat \u00e9 uma ferramenta de conex\u00e3o instant\u00e2nea casual, sem press\u00e3o, que vale a pena experimentar se voc\u00ea gosta da imprevisibilidade de conversar com estranhos on-line.<\/p>","protected":false},"excerpt":{"rendered":"<p>The world of random video chat platforms is constantly evolving. From the early days of Omegle to modern apps like ChatHub, Emerald Chat, and Monkey, people have always sought fun, unpredictable, and exciting ways to meet strangers online. Pink Video Chat is one of the newer names to enter this space, bringing with it a [&hellip;]<\/p>\n","protected":false},"author":6,"featured_media":0,"parent":0,"menu_order":0,"comment_status":"closed","ping_status":"closed","template":"","meta":{"footnotes":""},"class_list":["post-12683","page","type-page","status-publish","hentry"],"yoast_head":"<!-- This site is optimized with the Yoast SEO plugin v27.6 - https:\/\/yoast.com\/product\/yoast-seo-wordpress\/ -->\n<title>Pink Video Chat - Random Video Chat with People - TinyChat.com<\/title>\n<meta name=\"description\" content=\"Enjoying Pink Video Chat? Join over 50,000,000 strangers on TinyChat! Turn on your cam and start meeting new people, or find a match.\" \/>\n<meta name=\"robots\" content=\"index, follow, max-snippet:-1, max-image-preview:large, max-video-preview:-1\" \/>\n<link rel=\"canonical\" href=\"https:\/\/tinychat.com\/pt-br\/pink-video-chat\/\" \/>\n<meta property=\"og:locale\" content=\"pt_BR\" \/>\n<meta property=\"og:type\" content=\"article\" \/>\n<meta property=\"og:title\" content=\"Pink Video Chat - Random Video Chat with People - TinyChat.com\" \/>\n<meta property=\"og:description\" content=\"Enjoying Pink Video Chat? Join over 50,000,000 strangers on TinyChat! Turn on your cam and start meeting new people, or find a match.\" \/>\n<meta property=\"og:url\" content=\"https:\/\/tinychat.com\/pt-br\/pink-video-chat\/\" \/>\n<meta property=\"og:site_name\" content=\"TinyChat\" \/>\n<meta property=\"article:publisher\" content=\"https:\/\/www.facebook.com\/tinychat\" \/>\n<meta property=\"article:modified_time\" content=\"2025-08-18T08:20:31+00:00\" \/>\n<meta property=\"og:image\" content=\"https:\/\/tinychat.com\/wp-content\/uploads\/2020\/04\/Tinychat-logo-1280x284-new-black.png\" \/>\n\t<meta property=\"og:image:width\" content=\"1280\" \/>\n\t<meta property=\"og:image:height\" content=\"284\" \/>\n\t<meta property=\"og:image:type\" content=\"image\/png\" \/>\n<meta name=\"twitter:card\" content=\"summary_large_image\" \/>\n<meta name=\"twitter:site\" content=\"@tinychat\" \/>\n<meta name=\"twitter:label1\" content=\"Est. tempo de leitura\" \/>\n\t<meta name=\"twitter:data1\" content=\"5 minutos\" \/>\n<script type=\"application\/ld+json\" class=\"yoast-schema-graph\">{\"@context\":\"https:\\\/\\\/schema.org\",\"@graph\":[{\"@type\":\"WebPage\",\"@id\":\"https:\\\/\\\/tinychat.com\\\/pink-video-chat\\\/\",\"url\":\"https:\\\/\\\/tinychat.com\\\/pink-video-chat\\\/\",\"name\":\"Pink Video Chat - Random Video Chat with People - TinyChat.com\",\"isPartOf\":{\"@id\":\"https:\\\/\\\/tinychat.com\\\/#website\"},\"datePublished\":\"2025-08-18T07:35:45+00:00\",\"dateModified\":\"2025-08-18T08:20:31+00:00\",\"description\":\"Enjoying Pink Video Chat? Join over 50,000,000 strangers on TinyChat! Turn on your cam and start meeting new people, or find a match.\",\"breadcrumb\":{\"@id\":\"https:\\\/\\\/tinychat.com\\\/pink-video-chat\\\/#breadcrumb\"},\"inLanguage\":\"pt-BR\",\"potentialAction\":[{\"@type\":\"ReadAction\",\"target\":[\"https:\\\/\\\/tinychat.com\\\/pink-video-chat\\\/\"]}]},{\"@type\":\"BreadcrumbList\",\"@id\":\"https:\\\/\\\/tinychat.com\\\/pink-video-chat\\\/#breadcrumb\",\"itemListElement\":[{\"@type\":\"ListItem\",\"position\":1,\"name\":\"Home\",\"item\":\"https:\\\/\\\/tinychat.com\\\/\"},{\"@type\":\"ListItem\",\"position\":2,\"name\":\"Pink Video Chat\"}]},{\"@type\":\"WebSite\",\"@id\":\"https:\\\/\\\/tinychat.com\\\/#website\",\"url\":\"https:\\\/\\\/tinychat.com\\\/\",\"name\":\"TinyChat\",\"description\":\"Random Video Chat with Strangers\",\"publisher\":{\"@id\":\"https:\\\/\\\/tinychat.com\\\/#organization\"},\"alternateName\":\"TinyChat.com\",\"potentialAction\":[{\"@type\":\"SearchAction\",\"target\":{\"@type\":\"EntryPoint\",\"urlTemplate\":\"https:\\\/\\\/tinychat.com\\\/?s={search_term_string}\"},\"query-input\":{\"@type\":\"PropertyValueSpecification\",\"valueRequired\":true,\"valueName\":\"search_term_string\"}}],\"inLanguage\":\"pt-BR\"},{\"@type\":\"Organization\",\"@id\":\"https:\\\/\\\/tinychat.com\\\/#organization\",\"name\":\"TinyChat\",\"alternateName\":\"TinyChat.com\",\"url\":\"https:\\\/\\\/tinychat.com\\\/\",\"logo\":{\"@type\":\"ImageObject\",\"inLanguage\":\"pt-BR\",\"@id\":\"https:\\\/\\\/tinychat.com\\\/#\\\/schema\\\/logo\\\/image\\\/\",\"url\":\"https:\\\/\\\/tinychat.com\\\/wp-content\\\/uploads\\\/2023\\\/11\\\/Tinychat-icon-square.png\",\"contentUrl\":\"https:\\\/\\\/tinychat.com\\\/wp-content\\\/uploads\\\/2023\\\/11\\\/Tinychat-icon-square.png\",\"width\":284,\"height\":284,\"caption\":\"TinyChat\"},\"image\":{\"@id\":\"https:\\\/\\\/tinychat.com\\\/#\\\/schema\\\/logo\\\/image\\\/\"},\"sameAs\":[\"https:\\\/\\\/www.facebook.com\\\/tinychat\",\"https:\\\/\\\/x.com\\\/tinychat\"]}]}<\/script>\n<!-- \/ Yoast SEO plugin. -->","yoast_head_json":{"title":"Pink Video Chat - Bate-papo aleat\u00f3rio por v\u00eddeo com pessoas - TinyChat.com","description":"Est\u00e1 gostando do bate-papo por v\u00eddeo Pink? Junte-se a mais de 50.000.000 de estranhos no TinyChat! Ligue sua c\u00e2mera e comece a conhecer novas pessoas ou encontre um par.","robots":{"index":"index","follow":"follow","max-snippet":"max-snippet:-1","max-image-preview":"max-image-preview:large","max-video-preview":"max-video-preview:-1"},"canonical":"https:\/\/tinychat.com\/pt-br\/pink-video-chat\/","og_locale":"pt_BR","og_type":"article","og_title":"Pink Video Chat - Random Video Chat with People - TinyChat.com","og_description":"Enjoying Pink Video Chat? Join over 50,000,000 strangers on TinyChat! Turn on your cam and start meeting new people, or find a match.","og_url":"https:\/\/tinychat.com\/pt-br\/pink-video-chat\/","og_site_name":"TinyChat","article_publisher":"https:\/\/www.facebook.com\/tinychat","article_modified_time":"2025-08-18T08:20:31+00:00","og_image":[{"width":1280,"height":284,"url":"https:\/\/tinychat.com\/wp-content\/uploads\/2020\/04\/Tinychat-logo-1280x284-new-black.png","type":"image\/png"}],"twitter_card":"summary_large_image","twitter_site":"@tinychat","twitter_misc":{"Est. tempo de leitura":"5 minutos"},"schema":{"@context":"https:\/\/schema.org","@graph":[{"@type":"WebPage","@id":"https:\/\/tinychat.com\/pink-video-chat\/","url":"https:\/\/tinychat.com\/pink-video-chat\/","name":"Pink Video Chat - Bate-papo aleat\u00f3rio por v\u00eddeo com pessoas - TinyChat.com","isPartOf":{"@id":"https:\/\/tinychat.com\/#website"},"datePublished":"2025-08-18T07:35:45+00:00","dateModified":"2025-08-18T08:20:31+00:00","description":"Est\u00e1 gostando do bate-papo por v\u00eddeo Pink? Junte-se a mais de 50.000.000 de estranhos no TinyChat! Ligue sua c\u00e2mera e comece a conhecer novas pessoas ou encontre um par.","breadcrumb":{"@id":"https:\/\/tinychat.com\/pink-video-chat\/#breadcrumb"},"inLanguage":"pt-BR","potentialAction":[{"@type":"ReadAction","target":["https:\/\/tinychat.com\/pink-video-chat\/"]}]},{"@type":"BreadcrumbList","@id":"https:\/\/tinychat.com\/pink-video-chat\/#breadcrumb","itemListElement":[{"@type":"ListItem","position":1,"name":"Home","item":"https:\/\/tinychat.com\/"},{"@type":"ListItem","position":2,"name":"Pink Video Chat"}]},{"@type":"WebSite","@id":"https:\/\/tinychat.com\/#website","url":"https:\/\/tinychat.com\/","name":"TinyChat","description":"Bate-papo por v\u00eddeo aleat\u00f3rio com estranhos","publisher":{"@id":"https:\/\/tinychat.com\/#organization"},"alternateName":"TinyChat.com","potentialAction":[{"@type":"SearchAction","target":{"@type":"EntryPoint","urlTemplate":"https:\/\/tinychat.com\/?s={search_term_string}"},"query-input":{"@type":"PropertyValueSpecification","valueRequired":true,"valueName":"search_term_string"}}],"inLanguage":"pt-BR"},{"@type":"Organization","@id":"https:\/\/tinychat.com\/#organization","name":"TinyChat","alternateName":"TinyChat.com","url":"https:\/\/tinychat.com\/","logo":{"@type":"ImageObject","inLanguage":"pt-BR","@id":"https:\/\/tinychat.com\/#\/schema\/logo\/image\/","url":"https:\/\/tinychat.com\/wp-content\/uploads\/2023\/11\/Tinychat-icon-square.png","contentUrl":"https:\/\/tinychat.com\/wp-content\/uploads\/2023\/11\/Tinychat-icon-square.png","width":284,"height":284,"caption":"TinyChat"},"image":{"@id":"https:\/\/tinychat.com\/#\/schema\/logo\/image\/"},"sameAs":["https:\/\/www.facebook.com\/tinychat","https:\/\/x.com\/tinychat"]}]}},"_links":{"self":[{"href":"https:\/\/tinychat.com\/pt-br\/wp-json\/wp\/v2\/pages\/12683","targetHints":{"allow":["GET"]}}],"collection":[{"href":"https:\/\/tinychat.com\/pt-br\/wp-json\/wp\/v2\/pages"}],"about":[{"href":"https:\/\/tinychat.com\/pt-br\/wp-json\/wp\/v2\/types\/page"}],"author":[{"embeddable":true,"href":"https:\/\/tinychat.com\/pt-br\/wp-json\/wp\/v2\/users\/6"}],"replies":[{"embeddable":true,"href":"https:\/\/tinychat.com\/pt-br\/wp-json\/wp\/v2\/comments?post=12683"}],"version-history":[{"count":3,"href":"https:\/\/tinychat.com\/pt-br\/wp-json\/wp\/v2\/pages\/12683\/revisions"}],"predecessor-version":[{"id":13461,"href":"https:\/\/tinychat.com\/pt-br\/wp-json\/wp\/v2\/pages\/12683\/revisions\/13461"}],"wp:attachment":[{"href":"https:\/\/tinychat.com\/pt-br\/wp-json\/wp\/v2\/media?parent=12683"}],"curies":[{"name":"wp","href":"https:\/\/api.w.org\/{rel}","templated":true}]}}