{"id":12724,"date":"2025-08-07T10:14:49","date_gmt":"2025-08-07T08:14:49","guid":{"rendered":"https:\/\/tinychat.com\/?page_id=12724"},"modified":"2025-08-07T11:00:11","modified_gmt":"2025-08-07T09:00:11","slug":"incognito-chat","status":"publish","type":"page","link":"https:\/\/tinychat.com\/pt-br\/incognito-chat\/","title":{"rendered":"Bate-papo inc\u00f3gnito"},"content":{"rendered":"<p>Alguma vez voc\u00ea j\u00e1 quis conversar com algu\u00e9m on-line - fazer uma pergunta, compartilhar uma hist\u00f3ria ou simplesmente desabafar - sem revelar quem voc\u00ea \u00e9? Esse \u00e9 o apelo do bate-papo an\u00f4nimo: privacidade total, liberdade total e conversas reais, sem a necessidade de mostrar seu rosto ou compartilhar seu nome.<\/p>\n<p>Se voc\u00ea est\u00e1 procurando um espa\u00e7o seguro para discutir assuntos pessoais, quer conhecer novas pessoas sem press\u00e3o ou simplesmente deseja a emo\u00e7\u00e3o do anonimato total, as salas e os aplicativos de bate-papo an\u00f4nimos s\u00e3o o seu esconderijo digital. Aqui est\u00e1 tudo o que voc\u00ea precisa saber sobre bate-papo no modo an\u00f4nimo - e por que ele \u00e9 t\u00e3o popular.<\/p>\n<h2>O que \u00e9 o bate-papo an\u00f4nimo?<\/h2>\n<p>O bate-papo an\u00f4nimo refere-se a plataformas, aplicativos ou salas de bate-papo on-line que permitem que os usu\u00e1rios conversem com outras pessoas anonimamente. Ao contr\u00e1rio das m\u00eddias sociais ou dos aplicativos de mensagens tradicionais, voc\u00ea n\u00e3o precisa se inscrever com seu nome verdadeiro, usar sua foto ou at\u00e9 mesmo criar um perfil. Voc\u00ea \u00e9 livre para ser qualquer pessoa (ou ningu\u00e9m) e ainda assim manter conversas genu\u00ednas.<\/p>\n<p>O bate-papo on-line an\u00f4nimo tem tudo a ver com isso:<\/p>\n<ul>\n<li>Anonimato: N\u00e3o h\u00e1 necessidade de revelar sua identidade - use um apelido, fique \"inc\u00f3gnito\" ou deixe o aplicativo gerar um nome aleat\u00f3rio para voc\u00ea.<\/li>\n<li>Privacidade: As conversas n\u00e3o est\u00e3o vinculadas \u00e0s suas contas e geralmente n\u00e3o s\u00e3o salvas.<\/li>\n<li>Liberdade: Diga o que est\u00e1 em sua mente sem medo de julgamentos ou consequ\u00eancias.<\/li>\n<\/ul>\n<p>As plataformas podem oferecer bate-papo por texto, voz ou at\u00e9 mesmo por v\u00eddeo, mas sempre com o anonimato como ponto central.<\/p>\n<h2>Por que usar o Incognito Chat Online?<\/h2>\n<p>As pessoas s\u00e3o atra\u00eddas para o bate-papo an\u00f4nimo por todos os tipos de motivos:<\/p>\n<ul>\n<li>Compartilhe livremente: \u00c9 mais f\u00e1cil falar abertamente sobre sentimentos, segredos ou assuntos dif\u00edceis quando se \u00e9 an\u00f4nimo.<\/li>\n<li>Obtenha conselhos honestos: As pessoas tendem a dar um feedback mais genu\u00edno quando n\u00e3o h\u00e1 consequ\u00eancias sociais.<\/li>\n<li>Conhe\u00e7a novas pessoas: Conecte-se com estranhos em todo o mundo - sem press\u00e3o, sem compromisso.<\/li>\n<li>Evite constrangimentos: N\u00e3o tenha medo de encontrar pessoas que voc\u00ea conhece ou de dizer algo constrangedor.<\/li>\n<li>Apoio e ajuda: Excelente para encontrar grupos de apoio, bate-papos sobre sa\u00fade mental ou aconselhamento entre colegas.<\/li>\n<\/ul>\n<blockquote><p>\"Uso aplicativos de bate-papo an\u00f4nimos quando preciso de conselhos sobre coisas que n\u00e3o posso falar com meus amigos. Tive algumas de minhas conversas mais honestas e \u00fateis l\u00e1.\"<\/p><\/blockquote>\n<h2>Tipos populares de bate-papo an\u00f4nimo<\/h2>\n<p>H\u00e1 um mundo inteiro de aplicativos e plataformas de bate-papo an\u00f4nimo para explorar:<\/p>\n<h3>1. Salas de bate-papo an\u00f4nimas e inc\u00f3gnitas<\/h3>\n<p>Essas s\u00e3o salas cl\u00e1ssicas baseadas em texto em que todos s\u00e3o an\u00f4nimos. O Chat Avenue, o Wireclub e o TinyChat oferecem salas p\u00fablicas e privadas nas quais voc\u00ea pode entrar instantaneamente.<\/p>\n<h3>2. Aplicativos de bate-papo an\u00f4nimo<\/h3>\n<p>Aplicativos m\u00f3veis como o Chatous, o Whisper e o Wakie s\u00e3o projetados para bate-papo an\u00f4nimo. Escolha seu apelido e comece a enviar mensagens - sem necessidade de n\u00famero de telefone ou login social.<\/p>\n<h3>3. Chat de v\u00eddeo inc\u00f3gnito individual<\/h3>\n<p>Plataformas como Omegle e Chatroulette permitem que voc\u00ea converse por v\u00eddeo sem se registrar. Sua identidade real nunca \u00e9 mostrada, a menos que voc\u00ea queira.<\/p>\n<h3>4. Chats em grupo an\u00f4nimos<\/h3>\n<p>Participe de salas tem\u00e1ticas ou baseadas em interesses (m\u00fasica, sa\u00fade mental, namoro etc.) e conecte-se com outras pessoas que tamb\u00e9m desejam permanecer inc\u00f3gnitas.<\/p>\n<h2>Bate-papo an\u00f4nimo vs. bate-papo on-line normal<\/h2>\n<table>\n<thead>\n<tr>\n<th>Recurso<\/th>\n<th>Bate-papo inc\u00f3gnito<\/th>\n<th>Aplicativos de bate-papo comuns<\/th>\n<th>M\u00eddia social<\/th>\n<\/tr>\n<\/thead>\n<tbody>\n<tr>\n<td>N\u00e3o \u00e9 necess\u00e1rio nome\/perfil real<\/td>\n<td>\u2705<\/td>\n<td>\u274c<\/td>\n<td>\u274c<\/td>\n<\/tr>\n<tr>\n<td>Login an\u00f4nimo<\/td>\n<td>\u2705<\/td>\n<td>\u274c<\/td>\n<td>\u274c<\/td>\n<\/tr>\n<tr>\n<td>Conversas n\u00e3o salvas<\/td>\n<td>\u2705\/\u274c<\/td>\n<td>\u274c<\/td>\n<td>\u274c<\/td>\n<\/tr>\n<tr>\n<td>Op\u00e7\u00f5es em grupo ou particulares<\/td>\n<td>\u2705<\/td>\n<td>\u2705<\/td>\n<td>\u2705<\/td>\n<\/tr>\n<tr>\n<td>Uso gratuito<\/td>\n<td>\u2705<\/td>\n<td>\u2705<\/td>\n<td>\u2705<\/td>\n<\/tr>\n<tr>\n<td>Possibilidade de correspond\u00eancia aleat\u00f3ria<\/td>\n<td>\u2705<\/td>\n<td>\u274c<\/td>\n<td>\u274c<\/td>\n<\/tr>\n<\/tbody>\n<\/table>\n<p>O bate-papo an\u00f4nimo se destaca por oferecer a voc\u00ea liberdade, flexibilidade e tranquilidade.<\/p>\n<h2>Como o Incognito Chat funciona?<\/h2>\n<p>Come\u00e7ar a usar o bate-papo an\u00f4nimo on-line \u00e9 muito simples:<\/p>\n<ol>\n<li>Escolha uma plataforma ou aplicativo: Decida se voc\u00ea quer um bate-papo por texto, voz ou v\u00eddeo.<\/li>\n<li>Crie um apelido (ou v\u00e1 como \"Convidado\"): A maioria dos sites permite que voc\u00ea entre sem registro.<\/li>\n<li>Escolha uma sala de bate-papo ou inicie um bate-papo individual: Algumas plataformas oferecem salas tem\u00e1ticas para t\u00f3picos espec\u00edficos.<\/li>\n<li>Comece a conversar! Compartilhe o que quiser, ou\u00e7a e conecte-se com pessoas de qualquer lugar.<\/li>\n<li>Saia ou pule a qualquer momento: Se a conversa n\u00e3o for o que voc\u00ea deseja, voc\u00ea pode seguir em frente.<\/li>\n<\/ol>\n<p>A maioria dos aplicativos e sites \u00e9 gratuita - alguns oferecem recursos pagos, como remo\u00e7\u00e3o de an\u00fancios, filtros avan\u00e7ados ou salas VIP.<\/p>\n<h2>Quem usa o Incognito Chat?<\/h2>\n<p>Todos! Os usu\u00e1rios t\u00edpicos incluem:<\/p>\n<ul>\n<li>Adolescentes e jovens adultos em busca de aconselhamento ou apoio de colegas<\/li>\n<li>Pessoas com perguntas sobre relacionamentos, sa\u00fade ou dificuldades pessoais<\/li>\n<li>Solteiros que desejam flertar ou conhecer novas pessoas sem compartilhar informa\u00e7\u00f5es particulares<\/li>\n<li>Profissionais ou estudantes que desejam falar abertamente sobre estresse no trabalho ou na escola<\/li>\n<li>Qualquer pessoa que deseje uma conversa honesta e sem press\u00e3o<\/li>\n<\/ul>\n<p>N\u00e3o h\u00e1 limite de idade para precisar de um pouco de privacidade.<\/p>\n<h2>O bate-papo an\u00f4nimo \u00e9 realmente seguro?<\/h2>\n<p>O bate-papo an\u00f4nimo \u00e9 mais seguro do que a maioria das plataformas sociais, mas sempre use o bom senso:<\/p>\n<ul>\n<li>N\u00e3o compartilhe nomes verdadeiros, endere\u00e7os, n\u00fameros de telefone ou informa\u00e7\u00f5es pessoais.<\/li>\n<li>Tenha cuidado com fotos ou v\u00eddeos: Nunca envie imagens que voc\u00ea n\u00e3o gostaria que fossem p\u00fablicas.<\/li>\n<li>Se o bate-papo for desconfort\u00e1vel, saia imediatamente.<\/li>\n<li>Use plataformas com recursos de modera\u00e7\u00e3o e den\u00fancia.<\/li>\n<li>Lembre-se de que o anonimato tem dois lados: Outros usu\u00e1rios tamb\u00e9m s\u00e3o an\u00f4nimos - confie em seus instintos.<\/li>\n<\/ul>\n<p>Se estiver usando o bate-papo an\u00f4nimo para sa\u00fade mental ou suporte, procure servi\u00e7os com moderadores treinados ou ajudantes verificados.<\/p>\n<h2>Melhores recursos de aplicativos e sites de bate-papo an\u00f4nimo<\/h2>\n<ul>\n<li>N\u00e3o \u00e9 necess\u00e1rio registro: Participe imediatamente, sem precisar de e-mail ou n\u00famero de telefone.<\/li>\n<li>Salas de bate-papo privadas e an\u00f4nimas: Participe de salas de bate-papo gerais ou baseadas em t\u00f3picos para qualquer assunto.<\/li>\n<li>Hist\u00f3ricos tempor\u00e1rios de bate-papo: Muitos aplicativos n\u00e3o salvam as conversas, portanto, suas palavras desaparecem quando voc\u00ea sai.<\/li>\n<li>Controles do usu\u00e1rio: Bloqueie ou denuncie qualquer pessoa que ultrapasse os limites.<\/li>\n<li>Op\u00e7\u00e3o de texto, voz ou v\u00eddeo: Escolha o quanto voc\u00ea deseja compartilhar.<\/li>\n<li>Correspond\u00eancia baseada em interesses: filtre as salas por t\u00f3pico, local ou idade para obter bate-papos mais relevantes.<\/li>\n<\/ul>\n<h2>Dicas para a melhor experi\u00eancia de bate-papo an\u00f4nimo<\/h2>\n<ul>\n<li>Comece com salas gerais: Fique \u00e0 vontade antes de compartilhar mais em bate-papos privados.<\/li>\n<li>Seja educado e respeitoso: O anonimato n\u00e3o \u00e9 uma licen\u00e7a para ser rude - boas vibra\u00e7\u00f5es s\u00e3o muito \u00fateis.<\/li>\n<li>N\u00e3o compartilhe demais: Mesmo que voc\u00ea seja an\u00f4nimo, mantenha alguns limites.<\/li>\n<li>Use tags de interesse: Elas o ajudam a encontrar pessoas com quem voc\u00ea realmente quer conversar.<\/li>\n<li>Fa\u00e7a experi\u00eancias com diferentes plataformas: Cada uma tem sua pr\u00f3pria vibra\u00e7\u00e3o e recursos.<\/li>\n<\/ul>\n<h2>Quando usar o bate-papo an\u00f4nimo<\/h2>\n<ul>\n<li>Quando voc\u00ea precisar de conselhos ou quiser desabafar anonimamente<\/li>\n<li>Para fazer amigos sem compartilhar sua identidade<\/li>\n<li>Para bate-papos privados de paquera ou namoro<\/li>\n<li>Ao explorar t\u00f3picos delicados sobre os quais voc\u00ea n\u00e3o pode falar em outro lugar<\/li>\n<li>Se voc\u00ea n\u00e3o tem experi\u00eancia com o bate-papo on-line e quer experiment\u00e1-lo sem riscos<\/li>\n<\/ul>\n<h2>Recursos do bate-papo inc\u00f3gnito gratuito vs. pago<\/h2>\n<p>A maioria das plataformas de bate-papo an\u00f4nimo \u00e9 de uso gratuito. As atualiza\u00e7\u00f5es pagas podem incluir:<\/p>\n<ul>\n<li>Experi\u00eancia sem an\u00fancios<\/li>\n<li>Filtros de correspond\u00eancia avan\u00e7ados<\/li>\n<li>Salas VIP ou privadas<\/li>\n<li>Emojis ou adesivos personalizados<\/li>\n<\/ul>\n<p>Mas, para a maioria dos usu\u00e1rios, a vers\u00e3o gratuita oferece muita privacidade e flexibilidade.<\/p>\n<p>O bate-papo an\u00f4nimo \u00e9 o melhor espa\u00e7o seguro on-line - onde voc\u00ea pode dizer o que est\u00e1 pensando, fazer as perguntas que n\u00e3o pode fazer em nenhum outro lugar e conhecer pessoas de todo o mundo, tudo isso mantendo-se totalmente an\u00f4nimo. Se voc\u00ea est\u00e1 procurando conselhos, amizade, divers\u00e3o ou apenas uma nova perspectiva, h\u00e1 um aplicativo ou sala de bate-papo an\u00f4nimo esperando por voc\u00ea.<\/p>\n<p>Pronto para experimentar? Entre em uma sala de bate-papo an\u00f4nima hoje \u00e0 noite e descubra a liberdade de uma conex\u00e3o on-line verdadeiramente privada.<\/p>","protected":false},"excerpt":{"rendered":"<p>Have you ever wanted to talk to someone online\u2014ask a question, share a story, or just vent\u2014without revealing who you are? That\u2019s the appeal of incognito chat: complete privacy, total freedom, and real conversations, with no need to show your face or share your name. Whether you\u2019re looking for a safe space to discuss personal [&hellip;]<\/p>\n","protected":false},"author":8,"featured_media":0,"parent":0,"menu_order":0,"comment_status":"closed","ping_status":"closed","template":"","meta":{"footnotes":""},"class_list":["post-12724","page","type-page","status-publish","hentry"],"yoast_head":"<!-- This site is optimized with the Yoast SEO plugin v27.5 - https:\/\/yoast.com\/product\/yoast-seo-wordpress\/ -->\n<title>Incognito Chat with Video Chat on TinyChat.com<\/title>\n<meta name=\"description\" content=\"Enjoying Incognito Chat? Join over 50,000,000 strangers on TinyChat! Turn on your cam and start meeting new people, or find a match.\" \/>\n<meta name=\"robots\" content=\"index, follow, max-snippet:-1, max-image-preview:large, max-video-preview:-1\" \/>\n<link rel=\"canonical\" href=\"https:\/\/tinychat.com\/pt-br\/incognito-chat\/\" \/>\n<meta property=\"og:locale\" content=\"pt_BR\" \/>\n<meta property=\"og:type\" content=\"article\" \/>\n<meta property=\"og:title\" content=\"Incognito Chat with Video Chat on TinyChat.com\" \/>\n<meta property=\"og:description\" content=\"Enjoying Incognito Chat? Join over 50,000,000 strangers on TinyChat! Turn on your cam and start meeting new people, or find a match.\" \/>\n<meta property=\"og:url\" content=\"https:\/\/tinychat.com\/pt-br\/incognito-chat\/\" \/>\n<meta property=\"og:site_name\" content=\"TinyChat\" \/>\n<meta property=\"article:publisher\" content=\"https:\/\/www.facebook.com\/tinychat\" \/>\n<meta property=\"article:modified_time\" content=\"2025-08-07T09:00:11+00:00\" \/>\n<meta property=\"og:image\" content=\"https:\/\/tinychat.com\/wp-content\/uploads\/2020\/04\/Tinychat-logo-1280x284-new-black.png\" \/>\n\t<meta property=\"og:image:width\" content=\"1280\" \/>\n\t<meta property=\"og:image:height\" content=\"284\" \/>\n\t<meta property=\"og:image:type\" content=\"image\/png\" \/>\n<meta name=\"twitter:card\" content=\"summary_large_image\" \/>\n<meta name=\"twitter:site\" content=\"@tinychat\" \/>\n<meta name=\"twitter:label1\" content=\"Est. tempo de leitura\" \/>\n\t<meta name=\"twitter:data1\" content=\"5 minutos\" \/>\n<script type=\"application\/ld+json\" class=\"yoast-schema-graph\">{\"@context\":\"https:\\\/\\\/schema.org\",\"@graph\":[{\"@type\":\"WebPage\",\"@id\":\"https:\\\/\\\/tinychat.com\\\/incognito-chat\\\/\",\"url\":\"https:\\\/\\\/tinychat.com\\\/incognito-chat\\\/\",\"name\":\"Incognito Chat with Video Chat on TinyChat.com\",\"isPartOf\":{\"@id\":\"https:\\\/\\\/tinychat.com\\\/#website\"},\"datePublished\":\"2025-08-07T08:14:49+00:00\",\"dateModified\":\"2025-08-07T09:00:11+00:00\",\"description\":\"Enjoying Incognito Chat? Join over 50,000,000 strangers on TinyChat! Turn on your cam and start meeting new people, or find a match.\",\"breadcrumb\":{\"@id\":\"https:\\\/\\\/tinychat.com\\\/incognito-chat\\\/#breadcrumb\"},\"inLanguage\":\"pt-BR\",\"potentialAction\":[{\"@type\":\"ReadAction\",\"target\":[\"https:\\\/\\\/tinychat.com\\\/incognito-chat\\\/\"]}]},{\"@type\":\"BreadcrumbList\",\"@id\":\"https:\\\/\\\/tinychat.com\\\/incognito-chat\\\/#breadcrumb\",\"itemListElement\":[{\"@type\":\"ListItem\",\"position\":1,\"name\":\"Home\",\"item\":\"https:\\\/\\\/tinychat.com\\\/\"},{\"@type\":\"ListItem\",\"position\":2,\"name\":\"Incognito Chat\"}]},{\"@type\":\"WebSite\",\"@id\":\"https:\\\/\\\/tinychat.com\\\/#website\",\"url\":\"https:\\\/\\\/tinychat.com\\\/\",\"name\":\"TinyChat\",\"description\":\"Random Video Chat with Strangers\",\"publisher\":{\"@id\":\"https:\\\/\\\/tinychat.com\\\/#organization\"},\"alternateName\":\"TinyChat.com\",\"potentialAction\":[{\"@type\":\"SearchAction\",\"target\":{\"@type\":\"EntryPoint\",\"urlTemplate\":\"https:\\\/\\\/tinychat.com\\\/?s={search_term_string}\"},\"query-input\":{\"@type\":\"PropertyValueSpecification\",\"valueRequired\":true,\"valueName\":\"search_term_string\"}}],\"inLanguage\":\"pt-BR\"},{\"@type\":\"Organization\",\"@id\":\"https:\\\/\\\/tinychat.com\\\/#organization\",\"name\":\"TinyChat\",\"alternateName\":\"TinyChat.com\",\"url\":\"https:\\\/\\\/tinychat.com\\\/\",\"logo\":{\"@type\":\"ImageObject\",\"inLanguage\":\"pt-BR\",\"@id\":\"https:\\\/\\\/tinychat.com\\\/#\\\/schema\\\/logo\\\/image\\\/\",\"url\":\"https:\\\/\\\/tinychat.com\\\/wp-content\\\/uploads\\\/2023\\\/11\\\/Tinychat-icon-square.png\",\"contentUrl\":\"https:\\\/\\\/tinychat.com\\\/wp-content\\\/uploads\\\/2023\\\/11\\\/Tinychat-icon-square.png\",\"width\":284,\"height\":284,\"caption\":\"TinyChat\"},\"image\":{\"@id\":\"https:\\\/\\\/tinychat.com\\\/#\\\/schema\\\/logo\\\/image\\\/\"},\"sameAs\":[\"https:\\\/\\\/www.facebook.com\\\/tinychat\",\"https:\\\/\\\/x.com\\\/tinychat\"]}]}<\/script>\n<!-- \/ Yoast SEO plugin. -->","yoast_head_json":{"title":"Bate-papo an\u00f4nimo com bate-papo por v\u00eddeo no TinyChat.com","description":"Est\u00e1 gostando do bate-papo an\u00f4nimo? Junte-se a mais de 50.000.000 de estranhos no TinyChat! Ligue sua c\u00e2mera e comece a conhecer novas pessoas ou encontre um par.","robots":{"index":"index","follow":"follow","max-snippet":"max-snippet:-1","max-image-preview":"max-image-preview:large","max-video-preview":"max-video-preview:-1"},"canonical":"https:\/\/tinychat.com\/pt-br\/incognito-chat\/","og_locale":"pt_BR","og_type":"article","og_title":"Incognito Chat with Video Chat on TinyChat.com","og_description":"Enjoying Incognito Chat? Join over 50,000,000 strangers on TinyChat! Turn on your cam and start meeting new people, or find a match.","og_url":"https:\/\/tinychat.com\/pt-br\/incognito-chat\/","og_site_name":"TinyChat","article_publisher":"https:\/\/www.facebook.com\/tinychat","article_modified_time":"2025-08-07T09:00:11+00:00","og_image":[{"width":1280,"height":284,"url":"https:\/\/tinychat.com\/wp-content\/uploads\/2020\/04\/Tinychat-logo-1280x284-new-black.png","type":"image\/png"}],"twitter_card":"summary_large_image","twitter_site":"@tinychat","twitter_misc":{"Est. tempo de leitura":"5 minutos"},"schema":{"@context":"https:\/\/schema.org","@graph":[{"@type":"WebPage","@id":"https:\/\/tinychat.com\/incognito-chat\/","url":"https:\/\/tinychat.com\/incognito-chat\/","name":"Bate-papo an\u00f4nimo com bate-papo por v\u00eddeo no TinyChat.com","isPartOf":{"@id":"https:\/\/tinychat.com\/#website"},"datePublished":"2025-08-07T08:14:49+00:00","dateModified":"2025-08-07T09:00:11+00:00","description":"Est\u00e1 gostando do bate-papo an\u00f4nimo? Junte-se a mais de 50.000.000 de estranhos no TinyChat! Ligue sua c\u00e2mera e comece a conhecer novas pessoas ou encontre um par.","breadcrumb":{"@id":"https:\/\/tinychat.com\/incognito-chat\/#breadcrumb"},"inLanguage":"pt-BR","potentialAction":[{"@type":"ReadAction","target":["https:\/\/tinychat.com\/incognito-chat\/"]}]},{"@type":"BreadcrumbList","@id":"https:\/\/tinychat.com\/incognito-chat\/#breadcrumb","itemListElement":[{"@type":"ListItem","position":1,"name":"Home","item":"https:\/\/tinychat.com\/"},{"@type":"ListItem","position":2,"name":"Incognito Chat"}]},{"@type":"WebSite","@id":"https:\/\/tinychat.com\/#website","url":"https:\/\/tinychat.com\/","name":"TinyChat","description":"Bate-papo por v\u00eddeo aleat\u00f3rio com estranhos","publisher":{"@id":"https:\/\/tinychat.com\/#organization"},"alternateName":"TinyChat.com","potentialAction":[{"@type":"SearchAction","target":{"@type":"EntryPoint","urlTemplate":"https:\/\/tinychat.com\/?s={search_term_string}"},"query-input":{"@type":"PropertyValueSpecification","valueRequired":true,"valueName":"search_term_string"}}],"inLanguage":"pt-BR"},{"@type":"Organization","@id":"https:\/\/tinychat.com\/#organization","name":"TinyChat","alternateName":"TinyChat.com","url":"https:\/\/tinychat.com\/","logo":{"@type":"ImageObject","inLanguage":"pt-BR","@id":"https:\/\/tinychat.com\/#\/schema\/logo\/image\/","url":"https:\/\/tinychat.com\/wp-content\/uploads\/2023\/11\/Tinychat-icon-square.png","contentUrl":"https:\/\/tinychat.com\/wp-content\/uploads\/2023\/11\/Tinychat-icon-square.png","width":284,"height":284,"caption":"TinyChat"},"image":{"@id":"https:\/\/tinychat.com\/#\/schema\/logo\/image\/"},"sameAs":["https:\/\/www.facebook.com\/tinychat","https:\/\/x.com\/tinychat"]}]}},"_links":{"self":[{"href":"https:\/\/tinychat.com\/pt-br\/wp-json\/wp\/v2\/pages\/12724","targetHints":{"allow":["GET"]}}],"collection":[{"href":"https:\/\/tinychat.com\/pt-br\/wp-json\/wp\/v2\/pages"}],"about":[{"href":"https:\/\/tinychat.com\/pt-br\/wp-json\/wp\/v2\/types\/page"}],"author":[{"embeddable":true,"href":"https:\/\/tinychat.com\/pt-br\/wp-json\/wp\/v2\/users\/8"}],"replies":[{"embeddable":true,"href":"https:\/\/tinychat.com\/pt-br\/wp-json\/wp\/v2\/comments?post=12724"}],"version-history":[{"count":2,"href":"https:\/\/tinychat.com\/pt-br\/wp-json\/wp\/v2\/pages\/12724\/revisions"}],"predecessor-version":[{"id":13418,"href":"https:\/\/tinychat.com\/pt-br\/wp-json\/wp\/v2\/pages\/12724\/revisions\/13418"}],"wp:attachment":[{"href":"https:\/\/tinychat.com\/pt-br\/wp-json\/wp\/v2\/media?parent=12724"}],"curies":[{"name":"wp","href":"https:\/\/api.w.org\/{rel}","templated":true}]}}