{"id":12732,"date":"2025-03-12T09:40:59","date_gmt":"2025-03-12T07:40:59","guid":{"rendered":"https:\/\/tinychat.com\/?page_id=12732"},"modified":"2025-07-16T15:01:20","modified_gmt":"2025-07-16T13:01:20","slug":"live-chat-online","status":"publish","type":"page","link":"https:\/\/tinychat.com\/pt-br\/live-chat-online\/","title":{"rendered":"Chat ao vivo on-line"},"content":{"rendered":"<p>Lembra-se de quando conversar on-line significava enviar mensagens e aguardar respostas? Esses dias acabaram. Agora, com as plataformas on-line de bate-papo ao vivo, voc\u00ea pode se conectar instantaneamente - por texto, voz ou v\u00eddeo - compartilhando risadas, conselhos e at\u00e9 mesmo momentos de mudan\u00e7a de vida com pessoas do mundo todo em tempo real. Se voc\u00ea deseja uma conversa espont\u00e2nea, quer conhecer novos amigos ou quer uma resposta r\u00e1pida para uma pergunta urgente, as salas e os aplicativos de bate-papo ao vivo tornam tudo isso poss\u00edvel com um \u00fanico clique.<\/p>\n<p>Vamos mergulhar no mundo do bate-papo ao vivo on-line - o que \u00e9, onde encontrar as melhores experi\u00eancias, como se manter seguro e por que mais pessoas do que nunca est\u00e3o adorando essa nova maneira de se conectar.<\/p>\n<h2>O que \u00e9 o Live Chat Online?<\/h2>\n<p>O bate-papo ao vivo on-line \u00e9 qualquer conversa em tempo real pela Internet. Diferentemente dos e-mails tradicionais ou dos f\u00f3runs lentos, o bate-papo ao vivo permite que voc\u00ea troque mensagens - ou at\u00e9 mesmo v\u00eddeo e \u00e1udio - com algu\u00e9m instantaneamente. Isso pode significar:<\/p>\n<ul>\n<li>Salas de bate-papo por texto: Antigas, mas ainda incr\u00edveis. Entre em um grupo ou em uma conversa particular e fale sobre qualquer assunto.<\/li>\n<li>Bate-papo por v\u00eddeo ao vivo on-line: D\u00ea um passo \u00e0 frente com as conversas cara a cara. Tudo o que voc\u00ea precisa \u00e9 de uma webcam e um pouco de coragem!<\/li>\n<li>Bate-papo por voz: Prefere conversar, mas n\u00e3o est\u00e1 pronto para o v\u00eddeo? O bate-papo por voz preenche essa lacuna.<\/li>\n<li>Bate-papo aleat\u00f3rio ao vivo com estranhos: Fa\u00e7a par com algu\u00e9m totalmente novo para ter sempre uma conversa nova.<\/li>\n<\/ul>\n<p>Seja para um bate-papo r\u00e1pido com amigos ou para conhecer algu\u00e9m novo do outro lado do mundo, o bate-papo ao vivo on-line oferece tudo isso.<\/p>\n<h2>Por que o Live Chat Online \u00e9 t\u00e3o popular?<\/h2>\n<p>H\u00e1 v\u00e1rios motivos pelos quais o bate-papo ao vivo on-line est\u00e1 crescendo:<\/p>\n<ul>\n<li>Gratifica\u00e7\u00e3o instant\u00e2nea: N\u00e3o \u00e9 preciso esperar por respostas. A conversa acontece agora.<\/li>\n<li>Conhe\u00e7a novas pessoas: Conecte-se com estranhos de qualquer lugar - cada bate-papo \u00e9 uma surpresa.<\/li>\n<li>Fique perto de amigos e familiares: Especialmente se voc\u00eas estiverem longe um do outro, o bate-papo ao vivo pode diminuir a dist\u00e2ncia.<\/li>\n<li>Aprenda e compartilhe: Bate-papos em grupo, salas de aconselhamento e grupos de suporte est\u00e3o a apenas um clique de dist\u00e2ncia.<\/li>\n<li>Divers\u00e3o e jogos: Muitas salas de bate-papo incluem jogos, question\u00e1rios ou eventos ao vivo.<\/li>\n<\/ul>\n<p>Al\u00e9m disso, voc\u00ea pode conversar como voc\u00ea mesmo, usar um apelido ou permanecer completamente an\u00f4nimo - a escolha \u00e9 sua.<\/p>\n<h2>Tipos de salas e plataformas de bate-papo ao vivo<\/h2>\n<p>A beleza do bate-papo ao vivo on-line \u00e9 que h\u00e1 algo para todos. Aqui est\u00e3o algumas das op\u00e7\u00f5es mais populares:<\/p>\n<h3>1. Salas on-line de bate-papo ao vivo gratuitas<\/h3>\n<p>Quer apenas conversar? H\u00e1 milhares de salas de bate-papo p\u00fablicas em plataformas como Chat Avenue, Wireclub e Paltalk. Voc\u00ea pode participar de salas gerais ou dedicadas a hobbies, locais ou interesses.<\/p>\n<h3>2. Bate-papo aleat\u00f3rio ao vivo com estranhos<\/h3>\n<p>Sites como Omegle, Chatroulette e Chatspin facilitam o encontro com uma nova pessoa a cada clique. \u00c9 perfeito para quem gosta de surpresas e espontaneidade.<\/p>\n<h3>3. Chat de v\u00eddeo ao vivo on-line<\/h3>\n<p>As plataformas de bate-papo face a face, como Camsurf, Bazoocam ou at\u00e9 mesmo o v\u00eddeo do WhatsApp, permitem que voc\u00ea compartilhe sorrisos, hist\u00f3rias e rea\u00e7\u00f5es reais com pessoas do mundo todo.<\/p>\n<h3>4. Chat privado ao vivo<\/h3>\n<p>Deseja um espa\u00e7o mais tranquilo? A maioria das plataformas permite que voc\u00ea crie ou participe de bate-papos privados - individuais ou com um grupo seleto de amigos.<\/p>\n<h3>5. Chats de suporte e aconselhamento<\/h3>\n<p>Precisa de algu\u00e9m para conversar? Plataformas como a 7 Cups e a BlahTherapy oferecem bate-papo an\u00f4nimo ao vivo com volunt\u00e1rios ou ouvintes treinados para apoio e aconselhamento.<\/p>\n<h3>6. Business Live Chat<\/h3>\n<p>Muitas empresas usam o bate-papo ao vivo para suporte ao cliente, mas esses bate-papos geralmente s\u00e3o mais formais e focados na solu\u00e7\u00e3o de problemas.<\/p>\n<h2>Live Chat Online vs. Outras formas de conex\u00e3o<\/h2>\n<table>\n<thead>\n<tr>\n<th>Recurso<\/th>\n<th>Chat ao vivo on-line<\/th>\n<th>M\u00eddia social<\/th>\n<th>E-mail<\/th>\n<th>F\u00f3runs\/Threads<\/th>\n<th>Reuni\u00f5es em v\u00eddeo<\/th>\n<\/tr>\n<\/thead>\n<tbody>\n<tr>\n<td>Conversa em tempo real<\/td>\n<td>\u2705<\/td>\n<td>\u2705<\/td>\n<td>\u274c<\/td>\n<td>\u274c<\/td>\n<td>\u2705<\/td>\n<\/tr>\n<tr>\n<td>Texto, voz e v\u00eddeo<\/td>\n<td>\u2705<\/td>\n<td>\u2705<\/td>\n<td>\u274c<\/td>\n<td>\u274c<\/td>\n<td>\u2705<\/td>\n<\/tr>\n<tr>\n<td>Op\u00e7\u00e3o an\u00f4nima<\/td>\n<td>\u2705<\/td>\n<td>\u274c<\/td>\n<td>\u2705\/\u274c<\/td>\n<td>\u2705<\/td>\n<td>\u274c<\/td>\n<\/tr>\n<tr>\n<td>Correspond\u00eancia aleat\u00f3ria<\/td>\n<td>\u2705<\/td>\n<td>\u274c<\/td>\n<td>\u274c<\/td>\n<td>\u274c<\/td>\n<td>\u274c<\/td>\n<\/tr>\n<tr>\n<td>Uso gratuito<\/td>\n<td>\u2705<\/td>\n<td>\u2705<\/td>\n<td>\u2705<\/td>\n<td>\u2705<\/td>\n<td>\u2705\/\u274c<\/td>\n<\/tr>\n<tr>\n<td>Op\u00e7\u00f5es em grupo ou particulares<\/td>\n<td>\u2705<\/td>\n<td>\u2705<\/td>\n<td>\u2705<\/td>\n<td>\u2705<\/td>\n<td>\u2705<\/td>\n<\/tr>\n<\/tbody>\n<\/table>\n<p>O chat ao vivo on-line se destaca por sua velocidade, versatilidade e alcance global.<\/p>\n<h2>Como come\u00e7ar a usar o Live Chat Online<\/h2>\n<p>N\u00e3o \u00e9 necess\u00e1rio ter conhecimentos t\u00e9cnicos! Aqui est\u00e1 um r\u00e1pido passo a passo:<\/p>\n<ol>\n<li>Escolha sua plataforma: Decida se deseja participar de um bate-papo em grupo, de um bate-papo por v\u00eddeo ou de um bate-papo aleat\u00f3rio ao vivo com estranhos.<\/li>\n<li>Defina seu apelido ou registre-se (se necess\u00e1rio): Muitas plataformas permitem que voc\u00ea entre imediatamente; outras podem solicitar um r\u00e1pido registro.<\/li>\n<li>Escolha sua sala ou clique em \"Start\" (Iniciar): Entre em uma sala tem\u00e1tica, pesquise seus interesses ou clique em \"next\" para conhecer algu\u00e9m novo.<\/li>\n<li>Comece a conversar: Diga ol\u00e1! Fale sobre voc\u00ea, fa\u00e7a perguntas e siga o fluxo.<\/li>\n<li>Saia ou pule a qualquer momento: Se a conversa n\u00e3o for do seu agrado, n\u00e3o h\u00e1 problema algum em seguir em frente.<\/li>\n<\/ol>\n<p>A maioria das plataformas oferece op\u00e7\u00f5es gratuitas e pagas - comece com o chat ao vivo on-line gratuito e fa\u00e7a um upgrade se quiser recursos adicionais.<\/p>\n<h2>Melhores plataformas gratuitas de chat ao vivo on-line<\/h2>\n<p>Aqui est\u00e3o algumas das op\u00e7\u00f5es mais populares e confi\u00e1veis:<\/p>\n<ul>\n<li>Omegle: O bate-papo ao vivo aleat\u00f3rio com estranhos - sem registro, basta clicar e conversar (texto ou v\u00eddeo).<\/li>\n<li>Chat Avenue: Dezenas de salas de bate-papo tem\u00e1ticas, incluindo salas gerais, para solteiros e para adolescentes.<\/li>\n<li>Chatspin: Bate-papo por v\u00eddeo aleat\u00f3rio com filtros para interesses, pa\u00eds e muito mais.<\/li>\n<li>Camsurf: Bate-papo por v\u00eddeo ao vivo on-line, seguro e simples, dispon\u00edvel em todo o mundo.<\/li>\n<li>Discord: Crie ou participe de servidores sobre qualquer assunto, com recursos de bate-papo por voz, texto e v\u00eddeo.<\/li>\n<li>Wireclub: Salas de bate-papo cl\u00e1ssicas e mensagens diretas privadas, al\u00e9m de jogos e testes divertidos.<\/li>\n<li>7 Copas: Para obter apoio, sa\u00fade mental e conselhos, converse anonimamente com os ouvintes.<\/li>\n<\/ul>\n<p>Experimente algumas para ver qual se adapta ao seu estilo - h\u00e1 uma sala de bate-papo ao vivo para cada humor e personalidade.<\/p>\n<h2>O Live Chat Online \u00e9 seguro?<\/h2>\n<p>Na maioria das vezes, sim - mas, como em qualquer coisa on-line, \u00e9 inteligente usar o bom senso:<\/p>\n<ul>\n<li>Nunca compartilhe seu nome completo, endere\u00e7o, n\u00famero de telefone ou outros detalhes pessoais.<\/li>\n<li>Use um apelido ou nome de usu\u00e1rio an\u00f4nimo.<\/li>\n<li>Se estiver usando v\u00eddeo, mantenha seu plano de fundo neutro para proteger sua privacidade.<\/li>\n<li>Encerre qualquer conversa que pare\u00e7a inc\u00f4moda.<\/li>\n<li>Denunciar e bloquear qualquer pessoa que esteja violando as regras ou sendo inadequada.<\/li>\n<li>Se voc\u00ea tiver menos de 18 anos, use somente salas de bate-papo para adolescentes ou apropriadas para sua idade.<\/li>\n<\/ul>\n<p>A maioria das grandes plataformas tem moderadores ativos, recursos de den\u00fancia e ferramentas de seguran\u00e7a para ajudar a proteger os usu\u00e1rios.<\/p>\n<h2>Quem usa o Live Chat Online?<\/h2>\n<p>Todos! Voc\u00ea encontrar\u00e1:<\/p>\n<ul>\n<li>Adolescentes e estudantes em busca de novos amigos ou ajuda com a li\u00e7\u00e3o de casa<\/li>\n<li>Solteiros interessados em flertar ou namorar on-line<\/li>\n<li>Not\u00edvagos e madrugadores que querem companhia a qualquer hora<\/li>\n<li>Viajantes e expatriados que se conectam al\u00e9m das fronteiras<\/li>\n<li>Pessoas que buscam aconselhamento, apoio ou apenas uma nova conversa<\/li>\n<li>Empresas que fornecem atendimento ao cliente e ajuda em tempo real<\/li>\n<\/ul>\n<p>H\u00e1 realmente um espa\u00e7o para todas as idades, interesses e origens.<\/p>\n<h2>Bate-papo por v\u00eddeo ao vivo on-line: Por que \u00e9 t\u00e3o popular<\/h2>\n<p>Se voc\u00ea deseja uma conex\u00e3o mais profunda e aut\u00eantica, o bate-papo por v\u00eddeo ao vivo on-line \u00e9 o pr\u00f3ximo passo. \u00c9 \u00f3timo para:<\/p>\n<ul>\n<li>Ver rea\u00e7\u00f5es, sorrisos e gargalhadas reais<\/li>\n<li>Praticar um novo idioma com falantes nativos<\/li>\n<li>Encontros virtuais ou encontros \u00e0 dist\u00e2ncia<\/li>\n<li>Participar de eventos de grupo, concertos ou sess\u00f5es de perguntas e respostas ao vivo<\/li>\n<\/ul>\n<p>Muitas plataformas permitem alternar entre texto e v\u00eddeo, para que voc\u00ea tenha sempre o controle do seu n\u00edvel de conforto.<\/p>\n<h2>Dicas para a melhor experi\u00eancia on-line de chat ao vivo<\/h2>\n<ul>\n<li>Seja amig\u00e1vel e respeitoso: A gentileza \u00e9 muito \u00fatil on-line.<\/li>\n<li>Fa\u00e7a perguntas abertas: \"O que voc\u00ea mais gosta em sua cidade?\" \u00e9 uma \u00f3tima maneira de come\u00e7ar.<\/li>\n<li>Experimente salas e hor\u00e1rios diferentes: Pessoas de todo o mundo est\u00e3o on-line em hor\u00e1rios diferentes.<\/li>\n<li>Mantenha suas expectativas abertas: Alguns bate-papos ser\u00e3o incr\u00edveis, outros ser\u00e3o curtos ou bobos. Aproveite a imprevisibilidade!<\/li>\n<li>Use filtros de interesse: Muitas plataformas permitem que voc\u00ea encontre pessoas que compartilham seus hobbies, gosto musical ou idioma.<\/li>\n<\/ul>\n<h2>Quando usar o Live Chat Online<\/h2>\n<ul>\n<li>Quando estiver se sentindo solit\u00e1rio ou entediado<\/li>\n<li>Para fazer amigos al\u00e9m de seu c\u00edrculo atual<\/li>\n<li>Para obter orienta\u00e7\u00e3o, ajuda nos estudos ou suporte<\/li>\n<li>Para praticar novas habilidades (lingu\u00edsticas, sociais ou apenas de conversa\u00e7\u00e3o)<\/li>\n<li>Quando voc\u00ea quer rir, contar uma hist\u00f3ria ou algo totalmente inesperado<\/li>\n<\/ul>\n<p>Nunca se sabe - voc\u00ea pode encontrar seu pr\u00f3ximo melhor amigo, mentor ou companheiro de bate-papo favorito do outro lado do mundo.<\/p>\n<h2>Recursos gratuitos e pagos no Live Chat Online<\/h2>\n<p>A maioria dos sites e aplicativos oferece uma experi\u00eancia robusta e gratuita de bate-papo ao vivo on-line, mas as atualiza\u00e7\u00f5es pagas podem incluir:<\/p>\n<ul>\n<li>Filtros avan\u00e7ados (g\u00eanero, idade, local, interesses)<\/li>\n<li>Correspond\u00eancia\/skipping priorit\u00e1rio ou ilimitado<\/li>\n<li>Navega\u00e7\u00e3o sem an\u00fancios<\/li>\n<li>Salas privativas ou \"VIP<\/li>\n<li>Emojis personalizados, adesivos ou jogos no bate-papo<\/li>\n<\/ul>\n<p>Para a maioria dos usu\u00e1rios, a vers\u00e3o gratuita \u00e9 mais do que suficiente para conversas significativas e divertidas.<\/p>\n<p>O bate-papo ao vivo on-line revolucionou a forma como nos conectamos. \u00c9 r\u00e1pido, espont\u00e2neo e cheio de surpresas - quer voc\u00ea esteja conversando com velhos amigos ou conhecendo algu\u00e9m totalmente novo. E o melhor de tudo? Ele est\u00e1 dispon\u00edvel a qualquer hora, em qualquer lugar e, geralmente, \u00e9 gratuito.<\/p>\n<p>Ent\u00e3o, por que n\u00e3o experimentar? Entre em uma sala de bate-papo ao vivo, experimente um bate-papo por v\u00eddeo ao vivo aleat\u00f3rio ou inicie seu pr\u00f3prio grupo hoje mesmo. Sua pr\u00f3xima grande hist\u00f3ria, amigo ou risada pode estar a apenas um clique de dist\u00e2ncia.<\/p>","protected":false},"excerpt":{"rendered":"<p>Remember when chatting online meant sending messages and waiting for replies? Those days are gone. Now, with live chat online platforms, you can connect instantly\u2014by text, voice, or video\u2014sharing laughs, advice, and even life-changing moments with people around the world in real time. Whether you\u2019re craving spontaneous conversation, looking to meet new friends, or want [&hellip;]<\/p>\n","protected":false},"author":8,"featured_media":0,"parent":0,"menu_order":0,"comment_status":"closed","ping_status":"closed","template":"","meta":{"footnotes":""},"class_list":["post-12732","page","type-page","status-publish","hentry"],"yoast_head":"<!-- This site is optimized with the Yoast SEO plugin v27.4 - https:\/\/yoast.com\/product\/yoast-seo-wordpress\/ -->\n<title>Live Chat Online with Video Chat on TinyChat.com<\/title>\n<meta name=\"description\" content=\"Enjoying Live Chat Online? Join over 50,000,000 strangers on TinyChat! Turn on your cam and start meeting new people, or find a match.\" \/>\n<meta name=\"robots\" content=\"index, follow, max-snippet:-1, max-image-preview:large, max-video-preview:-1\" \/>\n<link rel=\"canonical\" href=\"https:\/\/tinychat.com\/pt-br\/live-chat-online\/\" \/>\n<meta property=\"og:locale\" content=\"pt_BR\" \/>\n<meta property=\"og:type\" content=\"article\" \/>\n<meta property=\"og:title\" content=\"Live Chat Online with Video Chat on TinyChat.com\" \/>\n<meta property=\"og:description\" content=\"Enjoying Live Chat Online? Join over 50,000,000 strangers on TinyChat! Turn on your cam and start meeting new people, or find a match.\" \/>\n<meta property=\"og:url\" content=\"https:\/\/tinychat.com\/pt-br\/live-chat-online\/\" \/>\n<meta property=\"og:site_name\" content=\"TinyChat\" \/>\n<meta property=\"article:publisher\" content=\"https:\/\/www.facebook.com\/tinychat\" \/>\n<meta property=\"article:modified_time\" content=\"2025-07-16T13:01:20+00:00\" \/>\n<meta property=\"og:image\" content=\"https:\/\/tinychat.com\/wp-content\/uploads\/2020\/04\/Tinychat-logo-1280x284-new-black.png\" \/>\n\t<meta property=\"og:image:width\" content=\"1280\" \/>\n\t<meta property=\"og:image:height\" content=\"284\" \/>\n\t<meta property=\"og:image:type\" content=\"image\/png\" \/>\n<meta name=\"twitter:card\" content=\"summary_large_image\" \/>\n<meta name=\"twitter:site\" content=\"@tinychat\" \/>\n<meta name=\"twitter:label1\" content=\"Est. tempo de leitura\" \/>\n\t<meta name=\"twitter:data1\" content=\"7 minutos\" \/>\n<script type=\"application\/ld+json\" class=\"yoast-schema-graph\">{\"@context\":\"https:\\\/\\\/schema.org\",\"@graph\":[{\"@type\":\"WebPage\",\"@id\":\"https:\\\/\\\/tinychat.com\\\/live-chat-online\\\/\",\"url\":\"https:\\\/\\\/tinychat.com\\\/live-chat-online\\\/\",\"name\":\"Live Chat Online with Video Chat on TinyChat.com\",\"isPartOf\":{\"@id\":\"https:\\\/\\\/tinychat.com\\\/#website\"},\"datePublished\":\"2025-03-12T07:40:59+00:00\",\"dateModified\":\"2025-07-16T13:01:20+00:00\",\"description\":\"Enjoying Live Chat Online? Join over 50,000,000 strangers on TinyChat! Turn on your cam and start meeting new people, or find a match.\",\"breadcrumb\":{\"@id\":\"https:\\\/\\\/tinychat.com\\\/live-chat-online\\\/#breadcrumb\"},\"inLanguage\":\"pt-BR\",\"potentialAction\":[{\"@type\":\"ReadAction\",\"target\":[\"https:\\\/\\\/tinychat.com\\\/live-chat-online\\\/\"]}]},{\"@type\":\"BreadcrumbList\",\"@id\":\"https:\\\/\\\/tinychat.com\\\/live-chat-online\\\/#breadcrumb\",\"itemListElement\":[{\"@type\":\"ListItem\",\"position\":1,\"name\":\"Home\",\"item\":\"https:\\\/\\\/tinychat.com\\\/\"},{\"@type\":\"ListItem\",\"position\":2,\"name\":\"Live Chat Online\"}]},{\"@type\":\"WebSite\",\"@id\":\"https:\\\/\\\/tinychat.com\\\/#website\",\"url\":\"https:\\\/\\\/tinychat.com\\\/\",\"name\":\"TinyChat\",\"description\":\"Random Video Chat with Strangers\",\"publisher\":{\"@id\":\"https:\\\/\\\/tinychat.com\\\/#organization\"},\"alternateName\":\"TinyChat.com\",\"potentialAction\":[{\"@type\":\"SearchAction\",\"target\":{\"@type\":\"EntryPoint\",\"urlTemplate\":\"https:\\\/\\\/tinychat.com\\\/?s={search_term_string}\"},\"query-input\":{\"@type\":\"PropertyValueSpecification\",\"valueRequired\":true,\"valueName\":\"search_term_string\"}}],\"inLanguage\":\"pt-BR\"},{\"@type\":\"Organization\",\"@id\":\"https:\\\/\\\/tinychat.com\\\/#organization\",\"name\":\"TinyChat\",\"alternateName\":\"TinyChat.com\",\"url\":\"https:\\\/\\\/tinychat.com\\\/\",\"logo\":{\"@type\":\"ImageObject\",\"inLanguage\":\"pt-BR\",\"@id\":\"https:\\\/\\\/tinychat.com\\\/#\\\/schema\\\/logo\\\/image\\\/\",\"url\":\"https:\\\/\\\/tinychat.com\\\/wp-content\\\/uploads\\\/2023\\\/11\\\/Tinychat-icon-square.png\",\"contentUrl\":\"https:\\\/\\\/tinychat.com\\\/wp-content\\\/uploads\\\/2023\\\/11\\\/Tinychat-icon-square.png\",\"width\":284,\"height\":284,\"caption\":\"TinyChat\"},\"image\":{\"@id\":\"https:\\\/\\\/tinychat.com\\\/#\\\/schema\\\/logo\\\/image\\\/\"},\"sameAs\":[\"https:\\\/\\\/www.facebook.com\\\/tinychat\",\"https:\\\/\\\/x.com\\\/tinychat\"]}]}<\/script>\n<!-- \/ Yoast SEO plugin. -->","yoast_head_json":{"title":"Bate-papo ao vivo on-line com bate-papo por v\u00eddeo no TinyChat.com","description":"Est\u00e1 gostando do bate-papo ao vivo on-line? Junte-se a mais de 50.000.000 de estranhos no TinyChat! Ligue sua c\u00e2mera e comece a conhecer novas pessoas ou encontre um par.","robots":{"index":"index","follow":"follow","max-snippet":"max-snippet:-1","max-image-preview":"max-image-preview:large","max-video-preview":"max-video-preview:-1"},"canonical":"https:\/\/tinychat.com\/pt-br\/live-chat-online\/","og_locale":"pt_BR","og_type":"article","og_title":"Live Chat Online with Video Chat on TinyChat.com","og_description":"Enjoying Live Chat Online? Join over 50,000,000 strangers on TinyChat! Turn on your cam and start meeting new people, or find a match.","og_url":"https:\/\/tinychat.com\/pt-br\/live-chat-online\/","og_site_name":"TinyChat","article_publisher":"https:\/\/www.facebook.com\/tinychat","article_modified_time":"2025-07-16T13:01:20+00:00","og_image":[{"width":1280,"height":284,"url":"https:\/\/tinychat.com\/wp-content\/uploads\/2020\/04\/Tinychat-logo-1280x284-new-black.png","type":"image\/png"}],"twitter_card":"summary_large_image","twitter_site":"@tinychat","twitter_misc":{"Est. tempo de leitura":"7 minutos"},"schema":{"@context":"https:\/\/schema.org","@graph":[{"@type":"WebPage","@id":"https:\/\/tinychat.com\/live-chat-online\/","url":"https:\/\/tinychat.com\/live-chat-online\/","name":"Bate-papo ao vivo on-line com bate-papo por v\u00eddeo no TinyChat.com","isPartOf":{"@id":"https:\/\/tinychat.com\/#website"},"datePublished":"2025-03-12T07:40:59+00:00","dateModified":"2025-07-16T13:01:20+00:00","description":"Est\u00e1 gostando do bate-papo ao vivo on-line? Junte-se a mais de 50.000.000 de estranhos no TinyChat! Ligue sua c\u00e2mera e comece a conhecer novas pessoas ou encontre um par.","breadcrumb":{"@id":"https:\/\/tinychat.com\/live-chat-online\/#breadcrumb"},"inLanguage":"pt-BR","potentialAction":[{"@type":"ReadAction","target":["https:\/\/tinychat.com\/live-chat-online\/"]}]},{"@type":"BreadcrumbList","@id":"https:\/\/tinychat.com\/live-chat-online\/#breadcrumb","itemListElement":[{"@type":"ListItem","position":1,"name":"Home","item":"https:\/\/tinychat.com\/"},{"@type":"ListItem","position":2,"name":"Live Chat Online"}]},{"@type":"WebSite","@id":"https:\/\/tinychat.com\/#website","url":"https:\/\/tinychat.com\/","name":"TinyChat","description":"Bate-papo por v\u00eddeo aleat\u00f3rio com estranhos","publisher":{"@id":"https:\/\/tinychat.com\/#organization"},"alternateName":"TinyChat.com","potentialAction":[{"@type":"SearchAction","target":{"@type":"EntryPoint","urlTemplate":"https:\/\/tinychat.com\/?s={search_term_string}"},"query-input":{"@type":"PropertyValueSpecification","valueRequired":true,"valueName":"search_term_string"}}],"inLanguage":"pt-BR"},{"@type":"Organization","@id":"https:\/\/tinychat.com\/#organization","name":"TinyChat","alternateName":"TinyChat.com","url":"https:\/\/tinychat.com\/","logo":{"@type":"ImageObject","inLanguage":"pt-BR","@id":"https:\/\/tinychat.com\/#\/schema\/logo\/image\/","url":"https:\/\/tinychat.com\/wp-content\/uploads\/2023\/11\/Tinychat-icon-square.png","contentUrl":"https:\/\/tinychat.com\/wp-content\/uploads\/2023\/11\/Tinychat-icon-square.png","width":284,"height":284,"caption":"TinyChat"},"image":{"@id":"https:\/\/tinychat.com\/#\/schema\/logo\/image\/"},"sameAs":["https:\/\/www.facebook.com\/tinychat","https:\/\/x.com\/tinychat"]}]}},"_links":{"self":[{"href":"https:\/\/tinychat.com\/pt-br\/wp-json\/wp\/v2\/pages\/12732","targetHints":{"allow":["GET"]}}],"collection":[{"href":"https:\/\/tinychat.com\/pt-br\/wp-json\/wp\/v2\/pages"}],"about":[{"href":"https:\/\/tinychat.com\/pt-br\/wp-json\/wp\/v2\/types\/page"}],"author":[{"embeddable":true,"href":"https:\/\/tinychat.com\/pt-br\/wp-json\/wp\/v2\/users\/8"}],"replies":[{"embeddable":true,"href":"https:\/\/tinychat.com\/pt-br\/wp-json\/wp\/v2\/comments?post=12732"}],"version-history":[{"count":2,"href":"https:\/\/tinychat.com\/pt-br\/wp-json\/wp\/v2\/pages\/12732\/revisions"}],"predecessor-version":[{"id":13335,"href":"https:\/\/tinychat.com\/pt-br\/wp-json\/wp\/v2\/pages\/12732\/revisions\/13335"}],"wp:attachment":[{"href":"https:\/\/tinychat.com\/pt-br\/wp-json\/wp\/v2\/media?parent=12732"}],"curies":[{"name":"wp","href":"https:\/\/api.w.org\/{rel}","templated":true}]}}