{"id":12812,"date":"2025-07-21T11:45:21","date_gmt":"2025-07-21T09:45:21","guid":{"rendered":"https:\/\/tinychat.com\/?page_id=12812"},"modified":"2025-07-21T12:55:21","modified_gmt":"2025-07-21T10:55:21","slug":"chatmatch","status":"publish","type":"page","link":"https:\/\/tinychat.com\/pt-br\/chatmatch\/","title":{"rendered":"ChatMatch"},"content":{"rendered":"<p>Em um cen\u00e1rio digital repleto de aplicativos sociais, plataformas de namoro e sites de bate-papo por v\u00eddeo, o ChatMatch est\u00e1 emergindo rapidamente como uma alternativa confi\u00e1vel para quem busca conversas on-line significativas, espont\u00e2neas e seguras. Seja para fazer novos amigos, praticar um idioma, paquerar ou simplesmente quebrar a monotonia do seu dia, o ChatMatch oferece uma experi\u00eancia de bate-papo aleat\u00f3rio de \u00faltima gera\u00e7\u00e3o - reunindo o melhor do Omegle, Chatroulette e plataformas de bate-papo mais recentes, tudo com um toque moderno.<\/p>\n<p>O ChatMatch \u00e9 mais do que apenas outro site de bate-papo com \"roleta\". \u00c9 uma comunidade global projetada para conversas instant\u00e2neas e an\u00f4nimas por v\u00eddeo ou texto, filtragem inteligente e recursos robustos de seguran\u00e7a. Sem downloads, com correspond\u00eancia r\u00e1pida e design que prioriza a privacidade, o ChatMatch est\u00e1 aqui para ajud\u00e1-lo a descobrir um mundo de conex\u00f5es em tempo real - um clique de cada vez.<\/p>\n<p>Este guia abrange tudo o que voc\u00ea precisa saber sobre o ChatMatch: como ele funciona, principais recursos, experi\u00eancia do usu\u00e1rio, seguran\u00e7a, compara\u00e7\u00f5es com as principais alternativas, solu\u00e7\u00e3o de problemas e dicas profissionais para ajud\u00e1-lo a obter o m\u00e1ximo de cada bate-papo.<\/p>\n<h2>O que \u00e9 o ChatMatch?<\/h2>\n<p>O ChatMatch \u00e9 uma plataforma de bate-papo aleat\u00f3rio por v\u00eddeo e texto que permite que voc\u00ea se conecte instantaneamente com estranhos em todo o mundo. Assim como os aplicativos cl\u00e1ssicos de roleta de bate-papo, n\u00e3o \u00e9 necess\u00e1rio se cadastrar - basta abrir o site, conceder acesso \u00e0 c\u00e2mera\/microfone (para v\u00eddeo) e, em segundos, voc\u00ea ser\u00e1 combinado com algu\u00e9m novo.<\/p>\n<p>O que diferencia o ChatMatch \u00e9 seu foco na seguran\u00e7a e na correspond\u00eancia inteligente. Com filtros inteligentes, modera\u00e7\u00e3o ao vivo e uma interface elegante e amig\u00e1vel para dispositivos m\u00f3veis, o ChatMatch combina espontaneidade com conforto, permitindo que voc\u00ea conhe\u00e7a pessoas do mundo inteiro ou mais perto de casa - sempre de acordo com seus termos.<\/p>\n<p>Se voc\u00ea deseja conhecer um novo amigo, desfrutar de um bate-papo divertido, encontrar um parceiro de idioma ou at\u00e9 mesmo um romance, o ChatMatch oferece um espa\u00e7o simples, seguro e que prioriza o usu\u00e1rio para que isso aconte\u00e7a.<\/p>\n<h2>Principais recursos do ChatMatch<\/h2>\n<p>O ChatMatch est\u00e1 repleto de recursos projetados para um bate-papo on-line r\u00e1pido, seguro e agrad\u00e1vel. Veja o que o diferencia:<\/p>\n<h3>1. Chat de texto ou v\u00eddeo com um clique<\/h3>\n<p>N\u00e3o \u00e9 necess\u00e1rio registro - basta acessar o ChatMatch, selecionar v\u00eddeo ou texto e voc\u00ea ser\u00e1 instantaneamente emparelhado com um estranho aleat\u00f3rio. A plataforma funciona em todos os dispositivos (desktop, tablet, celular), com um design responsivo e velocidades de conex\u00e3o r\u00e1pidas.<\/p>\n<h3>2. Filtros inteligentes (g\u00eanero, regi\u00e3o, idioma)<\/h3>\n<p>Deseja mais controle? O ChatMatch permite que voc\u00ea filtre as correspond\u00eancias por g\u00eanero, pa\u00eds e idioma (alguns recursos podem exigir uma atualiza\u00e7\u00e3o premium). Isso \u00e9 perfeito para quem deseja:<\/p>\n<ul>\n<li>Praticar um novo idioma<\/li>\n<li>Conhecer pessoas de uma regi\u00e3o ou cultura espec\u00edfica<\/li>\n<li>Converse apenas com homens, mulheres ou usu\u00e1rios n\u00e3o bin\u00e1rios<\/li>\n<\/ul>\n<h3>3. An\u00f4nimo e privado<\/h3>\n<p>Sua privacidade \u00e9 fundamental. O ChatMatch n\u00e3o exige que voc\u00ea crie uma conta, carregue uma foto de perfil ou compartilhe detalhes pessoais. Todas as conversas s\u00e3o privadas e n\u00e3o s\u00e3o gravadas, o que lhe d\u00e1 controle total sobre o que voc\u00ea revela.<\/p>\n<h3>4. Fun\u00e7\u00e3o \"Next\" r\u00e1pida<\/h3>\n<p>N\u00e3o est\u00e1 gostando da conversa? Basta tocar em \"Next\" (Pr\u00f3ximo) para encontrar instantaneamente algu\u00e9m novo - sem espera, sem complica\u00e7\u00f5es.<\/p>\n<h3>5. Design moderno e que prioriza os dispositivos m\u00f3veis<\/h3>\n<p>O ChatMatch foi criado para ser usado em qualquer dispositivo - ele funciona perfeitamente em navegadores de desktop e smartphones\/tablets, com uma interface adapt\u00e1vel que mant\u00e9m o bate-papo por v\u00eddeo e texto suave em todos os tamanhos de tela.<\/p>\n<h3>6. Tradu\u00e7\u00e3o no chat<\/h3>\n<p>Quebre as barreiras do idioma! O ChatMatch oferece ferramentas de tradu\u00e7\u00e3o em tempo real para que voc\u00ea possa conversar com usu\u00e1rios de qualquer pa\u00eds, independentemente do seu conhecimento do idioma.<\/p>\n<h3>7. Comunidade segura e modera\u00e7\u00e3o<\/h3>\n<p>O ChatMatch usa uma combina\u00e7\u00e3o de:<\/p>\n<ul>\n<li>Modera\u00e7\u00e3o automatizada por IA para filtrar nudez e abuso<\/li>\n<li>Moderadores humanos ao vivo dispon\u00edveis 24 horas por dia, 7 dias por semana<\/li>\n<li>Fun\u00e7\u00f5es de den\u00fancia e bloqueio de usu\u00e1rios para lidar rapidamente com comportamentos inadequados<\/li>\n<\/ul>\n<h3>8. Compartilhamento de texto e imagem (moderado)<\/h3>\n<p>Al\u00e9m de v\u00eddeo e texto ao vivo, o ChatMatch permite o compartilhamento seguro de imagens (sujeito a modera\u00e7\u00e3o), tornando as conversas mais envolventes, sem sacrificar a seguran\u00e7a.<\/p>\n<h3>9. Sistema de conta opcional<\/h3>\n<p>Prefere salvar os contatos favoritos, acessar filtros avan\u00e7ados ou criar uma lista de amigos? Voc\u00ea pode se registrar opcionalmente (com informa\u00e7\u00f5es m\u00ednimas) para obter recursos extras, mas isso nunca \u00e9 obrigat\u00f3rio.<\/p>\n<h2>Como usar o ChatMatch<\/h2>\n<p>Come\u00e7ar a usar o ChatMatch \u00e9 f\u00e1cil e r\u00e1pido - aqui est\u00e1 um guia passo a passo:<\/p>\n<h3>Etapa 1: Visite o site do ChatMatch<\/h3>\n<p>Abra seu navegador e acesse chatmatch.com ou seu dom\u00ednio regional do ChatMatch.<\/p>\n<h3>Etapa 2: Escolha o bate-papo por v\u00eddeo ou texto<\/h3>\n<p>Selecione seu modo preferido:<\/p>\n<ul>\n<li>Bate-papo por v\u00eddeo: Ative sua c\u00e2mera\/microfone quando solicitado.<\/li>\n<li>Bate-papo por texto: N\u00e3o precisa de c\u00e2mera - basta digitar e conversar.<\/li>\n<\/ul>\n<h3>Etapa 3: Definir filtros (opcional)<\/h3>\n<p>Filtre suas correspond\u00eancias por g\u00eanero, pa\u00eds ou idioma para ter uma experi\u00eancia mais personalizada. Alguns filtros avan\u00e7ados podem exigir a cria\u00e7\u00e3o de uma conta ou um pequeno pagamento.<\/p>\n<h3>Etapa 4: Clique em \"Start\" (Iniciar) ou \"Connect\" (Conectar)<\/h3>\n<p>Voc\u00ea ser\u00e1 instantaneamente combinado com um estranho. Diga ol\u00e1 e comece sua conversa!<\/p>\n<h3>Etapa 5: Use \"Next\" para pular<\/h3>\n<p>N\u00e3o \u00e9 compat\u00edvel? Clique em \"Next\" para obter um novo parceiro de bate-papo. Voc\u00ea pode fazer isso quantas vezes quiser.<\/p>\n<h3>Etapa 6: Use a tradu\u00e7\u00e3o, o compartilhamento de imagens ou salve amigos (opcional)<\/h3>\n<p>Experimente a tradu\u00e7\u00e3o ao vivo, envie imagens seguras ou salve usu\u00e1rios como amigos se tiver registrado uma conta.<\/p>\n<h3>Etapa 7: Relat\u00f3rio ou bloqueio (se necess\u00e1rio)<\/h3>\n<p>Est\u00e1 vendo um comportamento inadequado? Use o bot\u00e3o de den\u00fancia\/bloqueio - os moderadores est\u00e3o sempre \u00e0 disposi\u00e7\u00e3o para ajudar.<\/p>\n<h2>Experi\u00eancia do usu\u00e1rio no ChatMatch<\/h2>\n<p>O ChatMatch foi projetado para ser r\u00e1pido, seguro e surpreendente. Veja o que os usu\u00e1rios apreciam:<\/p>\n<h3>O que os usu\u00e1rios adoram<\/h3>\n<ul>\n<li>Bate-papo instant\u00e2neo e sem registro: A maneira mais r\u00e1pida de conhecer algu\u00e9m novo<\/li>\n<li>Design moderno: Sem bagun\u00e7a, an\u00fancios ou atrasos - apenas conversa pura<\/li>\n<li>Base de usu\u00e1rios global: Conhe\u00e7a pessoas de todos os continentes, 24 horas por dia, 7 dias por semana<\/li>\n<li>Op\u00e7\u00e3o de bate-papo por v\u00eddeo ou texto<\/li>\n<li>Filtros inteligentes e tradu\u00e7\u00e3o ao vivo<\/li>\n<li>Anonimato: N\u00e3o \u00e9 necess\u00e1rio perfil, n\u00e3o h\u00e1 rastreamento, tudo \u00e9 privado<\/li>\n<li>Responsivo no celular: Perfeito para bater papo em qualquer lugar<\/li>\n<\/ul>\n<h3>O que os usu\u00e1rios desejam<\/h3>\n<ul>\n<li>Alguns filtros e op\u00e7\u00f5es premium exigem pagamento (normal para sites de bate-papo avan\u00e7ados)<\/li>\n<li>Ainda n\u00e3o h\u00e1 salas de grupo ou de t\u00f3picos (ser\u00e3o disponibilizadas em atualiza\u00e7\u00f5es futuras)<\/li>\n<li>Como em todas as plataformas de bate-papo aleat\u00f3rio, ocasionalmente aparecem trolls (rapidamente banidos pela modera\u00e7\u00e3o)<\/li>\n<li>Viciante - voc\u00ea pode passar horas conversando sem perceber!<\/li>\n<\/ul>\n<h3>Avalia\u00e7\u00f5es reais de usu\u00e1rios<\/h3>\n<blockquote><p>\"Muito mais seguro e suave do que o antigo Omegle. Gosto do fato de n\u00e3o precisar me registrar, e a ferramenta de tradu\u00e7\u00e3o \u00e9 legal.\"<br \/>\n- <em>Jessica L., Trustpilot<\/em><\/p><\/blockquote>\n<blockquote><p>\"Adoro a interface m\u00f3vel - \u00f3tima para conhecer pessoas de outros pa\u00edses quando estou entediado.\"<br \/>\n- <em>Andre M., Google Play<\/em><\/p><\/blockquote>\n<blockquote><p>\"Eu o uso para interc\u00e2mbio de idiomas. Os filtros de pa\u00eds e idioma funcionam muito bem.\"<br \/>\n- <em>Mei S., App Store<\/em><\/p><\/blockquote>\n<h2>ChatMatch vs. outras plataformas de bate-papo por v\u00eddeo aleat\u00f3rio<\/h2>\n<p>Como o ChatMatch se compara aos principais sites de bate-papo por v\u00eddeo da atualidade?<\/p>\n<table>\n<thead>\n<tr>\n<th>Recurso<\/th>\n<th>ChatMatch<\/th>\n<th>Omegle<\/th>\n<th>Omegla<\/th>\n<th>Chatroulette<\/th>\n<th>Chatrandom<\/th>\n<th>Funyo<\/th>\n<th>HOLLA<\/th>\n<th>LivU<\/th>\n<\/tr>\n<\/thead>\n<tbody>\n<tr>\n<td>N\u00e3o \u00e9 necess\u00e1rio registrar-se<\/td>\n<td>\u2705 Sim<\/td>\n<td>\u2705 Sim<\/td>\n<td>\u2705 Sim<\/td>\n<td>\u2705 Sim<\/td>\n<td>\u2705 Sim<\/td>\n<td>\u2705 Sim<\/td>\n<td>\u2705 Sim<\/td>\n<td>\u2705 Sim<\/td>\n<\/tr>\n<tr>\n<td>Bate-papo por v\u00eddeo e texto<\/td>\n<td>\u2705 Ambos<\/td>\n<td>\u2705 Ambos<\/td>\n<td>\u2705 Ambos<\/td>\n<td>\u2705 Ambos<\/td>\n<td>\u2705 Ambos<\/td>\n<td>\u2705 Ambos<\/td>\n<td>\u2705 Ambos<\/td>\n<td>\u2705 Ambos<\/td>\n<\/tr>\n<tr>\n<td>Filtro de g\u00eanero\/pa\u00eds<\/td>\n<td>\u2705 Sim*<\/td>\n<td>\u26a0\ufe0f Limited<\/td>\n<td>\u2705 Sim*<\/td>\n<td>\u2705 Sim<\/td>\n<td>\u2705 Sim<\/td>\n<td>\u2705 Sim<\/td>\n<td>\u2705 Sim<\/td>\n<td>\u2705 Sim<\/td>\n<\/tr>\n<tr>\n<td>Otimizado para celular<\/td>\n<td>\u2705 Sim<\/td>\n<td>\u26a0\ufe0f Misto<\/td>\n<td>\u2705 Sim<\/td>\n<td>\u2705 Sim<\/td>\n<td>\u2705 Sim<\/td>\n<td>\u2705 Sim<\/td>\n<td>\u2705 Sim<\/td>\n<td>\u2705 Sim<\/td>\n<\/tr>\n<tr>\n<td>Modera\u00e7\u00e3o\/seguran\u00e7a ao vivo<\/td>\n<td>\u2705 Forte<\/td>\n<td>\u26a0\ufe0f Limited<\/td>\n<td>\u2705 Forte<\/td>\n<td>\u26a0\ufe0f Limited<\/td>\n<td>\u2705 Sim<\/td>\n<td>\u2705 Sim<\/td>\n<td>\u2705 Forte<\/td>\n<td>\u2705 Forte<\/td>\n<\/tr>\n<tr>\n<td>Tradu\u00e7\u00e3o no bate-papo<\/td>\n<td>\u2705 Sim<\/td>\n<td>\u274c N\u00e3o<\/td>\n<td>\ud83d\udd52 Em breve<\/td>\n<td>\u274c N\u00e3o<\/td>\n<td>\u274c N\u00e3o<\/td>\n<td>\u274c N\u00e3o<\/td>\n<td>\u2705 Sim<\/td>\n<td>\u2705 Sim<\/td>\n<\/tr>\n<tr>\n<td>Contas opcionais<\/td>\n<td>\u2705 Sim<\/td>\n<td>\u274c N\u00e3o<\/td>\n<td>\u274c N\u00e3o<\/td>\n<td>\u274c N\u00e3o<\/td>\n<td>\u2705 Sim<\/td>\n<td>\u2705 Sim<\/td>\n<td>\u2705 Sim<\/td>\n<td>\u2705 Sim<\/td>\n<\/tr>\n<tr>\n<td>Compartilhamento de imagens<\/td>\n<td>\u2705 Sim<\/td>\n<td>\u274c N\u00e3o<\/td>\n<td>\u274c N\u00e3o<\/td>\n<td>\u274c N\u00e3o<\/td>\n<td>\u2705 Sim<\/td>\n<td>\u274c N\u00e3o<\/td>\n<td>\u2705 Sim<\/td>\n<td>\u2705 Sim<\/td>\n<\/tr>\n<\/tbody>\n<\/table>\n<p>*Alguns filtros avan\u00e7ados ou tradu\u00e7\u00f5es podem exigir um plano pago.<\/p>\n<p>Resumo: O ChatMatch se destaca por sua experi\u00eancia de bate-papo instant\u00e2nea, an\u00f4nima e altamente personaliz\u00e1vel, com excelentes ferramentas de modera\u00e7\u00e3o e tradu\u00e7\u00e3o para um verdadeiro alcance global.<\/p>\n<h2>O ChatMatch \u00e9 seguro?<\/h2>\n<p>O ChatMatch coloca a seguran\u00e7a do usu\u00e1rio no centro de sua plataforma:<\/p>\n<ul>\n<li>Modera\u00e7\u00e3o baseada em IA: Verifica se h\u00e1 nudez, spam ou comportamento abusivo em tempo real.<\/li>\n<li>Moderadores humanos ao vivo: Rapidez para analisar e banir usu\u00e1rios que violam as regras.<\/li>\n<li>Bot\u00f5es de den\u00fancia e bloqueio: Sempre vis\u00edveis no bate-papo.<\/li>\n<li>N\u00e3o s\u00e3o necess\u00e1rias informa\u00e7\u00f5es pessoais: Permane\u00e7a completamente an\u00f4nimo, a menos que decida compartilhar mais.<\/li>\n<li>Chats privados e individuais: N\u00e3o h\u00e1 hist\u00f3rico p\u00fablico ou em grupo.<\/li>\n<\/ul>\n<h3>Dicas de seguran\u00e7a para usu\u00e1rios do ChatMatch<\/h3>\n<ul>\n<li>Nunca compartilhe seu nome verdadeiro, endere\u00e7o, n\u00famero de telefone ou outras informa\u00e7\u00f5es particulares.<\/li>\n<li>Denuncie ou bloqueie qualquer pessoa que o deixe desconfort\u00e1vel.<\/li>\n<li>Use um apelido e compartilhe apenas detalhes com os quais voc\u00ea se sinta confort\u00e1vel.<\/li>\n<li>Seja cauteloso com qualquer pessoa que tente mover o bate-papo para fora da plataforma rapidamente.<\/li>\n<li>Lembre-se: voc\u00ea pode encerrar a conversa e o \"Next\" a qualquer momento.<\/li>\n<\/ul>\n<h2>Dicas para aproveitar o ChatMatch<\/h2>\n<ul>\n<li>Comece com uma sauda\u00e7\u00e3o amig\u00e1vel: As pessoas respondem melhor \u00e0 energia positiva.<\/li>\n<li>Tente em v\u00e1rios hor\u00e1rios do dia: A base de usu\u00e1rios \u00e9 global; as manh\u00e3s e as noites trazem novas partidas.<\/li>\n<li>Use filtros de idioma: Perfeito para alunos de idiomas ou expatriados que procuram falantes nativos.<\/li>\n<li>Enviar imagens (se dispon\u00edveis): Uma maneira segura de compartilhar memes, arte ou piadas - sujeito a modera\u00e7\u00e3o.<\/li>\n<li>N\u00e3o hesite em denunciar ou bloquear: Ajude a manter a comunidade respeitosa para todos.<\/li>\n<li>Use em qualquer lugar: A interface m\u00f3vel torna o bate-papo de qualquer lugar f\u00e1cil e divertido.<\/li>\n<li>Registre-se para receber extras: Se voc\u00ea usa o ChatMatch com frequ\u00eancia, crie uma conta gratuita para obter mais recursos.<\/li>\n<\/ul>\n<h2>Solu\u00e7\u00e3o de problemas comuns do ChatMatch<\/h2>\n<h3>A c\u00e2mera ou o microfone n\u00e3o funcionam<\/h3>\n<p>Verifique as permiss\u00f5es do navegador, feche outros aplicativos de c\u00e2mera, reinicie o navegador e tente novamente.<\/p>\n<h3>A conex\u00e3o est\u00e1 lenta ou cai<\/h3>\n<p>Use uma conex\u00e3o Wi-Fi forte, feche aplicativos\/guias em segundo plano e atualize a p\u00e1gina.<\/p>\n<h3>Os filtros n\u00e3o est\u00e3o funcionando<\/h3>\n<p>Alguns filtros exigem uma conta ou um plano pago. Verifique se voc\u00ea est\u00e1 conectado ou fa\u00e7a o upgrade, se necess\u00e1rio.<\/p>\n<h3>Encontrando usu\u00e1rios abusivos<\/h3>\n<p>Use os bot\u00f5es de den\u00fancia\/bloqueio. Os moderadores analisar\u00e3o e tomar\u00e3o provid\u00eancias rapidamente.<\/p>\n<h3>A tradu\u00e7\u00e3o n\u00e3o est\u00e1 funcionando<\/h3>\n<p>Atualize, verifique sua internet ou entre em contato com o suporte. Alguns recursos de tradu\u00e7\u00e3o podem exigir atualiza\u00e7\u00e3o.<\/p>\n<p>Com certeza - especialmente para quem procura uma alternativa moderna, r\u00e1pida e segura aos cl\u00e1ssicos sites de bate-papo aleat\u00f3rios. O ChatMatch combina a emo\u00e7\u00e3o instant\u00e2nea de conversar com estranhos com os melhores recursos de seguran\u00e7a, privacidade e personaliza\u00e7\u00e3o da atualidade.<\/p>\n<p>Seja para amizade, troca de idiomas, paquera ou apenas para uma conversa global, o ChatMatch torna tudo simples, an\u00f4nimo e realmente divertido. Sem downloads, sem registro (a menos que voc\u00ea queira) e com uma comunidade amig\u00e1vel e crescente na ponta dos dedos.<\/p>\n<p>Pronto para come\u00e7ar? Visite chatmatch.com, escolha v\u00eddeo ou texto e conhe\u00e7a sua pr\u00f3xima grande conex\u00e3o em segundos.<\/p>","protected":false},"excerpt":{"rendered":"<p>In a digital landscape crowded with social apps, dating platforms, and video chat sites, ChatMatch is quickly emerging as a trusted alternative for anyone seeking meaningful, spontaneous, and safe online conversations. Whether you want to make new friends, practice a language, flirt, or just break the monotony of your day, ChatMatch offers a next-generation random [&hellip;]<\/p>\n","protected":false},"author":6,"featured_media":0,"parent":0,"menu_order":0,"comment_status":"closed","ping_status":"closed","template":"","meta":{"footnotes":""},"class_list":["post-12812","page","type-page","status-publish","hentry"],"yoast_head":"<!-- This site is optimized with the Yoast SEO plugin v27.4 - https:\/\/yoast.com\/product\/yoast-seo-wordpress\/ -->\n<title>ChatMatch - Fun Random Video Chat to Meet Girls - TinyChat.com<\/title>\n<meta name=\"description\" content=\"Enjoying ChatMatch? Join over 50,000,000 strangers on TinyChat! Turn on your cam and start meeting new people, or find a match.\" \/>\n<meta name=\"robots\" content=\"index, follow, max-snippet:-1, max-image-preview:large, max-video-preview:-1\" \/>\n<link rel=\"canonical\" href=\"https:\/\/tinychat.com\/pt-br\/chatmatch\/\" \/>\n<meta property=\"og:locale\" content=\"pt_BR\" \/>\n<meta property=\"og:type\" content=\"article\" \/>\n<meta property=\"og:title\" content=\"ChatMatch - Fun Random Video Chat to Meet Girls - TinyChat.com\" \/>\n<meta property=\"og:description\" content=\"Enjoying ChatMatch? Join over 50,000,000 strangers on TinyChat! Turn on your cam and start meeting new people, or find a match.\" \/>\n<meta property=\"og:url\" content=\"https:\/\/tinychat.com\/pt-br\/chatmatch\/\" \/>\n<meta property=\"og:site_name\" content=\"TinyChat\" \/>\n<meta property=\"article:publisher\" content=\"https:\/\/www.facebook.com\/tinychat\" \/>\n<meta property=\"article:modified_time\" content=\"2025-07-21T10:55:21+00:00\" \/>\n<meta property=\"og:image\" content=\"https:\/\/tinychat.com\/wp-content\/uploads\/2020\/04\/Tinychat-logo-1280x284-new-black.png\" \/>\n\t<meta property=\"og:image:width\" content=\"1280\" \/>\n\t<meta property=\"og:image:height\" content=\"284\" \/>\n\t<meta property=\"og:image:type\" content=\"image\/png\" \/>\n<meta name=\"twitter:card\" content=\"summary_large_image\" \/>\n<meta name=\"twitter:site\" content=\"@tinychat\" \/>\n<meta name=\"twitter:label1\" content=\"Est. tempo de leitura\" \/>\n\t<meta name=\"twitter:data1\" content=\"7 minutos\" \/>\n<script type=\"application\/ld+json\" class=\"yoast-schema-graph\">{\"@context\":\"https:\\\/\\\/schema.org\",\"@graph\":[{\"@type\":\"WebPage\",\"@id\":\"https:\\\/\\\/tinychat.com\\\/chatmatch\\\/\",\"url\":\"https:\\\/\\\/tinychat.com\\\/chatmatch\\\/\",\"name\":\"ChatMatch - Fun Random Video Chat to Meet Girls - TinyChat.com\",\"isPartOf\":{\"@id\":\"https:\\\/\\\/tinychat.com\\\/#website\"},\"datePublished\":\"2025-07-21T09:45:21+00:00\",\"dateModified\":\"2025-07-21T10:55:21+00:00\",\"description\":\"Enjoying ChatMatch? Join over 50,000,000 strangers on TinyChat! Turn on your cam and start meeting new people, or find a match.\",\"breadcrumb\":{\"@id\":\"https:\\\/\\\/tinychat.com\\\/chatmatch\\\/#breadcrumb\"},\"inLanguage\":\"pt-BR\",\"potentialAction\":[{\"@type\":\"ReadAction\",\"target\":[\"https:\\\/\\\/tinychat.com\\\/chatmatch\\\/\"]}]},{\"@type\":\"BreadcrumbList\",\"@id\":\"https:\\\/\\\/tinychat.com\\\/chatmatch\\\/#breadcrumb\",\"itemListElement\":[{\"@type\":\"ListItem\",\"position\":1,\"name\":\"Home\",\"item\":\"https:\\\/\\\/tinychat.com\\\/\"},{\"@type\":\"ListItem\",\"position\":2,\"name\":\"ChatMatch\"}]},{\"@type\":\"WebSite\",\"@id\":\"https:\\\/\\\/tinychat.com\\\/#website\",\"url\":\"https:\\\/\\\/tinychat.com\\\/\",\"name\":\"TinyChat\",\"description\":\"Random Video Chat with Strangers\",\"publisher\":{\"@id\":\"https:\\\/\\\/tinychat.com\\\/#organization\"},\"alternateName\":\"TinyChat.com\",\"potentialAction\":[{\"@type\":\"SearchAction\",\"target\":{\"@type\":\"EntryPoint\",\"urlTemplate\":\"https:\\\/\\\/tinychat.com\\\/?s={search_term_string}\"},\"query-input\":{\"@type\":\"PropertyValueSpecification\",\"valueRequired\":true,\"valueName\":\"search_term_string\"}}],\"inLanguage\":\"pt-BR\"},{\"@type\":\"Organization\",\"@id\":\"https:\\\/\\\/tinychat.com\\\/#organization\",\"name\":\"TinyChat\",\"alternateName\":\"TinyChat.com\",\"url\":\"https:\\\/\\\/tinychat.com\\\/\",\"logo\":{\"@type\":\"ImageObject\",\"inLanguage\":\"pt-BR\",\"@id\":\"https:\\\/\\\/tinychat.com\\\/#\\\/schema\\\/logo\\\/image\\\/\",\"url\":\"https:\\\/\\\/tinychat.com\\\/wp-content\\\/uploads\\\/2023\\\/11\\\/Tinychat-icon-square.png\",\"contentUrl\":\"https:\\\/\\\/tinychat.com\\\/wp-content\\\/uploads\\\/2023\\\/11\\\/Tinychat-icon-square.png\",\"width\":284,\"height\":284,\"caption\":\"TinyChat\"},\"image\":{\"@id\":\"https:\\\/\\\/tinychat.com\\\/#\\\/schema\\\/logo\\\/image\\\/\"},\"sameAs\":[\"https:\\\/\\\/www.facebook.com\\\/tinychat\",\"https:\\\/\\\/x.com\\\/tinychat\"]}]}<\/script>\n<!-- \/ Yoast SEO plugin. -->","yoast_head_json":{"title":"ChatMatch - Bate-papo por v\u00eddeo aleat\u00f3rio e divertido para conhecer garotas - TinyChat.com","description":"Est\u00e1 gostando do ChatMatch? Junte-se a mais de 50.000.000 de estranhos no TinyChat! Ligue sua c\u00e2mera e comece a conhecer novas pessoas ou encontre um par.","robots":{"index":"index","follow":"follow","max-snippet":"max-snippet:-1","max-image-preview":"max-image-preview:large","max-video-preview":"max-video-preview:-1"},"canonical":"https:\/\/tinychat.com\/pt-br\/chatmatch\/","og_locale":"pt_BR","og_type":"article","og_title":"ChatMatch - Fun Random Video Chat to Meet Girls - TinyChat.com","og_description":"Enjoying ChatMatch? Join over 50,000,000 strangers on TinyChat! Turn on your cam and start meeting new people, or find a match.","og_url":"https:\/\/tinychat.com\/pt-br\/chatmatch\/","og_site_name":"TinyChat","article_publisher":"https:\/\/www.facebook.com\/tinychat","article_modified_time":"2025-07-21T10:55:21+00:00","og_image":[{"width":1280,"height":284,"url":"https:\/\/tinychat.com\/wp-content\/uploads\/2020\/04\/Tinychat-logo-1280x284-new-black.png","type":"image\/png"}],"twitter_card":"summary_large_image","twitter_site":"@tinychat","twitter_misc":{"Est. tempo de leitura":"7 minutos"},"schema":{"@context":"https:\/\/schema.org","@graph":[{"@type":"WebPage","@id":"https:\/\/tinychat.com\/chatmatch\/","url":"https:\/\/tinychat.com\/chatmatch\/","name":"ChatMatch - Bate-papo por v\u00eddeo aleat\u00f3rio e divertido para conhecer garotas - TinyChat.com","isPartOf":{"@id":"https:\/\/tinychat.com\/#website"},"datePublished":"2025-07-21T09:45:21+00:00","dateModified":"2025-07-21T10:55:21+00:00","description":"Est\u00e1 gostando do ChatMatch? Junte-se a mais de 50.000.000 de estranhos no TinyChat! Ligue sua c\u00e2mera e comece a conhecer novas pessoas ou encontre um par.","breadcrumb":{"@id":"https:\/\/tinychat.com\/chatmatch\/#breadcrumb"},"inLanguage":"pt-BR","potentialAction":[{"@type":"ReadAction","target":["https:\/\/tinychat.com\/chatmatch\/"]}]},{"@type":"BreadcrumbList","@id":"https:\/\/tinychat.com\/chatmatch\/#breadcrumb","itemListElement":[{"@type":"ListItem","position":1,"name":"Home","item":"https:\/\/tinychat.com\/"},{"@type":"ListItem","position":2,"name":"ChatMatch"}]},{"@type":"WebSite","@id":"https:\/\/tinychat.com\/#website","url":"https:\/\/tinychat.com\/","name":"TinyChat","description":"Bate-papo por v\u00eddeo aleat\u00f3rio com estranhos","publisher":{"@id":"https:\/\/tinychat.com\/#organization"},"alternateName":"TinyChat.com","potentialAction":[{"@type":"SearchAction","target":{"@type":"EntryPoint","urlTemplate":"https:\/\/tinychat.com\/?s={search_term_string}"},"query-input":{"@type":"PropertyValueSpecification","valueRequired":true,"valueName":"search_term_string"}}],"inLanguage":"pt-BR"},{"@type":"Organization","@id":"https:\/\/tinychat.com\/#organization","name":"TinyChat","alternateName":"TinyChat.com","url":"https:\/\/tinychat.com\/","logo":{"@type":"ImageObject","inLanguage":"pt-BR","@id":"https:\/\/tinychat.com\/#\/schema\/logo\/image\/","url":"https:\/\/tinychat.com\/wp-content\/uploads\/2023\/11\/Tinychat-icon-square.png","contentUrl":"https:\/\/tinychat.com\/wp-content\/uploads\/2023\/11\/Tinychat-icon-square.png","width":284,"height":284,"caption":"TinyChat"},"image":{"@id":"https:\/\/tinychat.com\/#\/schema\/logo\/image\/"},"sameAs":["https:\/\/www.facebook.com\/tinychat","https:\/\/x.com\/tinychat"]}]}},"_links":{"self":[{"href":"https:\/\/tinychat.com\/pt-br\/wp-json\/wp\/v2\/pages\/12812","targetHints":{"allow":["GET"]}}],"collection":[{"href":"https:\/\/tinychat.com\/pt-br\/wp-json\/wp\/v2\/pages"}],"about":[{"href":"https:\/\/tinychat.com\/pt-br\/wp-json\/wp\/v2\/types\/page"}],"author":[{"embeddable":true,"href":"https:\/\/tinychat.com\/pt-br\/wp-json\/wp\/v2\/users\/6"}],"replies":[{"embeddable":true,"href":"https:\/\/tinychat.com\/pt-br\/wp-json\/wp\/v2\/comments?post=12812"}],"version-history":[{"count":3,"href":"https:\/\/tinychat.com\/pt-br\/wp-json\/wp\/v2\/pages\/12812\/revisions"}],"predecessor-version":[{"id":13344,"href":"https:\/\/tinychat.com\/pt-br\/wp-json\/wp\/v2\/pages\/12812\/revisions\/13344"}],"wp:attachment":[{"href":"https:\/\/tinychat.com\/pt-br\/wp-json\/wp\/v2\/media?parent=12812"}],"curies":[{"name":"wp","href":"https:\/\/api.w.org\/{rel}","templated":true}]}}