{"id":12823,"date":"2025-09-29T10:41:55","date_gmt":"2025-09-29T08:41:55","guid":{"rendered":"https:\/\/tinychat.com\/?page_id=12823"},"modified":"2025-09-29T12:39:34","modified_gmt":"2025-09-29T10:39:34","slug":"bigo","status":"publish","type":"page","link":"https:\/\/tinychat.com\/pt-br\/bigo\/","title":{"rendered":"Bigo"},"content":{"rendered":"<p>A Internet reformulou a forma como as pessoas se comunicam, passando de mensagens de texto individuais e salas de bate-papo em grupo para a era da transmiss\u00e3o ao vivo e das conex\u00f5es de v\u00eddeo em tempo real. Enquanto plataformas como Omegle e Chatroulette foram pioneiras no conceito de encontros aleat\u00f3rios, outras evolu\u00edram a experi\u00eancia para algo maior e mais social. O Bigo Live, muitas vezes chamado simplesmente de Bigo, destaca-se como uma das plataformas mais populares do mundo, que combina transmiss\u00e3o ao vivo, bate-papo com v\u00eddeo aleat\u00f3rio e comunidades interativas, tudo em um s\u00f3 lugar.<\/p>\n<p>Com milh\u00f5es de usu\u00e1rios em todo o mundo, a Bigo se tornou mais do que apenas uma plataforma de bate-papo - \u00e9 um centro de entretenimento, autoexpress\u00e3o e conex\u00e3o com estranhos em todo o mundo. Se voc\u00ea quiser participar de um bate-papo aleat\u00f3rio, transmitir sua pr\u00f3pria transmiss\u00e3o ou assistir ao desempenho de outras pessoas, a Bigo oferece um ambiente vers\u00e1til e envolvente.<\/p>\n<p>Esta an\u00e1lise abordar\u00e1 o que \u00e9 o Bigo, seus principais recursos, como us\u00e1-lo, a experi\u00eancia do usu\u00e1rio, a seguran\u00e7a, compara\u00e7\u00f5es com outras plataformas e dicas pr\u00e1ticas para tirar o m\u00e1ximo proveito dele.<\/p>\n<h2>O que \u00e9 o Bigo Live?<\/h2>\n<p>O Bigo Live \u00e9 um aplicativo de transmiss\u00e3o ao vivo e bate-papo por v\u00eddeo aleat\u00f3rio lan\u00e7ado em 2016. Ele est\u00e1 dispon\u00edvel para iOS e Android, bem como para desktop via navegador. Com mais de 400 milh\u00f5es de usu\u00e1rios em todo o mundo, ele se tornou uma das maiores plataformas de v\u00eddeo em tempo real existentes.<\/p>\n<p>Em sua ess\u00eancia, a Bigo combina:<\/p>\n<ul>\n<li>Transmiss\u00e3o ao vivo: Os usu\u00e1rios se transmitem para um p\u00fablico.<\/li>\n<li>Bate-papo por v\u00eddeo aleat\u00f3rio: Conversas individuais ou em pequenos grupos com estranhos.<\/li>\n<li>Comunidades interativas: Participe de salas, clubes de f\u00e3s ou grupos baseados em interesses.<\/li>\n<li>Transmiss\u00f5es e batalhas de jogos: Transmita jogos ou compita com outras pessoas em desafios.<\/li>\n<\/ul>\n<p>Diferentemente dos sites de bate-papo aleat\u00f3rios mais simples, a Bigo pretende ser um ecossistema de entretenimento completo, combinando redes sociais com intera\u00e7\u00e3o em tempo real.<\/p>\n<h2>Principais recursos do Bigo<\/h2>\n<p>O Bigo Live oferece uma ampla gama de recursos que agradam a diferentes tipos de usu\u00e1rios:<\/p>\n<h3>1. Transmiss\u00e3o ao vivo<\/h3>\n<ul>\n<li>Transmita-se para um p\u00fablico global.<\/li>\n<li>As transmiss\u00f5es podem abranger canto, dan\u00e7a, bate-papo, jogos ou conversas casuais.<\/li>\n<li>Os seguidores podem participar, comentar e enviar presentes virtuais.<\/li>\n<\/ul>\n<h3>2. Bate-papo por v\u00eddeo aleat\u00f3rio<\/h3>\n<ul>\n<li>Conecte-se com estranhos instantaneamente em chats de v\u00eddeo individuais.<\/li>\n<li>Combine com pessoas do mundo todo.<\/li>\n<li>O bot\u00e3o \"Next\" permite que voc\u00ea pule e conhe\u00e7a algu\u00e9m novo.<\/li>\n<\/ul>\n<h3>3. Salas ao vivo em grupo<\/h3>\n<ul>\n<li>Junte-se a salas onde v\u00e1rios usu\u00e1rios fazem streaming juntos.<\/li>\n<li>Perfeito para encontros casuais, discuss\u00f5es tem\u00e1ticas ou eventos comunit\u00e1rios.<\/li>\n<\/ul>\n<h3>4. Fluxos de jogos<\/h3>\n<ul>\n<li>Se\u00e7\u00e3o dedicada para streaming e exibi\u00e7\u00e3o de jogos para celular\/PC.<\/li>\n<li>Participe de batalhas \"PK\" ao vivo (desafios de jogador contra jogador).<\/li>\n<\/ul>\n<h3>5. Presentes virtuais e monetiza\u00e7\u00e3o<\/h3>\n<ul>\n<li>Os espectadores podem enviar presentes digitais para seus streamers favoritos.<\/li>\n<li>As doa\u00e7\u00f5es podem ser convertidas em ganhos reais, o que torna a Bigo atraente para os criadores.<\/li>\n<\/ul>\n<h3>6. Intera\u00e7\u00e3o em tempo real<\/h3>\n<ul>\n<li>Converse com streamers diretamente por texto, adesivos ou presentes.<\/li>\n<li>Ao contr\u00e1rio do conte\u00fado pr\u00e9-gravado, tudo \u00e9 ao vivo e espont\u00e2neo.<\/li>\n<\/ul>\n<h3>7. Alcance global<\/h3>\n<ul>\n<li>Usu\u00e1rios de dezenas de pa\u00edses.<\/li>\n<li>Explore os fluxos por regi\u00e3o ou idioma.<\/li>\n<\/ul>\n<h3>8. Design compat\u00edvel com dispositivos m\u00f3veis<\/h3>\n<ul>\n<li>Projetado principalmente para uso m\u00f3vel.<\/li>\n<li>Experi\u00eancia suave e baseada em aplicativo no Android e iOS.<\/li>\n<\/ul>\n<h2>Como usar o Bigo<\/h2>\n<p>Come\u00e7ar a usar o Bigo \u00e9 simples, mas \u00e9 um pouco diferente das plataformas minimalistas de bate-papo aleat\u00f3rio.<\/p>\n<h3>Etapa 1: Fa\u00e7a o download do aplicativo<\/h3>\n<ul>\n<li>Dispon\u00edvel no Google Play e na App Store.<\/li>\n<\/ul>\n<h3>Etapa 2: Registrar-se<\/h3>\n<ul>\n<li>\u00c9 necess\u00e1rio registrar-se (por telefone, e-mail ou contas sociais).<\/li>\n<li>A configura\u00e7\u00e3o b\u00e1sica do perfil ajuda voc\u00ea a se conectar com outras pessoas.<\/li>\n<\/ul>\n<h3>Etapa 3: Explore o conte\u00fado<\/h3>\n<ul>\n<li>Procure transmiss\u00f5es ao vivo por categoria, regi\u00e3o ou listas de tend\u00eancias.<\/li>\n<li>Entre em bate-papos aleat\u00f3rios ou participe de salas de grupo.<\/li>\n<\/ul>\n<h3>Etapa 4: Iniciar o bate-papo<\/h3>\n<ul>\n<li>Conecte-se por meio de um bate-papo por v\u00eddeo individual aleat\u00f3rio.<\/li>\n<li>Ou interaja com os streamers ao vivo por meio de texto, adesivos e presentes.<\/li>\n<\/ul>\n<h3>Etapa 5: entrar em opera\u00e7\u00e3o (opcional)<\/h3>\n<ul>\n<li>Habilite sua c\u00e2mera e inicie sua pr\u00f3pria transmiss\u00e3o.<\/li>\n<li>Conquiste seguidores e potencialmente ganhe dinheiro com presentes virtuais.<\/li>\n<\/ul>\n<h3>Etapa 6: Mantenha-se engajado<\/h3>\n<ul>\n<li>Participe de comunidades, eventos e batalhas ao vivo.<\/li>\n<\/ul>\n<h2>Experi\u00eancia do usu\u00e1rio na Bigo<\/h2>\n<h3>O que os usu\u00e1rios gostam<\/h3>\n<ul>\n<li>Grande variedade de conte\u00fado (n\u00e3o apenas bate-papo).<\/li>\n<li>Capacidade de assistir e participar.<\/li>\n<li>Op\u00e7\u00e3o de bate-papo aleat\u00f3rio para conex\u00f5es individuais.<\/li>\n<li>Alcance global com diversos usu\u00e1rios.<\/li>\n<li>Oportunidades de monetiza\u00e7\u00e3o para os criadores.<\/li>\n<\/ul>\n<h3>Reclama\u00e7\u00f5es comuns<\/h3>\n<ul>\n<li>Requer inscri\u00e7\u00e3o (n\u00e3o an\u00f4nima como Omegle).<\/li>\n<li>A economia de presentes altamente monetizada pode parecer comercial.<\/li>\n<li>Algumas transmiss\u00f5es priorizam o entretenimento em vez da conversa casual.<\/li>\n<li>A modera\u00e7\u00e3o da comunidade varia de acordo com a regi\u00e3o.<\/li>\n<\/ul>\n<p>Em geral, o Bigo oferece uma experi\u00eancia rica e envolvente para pessoas que desejam mais do que um simples bate-papo por v\u00eddeo aleat\u00f3rio.<\/p>\n<h2>Bigo vs. outras plataformas de bate-papo<\/h2>\n<p>Veja como o Bigo se compara a alguns concorrentes:<\/p>\n<table>\n<thead>\n<tr>\n<th>Recurso<\/th>\n<th>Bigo Live<\/th>\n<th>Omegle<\/th>\n<th>Chatroulette<\/th>\n<th>ChatHub<\/th>\n<th>Aplicativo Monkey<\/th>\n<th>LivU<\/th>\n<\/tr>\n<\/thead>\n<tbody>\n<tr>\n<td>Transmiss\u00e3o ao vivo<\/td>\n<td>\u2705 Sim<\/td>\n<td>\u274c N\u00e3o<\/td>\n<td>\u274c N\u00e3o<\/td>\n<td>\u274c N\u00e3o<\/td>\n<td>\u2705 Sim<\/td>\n<td>\u2705 Sim<\/td>\n<\/tr>\n<tr>\n<td>V\u00eddeo aleat\u00f3rio individual<\/td>\n<td>\u2705 Sim<\/td>\n<td>\u2705 Sim<\/td>\n<td>\u2705 Sim<\/td>\n<td>\u2705 Sim<\/td>\n<td>\u2705 Sim<\/td>\n<td>\u2705 Sim<\/td>\n<\/tr>\n<tr>\n<td>Salas de bate-papo em grupo<\/td>\n<td>\u2705 Sim<\/td>\n<td>\u274c N\u00e3o<\/td>\n<td>\u274c N\u00e3o<\/td>\n<td>\u274c N\u00e3o<\/td>\n<td>\u2705 Sim<\/td>\n<td>\u2705 Sim<\/td>\n<\/tr>\n<tr>\n<td>Fluxos de jogos<\/td>\n<td>\u2705 Sim<\/td>\n<td>\u274c N\u00e3o<\/td>\n<td>\u274c N\u00e3o<\/td>\n<td>\u274c N\u00e3o<\/td>\n<td>\u274c N\u00e3o<\/td>\n<td>\u274c N\u00e3o<\/td>\n<\/tr>\n<tr>\n<td>Monetiza\u00e7\u00e3o<\/td>\n<td>\u2705 Sim<\/td>\n<td>\u274c N\u00e3o<\/td>\n<td>\u274c N\u00e3o<\/td>\n<td>\u274c N\u00e3o<\/td>\n<td>\u274c N\u00e3o<\/td>\n<td>\u2705 Limitada<\/td>\n<\/tr>\n<tr>\n<td>Compat\u00edvel com dispositivos m\u00f3veis<\/td>\n<td>\u2705 Sim (aplicativo)<\/td>\n<td>\u2705 Sim<\/td>\n<td>\u2705 Sim<\/td>\n<td>\u2705 Sim<\/td>\n<td>\u2705 Sim<\/td>\n<td>\u2705 Sim<\/td>\n<\/tr>\n<\/tbody>\n<\/table>\n<p>Resumo: o Bigo oferece muito mais recursos do que os sites cl\u00e1ssicos de bate-papo aleat\u00f3rio. Enquanto o Omegle ou o Chatroulette se concentram em encontros r\u00e1pidos, o Bigo combina essa aleatoriedade com redes sociais e ferramentas de cria\u00e7\u00e3o, fazendo com que pare\u00e7a um h\u00edbrido entre Twitch, TikTok e Omegle.<\/p>\n<h2>O Bigo \u00e9 seguro?<\/h2>\n<p>Como em todas as plataformas que combinam v\u00eddeo ao vivo e estranhos, a seguran\u00e7a \u00e9 um t\u00f3pico importante.<\/p>\n<h3>Ferramentas de seguran\u00e7a incorporadas<\/h3>\n<ul>\n<li>As equipes de modera\u00e7\u00e3o monitoram os fluxos.<\/li>\n<li>Ferramentas de den\u00fancia e bloqueio de comportamentos inadequados.<\/li>\n<li>As diretrizes da comunidade restringem o conte\u00fado nocivo.<\/li>\n<\/ul>\n<h3>Dicas de seguran\u00e7a para usu\u00e1rios<\/h3>\n<ul>\n<li>Seja cauteloso ao compartilhar informa\u00e7\u00f5es pessoais.<\/li>\n<li>Os pais devem supervisionar os usu\u00e1rios mais jovens, pois o aplicativo \u00e9 popular entre os adolescentes.<\/li>\n<li>Use os bate-papos privados com responsabilidade - pule qualquer um que pare\u00e7a desconfort\u00e1vel.<\/li>\n<li>Use fluxos moderados para intera\u00e7\u00f5es mais seguras.<\/li>\n<\/ul>\n<h2>Dicas para aproveitar ao m\u00e1ximo o Bigo<\/h2>\n<ul>\n<li>Seja um espectador primeiro. Explore os fluxos antes de iniciar seu pr\u00f3prio fluxo.<\/li>\n<li>Use \u00e1udio e v\u00eddeo de qualidade se a apresenta\u00e7\u00e3o for importante para a transmiss\u00e3o.<\/li>\n<li>Experimente bate-papos aleat\u00f3rios para interc\u00e2mbio cultural.<\/li>\n<li>Participe de transmiss\u00f5es de jogos se voc\u00ea gosta de esportes eletr\u00f4nicos ou jogos para celular.<\/li>\n<li>Experimente o streaming se quiser criar seguidores.<\/li>\n<li>Use as ferramentas de modera\u00e7\u00e3o - bloqueie ou denuncie, se necess\u00e1rio.<\/li>\n<\/ul>\n<h2>Problemas comuns e corre\u00e7\u00f5es<\/h2>\n<h3>Problema: o aplicativo n\u00e3o est\u00e1 carregando<\/h3>\n<ul>\n<li>Atualize para a vers\u00e3o mais recente.<\/li>\n<li>Limpe o cache do aplicativo ou reinstale-o.<\/li>\n<\/ul>\n<h3>Problema: problemas de \u00e1udio\/v\u00eddeo<\/h3>\n<ul>\n<li>Verifique as permiss\u00f5es do dispositivo.<\/li>\n<li>Reinicie o aplicativo.<\/li>\n<li>Mude para Wi-Fi se os dados m\u00f3veis estiverem inst\u00e1veis.<\/li>\n<\/ul>\n<h3>Problema: excesso de an\u00fancios\/propagandas comerciais<\/h3>\n<ul>\n<li>Isso faz parte do modelo de monetiza\u00e7\u00e3o da Bigo - envolva-se com o conte\u00fado que voc\u00ea gosta e ignore o resto.<\/li>\n<\/ul>\n<h3>Problema: Encontrando fluxos inadequados<\/h3>\n<ul>\n<li>Use a fun\u00e7\u00e3o de relat\u00f3rio.<\/li>\n<li>Fique em salas populares e moderadas.<\/li>\n<\/ul>\n<h2>Por que as pessoas escolhem a Bigo<\/h2>\n<p>A Bigo se tornou popular em todo o mundo porque oferece:<\/p>\n<ul>\n<li>Diversas op\u00e7\u00f5es - transmitir, bater papo ou assistir.<\/li>\n<li>Entretenimento al\u00e9m dos encontros aleat\u00f3rios.<\/li>\n<li>Conex\u00f5es globais com milh\u00f5es de usu\u00e1rios.<\/li>\n<li>Os criadores de streaming econ\u00f4mico podem ganhar dinheiro de verdade.<\/li>\n<\/ul>\n<p>\u00c9 mais do que apenas um aplicativo de bate-papo - \u00e9 uma plataforma social com bate-papo por v\u00eddeo aleat\u00f3rio incorporado.<\/p>\n<h2>Considera\u00e7\u00f5es finais: Vale a pena usar o Bigo?<\/h2>\n<p>Se voc\u00ea est\u00e1 procurando um h\u00edbrido entre transmiss\u00e3o ao vivo e bate-papo aleat\u00f3rio, o Bigo \u00e9 uma das plataformas mais fortes dispon\u00edveis atualmente. Embora n\u00e3o seja t\u00e3o an\u00f4nima ou leve quanto a Omegle, ela oferece muito mais variedade e profundidade.<\/p>\n<p>Se voc\u00ea quiser:<\/p>\n<ul>\n<li>Conhe\u00e7a estranhos individualmente.<\/li>\n<li>Assista a transmiss\u00f5es globais ao vivo.<\/li>\n<li>Participe de comunidades de jogos.<\/li>\n<li>Ou at\u00e9 mesmo tentar transmitir voc\u00ea mesmo...<\/li>\n<\/ul>\n<p>O Bigo oferece tudo isso em um \u00fanico aplicativo.<\/p>\n<p>Resumindo: o Bigo \u00e9 uma poderosa plataforma de transmiss\u00e3o ao vivo e bate-papo aleat\u00f3rio que atende tanto a usu\u00e1rios casuais quanto a criadores s\u00e9rios. Se voc\u00ea deseja mais do que apenas bate-papos an\u00f4nimos curtos, \u00e9 uma \u00f3tima op\u00e7\u00e3o a ser explorada.<\/p>\n<p>Pronto para experimentar? Baixe o Bigo, crie sua conta e comece a explorar fluxos e bate-papos aleat\u00f3rios hoje mesmo.<\/p>","protected":false},"excerpt":{"rendered":"<p>The internet has reshaped how people communicate, moving from one-on-one text messaging and group chatrooms into the era of live streaming and real-time video connections. While platforms like Omegle and Chatroulette pioneered the concept of random encounters, others have evolved the experience into something bigger and more social. Bigo Live, often simply called Bigo, stands [&hellip;]<\/p>\n","protected":false},"author":6,"featured_media":0,"parent":0,"menu_order":0,"comment_status":"closed","ping_status":"closed","template":"","meta":{"footnotes":""},"class_list":["post-12823","page","type-page","status-publish","hentry"],"yoast_head":"<!-- This site is optimized with the Yoast SEO plugin v27.6 - https:\/\/yoast.com\/product\/yoast-seo-wordpress\/ -->\n<title>Bigo - Live Stream and Chat Rooms Online - TinyChat.com<\/title>\n<meta name=\"description\" content=\"Enjoying Bigo? Join over 50,000,000 strangers on TinyChat! Turn on your cam and start meeting new people, or find a match.\" \/>\n<meta name=\"robots\" content=\"index, follow, max-snippet:-1, max-image-preview:large, max-video-preview:-1\" \/>\n<link rel=\"canonical\" href=\"https:\/\/tinychat.com\/pt-br\/bigo\/\" \/>\n<meta property=\"og:locale\" content=\"pt_BR\" \/>\n<meta property=\"og:type\" content=\"article\" \/>\n<meta property=\"og:title\" content=\"Bigo - Live Stream and Chat Rooms Online - TinyChat.com\" \/>\n<meta property=\"og:description\" content=\"Enjoying Bigo? Join over 50,000,000 strangers on TinyChat! Turn on your cam and start meeting new people, or find a match.\" \/>\n<meta property=\"og:url\" content=\"https:\/\/tinychat.com\/pt-br\/bigo\/\" \/>\n<meta property=\"og:site_name\" content=\"TinyChat\" \/>\n<meta property=\"article:publisher\" content=\"https:\/\/www.facebook.com\/tinychat\" \/>\n<meta property=\"article:modified_time\" content=\"2025-09-29T10:39:34+00:00\" \/>\n<meta property=\"og:image\" content=\"https:\/\/tinychat.com\/wp-content\/uploads\/2020\/04\/Tinychat-logo-1280x284-new-black.png\" \/>\n\t<meta property=\"og:image:width\" content=\"1280\" \/>\n\t<meta property=\"og:image:height\" content=\"284\" \/>\n\t<meta property=\"og:image:type\" content=\"image\/png\" \/>\n<meta name=\"twitter:card\" content=\"summary_large_image\" \/>\n<meta name=\"twitter:site\" content=\"@tinychat\" \/>\n<meta name=\"twitter:label1\" content=\"Est. tempo de leitura\" \/>\n\t<meta name=\"twitter:data1\" content=\"6 minutos\" \/>\n<script type=\"application\/ld+json\" class=\"yoast-schema-graph\">{\"@context\":\"https:\\\/\\\/schema.org\",\"@graph\":[{\"@type\":\"WebPage\",\"@id\":\"https:\\\/\\\/tinychat.com\\\/bigo\\\/\",\"url\":\"https:\\\/\\\/tinychat.com\\\/bigo\\\/\",\"name\":\"Bigo - Live Stream and Chat Rooms Online - TinyChat.com\",\"isPartOf\":{\"@id\":\"https:\\\/\\\/tinychat.com\\\/#website\"},\"datePublished\":\"2025-09-29T08:41:55+00:00\",\"dateModified\":\"2025-09-29T10:39:34+00:00\",\"description\":\"Enjoying Bigo? Join over 50,000,000 strangers on TinyChat! Turn on your cam and start meeting new people, or find a match.\",\"breadcrumb\":{\"@id\":\"https:\\\/\\\/tinychat.com\\\/bigo\\\/#breadcrumb\"},\"inLanguage\":\"pt-BR\",\"potentialAction\":[{\"@type\":\"ReadAction\",\"target\":[\"https:\\\/\\\/tinychat.com\\\/bigo\\\/\"]}]},{\"@type\":\"BreadcrumbList\",\"@id\":\"https:\\\/\\\/tinychat.com\\\/bigo\\\/#breadcrumb\",\"itemListElement\":[{\"@type\":\"ListItem\",\"position\":1,\"name\":\"Home\",\"item\":\"https:\\\/\\\/tinychat.com\\\/\"},{\"@type\":\"ListItem\",\"position\":2,\"name\":\"Bigo\"}]},{\"@type\":\"WebSite\",\"@id\":\"https:\\\/\\\/tinychat.com\\\/#website\",\"url\":\"https:\\\/\\\/tinychat.com\\\/\",\"name\":\"TinyChat\",\"description\":\"Random Video Chat with Strangers\",\"publisher\":{\"@id\":\"https:\\\/\\\/tinychat.com\\\/#organization\"},\"alternateName\":\"TinyChat.com\",\"potentialAction\":[{\"@type\":\"SearchAction\",\"target\":{\"@type\":\"EntryPoint\",\"urlTemplate\":\"https:\\\/\\\/tinychat.com\\\/?s={search_term_string}\"},\"query-input\":{\"@type\":\"PropertyValueSpecification\",\"valueRequired\":true,\"valueName\":\"search_term_string\"}}],\"inLanguage\":\"pt-BR\"},{\"@type\":\"Organization\",\"@id\":\"https:\\\/\\\/tinychat.com\\\/#organization\",\"name\":\"TinyChat\",\"alternateName\":\"TinyChat.com\",\"url\":\"https:\\\/\\\/tinychat.com\\\/\",\"logo\":{\"@type\":\"ImageObject\",\"inLanguage\":\"pt-BR\",\"@id\":\"https:\\\/\\\/tinychat.com\\\/#\\\/schema\\\/logo\\\/image\\\/\",\"url\":\"https:\\\/\\\/tinychat.com\\\/wp-content\\\/uploads\\\/2023\\\/11\\\/Tinychat-icon-square.png\",\"contentUrl\":\"https:\\\/\\\/tinychat.com\\\/wp-content\\\/uploads\\\/2023\\\/11\\\/Tinychat-icon-square.png\",\"width\":284,\"height\":284,\"caption\":\"TinyChat\"},\"image\":{\"@id\":\"https:\\\/\\\/tinychat.com\\\/#\\\/schema\\\/logo\\\/image\\\/\"},\"sameAs\":[\"https:\\\/\\\/www.facebook.com\\\/tinychat\",\"https:\\\/\\\/x.com\\\/tinychat\"]}]}<\/script>\n<!-- \/ Yoast SEO plugin. -->","yoast_head_json":{"title":"Bigo - Transmiss\u00e3o ao vivo e salas de bate-papo on-line - TinyChat.com","description":"Est\u00e1 gostando do Bigo? Junte-se a mais de 50.000.000 de estranhos no TinyChat! Ligue sua c\u00e2mera e comece a conhecer novas pessoas ou encontre um par.","robots":{"index":"index","follow":"follow","max-snippet":"max-snippet:-1","max-image-preview":"max-image-preview:large","max-video-preview":"max-video-preview:-1"},"canonical":"https:\/\/tinychat.com\/pt-br\/bigo\/","og_locale":"pt_BR","og_type":"article","og_title":"Bigo - Live Stream and Chat Rooms Online - TinyChat.com","og_description":"Enjoying Bigo? Join over 50,000,000 strangers on TinyChat! Turn on your cam and start meeting new people, or find a match.","og_url":"https:\/\/tinychat.com\/pt-br\/bigo\/","og_site_name":"TinyChat","article_publisher":"https:\/\/www.facebook.com\/tinychat","article_modified_time":"2025-09-29T10:39:34+00:00","og_image":[{"width":1280,"height":284,"url":"https:\/\/tinychat.com\/wp-content\/uploads\/2020\/04\/Tinychat-logo-1280x284-new-black.png","type":"image\/png"}],"twitter_card":"summary_large_image","twitter_site":"@tinychat","twitter_misc":{"Est. tempo de leitura":"6 minutos"},"schema":{"@context":"https:\/\/schema.org","@graph":[{"@type":"WebPage","@id":"https:\/\/tinychat.com\/bigo\/","url":"https:\/\/tinychat.com\/bigo\/","name":"Bigo - Transmiss\u00e3o ao vivo e salas de bate-papo on-line - TinyChat.com","isPartOf":{"@id":"https:\/\/tinychat.com\/#website"},"datePublished":"2025-09-29T08:41:55+00:00","dateModified":"2025-09-29T10:39:34+00:00","description":"Est\u00e1 gostando do Bigo? Junte-se a mais de 50.000.000 de estranhos no TinyChat! Ligue sua c\u00e2mera e comece a conhecer novas pessoas ou encontre um par.","breadcrumb":{"@id":"https:\/\/tinychat.com\/bigo\/#breadcrumb"},"inLanguage":"pt-BR","potentialAction":[{"@type":"ReadAction","target":["https:\/\/tinychat.com\/bigo\/"]}]},{"@type":"BreadcrumbList","@id":"https:\/\/tinychat.com\/bigo\/#breadcrumb","itemListElement":[{"@type":"ListItem","position":1,"name":"Home","item":"https:\/\/tinychat.com\/"},{"@type":"ListItem","position":2,"name":"Bigo"}]},{"@type":"WebSite","@id":"https:\/\/tinychat.com\/#website","url":"https:\/\/tinychat.com\/","name":"TinyChat","description":"Bate-papo por v\u00eddeo aleat\u00f3rio com estranhos","publisher":{"@id":"https:\/\/tinychat.com\/#organization"},"alternateName":"TinyChat.com","potentialAction":[{"@type":"SearchAction","target":{"@type":"EntryPoint","urlTemplate":"https:\/\/tinychat.com\/?s={search_term_string}"},"query-input":{"@type":"PropertyValueSpecification","valueRequired":true,"valueName":"search_term_string"}}],"inLanguage":"pt-BR"},{"@type":"Organization","@id":"https:\/\/tinychat.com\/#organization","name":"TinyChat","alternateName":"TinyChat.com","url":"https:\/\/tinychat.com\/","logo":{"@type":"ImageObject","inLanguage":"pt-BR","@id":"https:\/\/tinychat.com\/#\/schema\/logo\/image\/","url":"https:\/\/tinychat.com\/wp-content\/uploads\/2023\/11\/Tinychat-icon-square.png","contentUrl":"https:\/\/tinychat.com\/wp-content\/uploads\/2023\/11\/Tinychat-icon-square.png","width":284,"height":284,"caption":"TinyChat"},"image":{"@id":"https:\/\/tinychat.com\/#\/schema\/logo\/image\/"},"sameAs":["https:\/\/www.facebook.com\/tinychat","https:\/\/x.com\/tinychat"]}]}},"_links":{"self":[{"href":"https:\/\/tinychat.com\/pt-br\/wp-json\/wp\/v2\/pages\/12823","targetHints":{"allow":["GET"]}}],"collection":[{"href":"https:\/\/tinychat.com\/pt-br\/wp-json\/wp\/v2\/pages"}],"about":[{"href":"https:\/\/tinychat.com\/pt-br\/wp-json\/wp\/v2\/types\/page"}],"author":[{"embeddable":true,"href":"https:\/\/tinychat.com\/pt-br\/wp-json\/wp\/v2\/users\/6"}],"replies":[{"embeddable":true,"href":"https:\/\/tinychat.com\/pt-br\/wp-json\/wp\/v2\/comments?post=12823"}],"version-history":[{"count":4,"href":"https:\/\/tinychat.com\/pt-br\/wp-json\/wp\/v2\/pages\/12823\/revisions"}],"predecessor-version":[{"id":13541,"href":"https:\/\/tinychat.com\/pt-br\/wp-json\/wp\/v2\/pages\/12823\/revisions\/13541"}],"wp:attachment":[{"href":"https:\/\/tinychat.com\/pt-br\/wp-json\/wp\/v2\/media?parent=12823"}],"curies":[{"name":"wp","href":"https:\/\/api.w.org\/{rel}","templated":true}]}}