{"id":1319,"date":"2025-08-11T08:58:22","date_gmt":"2025-08-11T06:58:22","guid":{"rendered":"https:\/\/tinychat.com\/?page_id=1319"},"modified":"2025-08-11T09:23:00","modified_gmt":"2025-08-11T07:23:00","slug":"camloo","status":"publish","type":"page","link":"https:\/\/tinychat.com\/pt-br\/camloo\/","title":{"rendered":"Camloo"},"content":{"rendered":"<p>Em uma era em que a maioria das m\u00eddias sociais parece previs\u00edvel e orientada por algoritmos, o Camloo se destaca por reviver a pura espontaneidade das intera\u00e7\u00f5es on-line. Como uma moderna plataforma de bate-papo por v\u00eddeo aleat\u00f3rio, o Camloo re\u00fane estranhos de todo o mundo para conversas instant\u00e2neas e face a face - sem rolagem intermin\u00e1vel, sem feeds selecionados, apenas pessoas reais se encontrando em tempo real.<\/p>\n<p>Com correspond\u00eancia r\u00e1pida, qualidade de v\u00eddeo HD e uma interface f\u00e1cil de usar, o Camloo possibilita a realiza\u00e7\u00e3o de bate-papos envolventes em segundos, seja para fazer novos amigos, paquerar, praticar um idioma estrangeiro ou apenas passar o tempo com estranhos interessantes.<\/p>\n<p>Esta an\u00e1lise abrangente cobre tudo o que voc\u00ea precisa saber sobre o Camloo, incluindo seus recursos, medidas de seguran\u00e7a e como ele se compara a outros servi\u00e7os populares de bate-papo por v\u00eddeo.<\/p>\n<h2>O que \u00e9 Camloo?<\/h2>\n<p>O Camloo \u00e9 um site e aplicativo de bate-papo por v\u00eddeo aleat\u00f3rio criado para conectar instantaneamente pessoas de todo o mundo. Como o Omegle, o Chatroulette e o ChatHub, seu foco principal \u00e9 a intera\u00e7\u00e3o por v\u00eddeo ao vivo, mas com uma interface mais limpa, melhor estabilidade de transmiss\u00e3o e ferramentas voltadas para a privacidade.<\/p>\n<p>A plataforma elimina o atrito de configurar contas ou navegar em menus complexos - voc\u00ea pode entrar em uma conversa segundos depois de visitar o site ou abrir o aplicativo. Essa simplicidade \u00e9 um grande atrativo tanto para usu\u00e1rios casuais quanto para os que conversam regularmente.<\/p>\n<h2>Principais recursos do Camloo<\/h2>\n<p>O Camloo \u00e9 mais do que apenas um portal de bate-papo b\u00e1sico - ele inclui recursos inteligentes que tornam as conversas mais agrad\u00e1veis e seguras.<\/p>\n<h3>1. Correspond\u00eancia instant\u00e2nea<\/h3>\n<ul>\n<li>Um clique ou um toque para se conectar com um estranho.<\/li>\n<li>N\u00e3o \u00e9 necess\u00e1rio um longo processo de registro para uso b\u00e1sico.<\/li>\n<li>Velocidades de conex\u00e3o r\u00e1pidas com tempo m\u00ednimo de espera.<\/li>\n<\/ul>\n<h3>2. Filtros de localiza\u00e7\u00e3o e g\u00eanero<\/h3>\n<ul>\n<li>Escolha combinar com pessoas de um pa\u00eds ou regi\u00e3o espec\u00edficos.<\/li>\n<li>Filtre por g\u00eanero para personalizar sua experi\u00eancia.<\/li>\n<li>Os filtros podem ser ativados ou desativados de acordo com seu humor.<\/li>\n<\/ul>\n<h3>3. Op\u00e7\u00e3o de bate-papo por texto<\/h3>\n<ul>\n<li>Mensagens de texto integradas ao v\u00eddeo.<\/li>\n<li>Perfeito para compartilhar links, piadas ou tradu\u00e7\u00f5es r\u00e1pidas.<\/li>\n<\/ul>\n<h3>4. Recurso Friend &amp; Reconnect<\/h3>\n<ul>\n<li>Adicione pessoas interessantes \u00e0 sua lista de amigos.<\/li>\n<li>Reconecte-se mais tarde sem depender apenas de correspond\u00eancias aleat\u00f3rias.<\/li>\n<\/ul>\n<h3>5. Efeitos visuais divertidos<\/h3>\n<ul>\n<li>Use filtros e adesivos para aprimorar sua presen\u00e7a no v\u00eddeo.<\/li>\n<li>Excelente para quebrar o gelo e tornar as chamadas mais divertidas.<\/li>\n<\/ul>\n<h3>6. Ferramentas de privacidade e seguran\u00e7a<\/h3>\n<ul>\n<li>O modo de visualiza\u00e7\u00e3o de desfoque permite que voc\u00ea veja uma silhueta antes de revelar o feed.<\/li>\n<li>Bot\u00f5es de relat\u00f3rio e bloqueio de f\u00e1cil acesso.<\/li>\n<li>Modera\u00e7\u00e3o ativa para remover conte\u00fado inadequado.<\/li>\n<\/ul>\n<h3>7. Acesso entre plataformas<\/h3>\n<ul>\n<li>Funciona tanto em navegadores de desktop quanto em dispositivos m\u00f3veis.<\/li>\n<li>Layout responsivo para uma navega\u00e7\u00e3o tranquila em qualquer tamanho de tela.<\/li>\n<\/ul>\n<h2>Como usar o Camloo<\/h2>\n<p>O Camloo foi projetado para facilitar ao m\u00e1ximo o uso.<\/p>\n<h3>Etapa 1: Visite o site ou fa\u00e7a o download do aplicativo<\/h3>\n<ul>\n<li>Os usu\u00e1rios de desktop podem acessar o site oficial do Camloo.<\/li>\n<li>Os usu\u00e1rios de dispositivos m\u00f3veis podem usar a vers\u00e3o do navegador ou o aplicativo dedicado.<\/li>\n<\/ul>\n<h3>Etapa 2: Ajuste suas configura\u00e7\u00f5es<\/h3>\n<ul>\n<li>Selecione seu pa\u00eds preferido ou deixe-o aberto para correspond\u00eancia global.<\/li>\n<li>Escolha o filtro de g\u00eanero, se desejar.<\/li>\n<li>Ativar ou desativar o modo de desfoque.<\/li>\n<\/ul>\n<h3>Etapa 3: Iniciar o bate-papo<\/h3>\n<ul>\n<li>Clique em Start e voc\u00ea estar\u00e1 conectado em segundos.<\/li>\n<li>Passe o dedo ou clique em Next para pular e conhecer algu\u00e9m novo.<\/li>\n<\/ul>\n<h3>Etapa 4: Adicionar amigos e continuar<\/h3>\n<ul>\n<li>Salve contatos para conversas futuras.<\/li>\n<li>Use a barra lateral do bate-papo para enviar mensagens durante o v\u00eddeo.<\/li>\n<\/ul>\n<h2>Experi\u00eancia do usu\u00e1rio no Camloo<\/h2>\n<p>O design simples e o desempenho est\u00e1vel do Camloo o tornaram um dos favoritos entre os usu\u00e1rios que buscam uma intera\u00e7\u00e3o sem complica\u00e7\u00f5es.<\/p>\n<h3>O que os usu\u00e1rios adoram<\/h3>\n<ul>\n<li>Inicializa\u00e7\u00e3o r\u00e1pida - bate-papo em segundos.<\/li>\n<li>Qualidade de v\u00eddeo est\u00e1vel, mesmo em velocidades m\u00e9dias de Internet.<\/li>\n<li>Filtros para encontrar correspond\u00eancias relevantes.<\/li>\n<li>Visualiza\u00e7\u00e3o do Blur para primeiras impress\u00f5es mais seguras.<\/li>\n<li>Interface de usu\u00e1rio amig\u00e1vel que funciona bem em dispositivos m\u00f3veis e computadores.<\/li>\n<li>Sem press\u00e3o - pule a qualquer momento sem constrangimento.<\/li>\n<\/ul>\n<h3>Onde os usu\u00e1rios veem espa\u00e7o para melhorias<\/h3>\n<ul>\n<li>Recursos avan\u00e7ados limitados em compara\u00e7\u00e3o com alguns concorrentes.<\/li>\n<li>Menos efeitos no aplicativo do que as plataformas que priorizam as redes sociais, como o Azar.<\/li>\n<li>Base de usu\u00e1rios menor em hor\u00e1rios fora de pico em determinadas regi\u00f5es.<\/li>\n<li>Podem ser necess\u00e1rias vantagens premium para obter o m\u00e1ximo de filtragem.<\/li>\n<\/ul>\n<h2>Camloo vs. outras plataformas de bate-papo por v\u00eddeo<\/h2>\n<table>\n<thead>\n<tr>\n<th>Recurso<\/th>\n<th>Camloo<\/th>\n<th>OmegleWeb<\/th>\n<th>ChatHub<\/th>\n<th>Camzey<\/th>\n<th>LuckyCrush<\/th>\n<th>Azar<\/th>\n<\/tr>\n<\/thead>\n<tbody>\n<tr>\n<td>Random Video Chat com Estranhos<\/td>\n<td>\u2705 Sim<\/td>\n<td>\u2705 Sim<\/td>\n<td>\u2705 Sim<\/td>\n<td>\u2705 Sim<\/td>\n<td>\u2705 Sim<\/td>\n<td>\u2705 Sim<\/td>\n<\/tr>\n<tr>\n<td>Filtros de g\u00eanero\/localiza\u00e7\u00e3o<\/td>\n<td>\u2705 Sim<\/td>\n<td>\u26a0\ufe0f Limited<\/td>\n<td>\u2705 Sim<\/td>\n<td>\u2705 Sim<\/td>\n<td>\u2705 Sim<\/td>\n<td>\u2705 Sim<\/td>\n<\/tr>\n<tr>\n<td>Modo de visualiza\u00e7\u00e3o de desfoque<\/td>\n<td>\u2705 Sim<\/td>\n<td>\u274c N\u00e3o<\/td>\n<td>\u2705 Sim<\/td>\n<td>\u2705 Sim<\/td>\n<td>\u274c N\u00e3o<\/td>\n<td>\u2705 Sim<\/td>\n<\/tr>\n<tr>\n<td>Filtros\/efeitos divertidos<\/td>\n<td>\u2705 Sim<\/td>\n<td>\u274c N\u00e3o<\/td>\n<td>\u2705 Sim<\/td>\n<td>\u2705 Sim<\/td>\n<td>\u274c N\u00e3o<\/td>\n<td>\u2705 Sim<\/td>\n<\/tr>\n<tr>\n<td>Sistema de amigos<\/td>\n<td>\u2705 Sim<\/td>\n<td>\u274c N\u00e3o<\/td>\n<td>\u2705 Sim<\/td>\n<td>\u2705 Sim<\/td>\n<td>\u2705 Sim<\/td>\n<td>\u2705 Sim<\/td>\n<\/tr>\n<tr>\n<td>Tradu\u00e7\u00e3o<\/td>\n<td>\u274c N\u00e3o<\/td>\n<td>\u274c N\u00e3o<\/td>\n<td>\u274c N\u00e3o<\/td>\n<td>\u274c N\u00e3o<\/td>\n<td>\u274c N\u00e3o<\/td>\n<td>\u2705 Sim<\/td>\n<\/tr>\n<tr>\n<td>Multiplataforma<\/td>\n<td>\u2705 Sim<\/td>\n<td>\u2705 Sim<\/td>\n<td>\u2705 Sim<\/td>\n<td>\u2705 Sim<\/td>\n<td>\u2705 Sim<\/td>\n<td>\u2705 Sim<\/td>\n<\/tr>\n<\/tbody>\n<\/table>\n<p>Resumo: o equil\u00edbrio entre facilidade de uso, ferramentas de privacidade e compatibilidade entre plataformas do Camloo o torna ideal para usu\u00e1rios que desejam bate-papos por v\u00eddeo r\u00e1pidos, limpos e agrad\u00e1veis, sem complica\u00e7\u00f5es desnecess\u00e1rias.<\/p>\n<h2>O Camloo \u00e9 seguro?<\/h2>\n<p>O Yes-Camloo incorpora v\u00e1rias medidas de seguran\u00e7a para proteger os usu\u00e1rios:<\/p>\n<ul>\n<li>Modera\u00e7\u00e3o de IA em tempo real e revis\u00e3o humana.<\/li>\n<li>Desfoque a visualiza\u00e7\u00e3o para controlar o que \u00e9 mostrado.<\/li>\n<li>Bate-papo an\u00f4nimo sem detalhes pessoais.<\/li>\n<li>Recursos de bloqueio\/relat\u00f3rio para lidar com viola\u00e7\u00f5es rapidamente.<\/li>\n<\/ul>\n<h3>Dicas de seguran\u00e7a<\/h3>\n<ul>\n<li>N\u00e3o compartilhe informa\u00e7\u00f5es pessoais.<\/li>\n<li>Use filtros de g\u00eanero e localiza\u00e7\u00e3o com sabedoria.<\/li>\n<li>Encerre as conversas que o deixam desconfort\u00e1vel.<\/li>\n<li>Os pais devem monitorar o uso pelos adolescentes.<\/li>\n<\/ul>\n<h2>Dicas para obter o m\u00e1ximo do Camloo<\/h2>\n<ul>\n<li>Explore o modo global para expandir seu conhecimento cultural.<\/li>\n<li>Use filtros quando quiser conversas mais direcionadas.<\/li>\n<li>Fa\u00e7a login nos hor\u00e1rios de pico para obter mais partidas.<\/li>\n<li>Experimente efeitos para tornar os bate-papos mais divertidos.<\/li>\n<li>Mantenha o \u00e2ngulo da c\u00e2mera e a ilumina\u00e7\u00e3o bons para parecer amig\u00e1vel e acess\u00edvel.<\/li>\n<li>Denuncie agentes mal-intencionados para manter a plataforma segura.<\/li>\n<\/ul>\n<h2>Problemas e corre\u00e7\u00f5es comuns do Camloo<\/h2>\n<h3>N\u00e3o \u00e9 poss\u00edvel acessar a c\u00e2mera ou o microfone<\/h3>\n<p>Permita permiss\u00f5es nas configura\u00e7\u00f5es do navegador ou do aplicativo.<\/p>\n<h3>Baixa qualidade de v\u00eddeo<\/h3>\n<p>Mude para uma conex\u00e3o de Internet mais forte.<\/p>\n<h3>Os filtros n\u00e3o est\u00e3o funcionando<\/h3>\n<p>Fa\u00e7a login e verifique se eles exigem acesso premium.<\/p>\n<h3>Encontrando usu\u00e1rios inadequados<\/h3>\n<p>Bloqueie\/denuncie e siga em frente imediatamente.<\/p>\n<p>Se voc\u00ea estiver procurando uma plataforma de bate-papo por v\u00eddeo aleat\u00f3rio simples e moderna que o leve a conversas rapidamente, vale a pena experimentar o Camloo. Ele \u00e9 limpo, r\u00e1pido e tem recursos suficientes para tornar as intera\u00e7\u00f5es seguras e agrad\u00e1veis, sem sobrecarregar voc\u00ea com op\u00e7\u00f5es.<\/p>\n<p>Embora possa n\u00e3o ter extras chamativos, como tradu\u00e7\u00e3o ou grandes feeds sociais, o Camloo se destaca por proporcionar uma conex\u00e3o humana direta e sem filtros. Para muitos, isso \u00e9 exatamente o que o bate-papo por v\u00eddeo aleat\u00f3rio deve ser.<\/p>\n<p>Pronto para experimentar? Visite Camloo ou fa\u00e7a o download do aplicativo, clique em iniciar e veja quem est\u00e1 esperando do outro lado.<\/p>","protected":false},"excerpt":{"rendered":"<p>In an era where most social media feels predictable and algorithm-driven, Camloo stands out by reviving the pure spontaneity of online interactions. As a modern random video chat platform, Camloo brings together strangers from around the world for instant, face-to-face conversations\u2014no endless scrolling, no curated feeds, just real people meeting in real time. With fast [&hellip;]<\/p>\n","protected":false},"author":6,"featured_media":0,"parent":0,"menu_order":0,"comment_status":"closed","ping_status":"closed","template":"","meta":{"footnotes":""},"class_list":["post-1319","page","type-page","status-publish","hentry"],"yoast_head":"<!-- This site is optimized with the Yoast SEO plugin v27.5 - https:\/\/yoast.com\/product\/yoast-seo-wordpress\/ -->\n<title>Camloo - Alternative to OmeTV &amp; Monkey App - TinyChat.com<\/title>\n<meta name=\"description\" content=\"Enjoying Camloo? Join over 50,000,000 strangers on TinyChat! Turn on your cam and start meeting new people, or find a match.\" \/>\n<meta name=\"robots\" content=\"index, follow, max-snippet:-1, max-image-preview:large, max-video-preview:-1\" \/>\n<link rel=\"canonical\" href=\"https:\/\/tinychat.com\/pt-br\/camloo\/\" \/>\n<meta property=\"og:locale\" content=\"pt_BR\" \/>\n<meta property=\"og:type\" content=\"article\" \/>\n<meta property=\"og:title\" content=\"Camloo - Alternative to OmeTV &amp; Monkey App - TinyChat.com\" \/>\n<meta property=\"og:description\" content=\"Enjoying Camloo? Join over 50,000,000 strangers on TinyChat! Turn on your cam and start meeting new people, or find a match.\" \/>\n<meta property=\"og:url\" content=\"https:\/\/tinychat.com\/pt-br\/camloo\/\" \/>\n<meta property=\"og:site_name\" content=\"TinyChat\" \/>\n<meta property=\"article:publisher\" content=\"https:\/\/www.facebook.com\/tinychat\" \/>\n<meta property=\"article:modified_time\" content=\"2025-08-11T07:23:00+00:00\" \/>\n<meta property=\"og:image\" content=\"https:\/\/tinychat.com\/wp-content\/uploads\/2020\/04\/Tinychat-logo-1280x284-new-black.png\" \/>\n\t<meta property=\"og:image:width\" content=\"1280\" \/>\n\t<meta property=\"og:image:height\" content=\"284\" \/>\n\t<meta property=\"og:image:type\" content=\"image\/png\" \/>\n<meta name=\"twitter:card\" content=\"summary_large_image\" \/>\n<meta name=\"twitter:site\" content=\"@tinychat\" \/>\n<meta name=\"twitter:label1\" content=\"Est. tempo de leitura\" \/>\n\t<meta name=\"twitter:data1\" content=\"5 minutos\" \/>\n<script type=\"application\/ld+json\" class=\"yoast-schema-graph\">{\"@context\":\"https:\\\/\\\/schema.org\",\"@graph\":[{\"@type\":\"WebPage\",\"@id\":\"https:\\\/\\\/tinychat.com\\\/camloo\\\/\",\"url\":\"https:\\\/\\\/tinychat.com\\\/camloo\\\/\",\"name\":\"Camloo - Alternative to OmeTV & Monkey App - TinyChat.com\",\"isPartOf\":{\"@id\":\"https:\\\/\\\/tinychat.com\\\/#website\"},\"datePublished\":\"2025-08-11T06:58:22+00:00\",\"dateModified\":\"2025-08-11T07:23:00+00:00\",\"description\":\"Enjoying Camloo? Join over 50,000,000 strangers on TinyChat! Turn on your cam and start meeting new people, or find a match.\",\"breadcrumb\":{\"@id\":\"https:\\\/\\\/tinychat.com\\\/camloo\\\/#breadcrumb\"},\"inLanguage\":\"pt-BR\",\"potentialAction\":[{\"@type\":\"ReadAction\",\"target\":[\"https:\\\/\\\/tinychat.com\\\/camloo\\\/\"]}]},{\"@type\":\"BreadcrumbList\",\"@id\":\"https:\\\/\\\/tinychat.com\\\/camloo\\\/#breadcrumb\",\"itemListElement\":[{\"@type\":\"ListItem\",\"position\":1,\"name\":\"Home\",\"item\":\"https:\\\/\\\/tinychat.com\\\/\"},{\"@type\":\"ListItem\",\"position\":2,\"name\":\"Camloo\"}]},{\"@type\":\"WebSite\",\"@id\":\"https:\\\/\\\/tinychat.com\\\/#website\",\"url\":\"https:\\\/\\\/tinychat.com\\\/\",\"name\":\"TinyChat\",\"description\":\"Random Video Chat with Strangers\",\"publisher\":{\"@id\":\"https:\\\/\\\/tinychat.com\\\/#organization\"},\"alternateName\":\"TinyChat.com\",\"potentialAction\":[{\"@type\":\"SearchAction\",\"target\":{\"@type\":\"EntryPoint\",\"urlTemplate\":\"https:\\\/\\\/tinychat.com\\\/?s={search_term_string}\"},\"query-input\":{\"@type\":\"PropertyValueSpecification\",\"valueRequired\":true,\"valueName\":\"search_term_string\"}}],\"inLanguage\":\"pt-BR\"},{\"@type\":\"Organization\",\"@id\":\"https:\\\/\\\/tinychat.com\\\/#organization\",\"name\":\"TinyChat\",\"alternateName\":\"TinyChat.com\",\"url\":\"https:\\\/\\\/tinychat.com\\\/\",\"logo\":{\"@type\":\"ImageObject\",\"inLanguage\":\"pt-BR\",\"@id\":\"https:\\\/\\\/tinychat.com\\\/#\\\/schema\\\/logo\\\/image\\\/\",\"url\":\"https:\\\/\\\/tinychat.com\\\/wp-content\\\/uploads\\\/2023\\\/11\\\/Tinychat-icon-square.png\",\"contentUrl\":\"https:\\\/\\\/tinychat.com\\\/wp-content\\\/uploads\\\/2023\\\/11\\\/Tinychat-icon-square.png\",\"width\":284,\"height\":284,\"caption\":\"TinyChat\"},\"image\":{\"@id\":\"https:\\\/\\\/tinychat.com\\\/#\\\/schema\\\/logo\\\/image\\\/\"},\"sameAs\":[\"https:\\\/\\\/www.facebook.com\\\/tinychat\",\"https:\\\/\\\/x.com\\\/tinychat\"]}]}<\/script>\n<!-- \/ Yoast SEO plugin. -->","yoast_head_json":{"title":"Camloo - Alternativa ao OmeTV e Monkey App - TinyChat.com","description":"Est\u00e1 gostando do Camloo? Junte-se a mais de 50.000.000 de estranhos no TinyChat! Ligue sua c\u00e2mera e comece a conhecer novas pessoas ou encontre um par.","robots":{"index":"index","follow":"follow","max-snippet":"max-snippet:-1","max-image-preview":"max-image-preview:large","max-video-preview":"max-video-preview:-1"},"canonical":"https:\/\/tinychat.com\/pt-br\/camloo\/","og_locale":"pt_BR","og_type":"article","og_title":"Camloo - Alternative to OmeTV & Monkey App - TinyChat.com","og_description":"Enjoying Camloo? Join over 50,000,000 strangers on TinyChat! Turn on your cam and start meeting new people, or find a match.","og_url":"https:\/\/tinychat.com\/pt-br\/camloo\/","og_site_name":"TinyChat","article_publisher":"https:\/\/www.facebook.com\/tinychat","article_modified_time":"2025-08-11T07:23:00+00:00","og_image":[{"width":1280,"height":284,"url":"https:\/\/tinychat.com\/wp-content\/uploads\/2020\/04\/Tinychat-logo-1280x284-new-black.png","type":"image\/png"}],"twitter_card":"summary_large_image","twitter_site":"@tinychat","twitter_misc":{"Est. tempo de leitura":"5 minutos"},"schema":{"@context":"https:\/\/schema.org","@graph":[{"@type":"WebPage","@id":"https:\/\/tinychat.com\/camloo\/","url":"https:\/\/tinychat.com\/camloo\/","name":"Camloo - Alternativa ao OmeTV e Monkey App - TinyChat.com","isPartOf":{"@id":"https:\/\/tinychat.com\/#website"},"datePublished":"2025-08-11T06:58:22+00:00","dateModified":"2025-08-11T07:23:00+00:00","description":"Est\u00e1 gostando do Camloo? Junte-se a mais de 50.000.000 de estranhos no TinyChat! Ligue sua c\u00e2mera e comece a conhecer novas pessoas ou encontre um par.","breadcrumb":{"@id":"https:\/\/tinychat.com\/camloo\/#breadcrumb"},"inLanguage":"pt-BR","potentialAction":[{"@type":"ReadAction","target":["https:\/\/tinychat.com\/camloo\/"]}]},{"@type":"BreadcrumbList","@id":"https:\/\/tinychat.com\/camloo\/#breadcrumb","itemListElement":[{"@type":"ListItem","position":1,"name":"Home","item":"https:\/\/tinychat.com\/"},{"@type":"ListItem","position":2,"name":"Camloo"}]},{"@type":"WebSite","@id":"https:\/\/tinychat.com\/#website","url":"https:\/\/tinychat.com\/","name":"TinyChat","description":"Bate-papo por v\u00eddeo aleat\u00f3rio com estranhos","publisher":{"@id":"https:\/\/tinychat.com\/#organization"},"alternateName":"TinyChat.com","potentialAction":[{"@type":"SearchAction","target":{"@type":"EntryPoint","urlTemplate":"https:\/\/tinychat.com\/?s={search_term_string}"},"query-input":{"@type":"PropertyValueSpecification","valueRequired":true,"valueName":"search_term_string"}}],"inLanguage":"pt-BR"},{"@type":"Organization","@id":"https:\/\/tinychat.com\/#organization","name":"TinyChat","alternateName":"TinyChat.com","url":"https:\/\/tinychat.com\/","logo":{"@type":"ImageObject","inLanguage":"pt-BR","@id":"https:\/\/tinychat.com\/#\/schema\/logo\/image\/","url":"https:\/\/tinychat.com\/wp-content\/uploads\/2023\/11\/Tinychat-icon-square.png","contentUrl":"https:\/\/tinychat.com\/wp-content\/uploads\/2023\/11\/Tinychat-icon-square.png","width":284,"height":284,"caption":"TinyChat"},"image":{"@id":"https:\/\/tinychat.com\/#\/schema\/logo\/image\/"},"sameAs":["https:\/\/www.facebook.com\/tinychat","https:\/\/x.com\/tinychat"]}]}},"_links":{"self":[{"href":"https:\/\/tinychat.com\/pt-br\/wp-json\/wp\/v2\/pages\/1319","targetHints":{"allow":["GET"]}}],"collection":[{"href":"https:\/\/tinychat.com\/pt-br\/wp-json\/wp\/v2\/pages"}],"about":[{"href":"https:\/\/tinychat.com\/pt-br\/wp-json\/wp\/v2\/types\/page"}],"author":[{"embeddable":true,"href":"https:\/\/tinychat.com\/pt-br\/wp-json\/wp\/v2\/users\/6"}],"replies":[{"embeddable":true,"href":"https:\/\/tinychat.com\/pt-br\/wp-json\/wp\/v2\/comments?post=1319"}],"version-history":[{"count":4,"href":"https:\/\/tinychat.com\/pt-br\/wp-json\/wp\/v2\/pages\/1319\/revisions"}],"predecessor-version":[{"id":13433,"href":"https:\/\/tinychat.com\/pt-br\/wp-json\/wp\/v2\/pages\/1319\/revisions\/13433"}],"wp:attachment":[{"href":"https:\/\/tinychat.com\/pt-br\/wp-json\/wp\/v2\/media?parent=1319"}],"curies":[{"name":"wp","href":"https:\/\/api.w.org\/{rel}","templated":true}]}}