{"id":13261,"date":"2025-06-17T13:46:44","date_gmt":"2025-06-17T11:46:44","guid":{"rendered":"https:\/\/tinychat.com\/?page_id=13261"},"modified":"2025-06-17T13:47:34","modified_gmt":"2025-06-17T11:47:34","slug":"roulette-chat","status":"publish","type":"page","link":"https:\/\/tinychat.com\/pt-br\/roulette-chat\/","title":{"rendered":"Roulette Chat"},"content":{"rendered":"<p>Voc\u00ea j\u00e1 desejou poder simplesmente jogar os dados e ver quem ser\u00e1 seu pr\u00f3ximo encontro on-line? \u00c9 exatamente isso que torna o roulette chat t\u00e3o divertido. Diferentemente dos aplicativos de mensagens tradicionais ou da m\u00eddia social, o roulette chat permite que voc\u00ea se conecte instantaneamente com pessoas aleat\u00f3rias de qualquer lugar do mundo. Toda vez que voc\u00ea clica em \"next\", \u00e9 como girar a roda - voc\u00ea pode encontrar uma \u00f3tima conversa, um novo amigo ou at\u00e9 mesmo um romance surpresa.<\/p>\n<p>Se voc\u00ea estiver em casa em uma noite pregui\u00e7osa, procurando quebrar o t\u00e9dio ou apenas curioso para saber quem mais est\u00e1 por a\u00ed, os sites de bate-papo com roleta oferecem uma maneira f\u00e1cil e sem press\u00e3o de descobrir novos rostos. O atrativo \u00e9 a espontaneidade: n\u00e3o h\u00e1 perfis para ler, nem longas apresenta\u00e7\u00f5es, apenas uma conversa pura e imprevis\u00edvel.<\/p>\n<h2>O que \u00e9 o Roulette Chat?<\/h2>\n<p>O bate-papo com roleta \u00e9 uma plataforma de bate-papo on-line que combina voc\u00ea com usu\u00e1rios aleat\u00f3rios em tempo real, geralmente por meio de v\u00eddeo e, \u00e0s vezes, texto. Ele se baseia na ideia de emparelhamento aleat\u00f3rio - pense nisso como a vers\u00e3o on-line de tirar um nome de um chap\u00e9u e ver com quem voc\u00ea falar\u00e1 em seguida.<\/p>\n<p>A maioria dos sites de bate-papo da roleta \u00e9 projetada para ser r\u00e1pida, simples e f\u00e1cil de usar:<\/p>\n<ul>\n<li>N\u00e3o h\u00e1 necessidade de longas inscri\u00e7\u00f5es (geralmente, basta escolher um apelido e pronto)<\/li>\n<li>Entre diretamente em uma sess\u00e3o de bate-papo com um parceiro aleat\u00f3rio<\/li>\n<li>Se a conversa n\u00e3o for do seu agrado, basta clicar em \"next\" (pr\u00f3ximo) e imediatamente voc\u00ea ter\u00e1 algu\u00e9m novo<\/li>\n<\/ul>\n<p>H\u00e1 algo emocionante em nunca saber quem vai aparecer na sua tela. \u00c0s vezes, \u00e9 um colega estudante do outro lado do mundo, \u00e0s vezes \u00e9 um morador local e, \u00e0s vezes, \u00e9 apenas algu\u00e9m querendo dar boas risadas.<\/p>\n<h2>Como o Roulette Chat funciona?<\/h2>\n<p>O processo \u00e9 simples e quase sempre o mesmo:<\/p>\n<ol>\n<li>Visite uma plataforma ou aplicativo de bate-papo da roleta.<\/li>\n<li>Permita o acesso \u00e0 c\u00e2mera e ao microfone se quiser v\u00eddeo (a maioria tamb\u00e9m oferece bate-papo por texto).<\/li>\n<li>Clique em \"Start\" (Iniciar) ou \"Connect\" (Conectar) para entrar na fila aleat\u00f3ria.<\/li>\n<li>Emparelhe-se instantaneamente com outro usu\u00e1rio.<\/li>\n<li>Converse por quanto tempo (ou por quanto tempo) voc\u00ea quiser.<\/li>\n<li>Clique em \"next\" a qualquer momento para seguir em frente e conhecer algu\u00e9m novo.<\/li>\n<\/ol>\n<p>Muitos sites de bate-papo da roleta tamb\u00e9m s\u00e3o totalmente gratuitos, o que os torna perfeitos para socializa\u00e7\u00e3o espont\u00e2nea.<\/p>\n<h2>Tipos de experi\u00eancias Roulette Chat<\/h2>\n<p>O bate-papo da roleta n\u00e3o \u00e9 apenas uma coisa - ele vem em v\u00e1rios sabores diferentes. Algumas das op\u00e7\u00f5es mais populares incluem:<\/p>\n<ul>\n<li>Bate-papo por v\u00eddeo com roleta aleat\u00f3ria: A cl\u00e1ssica webcam para webcam, cara a cara com estranhos.<\/li>\n<li>Bate-papo da roleta somente em texto: Se voc\u00ea n\u00e3o estiver preparado para a c\u00e2mera, limite-se a digitar.<\/li>\n<li>Bate-papo gratuito sobre roleta: A maioria dos sites oferece os principais recursos sem custo.<\/li>\n<li>Aplicativos m\u00f3veis de bate-papo com roleta: Para conversar em qualquer lugar, onde quer que voc\u00ea esteja.<\/li>\n<li>Salas de bate-papo tem\u00e1ticas sobre roleta: Alguns sites oferecem filtros por interesses, idiomas ou idade.<\/li>\n<\/ul>\n<p>N\u00e3o importa o que voc\u00ea gosta, h\u00e1 uma op\u00e7\u00e3o de bate-papo na roleta que se adapta ao seu humor e estilo.<\/p>\n<h2>Por que as pessoas adoram o Roulette Chat?<\/h2>\n<p>H\u00e1 muitos motivos pelos quais o bate-papo da roleta se tornou t\u00e3o popular, especialmente entre as pessoas que est\u00e3o cansadas da rolagem intermin\u00e1vel ou da press\u00e3o dos aplicativos de namoro.<\/p>\n<ul>\n<li>\u00c9 espont\u00e2neo: Cada bate-papo \u00e9 um novo come\u00e7o. Se for estranho ou entediante, voc\u00ea pode seguir em frente imediatamente.<\/li>\n<li>\u00c9 global: voc\u00ea conhece pessoas de todo o mundo, de todos os estilos de vida.<\/li>\n<li>\u00c9 an\u00f4nimo: use um apelido, ignore o perfil e seja t\u00e3o aberto (ou privado) quanto quiser.<\/li>\n<li>\u00c9 de baixa press\u00e3o: n\u00e3o h\u00e1 expectativa de trocar n\u00fameros ou redes sociais - a menos que voc\u00ea queira.<\/li>\n<li>\u00c9 apenas divers\u00e3o: Sempre h\u00e1 a chance de conhecer algu\u00e9m inesquec\u00edvel.<\/li>\n<\/ul>\n<p>\"O bate-papo da roleta me ajudou a superar minha timidez. Voc\u00ea nunca sabe quem ser\u00e1 o pr\u00f3ximo, ent\u00e3o \u00e9 s\u00f3 relaxar e seguir o fluxo.\"<\/p>\n<p>\"\u00c0s vezes voc\u00ea conhece pessoas que se tornam amigas, \u00e0s vezes \u00e9 s\u00f3 uma risada r\u00e1pida. Nunca \u00e9 a mesma coisa duas vezes!\"<\/p>\n<h2>Plataformas populares do Roulette Chat<\/h2>\n<p>Alguns sites de bate-papo da roleta se destacam por sua simplicidade, grandes bases de usu\u00e1rios e boa modera\u00e7\u00e3o:<\/p>\n<ul>\n<li>Chatroulette: O original, ainda um dos mais movimentados e globais.<\/li>\n<li>Omegle (bate-papo por v\u00eddeo): Oferece op\u00e7\u00f5es de texto e webcam com um bot\u00e3o \"next\" para emparelhamento instant\u00e2neo.<\/li>\n<li>Chatrandom: Conhecido pelos filtros, como g\u00eanero e pa\u00eds, e uma grande base de usu\u00e1rios ativos.<\/li>\n<li>Camsurf: Simples, compat\u00edvel com dispositivos m\u00f3veis e focado em bate-papos r\u00e1pidos com v\u00eddeo sobre roleta.<\/li>\n<li>Chatspin: Apresenta filtros de interesse e modos de v\u00eddeo e texto.<\/li>\n<\/ul>\n<p>Cada um deles tem sua pr\u00f3pria vibra\u00e7\u00e3o - alguns s\u00e3o mais descontra\u00eddos, outros mais sedutores ou aventureiros. Experimente alguns para ver qual bate-papo de roleta \u00e9 mais adequado para voc\u00ea.<\/p>\n<h2>Permanecendo seguro e respeitoso no Roulette Chat<\/h2>\n<p>O bate-papo na roleta geralmente \u00e9 seguro e divertido, mas como voc\u00ea nunca sabe quem est\u00e1 do outro lado, alguns h\u00e1bitos inteligentes podem fazer toda a diferen\u00e7a:<\/p>\n<ul>\n<li>Nunca compartilhe informa\u00e7\u00f5es particulares (seu sobrenome, endere\u00e7o, local de trabalho).<\/li>\n<li>Use um apelido, especialmente no in\u00edcio do bate-papo.<\/li>\n<li>Se algu\u00e9m o deixar desconfort\u00e1vel, saia ou clique em \"pr\u00f3ximo\", sem necessidade de explica\u00e7\u00e3o.<\/li>\n<li>Denuncie ou bloqueie qualquer pessoa que ultrapasse os limites; a maioria dos sites tem ferramentas f\u00e1ceis para isso.<\/li>\n<li>Se estiver usando o bate-papo adulto da roleta, certifique-se sempre de que est\u00e1 em um site respeit\u00e1vel para maiores de 18 anos.<\/li>\n<\/ul>\n<p>A maioria dos usu\u00e1rios est\u00e1 l\u00e1 apenas para conversar, rir ou conhecer algu\u00e9m novo. Um pouco de cautela ajuda muito.<\/p>\n<h2>Roulette Chat vs. outras op\u00e7\u00f5es de bate-papo on-line<\/h2>\n<table>\n<thead>\n<tr>\n<th>Recurso<\/th>\n<th>Roulette Chat<\/th>\n<th>M\u00eddia social<\/th>\n<th>Aplicativos de namoro<\/th>\n<th>Salas de bate-papo em grupo<\/th>\n<\/tr>\n<\/thead>\n<tbody>\n<tr>\n<td>Correspond\u00eancia instant\u00e2nea aleat\u00f3ria<\/td>\n<td>\u2705<\/td>\n<td>\u274c<\/td>\n<td>\u274c<\/td>\n<td>\u274c<\/td>\n<\/tr>\n<tr>\n<td>N\u00e3o \u00e9 necess\u00e1rio perfil<\/td>\n<td>\u2705<\/td>\n<td>\u274c<\/td>\n<td>\u274c<\/td>\n<td>\u274c<\/td>\n<\/tr>\n<tr>\n<td>Anonimato<\/td>\n<td>\u2705<\/td>\n<td>\u274c<\/td>\n<td>\u2705<\/td>\n<td>\u2705<\/td>\n<\/tr>\n<tr>\n<td>Bate-papo por v\u00eddeo dispon\u00edvel<\/td>\n<td>\u2705<\/td>\n<td>\u2705<\/td>\n<td>\u2705<\/td>\n<td>\u2705<\/td>\n<\/tr>\n<tr>\n<td>Uso gratuito<\/td>\n<td>\u2705<\/td>\n<td>\u2705<\/td>\n<td>\u274c<\/td>\n<td>\u2705<\/td>\n<\/tr>\n<tr>\n<td>\"Next\"\/pular a qualquer momento<\/td>\n<td>\u2705<\/td>\n<td>\u274c<\/td>\n<td>\u274c<\/td>\n<td>\u2705<\/td>\n<\/tr>\n<\/tbody>\n<\/table>\n<p>O bate-papo da roleta tem tudo a ver com velocidade, surpresa e simplicidade - sem paredes de registro, sem biografias intermin\u00e1veis e sem obriga\u00e7\u00f5es.<\/p>\n<h2>Como tirar o m\u00e1ximo proveito do Roulette Chat<\/h2>\n<p>Algumas dicas simples podem tornar o bate-papo da roleta ainda mais divertido:<\/p>\n<ul>\n<li>Mantenha-se positivo - sorrisos, piadas e curiosidade s\u00e3o muito \u00fateis.<\/li>\n<li>N\u00e3o se estresse com conversas estranhas; simplesmente pule e tente novamente.<\/li>\n<li>Se estiver procurando por conversas espec\u00edficas (como troca de idiomas ou jogos), mencione isso no in\u00edcio do bate-papo.<\/li>\n<li>Respeite os limites de todos - a maioria das pessoas s\u00f3 quer se divertir, n\u00e3o quer drama.<\/li>\n<li>Experimente o bate-papo da roleta em hor\u00e1rios diferentes do dia para conhecer pessoas de outros fusos hor\u00e1rios.<\/li>\n<\/ul>\n<p>E n\u00e3o se esque\u00e7a: o objetivo \u00e9 ser divertido! Trate cada bate-papo como uma nova aventura.<\/p>\n<h2>Quando voc\u00ea deve experimentar o Roulette Chat?<\/h2>\n<p>Honestamente, sempre que voc\u00ea quiser uma conversa real ou algo diferente. Algumas pessoas usam o bate-papo da roleta para:<\/p>\n<ul>\n<li>Ven\u00e7a o t\u00e9dio em uma noite tranquila<\/li>\n<li>Praticar a fala de um novo idioma<\/li>\n<li>D\u00ea uma risada depois de um dia dif\u00edcil<\/li>\n<li>Conhe\u00e7a novos amigos em um ambiente totalmente casual<\/li>\n<li>Explore o namoro e o flerte, sem a press\u00e3o<\/li>\n<li>Descubra perspectivas de todo o mundo<\/li>\n<\/ul>\n<p>O bate-papo da roleta \u00e9 perfeito para verifica\u00e7\u00f5es r\u00e1pidas ou conversas longas at\u00e9 tarde da noite.<\/p>\n<p>O bate-papo do Roulette \u00e9 a resposta da Web para conex\u00f5es espont\u00e2neas e sem compromisso. \u00c9 f\u00e1cil, instant\u00e2neo e aberto a todos - quer voc\u00ea queira fazer amigos, paquerar ou apenas ver que divers\u00e3o aleat\u00f3ria pode encontrar. N\u00e3o h\u00e1 registro, n\u00e3o h\u00e1 press\u00e3o e cada conversa \u00e9 uma nova rodada.<\/p>\n<p>Pronto para ver quem est\u00e1 por a\u00ed? Experimente o bate-papo gratuito da roleta hoje \u00e0 noite, conhe\u00e7a pessoas que voc\u00ea nunca teria encontrado de outra forma e experimente a emo\u00e7\u00e3o de n\u00e3o saber quem ser\u00e1 o pr\u00f3ximo.<\/p>\n<p>Com o chat da roleta, o mundo est\u00e1 sempre a um clique de dist\u00e2ncia.<\/p>","protected":false},"excerpt":{"rendered":"<p>Ever wish you could just roll the dice and see who you meet next online? That\u2019s exactly what makes roulette chat so much fun. Unlike traditional messaging apps or social media, roulette chat lets you connect instantly with random people from anywhere in the world. Every time you hit \u201cnext,\u201d it\u2019s like spinning the wheel\u2014you [&hellip;]<\/p>\n","protected":false},"author":8,"featured_media":0,"parent":0,"menu_order":0,"comment_status":"closed","ping_status":"closed","template":"","meta":{"footnotes":""},"class_list":["post-13261","page","type-page","status-publish","hentry"],"yoast_head":"<!-- This site is optimized with the Yoast SEO plugin v27.5 - https:\/\/yoast.com\/product\/yoast-seo-wordpress\/ -->\n<title>Roulette Chat with Video Chat on TinyChat.com<\/title>\n<meta name=\"description\" content=\"Enjoying Roulette Chat? Join over 50,000,000 strangers on TinyChat! Turn on your cam and start meeting new people, or find a match.\" \/>\n<meta name=\"robots\" content=\"index, follow, max-snippet:-1, max-image-preview:large, max-video-preview:-1\" \/>\n<link rel=\"canonical\" href=\"https:\/\/tinychat.com\/pt-br\/roulette-chat\/\" \/>\n<meta property=\"og:locale\" content=\"pt_BR\" \/>\n<meta property=\"og:type\" content=\"article\" \/>\n<meta property=\"og:title\" content=\"Roulette Chat with Video Chat on TinyChat.com\" \/>\n<meta property=\"og:description\" content=\"Enjoying Roulette Chat? Join over 50,000,000 strangers on TinyChat! Turn on your cam and start meeting new people, or find a match.\" \/>\n<meta property=\"og:url\" content=\"https:\/\/tinychat.com\/pt-br\/roulette-chat\/\" \/>\n<meta property=\"og:site_name\" content=\"TinyChat\" \/>\n<meta property=\"article:publisher\" content=\"https:\/\/www.facebook.com\/tinychat\" \/>\n<meta property=\"article:modified_time\" content=\"2025-06-17T11:47:34+00:00\" \/>\n<meta property=\"og:image\" content=\"https:\/\/tinychat.com\/wp-content\/uploads\/2020\/04\/Tinychat-logo-1280x284-new-black.png\" \/>\n\t<meta property=\"og:image:width\" content=\"1280\" \/>\n\t<meta property=\"og:image:height\" content=\"284\" \/>\n\t<meta property=\"og:image:type\" content=\"image\/png\" \/>\n<meta name=\"twitter:card\" content=\"summary_large_image\" \/>\n<meta name=\"twitter:site\" content=\"@tinychat\" \/>\n<meta name=\"twitter:label1\" content=\"Est. tempo de leitura\" \/>\n\t<meta name=\"twitter:data1\" content=\"6 minutos\" \/>\n<script type=\"application\/ld+json\" class=\"yoast-schema-graph\">{\"@context\":\"https:\\\/\\\/schema.org\",\"@graph\":[{\"@type\":\"WebPage\",\"@id\":\"https:\\\/\\\/tinychat.com\\\/roulette-chat\\\/\",\"url\":\"https:\\\/\\\/tinychat.com\\\/roulette-chat\\\/\",\"name\":\"Roulette Chat with Video Chat on TinyChat.com\",\"isPartOf\":{\"@id\":\"https:\\\/\\\/tinychat.com\\\/#website\"},\"datePublished\":\"2025-06-17T11:46:44+00:00\",\"dateModified\":\"2025-06-17T11:47:34+00:00\",\"description\":\"Enjoying Roulette Chat? Join over 50,000,000 strangers on TinyChat! Turn on your cam and start meeting new people, or find a match.\",\"breadcrumb\":{\"@id\":\"https:\\\/\\\/tinychat.com\\\/roulette-chat\\\/#breadcrumb\"},\"inLanguage\":\"pt-BR\",\"potentialAction\":[{\"@type\":\"ReadAction\",\"target\":[\"https:\\\/\\\/tinychat.com\\\/roulette-chat\\\/\"]}]},{\"@type\":\"BreadcrumbList\",\"@id\":\"https:\\\/\\\/tinychat.com\\\/roulette-chat\\\/#breadcrumb\",\"itemListElement\":[{\"@type\":\"ListItem\",\"position\":1,\"name\":\"Home\",\"item\":\"https:\\\/\\\/tinychat.com\\\/\"},{\"@type\":\"ListItem\",\"position\":2,\"name\":\"Roulette Chat\"}]},{\"@type\":\"WebSite\",\"@id\":\"https:\\\/\\\/tinychat.com\\\/#website\",\"url\":\"https:\\\/\\\/tinychat.com\\\/\",\"name\":\"TinyChat\",\"description\":\"Random Video Chat with Strangers\",\"publisher\":{\"@id\":\"https:\\\/\\\/tinychat.com\\\/#organization\"},\"alternateName\":\"TinyChat.com\",\"potentialAction\":[{\"@type\":\"SearchAction\",\"target\":{\"@type\":\"EntryPoint\",\"urlTemplate\":\"https:\\\/\\\/tinychat.com\\\/?s={search_term_string}\"},\"query-input\":{\"@type\":\"PropertyValueSpecification\",\"valueRequired\":true,\"valueName\":\"search_term_string\"}}],\"inLanguage\":\"pt-BR\"},{\"@type\":\"Organization\",\"@id\":\"https:\\\/\\\/tinychat.com\\\/#organization\",\"name\":\"TinyChat\",\"alternateName\":\"TinyChat.com\",\"url\":\"https:\\\/\\\/tinychat.com\\\/\",\"logo\":{\"@type\":\"ImageObject\",\"inLanguage\":\"pt-BR\",\"@id\":\"https:\\\/\\\/tinychat.com\\\/#\\\/schema\\\/logo\\\/image\\\/\",\"url\":\"https:\\\/\\\/tinychat.com\\\/wp-content\\\/uploads\\\/2023\\\/11\\\/Tinychat-icon-square.png\",\"contentUrl\":\"https:\\\/\\\/tinychat.com\\\/wp-content\\\/uploads\\\/2023\\\/11\\\/Tinychat-icon-square.png\",\"width\":284,\"height\":284,\"caption\":\"TinyChat\"},\"image\":{\"@id\":\"https:\\\/\\\/tinychat.com\\\/#\\\/schema\\\/logo\\\/image\\\/\"},\"sameAs\":[\"https:\\\/\\\/www.facebook.com\\\/tinychat\",\"https:\\\/\\\/x.com\\\/tinychat\"]}]}<\/script>\n<!-- \/ Yoast SEO plugin. -->","yoast_head_json":{"title":"Roulette Chat com bate-papo por v\u00eddeo no TinyChat.com","description":"Est\u00e1 gostando do Roulette Chat? Junte-se a mais de 50.000.000 de estranhos no TinyChat! Ligue sua c\u00e2mera e comece a conhecer novas pessoas ou encontre um par.","robots":{"index":"index","follow":"follow","max-snippet":"max-snippet:-1","max-image-preview":"max-image-preview:large","max-video-preview":"max-video-preview:-1"},"canonical":"https:\/\/tinychat.com\/pt-br\/roulette-chat\/","og_locale":"pt_BR","og_type":"article","og_title":"Roulette Chat with Video Chat on TinyChat.com","og_description":"Enjoying Roulette Chat? Join over 50,000,000 strangers on TinyChat! Turn on your cam and start meeting new people, or find a match.","og_url":"https:\/\/tinychat.com\/pt-br\/roulette-chat\/","og_site_name":"TinyChat","article_publisher":"https:\/\/www.facebook.com\/tinychat","article_modified_time":"2025-06-17T11:47:34+00:00","og_image":[{"width":1280,"height":284,"url":"https:\/\/tinychat.com\/wp-content\/uploads\/2020\/04\/Tinychat-logo-1280x284-new-black.png","type":"image\/png"}],"twitter_card":"summary_large_image","twitter_site":"@tinychat","twitter_misc":{"Est. tempo de leitura":"6 minutos"},"schema":{"@context":"https:\/\/schema.org","@graph":[{"@type":"WebPage","@id":"https:\/\/tinychat.com\/roulette-chat\/","url":"https:\/\/tinychat.com\/roulette-chat\/","name":"Roulette Chat com bate-papo por v\u00eddeo no TinyChat.com","isPartOf":{"@id":"https:\/\/tinychat.com\/#website"},"datePublished":"2025-06-17T11:46:44+00:00","dateModified":"2025-06-17T11:47:34+00:00","description":"Est\u00e1 gostando do Roulette Chat? Junte-se a mais de 50.000.000 de estranhos no TinyChat! Ligue sua c\u00e2mera e comece a conhecer novas pessoas ou encontre um par.","breadcrumb":{"@id":"https:\/\/tinychat.com\/roulette-chat\/#breadcrumb"},"inLanguage":"pt-BR","potentialAction":[{"@type":"ReadAction","target":["https:\/\/tinychat.com\/roulette-chat\/"]}]},{"@type":"BreadcrumbList","@id":"https:\/\/tinychat.com\/roulette-chat\/#breadcrumb","itemListElement":[{"@type":"ListItem","position":1,"name":"Home","item":"https:\/\/tinychat.com\/"},{"@type":"ListItem","position":2,"name":"Roulette Chat"}]},{"@type":"WebSite","@id":"https:\/\/tinychat.com\/#website","url":"https:\/\/tinychat.com\/","name":"TinyChat","description":"Bate-papo por v\u00eddeo aleat\u00f3rio com estranhos","publisher":{"@id":"https:\/\/tinychat.com\/#organization"},"alternateName":"TinyChat.com","potentialAction":[{"@type":"SearchAction","target":{"@type":"EntryPoint","urlTemplate":"https:\/\/tinychat.com\/?s={search_term_string}"},"query-input":{"@type":"PropertyValueSpecification","valueRequired":true,"valueName":"search_term_string"}}],"inLanguage":"pt-BR"},{"@type":"Organization","@id":"https:\/\/tinychat.com\/#organization","name":"TinyChat","alternateName":"TinyChat.com","url":"https:\/\/tinychat.com\/","logo":{"@type":"ImageObject","inLanguage":"pt-BR","@id":"https:\/\/tinychat.com\/#\/schema\/logo\/image\/","url":"https:\/\/tinychat.com\/wp-content\/uploads\/2023\/11\/Tinychat-icon-square.png","contentUrl":"https:\/\/tinychat.com\/wp-content\/uploads\/2023\/11\/Tinychat-icon-square.png","width":284,"height":284,"caption":"TinyChat"},"image":{"@id":"https:\/\/tinychat.com\/#\/schema\/logo\/image\/"},"sameAs":["https:\/\/www.facebook.com\/tinychat","https:\/\/x.com\/tinychat"]}]}},"_links":{"self":[{"href":"https:\/\/tinychat.com\/pt-br\/wp-json\/wp\/v2\/pages\/13261","targetHints":{"allow":["GET"]}}],"collection":[{"href":"https:\/\/tinychat.com\/pt-br\/wp-json\/wp\/v2\/pages"}],"about":[{"href":"https:\/\/tinychat.com\/pt-br\/wp-json\/wp\/v2\/types\/page"}],"author":[{"embeddable":true,"href":"https:\/\/tinychat.com\/pt-br\/wp-json\/wp\/v2\/users\/8"}],"replies":[{"embeddable":true,"href":"https:\/\/tinychat.com\/pt-br\/wp-json\/wp\/v2\/comments?post=13261"}],"version-history":[{"count":1,"href":"https:\/\/tinychat.com\/pt-br\/wp-json\/wp\/v2\/pages\/13261\/revisions"}],"predecessor-version":[{"id":13262,"href":"https:\/\/tinychat.com\/pt-br\/wp-json\/wp\/v2\/pages\/13261\/revisions\/13262"}],"wp:attachment":[{"href":"https:\/\/tinychat.com\/pt-br\/wp-json\/wp\/v2\/media?parent=13261"}],"curies":[{"name":"wp","href":"https:\/\/api.w.org\/{rel}","templated":true}]}}