{"id":13263,"date":"2025-06-17T13:55:19","date_gmt":"2025-06-17T11:55:19","guid":{"rendered":"https:\/\/tinychat.com\/?page_id=13263"},"modified":"2025-06-17T13:56:41","modified_gmt":"2025-06-17T11:56:41","slug":"free-online-video-calls","status":"publish","type":"page","link":"https:\/\/tinychat.com\/pt-br\/free-online-video-calls\/","title":{"rendered":"Chamadas de v\u00eddeo on-line gratuitas"},"content":{"rendered":"<p>N\u00e3o \u00e9 segredo que as chamadas de v\u00eddeo on-line gratuitas se tornaram uma das formas mais populares de manter contato, conhecer novas pessoas e tornar a vida di\u00e1ria um pouco mais humana. Quer voc\u00ea esteja conversando com amigos do outro lado do mundo, trabalhando em casa ou apenas querendo fazer uma nova conex\u00e3o, a capacidade de ver e ouvir algu\u00e9m instantaneamente (sem gastar um centavo) mudou completamente a forma como interagimos on-line.<\/p>\n<p>J\u00e1 se foram os dias das caras liga\u00e7\u00f5es internacionais ou das longas esperas por e-mails. Agora, com apenas um smartphone ou laptop, voc\u00ea pode participar de um bate-papo face a face com qualquer pessoa, em qualquer lugar, a qualquer momento.<\/p>\n<h2>O que faz com que as chamadas de v\u00eddeo gratuitas sejam t\u00e3o populares?<\/h2>\n<p>H\u00e1 um motivo pelo qual quase todo mundo est\u00e1 usando chamadas de v\u00eddeo gratuitas atualmente. Veja por que elas est\u00e3o decolando:<\/p>\n<ul>\n<li>Custo zero: Esque\u00e7a as assinaturas caras ou as recargas de cr\u00e9dito - a maioria das principais plataformas \u00e9 totalmente gratuita.<\/li>\n<li>Conex\u00e3o instant\u00e2nea: N\u00e3o espere por mensagens de texto ou e-mails. Tenha uma conversa real, ao vivo e em tempo real.<\/li>\n<li>Alcance global: Ligue para amigos, familiares ou novas pessoas em qualquer lugar do mundo, sem cobran\u00e7as adicionais.<\/li>\n<li>Uso flex\u00edvel: De conversas r\u00e1pidas a conversas profundas, as chamadas com v\u00eddeo se adaptam a qualquer hor\u00e1rio e humor.<\/li>\n<\/ul>\n<p>Seja para conversar com a fam\u00edlia, colaborar com colegas de trabalho ou participar de uma chamada espont\u00e2nea com um desconhecido, as chamadas com v\u00eddeo on-line gratuitas se encaixam perfeitamente na vida cotidiana.<\/p>\n<h2>Como funcionam as chamadas de v\u00eddeo on-line gratuitas?<\/h2>\n<p>Come\u00e7ar \u00e9 f\u00e1cil, mesmo para os totalmente iniciantes:<\/p>\n<ol>\n<li>Escolha uma plataforma de videochamada (pense em Zoom, Skype, WhatsApp, Google Meet ou um aplicativo de bate-papo por v\u00eddeo aleat\u00f3rio dedicado).<\/li>\n<li>Crie uma conta gratuita - ou, \u00e0s vezes, n\u00e3o \u00e9 necess\u00e1rio ter uma conta.<\/li>\n<li>Permita o acesso \u00e0 sua c\u00e2mera e ao microfone.<\/li>\n<li>Envie um link ou participe de uma sala de reuni\u00e3o, ou fa\u00e7a um par instantaneamente se estiver usando um site de bate-papo aleat\u00f3rio.<\/li>\n<li>Aproveite a conversa cara a cara pelo tempo que voc\u00ea quiser.<\/li>\n<\/ol>\n<p>\u00c9 isso a\u00ed! Nenhuma configura\u00e7\u00e3o complicada, nenhum dispositivo extra necess\u00e1rio - apenas voc\u00ea e as pessoas que deseja ver.<\/p>\n<h2>Plataformas populares de chamadas de v\u00eddeo gratuitas<\/h2>\n<p>H\u00e1 centenas de op\u00e7\u00f5es dispon\u00edveis, cada uma com seus pr\u00f3prios pontos fortes. Aqui est\u00e3o alguns dos favoritos para diferentes necessidades:<\/p>\n<ul>\n<li>Zoom: conhecido por sua confiabilidade e pelas chamadas em grupo, perfeito para o trabalho ou para grandes reuni\u00f5es familiares.<\/li>\n<li>Google Meet: Gratuito, baseado em navegador e integrado \u00e0 sua conta do Google.<\/li>\n<li>Skype: Um cl\u00e1ssico, \u00f3timo para chamadas de v\u00eddeo individuais e em grupo.<\/li>\n<li>WhatsApp\/Telegram: Perfeito para chamadas r\u00e1pidas e de f\u00e1cil acesso com amigos e familiares.<\/li>\n<li>Messenger\/Instagram: Ideal para bate-papo social e chamadas de v\u00eddeo casuais.<\/li>\n<li>Aplicativos de bate-papo aleat\u00f3rios (como Omegle, Chatroulette, Chatspin): Para conversas espont\u00e2neas com novas pessoas de todo o mundo - sem necessidade de contatos.<\/li>\n<\/ul>\n<p>Para aqueles que querem algo um pouco mais aventureiro, as plataformas focadas em conex\u00f5es de v\u00eddeo aleat\u00f3rias permitem que voc\u00ea fa\u00e7a novos amigos ou converse com estranhos instantaneamente.<\/p>\n<h2>Chamadas de v\u00eddeo on-line gratuitas versus outras formas de conex\u00e3o<\/h2>\n<table>\n<thead>\n<tr>\n<th>Recurso<\/th>\n<th>Chamadas de v\u00eddeo on-line gratuitas<\/th>\n<th>Aplicativos de mensagens<\/th>\n<th>Chamadas telef\u00f4nicas<\/th>\n<th>Chamadas de v\u00eddeo pagas<\/th>\n<\/tr>\n<\/thead>\n<tbody>\n<tr>\n<td>Intera\u00e7\u00e3o face a face<\/td>\n<td>\u2705<\/td>\n<td>\u274c<\/td>\n<td>\u274c<\/td>\n<td>\u2705<\/td>\n<\/tr>\n<tr>\n<td>Sem custo<\/td>\n<td>\u2705<\/td>\n<td>\u2705<\/td>\n<td>\u274c<\/td>\n<td>\u274c<\/td>\n<\/tr>\n<tr>\n<td>Alcance global<\/td>\n<td>\u2705<\/td>\n<td>\u2705<\/td>\n<td>\u274c<\/td>\n<td>\u2705<\/td>\n<\/tr>\n<tr>\n<td>Oferece suporte a grupos e individualmente<\/td>\n<td>\u2705<\/td>\n<td>\u2705<\/td>\n<td>\u2705<\/td>\n<td>\u2705<\/td>\n<\/tr>\n<tr>\n<td>Correspond\u00eancia aleat\u00f3ria dispon\u00edvel<\/td>\n<td>\u2705 (em alguns aplicativos)<\/td>\n<td>\u274c<\/td>\n<td>\u274c<\/td>\n<td>\u2705<\/td>\n<\/tr>\n<\/tbody>\n<\/table>\n<p>Conclus\u00e3o: Se voc\u00ea quiser ver, ouvir e realmente se conectar com pessoas em qualquer lugar do mundo, sem se preocupar com sua carteira, as chamadas com v\u00eddeo gratuitas s\u00e3o a melhor op\u00e7\u00e3o.<\/p>\n<h2>Como se manter seguro e se divertir<\/h2>\n<p>A maioria das plataformas de chamadas de v\u00eddeo on-line gratuitas \u00e9 segura, mas \u00e9 sempre bom ter em mente alguns aspectos:<\/p>\n<ul>\n<li>Compartilhe links de chamadas ou detalhes pessoais somente com pessoas em quem voc\u00ea confia.<\/li>\n<li>Use configura\u00e7\u00f5es de privacidade e salas de espera ao realizar reuni\u00f5es maiores.<\/li>\n<li>Em sites de bate-papo por v\u00eddeo aleat\u00f3rios, use um apelido e n\u00e3o forne\u00e7a suas informa\u00e7\u00f5es reais.<\/li>\n<li>Denuncie ou bloqueie qualquer pessoa que o deixe desconfort\u00e1vel.<\/li>\n<li>Certifique-se de que sua conex\u00e3o com a Internet seja segura para fazer chamadas mais tranquilas e seguras.<\/li>\n<\/ul>\n<p>Um pouco de cautela ajuda muito, especialmente se voc\u00ea estiver se conectando com novas pessoas pela primeira vez.<\/p>\n<h2>Por que as pessoas adoram fazer chamadas de v\u00eddeo on-line gratuitas<\/h2>\n<p>N\u00e3o se trata apenas de economizar dinheiro (embora isso ajude!). Veja por que as pessoas continuam voltando:<\/p>\n<ul>\n<li>Proximidade: Ver o rosto de algu\u00e9m - mesmo em uma tela - faz com que as conversas pare\u00e7am mais genu\u00ednas.<\/li>\n<li>Flexibilidade: converse no caf\u00e9 antes do trabalho, converse tarde da noite com algu\u00e9m em outro continente ou fa\u00e7a um r\u00e1pido check-in pelo telefone.<\/li>\n<li>Abertura: Participe de uma chamada com amigos, familiares, colegas de trabalho ou totalmente estranhos, dependendo de seu humor.<\/li>\n<li>Descoberta: Em plataformas de chamadas de v\u00eddeo aleat\u00f3rias, voc\u00ea nunca sabe quem vai conhecer ou o que vai aprender.<\/li>\n<\/ul>\n<p>\"Comecei a usar as chamadas de v\u00eddeo gratuitas para o trabalho, mas agora as uso para noites de jogos em fam\u00edlia, clubes de leitura e at\u00e9 mesmo para conhecer novos amigos de outros pa\u00edses. \u00c9 incr\u00edvel o que voc\u00ea pode fazer - tudo de gra\u00e7a.\"<\/p>\n<h2>Dicas para aproveitar ao m\u00e1ximo as chamadas de v\u00eddeo gratuitas<\/h2>\n<ul>\n<li>Certifique-se de que a c\u00e2mera e o microfone estejam funcionando antes de come\u00e7ar.<\/li>\n<li>Encontre um local silencioso e bem iluminado para conversas mais claras.<\/li>\n<li>Use fones de ouvido para reduzir o ru\u00eddo de fundo.<\/li>\n<li>Tente fazer chamadas em grupo para se divertir mais ou chamadas particulares para conversas mais profundas.<\/li>\n<li>Se voc\u00ea estiver em um site de videochamadas aleat\u00f3rias, seja amig\u00e1vel, tenha a mente aberta e esteja pronto para desistir se o clima n\u00e3o estiver bom.<\/li>\n<\/ul>\n<p>Mudar as coisas - ligar em hor\u00e1rios diferentes do dia ou entrar em plataformas diferentes - pode manter as coisas novas e interessantes.<\/p>\n<h2>Quando usar chamadas de v\u00eddeo on-line gratuitas<\/h2>\n<p>As possibilidades s\u00e3o infinitas:<\/p>\n<ul>\n<li>Manter contato com entes queridos, independentemente da dist\u00e2ncia<\/li>\n<li>Organizar uma festa de anivers\u00e1rio virtual ou um happy hour<\/li>\n<li>Trabalhar em casa - reuni\u00f5es de equipe, brainstorms ou chamadas de clientes<\/li>\n<li>Estudar com colegas de classe ou participar de um interc\u00e2mbio de idiomas<\/li>\n<li>Conhecer novas pessoas e expandir seu c\u00edrculo social<\/li>\n<li>Obter apoio, aconselhamento ou apenas um rosto amigo quando voc\u00ea precisar<\/li>\n<\/ul>\n<p>Seja para neg\u00f3cios, lazer ou pura curiosidade, sempre h\u00e1 um bom motivo para participar de uma chamada de v\u00eddeo gratuita.<\/p>\n<p>Com as velocidades da Internet cada vez mais r\u00e1pidas e as plataformas melhorando a cada ano, as chamadas com v\u00eddeo on-line gratuitas est\u00e3o ficando cada vez melhores. Espere um v\u00eddeo ainda mais n\u00edtido, cancelamento de ru\u00eddo mais inteligente, novos recursos divertidos, como planos de fundo e efeitos, e mais maneiras de fazer conex\u00f5es reais em casa.<\/p>\n<p>Se voc\u00ea ainda n\u00e3o experimentou, ou se usa apenas para o trabalho, por que n\u00e3o ver o que h\u00e1 mais por a\u00ed? H\u00e1 um mundo inteiro esperando, a apenas um clique de dist\u00e2ncia.<\/p>\n<p>Pronto para experimentar uma nova maneira de se conectar? Explore o mundo das videochamadas on-line gratuitas hoje mesmo - seja para falar com amigos, familiares ou pessoas completamente desconhecidas. Voc\u00ea poder\u00e1 se surpreender com quem conhecer\u00e1 e como se sentir\u00e1 mais pr\u00f3ximo... tudo isso sem gastar um centavo.<\/p>","protected":false},"excerpt":{"rendered":"<p>It\u2019s no secret\u2014free online video calls have become one of the most popular ways to keep in touch, meet new people, and make daily life just a little bit more human. Whether you\u2019re catching up with friends across the world, working from home, or just want to make a new connection, the ability to see [&hellip;]<\/p>\n","protected":false},"author":8,"featured_media":0,"parent":0,"menu_order":0,"comment_status":"closed","ping_status":"closed","template":"","meta":{"footnotes":""},"class_list":["post-13263","page","type-page","status-publish","hentry"],"yoast_head":"<!-- This site is optimized with the Yoast SEO plugin v27.5 - https:\/\/yoast.com\/product\/yoast-seo-wordpress\/ -->\n<title>Free Online Video Calls with Video Chat on TinyChat.com<\/title>\n<meta name=\"description\" content=\"Enjoying Free Online Video Calls? Join over 50,000,000 strangers on TinyChat! Turn on your cam and start meeting new people, or find a match.\" \/>\n<meta name=\"robots\" content=\"index, follow, max-snippet:-1, max-image-preview:large, max-video-preview:-1\" \/>\n<link rel=\"canonical\" href=\"https:\/\/tinychat.com\/pt-br\/free-online-video-calls\/\" \/>\n<meta property=\"og:locale\" content=\"pt_BR\" \/>\n<meta property=\"og:type\" content=\"article\" \/>\n<meta property=\"og:title\" content=\"Free Online Video Calls with Video Chat on TinyChat.com\" \/>\n<meta property=\"og:description\" content=\"Enjoying Free Online Video Calls? Join over 50,000,000 strangers on TinyChat! Turn on your cam and start meeting new people, or find a match.\" \/>\n<meta property=\"og:url\" content=\"https:\/\/tinychat.com\/pt-br\/free-online-video-calls\/\" \/>\n<meta property=\"og:site_name\" content=\"TinyChat\" \/>\n<meta property=\"article:publisher\" content=\"https:\/\/www.facebook.com\/tinychat\" \/>\n<meta property=\"article:modified_time\" content=\"2025-06-17T11:56:41+00:00\" \/>\n<meta property=\"og:image\" content=\"https:\/\/tinychat.com\/wp-content\/uploads\/2020\/04\/Tinychat-logo-1280x284-new-black.png\" \/>\n\t<meta property=\"og:image:width\" content=\"1280\" \/>\n\t<meta property=\"og:image:height\" content=\"284\" \/>\n\t<meta property=\"og:image:type\" content=\"image\/png\" \/>\n<meta name=\"twitter:card\" content=\"summary_large_image\" \/>\n<meta name=\"twitter:site\" content=\"@tinychat\" \/>\n<meta name=\"twitter:label1\" content=\"Est. tempo de leitura\" \/>\n\t<meta name=\"twitter:data1\" content=\"5 minutos\" \/>\n<script type=\"application\/ld+json\" class=\"yoast-schema-graph\">{\"@context\":\"https:\\\/\\\/schema.org\",\"@graph\":[{\"@type\":\"WebPage\",\"@id\":\"https:\\\/\\\/tinychat.com\\\/free-online-video-calls\\\/\",\"url\":\"https:\\\/\\\/tinychat.com\\\/free-online-video-calls\\\/\",\"name\":\"Free Online Video Calls with Video Chat on TinyChat.com\",\"isPartOf\":{\"@id\":\"https:\\\/\\\/tinychat.com\\\/#website\"},\"datePublished\":\"2025-06-17T11:55:19+00:00\",\"dateModified\":\"2025-06-17T11:56:41+00:00\",\"description\":\"Enjoying Free Online Video Calls? Join over 50,000,000 strangers on TinyChat! Turn on your cam and start meeting new people, or find a match.\",\"breadcrumb\":{\"@id\":\"https:\\\/\\\/tinychat.com\\\/free-online-video-calls\\\/#breadcrumb\"},\"inLanguage\":\"pt-BR\",\"potentialAction\":[{\"@type\":\"ReadAction\",\"target\":[\"https:\\\/\\\/tinychat.com\\\/free-online-video-calls\\\/\"]}]},{\"@type\":\"BreadcrumbList\",\"@id\":\"https:\\\/\\\/tinychat.com\\\/free-online-video-calls\\\/#breadcrumb\",\"itemListElement\":[{\"@type\":\"ListItem\",\"position\":1,\"name\":\"Home\",\"item\":\"https:\\\/\\\/tinychat.com\\\/\"},{\"@type\":\"ListItem\",\"position\":2,\"name\":\"Free Online Video Calls\"}]},{\"@type\":\"WebSite\",\"@id\":\"https:\\\/\\\/tinychat.com\\\/#website\",\"url\":\"https:\\\/\\\/tinychat.com\\\/\",\"name\":\"TinyChat\",\"description\":\"Random Video Chat with Strangers\",\"publisher\":{\"@id\":\"https:\\\/\\\/tinychat.com\\\/#organization\"},\"alternateName\":\"TinyChat.com\",\"potentialAction\":[{\"@type\":\"SearchAction\",\"target\":{\"@type\":\"EntryPoint\",\"urlTemplate\":\"https:\\\/\\\/tinychat.com\\\/?s={search_term_string}\"},\"query-input\":{\"@type\":\"PropertyValueSpecification\",\"valueRequired\":true,\"valueName\":\"search_term_string\"}}],\"inLanguage\":\"pt-BR\"},{\"@type\":\"Organization\",\"@id\":\"https:\\\/\\\/tinychat.com\\\/#organization\",\"name\":\"TinyChat\",\"alternateName\":\"TinyChat.com\",\"url\":\"https:\\\/\\\/tinychat.com\\\/\",\"logo\":{\"@type\":\"ImageObject\",\"inLanguage\":\"pt-BR\",\"@id\":\"https:\\\/\\\/tinychat.com\\\/#\\\/schema\\\/logo\\\/image\\\/\",\"url\":\"https:\\\/\\\/tinychat.com\\\/wp-content\\\/uploads\\\/2023\\\/11\\\/Tinychat-icon-square.png\",\"contentUrl\":\"https:\\\/\\\/tinychat.com\\\/wp-content\\\/uploads\\\/2023\\\/11\\\/Tinychat-icon-square.png\",\"width\":284,\"height\":284,\"caption\":\"TinyChat\"},\"image\":{\"@id\":\"https:\\\/\\\/tinychat.com\\\/#\\\/schema\\\/logo\\\/image\\\/\"},\"sameAs\":[\"https:\\\/\\\/www.facebook.com\\\/tinychat\",\"https:\\\/\\\/x.com\\\/tinychat\"]}]}<\/script>\n<!-- \/ Yoast SEO plugin. -->","yoast_head_json":{"title":"Chamadas de v\u00eddeo on-line gratuitas com bate-papo por v\u00eddeo no TinyChat.com","description":"Est\u00e1 gostando das chamadas de v\u00eddeo on-line gratuitas? Junte-se a mais de 50.000.000 de estranhos no TinyChat! Ligue sua c\u00e2mera e comece a conhecer novas pessoas ou encontre um par.","robots":{"index":"index","follow":"follow","max-snippet":"max-snippet:-1","max-image-preview":"max-image-preview:large","max-video-preview":"max-video-preview:-1"},"canonical":"https:\/\/tinychat.com\/pt-br\/free-online-video-calls\/","og_locale":"pt_BR","og_type":"article","og_title":"Free Online Video Calls with Video Chat on TinyChat.com","og_description":"Enjoying Free Online Video Calls? Join over 50,000,000 strangers on TinyChat! Turn on your cam and start meeting new people, or find a match.","og_url":"https:\/\/tinychat.com\/pt-br\/free-online-video-calls\/","og_site_name":"TinyChat","article_publisher":"https:\/\/www.facebook.com\/tinychat","article_modified_time":"2025-06-17T11:56:41+00:00","og_image":[{"width":1280,"height":284,"url":"https:\/\/tinychat.com\/wp-content\/uploads\/2020\/04\/Tinychat-logo-1280x284-new-black.png","type":"image\/png"}],"twitter_card":"summary_large_image","twitter_site":"@tinychat","twitter_misc":{"Est. tempo de leitura":"5 minutos"},"schema":{"@context":"https:\/\/schema.org","@graph":[{"@type":"WebPage","@id":"https:\/\/tinychat.com\/free-online-video-calls\/","url":"https:\/\/tinychat.com\/free-online-video-calls\/","name":"Chamadas de v\u00eddeo on-line gratuitas com bate-papo por v\u00eddeo no TinyChat.com","isPartOf":{"@id":"https:\/\/tinychat.com\/#website"},"datePublished":"2025-06-17T11:55:19+00:00","dateModified":"2025-06-17T11:56:41+00:00","description":"Est\u00e1 gostando das chamadas de v\u00eddeo on-line gratuitas? Junte-se a mais de 50.000.000 de estranhos no TinyChat! Ligue sua c\u00e2mera e comece a conhecer novas pessoas ou encontre um par.","breadcrumb":{"@id":"https:\/\/tinychat.com\/free-online-video-calls\/#breadcrumb"},"inLanguage":"pt-BR","potentialAction":[{"@type":"ReadAction","target":["https:\/\/tinychat.com\/free-online-video-calls\/"]}]},{"@type":"BreadcrumbList","@id":"https:\/\/tinychat.com\/free-online-video-calls\/#breadcrumb","itemListElement":[{"@type":"ListItem","position":1,"name":"Home","item":"https:\/\/tinychat.com\/"},{"@type":"ListItem","position":2,"name":"Free Online Video Calls"}]},{"@type":"WebSite","@id":"https:\/\/tinychat.com\/#website","url":"https:\/\/tinychat.com\/","name":"TinyChat","description":"Bate-papo por v\u00eddeo aleat\u00f3rio com estranhos","publisher":{"@id":"https:\/\/tinychat.com\/#organization"},"alternateName":"TinyChat.com","potentialAction":[{"@type":"SearchAction","target":{"@type":"EntryPoint","urlTemplate":"https:\/\/tinychat.com\/?s={search_term_string}"},"query-input":{"@type":"PropertyValueSpecification","valueRequired":true,"valueName":"search_term_string"}}],"inLanguage":"pt-BR"},{"@type":"Organization","@id":"https:\/\/tinychat.com\/#organization","name":"TinyChat","alternateName":"TinyChat.com","url":"https:\/\/tinychat.com\/","logo":{"@type":"ImageObject","inLanguage":"pt-BR","@id":"https:\/\/tinychat.com\/#\/schema\/logo\/image\/","url":"https:\/\/tinychat.com\/wp-content\/uploads\/2023\/11\/Tinychat-icon-square.png","contentUrl":"https:\/\/tinychat.com\/wp-content\/uploads\/2023\/11\/Tinychat-icon-square.png","width":284,"height":284,"caption":"TinyChat"},"image":{"@id":"https:\/\/tinychat.com\/#\/schema\/logo\/image\/"},"sameAs":["https:\/\/www.facebook.com\/tinychat","https:\/\/x.com\/tinychat"]}]}},"_links":{"self":[{"href":"https:\/\/tinychat.com\/pt-br\/wp-json\/wp\/v2\/pages\/13263","targetHints":{"allow":["GET"]}}],"collection":[{"href":"https:\/\/tinychat.com\/pt-br\/wp-json\/wp\/v2\/pages"}],"about":[{"href":"https:\/\/tinychat.com\/pt-br\/wp-json\/wp\/v2\/types\/page"}],"author":[{"embeddable":true,"href":"https:\/\/tinychat.com\/pt-br\/wp-json\/wp\/v2\/users\/8"}],"replies":[{"embeddable":true,"href":"https:\/\/tinychat.com\/pt-br\/wp-json\/wp\/v2\/comments?post=13263"}],"version-history":[{"count":1,"href":"https:\/\/tinychat.com\/pt-br\/wp-json\/wp\/v2\/pages\/13263\/revisions"}],"predecessor-version":[{"id":13264,"href":"https:\/\/tinychat.com\/pt-br\/wp-json\/wp\/v2\/pages\/13263\/revisions\/13264"}],"wp:attachment":[{"href":"https:\/\/tinychat.com\/pt-br\/wp-json\/wp\/v2\/media?parent=13263"}],"curies":[{"name":"wp","href":"https:\/\/api.w.org\/{rel}","templated":true}]}}