{"id":13273,"date":"2025-06-17T14:20:28","date_gmt":"2025-06-17T12:20:28","guid":{"rendered":"https:\/\/tinychat.com\/?page_id=13273"},"modified":"2025-06-17T14:20:28","modified_gmt":"2025-06-17T12:20:28","slug":"video-chat-with-women","status":"publish","type":"page","link":"https:\/\/tinychat.com\/pt-br\/video-chat-with-women\/","title":{"rendered":"Bate-papo por v\u00eddeo com mulheres"},"content":{"rendered":"<p>Nos \u00faltimos anos, cada vez mais pessoas est\u00e3o procurando maneiras de conversar por v\u00eddeo com mulheres on-line. N\u00e3o \u00e9 dif\u00edcil entender por que: o bate-papo por v\u00eddeo \u00e9 pessoal, em tempo real e parece muito mais aut\u00eantico do que mensagens de texto intermin\u00e1veis ou a navega\u00e7\u00e3o por perfis. Se voc\u00ea deseja fazer um novo amigo, flertar ou apenas ter uma conversa real com algu\u00e9m do outro lado do mundo, o bate-papo por v\u00eddeo com mulheres oferece uma maneira nova e espont\u00e2nea de se conectar.<\/p>\n<p>As plataformas atuais facilitam esse processo - sem configura\u00e7\u00f5es inc\u00f4modas, sem esperar dias pelas respostas. Basta clicar, conectar-se e ver onde a conversa vai dar. Neste guia, voc\u00ea descobrir\u00e1 como come\u00e7ar, quais plataformas experimentar e como tirar o m\u00e1ximo proveito de sua experi\u00eancia, seja voc\u00ea um novato ou um tagarela experiente.<\/p>\n<h2>O que torna as conversas por v\u00eddeo com mulheres t\u00e3o atraentes?<\/h2>\n<p>Vamos ser honestos: conversar cara a cara \u00e9 diferente. O bate-papo por v\u00eddeo permite que voc\u00ea veja sorrisos, ou\u00e7a risadas e perceba todas as pequenas coisas que n\u00e3o s\u00e3o percebidas nas mensagens de texto. \u00c9 por isso que muitas pessoas preferem o bate-papo por v\u00eddeo com mulheres em vez dos aplicativos tradicionais de namoro ou das redes sociais.<\/p>\n<p>Eis o que atrai as pessoas:<\/p>\n<ul>\n<li>Intera\u00e7\u00e3o real: N\u00e3o se trata apenas de texto em uma tela - voc\u00ea pode ver e ouvir a outra pessoa em tempo real.<\/li>\n<li>Qu\u00edmica instant\u00e2nea: Voc\u00ea saber\u00e1 em segundos se o clima est\u00e1 bom, economizando o tempo de todos.<\/li>\n<li>Sem espera: Se estiver usando um site de bate-papo por v\u00eddeo aleat\u00f3rio, voc\u00ea poder\u00e1 conhecer algu\u00e9m novo em segundos, n\u00e3o em dias.<\/li>\n<li>Conex\u00f5es mais respeitosas: A maioria das plataformas incentiva melhores maneiras quando voc\u00ea est\u00e1 cara a cara.<\/li>\n<li>Divers\u00e3o e variedade: Toda conversa \u00e9 uma surpresa. Um bate-papo pode ser leve e bobo, o pr\u00f3ximo pode ser profundo e significativo.<\/li>\n<\/ul>\n<h2>Como iniciar um bate-papo por v\u00eddeo com mulheres on-line<\/h2>\n<p>Nunca foi t\u00e3o f\u00e1cil come\u00e7ar. Aqui est\u00e1 o caminho t\u00edpico:<\/p>\n<ol>\n<li>Escolha uma plataforma - h\u00e1 sites espec\u00edficos para bate-papo por v\u00eddeo aleat\u00f3rio com mulheres ou aplicativos de bate-papo mais amplos com filtros de g\u00eanero.<\/li>\n<li>Configure a c\u00e2mera e o microfone. Uma boa conex\u00e3o com a Internet tamb\u00e9m ajuda.<\/li>\n<li>Use um apelido ou seu primeiro nome verdadeiro - a maioria das plataformas n\u00e3o exige perfis completos.<\/li>\n<li>Clique para iniciar o bate-papo e voc\u00ea ser\u00e1 acompanhado por mulheres interessadas em conhecer novas pessoas.<\/li>\n<li>Se n\u00e3o se encaixar, voc\u00ea sempre poder\u00e1 passar para o pr\u00f3ximo bate-papo, sem constrangimento, sem press\u00e3o.<\/li>\n<\/ol>\n<p>Muitas plataformas tamb\u00e9m oferecem op\u00e7\u00f5es para come\u00e7ar com texto ou \u00e1udio, para que voc\u00ea possa se familiarizar com a plataforma se for t\u00edmido ou se quiser ter uma ideia do que se trata primeiro.<\/p>\n<h2>Melhores plataformas para bate-papo por v\u00eddeo com mulheres<\/h2>\n<p>A plataforma certa depende de seu estilo - voc\u00ea quer algo casual, glamouroso ou voltado para a amizade? Aqui est\u00e3o algumas das principais op\u00e7\u00f5es:<\/p>\n<ul>\n<li>CooMeet: conhecido por conectar homens com usu\u00e1rias verificadas, facilitando a vida de quem busca conversas genu\u00ednas com mulheres.<\/li>\n<li>Chatspin: Apresenta filtros de g\u00eanero e uma interface f\u00e1cil para bate-papos aleat\u00f3rios e privados.<\/li>\n<li>Chatrandom (bate-papo com garotas): Permite que voc\u00ea se conecte diretamente com mulheres que desejam conversar, filtrando outros usu\u00e1rios.<\/li>\n<li>OmeTV e Chatroulette: ambos oferecem alcance global e emparelhamentos aleat\u00f3rios, com uma grande comunidade de mulheres on-line.<\/li>\n<li>LuckyCrush: Combina aleatoriamente homens e mulheres para sess\u00f5es instant\u00e2neas de bate-papo por v\u00eddeo um a um.<\/li>\n<li>TinyChat: Melhor para bate-papos em grupo ou salas de v\u00eddeo tem\u00e1ticas, mas tamb\u00e9m \u00e9 poss\u00edvel fazer conex\u00f5es privadas com mulheres.<\/li>\n<\/ul>\n<p>Experimente alguns para ver qual vibra\u00e7\u00e3o combina com voc\u00ea - cada um tem sua pr\u00f3pria comunidade e estilo.<\/p>\n<h2>O que esperar: Bate-papo por v\u00eddeo aleat\u00f3rio com mulheres<\/h2>\n<p>O bate-papo por v\u00eddeo aleat\u00f3rio \u00e9 um pouco como um speed dating on-line, mas sem a press\u00e3o. Voc\u00ea se inscreve em uma plataforma, clica para come\u00e7ar e instantaneamente encontra algu\u00e9m novo. Se voc\u00eas se conectarem, continuem conversando. Caso contr\u00e1rio, basta seguir em frente - sem ressentimentos.<\/p>\n<p>Veja o que torna o bate-papo por v\u00eddeo aleat\u00f3rio com mulheres \u00fanico:<\/p>\n<ul>\n<li>Variedade total: Conhe\u00e7a mulheres de todas as esferas da vida e de todo o mundo.<\/li>\n<li>Rea\u00e7\u00f5es genu\u00ednas: Veja express\u00f5es reais e ou\u00e7a risadas sinceras (ou gemidos com suas piadas).<\/li>\n<li>Controle total: Permane\u00e7a em um bate-papo pelo tempo que desejar ou passe para uma nova pessoa a qualquer momento.<\/li>\n<li>Compromisso zero: Nada de n\u00fameros, nada de encontros sociais - a menos que ambos queiram.<\/li>\n<\/ul>\n<h2>Dicas para um \u00f3timo bate-papo por v\u00eddeo com mulheres<\/h2>\n<p>Quer voc\u00ea esteja l\u00e1 para se divertir ou para fazer uma conex\u00e3o real, essas dicas o ajudar\u00e3o a ter conversas melhores:<\/p>\n<ul>\n<li>Seja respeitoso: Trate todas as mulheres que voc\u00ea conhecer da maneira como gostaria de ser tratado. As maneiras simples s\u00e3o muito \u00fateis.<\/li>\n<li>Comece com uma sauda\u00e7\u00e3o genu\u00edna: \"Oi, como vai?\" \u00e9 melhor do que uma frase gen\u00e9rica de engate.<\/li>\n<li>Sorria e fa\u00e7a contato visual: Mesmo atrav\u00e9s de uma tela, isso ajuda a criar confian\u00e7a e conforto.<\/li>\n<li>Encontre pontos em comum: Pergunte sobre interesses, hobbies ou m\u00fasicas favoritas. As pessoas adoram falar sobre coisas que gostam.<\/li>\n<li>N\u00e3o tenha pressa: Deixe a conversa fluir. Se houver qu\u00edmica, voc\u00eas dois sentir\u00e3o isso.<\/li>\n<li>Respeite os limites: Se ela n\u00e3o estiver interessada ou pedir para seguir em frente, n\u00e3o leve isso para o lado pessoal.<\/li>\n<\/ul>\n<p>Lembre-se: cada bate-papo \u00e9 uma nova chance, e nem toda conex\u00e3o ser\u00e1 \"a tal\". Isso faz parte da divers\u00e3o.<\/p>\n<h2>Como se manter seguro ao usar plataformas de bate-papo por v\u00eddeo gratuitas<\/h2>\n<p>A maioria das plataformas \u00e9 segura, mas algumas precau\u00e7\u00f5es manter\u00e3o sua experi\u00eancia positiva:<\/p>\n<ul>\n<li>N\u00e3o compartilhe detalhes pessoais (nome completo, endere\u00e7o, n\u00famero de telefone) at\u00e9 que se sinta confort\u00e1vel.<\/li>\n<li>Use um apelido se n\u00e3o estiver pronto para revelar seu nome verdadeiro.<\/li>\n<li>Nunca envie dinheiro ou informa\u00e7\u00f5es confidenciais para algu\u00e9m que voc\u00ea acabou de conhecer.<\/li>\n<li>Se algu\u00e9m for inadequado, use os recursos de bloqueio\/den\u00fancia. Todas as boas plataformas t\u00eam esses recursos.<\/li>\n<li>Para maior privacidade, use um fundo neutro e evite mostrar informa\u00e7\u00f5es identific\u00e1veis na c\u00e2mera.<\/li>\n<\/ul>\n<p>Seguran\u00e7a em primeiro lugar - especialmente se voc\u00ea estiver usando um site de bate-papo por v\u00eddeo gratuito com mulheres aberto a qualquer pessoa.<\/p>\n<h2>Bate-papo por v\u00eddeo gratuito vs. pago: Qual \u00e9 a diferen\u00e7a?<\/h2>\n<p>A maioria das plataformas oferece bate-papo por v\u00eddeo gratuito com mulheres como seu principal recurso. Algumas t\u00eam op\u00e7\u00f5es pagas para recursos extras, como filtros de g\u00eanero, presentes virtuais ou correspond\u00eancia de prioridade. Aqui est\u00e1 um resumo r\u00e1pido:<\/p>\n<table>\n<thead>\n<tr>\n<th>Recurso<\/th>\n<th>Bate-papo por v\u00eddeo gratuito com mulheres<\/th>\n<th>Bate-papo por v\u00eddeo pago<\/th>\n<\/tr>\n<\/thead>\n<tbody>\n<tr>\n<td>Sem custo<\/td>\n<td>\u2705<\/td>\n<td>\u274c<\/td>\n<\/tr>\n<tr>\n<td>Correspond\u00eancia aleat\u00f3ria<\/td>\n<td>\u2705<\/td>\n<td>\u2705<\/td>\n<\/tr>\n<tr>\n<td>Filtros de g\u00eanero<\/td>\n<td>\u2705 (em alguns)<\/td>\n<td>\u2705<\/td>\n<\/tr>\n<tr>\n<td>Salas de bate-papo em grupo<\/td>\n<td>\u2705 (em alguns)<\/td>\n<td>\u2705<\/td>\n<\/tr>\n<tr>\n<td>Chats priorit\u00e1rios ou privados<\/td>\n<td>\u274c<\/td>\n<td>\u2705<\/td>\n<\/tr>\n<tr>\n<td>Acesso a recursos premium<\/td>\n<td>\u274c<\/td>\n<td>\u2705<\/td>\n<\/tr>\n<\/tbody>\n<\/table>\n<p>Para a maioria dos usu\u00e1rios, as plataformas gratuitas s\u00e3o mais do que suficientes para ter \u00f3timas conversas. As vers\u00f5es pagas s\u00f3 valem a pena se voc\u00ea quiser garantir uma determinada experi\u00eancia ou evitar filas.<\/p>\n<h2>Por que o bate-papo por v\u00eddeo com mulheres \u00e9 melhor do que passar o dedo ou enviar mensagens<\/h2>\n<p>Os bate-papos por texto e os aplicativos de namoro t\u00eam seu lugar, mas nada supera uma conversa em tempo real com algu\u00e9m novo. Veja por que tantas pessoas preferem o bate-papo por v\u00eddeo on-line com garotas a mensagens intermin\u00e1veis:<\/p>\n<ul>\n<li>Voc\u00ea conhece a personalidade de algu\u00e9m muito mais rapidamente.<\/li>\n<li>N\u00e3o h\u00e1 risco de \"catfishing\" - voc\u00ea v\u00ea a pessoa real imediatamente.<\/li>\n<li>Os sil\u00eancios constrangedores n\u00e3o parecem t\u00e3o constrangedores quando voc\u00ea pode rir deles juntos.<\/li>\n<li>\u00c9 mais f\u00e1cil sentir a qu\u00edmica (ou a falta dela!).<\/li>\n<li>Se voc\u00ea n\u00e3o estiver interessado, \u00e9 simples e educado seguir em frente.<\/li>\n<\/ul>\n<h2>Quem usa o bate-papo por v\u00eddeo para se conectar com as mulheres?<\/h2>\n<p>N\u00e3o \u00e9 apenas para solteiros! Pessoas de todas as idades e origens usam o bate-papo por v\u00eddeo por diferentes motivos:<\/p>\n<ul>\n<li>Solteiros em busca de namoro ou paquera<\/li>\n<li>Expatriados e viajantes em busca de novos amigos no exterior<\/li>\n<li>Alunos de idiomas praticando com falantes nativos<\/li>\n<li>Pessoas entediadas em casa e que desejam uma nova perspectiva<\/li>\n<li>Qualquer pessoa que queira explorar e se divertir de forma segura e respeitosa<\/li>\n<\/ul>\n<p>O bate-papo por v\u00eddeo com mulheres n\u00e3o se trata apenas de romance - trata-se de aprender, compartilhar, rir e se conectar.<\/p>\n<h2>Sobre o que voc\u00ea pode falar?<\/h2>\n<p>Essa \u00e9 a beleza - quase tudo! Comece com o b\u00e1sico ou mergulhe diretamente em seus t\u00f3picos favoritos. Aqui est\u00e3o algumas ideias:<\/p>\n<ul>\n<li>M\u00fasica, filmes ou programas de TV favoritos<\/li>\n<li>Sonhos ou hist\u00f3rias de viagens<\/li>\n<li>Hobbies, esportes ou talentos ocultos<\/li>\n<li>A melhor refei\u00e7\u00e3o que voc\u00ea j\u00e1 comeu<\/li>\n<li>Culturas, tradi\u00e7\u00f5es ou \"como \u00e9 em seu pa\u00eds?\"<\/li>\n<li>Jogos bobos ou desafios virtuais<\/li>\n<\/ul>\n<p>Mantenha a conversa leve, aberta e divertida - lembre-se de que todos est\u00e3o l\u00e1 apenas para se conectar e desfrutar de um bom bate-papo.<\/p>\n<h2>Bate-papo por v\u00eddeo com mulheres vs. outras op\u00e7\u00f5es on-line<\/h2>\n<table>\n<thead>\n<tr>\n<th>Recurso<\/th>\n<th>Bate-papo por v\u00eddeo com mulheres<\/th>\n<th>Aplicativos de namoro<\/th>\n<th>DMs de m\u00eddia social<\/th>\n<th>Salas de bate-papo em grupo<\/th>\n<\/tr>\n<\/thead>\n<tbody>\n<tr>\n<td>Presencial em tempo real<\/td>\n<td>\u2705<\/td>\n<td>\u274c<\/td>\n<td>\u274c<\/td>\n<td>\u2705<\/td>\n<\/tr>\n<tr>\n<td>Correspond\u00eancia aleat\u00f3ria dispon\u00edvel<\/td>\n<td>\u2705<\/td>\n<td>\u274c<\/td>\n<td>\u274c<\/td>\n<td>\u2705<\/td>\n<\/tr>\n<tr>\n<td>N\u00e3o \u00e9 necess\u00e1rio perfil<\/td>\n<td>\u2705<\/td>\n<td>\u274c<\/td>\n<td>\u274c<\/td>\n<td>\u274c<\/td>\n<\/tr>\n<tr>\n<td>Uso gratuito<\/td>\n<td>\u2705<\/td>\n<td>\u2705\/\u274c<\/td>\n<td>\u2705<\/td>\n<td>\u2705<\/td>\n<\/tr>\n<tr>\n<td>Op\u00e7\u00e3o para pular\/seguir<\/td>\n<td>\u2705<\/td>\n<td>\u274c<\/td>\n<td>\u274c<\/td>\n<td>\u2705<\/td>\n<\/tr>\n<\/tbody>\n<\/table>\n<h2>Como tirar o m\u00e1ximo proveito de sua experi\u00eancia<\/h2>\n<ul>\n<li>Experimente algumas plataformas diferentes para ver qual comunidade \u00e9 mais adequada para voc\u00ea.<\/li>\n<li>Mude sua abordagem - \u00e0s vezes, um elogio amig\u00e1vel ou um interesse compartilhado inicia a melhor conversa.<\/li>\n<li>Use salas de grupo se estiver nervoso; voc\u00ea se sentir\u00e1 mais confort\u00e1vel antes de come\u00e7ar a usar as salas individuais.<\/li>\n<li>Misture os hor\u00e1rios do dia para conhecer mulheres de diferentes pa\u00edses e origens.<\/li>\n<li>N\u00e3o fique desanimado se voc\u00ea tiver algumas conversas estranhas. A pr\u00f3xima poder\u00e1 ser sua favorita.<\/li>\n<\/ul>\n<p>Se voc\u00ea est\u00e1 pronto para algo diferente - algo mais real, imediato e pessoal - o bate-papo por v\u00eddeo com mulheres \u00e9 o caminho a seguir. Se voc\u00ea quiser fazer amigos, praticar um idioma, flertar um pouco ou apenas ver como \u00e9 a vida do outro lado do mundo, h\u00e1 uma plataforma (e uma conversa) esperando por voc\u00ea.<\/p>\n<p>Ent\u00e3o, por que n\u00e3o tentar? O pr\u00f3ximo grande bate-papo, hist\u00f3ria ou at\u00e9 mesmo amizade pode estar a apenas um clique de dist\u00e2ncia.<\/p>\n<p>Conecte-se, fa\u00e7a logon e inicie sua primeira conversa hoje mesmo.<\/p>","protected":false},"excerpt":{"rendered":"<p>In the last few years, more and more people are searching for ways to video chat with women online. It\u2019s not hard to see why: video chat is personal, real-time, and feels so much more authentic than endless texting or swiping through profiles. Whether you\u2019re hoping to make a new friend, flirt, or just have [&hellip;]<\/p>\n","protected":false},"author":8,"featured_media":0,"parent":0,"menu_order":0,"comment_status":"closed","ping_status":"closed","template":"","meta":{"footnotes":""},"class_list":["post-13273","page","type-page","status-publish","hentry"],"yoast_head":"<!-- This site is optimized with the Yoast SEO plugin v27.5 - https:\/\/yoast.com\/product\/yoast-seo-wordpress\/ -->\n<title>Video Chat with Women with Video Chat on TinyChat.com<\/title>\n<meta name=\"description\" content=\"Enjoying Video Chat with Women? Join over 50,000,000 strangers on TinyChat! Turn on your cam and start meeting new people, or find a match.\" \/>\n<meta name=\"robots\" content=\"index, follow, max-snippet:-1, max-image-preview:large, max-video-preview:-1\" \/>\n<link rel=\"canonical\" href=\"https:\/\/tinychat.com\/pt-br\/video-chat-with-women\/\" \/>\n<meta property=\"og:locale\" content=\"pt_BR\" \/>\n<meta property=\"og:type\" content=\"article\" \/>\n<meta property=\"og:title\" content=\"Video Chat with Women with Video Chat on TinyChat.com\" \/>\n<meta property=\"og:description\" content=\"Enjoying Video Chat with Women? Join over 50,000,000 strangers on TinyChat! Turn on your cam and start meeting new people, or find a match.\" \/>\n<meta property=\"og:url\" content=\"https:\/\/tinychat.com\/pt-br\/video-chat-with-women\/\" \/>\n<meta property=\"og:site_name\" content=\"TinyChat\" \/>\n<meta property=\"article:publisher\" content=\"https:\/\/www.facebook.com\/tinychat\" \/>\n<meta property=\"og:image\" content=\"https:\/\/tinychat.com\/wp-content\/uploads\/2020\/04\/Tinychat-logo-1280x284-new-black.png\" \/>\n\t<meta property=\"og:image:width\" content=\"1280\" \/>\n\t<meta property=\"og:image:height\" content=\"284\" \/>\n\t<meta property=\"og:image:type\" content=\"image\/png\" \/>\n<meta name=\"twitter:card\" content=\"summary_large_image\" \/>\n<meta name=\"twitter:site\" content=\"@tinychat\" \/>\n<meta name=\"twitter:label1\" content=\"Est. tempo de leitura\" \/>\n\t<meta name=\"twitter:data1\" content=\"7 minutos\" \/>\n<script type=\"application\/ld+json\" class=\"yoast-schema-graph\">{\"@context\":\"https:\\\/\\\/schema.org\",\"@graph\":[{\"@type\":\"WebPage\",\"@id\":\"https:\\\/\\\/tinychat.com\\\/video-chat-with-women\\\/\",\"url\":\"https:\\\/\\\/tinychat.com\\\/video-chat-with-women\\\/\",\"name\":\"Video Chat with Women with Video Chat on TinyChat.com\",\"isPartOf\":{\"@id\":\"https:\\\/\\\/tinychat.com\\\/#website\"},\"datePublished\":\"2025-06-17T12:20:28+00:00\",\"description\":\"Enjoying Video Chat with Women? Join over 50,000,000 strangers on TinyChat! Turn on your cam and start meeting new people, or find a match.\",\"breadcrumb\":{\"@id\":\"https:\\\/\\\/tinychat.com\\\/video-chat-with-women\\\/#breadcrumb\"},\"inLanguage\":\"pt-BR\",\"potentialAction\":[{\"@type\":\"ReadAction\",\"target\":[\"https:\\\/\\\/tinychat.com\\\/video-chat-with-women\\\/\"]}]},{\"@type\":\"BreadcrumbList\",\"@id\":\"https:\\\/\\\/tinychat.com\\\/video-chat-with-women\\\/#breadcrumb\",\"itemListElement\":[{\"@type\":\"ListItem\",\"position\":1,\"name\":\"Home\",\"item\":\"https:\\\/\\\/tinychat.com\\\/\"},{\"@type\":\"ListItem\",\"position\":2,\"name\":\"Video Chat with Women\"}]},{\"@type\":\"WebSite\",\"@id\":\"https:\\\/\\\/tinychat.com\\\/#website\",\"url\":\"https:\\\/\\\/tinychat.com\\\/\",\"name\":\"TinyChat\",\"description\":\"Random Video Chat with Strangers\",\"publisher\":{\"@id\":\"https:\\\/\\\/tinychat.com\\\/#organization\"},\"alternateName\":\"TinyChat.com\",\"potentialAction\":[{\"@type\":\"SearchAction\",\"target\":{\"@type\":\"EntryPoint\",\"urlTemplate\":\"https:\\\/\\\/tinychat.com\\\/?s={search_term_string}\"},\"query-input\":{\"@type\":\"PropertyValueSpecification\",\"valueRequired\":true,\"valueName\":\"search_term_string\"}}],\"inLanguage\":\"pt-BR\"},{\"@type\":\"Organization\",\"@id\":\"https:\\\/\\\/tinychat.com\\\/#organization\",\"name\":\"TinyChat\",\"alternateName\":\"TinyChat.com\",\"url\":\"https:\\\/\\\/tinychat.com\\\/\",\"logo\":{\"@type\":\"ImageObject\",\"inLanguage\":\"pt-BR\",\"@id\":\"https:\\\/\\\/tinychat.com\\\/#\\\/schema\\\/logo\\\/image\\\/\",\"url\":\"https:\\\/\\\/tinychat.com\\\/wp-content\\\/uploads\\\/2023\\\/11\\\/Tinychat-icon-square.png\",\"contentUrl\":\"https:\\\/\\\/tinychat.com\\\/wp-content\\\/uploads\\\/2023\\\/11\\\/Tinychat-icon-square.png\",\"width\":284,\"height\":284,\"caption\":\"TinyChat\"},\"image\":{\"@id\":\"https:\\\/\\\/tinychat.com\\\/#\\\/schema\\\/logo\\\/image\\\/\"},\"sameAs\":[\"https:\\\/\\\/www.facebook.com\\\/tinychat\",\"https:\\\/\\\/x.com\\\/tinychat\"]}]}<\/script>\n<!-- \/ Yoast SEO plugin. -->","yoast_head_json":{"title":"Bate-papo por v\u00eddeo com mulheres com bate-papo por v\u00eddeo no TinyChat.com","description":"Est\u00e1 gostando do bate-papo por v\u00eddeo com mulheres? Junte-se a mais de 50.000.000 de desconhecidos no TinyChat! Ligue sua c\u00e2mera e comece a conhecer novas pessoas ou encontre um par.","robots":{"index":"index","follow":"follow","max-snippet":"max-snippet:-1","max-image-preview":"max-image-preview:large","max-video-preview":"max-video-preview:-1"},"canonical":"https:\/\/tinychat.com\/pt-br\/video-chat-with-women\/","og_locale":"pt_BR","og_type":"article","og_title":"Video Chat with Women with Video Chat on TinyChat.com","og_description":"Enjoying Video Chat with Women? Join over 50,000,000 strangers on TinyChat! Turn on your cam and start meeting new people, or find a match.","og_url":"https:\/\/tinychat.com\/pt-br\/video-chat-with-women\/","og_site_name":"TinyChat","article_publisher":"https:\/\/www.facebook.com\/tinychat","og_image":[{"width":1280,"height":284,"url":"https:\/\/tinychat.com\/wp-content\/uploads\/2020\/04\/Tinychat-logo-1280x284-new-black.png","type":"image\/png"}],"twitter_card":"summary_large_image","twitter_site":"@tinychat","twitter_misc":{"Est. tempo de leitura":"7 minutos"},"schema":{"@context":"https:\/\/schema.org","@graph":[{"@type":"WebPage","@id":"https:\/\/tinychat.com\/video-chat-with-women\/","url":"https:\/\/tinychat.com\/video-chat-with-women\/","name":"Bate-papo por v\u00eddeo com mulheres com bate-papo por v\u00eddeo no TinyChat.com","isPartOf":{"@id":"https:\/\/tinychat.com\/#website"},"datePublished":"2025-06-17T12:20:28+00:00","description":"Est\u00e1 gostando do bate-papo por v\u00eddeo com mulheres? Junte-se a mais de 50.000.000 de desconhecidos no TinyChat! Ligue sua c\u00e2mera e comece a conhecer novas pessoas ou encontre um par.","breadcrumb":{"@id":"https:\/\/tinychat.com\/video-chat-with-women\/#breadcrumb"},"inLanguage":"pt-BR","potentialAction":[{"@type":"ReadAction","target":["https:\/\/tinychat.com\/video-chat-with-women\/"]}]},{"@type":"BreadcrumbList","@id":"https:\/\/tinychat.com\/video-chat-with-women\/#breadcrumb","itemListElement":[{"@type":"ListItem","position":1,"name":"Home","item":"https:\/\/tinychat.com\/"},{"@type":"ListItem","position":2,"name":"Video Chat with Women"}]},{"@type":"WebSite","@id":"https:\/\/tinychat.com\/#website","url":"https:\/\/tinychat.com\/","name":"TinyChat","description":"Bate-papo por v\u00eddeo aleat\u00f3rio com estranhos","publisher":{"@id":"https:\/\/tinychat.com\/#organization"},"alternateName":"TinyChat.com","potentialAction":[{"@type":"SearchAction","target":{"@type":"EntryPoint","urlTemplate":"https:\/\/tinychat.com\/?s={search_term_string}"},"query-input":{"@type":"PropertyValueSpecification","valueRequired":true,"valueName":"search_term_string"}}],"inLanguage":"pt-BR"},{"@type":"Organization","@id":"https:\/\/tinychat.com\/#organization","name":"TinyChat","alternateName":"TinyChat.com","url":"https:\/\/tinychat.com\/","logo":{"@type":"ImageObject","inLanguage":"pt-BR","@id":"https:\/\/tinychat.com\/#\/schema\/logo\/image\/","url":"https:\/\/tinychat.com\/wp-content\/uploads\/2023\/11\/Tinychat-icon-square.png","contentUrl":"https:\/\/tinychat.com\/wp-content\/uploads\/2023\/11\/Tinychat-icon-square.png","width":284,"height":284,"caption":"TinyChat"},"image":{"@id":"https:\/\/tinychat.com\/#\/schema\/logo\/image\/"},"sameAs":["https:\/\/www.facebook.com\/tinychat","https:\/\/x.com\/tinychat"]}]}},"_links":{"self":[{"href":"https:\/\/tinychat.com\/pt-br\/wp-json\/wp\/v2\/pages\/13273","targetHints":{"allow":["GET"]}}],"collection":[{"href":"https:\/\/tinychat.com\/pt-br\/wp-json\/wp\/v2\/pages"}],"about":[{"href":"https:\/\/tinychat.com\/pt-br\/wp-json\/wp\/v2\/types\/page"}],"author":[{"embeddable":true,"href":"https:\/\/tinychat.com\/pt-br\/wp-json\/wp\/v2\/users\/8"}],"replies":[{"embeddable":true,"href":"https:\/\/tinychat.com\/pt-br\/wp-json\/wp\/v2\/comments?post=13273"}],"version-history":[{"count":2,"href":"https:\/\/tinychat.com\/pt-br\/wp-json\/wp\/v2\/pages\/13273\/revisions"}],"predecessor-version":[{"id":13275,"href":"https:\/\/tinychat.com\/pt-br\/wp-json\/wp\/v2\/pages\/13273\/revisions\/13275"}],"wp:attachment":[{"href":"https:\/\/tinychat.com\/pt-br\/wp-json\/wp\/v2\/media?parent=13273"}],"curies":[{"name":"wp","href":"https:\/\/api.w.org\/{rel}","templated":true}]}}