{"id":13409,"date":"2025-08-05T11:01:10","date_gmt":"2025-08-05T09:01:10","guid":{"rendered":"https:\/\/tinychat.com\/?page_id=13409"},"modified":"2025-08-05T11:01:10","modified_gmt":"2025-08-05T09:01:10","slug":"omegle-replacement","status":"publish","type":"page","link":"https:\/\/tinychat.com\/pt-br\/omegle-replacement\/","title":{"rendered":"Substitui\u00e7\u00e3o do Omegle"},"content":{"rendered":"<p>Quando o Omegle foi lan\u00e7ado, ele mudou a forma como conhec\u00edamos pessoas on-line. Instantaneamente, qualquer pessoa podia entrar em um bate-papo por v\u00eddeo aleat\u00f3rio com um estranho, sem perfis, sem confus\u00e3o. Mas, \u00e0 medida que a Internet cresceu e as necessidades dos usu\u00e1rios mudaram, tamb\u00e9m mudaram as expectativas das pessoas - e a necessidade de um substituto para o Omegle \u00e9 maior do que nunca.<\/p>\n<p>Talvez o Omegle esteja inativo, muito cheio ou n\u00e3o seja mais a sua praia. Ou talvez voc\u00ea esteja procurando uma experi\u00eancia mais segura, com mais recursos ou at\u00e9 mesmo mais moderada. Seja qual for o seu motivo, agora existem dezenas de \u00f3timas alternativas ao Omegle prontas para lhe oferecer maneiras novas e empolgantes de conhecer novas pessoas on-line.<\/p>\n<h2>Por que procurar um substituto para o Omegle?<\/h2>\n<p>O Omegle foi um pioneiro, mas sejamos honestos: ele n\u00e3o \u00e9 perfeito. Ao longo dos anos, muitos usu\u00e1rios se viram \u00e0 procura de um substituto para o Omegle por causa de:<\/p>\n<ul>\n<li>Modera\u00e7\u00e3o inconsistente: Muitos bots ou usu\u00e1rios inadequados.<\/li>\n<li>Falta de filtros: Dif\u00edcil encontrar pessoas por idade, g\u00eanero ou interesses.<\/li>\n<li>Sem aplicativo m\u00f3vel: O Omegle nem sempre \u00e9 compat\u00edvel com dispositivos m\u00f3veis.<\/li>\n<li>Recursos limitados: Pouco em termos de jogos, adesivos, presentes ou salas de bate-papo tem\u00e1ticas.<\/li>\n<li>Preocupa\u00e7\u00f5es com a seguran\u00e7a: O anonimato \u00e9 \u00f3timo, mas \u00e0s vezes voc\u00ea precisa de mais prote\u00e7\u00e3o.<\/li>\n<\/ul>\n<p>\u00c9 por isso que muitas pessoas est\u00e3o explorando sites e aplicativos alternativos do Omegle - buscando a mesma espontaneidade, mas com mais controle e melhores vibra\u00e7\u00f5es.<\/p>\n<h2>O que faz uma boa alternativa ao Omegle?<\/h2>\n<p>As melhores plataformas de substitui\u00e7\u00e3o do Omegle t\u00eam algumas coisas em comum:<\/p>\n<ul>\n<li>Gratuito para usar: N\u00e3o h\u00e1 grandes barreiras de pagamento ou custos ocultos para come\u00e7ar a conversar.<\/li>\n<li>Bate-papo instant\u00e2neo por v\u00eddeo e texto: Entre e conhe\u00e7a algu\u00e9m novo em segundos.<\/li>\n<li>Correspond\u00eancia an\u00f4nima: mantenha a privacidade, use um apelido e compartilhe apenas o que quiser.<\/li>\n<li>Filtros e controles: G\u00eanero, localiza\u00e7\u00e3o, interesses e muito mais.<\/li>\n<li>Modera\u00e7\u00e3o ativa: Bloqueio, den\u00fancia e padr\u00f5es ativos da comunidade.<\/li>\n<li>Compatibilidade com dispositivos m\u00f3veis: Aplicativos ou sites compat\u00edveis com dispositivos m\u00f3veis.<\/li>\n<\/ul>\n<p>Com esses princ\u00edpios b\u00e1sicos cobertos, cada substituto do Omegle oferece seu pr\u00f3prio toque exclusivo - alguns focam na divers\u00e3o, outros na seguran\u00e7a e outros em encontrar conex\u00f5es mais genu\u00ednas.<\/p>\n<h2>Melhores sites e aplicativos para substitui\u00e7\u00e3o do Omegle<\/h2>\n<p>Pronto para experimentar algo novo? Aqui est\u00e3o as principais alternativas ao Omegle, todas com seu pr\u00f3prio sabor e base de f\u00e3s:<\/p>\n<h3>1. Chatroulette<\/h3>\n<p>O rival original do bate-papo por v\u00eddeo aleat\u00f3rio. Conhecido pela correspond\u00eancia r\u00e1pida, uma interface simples e uma enorme base de usu\u00e1rios globais. A forte modera\u00e7\u00e3o melhorou a experi\u00eancia do usu\u00e1rio.<\/p>\n<h3>2. Chatspin<\/h3>\n<p>Oferece op\u00e7\u00f5es de v\u00eddeo, texto e bate-papo em grupo. Filtros para g\u00eanero e local, efeitos de v\u00eddeo divertidos e dispon\u00edvel para desktop e celular.<\/p>\n<h3>3. Camsurf<\/h3>\n<p>Um ambiente seguro e limpo com modera\u00e7\u00e3o e filtros de pa\u00eds\/idioma. Conex\u00f5es r\u00e1pidas e uma plataforma compat\u00edvel com dispositivos m\u00f3veis.<\/p>\n<h3>4. Chatrandom<\/h3>\n<p>Permite que voc\u00ea filtre por g\u00eanero, local e at\u00e9 mesmo por prefer\u00eancia sexual. Inclui salas de bate-papo tem\u00e1ticas e uma op\u00e7\u00e3o para \"somente bate-papo de meninas\".<\/p>\n<h3>5. TinyChat<\/h3>\n<p>Bate-papo baseado em grupo com salas p\u00fablicas e privadas - \u00f3timo para participar de conversas sobre qualquer assunto ou at\u00e9 mesmo para transmitir seu pr\u00f3prio bate-papo por v\u00eddeo.<\/p>\n<h3>6. Bazoocam<\/h3>\n<p>Popular na Europa, o Bazoocam oferece correspond\u00eancia r\u00e1pida e jogos no bate-papo para ajudar a quebrar o gelo.<\/p>\n<h3>7. Emerald Chat<\/h3>\n<p>Concentra-se na comunidade e na tecnologia anti-bot, com forte modera\u00e7\u00e3o, correspond\u00eancia de interesses e pontos de carma para bom comportamento.<\/p>\n<h3>8. CooMeet<\/h3>\n<p>Para os homens que desejam conversar com mulheres verificadas, o CooMeet \u00e9 um substituto premium do Omegle com verifica\u00e7\u00e3o por v\u00eddeo e uma alta propor\u00e7\u00e3o de mulheres para homens.<\/p>\n<h3>9. Shagle<\/h3>\n<p>Bate-papo por v\u00eddeo aleat\u00f3rio global com filtros de g\u00eanero e local, presentes virtuais e filtros de v\u00eddeo divertidos.<\/p>\n<blockquote><p>Dica: experimente algumas! Cada plataforma de substitui\u00e7\u00e3o do Omegle tem sua pr\u00f3pria comunidade e personalidade.<\/p><\/blockquote>\n<h2>Substitui\u00e7\u00e3o do Omegle vs. Omegle: como eles se comparam?<\/h2>\n<table>\n<thead>\n<tr>\n<th>Recurso<\/th>\n<th>Omegle<\/th>\n<th>Chatroulette<\/th>\n<th>Chatspin<\/th>\n<th>Chatrandom<\/th>\n<th>Camsurf<\/th>\n<th>Emerald Chat<\/th>\n<\/tr>\n<\/thead>\n<tbody>\n<tr>\n<td>Uso gratuito<\/td>\n<td>\u2705<\/td>\n<td>\u2705<\/td>\n<td>\u2705<\/td>\n<td>\u2705<\/td>\n<td>\u2705<\/td>\n<td>\u2705<\/td>\n<\/tr>\n<tr>\n<td>Bate-papo por v\u00eddeo e texto<\/td>\n<td>\u2705<\/td>\n<td>\u2705<\/td>\n<td>\u2705<\/td>\n<td>\u2705<\/td>\n<td>\u2705<\/td>\n<td>\u2705<\/td>\n<\/tr>\n<tr>\n<td>Filtros de g\u00eanero<\/td>\n<td>\u274c<\/td>\n<td>\u274c<\/td>\n<td>\u2705<\/td>\n<td>\u2705<\/td>\n<td>\u2705<\/td>\n<td>\u2705<\/td>\n<\/tr>\n<tr>\n<td>Filtros de interesse<\/td>\n<td>\u2705<\/td>\n<td>\u274c<\/td>\n<td>\u2705<\/td>\n<td>\u2705<\/td>\n<td>\u2705<\/td>\n<td>\u2705<\/td>\n<\/tr>\n<tr>\n<td>Forte modera\u00e7\u00e3o<\/td>\n<td>\u274c<\/td>\n<td>\u2705<\/td>\n<td>\u2705<\/td>\n<td>\u2705<\/td>\n<td>\u2705<\/td>\n<td>\u2705<\/td>\n<\/tr>\n<tr>\n<td>Compat\u00edvel com dispositivos m\u00f3veis\/aplicativo<\/td>\n<td>\u274c<\/td>\n<td>\u2705<\/td>\n<td>\u2705<\/td>\n<td>\u2705<\/td>\n<td>\u2705<\/td>\n<td>\u2705<\/td>\n<\/tr>\n<tr>\n<td>Recursos exclusivos<\/td>\n<td>Modo espi\u00e3o<\/td>\n<td>Jogos<\/td>\n<td>Efeitos<\/td>\n<td>Salas tem\u00e1ticas<\/td>\n<td>Idioma<\/td>\n<td>Sistema de carma<\/td>\n<\/tr>\n<\/tbody>\n<\/table>\n<p>As alternativas do Omegle geralmente adicionam mais filtros, melhor modera\u00e7\u00e3o e recursos extras.<\/p>\n<h2>Substitui\u00e7\u00e3o gratuita do Omegle: O que esperar<\/h2>\n<p>A maioria das plataformas de substitui\u00e7\u00e3o do Omegle \u00e9 totalmente gratuita, embora algumas ofere\u00e7am extras pagos, como por exemplo:<\/p>\n<ul>\n<li>Filtros ilimitados<\/li>\n<li>Partidas priorit\u00e1rias<\/li>\n<li>Sem an\u00fancios<\/li>\n<li>Acesso a salas ou recursos \"VIP<\/li>\n<\/ul>\n<p>Mas voc\u00ea n\u00e3o precisa gastar dinheiro para ter \u00f3timas conversas. A vers\u00e3o gratuita de quase todas as alternativas \u00e9 robusta e repleta de possibilidades.<\/p>\n<h2>Dicas para aproveitar ao m\u00e1ximo sua alternativa Omegle<\/h2>\n<ul>\n<li>Seja aberto e amig\u00e1vel: As primeiras impress\u00f5es s\u00e3o importantes! Um cumprimento genu\u00edno \u00e9 muito importante.<\/li>\n<li>Experimente em hor\u00e1rios diferentes: Usu\u00e1rios de diferentes pa\u00edses e fusos hor\u00e1rios est\u00e3o on-line 24 horas por dia.<\/li>\n<li>Use filtros: G\u00eanero, localiza\u00e7\u00e3o e interesses podem ajud\u00e1-lo a encontrar melhores correspond\u00eancias.<\/li>\n<li>N\u00e3o fique desanimado: Se um bate-papo for estranho ou curto, basta clicar em \"pr\u00f3ximo\".<\/li>\n<li>Explore salas tem\u00e1ticas: Muitos sites permitem que voc\u00ea participe de grupos de m\u00fasica, jogos, namoro e muito mais.<\/li>\n<li>Misture tudo: Alterne entre texto e v\u00eddeo, dependendo de seu n\u00edvel de conforto.<\/li>\n<\/ul>\n<h2>Seguran\u00e7a nas substitui\u00e7\u00f5es do Omegle<\/h2>\n<p>Bate-papos aleat\u00f3rios por v\u00eddeo s\u00e3o divertidos, mas sempre com seguran\u00e7a:<\/p>\n<ul>\n<li>Nunca compartilhe seu nome verdadeiro, endere\u00e7o ou informa\u00e7\u00f5es pessoais.<\/li>\n<li>Use um apelido e mantenha o fundo da webcam neutro.<\/li>\n<li>N\u00e3o clique em links nem fa\u00e7a download de arquivos de estranhos.<\/li>\n<li>Bloquear\/denunciar qualquer pessoa que seja rude ou inadequada.<\/li>\n<li>Se voc\u00ea tiver menos de 18 anos, use apenas plataformas projetadas para sua faixa et\u00e1ria e com muita modera\u00e7\u00e3o.<\/li>\n<\/ul>\n<p>A maioria das alternativas de boa reputa\u00e7\u00e3o leva a seguran\u00e7a a s\u00e9rio, mas \u00e9 sempre bom usar seu pr\u00f3prio julgamento.<\/p>\n<h2>Quem usa os locais de substitui\u00e7\u00e3o do Omegle?<\/h2>\n<p>Todos! Voc\u00ea conhecer\u00e1:<\/p>\n<ul>\n<li>Solteiros que procuram flertar, namorar ou fazer amigos<\/li>\n<li>Viajantes e expatriados que desejam se conectar globalmente<\/li>\n<li>Alunos praticando habilidades lingu\u00edsticas<\/li>\n<li>Corujas noturnas entediadas e pessoas com ins\u00f4nia<\/li>\n<li>Qualquer pessoa aberta a conversas novas e em tempo real<\/li>\n<\/ul>\n<p>Nunca se sabe quem est\u00e1 do outro lado da c\u00e2mera - cada bate-papo \u00e9 uma nova hist\u00f3ria.<\/p>\n<h2>Quando voc\u00ea deve usar um substituto do Omegle?<\/h2>\n<ul>\n<li>Quando o Omegle est\u00e1 inativo ou n\u00e3o est\u00e1 funcionando<\/li>\n<li>Para um ambiente mais seguro e moderado<\/li>\n<li>Se voc\u00ea quiser usar filtros para melhorar a correspond\u00eancia<\/li>\n<li>Quando voc\u00ea estiver entediado e desejando uma nova companhia<\/li>\n<li>Para praticar idiomas ou aprender sobre novas culturas<\/li>\n<li>Para bate-papo em grupo ou comunidades tem\u00e1ticas<\/li>\n<\/ul>\n<h2>Substitui\u00e7\u00e3o do Omegle para celular: Bate-papo em qualquer lugar<\/h2>\n<p>A maioria das principais alternativas ao Omegle agora tem aplicativos m\u00f3veis ou sites otimizados para dispositivos m\u00f3veis, portanto, voc\u00ea pode:<\/p>\n<ul>\n<li>Converse em qualquer lugar - esperando na fila, no intervalo ou at\u00e9 tarde da noite<\/li>\n<li>Alterne facilmente entre chats de v\u00eddeo, texto e grupo<\/li>\n<li>Conhe\u00e7a pessoas de todo o mundo, a qualquer hora e em qualquer lugar<\/li>\n<\/ul>\n<p>Procure em sua loja de aplicativos nomes como Chatspin, Chatrandom ou Camsurf e comece a conversar em segundos.<\/p>\n<p>O Omegle pode ter dado in\u00edcio a tudo, mas h\u00e1 um mundo totalmente novo de sites e aplicativos que substituem o Omegle - cada um oferecendo maneiras mais seguras, inteligentes e com mais recursos para se conectar. Com melhor modera\u00e7\u00e3o, filtros reais, acesso m\u00f3vel e comunidades globais, voc\u00ea sempre pode encontrar a vibra\u00e7\u00e3o certa, quer esteja procurando amizade, paquera ou apenas uma conversa divertida.<\/p>\n<p>Pronto para sair do Omegle? Explore algumas alternativas hoje \u00e0 noite - seu pr\u00f3ximo \u00f3timo bate-papo pode estar a apenas um clique de dist\u00e2ncia.<\/p>","protected":false},"excerpt":{"rendered":"<p>When Omegle first launched, it changed how we met people online. Instantly, anyone could jump into a random video chat with a stranger, no profiles, no fuss. But as the internet has grown and user needs have changed, so have people\u2019s expectations\u2014and the need for an Omegle replacement is bigger than ever. Maybe Omegle is [&hellip;]<\/p>\n","protected":false},"author":8,"featured_media":0,"parent":0,"menu_order":0,"comment_status":"closed","ping_status":"closed","template":"","meta":{"footnotes":""},"class_list":["post-13409","page","type-page","status-publish","hentry"],"yoast_head":"<!-- This site is optimized with the Yoast SEO plugin v27.5 - https:\/\/yoast.com\/product\/yoast-seo-wordpress\/ -->\n<title>Omegle Replacement on TinyChat.com<\/title>\n<meta name=\"description\" content=\"Looking for an Omegle Replacement? Join over 50,000,000 strangers on TinyChat! Turn on your cam and start meeting new people.\" \/>\n<meta name=\"robots\" content=\"index, follow, max-snippet:-1, max-image-preview:large, max-video-preview:-1\" \/>\n<link rel=\"canonical\" href=\"https:\/\/tinychat.com\/pt-br\/omegle-replacement\/\" \/>\n<meta property=\"og:locale\" content=\"pt_BR\" \/>\n<meta property=\"og:type\" content=\"article\" \/>\n<meta property=\"og:title\" content=\"Omegle Replacement on TinyChat.com\" \/>\n<meta property=\"og:description\" content=\"Looking for an Omegle Replacement? Join over 50,000,000 strangers on TinyChat! Turn on your cam and start meeting new people.\" \/>\n<meta property=\"og:url\" content=\"https:\/\/tinychat.com\/pt-br\/omegle-replacement\/\" \/>\n<meta property=\"og:site_name\" content=\"TinyChat\" \/>\n<meta property=\"article:publisher\" content=\"https:\/\/www.facebook.com\/tinychat\" \/>\n<meta property=\"og:image\" content=\"https:\/\/tinychat.com\/wp-content\/uploads\/2020\/04\/Tinychat-logo-1280x284-new-black.png\" \/>\n\t<meta property=\"og:image:width\" content=\"1280\" \/>\n\t<meta property=\"og:image:height\" content=\"284\" \/>\n\t<meta property=\"og:image:type\" content=\"image\/png\" \/>\n<meta name=\"twitter:card\" content=\"summary_large_image\" \/>\n<meta name=\"twitter:site\" content=\"@tinychat\" \/>\n<meta name=\"twitter:label1\" content=\"Est. tempo de leitura\" \/>\n\t<meta name=\"twitter:data1\" content=\"5 minutos\" \/>\n<script type=\"application\/ld+json\" class=\"yoast-schema-graph\">{\"@context\":\"https:\\\/\\\/schema.org\",\"@graph\":[{\"@type\":\"WebPage\",\"@id\":\"https:\\\/\\\/tinychat.com\\\/omegle-replacement\\\/\",\"url\":\"https:\\\/\\\/tinychat.com\\\/omegle-replacement\\\/\",\"name\":\"Omegle Replacement on TinyChat.com\",\"isPartOf\":{\"@id\":\"https:\\\/\\\/tinychat.com\\\/#website\"},\"datePublished\":\"2025-08-05T09:01:10+00:00\",\"description\":\"Looking for an Omegle Replacement? Join over 50,000,000 strangers on TinyChat! Turn on your cam and start meeting new people.\",\"breadcrumb\":{\"@id\":\"https:\\\/\\\/tinychat.com\\\/omegle-replacement\\\/#breadcrumb\"},\"inLanguage\":\"pt-BR\",\"potentialAction\":[{\"@type\":\"ReadAction\",\"target\":[\"https:\\\/\\\/tinychat.com\\\/omegle-replacement\\\/\"]}]},{\"@type\":\"BreadcrumbList\",\"@id\":\"https:\\\/\\\/tinychat.com\\\/omegle-replacement\\\/#breadcrumb\",\"itemListElement\":[{\"@type\":\"ListItem\",\"position\":1,\"name\":\"Home\",\"item\":\"https:\\\/\\\/tinychat.com\\\/\"},{\"@type\":\"ListItem\",\"position\":2,\"name\":\"Omegle Replacement\"}]},{\"@type\":\"WebSite\",\"@id\":\"https:\\\/\\\/tinychat.com\\\/#website\",\"url\":\"https:\\\/\\\/tinychat.com\\\/\",\"name\":\"TinyChat\",\"description\":\"Random Video Chat with Strangers\",\"publisher\":{\"@id\":\"https:\\\/\\\/tinychat.com\\\/#organization\"},\"alternateName\":\"TinyChat.com\",\"potentialAction\":[{\"@type\":\"SearchAction\",\"target\":{\"@type\":\"EntryPoint\",\"urlTemplate\":\"https:\\\/\\\/tinychat.com\\\/?s={search_term_string}\"},\"query-input\":{\"@type\":\"PropertyValueSpecification\",\"valueRequired\":true,\"valueName\":\"search_term_string\"}}],\"inLanguage\":\"pt-BR\"},{\"@type\":\"Organization\",\"@id\":\"https:\\\/\\\/tinychat.com\\\/#organization\",\"name\":\"TinyChat\",\"alternateName\":\"TinyChat.com\",\"url\":\"https:\\\/\\\/tinychat.com\\\/\",\"logo\":{\"@type\":\"ImageObject\",\"inLanguage\":\"pt-BR\",\"@id\":\"https:\\\/\\\/tinychat.com\\\/#\\\/schema\\\/logo\\\/image\\\/\",\"url\":\"https:\\\/\\\/tinychat.com\\\/wp-content\\\/uploads\\\/2023\\\/11\\\/Tinychat-icon-square.png\",\"contentUrl\":\"https:\\\/\\\/tinychat.com\\\/wp-content\\\/uploads\\\/2023\\\/11\\\/Tinychat-icon-square.png\",\"width\":284,\"height\":284,\"caption\":\"TinyChat\"},\"image\":{\"@id\":\"https:\\\/\\\/tinychat.com\\\/#\\\/schema\\\/logo\\\/image\\\/\"},\"sameAs\":[\"https:\\\/\\\/www.facebook.com\\\/tinychat\",\"https:\\\/\\\/x.com\\\/tinychat\"]}]}<\/script>\n<!-- \/ Yoast SEO plugin. -->","yoast_head_json":{"title":"Substitui\u00e7\u00e3o do Omegle no TinyChat.com","description":"Procurando um substituto para o Omegle? Junte-se a mais de 50.000.000 de estranhos no TinyChat! Ligue sua c\u00e2mera e comece a conhecer novas pessoas.","robots":{"index":"index","follow":"follow","max-snippet":"max-snippet:-1","max-image-preview":"max-image-preview:large","max-video-preview":"max-video-preview:-1"},"canonical":"https:\/\/tinychat.com\/pt-br\/omegle-replacement\/","og_locale":"pt_BR","og_type":"article","og_title":"Omegle Replacement on TinyChat.com","og_description":"Looking for an Omegle Replacement? Join over 50,000,000 strangers on TinyChat! Turn on your cam and start meeting new people.","og_url":"https:\/\/tinychat.com\/pt-br\/omegle-replacement\/","og_site_name":"TinyChat","article_publisher":"https:\/\/www.facebook.com\/tinychat","og_image":[{"width":1280,"height":284,"url":"https:\/\/tinychat.com\/wp-content\/uploads\/2020\/04\/Tinychat-logo-1280x284-new-black.png","type":"image\/png"}],"twitter_card":"summary_large_image","twitter_site":"@tinychat","twitter_misc":{"Est. tempo de leitura":"5 minutos"},"schema":{"@context":"https:\/\/schema.org","@graph":[{"@type":"WebPage","@id":"https:\/\/tinychat.com\/omegle-replacement\/","url":"https:\/\/tinychat.com\/omegle-replacement\/","name":"Substitui\u00e7\u00e3o do Omegle no TinyChat.com","isPartOf":{"@id":"https:\/\/tinychat.com\/#website"},"datePublished":"2025-08-05T09:01:10+00:00","description":"Procurando um substituto para o Omegle? Junte-se a mais de 50.000.000 de estranhos no TinyChat! Ligue sua c\u00e2mera e comece a conhecer novas pessoas.","breadcrumb":{"@id":"https:\/\/tinychat.com\/omegle-replacement\/#breadcrumb"},"inLanguage":"pt-BR","potentialAction":[{"@type":"ReadAction","target":["https:\/\/tinychat.com\/omegle-replacement\/"]}]},{"@type":"BreadcrumbList","@id":"https:\/\/tinychat.com\/omegle-replacement\/#breadcrumb","itemListElement":[{"@type":"ListItem","position":1,"name":"Home","item":"https:\/\/tinychat.com\/"},{"@type":"ListItem","position":2,"name":"Omegle Replacement"}]},{"@type":"WebSite","@id":"https:\/\/tinychat.com\/#website","url":"https:\/\/tinychat.com\/","name":"TinyChat","description":"Bate-papo por v\u00eddeo aleat\u00f3rio com estranhos","publisher":{"@id":"https:\/\/tinychat.com\/#organization"},"alternateName":"TinyChat.com","potentialAction":[{"@type":"SearchAction","target":{"@type":"EntryPoint","urlTemplate":"https:\/\/tinychat.com\/?s={search_term_string}"},"query-input":{"@type":"PropertyValueSpecification","valueRequired":true,"valueName":"search_term_string"}}],"inLanguage":"pt-BR"},{"@type":"Organization","@id":"https:\/\/tinychat.com\/#organization","name":"TinyChat","alternateName":"TinyChat.com","url":"https:\/\/tinychat.com\/","logo":{"@type":"ImageObject","inLanguage":"pt-BR","@id":"https:\/\/tinychat.com\/#\/schema\/logo\/image\/","url":"https:\/\/tinychat.com\/wp-content\/uploads\/2023\/11\/Tinychat-icon-square.png","contentUrl":"https:\/\/tinychat.com\/wp-content\/uploads\/2023\/11\/Tinychat-icon-square.png","width":284,"height":284,"caption":"TinyChat"},"image":{"@id":"https:\/\/tinychat.com\/#\/schema\/logo\/image\/"},"sameAs":["https:\/\/www.facebook.com\/tinychat","https:\/\/x.com\/tinychat"]}]}},"_links":{"self":[{"href":"https:\/\/tinychat.com\/pt-br\/wp-json\/wp\/v2\/pages\/13409","targetHints":{"allow":["GET"]}}],"collection":[{"href":"https:\/\/tinychat.com\/pt-br\/wp-json\/wp\/v2\/pages"}],"about":[{"href":"https:\/\/tinychat.com\/pt-br\/wp-json\/wp\/v2\/types\/page"}],"author":[{"embeddable":true,"href":"https:\/\/tinychat.com\/pt-br\/wp-json\/wp\/v2\/users\/8"}],"replies":[{"embeddable":true,"href":"https:\/\/tinychat.com\/pt-br\/wp-json\/wp\/v2\/comments?post=13409"}],"version-history":[{"count":1,"href":"https:\/\/tinychat.com\/pt-br\/wp-json\/wp\/v2\/pages\/13409\/revisions"}],"predecessor-version":[{"id":13410,"href":"https:\/\/tinychat.com\/pt-br\/wp-json\/wp\/v2\/pages\/13409\/revisions\/13410"}],"wp:attachment":[{"href":"https:\/\/tinychat.com\/pt-br\/wp-json\/wp\/v2\/media?parent=13409"}],"curies":[{"name":"wp","href":"https:\/\/api.w.org\/{rel}","templated":true}]}}