{"id":13514,"date":"2025-09-10T11:10:56","date_gmt":"2025-09-10T09:10:56","guid":{"rendered":"https:\/\/tinychat.com\/?page_id=13514"},"modified":"2025-09-10T11:13:12","modified_gmt":"2025-09-10T09:13:12","slug":"omegle-online","status":"publish","type":"page","link":"https:\/\/tinychat.com\/pt-br\/omegle-online\/","title":{"rendered":"Omegle Online"},"content":{"rendered":"<p>Se voc\u00ea j\u00e1 procurou uma maneira de conversar com estranhos instantaneamente, \u00e9 prov\u00e1vel que tenha se deparado com o Omegle on-line. Desde seu lan\u00e7amento em 2009, o Omegle tornou-se uma das plataformas mais conhecidas para bate-papo aleat\u00f3rio. Sua configura\u00e7\u00e3o simples - clique em \"Start\" (Iniciar) e voc\u00ea estar\u00e1 conectado - fez com que ele se tornasse o local de refer\u00eancia para pessoas que desejam conhecer estranhos em tempo real.<\/p>\n<p>Ao longo dos anos, o Omegle inspirou in\u00fameras imita\u00e7\u00f5es e alternativas, mas continua sendo um dos termos mais pesquisados quando se trata de bate-papo on-line. Vamos dar uma olhada mais de perto no que o Omegle oferece, por que ele se tornou t\u00e3o popular e que outras op\u00e7\u00f5es existem hoje.<\/p>\n<h2>O que \u00e9 o Omegle on-line?<\/h2>\n<p>O Omegle on-line \u00e9 um servi\u00e7o gratuito que conecta voc\u00ea a estranhos em todo o mundo para sess\u00f5es de bate-papo individuais. Voc\u00ea pode escolher entre bate-papo baseado em texto ou chamadas de v\u00eddeo ao vivo. Cada vez que voc\u00ea se conecta, \u00e9 emparelhado aleatoriamente com algu\u00e9m novo.<\/p>\n<p>Os principais recursos incluem:<\/p>\n<ul>\n<li>Bate-papo por texto - O modo original do Omegle. Digite mensagens para frente e para tr\u00e1s de forma an\u00f4nima.<\/li>\n<li>Bate-papo por v\u00eddeo - Adicione webcams para conversas face a face.<\/li>\n<li>Etiquetas de interesse - Liste hobbies ou t\u00f3picos para que voc\u00ea seja correspondido por pessoas que os compartilhem.<\/li>\n<li>Modo espi\u00e3o - Fa\u00e7a uma pergunta e assista a dois estranhos discutindo-a enquanto voc\u00ea permanece an\u00f4nimo.<\/li>\n<li>N\u00e3o \u00e9 necess\u00e1rio se registrar - basta clicar e conversar instantaneamente.<\/li>\n<\/ul>\n<p>Essa combina\u00e7\u00e3o de simplicidade e imprevisibilidade foi o que tornou o Omegle t\u00e3o atraente.<\/p>\n<h2>Por que as pessoas usam o Omegle on-line<\/h2>\n<p>Milh\u00f5es de pessoas em todo o mundo se conectaram ao Omegle por um motivo simples: \u00e9 divertido conversar com estranhos. Veja o que faz as pessoas voltarem:<\/p>\n<ul>\n<li>Acesso instant\u00e2neo - Sem registro, sem contas - basta come\u00e7ar a conversar.<\/li>\n<li>Anonimato - Use um apelido ou fique completamente inc\u00f3gnito.<\/li>\n<li>Variedade de pessoas - Conhe\u00e7a usu\u00e1rios de todas as idades, origens e locais.<\/li>\n<li>Alcance global - Fale com algu\u00e9m do outro lado da cidade ou do outro lado do mundo.<\/li>\n<li>Entretenimento - Alguns bate-papos s\u00e3o engra\u00e7ados, outros perspicazes, outros completamente aleat\u00f3rios.<\/li>\n<\/ul>\n<p>O Omegle \u00e9 como girar uma roleta digital de conversas - voc\u00ea nunca sabe quem ser\u00e1 o pr\u00f3ximo.<\/p>\n<h2>Como usar o Omegle on-line<\/h2>\n<p>Come\u00e7ar a usar o Omegle \u00e9 incrivelmente simples:<\/p>\n<ol>\n<li>Acesse o site do Omegle - N\u00e3o \u00e9 necess\u00e1rio fazer download do aplicativo.<\/li>\n<li>Escolha texto ou v\u00eddeo - Decida se deseja fazer uma chamada de texto ou de v\u00eddeo.<\/li>\n<li>Adicionar tags de interesse (opcional) - Para encontrar pessoas com hobbies ou t\u00f3picos semelhantes.<\/li>\n<li>Clique em \"Start\" (Iniciar) - Conecte-se instantaneamente com um estranho.<\/li>\n<li>Conversar ou pular - Se a conversa n\u00e3o estiver funcionando, clique em \"Parar\" e comece novamente.<\/li>\n<\/ol>\n<p>\u00c9 isso - em segundos, voc\u00ea est\u00e1 ao vivo com algu\u00e9m novo.<\/p>\n<h2>Usos comuns do Omegle on-line<\/h2>\n<p>As pessoas usam o Omegle por v\u00e1rios motivos. Alguns dos mais populares incluem:<\/p>\n<ul>\n<li>Conversa casual - Converse com estranhos aleat\u00f3rios por divers\u00e3o.<\/li>\n<li>Paquera e namoro - Muitos usu\u00e1rios esperam criar uma conex\u00e3o rom\u00e2ntica.<\/li>\n<li>Pr\u00e1tica do idioma - Converse com falantes nativos para aprimorar suas habilidades.<\/li>\n<li>Interc\u00e2mbio cultural - Aprenda sobre a vida em outros pa\u00edses diretamente com os habitantes locais.<\/li>\n<li>Acabar com o t\u00e9dio - Perfeito para noites em claro ou momentos de inatividade quando voc\u00ea quer companhia.<\/li>\n<\/ul>\n<h2>Benef\u00edcios do Omegle on-line<\/h2>\n<p>A simplicidade do Omegle sempre foi seu maior atrativo:<\/p>\n<ul>\n<li>Totalmente gratuito - sem assinaturas ou custos ocultos.<\/li>\n<li>R\u00e1pido e f\u00e1cil - Sem inscri\u00e7\u00f5es complicadas.<\/li>\n<li>Sempre ativo - milh\u00f5es de pessoas on-line diariamente.<\/li>\n<li>Sem bagagem social - Fale sem se preocupar com reputa\u00e7\u00e3o ou seguidores.<\/li>\n<\/ul>\n<p>Para quem deseja se conectar, \u00e9 uma sa\u00edda instant\u00e2nea.<\/p>\n<h2>As desvantagens do Omegle<\/h2>\n<p>\u00c9 claro que o Omegle n\u00e3o \u00e9 perfeito. Muitos usu\u00e1rios agora procuram alternativas ao Omegle devido a problemas como:<\/p>\n<ul>\n<li>Problemas de modera\u00e7\u00e3o - \u00c9 comum haver conte\u00fado expl\u00edcito indesejado.<\/li>\n<li>Bots e spam - contas automatizadas podem interromper os bate-papos.<\/li>\n<li>Sem aplicativo m\u00f3vel - o Omegle \u00e9 apenas para navegador, o que limita a conveni\u00eancia.<\/li>\n<li>Nenhuma comunidade real - Cada bate-papo \u00e9 aleat\u00f3rio; n\u00e3o h\u00e1 op\u00e7\u00e3o para grupos estruturados.<\/li>\n<\/ul>\n<p>\u00c9 por isso que muitas pessoas procuram sites como o Omegle on-line para obter uma experi\u00eancia melhor.<\/p>\n<h2>Omegle Alternativas on-line<\/h2>\n<p>Se voc\u00ea gostar da ideia do Omegle, mas quiser algo diferente - ou mais seguro -, h\u00e1 muitas alternativas.<\/p>\n<h3>1. TinyChat<\/h3>\n<p>O TinyChat combina bate-papos com estranhos aleat\u00f3rios e salas voltadas para a comunidade.<\/p>\n<ul>\n<li>Salas de bate-papo p\u00fablicas para namoro, m\u00fasica, jogos ou conversas em geral.<\/li>\n<li>Salas privadas que voc\u00ea pode criar e controlar.<\/li>\n<li>Op\u00e7\u00f5es de bate-papo com v\u00eddeo, \u00e1udio e texto.<\/li>\n<li>N\u00e3o \u00e9 necess\u00e1rio se registrar para come\u00e7ar.<\/li>\n<li>Acesso multiplataforma por meio de navegadores e aplicativos.<\/li>\n<\/ul>\n<p>\u00c9 uma \u00f3tima op\u00e7\u00e3o se voc\u00ea gosta da espontaneidade do Omegle, mas quer uma comunidade mais estruturada.<\/p>\n<h3>2. Chatroulette<\/h3>\n<p>Um dos primeiros concorrentes, oferecendo bate-papos por v\u00eddeo aleat\u00f3rios em ritmo acelerado com estranhos em todo o mundo.<\/p>\n<h3>3. Chatspin<\/h3>\n<p>Popular por seus filtros de g\u00eanero\/localiza\u00e7\u00e3o e efeitos de v\u00eddeo divertidos.<\/p>\n<h3>4. Camsurf<\/h3>\n<p>Conhecido por uma melhor modera\u00e7\u00e3o e uma base de usu\u00e1rios mais amig\u00e1vel.<\/p>\n<h3>5. Chatrandom<\/h3>\n<p>Oferece chats de v\u00eddeo individuais e salas de grupo tem\u00e1ticas.<\/p>\n<h2>Omegle Online vs. Alternativas<\/h2>\n<p>Aqui est\u00e1 uma compara\u00e7\u00e3o r\u00e1pida para ver como o Omegle se comporta:<\/p>\n<table>\n<thead>\n<tr>\n<th>Recurso<\/th>\n<th>Omegle Online<\/th>\n<th>TinyChat<\/th>\n<th>Chatspin<\/th>\n<th>Camsurf<\/th>\n<\/tr>\n<\/thead>\n<tbody>\n<tr>\n<td>Texto + bate-papo por v\u00eddeo<\/td>\n<td>\u2705 Sim<\/td>\n<td>\u2705 Sim<\/td>\n<td>\u2705 Sim<\/td>\n<td>\u2705 Sim<\/td>\n<\/tr>\n<tr>\n<td>N\u00e3o \u00e9 necess\u00e1rio se inscrever<\/td>\n<td>\u2705 Sim<\/td>\n<td>\u2705 Sim<\/td>\n<td>\u2705 Sim<\/td>\n<td>\u2705 Sim<\/td>\n<\/tr>\n<tr>\n<td>Filtros de interesse<\/td>\n<td>B\u00e1sico<\/td>\n<td>\u2705 Quartos<\/td>\n<td>\u2705 Avan\u00e7ado<\/td>\n<td>\u26a0\ufe0f Limited<\/td>\n<\/tr>\n<tr>\n<td>Salas de bate-papo em grupo<\/td>\n<td>\u274c N\u00e3o<\/td>\n<td>\u2705 Sim<\/td>\n<td>\u274c N\u00e3o<\/td>\n<td>\u274c N\u00e3o<\/td>\n<\/tr>\n<tr>\n<td>Aplicativo m\u00f3vel dispon\u00edvel<\/td>\n<td>\u274c N\u00e3o<\/td>\n<td>\u2705 Sim<\/td>\n<td>\u2705 Sim<\/td>\n<td>\u2705 Sim<\/td>\n<\/tr>\n<tr>\n<td>Forte modera\u00e7\u00e3o<\/td>\n<td>\u26a0\ufe0f Fraco<\/td>\n<td>Bom<\/td>\n<td>Bom<\/td>\n<td>Bom<\/td>\n<\/tr>\n<\/tbody>\n<\/table>\n<h2>Dicas de seguran\u00e7a para o Omegle on-line<\/h2>\n<p>Como o Omegle \u00e9 an\u00f4nimo e aberto a todos, a seguran\u00e7a \u00e9 fundamental:<\/p>\n<ul>\n<li>N\u00e3o compartilhe informa\u00e7\u00f5es pessoais - Mantenha seu nome, local e detalhes de contato em sigilo.<\/li>\n<li>Use um apelido - nunca seu nome verdadeiro.<\/li>\n<li>Cuidado com o plano de fundo - N\u00e3o mostre detalhes de identifica\u00e7\u00e3o na c\u00e2mera.<\/li>\n<li>Denuncie ou desconecte - Ignore imediatamente se algo parecer estranho.<\/li>\n<li>Fique em plataformas seguras - Se o Omegle parecer ca\u00f3tico, tente alternativas moderadas como o TinyChat.<\/li>\n<\/ul>\n<h2>Por que as pessoas ainda procuram o Omegle on-line<\/h2>\n<p>Mesmo com suas falhas, o Omegle continua popular porque oferece algo \u00fanico: acesso instant\u00e2neo e n\u00e3o filtrado a estranhos em todo o mundo. A simplicidade de se conectar e iniciar uma conversa sem compromisso ainda \u00e9 dif\u00edcil de ser superada.<\/p>\n<p>Mas os usu\u00e1rios de hoje t\u00eam mais op\u00e7\u00f5es - e muitos preferem plataformas com recursos adicionais, modera\u00e7\u00e3o ou foco na comunidade.<\/p>\n<p>O Omegle on-line pode ter iniciado a tend\u00eancia do bate-papo aleat\u00f3rio, mas n\u00e3o \u00e9 mais a \u00fanica op\u00e7\u00e3o. Embora ele ainda proporcione conversas r\u00e1pidas e an\u00f4nimas, alternativas como TinyChat, Chatspin e Camsurf oferecem ambientes mais seguros e com mais recursos.<\/p>\n<p>Se estiver curioso para conhecer estranhos on-line, experimente o Omegle, mas tamb\u00e9m explore plataformas mais novas que ofere\u00e7am mais controle e comunidade. Talvez voc\u00ea descubra que as melhores conversas acontecem em outro lugar.<\/p>\n<p>Porque, no final das contas, a alegria de conversar on-line n\u00e3o est\u00e1 vinculada a um site - trata-se da emo\u00e7\u00e3o de se conectar com algu\u00e9m novo, em qualquer lugar, a qualquer hora.<\/p>","protected":false},"excerpt":{"rendered":"<p>If you\u2019ve ever searched for a way to talk to strangers instantly, chances are you\u2019ve come across Omegle online. Since launching in 2009, Omegle became one of the most recognizable platforms for random chat. Its simple setup\u2014click \u201cStart\u201d and you\u2019re connected\u2014made it the go-to place for people looking to meet strangers in real time. Over [&hellip;]<\/p>\n","protected":false},"author":8,"featured_media":0,"parent":0,"menu_order":0,"comment_status":"closed","ping_status":"closed","template":"","meta":{"footnotes":""},"class_list":["post-13514","page","type-page","status-publish","hentry"],"yoast_head":"<!-- This site is optimized with the Yoast SEO plugin v27.4 - https:\/\/yoast.com\/product\/yoast-seo-wordpress\/ -->\n<title>Omegle Online with Video Chat on TinyChat.com<\/title>\n<meta name=\"description\" content=\"Enjoying Omegle Online? Join over 50,000,000 strangers on TinyChat! Turn on your cam and start meeting new people, or find a match.\" \/>\n<meta name=\"robots\" content=\"index, follow, max-snippet:-1, max-image-preview:large, max-video-preview:-1\" \/>\n<link rel=\"canonical\" href=\"https:\/\/tinychat.com\/pt-br\/omegle-online\/\" \/>\n<meta property=\"og:locale\" content=\"pt_BR\" \/>\n<meta property=\"og:type\" content=\"article\" \/>\n<meta property=\"og:title\" content=\"Omegle Online with Video Chat on TinyChat.com\" \/>\n<meta property=\"og:description\" content=\"Enjoying Omegle Online? Join over 50,000,000 strangers on TinyChat! Turn on your cam and start meeting new people, or find a match.\" \/>\n<meta property=\"og:url\" content=\"https:\/\/tinychat.com\/pt-br\/omegle-online\/\" \/>\n<meta property=\"og:site_name\" content=\"TinyChat\" \/>\n<meta property=\"article:publisher\" content=\"https:\/\/www.facebook.com\/tinychat\" \/>\n<meta property=\"article:modified_time\" content=\"2025-09-10T09:13:12+00:00\" \/>\n<meta property=\"og:image\" content=\"https:\/\/tinychat.com\/wp-content\/uploads\/2020\/04\/Tinychat-logo-1280x284-new-black.png\" \/>\n\t<meta property=\"og:image:width\" content=\"1280\" \/>\n\t<meta property=\"og:image:height\" content=\"284\" \/>\n\t<meta property=\"og:image:type\" content=\"image\/png\" \/>\n<meta name=\"twitter:card\" content=\"summary_large_image\" \/>\n<meta name=\"twitter:site\" content=\"@tinychat\" \/>\n<meta name=\"twitter:label1\" content=\"Est. tempo de leitura\" \/>\n\t<meta name=\"twitter:data1\" content=\"5 minutos\" \/>\n<script type=\"application\/ld+json\" class=\"yoast-schema-graph\">{\"@context\":\"https:\\\/\\\/schema.org\",\"@graph\":[{\"@type\":\"WebPage\",\"@id\":\"https:\\\/\\\/tinychat.com\\\/omegle-online\\\/\",\"url\":\"https:\\\/\\\/tinychat.com\\\/omegle-online\\\/\",\"name\":\"Omegle Online with Video Chat on TinyChat.com\",\"isPartOf\":{\"@id\":\"https:\\\/\\\/tinychat.com\\\/#website\"},\"datePublished\":\"2025-09-10T09:10:56+00:00\",\"dateModified\":\"2025-09-10T09:13:12+00:00\",\"description\":\"Enjoying Omegle Online? Join over 50,000,000 strangers on TinyChat! Turn on your cam and start meeting new people, or find a match.\",\"breadcrumb\":{\"@id\":\"https:\\\/\\\/tinychat.com\\\/omegle-online\\\/#breadcrumb\"},\"inLanguage\":\"pt-BR\",\"potentialAction\":[{\"@type\":\"ReadAction\",\"target\":[\"https:\\\/\\\/tinychat.com\\\/omegle-online\\\/\"]}]},{\"@type\":\"BreadcrumbList\",\"@id\":\"https:\\\/\\\/tinychat.com\\\/omegle-online\\\/#breadcrumb\",\"itemListElement\":[{\"@type\":\"ListItem\",\"position\":1,\"name\":\"Home\",\"item\":\"https:\\\/\\\/tinychat.com\\\/\"},{\"@type\":\"ListItem\",\"position\":2,\"name\":\"Omegle Online\"}]},{\"@type\":\"WebSite\",\"@id\":\"https:\\\/\\\/tinychat.com\\\/#website\",\"url\":\"https:\\\/\\\/tinychat.com\\\/\",\"name\":\"TinyChat\",\"description\":\"Random Video Chat with Strangers\",\"publisher\":{\"@id\":\"https:\\\/\\\/tinychat.com\\\/#organization\"},\"alternateName\":\"TinyChat.com\",\"potentialAction\":[{\"@type\":\"SearchAction\",\"target\":{\"@type\":\"EntryPoint\",\"urlTemplate\":\"https:\\\/\\\/tinychat.com\\\/?s={search_term_string}\"},\"query-input\":{\"@type\":\"PropertyValueSpecification\",\"valueRequired\":true,\"valueName\":\"search_term_string\"}}],\"inLanguage\":\"pt-BR\"},{\"@type\":\"Organization\",\"@id\":\"https:\\\/\\\/tinychat.com\\\/#organization\",\"name\":\"TinyChat\",\"alternateName\":\"TinyChat.com\",\"url\":\"https:\\\/\\\/tinychat.com\\\/\",\"logo\":{\"@type\":\"ImageObject\",\"inLanguage\":\"pt-BR\",\"@id\":\"https:\\\/\\\/tinychat.com\\\/#\\\/schema\\\/logo\\\/image\\\/\",\"url\":\"https:\\\/\\\/tinychat.com\\\/wp-content\\\/uploads\\\/2023\\\/11\\\/Tinychat-icon-square.png\",\"contentUrl\":\"https:\\\/\\\/tinychat.com\\\/wp-content\\\/uploads\\\/2023\\\/11\\\/Tinychat-icon-square.png\",\"width\":284,\"height\":284,\"caption\":\"TinyChat\"},\"image\":{\"@id\":\"https:\\\/\\\/tinychat.com\\\/#\\\/schema\\\/logo\\\/image\\\/\"},\"sameAs\":[\"https:\\\/\\\/www.facebook.com\\\/tinychat\",\"https:\\\/\\\/x.com\\\/tinychat\"]}]}<\/script>\n<!-- \/ Yoast SEO plugin. -->","yoast_head_json":{"title":"Omegle Online com bate-papo por v\u00eddeo no TinyChat.com","description":"Est\u00e1 gostando do Omegle on-line? Junte-se a mais de 50.000.000 de estranhos no TinyChat! Ligue sua c\u00e2mera e comece a conhecer novas pessoas ou encontre um par.","robots":{"index":"index","follow":"follow","max-snippet":"max-snippet:-1","max-image-preview":"max-image-preview:large","max-video-preview":"max-video-preview:-1"},"canonical":"https:\/\/tinychat.com\/pt-br\/omegle-online\/","og_locale":"pt_BR","og_type":"article","og_title":"Omegle Online with Video Chat on TinyChat.com","og_description":"Enjoying Omegle Online? Join over 50,000,000 strangers on TinyChat! Turn on your cam and start meeting new people, or find a match.","og_url":"https:\/\/tinychat.com\/pt-br\/omegle-online\/","og_site_name":"TinyChat","article_publisher":"https:\/\/www.facebook.com\/tinychat","article_modified_time":"2025-09-10T09:13:12+00:00","og_image":[{"width":1280,"height":284,"url":"https:\/\/tinychat.com\/wp-content\/uploads\/2020\/04\/Tinychat-logo-1280x284-new-black.png","type":"image\/png"}],"twitter_card":"summary_large_image","twitter_site":"@tinychat","twitter_misc":{"Est. tempo de leitura":"5 minutos"},"schema":{"@context":"https:\/\/schema.org","@graph":[{"@type":"WebPage","@id":"https:\/\/tinychat.com\/omegle-online\/","url":"https:\/\/tinychat.com\/omegle-online\/","name":"Omegle Online com bate-papo por v\u00eddeo no TinyChat.com","isPartOf":{"@id":"https:\/\/tinychat.com\/#website"},"datePublished":"2025-09-10T09:10:56+00:00","dateModified":"2025-09-10T09:13:12+00:00","description":"Est\u00e1 gostando do Omegle on-line? Junte-se a mais de 50.000.000 de estranhos no TinyChat! Ligue sua c\u00e2mera e comece a conhecer novas pessoas ou encontre um par.","breadcrumb":{"@id":"https:\/\/tinychat.com\/omegle-online\/#breadcrumb"},"inLanguage":"pt-BR","potentialAction":[{"@type":"ReadAction","target":["https:\/\/tinychat.com\/omegle-online\/"]}]},{"@type":"BreadcrumbList","@id":"https:\/\/tinychat.com\/omegle-online\/#breadcrumb","itemListElement":[{"@type":"ListItem","position":1,"name":"Home","item":"https:\/\/tinychat.com\/"},{"@type":"ListItem","position":2,"name":"Omegle Online"}]},{"@type":"WebSite","@id":"https:\/\/tinychat.com\/#website","url":"https:\/\/tinychat.com\/","name":"TinyChat","description":"Bate-papo por v\u00eddeo aleat\u00f3rio com estranhos","publisher":{"@id":"https:\/\/tinychat.com\/#organization"},"alternateName":"TinyChat.com","potentialAction":[{"@type":"SearchAction","target":{"@type":"EntryPoint","urlTemplate":"https:\/\/tinychat.com\/?s={search_term_string}"},"query-input":{"@type":"PropertyValueSpecification","valueRequired":true,"valueName":"search_term_string"}}],"inLanguage":"pt-BR"},{"@type":"Organization","@id":"https:\/\/tinychat.com\/#organization","name":"TinyChat","alternateName":"TinyChat.com","url":"https:\/\/tinychat.com\/","logo":{"@type":"ImageObject","inLanguage":"pt-BR","@id":"https:\/\/tinychat.com\/#\/schema\/logo\/image\/","url":"https:\/\/tinychat.com\/wp-content\/uploads\/2023\/11\/Tinychat-icon-square.png","contentUrl":"https:\/\/tinychat.com\/wp-content\/uploads\/2023\/11\/Tinychat-icon-square.png","width":284,"height":284,"caption":"TinyChat"},"image":{"@id":"https:\/\/tinychat.com\/#\/schema\/logo\/image\/"},"sameAs":["https:\/\/www.facebook.com\/tinychat","https:\/\/x.com\/tinychat"]}]}},"_links":{"self":[{"href":"https:\/\/tinychat.com\/pt-br\/wp-json\/wp\/v2\/pages\/13514","targetHints":{"allow":["GET"]}}],"collection":[{"href":"https:\/\/tinychat.com\/pt-br\/wp-json\/wp\/v2\/pages"}],"about":[{"href":"https:\/\/tinychat.com\/pt-br\/wp-json\/wp\/v2\/types\/page"}],"author":[{"embeddable":true,"href":"https:\/\/tinychat.com\/pt-br\/wp-json\/wp\/v2\/users\/8"}],"replies":[{"embeddable":true,"href":"https:\/\/tinychat.com\/pt-br\/wp-json\/wp\/v2\/comments?post=13514"}],"version-history":[{"count":1,"href":"https:\/\/tinychat.com\/pt-br\/wp-json\/wp\/v2\/pages\/13514\/revisions"}],"predecessor-version":[{"id":13515,"href":"https:\/\/tinychat.com\/pt-br\/wp-json\/wp\/v2\/pages\/13514\/revisions\/13515"}],"wp:attachment":[{"href":"https:\/\/tinychat.com\/pt-br\/wp-json\/wp\/v2\/media?parent=13514"}],"curies":[{"name":"wp","href":"https:\/\/api.w.org\/{rel}","templated":true}]}}