{"id":13528,"date":"2025-09-18T10:00:10","date_gmt":"2025-09-18T08:00:10","guid":{"rendered":"https:\/\/tinychat.com\/?page_id=13528"},"modified":"2025-09-18T10:00:10","modified_gmt":"2025-09-18T08:00:10","slug":"free-chat-now","status":"publish","type":"page","link":"https:\/\/tinychat.com\/pt-br\/free-chat-now\/","title":{"rendered":"Chat gratuito agora"},"content":{"rendered":"<p>\u00c0s vezes, voc\u00ea n\u00e3o quer esperar. N\u00e3o quer criar uma conta, fazer upload de uma foto de perfil ou passar horas passando por nomes. Voc\u00ea s\u00f3 quer ficar on-line e come\u00e7ar a conversar com algu\u00e9m. \u00c9 exatamente para isso que as plataformas de bate-papo gratuito foram criadas.<\/p>\n<p>Com apenas um clique, voc\u00ea pode entrar em uma sala de bate-papo ou em uma conversa individual instantaneamente. Sem pagamentos, sem espera, sem compromisso - apenas conex\u00e3o ao vivo e em tempo real com estranhos (ou grupos inteiros) de todo o mundo.<\/p>\n<h2>O que significa Free Chat Now?<\/h2>\n<p>A express\u00e3o free chat now (bate-papo gratuito agora) geralmente se refere a plataformas que permitem conversas on-line instant\u00e2neas sem exigir registro ou pagamento. Elas s\u00e3o projetadas para serem r\u00e1pidas e simples: fa\u00e7a login, entre em uma sala ou conecte-se aleatoriamente com um estranho.<\/p>\n<p>Em geral, essas plataformas oferecem:<\/p>\n<ul>\n<li>Acesso instant\u00e2neo - Participe de conversas em segundos.<\/li>\n<li>N\u00e3o \u00e9 necess\u00e1rio registro - a maioria n\u00e3o solicita uma conta.<\/li>\n<li>Uso gratuito - Converse sem pagar uma assinatura.<\/li>\n<li>V\u00e1rios formatos - Op\u00e7\u00f5es de texto, voz e v\u00eddeo.<\/li>\n<li>Comunidade global - Converse com pessoas de todo o mundo.<\/li>\n<\/ul>\n<p>\u00c9 uma das maneiras mais f\u00e1ceis de se socializar on-line, especialmente se voc\u00ea estiver entediado, solit\u00e1rio ou simplesmente curioso.<\/p>\n<h2>Por que as pessoas procuram o bate-papo gratuito agora?<\/h2>\n<p>O apelo \u00e9 simples: velocidade e acessibilidade. As pessoas querem conversar sem complica\u00e7\u00f5es.<\/p>\n<p>Aqui est\u00e3o os motivos mais comuns:<\/p>\n<ul>\n<li>Ven\u00e7a o t\u00e9dio - Perfeito para conversas noturnas ou momentos de inatividade.<\/li>\n<li>Conex\u00e3o social - Encontre estranhos quando voc\u00ea se sentir isolado.<\/li>\n<li>Amizades globais - Converse com pessoas de diferentes pa\u00edses e culturas.<\/li>\n<li>Paquera e namoro - Muitos se cadastram para conhecer pessoas solteiras casualmente.<\/li>\n<li>Intera\u00e7\u00e3o com a comunidade - Participe de discuss\u00f5es em grupo sobre t\u00f3picos que voc\u00ea adora.<\/li>\n<\/ul>\n<p>Ao contr\u00e1rio das redes sociais, que exigem esfor\u00e7o para criar conex\u00f5es, as plataformas de bate-papo gratuitas permitem que voc\u00ea se conecte instantaneamente.<\/p>\n<h2>Tipos de plataformas de bate-papo gratuitas dispon\u00edveis atualmente<\/h2>\n<p>Nem todo site de bate-papo gratuito funciona da mesma maneira. Aqui est\u00e3o as principais categorias:<\/p>\n<h3>1. Bate-papo aleat\u00f3rio individual<\/h3>\n<p>Sites como Omegle, Chatroulette e Chatrandom combinam voc\u00ea instantaneamente com um estranho para conversas por texto ou v\u00eddeo.<\/p>\n<h3>2. Salas de bate-papo on-line gratuitas<\/h3>\n<p>Salas de bate-papo cl\u00e1ssicas em que v\u00e1rias pessoas digitam ou conversam ao mesmo tempo, geralmente centradas em t\u00f3picos como m\u00fasica, namoro ou jogos.<\/p>\n<h3>3. Salas de bate-papo por v\u00eddeo<\/h3>\n<p>Servi\u00e7os como o TinyChat permitem que voc\u00ea participe de chamadas de v\u00eddeo em grupo ou se transmita para um p\u00fablico.<\/p>\n<h3>4. Aplicativos de bate-papo m\u00f3vel<\/h3>\n<p>Aplicativos como Chatspin ou LivU oferecem chamadas de v\u00eddeo aleat\u00f3rias instant\u00e2neas diretamente do seu telefone.<\/p>\n<h3>5. Bate-papo gratuito para adultos<\/h3>\n<p>Plataformas para maiores de 18 anos focadas em flertes ou conversas mais expl\u00edcitas.<\/p>\n<h2>Melhores plataformas para experimentar se voc\u00ea quiser um bate-papo gratuito agora<\/h2>\n<p>Se voc\u00ea estiver pronto para mergulhar de cabe\u00e7a, aqui est\u00e3o algumas das principais op\u00e7\u00f5es:<\/p>\n<ul>\n<li>Omegle - O pioneiro do bate-papo aleat\u00f3rio, com texto e v\u00eddeo.<\/li>\n<li>Chatroulette - Chamadas de v\u00eddeo aleat\u00f3rias r\u00e1pidas com desconhecidos em todo o mundo.<\/li>\n<li>Chatrandom - Inclui salas de bate-papo tem\u00e1ticas e op\u00e7\u00f5es \"somente para meninas\".<\/li>\n<li>Chatspin - Oferece filtros para g\u00eanero e local, al\u00e9m de efeitos de v\u00eddeo.<\/li>\n<li>TinyChat - Combina conversas aleat\u00f3rias com salas de bate-papo p\u00fablicas e privadas.<\/li>\n<li>Camsurf - Concentra-se na modera\u00e7\u00e3o e na seguran\u00e7a do usu\u00e1rio.<\/li>\n<li>Bazoocam - Adiciona jogos de quebra-gelo para manter as conversas divertidas.<\/li>\n<\/ul>\n<h2>Por que o TinyChat \u00e9 uma boa escolha para o bate-papo gratuito<\/h2>\n<p>Se voc\u00ea gosta de aleatoriedade, mas tamb\u00e9m quer op\u00e7\u00f5es, o TinyChat \u00e9 uma das melhores plataformas de bate-papo gratuitas dispon\u00edveis no momento.<\/p>\n<ul>\n<li>Salas de bate-papo baseadas em t\u00f3picos - Namoro, jogos, m\u00fasica, pol\u00edtica e muito mais.<\/li>\n<li>Bate-papo individual ou em grupo - Flexibilidade, dependendo de seu humor.<\/li>\n<li>V\u00eddeo, voz ou texto - Escolha seu n\u00edvel de intera\u00e7\u00e3o.<\/li>\n<li>N\u00e3o \u00e9 necess\u00e1rio se inscrever - Entre em uma sala imediatamente.<\/li>\n<li>Acesso multiplataforma - Use-o em navegadores de desktop ou aplicativos m\u00f3veis.<\/li>\n<\/ul>\n<p>\u00c9 um \u00f3timo equil\u00edbrio entre o caos de um bate-papo aleat\u00f3rio individual e a estrutura de uma plataforma comunit\u00e1ria.<\/p>\n<h2>Free Chat Now vs. M\u00eddia Social<\/h2>\n<p>Embora ambos conectem as pessoas, eles t\u00eam finalidades muito diferentes.<\/p>\n<table>\n<thead>\n<tr>\n<th>Recurso<\/th>\n<th>Chat gratuito agora<\/th>\n<th>M\u00eddia social<\/th>\n<\/tr>\n<\/thead>\n<tbody>\n<tr>\n<td>Conex\u00f5es aleat\u00f3rias instant\u00e2neas<\/td>\n<td>\u2705 Sim<\/td>\n<td>\u274c N\u00e3o<\/td>\n<\/tr>\n<tr>\n<td>N\u00e3o \u00e9 necess\u00e1rio perfil<\/td>\n<td>\u2705 Sim<\/td>\n<td>Deve criar um<\/td>\n<\/tr>\n<tr>\n<td>Anonimato<\/td>\n<td>\u2705 Poss\u00edvel<\/td>\n<td>\u274c Limitada<\/td>\n<\/tr>\n<tr>\n<td>Intera\u00e7\u00e3o em tempo real<\/td>\n<td>\u2705 Sempre<\/td>\n<td>\u26a0\ufe0f Somente em DMs\/v\u00eddeo<\/td>\n<\/tr>\n<tr>\n<td>Sensa\u00e7\u00e3o de grupo\/comunidade<\/td>\n<td>\u2705 Sim<\/td>\n<td>\u2705 Sim<\/td>\n<\/tr>\n<\/tbody>\n<\/table>\n<p>Se voc\u00ea est\u00e1 procurando conversas imediatas e sem filtros, as plataformas de bate-papo gratuitas sempre vencem.<\/p>\n<h2>Como se manter seguro ao usar o Free Chat Now<\/h2>\n<p>Como essas plataformas conectam voc\u00ea com estranhos, a seguran\u00e7a deve ser sempre uma prioridade:<\/p>\n<ul>\n<li>N\u00e3o compartilhe informa\u00e7\u00f5es pessoais - Mantenha seu nome, n\u00famero e endere\u00e7o em sigilo.<\/li>\n<li>Use um apelido - Permane\u00e7a an\u00f4nimo at\u00e9 se sentir confort\u00e1vel.<\/li>\n<li>Cuidado com o fundo da c\u00e2mera - Evite mostrar detalhes pessoais.<\/li>\n<li>Ignorar\/reportar usu\u00e1rios inadequados - N\u00e3o permane\u00e7a em conversas que pare\u00e7am estranhas.<\/li>\n<li>Escolha plataformas moderadas - Servi\u00e7os como TinyChat ou Camsurf s\u00e3o mais seguros.<\/li>\n<\/ul>\n<h2>Quem usa as plataformas de chat gratuito agora?<\/h2>\n<p>Voc\u00ea conhecer\u00e1 uma grande variedade de pessoas. Alguns dos grupos mais comuns incluem:<\/p>\n<ul>\n<li>Estudantes - Em busca de conversas divertidas ou intervalos para estudar.<\/li>\n<li>Solteiros - que desejam flertar ou namorar casualmente.<\/li>\n<li>Viajantes - Conectando-se virtualmente com os habitantes locais.<\/li>\n<li>Expatriados - Conversar com pessoas de seu pa\u00eds.<\/li>\n<li>Noturnos - Encontrar companhia at\u00e9 tarde da noite.<\/li>\n<li>Usu\u00e1rios curiosos - simplesmente ver quem est\u00e1 on-line.<\/li>\n<\/ul>\n<p>\u00c9 uma mistura que torna cada bate-papo imprevis\u00edvel e envolvente.<\/p>\n<h2>Dicas para uma melhor experi\u00eancia de bate-papo gratuito<\/h2>\n<p>Deseja aproveitar ao m\u00e1ximo seu tempo on-line? Experimente estas dicas:<\/p>\n<ul>\n<li>Comece com um sorriso - Um rosto amig\u00e1vel incentiva a conversa.<\/li>\n<li>Fa\u00e7a perguntas interessantes - V\u00e1 al\u00e9m do \"oi\" com t\u00f3picos como viagens, m\u00fasica ou hobbies.<\/li>\n<li>Seja respeitoso - Boas maneiras aumentam suas chances de ter conversas significativas.<\/li>\n<li>N\u00e3o leve isso muito a s\u00e9rio - Algumas conversas ser\u00e3o r\u00e1pidas; outras podem surpreend\u00ea-lo.<\/li>\n<li>Experimente o hor\u00e1rio - Diferentes hor\u00e1rios do dia atraem diferentes multid\u00f5es.<\/li>\n<\/ul>\n<h2>Recursos de bate-papo gratuitos versus pagos<\/h2>\n<p>A maioria das plataformas de \"bate-papo gratuito agora\" n\u00e3o cobra, mas algumas oferecem op\u00e7\u00f5es premium.<\/p>\n<table>\n<thead>\n<tr>\n<th>Recurso<\/th>\n<th>Acesso gratuito<\/th>\n<th>Acesso pago<\/th>\n<\/tr>\n<\/thead>\n<tbody>\n<tr>\n<td>Correspond\u00eancia aleat\u00f3ria<\/td>\n<td>\u2705 Sim<\/td>\n<td>\u2705 Sim<\/td>\n<\/tr>\n<tr>\n<td>Saltos ilimitados<\/td>\n<td>\u26a0\ufe0f Sometimes limited<\/td>\n<td>\u2705 Sempre<\/td>\n<\/tr>\n<tr>\n<td>Filtros de g\u00eanero\/localiza\u00e7\u00e3o<\/td>\n<td>\u26a0\ufe0f Basic<\/td>\n<td>\u2705 Avan\u00e7ado<\/td>\n<\/tr>\n<tr>\n<td>An\u00fancios removidos<\/td>\n<td>\u274c<\/td>\n<td>\u2705 Sim<\/td>\n<\/tr>\n<tr>\n<td>Salas VIP\/privadas<\/td>\n<td>\u274c<\/td>\n<td>\u2705 Sim<\/td>\n<\/tr>\n<\/tbody>\n<\/table>\n<p>Para uso casual, as op\u00e7\u00f5es gratuitas geralmente s\u00e3o suficientes.<\/p>\n<h2>A emo\u00e7\u00e3o da conex\u00e3o instant\u00e2nea<\/h2>\n<p>A magia do bate-papo gratuito \u00e9 a imprevisibilidade. Voc\u00ea pode:<\/p>\n<ul>\n<li>Fazer um novo amigo de outro pa\u00eds.<\/li>\n<li>Compartilhe recomenda\u00e7\u00f5es de m\u00fasicas com algu\u00e9m em todos os EUA.<\/li>\n<li>Flertar com um estranho tarde da noite.<\/li>\n<li>Aprenda sobre uma cultura que voc\u00ea nunca conheceu.<\/li>\n<li>Encontre o riso em conversas inesperadas.<\/li>\n<\/ul>\n<p>Cada clique abre a porta para algo novo.<\/p>\n<p>As plataformas de bate-papo gratuito agora s\u00e3o uma das maneiras mais f\u00e1ceis e interessantes de se conectar on-line. Sem registro, sem custo e com acesso instant\u00e2neo, elas levam o bate-papo de volta \u00e0 sua ess\u00eancia: intera\u00e7\u00e3o humana espont\u00e2nea.<\/p>\n<p>Se voc\u00ea quiser participar de uma discuss\u00e3o em grupo, fazer uma chamada de v\u00eddeo individual com um desconhecido ou simplesmente passar o tempo em uma sala animada, h\u00e1 uma op\u00e7\u00e3o de bate-papo gratuito para voc\u00ea.<\/p>\n<p>Se voc\u00ea deseja conversas r\u00e1pidas e aut\u00eanticas, d\u00ea uma olhada em plataformas como TinyChat, Chatspin ou Chatrandom hoje mesmo. Porque, \u00e0s vezes, as melhores conversas acontecem quando voc\u00ea menos espera - agora mesmo.<\/p>","protected":false},"excerpt":{"rendered":"<p>Sometimes you don\u2019t want to wait. You don\u2019t want to set up an account, upload a profile picture, or spend hours swiping through names. You just want to jump online and start talking to someone. That\u2019s exactly what free chat now platforms are built for. With just a click, you can enter a chat room [&hellip;]<\/p>\n","protected":false},"author":8,"featured_media":0,"parent":0,"menu_order":0,"comment_status":"closed","ping_status":"closed","template":"","meta":{"footnotes":""},"class_list":["post-13528","page","type-page","status-publish","hentry"],"yoast_head":"<!-- This site is optimized with the Yoast SEO plugin v27.5 - https:\/\/yoast.com\/product\/yoast-seo-wordpress\/ -->\n<title>Free Chat Now with Video Chat on TinyChat.com<\/title>\n<meta name=\"description\" content=\"Enjoying Free Chat Now? Join over 50,000,000 strangers on TinyChat! Turn on your cam and start meeting new people, or find a match.\" \/>\n<meta name=\"robots\" content=\"index, follow, max-snippet:-1, max-image-preview:large, max-video-preview:-1\" \/>\n<link rel=\"canonical\" href=\"https:\/\/tinychat.com\/pt-br\/free-chat-now\/\" \/>\n<meta property=\"og:locale\" content=\"pt_BR\" \/>\n<meta property=\"og:type\" content=\"article\" \/>\n<meta property=\"og:title\" content=\"Free Chat Now with Video Chat on TinyChat.com\" \/>\n<meta property=\"og:description\" content=\"Enjoying Free Chat Now? Join over 50,000,000 strangers on TinyChat! Turn on your cam and start meeting new people, or find a match.\" \/>\n<meta property=\"og:url\" content=\"https:\/\/tinychat.com\/pt-br\/free-chat-now\/\" \/>\n<meta property=\"og:site_name\" content=\"TinyChat\" \/>\n<meta property=\"article:publisher\" content=\"https:\/\/www.facebook.com\/tinychat\" \/>\n<meta property=\"og:image\" content=\"https:\/\/tinychat.com\/wp-content\/uploads\/2020\/04\/Tinychat-logo-1280x284-new-black.png\" \/>\n\t<meta property=\"og:image:width\" content=\"1280\" \/>\n\t<meta property=\"og:image:height\" content=\"284\" \/>\n\t<meta property=\"og:image:type\" content=\"image\/png\" \/>\n<meta name=\"twitter:card\" content=\"summary_large_image\" \/>\n<meta name=\"twitter:site\" content=\"@tinychat\" \/>\n<meta name=\"twitter:label1\" content=\"Est. tempo de leitura\" \/>\n\t<meta name=\"twitter:data1\" content=\"5 minutos\" \/>\n<script type=\"application\/ld+json\" class=\"yoast-schema-graph\">{\"@context\":\"https:\\\/\\\/schema.org\",\"@graph\":[{\"@type\":\"WebPage\",\"@id\":\"https:\\\/\\\/tinychat.com\\\/free-chat-now\\\/\",\"url\":\"https:\\\/\\\/tinychat.com\\\/free-chat-now\\\/\",\"name\":\"Free Chat Now with Video Chat on TinyChat.com\",\"isPartOf\":{\"@id\":\"https:\\\/\\\/tinychat.com\\\/#website\"},\"datePublished\":\"2025-09-18T08:00:10+00:00\",\"description\":\"Enjoying Free Chat Now? Join over 50,000,000 strangers on TinyChat! Turn on your cam and start meeting new people, or find a match.\",\"breadcrumb\":{\"@id\":\"https:\\\/\\\/tinychat.com\\\/free-chat-now\\\/#breadcrumb\"},\"inLanguage\":\"pt-BR\",\"potentialAction\":[{\"@type\":\"ReadAction\",\"target\":[\"https:\\\/\\\/tinychat.com\\\/free-chat-now\\\/\"]}]},{\"@type\":\"BreadcrumbList\",\"@id\":\"https:\\\/\\\/tinychat.com\\\/free-chat-now\\\/#breadcrumb\",\"itemListElement\":[{\"@type\":\"ListItem\",\"position\":1,\"name\":\"Home\",\"item\":\"https:\\\/\\\/tinychat.com\\\/\"},{\"@type\":\"ListItem\",\"position\":2,\"name\":\"Free Chat Now\"}]},{\"@type\":\"WebSite\",\"@id\":\"https:\\\/\\\/tinychat.com\\\/#website\",\"url\":\"https:\\\/\\\/tinychat.com\\\/\",\"name\":\"TinyChat\",\"description\":\"Random Video Chat with Strangers\",\"publisher\":{\"@id\":\"https:\\\/\\\/tinychat.com\\\/#organization\"},\"alternateName\":\"TinyChat.com\",\"potentialAction\":[{\"@type\":\"SearchAction\",\"target\":{\"@type\":\"EntryPoint\",\"urlTemplate\":\"https:\\\/\\\/tinychat.com\\\/?s={search_term_string}\"},\"query-input\":{\"@type\":\"PropertyValueSpecification\",\"valueRequired\":true,\"valueName\":\"search_term_string\"}}],\"inLanguage\":\"pt-BR\"},{\"@type\":\"Organization\",\"@id\":\"https:\\\/\\\/tinychat.com\\\/#organization\",\"name\":\"TinyChat\",\"alternateName\":\"TinyChat.com\",\"url\":\"https:\\\/\\\/tinychat.com\\\/\",\"logo\":{\"@type\":\"ImageObject\",\"inLanguage\":\"pt-BR\",\"@id\":\"https:\\\/\\\/tinychat.com\\\/#\\\/schema\\\/logo\\\/image\\\/\",\"url\":\"https:\\\/\\\/tinychat.com\\\/wp-content\\\/uploads\\\/2023\\\/11\\\/Tinychat-icon-square.png\",\"contentUrl\":\"https:\\\/\\\/tinychat.com\\\/wp-content\\\/uploads\\\/2023\\\/11\\\/Tinychat-icon-square.png\",\"width\":284,\"height\":284,\"caption\":\"TinyChat\"},\"image\":{\"@id\":\"https:\\\/\\\/tinychat.com\\\/#\\\/schema\\\/logo\\\/image\\\/\"},\"sameAs\":[\"https:\\\/\\\/www.facebook.com\\\/tinychat\",\"https:\\\/\\\/x.com\\\/tinychat\"]}]}<\/script>\n<!-- \/ Yoast SEO plugin. -->","yoast_head_json":{"title":"Bate-papo gratuito agora com bate-papo por v\u00eddeo em TinyChat.com","description":"Est\u00e1 gostando do bate-papo gratuito agora? Junte-se a mais de 50.000.000 de estranhos no TinyChat! Ligue sua c\u00e2mera e comece a conhecer novas pessoas ou encontre um par.","robots":{"index":"index","follow":"follow","max-snippet":"max-snippet:-1","max-image-preview":"max-image-preview:large","max-video-preview":"max-video-preview:-1"},"canonical":"https:\/\/tinychat.com\/pt-br\/free-chat-now\/","og_locale":"pt_BR","og_type":"article","og_title":"Free Chat Now with Video Chat on TinyChat.com","og_description":"Enjoying Free Chat Now? Join over 50,000,000 strangers on TinyChat! Turn on your cam and start meeting new people, or find a match.","og_url":"https:\/\/tinychat.com\/pt-br\/free-chat-now\/","og_site_name":"TinyChat","article_publisher":"https:\/\/www.facebook.com\/tinychat","og_image":[{"width":1280,"height":284,"url":"https:\/\/tinychat.com\/wp-content\/uploads\/2020\/04\/Tinychat-logo-1280x284-new-black.png","type":"image\/png"}],"twitter_card":"summary_large_image","twitter_site":"@tinychat","twitter_misc":{"Est. tempo de leitura":"5 minutos"},"schema":{"@context":"https:\/\/schema.org","@graph":[{"@type":"WebPage","@id":"https:\/\/tinychat.com\/free-chat-now\/","url":"https:\/\/tinychat.com\/free-chat-now\/","name":"Bate-papo gratuito agora com bate-papo por v\u00eddeo em TinyChat.com","isPartOf":{"@id":"https:\/\/tinychat.com\/#website"},"datePublished":"2025-09-18T08:00:10+00:00","description":"Est\u00e1 gostando do bate-papo gratuito agora? Junte-se a mais de 50.000.000 de estranhos no TinyChat! Ligue sua c\u00e2mera e comece a conhecer novas pessoas ou encontre um par.","breadcrumb":{"@id":"https:\/\/tinychat.com\/free-chat-now\/#breadcrumb"},"inLanguage":"pt-BR","potentialAction":[{"@type":"ReadAction","target":["https:\/\/tinychat.com\/free-chat-now\/"]}]},{"@type":"BreadcrumbList","@id":"https:\/\/tinychat.com\/free-chat-now\/#breadcrumb","itemListElement":[{"@type":"ListItem","position":1,"name":"Home","item":"https:\/\/tinychat.com\/"},{"@type":"ListItem","position":2,"name":"Free Chat Now"}]},{"@type":"WebSite","@id":"https:\/\/tinychat.com\/#website","url":"https:\/\/tinychat.com\/","name":"TinyChat","description":"Bate-papo por v\u00eddeo aleat\u00f3rio com estranhos","publisher":{"@id":"https:\/\/tinychat.com\/#organization"},"alternateName":"TinyChat.com","potentialAction":[{"@type":"SearchAction","target":{"@type":"EntryPoint","urlTemplate":"https:\/\/tinychat.com\/?s={search_term_string}"},"query-input":{"@type":"PropertyValueSpecification","valueRequired":true,"valueName":"search_term_string"}}],"inLanguage":"pt-BR"},{"@type":"Organization","@id":"https:\/\/tinychat.com\/#organization","name":"TinyChat","alternateName":"TinyChat.com","url":"https:\/\/tinychat.com\/","logo":{"@type":"ImageObject","inLanguage":"pt-BR","@id":"https:\/\/tinychat.com\/#\/schema\/logo\/image\/","url":"https:\/\/tinychat.com\/wp-content\/uploads\/2023\/11\/Tinychat-icon-square.png","contentUrl":"https:\/\/tinychat.com\/wp-content\/uploads\/2023\/11\/Tinychat-icon-square.png","width":284,"height":284,"caption":"TinyChat"},"image":{"@id":"https:\/\/tinychat.com\/#\/schema\/logo\/image\/"},"sameAs":["https:\/\/www.facebook.com\/tinychat","https:\/\/x.com\/tinychat"]}]}},"_links":{"self":[{"href":"https:\/\/tinychat.com\/pt-br\/wp-json\/wp\/v2\/pages\/13528","targetHints":{"allow":["GET"]}}],"collection":[{"href":"https:\/\/tinychat.com\/pt-br\/wp-json\/wp\/v2\/pages"}],"about":[{"href":"https:\/\/tinychat.com\/pt-br\/wp-json\/wp\/v2\/types\/page"}],"author":[{"embeddable":true,"href":"https:\/\/tinychat.com\/pt-br\/wp-json\/wp\/v2\/users\/8"}],"replies":[{"embeddable":true,"href":"https:\/\/tinychat.com\/pt-br\/wp-json\/wp\/v2\/comments?post=13528"}],"version-history":[{"count":1,"href":"https:\/\/tinychat.com\/pt-br\/wp-json\/wp\/v2\/pages\/13528\/revisions"}],"predecessor-version":[{"id":13529,"href":"https:\/\/tinychat.com\/pt-br\/wp-json\/wp\/v2\/pages\/13528\/revisions\/13529"}],"wp:attachment":[{"href":"https:\/\/tinychat.com\/pt-br\/wp-json\/wp\/v2\/media?parent=13528"}],"curies":[{"name":"wp","href":"https:\/\/api.w.org\/{rel}","templated":true}]}}