{"id":13570,"date":"2025-10-24T10:24:47","date_gmt":"2025-10-24T08:24:47","guid":{"rendered":"https:\/\/tinychat.com\/?page_id=13570"},"modified":"2025-10-24T10:24:47","modified_gmt":"2025-10-24T08:24:47","slug":"umingle","status":"publish","type":"page","link":"https:\/\/tinychat.com\/pt-br\/umingle\/","title":{"rendered":"Umingle"},"content":{"rendered":"<p>O mundo do bate-papo on-line mudou radicalmente ao longo dos anos, mas uma coisa permanece constante: o desejo de conhecer pessoas reais, instantaneamente, de qualquer lugar do planeta. O Umingle captura esse sentimento perfeitamente. \u00c9 uma plataforma de bate-papo por v\u00eddeo aleat\u00f3rio moderna e elegante, criada para proporcionar espontaneidade, simplicidade e conex\u00e3o humana real.<\/p>\n<p>Em um mundo em que a maioria dos aplicativos sociais parece filtrada e selecionada, o Umingle traz de volta a emo\u00e7\u00e3o da imprevisibilidade, em que cada novo bate-papo pode levar a uma amizade inesperada, uma risada ou uma conversa significativa. Sem necessidade de registro, com acesso gratuito e um design limpo e compat\u00edvel com dispositivos m\u00f3veis, ele est\u00e1 rapidamente se tornando a op\u00e7\u00e3o preferida dos usu\u00e1rios que procuram uma maneira genu\u00edna de se conectar com estranhos on-line.<\/p>\n<p>Esta an\u00e1lise explora o que \u00e9 a Umingle, como ela funciona, seus principais recursos, experi\u00eancia do usu\u00e1rio, ferramentas de seguran\u00e7a, compara\u00e7\u00f5es com concorrentes e dicas de especialistas para ajud\u00e1-lo a aproveitar ao m\u00e1ximo sua experi\u00eancia com a Umingle.<\/p>\n<h2>O que \u00e9 a Umingle?<\/h2>\n<p>O Umingle \u00e9 um servi\u00e7o gratuito de bate-papo por v\u00eddeo aleat\u00f3rio que conecta instantaneamente usu\u00e1rios de todo o mundo para conversas individuais. Ele foi projetado para ser simples, r\u00e1pido e an\u00f4nimo - sem inscri\u00e7\u00f5es, downloads ou etapas complicadas.<\/p>\n<p>Em sua ess\u00eancia, a Umingle tem um objetivo: conversar com pessoas, n\u00e3o com perfis. Voc\u00ea clica em um bot\u00e3o e fica cara a cara com algu\u00e9m novo. Cada conex\u00e3o \u00e9 \u00fanica, cada bate-papo \u00e9 imprevis\u00edvel - exatamente como na vida real.<\/p>\n<p>\u00c9 perfeito para usu\u00e1rios que desejam:<\/p>\n<ul>\n<li>Conhe\u00e7a novas pessoas casualmente.<\/li>\n<li>Explorar culturas e idiomas.<\/li>\n<li>Passe o tempo com conversas espont\u00e2neas e reais.<\/li>\n<li>Aproveite o bate-papo ao vivo sem nenhum compromisso.<\/li>\n<\/ul>\n<p>Diferentemente das redes sociais, a Umingle n\u00e3o se trata de seguidores ou status - trata-se de conex\u00e3o em tempo real e intera\u00e7\u00e3o humana compartilhada.<\/p>\n<h2>Principais recursos da Umingle<\/h2>\n<p>O Umingle oferece uma combina\u00e7\u00e3o equilibrada de simplicidade, interatividade e flexibilidade. Ele elimina a desordem desnecess\u00e1ria e mant\u00e9m apenas os recursos suficientes para aprimorar a experi\u00eancia.<\/p>\n<h3>1. Bate-papo por v\u00eddeo aleat\u00f3rio individual<\/h3>\n<ul>\n<li>Conecte-se instantaneamente com estranhos em todo o mundo.<\/li>\n<li>Use sua webcam e microfone para conversar em tempo real.<\/li>\n<li>Passe para a pr\u00f3xima pessoa a qualquer momento com um clique.<\/li>\n<\/ul>\n<h3>2. Modo de bate-papo por texto<\/h3>\n<ul>\n<li>Bate-papo de texto integrado para aqueles que preferem digitar.<\/li>\n<li>Funciona mesmo quando a c\u00e2mera ou o microfone est\u00e3o desligados.<\/li>\n<li>Excelente para conex\u00f5es de baixa largura de banda ou conversas particulares.<\/li>\n<\/ul>\n<h3>3. N\u00e3o \u00e9 necess\u00e1rio registro<\/h3>\n<ul>\n<li>Comece a conversar imediatamente - n\u00e3o \u00e9 necess\u00e1rio se registrar ou criar um perfil.<\/li>\n<li>Anonimato total para uma experi\u00eancia sem estresse.<\/li>\n<\/ul>\n<h3>4. Base de usu\u00e1rios global<\/h3>\n<ul>\n<li>Conhe\u00e7a pessoas de todos os continentes.<\/li>\n<li>Popular na Am\u00e9rica do Norte, Europa, \u00c1sia e Am\u00e9rica Latina.<\/li>\n<li>A correspond\u00eancia aleat\u00f3ria cria intera\u00e7\u00f5es globais inesperadas.<\/li>\n<\/ul>\n<h3>5. Correspond\u00eancia r\u00e1pida e baixa lat\u00eancia<\/h3>\n<ul>\n<li>Transmiss\u00e3o de v\u00eddeo otimizada para conversas suaves e em tempo real.<\/li>\n<li>Atraso m\u00ednimo em compara\u00e7\u00e3o com plataformas mais antigas.<\/li>\n<\/ul>\n<h3>6. Compatibilidade com dispositivos m\u00f3veis e desktops<\/h3>\n<ul>\n<li>Totalmente baseado em navegador - funciona em qualquer dispositivo.<\/li>\n<li>O design responsivo se ajusta automaticamente ao tamanho da sua tela.<\/li>\n<\/ul>\n<h3>7. Livre para usar<\/h3>\n<ul>\n<li>100% gr\u00e1tis - sem assinaturas ocultas, paywalls ou atualiza\u00e7\u00f5es.<\/li>\n<\/ul>\n<h3>8. Interface simples e moderna<\/h3>\n<ul>\n<li>Layout limpo com controles intuitivos.<\/li>\n<li>Projetado para facilitar o uso e maximizar o envolvimento.<\/li>\n<\/ul>\n<h2>Como usar o Umingle<\/h2>\n<p>Usar o Umingle \u00e9 t\u00e3o simples quanto conversar on-line. Voc\u00ea pode come\u00e7ar a conhecer novas pessoas em menos de um minuto.<\/p>\n<h3>Etapa 1: Visite o site<\/h3>\n<p>Acesse Umingle.com em seu navegador da Web - desktop, tablet ou celular.<\/p>\n<h3>Etapa 2: Habilite a c\u00e2mera e o microfone<\/h3>\n<p>Permita o acesso \u00e0 Umingle quando solicitado. Isso ativa os recursos de bate-papo por v\u00eddeo e \u00e1udio.<\/p>\n<h3>Etapa 3: Clique em \u201cStart\u201d (Iniciar)\u201d<\/h3>\n<p>Conecte-se instantaneamente com um estranho aleat\u00f3rio para um bate-papo ao vivo.<\/p>\n<h3>Etapa 4: Conversar ou pular<\/h3>\n<p>Aproveite a conversa ou clique em \u201cNext\u201d para passar para o pr\u00f3ximo usu\u00e1rio.<\/p>\n<h3>Etapa 5: Repetir<\/h3>\n<p>Continue conversando com quantas pessoas quiser. Cada novo clique leva a um novo encontro.<\/p>\n<p>Sem downloads, sem formul\u00e1rios, sem contas - apenas intera\u00e7\u00e3o humana instant\u00e2nea.<\/p>\n<h2>Experi\u00eancia do usu\u00e1rio na Umingle<\/h2>\n<p>O foco da Umingle em velocidade, simplicidade e alcance global faz com que ela seja uma das experi\u00eancias de bate-papo aleat\u00f3rio mais tranquilas da atualidade.<\/p>\n<h3>O que os usu\u00e1rios gostam<\/h3>\n<ul>\n<li>Sem registro ou logins.<\/li>\n<li>V\u00eddeo de alta qualidade e conex\u00f5es est\u00e1veis.<\/li>\n<li>F\u00e1cil de usar tanto no celular quanto no desktop.<\/li>\n<li>Design equilibrado e f\u00e1cil de usar.<\/li>\n<li>Totalmente gratuito e an\u00f4nimo.<\/li>\n<\/ul>\n<h3>Onde os usu\u00e1rios veem espa\u00e7o para melhorias<\/h3>\n<ul>\n<li>Ainda n\u00e3o h\u00e1 filtros de g\u00eanero ou regi\u00e3o (totalmente aleat\u00f3rios).<\/li>\n<li>N\u00e3o h\u00e1 op\u00e7\u00e3o de reconex\u00e3o se um bate-papo for perdido.<\/li>\n<li>Menor base de usu\u00e1rios fora do hor\u00e1rio de pico em algumas regi\u00f5es.<\/li>\n<li>Ferramentas de modera\u00e7\u00e3o limitadas em fusos hor\u00e1rios menos ativos.<\/li>\n<\/ul>\n<p>Mesmo assim, a Umingle tem sido elogiada por sua simplicidade refrescante e desempenho t\u00e9cnico suave, oferecendo uma experi\u00eancia de bate-papo leve e agrad\u00e1vel, sem distra\u00e7\u00f5es.<\/p>\n<h2>Umingle vs. outras plataformas de bate-papo<\/h2>\n<p>Veja como a Umingle se compara a outros servi\u00e7os l\u00edderes de bate-papo aleat\u00f3rio:<\/p>\n<table>\n<thead>\n<tr>\n<th>Recurso<\/th>\n<th>Umingle<\/th>\n<th>Omegle<\/th>\n<th>Chatroulette<\/th>\n<th>ChatHub<\/th>\n<th>Emerald Chat<\/th>\n<th>Chateek<\/th>\n<\/tr>\n<\/thead>\n<tbody>\n<tr>\n<td>Random Video Chat com Estranhos<\/td>\n<td>\u2705 Sim<\/td>\n<td>\u2705 Sim<\/td>\n<td>\u2705 Sim<\/td>\n<td>\u2705 Sim<\/td>\n<td>\u2705 Sim<\/td>\n<td>\u2705 Sim<\/td>\n<\/tr>\n<tr>\n<td>Op\u00e7\u00e3o de bate-papo por texto<\/td>\n<td>\u2705 Sim<\/td>\n<td>\u2705 Sim<\/td>\n<td>\u2705 Sim<\/td>\n<td>\u2705 Sim<\/td>\n<td>\u2705 Sim<\/td>\n<td>\u2705 Sim<\/td>\n<\/tr>\n<tr>\n<td>Registro obrigat\u00f3rio<\/td>\n<td>\u274c N\u00e3o<\/td>\n<td>\u274c N\u00e3o<\/td>\n<td>\u274c N\u00e3o<\/td>\n<td>\u2705 Opcional<\/td>\n<td>\u2705 Opcional<\/td>\n<td>\u274c N\u00e3o<\/td>\n<\/tr>\n<tr>\n<td>Filtros (g\u00eanero\/localiza\u00e7\u00e3o)<\/td>\n<td>\u274c Ainda n\u00e3o<\/td>\n<td>\u274c N\u00e3o<\/td>\n<td>\u2705 Limitada<\/td>\n<td>\u2705 Sim<\/td>\n<td>\u2705 Sim<\/td>\n<td>\u2705 Sim<\/td>\n<\/tr>\n<tr>\n<td>Compat\u00edvel com dispositivos m\u00f3veis<\/td>\n<td>\u2705 Sim<\/td>\n<td>\u2705 Sim<\/td>\n<td>\u2705 Sim<\/td>\n<td>\u2705 Sim<\/td>\n<td>\u2705 Sim<\/td>\n<td>\u2705 Sim<\/td>\n<\/tr>\n<tr>\n<td>Acesso gratuito<\/td>\n<td>\u2705 Sempre<\/td>\n<td>\u2705 Sempre<\/td>\n<td>\u2705 Sempre<\/td>\n<td>\u2705 Sim<\/td>\n<td>\u2705 Sim<\/td>\n<td>\u2705 Sim<\/td>\n<\/tr>\n<tr>\n<td>Anonimato<\/td>\n<td>\u2705 Forte<\/td>\n<td>\u2705 Forte<\/td>\n<td>\u2705 Forte<\/td>\n<td>\u2705 Moderado<\/td>\n<td>\u2705 Moderado<\/td>\n<td>\u2705 Moderado<\/td>\n<\/tr>\n<\/tbody>\n<\/table>\n<p>Resumo: O Umingle combina a espontaneidade do Omegle com a estabilidade moderna e a capacidade de resposta das novas tecnologias de bate-papo por v\u00eddeo, o que o torna um forte concorrente no atual mercado de bate-papo aleat\u00f3rio.<\/p>\n<h2>A Umingle \u00e9 segura?<\/h2>\n<p>A seguran\u00e7a \u00e9 uma das prioridades da Umingle e, embora a plataforma n\u00e3o exija registros, ela incentiva o uso respons\u00e1vel e oferece v\u00e1rias prote\u00e7\u00f5es.<\/p>\n<h3>Recursos de seguran\u00e7a incorporados<\/h3>\n<ul>\n<li>Acesso an\u00f4nimo - nenhum dado pessoal \u00e9 coletado.<\/li>\n<li>Pule ou desconecte-se instantaneamente de qualquer bate-papo.<\/li>\n<li>Sess\u00f5es tempor\u00e1rias - as conversas n\u00e3o s\u00e3o armazenadas.<\/li>\n<li>Modera\u00e7\u00e3o da comunidade por comportamento abusivo.<\/li>\n<\/ul>\n<h3>Dicas de seguran\u00e7a para usu\u00e1rios<\/h3>\n<ul>\n<li>N\u00e3o compartilhe detalhes particulares, como nome completo, n\u00famero de telefone ou endere\u00e7o.<\/li>\n<li>Evite mostrar planos de fundo identific\u00e1veis no v\u00eddeo.<\/li>\n<li>Encerre qualquer conversa que pare\u00e7a inc\u00f4moda.<\/li>\n<li>Use o bot\u00e3o \u201cNext\u201d livremente - seu conforto vem em primeiro lugar.<\/li>\n<li>Os pais devem supervisionar os menores que usam plataformas de bate-papo aleat\u00f3rias.<\/li>\n<li>Considere o uso de uma VPN para aumentar a privacidade.<\/li>\n<\/ul>\n<p>Usada com sabedoria, a Umingle oferece um ambiente seguro e an\u00f4nimo no qual os usu\u00e1rios podem interagir com liberdade e confian\u00e7a.<\/p>\n<h2>Dicas para tirar o m\u00e1ximo proveito da Umingle<\/h2>\n<ul>\n<li>Tenha a mente aberta: O bate-papo aleat\u00f3rio funciona melhor quando voc\u00ea est\u00e1 curioso e relaxado.<\/li>\n<li>Use uma boa ilumina\u00e7\u00e3o: Ela torna seu v\u00eddeo mais envolvente e pessoal.<\/li>\n<li>Os fones de ouvido ajudam: Eles melhoram a qualidade do som e reduzem o eco.<\/li>\n<li>Converse nos hor\u00e1rios de pico: As noites e os fins de semana t\u00eam mais usu\u00e1rios on-line.<\/li>\n<li>Mantenha os t\u00f3picos leves: humor, m\u00fasica e viagens s\u00e3o \u00f3timos para quebrar o gelo.<\/li>\n<li>Pule quando necess\u00e1rio: Nem todos os bate-papos ser\u00e3o clicados, e n\u00e3o h\u00e1 problema nisso.<\/li>\n<\/ul>\n<p>Esses pequenos ajustes podem melhorar muito sua experi\u00eancia geral na Umingle.<\/p>\n<h2>Problemas comuns e corre\u00e7\u00f5es<\/h2>\n<h3>Problema: a c\u00e2mera ou o microfone n\u00e3o funcionam<\/h3>\n<ul>\n<li>Verifique as permiss\u00f5es de seu navegador e permita o acesso.<\/li>\n<li>Reinicie seu navegador ou dispositivo.<\/li>\n<li>Feche outros aplicativos que possam estar usando a webcam.<\/li>\n<\/ul>\n<h3>Problema: conex\u00f5es lentas ou interrompidas<\/h3>\n<ul>\n<li>Mude para uma conex\u00e3o Wi-Fi est\u00e1vel.<\/li>\n<li>Evite downloads ou streaming em segundo plano.<\/li>\n<li>Tente usar um navegador diferente (recomenda-se o Chrome ou o Edge).<\/li>\n<\/ul>\n<h3>Problema: poucos usu\u00e1rios on-line<\/h3>\n<ul>\n<li>Tente durante o hor\u00e1rio de pico global (noites\/finais de semana).<\/li>\n<li>Expanda seu intervalo de conex\u00e3o removendo os filtros (se aplicados).<\/li>\n<\/ul>\n<h3>Problema: encontro de usu\u00e1rios inadequados<\/h3>\n<ul>\n<li>Use o bot\u00e3o pular imediatamente.<\/li>\n<li>Denuncie ou bloqueie quando dispon\u00edvel.<\/li>\n<\/ul>\n<h2>Por que as pessoas escolhem a Umingle<\/h2>\n<p>As pessoas adoram o Umingle porque ele traz de volta a magia da conversa aleat\u00f3ria - algo que est\u00e1 faltando desde os primeiros dias do bate-papo on-line.<\/p>\n<p>Eles o escolhem para:<\/p>\n<ul>\n<li>Acesso gratuito com zero restri\u00e7\u00f5es.<\/li>\n<li>Sem registro - anonimato total.<\/li>\n<li>Interface simples e limpa que funciona em qualquer lugar.<\/li>\n<li>Bate-papo por v\u00eddeo suave e de alta qualidade.<\/li>\n<li>Conex\u00f5es aut\u00eanticas e humanas em tempo real.<\/li>\n<\/ul>\n<p>\u00c9 especialmente popular entre os usu\u00e1rios que desejam uma alternativa moderna e simplificada aos sites de bate-papo aleat\u00f3rios mais antigos que parecem desorganizados ou desatualizados.<\/p>\n<h2>Considera\u00e7\u00f5es finais: Vale a pena usar o Umingle?<\/h2>\n<p>Se voc\u00ea est\u00e1 procurando uma experi\u00eancia de bate-papo aleat\u00f3rio moderna, leve e genuinamente gratuita, vale a pena experimentar o Umingle. Ele re\u00fane tudo o que os usu\u00e1rios adoravam nos sites de bate-papo cl\u00e1ssicos - simplicidade, liberdade e imprevisibilidade -, mas com uma tecnologia mais suave e uma interface mais limpa e compat\u00edvel com dispositivos m\u00f3veis.<\/p>\n<p>Ele n\u00e3o \u00e9 sobrecarregado com filtros ou recursos desnecess\u00e1rios - e esse \u00e9 o seu ponto forte. A Umingle mant\u00e9m as coisas puras, concentrando-se no que realmente importa: conhecer pessoas, conversar e aproveitar a emo\u00e7\u00e3o do inesperado.<\/p>\n<p>Se voc\u00ea estiver procurando:<\/p>\n<ul>\n<li>Conversas r\u00e1pidas para passar o tempo,<\/li>\n<li>Intera\u00e7\u00f5es globais divertidas, ou<\/li>\n<li>Conex\u00f5es significativas e n\u00e3o planejadas...<\/li>\n<\/ul>\n<p>A Umingle oferece exatamente isso.<\/p>\n<p>Em resumo: a Umingle \u00e9 uma plataforma moderna de bate-papo por v\u00eddeo aleat\u00f3rio que facilita a conex\u00e3o com estranhos. \u00c9 r\u00e1pida, gratuita, an\u00f4nima e est\u00e1 dispon\u00edvel em qualquer lugar, oferecendo uma maneira nova, segura e agrad\u00e1vel de conhecer novas pessoas on-line.<\/p>","protected":false},"excerpt":{"rendered":"<p>The online chat world has changed dramatically over the years, but one thing remains constant \u2014 the desire to meet real people, instantly, from anywhere on the planet. Umingle captures that feeling perfectly. It\u2019s a sleek, modern random video chat platform built for spontaneity, simplicity, and real human connection. In a world where most social [&hellip;]<\/p>\n","protected":false},"author":6,"featured_media":0,"parent":0,"menu_order":0,"comment_status":"closed","ping_status":"closed","template":"","meta":{"footnotes":""},"class_list":["post-13570","page","type-page","status-publish","hentry"],"yoast_head":"<!-- This site is optimized with the Yoast SEO plugin v27.4 - https:\/\/yoast.com\/product\/yoast-seo-wordpress\/ -->\n<title>Umingle - Chat with Strangers - TinyChat.com<\/title>\n<meta name=\"description\" content=\"Enjoying Umingle? Join over 50,000,000 strangers on TinyChat! Turn on your cam and start meeting new people, or find a match.\" \/>\n<meta name=\"robots\" content=\"index, follow, max-snippet:-1, max-image-preview:large, max-video-preview:-1\" \/>\n<link rel=\"canonical\" href=\"https:\/\/tinychat.com\/pt-br\/umingle\/\" \/>\n<meta property=\"og:locale\" content=\"pt_BR\" \/>\n<meta property=\"og:type\" content=\"article\" \/>\n<meta property=\"og:title\" content=\"Umingle - Chat with Strangers - TinyChat.com\" \/>\n<meta property=\"og:description\" content=\"Enjoying Umingle? Join over 50,000,000 strangers on TinyChat! Turn on your cam and start meeting new people, or find a match.\" \/>\n<meta property=\"og:url\" content=\"https:\/\/tinychat.com\/pt-br\/umingle\/\" \/>\n<meta property=\"og:site_name\" content=\"TinyChat\" \/>\n<meta property=\"article:publisher\" content=\"https:\/\/www.facebook.com\/tinychat\" \/>\n<meta property=\"og:image\" content=\"https:\/\/tinychat.com\/wp-content\/uploads\/2020\/04\/Tinychat-logo-1280x284-new-black.png\" \/>\n\t<meta property=\"og:image:width\" content=\"1280\" \/>\n\t<meta property=\"og:image:height\" content=\"284\" \/>\n\t<meta property=\"og:image:type\" content=\"image\/png\" \/>\n<meta name=\"twitter:card\" content=\"summary_large_image\" \/>\n<meta name=\"twitter:site\" content=\"@tinychat\" \/>\n<meta name=\"twitter:label1\" content=\"Est. tempo de leitura\" \/>\n\t<meta name=\"twitter:data1\" content=\"6 minutos\" \/>\n<script type=\"application\/ld+json\" class=\"yoast-schema-graph\">{\"@context\":\"https:\\\/\\\/schema.org\",\"@graph\":[{\"@type\":\"WebPage\",\"@id\":\"https:\\\/\\\/tinychat.com\\\/umingle\\\/\",\"url\":\"https:\\\/\\\/tinychat.com\\\/umingle\\\/\",\"name\":\"Umingle - Chat with Strangers - TinyChat.com\",\"isPartOf\":{\"@id\":\"https:\\\/\\\/tinychat.com\\\/#website\"},\"datePublished\":\"2025-10-24T08:24:47+00:00\",\"description\":\"Enjoying Umingle? Join over 50,000,000 strangers on TinyChat! Turn on your cam and start meeting new people, or find a match.\",\"breadcrumb\":{\"@id\":\"https:\\\/\\\/tinychat.com\\\/umingle\\\/#breadcrumb\"},\"inLanguage\":\"pt-BR\",\"potentialAction\":[{\"@type\":\"ReadAction\",\"target\":[\"https:\\\/\\\/tinychat.com\\\/umingle\\\/\"]}]},{\"@type\":\"BreadcrumbList\",\"@id\":\"https:\\\/\\\/tinychat.com\\\/umingle\\\/#breadcrumb\",\"itemListElement\":[{\"@type\":\"ListItem\",\"position\":1,\"name\":\"Home\",\"item\":\"https:\\\/\\\/tinychat.com\\\/\"},{\"@type\":\"ListItem\",\"position\":2,\"name\":\"Umingle\"}]},{\"@type\":\"WebSite\",\"@id\":\"https:\\\/\\\/tinychat.com\\\/#website\",\"url\":\"https:\\\/\\\/tinychat.com\\\/\",\"name\":\"TinyChat\",\"description\":\"Random Video Chat with Strangers\",\"publisher\":{\"@id\":\"https:\\\/\\\/tinychat.com\\\/#organization\"},\"alternateName\":\"TinyChat.com\",\"potentialAction\":[{\"@type\":\"SearchAction\",\"target\":{\"@type\":\"EntryPoint\",\"urlTemplate\":\"https:\\\/\\\/tinychat.com\\\/?s={search_term_string}\"},\"query-input\":{\"@type\":\"PropertyValueSpecification\",\"valueRequired\":true,\"valueName\":\"search_term_string\"}}],\"inLanguage\":\"pt-BR\"},{\"@type\":\"Organization\",\"@id\":\"https:\\\/\\\/tinychat.com\\\/#organization\",\"name\":\"TinyChat\",\"alternateName\":\"TinyChat.com\",\"url\":\"https:\\\/\\\/tinychat.com\\\/\",\"logo\":{\"@type\":\"ImageObject\",\"inLanguage\":\"pt-BR\",\"@id\":\"https:\\\/\\\/tinychat.com\\\/#\\\/schema\\\/logo\\\/image\\\/\",\"url\":\"https:\\\/\\\/tinychat.com\\\/wp-content\\\/uploads\\\/2023\\\/11\\\/Tinychat-icon-square.png\",\"contentUrl\":\"https:\\\/\\\/tinychat.com\\\/wp-content\\\/uploads\\\/2023\\\/11\\\/Tinychat-icon-square.png\",\"width\":284,\"height\":284,\"caption\":\"TinyChat\"},\"image\":{\"@id\":\"https:\\\/\\\/tinychat.com\\\/#\\\/schema\\\/logo\\\/image\\\/\"},\"sameAs\":[\"https:\\\/\\\/www.facebook.com\\\/tinychat\",\"https:\\\/\\\/x.com\\\/tinychat\"]}]}<\/script>\n<!-- \/ Yoast SEO plugin. -->","yoast_head_json":{"title":"Umingle - Bate-papo com estranhos - TinyChat.com","description":"Est\u00e1 gostando do Umingle? Junte-se a mais de 50.000.000 de estranhos no TinyChat! Ligue sua c\u00e2mera e comece a conhecer novas pessoas ou encontre um par.","robots":{"index":"index","follow":"follow","max-snippet":"max-snippet:-1","max-image-preview":"max-image-preview:large","max-video-preview":"max-video-preview:-1"},"canonical":"https:\/\/tinychat.com\/pt-br\/umingle\/","og_locale":"pt_BR","og_type":"article","og_title":"Umingle - Chat with Strangers - TinyChat.com","og_description":"Enjoying Umingle? Join over 50,000,000 strangers on TinyChat! Turn on your cam and start meeting new people, or find a match.","og_url":"https:\/\/tinychat.com\/pt-br\/umingle\/","og_site_name":"TinyChat","article_publisher":"https:\/\/www.facebook.com\/tinychat","og_image":[{"width":1280,"height":284,"url":"https:\/\/tinychat.com\/wp-content\/uploads\/2020\/04\/Tinychat-logo-1280x284-new-black.png","type":"image\/png"}],"twitter_card":"summary_large_image","twitter_site":"@tinychat","twitter_misc":{"Est. tempo de leitura":"6 minutos"},"schema":{"@context":"https:\/\/schema.org","@graph":[{"@type":"WebPage","@id":"https:\/\/tinychat.com\/umingle\/","url":"https:\/\/tinychat.com\/umingle\/","name":"Umingle - Bate-papo com estranhos - TinyChat.com","isPartOf":{"@id":"https:\/\/tinychat.com\/#website"},"datePublished":"2025-10-24T08:24:47+00:00","description":"Est\u00e1 gostando do Umingle? Junte-se a mais de 50.000.000 de estranhos no TinyChat! Ligue sua c\u00e2mera e comece a conhecer novas pessoas ou encontre um par.","breadcrumb":{"@id":"https:\/\/tinychat.com\/umingle\/#breadcrumb"},"inLanguage":"pt-BR","potentialAction":[{"@type":"ReadAction","target":["https:\/\/tinychat.com\/umingle\/"]}]},{"@type":"BreadcrumbList","@id":"https:\/\/tinychat.com\/umingle\/#breadcrumb","itemListElement":[{"@type":"ListItem","position":1,"name":"Home","item":"https:\/\/tinychat.com\/"},{"@type":"ListItem","position":2,"name":"Umingle"}]},{"@type":"WebSite","@id":"https:\/\/tinychat.com\/#website","url":"https:\/\/tinychat.com\/","name":"TinyChat","description":"Bate-papo por v\u00eddeo aleat\u00f3rio com estranhos","publisher":{"@id":"https:\/\/tinychat.com\/#organization"},"alternateName":"TinyChat.com","potentialAction":[{"@type":"SearchAction","target":{"@type":"EntryPoint","urlTemplate":"https:\/\/tinychat.com\/?s={search_term_string}"},"query-input":{"@type":"PropertyValueSpecification","valueRequired":true,"valueName":"search_term_string"}}],"inLanguage":"pt-BR"},{"@type":"Organization","@id":"https:\/\/tinychat.com\/#organization","name":"TinyChat","alternateName":"TinyChat.com","url":"https:\/\/tinychat.com\/","logo":{"@type":"ImageObject","inLanguage":"pt-BR","@id":"https:\/\/tinychat.com\/#\/schema\/logo\/image\/","url":"https:\/\/tinychat.com\/wp-content\/uploads\/2023\/11\/Tinychat-icon-square.png","contentUrl":"https:\/\/tinychat.com\/wp-content\/uploads\/2023\/11\/Tinychat-icon-square.png","width":284,"height":284,"caption":"TinyChat"},"image":{"@id":"https:\/\/tinychat.com\/#\/schema\/logo\/image\/"},"sameAs":["https:\/\/www.facebook.com\/tinychat","https:\/\/x.com\/tinychat"]}]}},"_links":{"self":[{"href":"https:\/\/tinychat.com\/pt-br\/wp-json\/wp\/v2\/pages\/13570","targetHints":{"allow":["GET"]}}],"collection":[{"href":"https:\/\/tinychat.com\/pt-br\/wp-json\/wp\/v2\/pages"}],"about":[{"href":"https:\/\/tinychat.com\/pt-br\/wp-json\/wp\/v2\/types\/page"}],"author":[{"embeddable":true,"href":"https:\/\/tinychat.com\/pt-br\/wp-json\/wp\/v2\/users\/6"}],"replies":[{"embeddable":true,"href":"https:\/\/tinychat.com\/pt-br\/wp-json\/wp\/v2\/comments?post=13570"}],"version-history":[{"count":1,"href":"https:\/\/tinychat.com\/pt-br\/wp-json\/wp\/v2\/pages\/13570\/revisions"}],"predecessor-version":[{"id":13571,"href":"https:\/\/tinychat.com\/pt-br\/wp-json\/wp\/v2\/pages\/13570\/revisions\/13571"}],"wp:attachment":[{"href":"https:\/\/tinychat.com\/pt-br\/wp-json\/wp\/v2\/media?parent=13570"}],"curies":[{"name":"wp","href":"https:\/\/api.w.org\/{rel}","templated":true}]}}