{"id":201,"date":"2025-08-14T09:43:14","date_gmt":"2025-08-14T07:43:14","guid":{"rendered":"https:\/\/tinychat.com\/?page_id=201"},"modified":"2025-08-14T10:02:20","modified_gmt":"2025-08-14T08:02:20","slug":"random-cam-chat","status":"publish","type":"page","link":"https:\/\/tinychat.com\/pt-br\/random-cam-chat\/","title":{"rendered":"Bate-papo aleat\u00f3rio na c\u00e2mera"},"content":{"rendered":"<p>H\u00e1 algo de empolgante em n\u00e3o saber quem voc\u00ea conhecer\u00e1 em seguida. \u00c9 exatamente disso que se trata o bate-papo com c\u00e2mera aleat\u00f3rio - conect\u00e1-lo com estranhos de todo o mundo em um instante. Sem perfis para rolar, sem biografias para ler - apenas pessoas reais, cara a cara, prontas para conversar.<\/p>\n<p>Seja para fazer amigos, paquerar, compartilhar uma risada ou apenas ver o que h\u00e1 por a\u00ed, o bate-papo por v\u00eddeo com c\u00e2mera aleat\u00f3ria oferece a emo\u00e7\u00e3o da imprevisibilidade toda vez que voc\u00ea clica em \"next\" (pr\u00f3ximo). \u00c9 como uma roleta para conversas - exceto que o pr\u00eamio \u00e9 uma nova conex\u00e3o humana.<\/p>\n<h2>O que \u00e9 o Random Cam Chat?<\/h2>\n<p>Em termos simples, o bate-papo com c\u00e2mera aleat\u00f3ria \u00e9 um servi\u00e7o de bate-papo por v\u00eddeo on-line que o coloca em contato com um estranho aleatoriamente. Voc\u00ea liga sua webcam e a plataforma o conecta instantaneamente com outra pessoa que tamb\u00e9m est\u00e1 querendo conversar. Quando a conversa termina - ou se voc\u00ea quiser seguir em frente -, voc\u00ea clica para pular e um novo rosto aparece.<\/p>\n<p>\u00c9 uma maneira ao vivo, visual e pessoal de conhecer pessoas. Ao contr\u00e1rio das salas de bate-papo somente com texto, o bate-papo com c\u00e2mera aleat\u00f3ria permite que voc\u00ea veja express\u00f5es faciais, ou\u00e7a vozes e sinta o fluxo natural da conversa em tempo real.<\/p>\n<p>Algumas plataformas tamb\u00e9m incluem op\u00e7\u00f5es somente de texto e \u00e1udio se voc\u00ea n\u00e3o estiver pronto para o v\u00eddeo imediatamente, facilitando a experi\u00eancia.<\/p>\n<h2>Por que as pessoas adoram o bate-papo aleat\u00f3rio na c\u00e2mera<\/h2>\n<p>O apelo do bate-papo com c\u00e2mera aleat\u00f3rio \u00e9 simples: \u00e9 imprevis\u00edvel, divertido e instant\u00e2neo. Veja por que tantas pessoas est\u00e3o viciadas:<\/p>\n<ul>\n<li>Conex\u00f5es instant\u00e2neas: Sem registro, sem espera - basta clicar e voc\u00ea estar\u00e1 em uma conversa ao vivo.<\/li>\n<li>Alcance global: Conhe\u00e7a pessoas de diferentes pa\u00edses, culturas e estilos de vida.<\/li>\n<li>Tudo pode acontecer: De momentos bobos a bate-papos significativos, voc\u00ea nunca sabe qual ser\u00e1 o rumo de uma conversa.<\/li>\n<li>Anonimato quando voc\u00ea quiser: Use um apelido ou mantenha a c\u00e2mera desligada at\u00e9 se sentir confort\u00e1vel.<\/li>\n<li>Controle sobre sua experi\u00eancia: Se voc\u00ea n\u00e3o se sentir \u00e0 vontade com algu\u00e9m, simplesmente pule e tente a pr\u00f3xima partida.<\/li>\n<\/ul>\n<p>Para muitos, a empolga\u00e7\u00e3o est\u00e1 nos primeiros segundos ap\u00f3s a conex\u00e3o - imaginando quem est\u00e1 do outro lado e o que ele dir\u00e1.<\/p>\n<h2>Como funciona o Random Cam Chat?<\/h2>\n<p>Se voc\u00ea nunca experimentou isso antes, come\u00e7ar \u00e9 incrivelmente f\u00e1cil:<\/p>\n<ol>\n<li>Escolha uma plataforma - H\u00e1 muitos sites e aplicativos gratuitos de bate-papo com c\u00e2meras aleat\u00f3rias para escolher, como TinyChat, CamSurf e Bazoocam.<\/li>\n<li>Habilite sua webcam e microfone - A plataforma solicitar\u00e1 permiss\u00e3o para acessar sua c\u00e2mera e microfone.<\/li>\n<li>Comece a conversar - Voc\u00ea se conectar\u00e1 instantaneamente com algu\u00e9m aleat\u00f3rio de qualquer lugar do mundo.<\/li>\n<li>Pular ou continuar - Se quiser continuar, basta clicar em \"next\" (pr\u00f3ximo) e o sistema encontrar\u00e1 outra correspond\u00eancia.<\/li>\n<\/ol>\n<p>Muitos sites permitem que voc\u00ea filtre por pa\u00eds ou interesse para aumentar suas chances de conhecer pessoas com vibra\u00e7\u00f5es semelhantes.<\/p>\n<h2>Tipos de experi\u00eancias aleat\u00f3rias de bate-papo na c\u00e2mera<\/h2>\n<p>Embora o conceito b\u00e1sico seja o mesmo, diferentes plataformas de bate-papo com c\u00e2mera aleat\u00f3ria oferecem recursos diferentes:<\/p>\n<h3>1. Bate-papo aleat\u00f3rio gratuito na c\u00e2mera<\/h3>\n<p>Perfeito para iniciantes - comece sem pagar um centavo. A maioria das plataformas gratuitas n\u00e3o exige contas e permite que voc\u00ea se conecte instantaneamente.<\/p>\n<h3>2. Bate-papo an\u00f4nimo com c\u00e2mera aleat\u00f3ria<\/h3>\n<p>Para aqueles que desejam privacidade total, os modos an\u00f4nimos ocultam seu nome e permitem que voc\u00ea desligue a c\u00e2mera at\u00e9 que decida compartilhar.<\/p>\n<h3>3. Correspond\u00eancia baseada em interesses<\/h3>\n<p>Alguns sites de c\u00e2meras aleat\u00f3rias permitem que voc\u00ea liste seus interesses para que possa conhecer pessoas que compartilham seus hobbies ou paix\u00f5es.<\/p>\n<h3>4. Bate-papo aleat\u00f3rio com c\u00e2mera para adultos<\/h3>\n<p>Embora n\u00e3o seja para todos, h\u00e1 vers\u00f5es para maiores de 18 anos em que as pessoas se conectam para conversas de flerte ou expl\u00edcitas. Essas vers\u00f5es geralmente s\u00e3o separadas das plataformas gerais para fins de seguran\u00e7a e consentimento.<\/p>\n<h2>Bate-papo aleat\u00f3rio com c\u00e2mera vs. bate-papo por texto<\/h2>\n<p>Embora as salas de bate-papo aleat\u00f3rias baseadas em texto ainda sejam populares, o bate-papo com c\u00e2mera aleat\u00f3ria tem uma grande vantagem:<\/p>\n<table>\n<thead>\n<tr>\n<th>Recurso<\/th>\n<th>Bate-papo aleat\u00f3rio na c\u00e2mera<\/th>\n<th>Bate-papo por texto<\/th>\n<\/tr>\n<\/thead>\n<tbody>\n<tr>\n<td>Ver express\u00f5es faciais<\/td>\n<td>\u2705<\/td>\n<td>\u274c<\/td>\n<\/tr>\n<tr>\n<td>Ouvir o tom de voz<\/td>\n<td>\u2705<\/td>\n<td>\u274c<\/td>\n<\/tr>\n<tr>\n<td>Conex\u00e3o mais pessoal<\/td>\n<td>\u2705<\/td>\n<td>\u26a0\ufe0f Menos<\/td>\n<\/tr>\n<tr>\n<td>Envolvimento visual<\/td>\n<td>\u2705<\/td>\n<td>\u274c<\/td>\n<\/tr>\n<tr>\n<td>Requer c\u00e2mera\/microfone<\/td>\n<td>\u2705<\/td>\n<td>\u274c<\/td>\n<\/tr>\n<\/tbody>\n<\/table>\n<p>O v\u00eddeo acrescenta uma camada de autenticidade - ver o sorriso ou a risada de algu\u00e9m torna a intera\u00e7\u00e3o mais real.<\/p>\n<h2>Como se manter seguro no bate-papo aleat\u00f3rio da c\u00e2mera<\/h2>\n<p>Como voc\u00ea est\u00e1 se encontrando com estranhos, a seguran\u00e7a deve ser sempre uma prioridade:<\/p>\n<ul>\n<li>N\u00e3o compartilhe informa\u00e7\u00f5es pessoais - Evite fornecer seu nome completo, endere\u00e7o ou detalhes de contato.<\/li>\n<li>Use o bot\u00e3o de pular - Se algu\u00e9m o deixar desconfort\u00e1vel, siga em frente imediatamente.<\/li>\n<li>Denuncie comportamentos inadequados - A maioria das plataformas tem ferramentas de den\u00fancia incorporadas.<\/li>\n<li>Seja cuidadoso com a c\u00e2mera - Mostre apenas o que voc\u00ea se sente \u00e0 vontade para que os outros vejam.<\/li>\n<li>Use plataformas confi\u00e1veis - Escolha servi\u00e7os com modera\u00e7\u00e3o e diretrizes claras para a comunidade.<\/li>\n<\/ul>\n<p>O bate-papo aleat\u00f3rio com c\u00e2mera pode ser seguro e divertido se voc\u00ea definir seus limites e se ater a eles.<\/p>\n<h2>O lado social do bate-papo aleat\u00f3rio na c\u00e2mera<\/h2>\n<p>Uma das melhores coisas do bate-papo com c\u00e2mera aleat\u00f3rio \u00e9 a variedade de pessoas que voc\u00ea conhece. Em uma plataforma, voc\u00ea pode conversar com um estudante no Brasil, um m\u00fasico na Fran\u00e7a, um jogador no Jap\u00e3o e um viajante na \u00c1frica do Sul - tudo na mesma noite.<\/p>\n<p>\u00c9 como um mixer social global sem os custos de viagem. As pessoas costumam us\u00e1-lo para:<\/p>\n<ul>\n<li>Praticar um novo idioma<\/li>\n<li>Aprenda sobre outras culturas<\/li>\n<li>Compartilhe m\u00fasica ou arte<\/li>\n<li>Colaborar em projetos criativos<\/li>\n<li>Fazer novos amigos ou encontrar oportunidades de namoro on-line<\/li>\n<\/ul>\n<h2>Bate-papo aleat\u00f3rio na c\u00e2mera para divers\u00e3o e paquera<\/h2>\n<p>Embora muitas pessoas usem o bate-papo com c\u00e2mera aleat\u00f3rio para conversas casuais, ele tamb\u00e9m se tornou um ponto de acesso para paquera on-line. Ao ver algu\u00e9m cara a cara, \u00e9 mais f\u00e1cil perceber a qu\u00edmica e criar uma conex\u00e3o em tempo real.<\/p>\n<p>Alguns sites t\u00eam at\u00e9 mesmo modos de \"flerte\" ou \"namoro\" para combin\u00e1-lo com pessoas abertas a conversas mais divertidas.<\/p>\n<h2>Aplicativos gratuitos de bate-papo com c\u00e2mera aleat\u00f3ria<\/h2>\n<p>Se voc\u00ea preferir conversar pelo telefone, h\u00e1 v\u00e1rios aplicativos gratuitos para Android e iOS que trazem a experi\u00eancia da c\u00e2mera aleat\u00f3ria para o seu bolso. Esses aplicativos geralmente incluem:<\/p>\n<ul>\n<li>Recursos de deslizar para pular<\/li>\n<li>Notifica\u00e7\u00f5es push quando algu\u00e9m quiser conversar<\/li>\n<li>Tags de interesse para melhores correspond\u00eancias<\/li>\n<li>Filtros de v\u00eddeo e efeitos divertidos<\/li>\n<\/ul>\n<p>O bate-papo m\u00f3vel com c\u00e2mera aleat\u00f3ria \u00e9 perfeito para passar o tempo em movimento ou conectar-se do sof\u00e1.<\/p>\n<h2>Dicas para uma \u00f3tima experi\u00eancia de bate-papo aleat\u00f3rio na c\u00e2mera<\/h2>\n<ul>\n<li>Sorria ao se conectar - As primeiras impress\u00f5es s\u00e3o importantes, mesmo on-line.<\/li>\n<li>Seja curioso - Fa\u00e7a perguntas abertas para manter as conversas fluindo.<\/li>\n<li>Use uma boa ilumina\u00e7\u00e3o - Ela torna seu v\u00eddeo mais claro e convidativo.<\/li>\n<li>Mantenha-se relaxado - Lembre-se, se n\u00e3o der certo, voc\u00ea sempre pode pular.<\/li>\n<li>Experimente os hor\u00e1rios do dia - Hor\u00e1rios diferentes podem significar conhecer pessoas de diferentes partes do mundo.<\/li>\n<\/ul>\n<h2>Por que o TinyChat \u00e9 uma \u00f3tima op\u00e7\u00e3o para bate-papo aleat\u00f3rio na c\u00e2mera<\/h2>\n<p>Embora muitas plataformas ofere\u00e7am bate-papo por v\u00eddeo aleat\u00f3rio, o TinyChat se destaca por sua combina\u00e7\u00e3o de salas de bate-papo p\u00fablicas, chamadas privadas e recursos de v\u00eddeo em grupo. Voc\u00ea pode entrar em um bate-papo de c\u00e2mera aleat\u00f3rio com uma pessoa ou entrar em uma sala com v\u00e1rias transmiss\u00f5es ao mesmo tempo.<\/p>\n<p>\u00c9 perfeito para pessoas que desejam intera\u00e7\u00f5es individuais e um ambiente de bate-papo mais social e aberto. Al\u00e9m disso, voc\u00ea n\u00e3o precisa se inscrever para come\u00e7ar.<\/p>\n<h2>A emo\u00e7\u00e3o das conex\u00f5es aleat\u00f3rias<\/h2>\n<p>A magia do bate-papo com c\u00e2mera aleat\u00f3ria \u00e9 que ele n\u00e3o \u00e9 roteirizado. Voc\u00ea n\u00e3o est\u00e1 percorrendo perfis ou esperando por uma correspond\u00eancia. Voc\u00ea est\u00e1 se conectando em tempo real com pessoas reais, e tudo pode acontecer.<\/p>\n<p>\u00c0s vezes, voc\u00ea dar\u00e1 uma risada r\u00e1pida, \u00e0s vezes ter\u00e1 uma conversa profunda e, \u00e0s vezes, conhecer\u00e1 algu\u00e9m com quem desejar\u00e1 conversar v\u00e1rias vezes. Essa imprevisibilidade \u00e9 o que faz as pessoas voltarem.<\/p>\n<p>O bate-papo com c\u00e2mera aleat\u00f3ria \u00e9 uma das maneiras mais r\u00e1pidas e empolgantes de conhecer novas pessoas on-line. \u00c9 instant\u00e2neo, global e pessoal - reunindo estranhos de todo o mundo para tudo, desde bate-papos casuais at\u00e9 amizades significativas.<\/p>\n<p>Seja para divers\u00e3o, interc\u00e2mbio cultural, pr\u00e1tica do idioma ou at\u00e9 mesmo para namoro, o bate-papo por v\u00eddeo com c\u00e2mera aleat\u00f3ria oferece infinitas possibilidades. Lembre-se apenas de se manter seguro, respeitar os outros e manter a mente aberta.<\/p>\n<p>Se estiver pronto para ver quem est\u00e1 l\u00e1 fora, ligue sua webcam e mergulhe em um bate-papo aleat\u00f3rio com c\u00e2mera hoje \u00e0 noite - voc\u00ea nunca sabe quem est\u00e1 esperando do outro lado.<\/p>","protected":false},"excerpt":{"rendered":"<p>There\u2019s something exciting about not knowing who you\u2019ll meet next. That\u2019s exactly what random cam chat is all about\u2014connecting you with strangers from around the world in an instant. No profiles to scroll, no bios to read\u2014just real people, face-to-face, ready to chat. Whether you\u2019re looking to make friends, flirt, share a laugh, or just [&hellip;]<\/p>\n","protected":false},"author":8,"featured_media":0,"parent":0,"menu_order":0,"comment_status":"closed","ping_status":"closed","template":"","meta":{"footnotes":""},"class_list":["post-201","page","type-page","status-publish","hentry"],"yoast_head":"<!-- This site is optimized with the Yoast SEO plugin v27.6 - https:\/\/yoast.com\/product\/yoast-seo-wordpress\/ -->\n<title>Random Cam Chat with Video Chat on TinyChat.com<\/title>\n<meta name=\"description\" content=\"Enjoying Random Cam Chat? Join over 50,000,000 strangers on TinyChat! Turn on your cam and start meeting new people, or find a match.\" \/>\n<meta name=\"robots\" content=\"index, follow, max-snippet:-1, max-image-preview:large, max-video-preview:-1\" \/>\n<link rel=\"canonical\" href=\"https:\/\/tinychat.com\/pt-br\/random-cam-chat\/\" \/>\n<meta property=\"og:locale\" content=\"pt_BR\" \/>\n<meta property=\"og:type\" content=\"article\" \/>\n<meta property=\"og:title\" content=\"Random Cam Chat with Video Chat on TinyChat.com\" \/>\n<meta property=\"og:description\" content=\"Enjoying Random Cam Chat? Join over 50,000,000 strangers on TinyChat! Turn on your cam and start meeting new people, or find a match.\" \/>\n<meta property=\"og:url\" content=\"https:\/\/tinychat.com\/pt-br\/random-cam-chat\/\" \/>\n<meta property=\"og:site_name\" content=\"TinyChat\" \/>\n<meta property=\"article:publisher\" content=\"https:\/\/www.facebook.com\/tinychat\" \/>\n<meta property=\"article:modified_time\" content=\"2025-08-14T08:02:20+00:00\" \/>\n<meta property=\"og:image\" content=\"https:\/\/tinychat.com\/wp-content\/uploads\/2020\/04\/Tinychat-logo-1280x284-new-black.png\" \/>\n\t<meta property=\"og:image:width\" content=\"1280\" \/>\n\t<meta property=\"og:image:height\" content=\"284\" \/>\n\t<meta property=\"og:image:type\" content=\"image\/png\" \/>\n<meta name=\"twitter:card\" content=\"summary_large_image\" \/>\n<meta name=\"twitter:site\" content=\"@tinychat\" \/>\n<meta name=\"twitter:label1\" content=\"Est. tempo de leitura\" \/>\n\t<meta name=\"twitter:data1\" content=\"6 minutos\" \/>\n<script type=\"application\/ld+json\" class=\"yoast-schema-graph\">{\"@context\":\"https:\\\/\\\/schema.org\",\"@graph\":[{\"@type\":\"WebPage\",\"@id\":\"https:\\\/\\\/tinychat.com\\\/random-cam-chat\\\/\",\"url\":\"https:\\\/\\\/tinychat.com\\\/random-cam-chat\\\/\",\"name\":\"Random Cam Chat with Video Chat on TinyChat.com\",\"isPartOf\":{\"@id\":\"https:\\\/\\\/tinychat.com\\\/#website\"},\"datePublished\":\"2025-08-14T07:43:14+00:00\",\"dateModified\":\"2025-08-14T08:02:20+00:00\",\"description\":\"Enjoying Random Cam Chat? Join over 50,000,000 strangers on TinyChat! Turn on your cam and start meeting new people, or find a match.\",\"breadcrumb\":{\"@id\":\"https:\\\/\\\/tinychat.com\\\/random-cam-chat\\\/#breadcrumb\"},\"inLanguage\":\"pt-BR\",\"potentialAction\":[{\"@type\":\"ReadAction\",\"target\":[\"https:\\\/\\\/tinychat.com\\\/random-cam-chat\\\/\"]}]},{\"@type\":\"BreadcrumbList\",\"@id\":\"https:\\\/\\\/tinychat.com\\\/random-cam-chat\\\/#breadcrumb\",\"itemListElement\":[{\"@type\":\"ListItem\",\"position\":1,\"name\":\"Home\",\"item\":\"https:\\\/\\\/tinychat.com\\\/\"},{\"@type\":\"ListItem\",\"position\":2,\"name\":\"Random Cam Chat\"}]},{\"@type\":\"WebSite\",\"@id\":\"https:\\\/\\\/tinychat.com\\\/#website\",\"url\":\"https:\\\/\\\/tinychat.com\\\/\",\"name\":\"TinyChat\",\"description\":\"Random Video Chat with Strangers\",\"publisher\":{\"@id\":\"https:\\\/\\\/tinychat.com\\\/#organization\"},\"alternateName\":\"TinyChat.com\",\"potentialAction\":[{\"@type\":\"SearchAction\",\"target\":{\"@type\":\"EntryPoint\",\"urlTemplate\":\"https:\\\/\\\/tinychat.com\\\/?s={search_term_string}\"},\"query-input\":{\"@type\":\"PropertyValueSpecification\",\"valueRequired\":true,\"valueName\":\"search_term_string\"}}],\"inLanguage\":\"pt-BR\"},{\"@type\":\"Organization\",\"@id\":\"https:\\\/\\\/tinychat.com\\\/#organization\",\"name\":\"TinyChat\",\"alternateName\":\"TinyChat.com\",\"url\":\"https:\\\/\\\/tinychat.com\\\/\",\"logo\":{\"@type\":\"ImageObject\",\"inLanguage\":\"pt-BR\",\"@id\":\"https:\\\/\\\/tinychat.com\\\/#\\\/schema\\\/logo\\\/image\\\/\",\"url\":\"https:\\\/\\\/tinychat.com\\\/wp-content\\\/uploads\\\/2023\\\/11\\\/Tinychat-icon-square.png\",\"contentUrl\":\"https:\\\/\\\/tinychat.com\\\/wp-content\\\/uploads\\\/2023\\\/11\\\/Tinychat-icon-square.png\",\"width\":284,\"height\":284,\"caption\":\"TinyChat\"},\"image\":{\"@id\":\"https:\\\/\\\/tinychat.com\\\/#\\\/schema\\\/logo\\\/image\\\/\"},\"sameAs\":[\"https:\\\/\\\/www.facebook.com\\\/tinychat\",\"https:\\\/\\\/x.com\\\/tinychat\"]}]}<\/script>\n<!-- \/ Yoast SEO plugin. -->","yoast_head_json":{"title":"Bate-papo com c\u00e2mera aleat\u00f3ria e bate-papo por v\u00eddeo no TinyChat.com","description":"Gostando do bate-papo aleat\u00f3rio na c\u00e2mera? Junte-se a mais de 50.000.000 de estranhos no TinyChat! Ligue sua c\u00e2mera e comece a conhecer novas pessoas ou encontre um par.","robots":{"index":"index","follow":"follow","max-snippet":"max-snippet:-1","max-image-preview":"max-image-preview:large","max-video-preview":"max-video-preview:-1"},"canonical":"https:\/\/tinychat.com\/pt-br\/random-cam-chat\/","og_locale":"pt_BR","og_type":"article","og_title":"Random Cam Chat with Video Chat on TinyChat.com","og_description":"Enjoying Random Cam Chat? Join over 50,000,000 strangers on TinyChat! Turn on your cam and start meeting new people, or find a match.","og_url":"https:\/\/tinychat.com\/pt-br\/random-cam-chat\/","og_site_name":"TinyChat","article_publisher":"https:\/\/www.facebook.com\/tinychat","article_modified_time":"2025-08-14T08:02:20+00:00","og_image":[{"width":1280,"height":284,"url":"https:\/\/tinychat.com\/wp-content\/uploads\/2020\/04\/Tinychat-logo-1280x284-new-black.png","type":"image\/png"}],"twitter_card":"summary_large_image","twitter_site":"@tinychat","twitter_misc":{"Est. tempo de leitura":"6 minutos"},"schema":{"@context":"https:\/\/schema.org","@graph":[{"@type":"WebPage","@id":"https:\/\/tinychat.com\/random-cam-chat\/","url":"https:\/\/tinychat.com\/random-cam-chat\/","name":"Bate-papo com c\u00e2mera aleat\u00f3ria e bate-papo por v\u00eddeo no TinyChat.com","isPartOf":{"@id":"https:\/\/tinychat.com\/#website"},"datePublished":"2025-08-14T07:43:14+00:00","dateModified":"2025-08-14T08:02:20+00:00","description":"Gostando do bate-papo aleat\u00f3rio na c\u00e2mera? Junte-se a mais de 50.000.000 de estranhos no TinyChat! Ligue sua c\u00e2mera e comece a conhecer novas pessoas ou encontre um par.","breadcrumb":{"@id":"https:\/\/tinychat.com\/random-cam-chat\/#breadcrumb"},"inLanguage":"pt-BR","potentialAction":[{"@type":"ReadAction","target":["https:\/\/tinychat.com\/random-cam-chat\/"]}]},{"@type":"BreadcrumbList","@id":"https:\/\/tinychat.com\/random-cam-chat\/#breadcrumb","itemListElement":[{"@type":"ListItem","position":1,"name":"Home","item":"https:\/\/tinychat.com\/"},{"@type":"ListItem","position":2,"name":"Random Cam Chat"}]},{"@type":"WebSite","@id":"https:\/\/tinychat.com\/#website","url":"https:\/\/tinychat.com\/","name":"TinyChat","description":"Bate-papo por v\u00eddeo aleat\u00f3rio com estranhos","publisher":{"@id":"https:\/\/tinychat.com\/#organization"},"alternateName":"TinyChat.com","potentialAction":[{"@type":"SearchAction","target":{"@type":"EntryPoint","urlTemplate":"https:\/\/tinychat.com\/?s={search_term_string}"},"query-input":{"@type":"PropertyValueSpecification","valueRequired":true,"valueName":"search_term_string"}}],"inLanguage":"pt-BR"},{"@type":"Organization","@id":"https:\/\/tinychat.com\/#organization","name":"TinyChat","alternateName":"TinyChat.com","url":"https:\/\/tinychat.com\/","logo":{"@type":"ImageObject","inLanguage":"pt-BR","@id":"https:\/\/tinychat.com\/#\/schema\/logo\/image\/","url":"https:\/\/tinychat.com\/wp-content\/uploads\/2023\/11\/Tinychat-icon-square.png","contentUrl":"https:\/\/tinychat.com\/wp-content\/uploads\/2023\/11\/Tinychat-icon-square.png","width":284,"height":284,"caption":"TinyChat"},"image":{"@id":"https:\/\/tinychat.com\/#\/schema\/logo\/image\/"},"sameAs":["https:\/\/www.facebook.com\/tinychat","https:\/\/x.com\/tinychat"]}]}},"_links":{"self":[{"href":"https:\/\/tinychat.com\/pt-br\/wp-json\/wp\/v2\/pages\/201","targetHints":{"allow":["GET"]}}],"collection":[{"href":"https:\/\/tinychat.com\/pt-br\/wp-json\/wp\/v2\/pages"}],"about":[{"href":"https:\/\/tinychat.com\/pt-br\/wp-json\/wp\/v2\/types\/page"}],"author":[{"embeddable":true,"href":"https:\/\/tinychat.com\/pt-br\/wp-json\/wp\/v2\/users\/8"}],"replies":[{"embeddable":true,"href":"https:\/\/tinychat.com\/pt-br\/wp-json\/wp\/v2\/comments?post=201"}],"version-history":[{"count":3,"href":"https:\/\/tinychat.com\/pt-br\/wp-json\/wp\/v2\/pages\/201\/revisions"}],"predecessor-version":[{"id":13447,"href":"https:\/\/tinychat.com\/pt-br\/wp-json\/wp\/v2\/pages\/201\/revisions\/13447"}],"wp:attachment":[{"href":"https:\/\/tinychat.com\/pt-br\/wp-json\/wp\/v2\/media?parent=201"}],"curies":[{"name":"wp","href":"https:\/\/api.w.org\/{rel}","templated":true}]}}