{"id":3158,"date":"2025-05-09T21:11:08","date_gmt":"2025-05-09T19:11:08","guid":{"rendered":"https:\/\/tinychat.com\/?page_id=3158"},"modified":"2025-06-28T15:55:44","modified_gmt":"2025-06-28T13:55:44","slug":"strangercam","status":"publish","type":"page","link":"https:\/\/tinychat.com\/pt-br\/strangercam\/","title":{"rendered":"StrangerCam"},"content":{"rendered":"<p>O StrangerCam surge como uma plataforma atraente para aqueles que buscam bate-papos por v\u00eddeo instant\u00e2neos e an\u00f4nimos com pessoas de todo o mundo. \u00c0 primeira vista, pode parecer apenas mais um site de bate-papo por v\u00eddeo aleat\u00f3rio, mas entrar no espa\u00e7o virtual do StrangerCam revela uma experi\u00eancia f\u00e1cil de usar e cuidadosamente projetada que combina simplicidade, emo\u00e7\u00e3o e privacidade.<\/p>\n<p>A StrangerCam atende tanto a curiosos iniciantes quanto a tagarelas experientes, oferecendo um ambiente digital onde conversas espont\u00e2neas e intera\u00e7\u00f5es humanas genu\u00ednas se desenrolam com um \u00fanico clique. Seja para passar o tempo, compartilhar uma risada ou aprender sobre culturas diferentes, a StrangerCam transforma encontros casuais em momentos memor\u00e1veis.<\/p>\n<p>Com um modelo sem necessidade de registro, o StrangerCam oferece uma pol\u00edtica de portas abertas para o mundo do bate-papo por v\u00eddeo aleat\u00f3rio, enfatizando a seguran\u00e7a do usu\u00e1rio, o anonimato e uma interface limpa. A plataforma tem tanto a ver com conex\u00e3o quanto com conforto, permitindo que os usu\u00e1rios conversem livremente sem o \u00f4nus de compromissos ou de revelar informa\u00e7\u00f5es pessoais.<\/p>\n<h2>Principais recursos da StrangerCam<\/h2>\n<p>O apelo da StrangerCam n\u00e3o est\u00e1 apenas no que ela promete - conversas por v\u00eddeo em tempo real com estranhos - mas em como ela proporciona essa experi\u00eancia por meio de recursos inteligentes e intuitivos. Aqui est\u00e1 um resumo do que faz a StrangerCam se destacar em um mercado lotado de plataformas de bate-papo.<\/p>\n<h3>Random Video Chat com Estranhos<\/h3>\n<p>No centro do StrangerCam est\u00e1 sua principal funcionalidade: bate-papos instant\u00e2neos e aleat\u00f3rios por v\u00eddeo. Com o clique de um bot\u00e3o, os usu\u00e1rios s\u00e3o emparelhados com algu\u00e9m de qualquer lugar do mundo. Essas intera\u00e7\u00f5es s\u00e3o ef\u00eameras, n\u00e3o programadas e surpreendentemente espont\u00e2neas - exatamente como iniciar uma conversa com um estranho em um caf\u00e9, mas com o alcance global da Internet.<\/p>\n<p>Cada sess\u00e3o tem o potencial de surpreender, fazendo com que cada clique seja um salto para o desconhecido. \u00c9 o equivalente digital de uma aventura social, e est\u00e1 dispon\u00edvel 24 horas por dia, 7 dias por semana.<\/p>\n<h3>Anonimato e prote\u00e7\u00e3o da privacidade<\/h3>\n<p>O StrangerCam entende que a privacidade n\u00e3o \u00e9 negoci\u00e1vel no \u00e2mbito do bate-papo por v\u00eddeo. Os usu\u00e1rios n\u00e3o s\u00e3o obrigados a se inscrever, criar perfis ou fornecer informa\u00e7\u00f5es pessoais. Voc\u00ea permanece 100% an\u00f4nimo, a menos que decida revelar algo durante a intera\u00e7\u00e3o.<\/p>\n<p>Al\u00e9m disso, a StrangerCam n\u00e3o armazena suas conversas ou feeds de v\u00eddeo. Cada intera\u00e7\u00e3o \u00e9 ao vivo e ef\u00eamera, permitindo que voc\u00ea n\u00e3o deixe nenhuma pegada digital. Esse compromisso com a discri\u00e7\u00e3o do usu\u00e1rio \u00e9 um valor fundamental da plataforma.<\/p>\n<h3>Sem registro, sem downloads<\/h3>\n<p>A acessibilidade \u00e9 fundamental, e o StrangerCam remove o maior n\u00famero poss\u00edvel de barreiras \u00e0 entrada. A plataforma \u00e9 baseada em navegador, o que significa que voc\u00ea pode come\u00e7ar a conversar diretamente de seu telefone, tablet ou desktop sem fazer download de nada.<\/p>\n<p>Esse modelo sem login e sem instala\u00e7\u00e3o garante que qualquer pessoa, independentemente de suas habilidades t\u00e9cnicas, possa participar com facilidade. \u00c9 t\u00e3o simples quanto abrir uma p\u00e1gina da Web, clicar em \"Iniciar\" e se conectar.<\/p>\n<h3>Filtro de g\u00eanero (Recurso Premium)<\/h3>\n<p>Para os usu\u00e1rios que buscam experi\u00eancias mais personalizadas, o StrangerCam oferece um filtro de g\u00eanero que permite escolher o g\u00eanero das pessoas com as quais voc\u00ea gostaria de ser correspondido. Embora esse recurso esteja bloqueado por uma atualiza\u00e7\u00e3o premium, ele oferece aos usu\u00e1rios pagantes mais controle sobre suas intera\u00e7\u00f5es.<\/p>\n<p>Isso pode ser especialmente \u00fatil para aqueles com inten\u00e7\u00f5es espec\u00edficas - sejam elas rom\u00e2nticas, amig\u00e1veis ou puramente de conversa\u00e7\u00e3o.<\/p>\n<h3>Reconex\u00e3o instant\u00e2nea<\/h3>\n<p>O StrangerCam oferece um recurso \"Reconnect\" (Reconectar) que d\u00e1 aos usu\u00e1rios a chance de voltar a participar de um bate-papo do qual podem ter se desconectado muito cedo. Isso \u00e9 particularmente \u00fatil se uma conversa significativa foi interrompida devido a um problema t\u00e9cnico ou a um clique acidental.<\/p>\n<p>Em um mundo digital em que os momentos podem ser fugazes, a StrangerCam acrescenta um toque de perman\u00eancia \u00e0s conex\u00f5es fortuitas.<\/p>\n<h3>Op\u00e7\u00f5es de idioma e localiza\u00e7\u00e3o<\/h3>\n<p>Para ajudar a preencher as lacunas culturais ou encontrar usu\u00e1rios mais pr\u00f3ximos de casa, a StrangerCam oferece filtros baseados em localiza\u00e7\u00e3o e op\u00e7\u00f5es de idioma. Essas ferramentas ajudam os usu\u00e1rios a se conectarem com outras pessoas que falam o mesmo idioma ou que vivem em fusos hor\u00e1rios semelhantes, facilitando as conversas.<\/p>\n<h3>Ferramentas de relat\u00f3rio e modera\u00e7\u00e3o de usu\u00e1rios<\/h3>\n<p>A seguran\u00e7a \u00e9 um elemento fundamental da experi\u00eancia da StrangerCam. A plataforma mant\u00e9m um c\u00f3digo de conduta rigoroso e permite que os usu\u00e1rios denunciem comportamentos inadequados de forma r\u00e1pida e f\u00e1cil. Os usu\u00e1rios infratores podem ser sinalizados, silenciados ou banidos, dependendo da gravidade de seu comportamento.<\/p>\n<p>Os moderadores analisam as den\u00fancias dos usu\u00e1rios, e o sistema \u00e9 continuamente aprimorado com base no feedback dos usu\u00e1rios. O resultado \u00e9 uma comunidade que valoriza o respeito, a toler\u00e2ncia e a seguran\u00e7a.<\/p>\n<h2>Como usar a StrangerCam<\/h2>\n<p>A introdu\u00e7\u00e3o ao StrangerCam foi projetada para ser o mais f\u00e1cil e intuitiva poss\u00edvel. Seja voc\u00ea um usu\u00e1rio de primeira viagem ou um usu\u00e1rio regular, o processo \u00e9 r\u00e1pido e sem atritos. Aqui est\u00e1 um guia r\u00e1pido para usar a plataforma de forma eficaz.<\/p>\n<h3>1. Visite o site<\/h3>\n<p>Ir para <a href=\"https:\/\/strangercam.com\">StrangerCam<\/a> usando qualquer navegador moderno. N\u00e3o h\u00e1 necessidade de se registrar ou fazer login - basta acessar a p\u00e1gina inicial e voc\u00ea estar\u00e1 pronto para come\u00e7ar.<\/p>\n<h3>2. Habilite a c\u00e2mera e o microfone<\/h3>\n<p>Quando solicitado, permita que o StrangerCam acesse sua webcam e seu microfone. Eles s\u00e3o essenciais para a experi\u00eancia do bate-papo por v\u00eddeo. Certifique-se de estar em um espa\u00e7o bem iluminado e silencioso para obter os melhores resultados.<\/p>\n<h3>3. Clique em \"Iniciar\"<\/h3>\n<p>Clique no bot\u00e3o \"Start\" (Iniciar) para come\u00e7ar sua jornada. Voc\u00ea ser\u00e1 instantaneamente emparelhado com um estranho aleat\u00f3rio. A partir da\u00ed, tudo depender\u00e1 da qu\u00edmica da conversa.<\/p>\n<h3>4. Use \"Next\" para pular<\/h3>\n<p>N\u00e3o est\u00e1 se sentindo bem com algu\u00e9m? Basta clicar em \"Next\" para ser emparelhado com outro usu\u00e1rio. A StrangerCam foi criada com base na ideia de rota\u00e7\u00e3o r\u00e1pida, dando a voc\u00ea a liberdade de continuar pesquisando at\u00e9 encontrar algu\u00e9m interessante.<\/p>\n<h3>5. Explorar filtros (Premium)<\/h3>\n<p>Se tiver feito o upgrade para a vers\u00e3o premium, voc\u00ea poder\u00e1 definir prefer\u00eancias de g\u00eanero e local para restringir seus poss\u00edveis parceiros de bate-papo. Esse recurso adiciona um n\u00edvel de personaliza\u00e7\u00e3o \u00e0 sua experi\u00eancia.<\/p>\n<h3>6. Reportar ou bloquear conforme necess\u00e1rio<\/h3>\n<p>Se voc\u00ea encontrar conte\u00fado ou comportamento inadequado, clique nos bot\u00f5es denunciar ou bloquear. Isso alertar\u00e1 a equipe de modera\u00e7\u00e3o e garantir\u00e1 que a comunidade permane\u00e7a segura para todos.<\/p>\n<h2>Seguran\u00e7a e privacidade do usu\u00e1rio no StrangerCam<\/h2>\n<p>A StrangerCam reconhece que o conforto e a confian\u00e7a s\u00e3o as bases de uma comunidade on-line pr\u00f3spera. \u00c9 por isso que ela implementou v\u00e1rias camadas de prote\u00e7\u00e3o para garantir que voc\u00ea esteja sempre no controle de sua experi\u00eancia.<\/p>\n<h3>Modera\u00e7\u00e3o em tempo real<\/h3>\n<p>Uma equipe de moderadores dedicados trabalha nos bastidores para monitorar o conte\u00fado sinalizado, investigar den\u00fancias e remover usu\u00e1rios abusivos. Esses moderadores ajudam a aplicar as diretrizes da comunidade e a manter um ambiente respeitoso.<\/p>\n<h3>Bate-papo an\u00f4nimo<\/h3>\n<p>O StrangerCam n\u00e3o exige informa\u00e7\u00f5es pessoais, garantindo que voc\u00ea possa conversar de forma totalmente an\u00f4nima. N\u00e3o h\u00e1 perfil, hist\u00f3rico de usu\u00e1rio ou arquivos de bate-papo. Voc\u00ea tem o controle do que compartilha e quando.<\/p>\n<h3>Seguran\u00e7a de conex\u00e3o ponta a ponta<\/h3>\n<p>A plataforma usa conex\u00f5es criptografadas seguras para proteger os dados em tr\u00e2nsito. Isso significa que seus feeds de v\u00eddeo e \u00e1udio n\u00e3o s\u00e3o interceptados ou armazenados, preservando a privacidade e o desempenho.<\/p>\n<h3>Capacitando o usu\u00e1rio<\/h3>\n<p>Voc\u00ea \u00e9 incentivado a assumir o controle total da sua experi\u00eancia. A StrangerCam oferece ferramentas acess\u00edveis para ignorar, denunciar ou bloquear usu\u00e1rios, garantindo que ningu\u00e9m seja for\u00e7ado a permanecer em uma intera\u00e7\u00e3o desconfort\u00e1vel.<\/p>\n<h2>Experi\u00eancia do usu\u00e1rio na StrangerCam<\/h2>\n<p>O design da StrangerCam tem tudo a ver com colocar o usu\u00e1rio em primeiro lugar. Desde a interface minimalista at\u00e9 os tempos de carregamento r\u00e1pidos e os recursos simples, cada elemento da experi\u00eancia tem como objetivo o envolvimento sem esfor\u00e7o.<\/p>\n<h3>Interface limpa e intuitiva<\/h3>\n<p>N\u00e3o h\u00e1 pop-ups, menus desordenados ou elementos de design exagerados. A interface \u00e9 limpa e direciona sua aten\u00e7\u00e3o para a experi\u00eancia principal: a janela de bate-papo por v\u00eddeo.<\/p>\n<h3>Sistema de correspond\u00eancia r\u00e1pida<\/h3>\n<p>A correspond\u00eancia acontece em segundos. N\u00e3o importa se voc\u00ea est\u00e1 se conectando de um desktop ou de um dispositivo m\u00f3vel, os servidores da StrangerCam s\u00e3o otimizados para garantir o m\u00ednimo de atraso e baixos tempos de espera.<\/p>\n<h3>Design compat\u00edvel com dispositivos m\u00f3veis<\/h3>\n<p>A StrangerCam \u00e9 totalmente responsiva e funciona sem problemas em smartphones e tablets. Isso permite que os usu\u00e1rios se conectem em qualquer lugar, ampliando ainda mais seu apelo e flexibilidade.<\/p>\n<h3>Feedback real do usu\u00e1rio<\/h3>\n<blockquote><p>\"O que eu adoro no StrangerCam \u00e9 que posso entrar sempre que tiver vontade de conversar. N\u00e3o h\u00e1 press\u00e3o, e \u00e9 divertido ver quem eu vou conhecer.\"<br \/>\n- <em>Sophia R., Trustpilot<\/em><\/p><\/blockquote>\n<blockquote><p>\"Na verdade, ele \u00e9 surpreendentemente limpo e r\u00e1pido. N\u00e3o est\u00e1 cheio de bots ou coisas estranhas como alguns outros.\"<br \/>\n- <em>Kenny M., Avalia\u00e7\u00e3o do Google<\/em><\/p><\/blockquote>\n<blockquote><p>\"A StrangerCam me ajudou a conhecer pessoas durante o confinamento, e ainda entro de vez em quando. A aleatoriedade \u00e9 viciante.\"<br \/>\n- <em>Juli\u00e1n T., Reddit<\/em><\/p><\/blockquote>\n<h2>StrangerCam vs. outras plataformas de bate-papo por v\u00eddeo<\/h2>\n<p>Vamos comparar a StrangerCam com alguns de seus principais concorrentes para ver como ela se comporta:<\/p>\n<table>\n<thead>\n<tr>\n<th>Plataforma<\/th>\n<th>Registro obrigat\u00f3rio<\/th>\n<th>Jogos<\/th>\n<th>Anonimato<\/th>\n<th>Filtros de g\u00eanero<\/th>\n<th>Compat\u00edvel com dispositivos m\u00f3veis<\/th>\n<th>Ferramentas de seguran\u00e7a<\/th>\n<\/tr>\n<\/thead>\n<tbody>\n<tr>\n<td>StrangerCam<\/td>\n<td>\u274c N\u00e3o<\/td>\n<td>\u274c N\u00e3o<\/td>\n<td>\u2705 Sim<\/td>\n<td>\u2705 Premium<\/td>\n<td>\u2705 Sim<\/td>\n<td>\u2705 Sim<\/td>\n<\/tr>\n<tr>\n<td>Omegle<\/td>\n<td>\u274c N\u00e3o<\/td>\n<td>\u274c N\u00e3o<\/td>\n<td>\u2705 Sim<\/td>\n<td>\u274c N\u00e3o<\/td>\n<td>\u2705 Sim<\/td>\n<td>B\u00e1sico<\/td>\n<\/tr>\n<tr>\n<td>Chatroulette<\/td>\n<td>\u274c N\u00e3o<\/td>\n<td>\u274c N\u00e3o<\/td>\n<td>\u2705 Sim<\/td>\n<td>\u274c N\u00e3o<\/td>\n<td>\u2705 Sim<\/td>\n<td>\u26a0\ufe0f Limited<\/td>\n<\/tr>\n<tr>\n<td>Camsurf<\/td>\n<td>\u274c N\u00e3o<\/td>\n<td>\u274c N\u00e3o<\/td>\n<td>\u2705 Sim<\/td>\n<td>\u2705 Sim<\/td>\n<td>\u2705 Sim<\/td>\n<td>Bom<\/td>\n<\/tr>\n<tr>\n<td>Emerald Chat<\/td>\n<td>\u2705 Sim<\/td>\n<td>\u2705 Sim<\/td>\n<td>Parcial<\/td>\n<td>\u2705 Sim<\/td>\n<td>\u2705 Sim<\/td>\n<td>\u2705 Forte<\/td>\n<\/tr>\n<\/tbody>\n<\/table>\n<p>O StrangerCam compete bem em acessibilidade, simplicidade e privacidade, o que o torna a op\u00e7\u00e3o preferida dos usu\u00e1rios que valorizam bate-papos r\u00e1pidos e an\u00f4nimos, sem distra\u00e7\u00f5es. Embora n\u00e3o tenha jogos no aplicativo, ele compensa com desempenho e usabilidade.<\/p>\n<h2>Dicas para aproveitar a StrangerCam com seguran\u00e7a<\/h2>\n<p>Embora a StrangerCam priorize sua seguran\u00e7a, seus pr\u00f3prios h\u00e1bitos tamb\u00e9m desempenham um papel importante. Aqui est\u00e3o algumas dicas essenciais:<\/p>\n<ul>\n<li>Permane\u00e7a an\u00f4nimo. Nunca compartilhe seu nome completo, endere\u00e7o, n\u00famero de telefone ou outros detalhes identific\u00e1veis.<\/li>\n<li>Confie em seu instinto. Se algo parecer estranho, clique em \"Next\" (Avan\u00e7ar) ou denuncie o usu\u00e1rio.<\/li>\n<li>Seja respeitoso. Siga as diretrizes da comunidade para contribuir para uma experi\u00eancia melhor para todos.<\/li>\n<li>Use fones de ouvido. Eles aumentam a clareza do \u00e1udio e ajudam a manter a privacidade em espa\u00e7os compartilhados.<\/li>\n<li>Esteja pronto para a c\u00e2mera. Uma sala bem iluminada e um plano de fundo neutro melhoram a qualidade do v\u00eddeo e ajudam a criar um relacionamento.<\/li>\n<li>Use uma VPN, se necess\u00e1rio. Para aumentar a seguran\u00e7a, considere mascarar sua localiza\u00e7\u00e3o com uma rede privada virtual.<\/li>\n<\/ul>\n<h2>Solu\u00e7\u00e3o de problemas comuns<\/h2>\n<p>Mesmo em uma plataforma simples como a StrangerCam, podem surgir pequenos problemas. Veja a seguir como resolv\u00ea-los:<\/p>\n<h3>C\u00e2mera ou microfone n\u00e3o detectado<\/h3>\n<ul>\n<li>Verifique se as permiss\u00f5es est\u00e3o ativadas nas configura\u00e7\u00f5es do navegador. Reinicie seu dispositivo, se necess\u00e1rio.<\/li>\n<\/ul>\n<h3>Qualidade ruim de v\u00eddeo ou \u00e1udio<\/h3>\n<ul>\n<li>Feche os aplicativos em segundo plano, mude para uma conex\u00e3o de Internet mais forte e use um microfone ou uma c\u00e2mera externa, se poss\u00edvel.<\/li>\n<\/ul>\n<h3>N\u00e3o \u00e9 poss\u00edvel se conectar \u00e0 StrangerCam<\/h3>\n<ul>\n<li>Experimente um navegador diferente ou limpe o cache e os cookies. Considere o uso de uma VPN se ela for bloqueada por sua rede.<\/li>\n<\/ul>\n<h3>Combinados repetidamente com os mesmos usu\u00e1rios<\/h3>\n<ul>\n<li>Amplie suas configura\u00e7\u00f5es de localiza\u00e7\u00e3o ou visite o site novamente durante os hor\u00e1rios de pico de tr\u00e1fego.<\/li>\n<\/ul>\n<h3>Comportamento inadequado<\/h3>\n<ul>\n<li>Use os recursos de den\u00fancia e bloqueio imediatamente. Voc\u00ea tamb\u00e9m pode atualizar a sess\u00e3o para redefinir seu hist\u00f3rico de partidas.<\/li>\n<\/ul>\n<p>O StrangerCam \u00e9 bem-sucedido onde muitas plataformas de bate-papo aleat\u00f3rio falham - ele atinge um equil\u00edbrio entre simplicidade, privacidade e conex\u00e3o genu\u00edna. N\u00e3o h\u00e1 recursos sofisticados, apenas um ambiente limpo, r\u00e1pido e seguro onde os usu\u00e1rios podem explorar conversas com estranhos de todos os cantos do mundo.<\/p>\n<p>Com recursos bem pensados, como emparelhamento instant\u00e2neo de v\u00eddeos, bate-papo an\u00f4nimo, filtros de g\u00eanero e modera\u00e7\u00e3o em tempo real, o StrangerCam oferece uma plataforma moderna que coloca os usu\u00e1rios no controle. Quer voc\u00ea esteja aqui para passar o tempo, fazer um amigo ou apenas desfrutar de algumas brincadeiras espont\u00e2neas, o StrangerCam oferece uma experi\u00eancia agrad\u00e1vel e perfeita.<\/p>\n<p>Portanto, v\u00e1 em frente - visite a StrangerCam, clique em \"Start\" (Iniciar) e veja quem voc\u00ea conhecer\u00e1 em seguida. Porque em um mundo cheio de estranhos, \u00e0s vezes uma simples conversa \u00e9 tudo o que \u00e9 necess\u00e1rio para alegrar seu dia.<\/p>","protected":false},"excerpt":{"rendered":"<p>StrangerCam emerges as a compelling platform for those seeking instant, anonymous video chats with people from around the globe. At first glance, it may seem like just another random video chat site, but stepping into StrangerCam\u2019s virtual space reveals a user-friendly, thoughtfully designed experience that blends simplicity, excitement, and privacy. StrangerCam caters to both the [&hellip;]<\/p>\n","protected":false},"author":6,"featured_media":0,"parent":0,"menu_order":0,"comment_status":"closed","ping_status":"closed","template":"","meta":{"footnotes":""},"class_list":["post-3158","page","type-page","status-publish","hentry"],"yoast_head":"<!-- This site is optimized with the Yoast SEO plugin v27.4 - https:\/\/yoast.com\/product\/yoast-seo-wordpress\/ -->\n<title>StrangerCam - Chat with Strangers on Cam - TinyChat.com<\/title>\n<meta name=\"description\" content=\"Enjoying StrangerCam? Join over 50,000,000 strangers on TinyChat! Turn on your cam and start meeting new people, or find a match.\" \/>\n<meta name=\"robots\" content=\"index, follow, max-snippet:-1, max-image-preview:large, max-video-preview:-1\" \/>\n<link rel=\"canonical\" href=\"https:\/\/tinychat.com\/pt-br\/strangercam\/\" \/>\n<meta property=\"og:locale\" content=\"pt_BR\" \/>\n<meta property=\"og:type\" content=\"article\" \/>\n<meta property=\"og:title\" content=\"StrangerCam - Chat with Strangers on Cam - TinyChat.com\" \/>\n<meta property=\"og:description\" content=\"Enjoying StrangerCam? Join over 50,000,000 strangers on TinyChat! Turn on your cam and start meeting new people, or find a match.\" \/>\n<meta property=\"og:url\" content=\"https:\/\/tinychat.com\/pt-br\/strangercam\/\" \/>\n<meta property=\"og:site_name\" content=\"TinyChat\" \/>\n<meta property=\"article:publisher\" content=\"https:\/\/www.facebook.com\/tinychat\" \/>\n<meta property=\"article:modified_time\" content=\"2025-06-28T13:55:44+00:00\" \/>\n<meta property=\"og:image\" content=\"https:\/\/tinychat.com\/wp-content\/uploads\/2020\/04\/Tinychat-logo-1280x284-new-black.png\" \/>\n\t<meta property=\"og:image:width\" content=\"1280\" \/>\n\t<meta property=\"og:image:height\" content=\"284\" \/>\n\t<meta property=\"og:image:type\" content=\"image\/png\" \/>\n<meta name=\"twitter:card\" content=\"summary_large_image\" \/>\n<meta name=\"twitter:site\" content=\"@tinychat\" \/>\n<meta name=\"twitter:label1\" content=\"Est. tempo de leitura\" \/>\n\t<meta name=\"twitter:data1\" content=\"8 minutos\" \/>\n<script type=\"application\/ld+json\" class=\"yoast-schema-graph\">{\"@context\":\"https:\\\/\\\/schema.org\",\"@graph\":[{\"@type\":\"WebPage\",\"@id\":\"https:\\\/\\\/tinychat.com\\\/strangercam\\\/\",\"url\":\"https:\\\/\\\/tinychat.com\\\/strangercam\\\/\",\"name\":\"StrangerCam - Chat with Strangers on Cam - TinyChat.com\",\"isPartOf\":{\"@id\":\"https:\\\/\\\/tinychat.com\\\/#website\"},\"datePublished\":\"2025-05-09T19:11:08+00:00\",\"dateModified\":\"2025-06-28T13:55:44+00:00\",\"description\":\"Enjoying StrangerCam? Join over 50,000,000 strangers on TinyChat! Turn on your cam and start meeting new people, or find a match.\",\"breadcrumb\":{\"@id\":\"https:\\\/\\\/tinychat.com\\\/strangercam\\\/#breadcrumb\"},\"inLanguage\":\"pt-BR\",\"potentialAction\":[{\"@type\":\"ReadAction\",\"target\":[\"https:\\\/\\\/tinychat.com\\\/strangercam\\\/\"]}]},{\"@type\":\"BreadcrumbList\",\"@id\":\"https:\\\/\\\/tinychat.com\\\/strangercam\\\/#breadcrumb\",\"itemListElement\":[{\"@type\":\"ListItem\",\"position\":1,\"name\":\"Home\",\"item\":\"https:\\\/\\\/tinychat.com\\\/\"},{\"@type\":\"ListItem\",\"position\":2,\"name\":\"StrangerCam\"}]},{\"@type\":\"WebSite\",\"@id\":\"https:\\\/\\\/tinychat.com\\\/#website\",\"url\":\"https:\\\/\\\/tinychat.com\\\/\",\"name\":\"TinyChat\",\"description\":\"Random Video Chat with Strangers\",\"publisher\":{\"@id\":\"https:\\\/\\\/tinychat.com\\\/#organization\"},\"alternateName\":\"TinyChat.com\",\"potentialAction\":[{\"@type\":\"SearchAction\",\"target\":{\"@type\":\"EntryPoint\",\"urlTemplate\":\"https:\\\/\\\/tinychat.com\\\/?s={search_term_string}\"},\"query-input\":{\"@type\":\"PropertyValueSpecification\",\"valueRequired\":true,\"valueName\":\"search_term_string\"}}],\"inLanguage\":\"pt-BR\"},{\"@type\":\"Organization\",\"@id\":\"https:\\\/\\\/tinychat.com\\\/#organization\",\"name\":\"TinyChat\",\"alternateName\":\"TinyChat.com\",\"url\":\"https:\\\/\\\/tinychat.com\\\/\",\"logo\":{\"@type\":\"ImageObject\",\"inLanguage\":\"pt-BR\",\"@id\":\"https:\\\/\\\/tinychat.com\\\/#\\\/schema\\\/logo\\\/image\\\/\",\"url\":\"https:\\\/\\\/tinychat.com\\\/wp-content\\\/uploads\\\/2023\\\/11\\\/Tinychat-icon-square.png\",\"contentUrl\":\"https:\\\/\\\/tinychat.com\\\/wp-content\\\/uploads\\\/2023\\\/11\\\/Tinychat-icon-square.png\",\"width\":284,\"height\":284,\"caption\":\"TinyChat\"},\"image\":{\"@id\":\"https:\\\/\\\/tinychat.com\\\/#\\\/schema\\\/logo\\\/image\\\/\"},\"sameAs\":[\"https:\\\/\\\/www.facebook.com\\\/tinychat\",\"https:\\\/\\\/x.com\\\/tinychat\"]}]}<\/script>\n<!-- \/ Yoast SEO plugin. -->","yoast_head_json":{"title":"StrangerCam - Converse com estranhos na c\u00e2mera - TinyChat.com","description":"Est\u00e1 gostando da StrangerCam? Junte-se a mais de 50.000.000 de estranhos no TinyChat! Ligue sua c\u00e2mera e comece a conhecer novas pessoas ou encontre um par.","robots":{"index":"index","follow":"follow","max-snippet":"max-snippet:-1","max-image-preview":"max-image-preview:large","max-video-preview":"max-video-preview:-1"},"canonical":"https:\/\/tinychat.com\/pt-br\/strangercam\/","og_locale":"pt_BR","og_type":"article","og_title":"StrangerCam - Chat with Strangers on Cam - TinyChat.com","og_description":"Enjoying StrangerCam? Join over 50,000,000 strangers on TinyChat! Turn on your cam and start meeting new people, or find a match.","og_url":"https:\/\/tinychat.com\/pt-br\/strangercam\/","og_site_name":"TinyChat","article_publisher":"https:\/\/www.facebook.com\/tinychat","article_modified_time":"2025-06-28T13:55:44+00:00","og_image":[{"width":1280,"height":284,"url":"https:\/\/tinychat.com\/wp-content\/uploads\/2020\/04\/Tinychat-logo-1280x284-new-black.png","type":"image\/png"}],"twitter_card":"summary_large_image","twitter_site":"@tinychat","twitter_misc":{"Est. tempo de leitura":"8 minutos"},"schema":{"@context":"https:\/\/schema.org","@graph":[{"@type":"WebPage","@id":"https:\/\/tinychat.com\/strangercam\/","url":"https:\/\/tinychat.com\/strangercam\/","name":"StrangerCam - Converse com estranhos na c\u00e2mera - TinyChat.com","isPartOf":{"@id":"https:\/\/tinychat.com\/#website"},"datePublished":"2025-05-09T19:11:08+00:00","dateModified":"2025-06-28T13:55:44+00:00","description":"Est\u00e1 gostando da StrangerCam? Junte-se a mais de 50.000.000 de estranhos no TinyChat! Ligue sua c\u00e2mera e comece a conhecer novas pessoas ou encontre um par.","breadcrumb":{"@id":"https:\/\/tinychat.com\/strangercam\/#breadcrumb"},"inLanguage":"pt-BR","potentialAction":[{"@type":"ReadAction","target":["https:\/\/tinychat.com\/strangercam\/"]}]},{"@type":"BreadcrumbList","@id":"https:\/\/tinychat.com\/strangercam\/#breadcrumb","itemListElement":[{"@type":"ListItem","position":1,"name":"Home","item":"https:\/\/tinychat.com\/"},{"@type":"ListItem","position":2,"name":"StrangerCam"}]},{"@type":"WebSite","@id":"https:\/\/tinychat.com\/#website","url":"https:\/\/tinychat.com\/","name":"TinyChat","description":"Bate-papo por v\u00eddeo aleat\u00f3rio com estranhos","publisher":{"@id":"https:\/\/tinychat.com\/#organization"},"alternateName":"TinyChat.com","potentialAction":[{"@type":"SearchAction","target":{"@type":"EntryPoint","urlTemplate":"https:\/\/tinychat.com\/?s={search_term_string}"},"query-input":{"@type":"PropertyValueSpecification","valueRequired":true,"valueName":"search_term_string"}}],"inLanguage":"pt-BR"},{"@type":"Organization","@id":"https:\/\/tinychat.com\/#organization","name":"TinyChat","alternateName":"TinyChat.com","url":"https:\/\/tinychat.com\/","logo":{"@type":"ImageObject","inLanguage":"pt-BR","@id":"https:\/\/tinychat.com\/#\/schema\/logo\/image\/","url":"https:\/\/tinychat.com\/wp-content\/uploads\/2023\/11\/Tinychat-icon-square.png","contentUrl":"https:\/\/tinychat.com\/wp-content\/uploads\/2023\/11\/Tinychat-icon-square.png","width":284,"height":284,"caption":"TinyChat"},"image":{"@id":"https:\/\/tinychat.com\/#\/schema\/logo\/image\/"},"sameAs":["https:\/\/www.facebook.com\/tinychat","https:\/\/x.com\/tinychat"]}]}},"_links":{"self":[{"href":"https:\/\/tinychat.com\/pt-br\/wp-json\/wp\/v2\/pages\/3158","targetHints":{"allow":["GET"]}}],"collection":[{"href":"https:\/\/tinychat.com\/pt-br\/wp-json\/wp\/v2\/pages"}],"about":[{"href":"https:\/\/tinychat.com\/pt-br\/wp-json\/wp\/v2\/types\/page"}],"author":[{"embeddable":true,"href":"https:\/\/tinychat.com\/pt-br\/wp-json\/wp\/v2\/users\/6"}],"replies":[{"embeddable":true,"href":"https:\/\/tinychat.com\/pt-br\/wp-json\/wp\/v2\/comments?post=3158"}],"version-history":[{"count":5,"href":"https:\/\/tinychat.com\/pt-br\/wp-json\/wp\/v2\/pages\/3158\/revisions"}],"predecessor-version":[{"id":13284,"href":"https:\/\/tinychat.com\/pt-br\/wp-json\/wp\/v2\/pages\/3158\/revisions\/13284"}],"wp:attachment":[{"href":"https:\/\/tinychat.com\/pt-br\/wp-json\/wp\/v2\/media?parent=3158"}],"curies":[{"name":"wp","href":"https:\/\/api.w.org\/{rel}","templated":true}]}}