{"id":3171,"date":"2025-10-21T11:14:34","date_gmt":"2025-10-21T09:14:34","guid":{"rendered":"https:\/\/tinychat.com\/?page_id=3171"},"modified":"2025-10-21T13:21:20","modified_gmt":"2025-10-21T11:21:20","slug":"chatblink","status":"publish","type":"page","link":"https:\/\/tinychat.com\/pt-br\/chatblink\/","title":{"rendered":"ChatBlink"},"content":{"rendered":"<p>No mundo digital de hoje, em que tantos aplicativos dependem de filtros, seguidores e paywalls, o ChatBlink se destaca por manter as coisas simples. \u00c9 uma plataforma de bate-papo aleat\u00f3rio f\u00e1cil e gratuita que conecta pessoas instantaneamente - sem registro, sem downloads e sem confus\u00e3o. N\u00e3o importa se voc\u00ea est\u00e1 procurando um bate-papo r\u00e1pido, um novo amigo ou uma conversa espont\u00e2nea por v\u00eddeo com algu\u00e9m do mundo inteiro, o ChatBlink oferece uma maneira direta e agrad\u00e1vel de se conectar.<\/p>\n<p>Criado com base no conceito de anonimato e espontaneidade, o ChatBlink mescla o melhor do bate-papo por v\u00eddeo aleat\u00f3rio e da intera\u00e7\u00e3o cl\u00e1ssica baseada em texto. Ele faz parte de uma nova onda de plataformas que mant\u00eam a experi\u00eancia social on-line aberta, humana e divertida - como o Omegle j\u00e1 foi, mas com uma tecnologia mais suave e um design mais limpo.<\/p>\n<p>Esta an\u00e1lise detalhada abordar\u00e1 o que \u00e9 o ChatBlink, como ele funciona, seus principais recursos, experi\u00eancia do usu\u00e1rio, medidas de seguran\u00e7a, compara\u00e7\u00f5es com outras plataformas e dicas pr\u00e1ticas para ajud\u00e1-lo a tirar o m\u00e1ximo proveito dele.<\/p>\n<h2>O que \u00e9 ChatBlink?<\/h2>\n<p>O ChatBlink \u00e9 uma plataforma de bate-papo aleat\u00f3rio que conecta usu\u00e1rios de todo o mundo em segundos. Voc\u00ea pode conversar por texto ou ativar sua webcam para falar cara a cara - tudo isso sem precisar criar uma conta. A ideia central da plataforma \u00e9 simples: comunica\u00e7\u00e3o aleat\u00f3ria, an\u00f4nima e gratuita entre pessoas que querem apenas conversar.<\/p>\n<p>Ele foi projetado para qualquer pessoa que goste:<\/p>\n<ul>\n<li>Conversas casuais e sem roteiro.<\/li>\n<li>Conhecer novas pessoas de diferentes pa\u00edses.<\/li>\n<li>Bate-papo sem compromissos ou longas inscri\u00e7\u00f5es.<\/li>\n<\/ul>\n<p>Ao contr\u00e1rio de muitos aplicativos de bate-papo que ocultam recursos por tr\u00e1s de assinaturas, o ChatBlink mant\u00e9m tudo aberto - basta carregar o site, clicar em \u201cStart\u201d e come\u00e7ar a conversar.<\/p>\n<h2>Principais recursos do ChatBlink<\/h2>\n<p>O design do ChatBlink se concentra na velocidade, simplicidade e flexibilidade. Aqui est\u00e3o seus principais recursos que o destacam:<\/p>\n<h3>1. Bate-papo por v\u00eddeo aleat\u00f3rio<\/h3>\n<ul>\n<li>Conecte-se instantaneamente com um estranho pela webcam.<\/li>\n<li>V\u00eddeo de alta qualidade com atraso m\u00ednimo.<\/li>\n<li>Funciona no navegador, sem necessidade de downloads.<\/li>\n<\/ul>\n<h3>2. Modo de bate-papo por texto<\/h3>\n<ul>\n<li>Ideal para usu\u00e1rios que preferem digitar em vez de usar v\u00eddeo.<\/li>\n<li>\u00d3timo para conversas particulares e sem press\u00e3o.<\/li>\n<li>Altern\u00e2ncia cont\u00ednua entre as op\u00e7\u00f5es de texto e v\u00eddeo.<\/li>\n<\/ul>\n<h3>3. Acesso instant\u00e2neo - sem registro<\/h3>\n<ul>\n<li>Comece a conversar imediatamente sem criar uma conta.<\/li>\n<li>Anonimato preservado - n\u00e3o h\u00e1 necessidade de compartilhar informa\u00e7\u00f5es pessoais.<\/li>\n<\/ul>\n<h3>4. Alcance global<\/h3>\n<ul>\n<li>Conecte-se com usu\u00e1rios de todo o mundo.<\/li>\n<li>Conhecer pessoas de diferentes culturas, idiomas e interesses.<\/li>\n<\/ul>\n<h3>5. Bot\u00e3o Pular<\/h3>\n<ul>\n<li>Passe instantaneamente para a pr\u00f3xima pessoa se o bate-papo n\u00e3o der certo.<\/li>\n<li>Mant\u00e9m a experi\u00eancia divertida e em ritmo acelerado.<\/li>\n<\/ul>\n<h3>6. Compat\u00edvel com dispositivos m\u00f3veis e computadores<\/h3>\n<ul>\n<li>Funciona perfeitamente em smartphones e desktops.<\/li>\n<li>Totalmente baseado em navegador, sem necessidade de aplicativo.<\/li>\n<\/ul>\n<h3>7. Interface simples e moderna<\/h3>\n<ul>\n<li>Layout limpo e sem distra\u00e7\u00f5es.<\/li>\n<li>Projetado para facilitar o uso e a navega\u00e7\u00e3o.<\/li>\n<\/ul>\n<h2>Como usar o ChatBlink<\/h2>\n<p>Um dos maiores atrativos do ChatBlink \u00e9 sua facilidade e instantaneidade de uso.<\/p>\n<h3>Etapa 1: Visite o site<\/h3>\n<p>Abra o ChatBlink em seu navegador - n\u00e3o \u00e9 necess\u00e1rio fazer download nem se inscrever.<\/p>\n<h3>Etapa 2: Escolha seu modo<\/h3>\n<p>Selecione o bate-papo por texto ou por v\u00eddeo, dependendo de sua prefer\u00eancia.<\/p>\n<h3>Etapa 3: Permitir acesso \u00e0 c\u00e2mera e ao microfone<\/h3>\n<p>Se estiver usando v\u00eddeo, conceda permiss\u00f5es ao navegador quando solicitado.<\/p>\n<h3>Etapa 4: Clique em \"Start\" (Iniciar)<\/h3>\n<p>Voc\u00ea ser\u00e1 instantaneamente emparelhado com um estranho aleat\u00f3rio.<\/p>\n<h3>Etapa 5: Conversar, conectar ou ignorar<\/h3>\n<p>Aproveite a conversa - ou pressione \u201cNext\u201d para seguir em frente e conhecer algu\u00e9m novo.<\/p>\n<p>Isso \u00e9 tudo o que \u00e9 preciso - voc\u00ea estar\u00e1 conversando em segundos.<\/p>\n<h2>Experi\u00eancia do usu\u00e1rio no ChatBlink<\/h2>\n<p>O ChatBlink oferece uma experi\u00eancia suave e leve que agrada aos usu\u00e1rios que valorizam a velocidade e a simplicidade.<\/p>\n<h3>O que os usu\u00e1rios gostam<\/h3>\n<ul>\n<li>Acesso instant\u00e2neo - sem inscri\u00e7\u00e3o ou registro.<\/li>\n<li>Funciona perfeitamente em dispositivos m\u00f3veis e computadores.<\/li>\n<li>Conex\u00f5es r\u00e1pidas com atraso m\u00ednimo.<\/li>\n<li>Gratuito e an\u00f4nimo.<\/li>\n<li>Modos de texto e v\u00eddeo em um s\u00f3 lugar.<\/li>\n<\/ul>\n<h3>Onde os usu\u00e1rios veem espa\u00e7o para melhorias<\/h3>\n<ul>\n<li>N\u00e3o h\u00e1 listas de amigos ou recursos de perfil.<\/li>\n<li>Filtros limitados (n\u00e3o \u00e9 poss\u00edvel escolher o g\u00eanero ou o pa\u00eds).<\/li>\n<li>Usu\u00e1rios ocasionais de spam.<\/li>\n<li>N\u00e3o h\u00e1 recurso de reconex\u00e3o para conversas perdidas.<\/li>\n<\/ul>\n<p>Apesar dessas desvantagens, o ChatBlink continua sendo o favorito dos usu\u00e1rios que desejam conversas r\u00e1pidas, casuais e sem compromisso, sem barreiras.<\/p>\n<h2>ChatBlink vs. outras plataformas de bate-papo<\/h2>\n<p>Veja como o ChatBlink se compara a outros sites de bate-papo populares:<\/p>\n<table>\n<thead>\n<tr>\n<th>Recurso<\/th>\n<th>ChatBlink<\/th>\n<th>Omegle<\/th>\n<th>Chatroulette<\/th>\n<th>ChatHub<\/th>\n<th>Emerald Chat<\/th>\n<th>ChatRandom<\/th>\n<\/tr>\n<\/thead>\n<tbody>\n<tr>\n<td>Random Video Chat com Estranhos<\/td>\n<td>\u2705 Sim<\/td>\n<td>\u2705 Sim<\/td>\n<td>\u2705 Sim<\/td>\n<td>\u2705 Sim<\/td>\n<td>\u2705 Sim<\/td>\n<td>\u2705 Sim<\/td>\n<\/tr>\n<tr>\n<td>Bate-papo por texto<\/td>\n<td>\u2705 Sim<\/td>\n<td>\u2705 Sim<\/td>\n<td>\u2705 Sim<\/td>\n<td>\u2705 Sim<\/td>\n<td>\u2705 Sim<\/td>\n<td>\u2705 Sim<\/td>\n<\/tr>\n<tr>\n<td>Registro obrigat\u00f3rio<\/td>\n<td>\u274c N\u00e3o<\/td>\n<td>\u274c N\u00e3o<\/td>\n<td>\u274c N\u00e3o<\/td>\n<td>\u2705 Opcional<\/td>\n<td>\u2705 Opcional<\/td>\n<td>\u2705 Opcional<\/td>\n<\/tr>\n<tr>\n<td>Filtros de g\u00eanero\/localiza\u00e7\u00e3o<\/td>\n<td>\u274c N\u00e3o<\/td>\n<td>\u274c N\u00e3o<\/td>\n<td>\u2705 Limitada<\/td>\n<td>\u2705 Sim<\/td>\n<td>\u2705 Sim<\/td>\n<td>\u2705 Sim<\/td>\n<\/tr>\n<tr>\n<td>Perfis\/Listas de amigos<\/td>\n<td>\u274c N\u00e3o<\/td>\n<td>\u274c N\u00e3o<\/td>\n<td>\u274c N\u00e3o<\/td>\n<td>\u2705 Sim<\/td>\n<td>\u2705 Sim<\/td>\n<td>\u2705 Sim<\/td>\n<\/tr>\n<tr>\n<td>Compat\u00edvel com dispositivos m\u00f3veis<\/td>\n<td>\u2705 Sim<\/td>\n<td>\u2705 Sim<\/td>\n<td>\u2705 Sim<\/td>\n<td>\u2705 Sim<\/td>\n<td>\u2705 Sim<\/td>\n<td>\u2705 Sim<\/td>\n<\/tr>\n<tr>\n<td>Acesso gratuito<\/td>\n<td>\u2705 Sempre<\/td>\n<td>\u2705 Sempre<\/td>\n<td>\u2705 Sempre<\/td>\n<td>\u2705 Sim<\/td>\n<td>\u2705 Sim<\/td>\n<td>\u2705 Sim<\/td>\n<\/tr>\n<\/tbody>\n<\/table>\n<p>Resumo: o ChatBlink oferece a simplicidade crua do Omegle com a estabilidade de plataformas modernas como o ChatHub - perfeito para usu\u00e1rios que preferem bate-papo r\u00e1pido e an\u00f4nimo sem extras.<\/p>\n<h2>O ChatBlink \u00e9 seguro?<\/h2>\n<p>O ChatBlink valoriza a privacidade do usu\u00e1rio, mantendo tudo an\u00f4nimo e sem registro. No entanto, como em qualquer plataforma aberta, a seguran\u00e7a depende do uso respons\u00e1vel.<\/p>\n<h3>Recursos de seguran\u00e7a incorporados<\/h3>\n<ul>\n<li>Bate-papos an\u00f4nimos - n\u00e3o s\u00e3o necess\u00e1rios detalhes pessoais.<\/li>\n<li>Bot\u00e3o Pular para sair de qualquer conversa imediatamente.<\/li>\n<li>Os bate-papos n\u00e3o s\u00e3o armazenados nem salvos.<\/li>\n<\/ul>\n<h3>Dicas de seguran\u00e7a para usu\u00e1rios<\/h3>\n<ul>\n<li>Nunca compartilhe informa\u00e7\u00f5es pessoais (nome verdadeiro, endere\u00e7o ou detalhes de contato).<\/li>\n<li>Encerre as conversas que o deixam desconfort\u00e1vel.<\/li>\n<li>Evite clicar em links de estranhos.<\/li>\n<li>Os pais devem supervisionar os menores que usam a plataforma.<\/li>\n<li>Use uma VPN para prote\u00e7\u00e3o adicional da privacidade.<\/li>\n<\/ul>\n<p>Usado com responsabilidade, o ChatBlink \u00e9 uma maneira segura e direta de conhecer pessoas on-line.<\/p>\n<h2>Dicas para aproveitar ao m\u00e1ximo o ChatBlink<\/h2>\n<ul>\n<li>Experimente hor\u00e1rios diferentes - os hor\u00e1rios de pico trazem mais usu\u00e1rios ativos.<\/li>\n<li>Use fones de ouvido para obter um \u00e1udio mais claro e privacidade.<\/li>\n<li>Comece com t\u00f3picos simples - isso ajuda a quebrar o gelo.<\/li>\n<li>Uma boa ilumina\u00e7\u00e3o torna as conversas por v\u00eddeo mais agrad\u00e1veis.<\/li>\n<li>Mantenha a descontra\u00e7\u00e3o - evite pensar demais nas conversas.<\/li>\n<li>Se o clima n\u00e3o estiver bom, pule rapidamente - sempre h\u00e1 outro jogo esperando.<\/li>\n<\/ul>\n<p>Esses pequenos ajustes podem tornar sua experi\u00eancia mais tranquila e agrad\u00e1vel.<\/p>\n<h2>Problemas comuns e corre\u00e7\u00f5es<\/h2>\n<h3>Problema: a c\u00e2mera ou o microfone n\u00e3o funcionam<\/h3>\n<ul>\n<li>Verifique as configura\u00e7\u00f5es do navegador quanto a permiss\u00f5es.<\/li>\n<li>Reinicie seu navegador ou dispositivo.<\/li>\n<li>Feche todos os outros aplicativos que estejam usando a webcam.<\/li>\n<\/ul>\n<h3>Problema: conex\u00e3o lenta ou atraso<\/h3>\n<ul>\n<li>Mude para uma conex\u00e3o Wi-Fi est\u00e1vel.<\/li>\n<li>Feche as guias ou aplicativos em segundo plano que consomem muita largura de banda.<\/li>\n<\/ul>\n<h3>Problema: poucos usu\u00e1rios on-line<\/h3>\n<ul>\n<li>Tente durante as horas noturnas regionais.<\/li>\n<li>Atualize o site para reiniciar sua fila.<\/li>\n<\/ul>\n<h3>Problema: Encontrando spam<\/h3>\n<ul>\n<li>Pule imediatamente.<\/li>\n<li>Use ferramentas de relat\u00f3rio, se dispon\u00edveis.<\/li>\n<\/ul>\n<h2>Por que as pessoas escolhem o ChatBlink<\/h2>\n<p>A popularidade do ChatBlink se resume \u00e0 velocidade, simplicidade e autenticidade. Ele elimina tudo o que \u00e9 desnecess\u00e1rio e se concentra na pura alegria de se conectar com outras pessoas.<\/p>\n<p>As pessoas o adoram:<\/p>\n<ul>\n<li>Bate-papo instant\u00e2neo e an\u00f4nimo.<\/li>\n<li>N\u00e3o h\u00e1 registros ou logins.<\/li>\n<li>Op\u00e7\u00f5es de texto e v\u00eddeo gratuitos.<\/li>\n<li>Interface limpa e compat\u00edvel com dispositivos m\u00f3veis.<\/li>\n<li>Base de usu\u00e1rios global.<\/li>\n<\/ul>\n<p>\u00c9 uma plataforma para qualquer pessoa que valorize a conex\u00e3o sem complexidade - algo cada vez mais raro no mundo digital de hoje.<\/p>\n<h2>Considera\u00e7\u00f5es finais: Vale a pena usar o ChatBlink?<\/h2>\n<p>Se voc\u00ea est\u00e1 procurando uma plataforma de bate-papo aleat\u00f3rio r\u00e1pida, gratuita e an\u00f4nima, o ChatBlink merece um lugar na sua lista. \u00c9 um daqueles sites que se mant\u00e9m fiel ao que torna o bate-papo divertido - a emo\u00e7\u00e3o de conhecer algu\u00e9m novo, sem expectativas ou obriga\u00e7\u00f5es.<\/p>\n<p>Embora n\u00e3o tenha os filtros avan\u00e7ados ou as listas de amigos de plataformas como o ChatHub ou o Emerald Chat, sua simplicidade \u00e9 seu maior ponto forte. Basta abri-lo, clicar em \u201cIniciar\u201d e come\u00e7ar a conversar instantaneamente com algu\u00e9m de algum lugar do mundo.<\/p>\n<p>Se voc\u00ea quiser:<\/p>\n<ul>\n<li>Tenha uma conversa r\u00e1pida e aleat\u00f3ria,<\/li>\n<li>Conhecer pessoas de outros pa\u00edses, ou<\/li>\n<li>Simplesmente relaxe e converse com algu\u00e9m fora de seu c\u00edrculo habitual...<\/li>\n<\/ul>\n<p>O ChatBlink oferece exatamente isso.<\/p>\n<p>Em resumo: o ChatBlink \u00e9 um site de bate-papo leve e sem registro que combina a nostalgia das antigas salas de bate-papo com a velocidade da moderna tecnologia de v\u00eddeo. \u00c9 perfeito para conex\u00f5es espont\u00e2neas e reais - gratuito, privado e dispon\u00edvel a qualquer momento.<\/p>\n<p>Pronto para experimentar? Visite ChatBlink, clique em \u201cStart\u201d (Iniciar) e veja quem voc\u00ea conhecer\u00e1 em seguida - as conversas do mundo est\u00e3o a apenas um clique de dist\u00e2ncia.<\/p>","protected":false},"excerpt":{"rendered":"<p>In today\u2019s digital world, where so many apps rely on filters, followers, and paywalls, ChatBlink stands out for keeping things simple. It\u2019s an easy, free random chat platform that connects people instantly \u2014 no registration, no downloads, and no fuss. Whether you\u2019re looking for a quick chat, a new friend, or a spontaneous video conversation [&hellip;]<\/p>\n","protected":false},"author":6,"featured_media":0,"parent":0,"menu_order":0,"comment_status":"closed","ping_status":"closed","template":"","meta":{"footnotes":""},"class_list":["post-3171","page","type-page","status-publish","hentry"],"yoast_head":"<!-- This site is optimized with the Yoast SEO plugin v27.4 - https:\/\/yoast.com\/product\/yoast-seo-wordpress\/ -->\n<title>ChatBlink - Free Online Chat &amp; Meet New Friends - TinyChat.com<\/title>\n<meta name=\"description\" content=\"Enjoying ChatBlink? Join over 50,000,000 strangers on TinyChat! Turn on your cam and start meeting new people, or find a match.\" \/>\n<meta name=\"robots\" content=\"index, follow, max-snippet:-1, max-image-preview:large, max-video-preview:-1\" \/>\n<link rel=\"canonical\" href=\"https:\/\/tinychat.com\/pt-br\/chatblink\/\" \/>\n<meta property=\"og:locale\" content=\"pt_BR\" \/>\n<meta property=\"og:type\" content=\"article\" \/>\n<meta property=\"og:title\" content=\"ChatBlink - Free Online Chat &amp; Meet New Friends - TinyChat.com\" \/>\n<meta property=\"og:description\" content=\"Enjoying ChatBlink? Join over 50,000,000 strangers on TinyChat! Turn on your cam and start meeting new people, or find a match.\" \/>\n<meta property=\"og:url\" content=\"https:\/\/tinychat.com\/pt-br\/chatblink\/\" \/>\n<meta property=\"og:site_name\" content=\"TinyChat\" \/>\n<meta property=\"article:publisher\" content=\"https:\/\/www.facebook.com\/tinychat\" \/>\n<meta property=\"article:modified_time\" content=\"2025-10-21T11:21:20+00:00\" \/>\n<meta property=\"og:image\" content=\"https:\/\/tinychat.com\/wp-content\/uploads\/2020\/04\/Tinychat-logo-1280x284-new-black.png\" \/>\n\t<meta property=\"og:image:width\" content=\"1280\" \/>\n\t<meta property=\"og:image:height\" content=\"284\" \/>\n\t<meta property=\"og:image:type\" content=\"image\/png\" \/>\n<meta name=\"twitter:card\" content=\"summary_large_image\" \/>\n<meta name=\"twitter:site\" content=\"@tinychat\" \/>\n<meta name=\"twitter:label1\" content=\"Est. tempo de leitura\" \/>\n\t<meta name=\"twitter:data1\" content=\"6 minutos\" \/>\n<script type=\"application\/ld+json\" class=\"yoast-schema-graph\">{\"@context\":\"https:\\\/\\\/schema.org\",\"@graph\":[{\"@type\":\"WebPage\",\"@id\":\"https:\\\/\\\/tinychat.com\\\/chatblink\\\/\",\"url\":\"https:\\\/\\\/tinychat.com\\\/chatblink\\\/\",\"name\":\"ChatBlink - Free Online Chat & Meet New Friends - TinyChat.com\",\"isPartOf\":{\"@id\":\"https:\\\/\\\/tinychat.com\\\/#website\"},\"datePublished\":\"2025-10-21T09:14:34+00:00\",\"dateModified\":\"2025-10-21T11:21:20+00:00\",\"description\":\"Enjoying ChatBlink? Join over 50,000,000 strangers on TinyChat! Turn on your cam and start meeting new people, or find a match.\",\"breadcrumb\":{\"@id\":\"https:\\\/\\\/tinychat.com\\\/chatblink\\\/#breadcrumb\"},\"inLanguage\":\"pt-BR\",\"potentialAction\":[{\"@type\":\"ReadAction\",\"target\":[\"https:\\\/\\\/tinychat.com\\\/chatblink\\\/\"]}]},{\"@type\":\"BreadcrumbList\",\"@id\":\"https:\\\/\\\/tinychat.com\\\/chatblink\\\/#breadcrumb\",\"itemListElement\":[{\"@type\":\"ListItem\",\"position\":1,\"name\":\"Home\",\"item\":\"https:\\\/\\\/tinychat.com\\\/\"},{\"@type\":\"ListItem\",\"position\":2,\"name\":\"ChatBlink\"}]},{\"@type\":\"WebSite\",\"@id\":\"https:\\\/\\\/tinychat.com\\\/#website\",\"url\":\"https:\\\/\\\/tinychat.com\\\/\",\"name\":\"TinyChat\",\"description\":\"Random Video Chat with Strangers\",\"publisher\":{\"@id\":\"https:\\\/\\\/tinychat.com\\\/#organization\"},\"alternateName\":\"TinyChat.com\",\"potentialAction\":[{\"@type\":\"SearchAction\",\"target\":{\"@type\":\"EntryPoint\",\"urlTemplate\":\"https:\\\/\\\/tinychat.com\\\/?s={search_term_string}\"},\"query-input\":{\"@type\":\"PropertyValueSpecification\",\"valueRequired\":true,\"valueName\":\"search_term_string\"}}],\"inLanguage\":\"pt-BR\"},{\"@type\":\"Organization\",\"@id\":\"https:\\\/\\\/tinychat.com\\\/#organization\",\"name\":\"TinyChat\",\"alternateName\":\"TinyChat.com\",\"url\":\"https:\\\/\\\/tinychat.com\\\/\",\"logo\":{\"@type\":\"ImageObject\",\"inLanguage\":\"pt-BR\",\"@id\":\"https:\\\/\\\/tinychat.com\\\/#\\\/schema\\\/logo\\\/image\\\/\",\"url\":\"https:\\\/\\\/tinychat.com\\\/wp-content\\\/uploads\\\/2023\\\/11\\\/Tinychat-icon-square.png\",\"contentUrl\":\"https:\\\/\\\/tinychat.com\\\/wp-content\\\/uploads\\\/2023\\\/11\\\/Tinychat-icon-square.png\",\"width\":284,\"height\":284,\"caption\":\"TinyChat\"},\"image\":{\"@id\":\"https:\\\/\\\/tinychat.com\\\/#\\\/schema\\\/logo\\\/image\\\/\"},\"sameAs\":[\"https:\\\/\\\/www.facebook.com\\\/tinychat\",\"https:\\\/\\\/x.com\\\/tinychat\"]}]}<\/script>\n<!-- \/ Yoast SEO plugin. -->","yoast_head_json":{"title":"ChatBlink - Bate-papo on-line gratuito e conhe\u00e7a novos amigos - TinyChat.com","description":"Est\u00e1 gostando do ChatBlink? Junte-se a mais de 50.000.000 de estranhos no TinyChat! Ligue sua c\u00e2mera e comece a conhecer novas pessoas ou encontre um par.","robots":{"index":"index","follow":"follow","max-snippet":"max-snippet:-1","max-image-preview":"max-image-preview:large","max-video-preview":"max-video-preview:-1"},"canonical":"https:\/\/tinychat.com\/pt-br\/chatblink\/","og_locale":"pt_BR","og_type":"article","og_title":"ChatBlink - Free Online Chat & Meet New Friends - TinyChat.com","og_description":"Enjoying ChatBlink? Join over 50,000,000 strangers on TinyChat! Turn on your cam and start meeting new people, or find a match.","og_url":"https:\/\/tinychat.com\/pt-br\/chatblink\/","og_site_name":"TinyChat","article_publisher":"https:\/\/www.facebook.com\/tinychat","article_modified_time":"2025-10-21T11:21:20+00:00","og_image":[{"width":1280,"height":284,"url":"https:\/\/tinychat.com\/wp-content\/uploads\/2020\/04\/Tinychat-logo-1280x284-new-black.png","type":"image\/png"}],"twitter_card":"summary_large_image","twitter_site":"@tinychat","twitter_misc":{"Est. tempo de leitura":"6 minutos"},"schema":{"@context":"https:\/\/schema.org","@graph":[{"@type":"WebPage","@id":"https:\/\/tinychat.com\/chatblink\/","url":"https:\/\/tinychat.com\/chatblink\/","name":"ChatBlink - Bate-papo on-line gratuito e conhe\u00e7a novos amigos - TinyChat.com","isPartOf":{"@id":"https:\/\/tinychat.com\/#website"},"datePublished":"2025-10-21T09:14:34+00:00","dateModified":"2025-10-21T11:21:20+00:00","description":"Est\u00e1 gostando do ChatBlink? Junte-se a mais de 50.000.000 de estranhos no TinyChat! Ligue sua c\u00e2mera e comece a conhecer novas pessoas ou encontre um par.","breadcrumb":{"@id":"https:\/\/tinychat.com\/chatblink\/#breadcrumb"},"inLanguage":"pt-BR","potentialAction":[{"@type":"ReadAction","target":["https:\/\/tinychat.com\/chatblink\/"]}]},{"@type":"BreadcrumbList","@id":"https:\/\/tinychat.com\/chatblink\/#breadcrumb","itemListElement":[{"@type":"ListItem","position":1,"name":"Home","item":"https:\/\/tinychat.com\/"},{"@type":"ListItem","position":2,"name":"ChatBlink"}]},{"@type":"WebSite","@id":"https:\/\/tinychat.com\/#website","url":"https:\/\/tinychat.com\/","name":"TinyChat","description":"Bate-papo por v\u00eddeo aleat\u00f3rio com estranhos","publisher":{"@id":"https:\/\/tinychat.com\/#organization"},"alternateName":"TinyChat.com","potentialAction":[{"@type":"SearchAction","target":{"@type":"EntryPoint","urlTemplate":"https:\/\/tinychat.com\/?s={search_term_string}"},"query-input":{"@type":"PropertyValueSpecification","valueRequired":true,"valueName":"search_term_string"}}],"inLanguage":"pt-BR"},{"@type":"Organization","@id":"https:\/\/tinychat.com\/#organization","name":"TinyChat","alternateName":"TinyChat.com","url":"https:\/\/tinychat.com\/","logo":{"@type":"ImageObject","inLanguage":"pt-BR","@id":"https:\/\/tinychat.com\/#\/schema\/logo\/image\/","url":"https:\/\/tinychat.com\/wp-content\/uploads\/2023\/11\/Tinychat-icon-square.png","contentUrl":"https:\/\/tinychat.com\/wp-content\/uploads\/2023\/11\/Tinychat-icon-square.png","width":284,"height":284,"caption":"TinyChat"},"image":{"@id":"https:\/\/tinychat.com\/#\/schema\/logo\/image\/"},"sameAs":["https:\/\/www.facebook.com\/tinychat","https:\/\/x.com\/tinychat"]}]}},"_links":{"self":[{"href":"https:\/\/tinychat.com\/pt-br\/wp-json\/wp\/v2\/pages\/3171","targetHints":{"allow":["GET"]}}],"collection":[{"href":"https:\/\/tinychat.com\/pt-br\/wp-json\/wp\/v2\/pages"}],"about":[{"href":"https:\/\/tinychat.com\/pt-br\/wp-json\/wp\/v2\/types\/page"}],"author":[{"embeddable":true,"href":"https:\/\/tinychat.com\/pt-br\/wp-json\/wp\/v2\/users\/6"}],"replies":[{"embeddable":true,"href":"https:\/\/tinychat.com\/pt-br\/wp-json\/wp\/v2\/comments?post=3171"}],"version-history":[{"count":3,"href":"https:\/\/tinychat.com\/pt-br\/wp-json\/wp\/v2\/pages\/3171\/revisions"}],"predecessor-version":[{"id":13562,"href":"https:\/\/tinychat.com\/pt-br\/wp-json\/wp\/v2\/pages\/3171\/revisions\/13562"}],"wp:attachment":[{"href":"https:\/\/tinychat.com\/pt-br\/wp-json\/wp\/v2\/media?parent=3171"}],"curies":[{"name":"wp","href":"https:\/\/api.w.org\/{rel}","templated":true}]}}