{"id":3266,"date":"2025-09-29T11:39:15","date_gmt":"2025-09-29T09:39:15","guid":{"rendered":"https:\/\/tinychat.com\/?page_id=3266"},"modified":"2025-09-29T12:44:51","modified_gmt":"2025-09-29T10:44:51","slug":"imeetzu","status":"publish","type":"page","link":"https:\/\/tinychat.com\/pt-br\/imeetzu\/","title":{"rendered":"iMeetzu"},"content":{"rendered":"<p>O surgimento de plataformas de bate-papo com v\u00eddeo aleat\u00f3rio reformulou a forma como as pessoas se conectam on-line. Enquanto as redes sociais nos mant\u00eam ligados a amigos que j\u00e1 conhecemos, plataformas como Omegle, Chatroulette e Chatrandom introduziram a emo\u00e7\u00e3o de conhecer pessoas completamente desconhecidas com apenas um clique. Entre as plataformas menos conhecidas, mas ainda impactantes nesse espa\u00e7o, est\u00e1 o iMeetzu, um servi\u00e7o que combina recursos de bate-papo aleat\u00f3rios com ferramentas de redes sociais, criando uma experi\u00eancia que vai al\u00e9m de encontros fugazes.<\/p>\n<p>Seja para um bate-papo de texto r\u00e1pido, uma chamada de v\u00eddeo espont\u00e2nea ou at\u00e9 mesmo amizades cont\u00ednuas, o iMeetzu oferece uma mistura de aleatoriedade e comunidade que o mant\u00e9m relevante no espa\u00e7o competitivo de bate-papo.<\/p>\n<p>Esta an\u00e1lise detalhada abordar\u00e1 o que \u00e9 o iMeetzu, seus recursos, como us\u00e1-lo, a experi\u00eancia do usu\u00e1rio, compara\u00e7\u00f5es, dicas de seguran\u00e7a e conselhos para obter o m\u00e1ximo dele.<\/p>\n<h2>O que \u00e9 iMeetzu?<\/h2>\n<p>O iMeetzu \u00e9 uma plataforma de bate-papo aleat\u00f3rio que combina recursos no estilo do Omegle com fun\u00e7\u00f5es de rede social. Em sua ess\u00eancia, permite que os usu\u00e1rios conversem com estranhos instantaneamente, por texto ou v\u00eddeo. Mas, ao contr\u00e1rio de muitos servi\u00e7os de bate-papo isolados, o iMeetzu tamb\u00e9m inclui:<\/p>\n<ul>\n<li>Salas de bate-papo p\u00fablicas<\/li>\n<li>Listas de amigos<\/li>\n<li>Perfis de usu\u00e1rio<\/li>\n<\/ul>\n<p>Essa abordagem h\u00edbrida o torna mais vers\u00e1til do que as plataformas minimalistas. Em vez de oferecer apenas encontros aleat\u00f3rios, o iMeetzu fornece ferramentas para manter contato com as pessoas de quem voc\u00ea gosta, dando-lhe uma dimens\u00e3o social.<\/p>\n<h2>Principais recursos do iMeetzu<\/h2>\n<p>O iMeetzu oferece um amplo conjunto de recursos tanto para usu\u00e1rios casuais quanto para aqueles que procuram algo de longo prazo.<\/p>\n<h3>1. Bate-papo de texto aleat\u00f3rio<\/h3>\n<ul>\n<li>Conversas individuais instant\u00e2neas com estranhos.<\/li>\n<li>Funciona como o modo cl\u00e1ssico de somente texto do Omegle.<\/li>\n<li>Ideal para intera\u00e7\u00f5es r\u00e1pidas e de baixa press\u00e3o.<\/li>\n<\/ul>\n<h3>2. Bate-papo por v\u00eddeo aleat\u00f3rio<\/h3>\n<ul>\n<li>Conversas cara a cara com estranhos.<\/li>\n<li>Suporte a webcam e microfone.<\/li>\n<li>O bot\u00e3o Pular permite que voc\u00ea siga em frente instantaneamente.<\/li>\n<\/ul>\n<h3>3. Salas de bate-papo p\u00fablicas<\/h3>\n<ul>\n<li>Salas de grupo onde v\u00e1rios usu\u00e1rios podem conversar.<\/li>\n<li>Excelente para conhecer v\u00e1rias pessoas ao mesmo tempo.<\/li>\n<li>Abrange uma variedade de t\u00f3picos e interesses.<\/li>\n<\/ul>\n<h3>4. Perfis de usu\u00e1rio e amigos<\/h3>\n<ul>\n<li>Ao contr\u00e1rio das plataformas puramente aleat\u00f3rias, o iMeetzu permite que voc\u00ea crie um perfil.<\/li>\n<li>Adicione pessoas como amigos para continuar as conversas mais tarde.<\/li>\n<li>Os perfis d\u00e3o a ele uma sensa\u00e7\u00e3o de \"rede social\".<\/li>\n<\/ul>\n<h3>5. Compatibilidade com dispositivos m\u00f3veis<\/h3>\n<ul>\n<li>Funciona em navegadores m\u00f3veis.<\/li>\n<li>Oferece recursos semelhantes a aplicativos para facilitar o acesso.<\/li>\n<\/ul>\n<h3>6. Livre para usar<\/h3>\n<ul>\n<li>Os principais recursos s\u00e3o gratuitos, sem assinaturas obrigat\u00f3rias.<\/li>\n<\/ul>\n<h2>Como usar o iMeetzu<\/h2>\n<p>O iMeetzu foi projetado para ser f\u00e1cil para iniciantes. Veja a seguir como come\u00e7ar:<\/p>\n<h3>Etapa 1: Visite o site<\/h3>\n<ul>\n<li>Abra o iMeetzu em seu navegador (desktop ou celular).<\/li>\n<\/ul>\n<h3>Etapa 2: Escolha um modo<\/h3>\n<ul>\n<li>Chat de texto: Para conversas baseadas em digita\u00e7\u00e3o.<\/li>\n<li>Bate-papo por v\u00eddeo: Para encontros face a face.<\/li>\n<li>Salas de bate-papo: Para discuss\u00f5es em grupo.<\/li>\n<\/ul>\n<h3>Etapa 3: Permitir permiss\u00f5es (opcional)<\/h3>\n<ul>\n<li>Se estiver usando v\u00eddeo, conceda acesso \u00e0 sua c\u00e2mera e ao microfone.<\/li>\n<\/ul>\n<h3>Etapa 4: Iniciar o bate-papo<\/h3>\n<ul>\n<li>Voc\u00ea \u00e9 emparelhado com um estranho instantaneamente.<\/li>\n<li>Adicione amigos se quiser continuar conversando mais tarde.<\/li>\n<\/ul>\n<h3>Etapa 5: Continue explorando<\/h3>\n<ul>\n<li>Alterne entre bate-papo aleat\u00f3rio, salas de bate-papo e sua lista de amigos.<\/li>\n<\/ul>\n<p>Isso torna o iMeetzu mais vers\u00e1til do que as plataformas que oferecem apenas um modo de bate-papo.<\/p>\n<h2>Experi\u00eancia do usu\u00e1rio no iMeetzu<\/h2>\n<p>A combina\u00e7\u00e3o de aleatoriedade e comunidade do iMeetzu o diferencia.<\/p>\n<h3>O que os usu\u00e1rios gostam<\/h3>\n<ul>\n<li>Combina bate-papo aleat\u00f3rio com recursos sociais.<\/li>\n<li>Capacidade de adicionar amigos e criar perfis.<\/li>\n<li>V\u00e1rios modos de bate-papo (texto, v\u00eddeo, grupo).<\/li>\n<li>Uso gratuito, sem grandes restri\u00e7\u00f5es.<\/li>\n<\/ul>\n<h3>Onde os usu\u00e1rios veem espa\u00e7o para melhorias<\/h3>\n<ul>\n<li>A interface parece desatualizada em compara\u00e7\u00e3o com os aplicativos modernos.<\/li>\n<li>Base de usu\u00e1rios menor que a do Omegle ou Chatroulette.<\/li>\n<li>A qualidade da partida varia de acordo com a hora do dia.<\/li>\n<li>N\u00e3o \u00e9 t\u00e3o otimizado para dispositivos m\u00f3veis quanto os concorrentes mais novos.<\/li>\n<\/ul>\n<p>Para muitos usu\u00e1rios, no entanto, o sistema de amigos e as salas de bate-papo do iMeetzu o tornam mais envolvente do que as plataformas que oferecem apenas pares aleat\u00f3rios.<\/p>\n<h2>iMeetzu vs. outras plataformas<\/h2>\n<p>Veja como o iMeetzu se compara aos concorrentes:<\/p>\n<table>\n<thead>\n<tr>\n<th>Recurso<\/th>\n<th>iMeetzu<\/th>\n<th>Omegle<\/th>\n<th>Chatroulette<\/th>\n<th>ChatHub<\/th>\n<th>Emerald Chat<\/th>\n<th>Y99<\/th>\n<\/tr>\n<\/thead>\n<tbody>\n<tr>\n<td>Bate-papo de texto aleat\u00f3rio<\/td>\n<td>\u2705 Sim<\/td>\n<td>\u2705 Sim<\/td>\n<td>\u2705 Sim<\/td>\n<td>\u2705 Sim<\/td>\n<td>\u2705 Sim<\/td>\n<td>\u2705 Sim<\/td>\n<\/tr>\n<tr>\n<td>Random Video Chat com Estranhos<\/td>\n<td>\u2705 Sim<\/td>\n<td>\u2705 Sim<\/td>\n<td>\u2705 Sim<\/td>\n<td>\u2705 Sim<\/td>\n<td>\u2705 Sim<\/td>\n<td>\u2705 Sim<\/td>\n<\/tr>\n<tr>\n<td>Salas de bate-papo p\u00fablicas<\/td>\n<td>\u2705 Sim<\/td>\n<td>\u274c N\u00e3o<\/td>\n<td>\u274c N\u00e3o<\/td>\n<td>\u274c N\u00e3o<\/td>\n<td>\u274c N\u00e3o<\/td>\n<td>\u2705 Sim<\/td>\n<\/tr>\n<tr>\n<td>Perfis de usu\u00e1rio e amigos<\/td>\n<td>\u2705 Sim<\/td>\n<td>\u274c N\u00e3o<\/td>\n<td>\u274c N\u00e3o<\/td>\n<td>\u2705 Sim<\/td>\n<td>\u2705 Sim<\/td>\n<td>\u2705 Sim<\/td>\n<\/tr>\n<tr>\n<td>Anonimato<\/td>\n<td>\u2705 Moderado<\/td>\n<td>\u2705 Forte<\/td>\n<td>\u2705 Forte<\/td>\n<td>\u2705 Moderado<\/td>\n<td>\u2705 Moderado<\/td>\n<td>\u2705 Moderado<\/td>\n<\/tr>\n<tr>\n<td>Aplicativo m\u00f3vel<\/td>\n<td>\u2705 Parcial<\/td>\n<td>\u2705 Sim<\/td>\n<td>\u2705 Sim<\/td>\n<td>\u2705 Sim<\/td>\n<td>\u2705 Sim<\/td>\n<td>\u274c N\u00e3o<\/td>\n<\/tr>\n<\/tbody>\n<\/table>\n<p>Resumo: o iMeetzu fica entre a aleatoriedade no estilo do Omegle e a forma\u00e7\u00e3o de comunidades no estilo do Y99, oferecendo bate-papos instant\u00e2neos e op\u00e7\u00f5es sociais de longo prazo.<\/p>\n<h2>O iMeetzu \u00e9 seguro?<\/h2>\n<p>Como qualquer plataforma que conecta estranhos, o iMeetzu tem pr\u00f3s e contras quando se trata de seguran\u00e7a.<\/p>\n<h3>Ferramentas de seguran\u00e7a incorporadas<\/h3>\n<ul>\n<li>Bot\u00e3o Pular para sair das conversas instantaneamente.<\/li>\n<li>Fun\u00e7\u00f5es de den\u00fancia\/bloqueio por comportamento inadequado.<\/li>\n<li>O sistema de perfis permite que voc\u00ea gerencie seus amigos.<\/li>\n<\/ul>\n<h3>Dicas de seguran\u00e7a para usu\u00e1rios<\/h3>\n<ul>\n<li>N\u00e3o compartilhe informa\u00e7\u00f5es pessoais com estranhos.<\/li>\n<li>Use t\u00f3picos casuais em bate-papos aleat\u00f3rios.<\/li>\n<li>Os pais devem supervisionar os usu\u00e1rios mais jovens.<\/li>\n<li>Use mensagens privadas somente com amigos confi\u00e1veis.<\/li>\n<li>Considere o uso de uma VPN para aumentar a privacidade.<\/li>\n<\/ul>\n<h2>Dicas para aproveitar ao m\u00e1ximo o iMeetzu<\/h2>\n<ul>\n<li>Experimente modos diferentes - alterne entre texto, v\u00eddeo e salas de bate-papo.<\/li>\n<li>Adicione pessoas interessantes \u00e0 sua lista de amigos para criar conex\u00f5es cont\u00ednuas.<\/li>\n<li>Use no desktop para obter a melhor estabilidade e qualidade de v\u00eddeo.<\/li>\n<li>Seja casual e divertido - os bate-papos aleat\u00f3rios funcionam melhor com t\u00f3picos leves.<\/li>\n<li>Use o bot\u00e3o de pular livremente - nem todo bate-papo ser\u00e1 adequado.<\/li>\n<li>Explore as salas de bate-papo - elas geralmente t\u00eam comunidades ativas e tem\u00e1ticas.<\/li>\n<\/ul>\n<h2>Problemas comuns e corre\u00e7\u00f5es<\/h2>\n<h3>Problema: o v\u00eddeo n\u00e3o est\u00e1 funcionando<\/h3>\n<ul>\n<li>Verifique as permiss\u00f5es do navegador.<\/li>\n<li>Reinicie o dispositivo ou o navegador.<\/li>\n<\/ul>\n<h3>Problema: poucas partidas dispon\u00edveis<\/h3>\n<ul>\n<li>Tente nos hor\u00e1rios de pico (noites\/finais de semana).<\/li>\n<li>Participe de salas de bate-papo para um envolvimento mais ativo.<\/li>\n<\/ul>\n<h3>Problema: interface ruim no celular<\/h3>\n<ul>\n<li>Use o desktop para uma navega\u00e7\u00e3o mais suave.<\/li>\n<li>Ou ative o \"modo desktop\" do navegador m\u00f3vel.<\/li>\n<\/ul>\n<h3>Problema: Spam ou Bots<\/h3>\n<ul>\n<li>Pule imediatamente.<\/li>\n<li>Relatar contas suspeitas.<\/li>\n<\/ul>\n<h2>Por que as pessoas escolhem o iMeetzu<\/h2>\n<p>As pessoas recorrem ao iMeetzu porque ele oferece:<\/p>\n<ul>\n<li>Variedade - texto, v\u00eddeo e salas de bate-papo em um s\u00f3 lugar.<\/li>\n<li>Listas e perfis de amigos da comunidade para conex\u00f5es cont\u00ednuas.<\/li>\n<li>Simplicidade - nenhuma configura\u00e7\u00e3o complexa, uso gratuito.<\/li>\n<li>Equil\u00edbrio - divers\u00e3o aleat\u00f3ria e intera\u00e7\u00e3o estruturada.<\/li>\n<\/ul>\n<p>Ele captura o entusiasmo do bate-papo aleat\u00f3rio e adiciona uma camada social para conex\u00f5es duradouras.<\/p>\n<h2>Considera\u00e7\u00f5es finais: Vale a pena usar o iMeetzu?<\/h2>\n<p>Se voc\u00ea estiver procurando uma plataforma que ofere\u00e7a mais do que apenas bate-papos aleat\u00f3rios fugazes, vale a pena experimentar o iMeetzu. Ele combina a espontaneidade do Omegle com a sensa\u00e7\u00e3o de comunidade do Y99 ou Wireclub, tornando-o vers\u00e1til para diferentes tipos de usu\u00e1rios.<\/p>\n<p>Se voc\u00ea quiser:<\/p>\n<ul>\n<li>Passe o tempo em bate-papos aleat\u00f3rios por texto ou v\u00eddeo.<\/li>\n<li>Participe de salas de bate-papo p\u00fablicas e animadas.<\/li>\n<li>Ou criar amizades por meio de perfis e listas de amigos...<\/li>\n<\/ul>\n<p>O iMeetzu oferece tudo isso em um \u00fanico pacote.<\/p>\n<p>Resumindo: o iMeetzu \u00e9 um h\u00edbrido de bate-papo aleat\u00f3rio e plataforma social que oferece aos usu\u00e1rios encontros instant\u00e2neos e conex\u00f5es de longo prazo. Se voc\u00ea deseja mais flexibilidade do que o Omegle, mas menos estrutura do que as redes sociais completas, esse \u00e9 um excelente meio-termo.<\/p>\n<p>Pronto para experimentar? Visite iMeetzu, comece a conversar e veja onde sua pr\u00f3xima conex\u00e3o o levar\u00e1.<\/p>","protected":false},"excerpt":{"rendered":"<p>The rise of random video chat platforms has reshaped how people connect online. While social networks keep us tied to friends we already know, platforms like Omegle, Chatroulette, and Chatrandom introduced the thrill of meeting complete strangers with just one click. Among the lesser-known but still impactful platforms in this space is iMeetzu, a service [&hellip;]<\/p>\n","protected":false},"author":6,"featured_media":0,"parent":0,"menu_order":0,"comment_status":"closed","ping_status":"closed","template":"","meta":{"footnotes":""},"class_list":["post-3266","page","type-page","status-publish","hentry"],"yoast_head":"<!-- This site is optimized with the Yoast SEO plugin v27.6 - https:\/\/yoast.com\/product\/yoast-seo-wordpress\/ -->\n<title>iMeetzu - Chatroulette &amp; Omegle Alternative - TinyChat.com<\/title>\n<meta name=\"description\" content=\"Enjoying iMeetzu? Join over 50,000,000 strangers on TinyChat! Turn on your cam and start meeting new people, or find a match.\" \/>\n<meta name=\"robots\" content=\"index, follow, max-snippet:-1, max-image-preview:large, max-video-preview:-1\" \/>\n<link rel=\"canonical\" href=\"https:\/\/tinychat.com\/pt-br\/imeetzu\/\" \/>\n<meta property=\"og:locale\" content=\"pt_BR\" \/>\n<meta property=\"og:type\" content=\"article\" \/>\n<meta property=\"og:title\" content=\"iMeetzu - Chatroulette &amp; Omegle Alternative - TinyChat.com\" \/>\n<meta property=\"og:description\" content=\"Enjoying iMeetzu? Join over 50,000,000 strangers on TinyChat! Turn on your cam and start meeting new people, or find a match.\" \/>\n<meta property=\"og:url\" content=\"https:\/\/tinychat.com\/pt-br\/imeetzu\/\" \/>\n<meta property=\"og:site_name\" content=\"TinyChat\" \/>\n<meta property=\"article:publisher\" content=\"https:\/\/www.facebook.com\/tinychat\" \/>\n<meta property=\"article:modified_time\" content=\"2025-09-29T10:44:51+00:00\" \/>\n<meta property=\"og:image\" content=\"https:\/\/tinychat.com\/wp-content\/uploads\/2020\/04\/Tinychat-logo-1280x284-new-black.png\" \/>\n\t<meta property=\"og:image:width\" content=\"1280\" \/>\n\t<meta property=\"og:image:height\" content=\"284\" \/>\n\t<meta property=\"og:image:type\" content=\"image\/png\" \/>\n<meta name=\"twitter:card\" content=\"summary_large_image\" \/>\n<meta name=\"twitter:site\" content=\"@tinychat\" \/>\n<meta name=\"twitter:label1\" content=\"Est. tempo de leitura\" \/>\n\t<meta name=\"twitter:data1\" content=\"5 minutos\" \/>\n<script type=\"application\/ld+json\" class=\"yoast-schema-graph\">{\"@context\":\"https:\\\/\\\/schema.org\",\"@graph\":[{\"@type\":\"WebPage\",\"@id\":\"https:\\\/\\\/tinychat.com\\\/imeetzu\\\/\",\"url\":\"https:\\\/\\\/tinychat.com\\\/imeetzu\\\/\",\"name\":\"iMeetzu - Chatroulette & Omegle Alternative - TinyChat.com\",\"isPartOf\":{\"@id\":\"https:\\\/\\\/tinychat.com\\\/#website\"},\"datePublished\":\"2025-09-29T09:39:15+00:00\",\"dateModified\":\"2025-09-29T10:44:51+00:00\",\"description\":\"Enjoying iMeetzu? Join over 50,000,000 strangers on TinyChat! Turn on your cam and start meeting new people, or find a match.\",\"breadcrumb\":{\"@id\":\"https:\\\/\\\/tinychat.com\\\/imeetzu\\\/#breadcrumb\"},\"inLanguage\":\"pt-BR\",\"potentialAction\":[{\"@type\":\"ReadAction\",\"target\":[\"https:\\\/\\\/tinychat.com\\\/imeetzu\\\/\"]}]},{\"@type\":\"BreadcrumbList\",\"@id\":\"https:\\\/\\\/tinychat.com\\\/imeetzu\\\/#breadcrumb\",\"itemListElement\":[{\"@type\":\"ListItem\",\"position\":1,\"name\":\"Home\",\"item\":\"https:\\\/\\\/tinychat.com\\\/\"},{\"@type\":\"ListItem\",\"position\":2,\"name\":\"iMeetzu\"}]},{\"@type\":\"WebSite\",\"@id\":\"https:\\\/\\\/tinychat.com\\\/#website\",\"url\":\"https:\\\/\\\/tinychat.com\\\/\",\"name\":\"TinyChat\",\"description\":\"Random Video Chat with Strangers\",\"publisher\":{\"@id\":\"https:\\\/\\\/tinychat.com\\\/#organization\"},\"alternateName\":\"TinyChat.com\",\"potentialAction\":[{\"@type\":\"SearchAction\",\"target\":{\"@type\":\"EntryPoint\",\"urlTemplate\":\"https:\\\/\\\/tinychat.com\\\/?s={search_term_string}\"},\"query-input\":{\"@type\":\"PropertyValueSpecification\",\"valueRequired\":true,\"valueName\":\"search_term_string\"}}],\"inLanguage\":\"pt-BR\"},{\"@type\":\"Organization\",\"@id\":\"https:\\\/\\\/tinychat.com\\\/#organization\",\"name\":\"TinyChat\",\"alternateName\":\"TinyChat.com\",\"url\":\"https:\\\/\\\/tinychat.com\\\/\",\"logo\":{\"@type\":\"ImageObject\",\"inLanguage\":\"pt-BR\",\"@id\":\"https:\\\/\\\/tinychat.com\\\/#\\\/schema\\\/logo\\\/image\\\/\",\"url\":\"https:\\\/\\\/tinychat.com\\\/wp-content\\\/uploads\\\/2023\\\/11\\\/Tinychat-icon-square.png\",\"contentUrl\":\"https:\\\/\\\/tinychat.com\\\/wp-content\\\/uploads\\\/2023\\\/11\\\/Tinychat-icon-square.png\",\"width\":284,\"height\":284,\"caption\":\"TinyChat\"},\"image\":{\"@id\":\"https:\\\/\\\/tinychat.com\\\/#\\\/schema\\\/logo\\\/image\\\/\"},\"sameAs\":[\"https:\\\/\\\/www.facebook.com\\\/tinychat\",\"https:\\\/\\\/x.com\\\/tinychat\"]}]}<\/script>\n<!-- \/ Yoast SEO plugin. -->","yoast_head_json":{"title":"iMeetzu - Alternativa para Chatroulette e Omegle - TinyChat.com","description":"Est\u00e1 gostando do iMeetzu? Junte-se a mais de 50.000.000 de estranhos no TinyChat! Ligue sua c\u00e2mera e comece a conhecer novas pessoas ou encontre um par.","robots":{"index":"index","follow":"follow","max-snippet":"max-snippet:-1","max-image-preview":"max-image-preview:large","max-video-preview":"max-video-preview:-1"},"canonical":"https:\/\/tinychat.com\/pt-br\/imeetzu\/","og_locale":"pt_BR","og_type":"article","og_title":"iMeetzu - Chatroulette & Omegle Alternative - TinyChat.com","og_description":"Enjoying iMeetzu? Join over 50,000,000 strangers on TinyChat! Turn on your cam and start meeting new people, or find a match.","og_url":"https:\/\/tinychat.com\/pt-br\/imeetzu\/","og_site_name":"TinyChat","article_publisher":"https:\/\/www.facebook.com\/tinychat","article_modified_time":"2025-09-29T10:44:51+00:00","og_image":[{"width":1280,"height":284,"url":"https:\/\/tinychat.com\/wp-content\/uploads\/2020\/04\/Tinychat-logo-1280x284-new-black.png","type":"image\/png"}],"twitter_card":"summary_large_image","twitter_site":"@tinychat","twitter_misc":{"Est. tempo de leitura":"5 minutos"},"schema":{"@context":"https:\/\/schema.org","@graph":[{"@type":"WebPage","@id":"https:\/\/tinychat.com\/imeetzu\/","url":"https:\/\/tinychat.com\/imeetzu\/","name":"iMeetzu - Alternativa para Chatroulette e Omegle - TinyChat.com","isPartOf":{"@id":"https:\/\/tinychat.com\/#website"},"datePublished":"2025-09-29T09:39:15+00:00","dateModified":"2025-09-29T10:44:51+00:00","description":"Est\u00e1 gostando do iMeetzu? Junte-se a mais de 50.000.000 de estranhos no TinyChat! Ligue sua c\u00e2mera e comece a conhecer novas pessoas ou encontre um par.","breadcrumb":{"@id":"https:\/\/tinychat.com\/imeetzu\/#breadcrumb"},"inLanguage":"pt-BR","potentialAction":[{"@type":"ReadAction","target":["https:\/\/tinychat.com\/imeetzu\/"]}]},{"@type":"BreadcrumbList","@id":"https:\/\/tinychat.com\/imeetzu\/#breadcrumb","itemListElement":[{"@type":"ListItem","position":1,"name":"Home","item":"https:\/\/tinychat.com\/"},{"@type":"ListItem","position":2,"name":"iMeetzu"}]},{"@type":"WebSite","@id":"https:\/\/tinychat.com\/#website","url":"https:\/\/tinychat.com\/","name":"TinyChat","description":"Bate-papo por v\u00eddeo aleat\u00f3rio com estranhos","publisher":{"@id":"https:\/\/tinychat.com\/#organization"},"alternateName":"TinyChat.com","potentialAction":[{"@type":"SearchAction","target":{"@type":"EntryPoint","urlTemplate":"https:\/\/tinychat.com\/?s={search_term_string}"},"query-input":{"@type":"PropertyValueSpecification","valueRequired":true,"valueName":"search_term_string"}}],"inLanguage":"pt-BR"},{"@type":"Organization","@id":"https:\/\/tinychat.com\/#organization","name":"TinyChat","alternateName":"TinyChat.com","url":"https:\/\/tinychat.com\/","logo":{"@type":"ImageObject","inLanguage":"pt-BR","@id":"https:\/\/tinychat.com\/#\/schema\/logo\/image\/","url":"https:\/\/tinychat.com\/wp-content\/uploads\/2023\/11\/Tinychat-icon-square.png","contentUrl":"https:\/\/tinychat.com\/wp-content\/uploads\/2023\/11\/Tinychat-icon-square.png","width":284,"height":284,"caption":"TinyChat"},"image":{"@id":"https:\/\/tinychat.com\/#\/schema\/logo\/image\/"},"sameAs":["https:\/\/www.facebook.com\/tinychat","https:\/\/x.com\/tinychat"]}]}},"_links":{"self":[{"href":"https:\/\/tinychat.com\/pt-br\/wp-json\/wp\/v2\/pages\/3266","targetHints":{"allow":["GET"]}}],"collection":[{"href":"https:\/\/tinychat.com\/pt-br\/wp-json\/wp\/v2\/pages"}],"about":[{"href":"https:\/\/tinychat.com\/pt-br\/wp-json\/wp\/v2\/types\/page"}],"author":[{"embeddable":true,"href":"https:\/\/tinychat.com\/pt-br\/wp-json\/wp\/v2\/users\/6"}],"replies":[{"embeddable":true,"href":"https:\/\/tinychat.com\/pt-br\/wp-json\/wp\/v2\/comments?post=3266"}],"version-history":[{"count":3,"href":"https:\/\/tinychat.com\/pt-br\/wp-json\/wp\/v2\/pages\/3266\/revisions"}],"predecessor-version":[{"id":13544,"href":"https:\/\/tinychat.com\/pt-br\/wp-json\/wp\/v2\/pages\/3266\/revisions\/13544"}],"wp:attachment":[{"href":"https:\/\/tinychat.com\/pt-br\/wp-json\/wp\/v2\/media?parent=3266"}],"curies":[{"name":"wp","href":"https:\/\/api.w.org\/{rel}","templated":true}]}}