{"id":3970,"date":"2025-08-07T10:31:39","date_gmt":"2025-08-07T08:31:39","guid":{"rendered":"https:\/\/tinychat.com\/?page_id=3970"},"modified":"2025-08-07T10:52:50","modified_gmt":"2025-08-07T08:52:50","slug":"random-webcam-chat","status":"publish","type":"page","link":"https:\/\/tinychat.com\/pt-br\/random-webcam-chat\/","title":{"rendered":"Bate-papo aleat\u00f3rio na webcam"},"content":{"rendered":"<p>A Internet transformou o mundo inteiro em uma grande vizinhan\u00e7a - e nada captura esse esp\u00edrito como um bate-papo aleat\u00f3rio pela webcam. Com apenas alguns cliques, voc\u00ea pode ir da sua sala de estar para uma conversa cara a cara com um estranho do outro lado do mundo. Se estiver procurando fazer amigos, aprender sobre outras culturas ou apenas se divertir espontaneamente, o bate-papo aleat\u00f3rio com webcam \u00e9 a melhor aventura digital.<\/p>\n<p>Ent\u00e3o, o que exatamente \u00e9 o bate-papo aleat\u00f3rio pela webcam, como funciona e por que est\u00e1 conquistando o mundo on-line? Vamos nos aprofundar no assunto.<\/p>\n<h2>O que \u00e9 o bate-papo aleat\u00f3rio na webcam?<\/h2>\n<p>O bate-papo aleat\u00f3rio pela webcam \u00e9 um conceito simples, mas poderoso: fa\u00e7a login em uma plataforma, ligue sua webcam e fa\u00e7a um par instant\u00e2neo com um estranho para uma conversa por v\u00eddeo ao vivo. N\u00e3o h\u00e1 necessidade de compartilhar detalhes pessoais, criar um perfil ou esperar por uma solicita\u00e7\u00e3o de amizade - apenas conex\u00e3o instant\u00e2nea e em tempo real.<\/p>\n<p>Os principais recursos geralmente incluem:<\/p>\n<ul>\n<li>Bate-papo aleat\u00f3rio gratuito com webcam: N\u00e3o h\u00e1 custo para come\u00e7ar; muitos dos principais sites oferecem bate-papos gratuitos ilimitados.<\/li>\n<li>Combina\u00e7\u00e3o individual: voc\u00ea \u00e9 emparelhado com uma pessoa de cada vez para uma conversa genu\u00edna.<\/li>\n<li>Bot\u00f5es \"Next\" ou \"Skip\": Se o bate-papo n\u00e3o for sua praia, clique para conhecer algu\u00e9m imediatamente.<\/li>\n<li>Anonimato: Use um apelido ou permane\u00e7a totalmente an\u00f4nimo - compartilhe apenas o que lhe for confort\u00e1vel.<\/li>\n<\/ul>\n<p>De conversas casuais a conversas profundas, cada bate-papo \u00e9 \u00fanico.<\/p>\n<h2>Por que experimentar o bate-papo aleat\u00f3rio com estranhos na webcam?<\/h2>\n<p>Milh\u00f5es de pessoas em todo o mundo adoram o bate-papo aleat\u00f3rio pela webcam por v\u00e1rios motivos:<\/p>\n<ul>\n<li>Conex\u00e3o instant\u00e2nea: N\u00e3o h\u00e1 necessidade de criar um perfil ou rolar a tela por horas - comece a conversar em segundos.<\/li>\n<li>Amizades globais: Conhe\u00e7a pessoas de todos os continentes, culturas e origens.<\/li>\n<li>Pratique habilidades sociais: \u00d3timo para pessoas t\u00edmidas, estudantes de idiomas ou qualquer pessoa que queira aumentar a confian\u00e7a.<\/li>\n<li>Sem press\u00e3o: N\u00e3o est\u00e1 se sentindo bem? Simplesmente pule e siga em frente - sem ressentimentos.<\/li>\n<li>Combater a solid\u00e3o: Perfeito para noites tardias, dias chuvosos ou sempre que voc\u00ea quiser um pouco de conex\u00e3o humana.<\/li>\n<li>Divers\u00e3o imprevis\u00edvel: Cada bate-papo \u00e9 uma nova hist\u00f3ria; voc\u00ea nunca sabe quem vai conhecer ou sobre o que vai conversar.<\/li>\n<\/ul>\n<blockquote><p>\"Entrei em um bate-papo aleat\u00f3rio pela webcam s\u00f3 para passar o tempo e agora tenho amigos de quatro pa\u00edses diferentes. Alguns bate-papos s\u00e3o bobos, outros s\u00e3o profundos e outros simplesmente me fazem rir.\"<\/p><\/blockquote>\n<h2>Como funciona o bate-papo aleat\u00f3rio gratuito na webcam?<\/h2>\n<p>Come\u00e7ar a usar o bate-papo aleat\u00f3rio com webcam n\u00e3o poderia ser mais f\u00e1cil, mesmo que voc\u00ea nunca tenha experimentado antes:<\/p>\n<ol>\n<li>Escolha uma plataforma: H\u00e1 dezenas de sites e aplicativos gratuitos de bate-papo com webcam aleat\u00f3rio (veja abaixo as melhores op\u00e7\u00f5es).<\/li>\n<li>Permitir acesso \u00e0 c\u00e2mera e ao microfone: Seu navegador ou aplicativo solicitar\u00e1 permiss\u00e3o para usar a webcam e o microfone.<\/li>\n<li>Escolha suas op\u00e7\u00f5es: Algumas plataformas permitem que voc\u00ea filtre por g\u00eanero, pa\u00eds ou interesses.<\/li>\n<li>Clique em \"Start\" (Iniciar), \"Connect\" (Conectar) ou \"Next\" (Pr\u00f3ximo): Fa\u00e7a imediatamente um par com um estranho aleat\u00f3rio para um bate-papo por v\u00eddeo ao vivo.<\/li>\n<li>Converse o tempo que quiser: Se voc\u00ea se identificar com algu\u00e9m, fique por perto. Caso contr\u00e1rio, clique em \"next\" (pr\u00f3ximo) para uma nova partida.<\/li>\n<\/ol>\n<p>Sem registro, sem compromisso - apenas conversa pura e ao vivo.<\/p>\n<h2>Melhores sites e aplicativos de bate-papo aleat\u00f3rio com webcam<\/h2>\n<p>Est\u00e1 curioso para saber por onde come\u00e7ar? Aqui est\u00e3o algumas das plataformas mais bem avaliadas e confi\u00e1veis para bate-papo aleat\u00f3rio gratuito com webcam:<\/p>\n<ul>\n<li>Omegle: o original, ainda em vigor para bate-papo por v\u00eddeo an\u00f4nimo com estranhos.<\/li>\n<li>Chatroulette: ritmo acelerado, sempre ativo e popular em todo o mundo.<\/li>\n<li>Chatspin: Filtros para g\u00eanero, local e interesses. Efeitos de v\u00eddeo divertidos e f\u00e1ceis de usar.<\/li>\n<li>Camsurf: Moderado para seguran\u00e7a e positividade; simples e compat\u00edvel com dispositivos m\u00f3veis.<\/li>\n<li>Chatrandom: Bate-papos em grupo e privados, al\u00e9m de filtros para correspond\u00eancias personalizadas.<\/li>\n<li>Bazoocam: Popular na Europa, com jogos para quebrar o gelo.<\/li>\n<\/ul>\n<p>Experimente alguns para ver qual vibra\u00e7\u00e3o e caracter\u00edsticas lhe agradam mais - cada comunidade tem sua pr\u00f3pria energia.<\/p>\n<h2>Bate-papo aleat\u00f3rio pela webcam versus outros bate-papos on-line<\/h2>\n<table>\n<thead>\n<tr>\n<th>Recurso<\/th>\n<th>Bate-papo aleat\u00f3rio na webcam<\/th>\n<th>Bate-papo em grupo<\/th>\n<th>M\u00eddia social<\/th>\n<th>Aplicativos de mensagens<\/th>\n<\/tr>\n<\/thead>\n<tbody>\n<tr>\n<td>V\u00eddeo em tempo real<\/td>\n<td>\u2705<\/td>\n<td>\u2705<\/td>\n<td>\u2705<\/td>\n<td>\u2705<\/td>\n<\/tr>\n<tr>\n<td>Emparelhamento aleat\u00f3rio e an\u00f4nimo<\/td>\n<td>\u2705<\/td>\n<td>\u274c<\/td>\n<td>\u274c<\/td>\n<td>\u274c<\/td>\n<\/tr>\n<tr>\n<td>Op\u00e7\u00e3o \"Next\"\/pular<\/td>\n<td>\u2705<\/td>\n<td>\u274c<\/td>\n<td>\u274c<\/td>\n<td>\u274c<\/td>\n<\/tr>\n<tr>\n<td>N\u00e3o \u00e9 necess\u00e1rio se registrar<\/td>\n<td>\u2705<\/td>\n<td>\u2705\/\u274c<\/td>\n<td>\u274c<\/td>\n<td>\u274c<\/td>\n<\/tr>\n<tr>\n<td>Uso gratuito<\/td>\n<td>\u2705<\/td>\n<td>\u2705<\/td>\n<td>\u2705<\/td>\n<td>\u2705<\/td>\n<\/tr>\n<\/tbody>\n<\/table>\n<p>O bate-papo aleat\u00f3rio pela webcam \u00e9 incompar\u00e1vel por sua espontaneidade, anonimato e pela emo\u00e7\u00e3o de n\u00e3o saber quem voc\u00ea vai encontrar em seguida.<\/p>\n<h2>O bate-papo aleat\u00f3rio com webcam \u00e9 seguro?<\/h2>\n<p>A maioria das pessoas usa o bate-papo aleat\u00f3rio com a webcam para se divertir de forma inofensiva, mas, como em qualquer coisa on-line, a seguran\u00e7a vem em primeiro lugar:<\/p>\n<ul>\n<li>Nunca compartilhe detalhes pessoais: Mantenha seu nome completo, endere\u00e7o, n\u00famero de telefone e m\u00eddia social privados.<\/li>\n<li>Use um plano de fundo neutro: N\u00e3o mostre nada que voc\u00ea n\u00e3o gostaria que os estranhos vissem.<\/li>\n<li>Confie em seu instinto: Se algu\u00e9m lhe parecer estranho ou o deixar desconfort\u00e1vel, ignore-o ou bloqueie-o.<\/li>\n<li>Denuncie comportamentos inadequados: A maioria das plataformas tem recursos r\u00e1pidos de den\u00fancia e bloqueio.<\/li>\n<li>Seja cauteloso com links e arquivos: Nunca clique ou baixe nada de um estranho.<\/li>\n<\/ul>\n<p>Para obter a melhor experi\u00eancia, prefira sites de boa reputa\u00e7\u00e3o com modera\u00e7\u00e3o ativa e regras claras.<\/p>\n<h2>Quem usa o bate-papo aleat\u00f3rio por webcam?<\/h2>\n<p>\u00c9 para todos! Os usu\u00e1rios t\u00edpicos incluem:<\/p>\n<ul>\n<li>Solteiros que procuram flertar ou encontrar novos amigos<\/li>\n<li>Alunos e aprendizes de idiomas praticando conversa\u00e7\u00e3o<\/li>\n<li>Corujas noturnas e insones entediados \u00e0 procura de companhia<\/li>\n<li>Pessoas que desejam se conectar globalmente ou aprender sobre novas culturas<\/li>\n<li>Qualquer pessoa que queira apenas um pouco de divers\u00e3o espont\u00e2nea<\/li>\n<\/ul>\n<p>Independentemente de sua idade, forma\u00e7\u00e3o ou interesses, \u00e9 prov\u00e1vel que voc\u00ea conhe\u00e7a algu\u00e9m que o surpreenda.<\/p>\n<h2>Dicas para uma \u00f3tima experi\u00eancia de bate-papo aleat\u00f3rio na webcam<\/h2>\n<ul>\n<li>Seja amig\u00e1vel: sorria, diga \"oi\" e comece com uma pergunta simples.<\/li>\n<li>Mantenha a leveza: N\u00e3o tenha medo de ser bobo, compartilhar uma piada ou perguntar sobre hobbies.<\/li>\n<li>N\u00e3o leve para o lado pessoal se algu\u00e9m pular: Cada pessoa est\u00e1 procurando algo diferente.<\/li>\n<li>Use filtros, se dispon\u00edveis: Tags de g\u00eanero, pa\u00eds ou interesse ajudam a encontrar melhores correspond\u00eancias.<\/li>\n<li>Experimente em hor\u00e1rios diferentes: O mundo est\u00e1 sempre acordado em algum lugar - misture-o para obter novos rostos.<\/li>\n<\/ul>\n<h2>Quando usar o bate-papo aleat\u00f3rio da webcam<\/h2>\n<ul>\n<li>Quando voc\u00ea est\u00e1 entediado e quer uma companhia espont\u00e2nea<\/li>\n<li>Conhecer pessoas de outros pa\u00edses e culturas<\/li>\n<li>Para praticar novos idiomas ou habilidades sociais<\/li>\n<li>Se voc\u00ea estiver se sentindo solit\u00e1rio ou quiser apenas conversar<\/li>\n<li>Sempre que voc\u00ea quiser uma aventura em tempo real e sem roteiro<\/li>\n<\/ul>\n<h2>Recursos gratuitos vs. pagos<\/h2>\n<p>A maioria das plataformas de bate-papo com webcam aleat\u00f3ria \u00e9 totalmente gratuita. Algumas oferecem extras opcionais pagos, como:<\/p>\n<ul>\n<li>Filtros ou correspond\u00eancias ilimitados<\/li>\n<li>Experi\u00eancia sem an\u00fancios<\/li>\n<li>Prioridade em filas ou recursos premium<\/li>\n<li>Acesso a salas de bate-papo privadas ou exclusivas<\/li>\n<\/ul>\n<p>A vers\u00e3o gratuita \u00e9 mais do que suficiente para a maioria dos usu\u00e1rios - n\u00e3o h\u00e1 necessidade de pagar, a menos que voc\u00ea queira vantagens extras.<\/p>\n<p>O bate-papo aleat\u00f3rio com webcam \u00e9 a resposta moderna para a curiosidade, a conex\u00e3o e a divers\u00e3o globais. Esteja voc\u00ea em busca de amizade, romance, pr\u00e1tica do idioma ou apenas algo para quebrar a rotina, essas plataformas colocam um mundo de rostos ao seu alcance - sem compromisso, sem press\u00e3o, apenas pessoas reais e conversas reais.<\/p>\n<p>Pronto para experimentar? Ligue sua webcam, escolha um site e veja quem est\u00e1 por l\u00e1. Seu pr\u00f3ximo bate-papo favorito pode estar a apenas um clique de dist\u00e2ncia.<\/p>","protected":false},"excerpt":{"rendered":"<p>The internet has turned the whole world into one big neighborhood\u2014and nothing captures that spirit quite like random webcam chat. In just a few clicks, you can go from your living room to a face-to-face conversation with a stranger across the globe. Whether you\u2019re looking to make friends, learn about other cultures, or just have [&hellip;]<\/p>\n","protected":false},"author":8,"featured_media":0,"parent":0,"menu_order":0,"comment_status":"closed","ping_status":"closed","template":"","meta":{"footnotes":""},"class_list":["post-3970","page","type-page","status-publish","hentry"],"yoast_head":"<!-- This site is optimized with the Yoast SEO plugin v27.5 - https:\/\/yoast.com\/product\/yoast-seo-wordpress\/ -->\n<title>Random Webcam Chat with Video Chat on TinyChat.com<\/title>\n<meta name=\"description\" content=\"Enjoying Random Webcam Chat? Join over 50,000,000 strangers on TinyChat! Turn on your cam and start meeting new people, or find a match.\" \/>\n<meta name=\"robots\" content=\"index, follow, max-snippet:-1, max-image-preview:large, max-video-preview:-1\" \/>\n<link rel=\"canonical\" href=\"https:\/\/tinychat.com\/pt-br\/random-webcam-chat\/\" \/>\n<meta property=\"og:locale\" content=\"pt_BR\" \/>\n<meta property=\"og:type\" content=\"article\" \/>\n<meta property=\"og:title\" content=\"Random Webcam Chat with Video Chat on TinyChat.com\" \/>\n<meta property=\"og:description\" content=\"Enjoying Random Webcam Chat? Join over 50,000,000 strangers on TinyChat! Turn on your cam and start meeting new people, or find a match.\" \/>\n<meta property=\"og:url\" content=\"https:\/\/tinychat.com\/pt-br\/random-webcam-chat\/\" \/>\n<meta property=\"og:site_name\" content=\"TinyChat\" \/>\n<meta property=\"article:publisher\" content=\"https:\/\/www.facebook.com\/tinychat\" \/>\n<meta property=\"article:modified_time\" content=\"2025-08-07T08:52:50+00:00\" \/>\n<meta property=\"og:image\" content=\"https:\/\/tinychat.com\/wp-content\/uploads\/2020\/04\/Tinychat-logo-1280x284-new-black.png\" \/>\n\t<meta property=\"og:image:width\" content=\"1280\" \/>\n\t<meta property=\"og:image:height\" content=\"284\" \/>\n\t<meta property=\"og:image:type\" content=\"image\/png\" \/>\n<meta name=\"twitter:card\" content=\"summary_large_image\" \/>\n<meta name=\"twitter:site\" content=\"@tinychat\" \/>\n<meta name=\"twitter:label1\" content=\"Est. tempo de leitura\" \/>\n\t<meta name=\"twitter:data1\" content=\"5 minutos\" \/>\n<script type=\"application\/ld+json\" class=\"yoast-schema-graph\">{\"@context\":\"https:\\\/\\\/schema.org\",\"@graph\":[{\"@type\":\"WebPage\",\"@id\":\"https:\\\/\\\/tinychat.com\\\/random-webcam-chat\\\/\",\"url\":\"https:\\\/\\\/tinychat.com\\\/random-webcam-chat\\\/\",\"name\":\"Random Webcam Chat with Video Chat on TinyChat.com\",\"isPartOf\":{\"@id\":\"https:\\\/\\\/tinychat.com\\\/#website\"},\"datePublished\":\"2025-08-07T08:31:39+00:00\",\"dateModified\":\"2025-08-07T08:52:50+00:00\",\"description\":\"Enjoying Random Webcam Chat? Join over 50,000,000 strangers on TinyChat! Turn on your cam and start meeting new people, or find a match.\",\"breadcrumb\":{\"@id\":\"https:\\\/\\\/tinychat.com\\\/random-webcam-chat\\\/#breadcrumb\"},\"inLanguage\":\"pt-BR\",\"potentialAction\":[{\"@type\":\"ReadAction\",\"target\":[\"https:\\\/\\\/tinychat.com\\\/random-webcam-chat\\\/\"]}]},{\"@type\":\"BreadcrumbList\",\"@id\":\"https:\\\/\\\/tinychat.com\\\/random-webcam-chat\\\/#breadcrumb\",\"itemListElement\":[{\"@type\":\"ListItem\",\"position\":1,\"name\":\"Home\",\"item\":\"https:\\\/\\\/tinychat.com\\\/\"},{\"@type\":\"ListItem\",\"position\":2,\"name\":\"Random Webcam Chat\"}]},{\"@type\":\"WebSite\",\"@id\":\"https:\\\/\\\/tinychat.com\\\/#website\",\"url\":\"https:\\\/\\\/tinychat.com\\\/\",\"name\":\"TinyChat\",\"description\":\"Random Video Chat with Strangers\",\"publisher\":{\"@id\":\"https:\\\/\\\/tinychat.com\\\/#organization\"},\"alternateName\":\"TinyChat.com\",\"potentialAction\":[{\"@type\":\"SearchAction\",\"target\":{\"@type\":\"EntryPoint\",\"urlTemplate\":\"https:\\\/\\\/tinychat.com\\\/?s={search_term_string}\"},\"query-input\":{\"@type\":\"PropertyValueSpecification\",\"valueRequired\":true,\"valueName\":\"search_term_string\"}}],\"inLanguage\":\"pt-BR\"},{\"@type\":\"Organization\",\"@id\":\"https:\\\/\\\/tinychat.com\\\/#organization\",\"name\":\"TinyChat\",\"alternateName\":\"TinyChat.com\",\"url\":\"https:\\\/\\\/tinychat.com\\\/\",\"logo\":{\"@type\":\"ImageObject\",\"inLanguage\":\"pt-BR\",\"@id\":\"https:\\\/\\\/tinychat.com\\\/#\\\/schema\\\/logo\\\/image\\\/\",\"url\":\"https:\\\/\\\/tinychat.com\\\/wp-content\\\/uploads\\\/2023\\\/11\\\/Tinychat-icon-square.png\",\"contentUrl\":\"https:\\\/\\\/tinychat.com\\\/wp-content\\\/uploads\\\/2023\\\/11\\\/Tinychat-icon-square.png\",\"width\":284,\"height\":284,\"caption\":\"TinyChat\"},\"image\":{\"@id\":\"https:\\\/\\\/tinychat.com\\\/#\\\/schema\\\/logo\\\/image\\\/\"},\"sameAs\":[\"https:\\\/\\\/www.facebook.com\\\/tinychat\",\"https:\\\/\\\/x.com\\\/tinychat\"]}]}<\/script>\n<!-- \/ Yoast SEO plugin. -->","yoast_head_json":{"title":"Bate-papo aleat\u00f3rio com webcam e bate-papo por v\u00eddeo no TinyChat.com","description":"Est\u00e1 gostando do bate-papo aleat\u00f3rio na webcam? Junte-se a mais de 50.000.000 de estranhos no TinyChat! Ligue sua c\u00e2mera e comece a conhecer novas pessoas ou encontre um par.","robots":{"index":"index","follow":"follow","max-snippet":"max-snippet:-1","max-image-preview":"max-image-preview:large","max-video-preview":"max-video-preview:-1"},"canonical":"https:\/\/tinychat.com\/pt-br\/random-webcam-chat\/","og_locale":"pt_BR","og_type":"article","og_title":"Random Webcam Chat with Video Chat on TinyChat.com","og_description":"Enjoying Random Webcam Chat? Join over 50,000,000 strangers on TinyChat! Turn on your cam and start meeting new people, or find a match.","og_url":"https:\/\/tinychat.com\/pt-br\/random-webcam-chat\/","og_site_name":"TinyChat","article_publisher":"https:\/\/www.facebook.com\/tinychat","article_modified_time":"2025-08-07T08:52:50+00:00","og_image":[{"width":1280,"height":284,"url":"https:\/\/tinychat.com\/wp-content\/uploads\/2020\/04\/Tinychat-logo-1280x284-new-black.png","type":"image\/png"}],"twitter_card":"summary_large_image","twitter_site":"@tinychat","twitter_misc":{"Est. tempo de leitura":"5 minutos"},"schema":{"@context":"https:\/\/schema.org","@graph":[{"@type":"WebPage","@id":"https:\/\/tinychat.com\/random-webcam-chat\/","url":"https:\/\/tinychat.com\/random-webcam-chat\/","name":"Bate-papo aleat\u00f3rio com webcam e bate-papo por v\u00eddeo no TinyChat.com","isPartOf":{"@id":"https:\/\/tinychat.com\/#website"},"datePublished":"2025-08-07T08:31:39+00:00","dateModified":"2025-08-07T08:52:50+00:00","description":"Est\u00e1 gostando do bate-papo aleat\u00f3rio na webcam? Junte-se a mais de 50.000.000 de estranhos no TinyChat! Ligue sua c\u00e2mera e comece a conhecer novas pessoas ou encontre um par.","breadcrumb":{"@id":"https:\/\/tinychat.com\/random-webcam-chat\/#breadcrumb"},"inLanguage":"pt-BR","potentialAction":[{"@type":"ReadAction","target":["https:\/\/tinychat.com\/random-webcam-chat\/"]}]},{"@type":"BreadcrumbList","@id":"https:\/\/tinychat.com\/random-webcam-chat\/#breadcrumb","itemListElement":[{"@type":"ListItem","position":1,"name":"Home","item":"https:\/\/tinychat.com\/"},{"@type":"ListItem","position":2,"name":"Random Webcam Chat"}]},{"@type":"WebSite","@id":"https:\/\/tinychat.com\/#website","url":"https:\/\/tinychat.com\/","name":"TinyChat","description":"Bate-papo por v\u00eddeo aleat\u00f3rio com estranhos","publisher":{"@id":"https:\/\/tinychat.com\/#organization"},"alternateName":"TinyChat.com","potentialAction":[{"@type":"SearchAction","target":{"@type":"EntryPoint","urlTemplate":"https:\/\/tinychat.com\/?s={search_term_string}"},"query-input":{"@type":"PropertyValueSpecification","valueRequired":true,"valueName":"search_term_string"}}],"inLanguage":"pt-BR"},{"@type":"Organization","@id":"https:\/\/tinychat.com\/#organization","name":"TinyChat","alternateName":"TinyChat.com","url":"https:\/\/tinychat.com\/","logo":{"@type":"ImageObject","inLanguage":"pt-BR","@id":"https:\/\/tinychat.com\/#\/schema\/logo\/image\/","url":"https:\/\/tinychat.com\/wp-content\/uploads\/2023\/11\/Tinychat-icon-square.png","contentUrl":"https:\/\/tinychat.com\/wp-content\/uploads\/2023\/11\/Tinychat-icon-square.png","width":284,"height":284,"caption":"TinyChat"},"image":{"@id":"https:\/\/tinychat.com\/#\/schema\/logo\/image\/"},"sameAs":["https:\/\/www.facebook.com\/tinychat","https:\/\/x.com\/tinychat"]}]}},"_links":{"self":[{"href":"https:\/\/tinychat.com\/pt-br\/wp-json\/wp\/v2\/pages\/3970","targetHints":{"allow":["GET"]}}],"collection":[{"href":"https:\/\/tinychat.com\/pt-br\/wp-json\/wp\/v2\/pages"}],"about":[{"href":"https:\/\/tinychat.com\/pt-br\/wp-json\/wp\/v2\/types\/page"}],"author":[{"embeddable":true,"href":"https:\/\/tinychat.com\/pt-br\/wp-json\/wp\/v2\/users\/8"}],"replies":[{"embeddable":true,"href":"https:\/\/tinychat.com\/pt-br\/wp-json\/wp\/v2\/comments?post=3970"}],"version-history":[{"count":2,"href":"https:\/\/tinychat.com\/pt-br\/wp-json\/wp\/v2\/pages\/3970\/revisions"}],"predecessor-version":[{"id":13416,"href":"https:\/\/tinychat.com\/pt-br\/wp-json\/wp\/v2\/pages\/3970\/revisions\/13416"}],"wp:attachment":[{"href":"https:\/\/tinychat.com\/pt-br\/wp-json\/wp\/v2\/media?parent=3970"}],"curies":[{"name":"wp","href":"https:\/\/api.w.org\/{rel}","templated":true}]}}