{"id":3987,"date":"2025-05-23T17:34:41","date_gmt":"2025-05-23T15:34:41","guid":{"rendered":"https:\/\/tinychat.com\/?page_id=3987"},"modified":"2025-06-12T10:27:56","modified_gmt":"2025-06-12T08:27:56","slug":"talk-to-strangers","status":"publish","type":"page","link":"https:\/\/tinychat.com\/pt-br\/talk-to-strangers\/","title":{"rendered":"Fale com estranhos"},"content":{"rendered":"<p>O desejo de conversar com estranhos on-line n\u00e3o tem a ver com conversa fiada - tem a ver com acaso, surpresa e, \u00e0s vezes, at\u00e9 com autodescoberta. Quer voc\u00ea esteja se sentindo isolado, entediado, curioso ou aventureiro, o desejo de se conectar com algu\u00e9m novo - algu\u00e9m fora de seus c\u00edrculos habituais - \u00e9 profundamente humano. \u00c9 a\u00ed que plataformas como <a href=\"https:\/\/tinychat.com\/pt-br\/\">TinyChat<\/a> entram em cena, criando ambientes seguros, f\u00e1ceis e envolventes para fazer exatamente isso: conversar com estranhos.<\/p>\n<p>Este artigo \u00e9 o seu guia completo para conversar com estranhos on-line - por que as pessoas fazem isso, como faz\u00ea-lo com seguran\u00e7a e por que <a href=\"https:\/\/tinychat.com\/pt-br\/\">TinyChat<\/a> \u00e9 uma das melhores plataformas dispon\u00edveis atualmente para uma intera\u00e7\u00e3o significativa e em tempo real.<\/p>\n<h2>Por que as pessoas querem conversar com estranhos?<\/h2>\n<p>\u00c0 primeira vista, a ideia pode parecer estranha: por que voc\u00ea gostaria de conversar com algu\u00e9m que nunca conheceu e talvez nunca mais veja? Mas, na verdade, esse \u00e9 exatamente o objetivo.<\/p>\n<h3>1. Liberdade sem julgamento<\/h3>\n<p>Falar com estranhos significa que voc\u00ea pode ser quem quiser. N\u00e3o h\u00e1 bagagem social, n\u00e3o h\u00e1 necessidade de se apresentar e n\u00e3o h\u00e1 medo de consequ\u00eancias a longo prazo. Voc\u00ea pode desabafar, experimentar, explorar ou simplesmente ser voc\u00ea mesmo sem filtros.<\/p>\n<h3>2. Curiosidade genu\u00edna<\/h3>\n<p>Os seres humanos s\u00e3o naturalmente curiosos. Queremos saber como as pessoas vivem em outros pa\u00edses, o que elas pensam sobre determinados assuntos ou como a vida delas difere da nossa. Conversar com estranhos oferece uma janela para o mundo de outra pessoa.<\/p>\n<h3>3. Combatendo a solid\u00e3o<\/h3>\n<p>Em um mundo que est\u00e1 mais conectado digitalmente do que nunca, muitas pessoas se sentem emocionalmente desconectadas. Conversar com estranhos on-line pode aliviar a sensa\u00e7\u00e3o de isolamento, especialmente para aqueles que trabalham remotamente, moram sozinhos ou sofrem de ansiedade social.<\/p>\n<h3>4. Fazer novos amigos<\/h3>\n<p>Enquanto algumas conversas s\u00e3o passageiras, outras se transformam em verdadeiras amizades. Muitas pessoas encontram amigos ou parceiros para toda a vida simplesmente iniciando uma <a href=\"https:\/\/tinychat.com\/pt-br\/chatroulette\/\">bate-papo<\/a> com um <a href=\"https:\/\/tinychat.com\/pt-br\/strangercam\/\">estranho<\/a>.<\/p>\n<h3>5. Crescimento pessoal<\/h3>\n<p>Toda conversa com um <a href=\"https:\/\/tinychat.com\/pt-br\/strangercam\/\">estranho<\/a> pode desafiar suas suposi\u00e7\u00f5es, ampliar seu pensamento ou ajud\u00e1-lo a praticar a empatia. \u00c9 uma forma de desenvolvimento social de baixo risco que rende dividendos emocionais.<\/p>\n<h2>O que significa \"conversar com estranhos\" atualmente?<\/h2>\n<p>Na era digital, \"falar com estranhos\" n\u00e3o significa mais apenas conversar com algu\u00e9m em um trem ou em uma cafeteria. Hoje, isso significa:<\/p>\n<ul>\n<li>Clicar em um bot\u00e3o para fazer a correspond\u00eancia com um <a href=\"https:\/\/tinychat.com\/pt-br\/strangercam\/\">estranho<\/a> em qualquer lugar do mundo.<\/li>\n<li>Conversas espont\u00e2neas por texto ou v\u00eddeo, geralmente de forma an\u00f4nima.<\/li>\n<li>Envolvimento por meio de interesses <a href=\"https:\/\/tinychat.com\/pt-br\/chatroulette\/\">bate-papo<\/a> salas ou grupos de transmiss\u00e3o ao vivo.<\/li>\n<li>Conversar com as pessoas sem precisar criar um perfil social ou usar seu nome verdadeiro.<\/li>\n<\/ul>\n<p>E, o mais importante, significa abertura para novas experi\u00eancias - \u00e0s vezes bobas, \u00e0s vezes s\u00e9rias, muitas vezes surpreendentes.<\/p>\n<h2>Onde conversar com estranhos on-line<\/h2>\n<p>A Internet est\u00e1 repleta de plataformas que permitem que voc\u00ea converse com estranhos, mas nem todas s\u00e3o iguais. Algumas priorizam a seguran\u00e7a e a comunidade, enquanto outras s\u00e3o mais ca\u00f3ticas ou voltadas para adultos.<\/p>\n<p>Aqui est\u00e3o os tipos mais populares de plataformas onde as pessoas v\u00e3o para conhecer estranhos:<\/p>\n<h3>1. Bate-papo aleat\u00f3rio individual<\/h3>\n<p>Este \u00e9 o modelo no estilo Omegle: voc\u00ea \u00e9 combinado aleatoriamente com algu\u00e9m para um v\u00eddeo ou texto privado <a href=\"https:\/\/tinychat.com\/pt-br\/chatroulette\/\">bate-papo<\/a>. Voc\u00ea pode pular para a pr\u00f3xima pessoa a qualquer momento.<\/p>\n<h3>2. Salas de bate-papo em grupo<\/h3>\n<p>Plataformas cl\u00e1ssicas como <a href=\"https:\/\/tinychat.com\/pt-br\/\">TinyChat<\/a> oferta p\u00fablica ou privada <a href=\"https:\/\/tinychat.com\/pt-br\/chatroulette\/\">bate-papo<\/a> salas sobre interesses espec\u00edficos (m\u00fasica, namoro, jogos, sa\u00fade mental etc.). Voc\u00ea pode ver v\u00e1rias pessoas conversando por texto ou v\u00eddeo e participar quando se sentir confort\u00e1vel.<\/p>\n<h3>3. Espa\u00e7os de bate-papo de transmiss\u00e3o ao vivo<\/h3>\n<p>Algumas plataformas permitem que voc\u00ea participe de transmiss\u00f5es ao vivo, nas quais as pessoas transmitem a si mesmas e <a href=\"https:\/\/tinychat.com\/pt-br\/chatroulette\/\">bate-papo<\/a> com os espectadores. Voc\u00ea pode falar com o apresentador, interagir com outras pessoas na <a href=\"https:\/\/tinychat.com\/pt-br\/chatroulette\/\">bate-papo<\/a>ou at\u00e9 mesmo ser convidado \"para o palco\".<\/p>\n<h3>4. Chats aleat\u00f3rios somente por voz<\/h3>\n<p>Para as pessoas que n\u00e3o se sentem \u00e0 vontade com o v\u00eddeo, os aplicativos que combinam com voc\u00ea por meio de \u00e1udio s\u00e3o uma \u00f3tima maneira de se familiarizar com ele <a href=\"https:\/\/tinychat.com\/pt-br\/strangercam\/\">estranho<\/a> conversas.<\/p>\n<h2>Por que o TinyChat \u00e9 o melhor lugar para conversar com estranhos<\/h2>\n<p>Quando se trata de comunica\u00e7\u00e3o espont\u00e2nea e em grupo, <a href=\"https:\/\/tinychat.com\/pt-br\/\">TinyChat<\/a> \u00e9 uma das plataformas mais antigas e confi\u00e1veis do mercado. Ela combina a liberdade da intera\u00e7\u00e3o an\u00f4nima com a estrutura de salas baseadas em t\u00f3picos, tornando-a ideal para pessoas que desejam conversar com estranhos sem caos.<\/p>\n<p>Veja por que <a href=\"https:\/\/tinychat.com\/pt-br\/\">TinyChat<\/a> \u00e9 excelente como uma plataforma para \"conversar com estranhos\":<\/p>\n<h3>N\u00e3o \u00e9 necess\u00e1rio se inscrever<\/h3>\n<p>Entre em um <a href=\"https:\/\/tinychat.com\/pt-br\/chatroulette\/\">bate-papo<\/a> instantaneamente sem precisar se registrar. Deseja mais recursos? Voc\u00ea pode se inscrever, mas n\u00e3o precisa. O design \u00e9 sem atrito.<\/p>\n<h3>Bate-papo por v\u00eddeo, voz e texto<\/h3>\n<p>Se voc\u00ea deseja ser visto, ouvido ou apenas digitar anonimamente, <a href=\"https:\/\/tinychat.com\/pt-br\/\">TinyChat<\/a> oferece v\u00e1rias maneiras de interagir. Voc\u00ea est\u00e1 sempre no controle da visibilidade que deseja ter.<\/p>\n<h3>Salas de bate-papo baseadas em t\u00f3picos<\/h3>\n<p>Diferente das plataformas individuais aleat\u00f3rias, <a href=\"https:\/\/tinychat.com\/pt-br\/\">TinyChat<\/a> permite que voc\u00ea escolha salas com base em seus interesses: m\u00fasica, pol\u00edtica, namoro, com\u00e9dia ou at\u00e9 mesmo apenas \"relaxar\". Isso facilita a localiza\u00e7\u00e3o de estranhos que pensam da mesma forma.<\/p>\n<h3>Salas p\u00fablicas e privadas<\/h3>\n<p>Quer conhecer pessoas em um grande espa\u00e7o p\u00fablico? V\u00e1 para uma sala movimentada. Quer algo mais calmo? Crie um espa\u00e7o privado <a href=\"https:\/\/tinychat.com\/pt-br\/chatroulette\/\">bate-papo<\/a> sala e convidar estranhos individualmente.<\/p>\n<h3>Recursos de transmiss\u00e3o ao vivo<\/h3>\n<p><a href=\"https:\/\/tinychat.com\/pt-br\/\">TinyChat<\/a> n\u00e3o se trata apenas de um a um <a href=\"https:\/\/tinychat.com\/pt-br\/chatroulette\/\">bate-papo<\/a>. Voc\u00ea pode transmitir seu pr\u00f3prio v\u00eddeo\/\u00e1udio para a sala e interagir com seu p\u00fablico em tempo real. Ou simplesmente sentar e assistir a outros apresentarem sess\u00f5es divertidas, estranhas ou perspicazes.<\/p>\n<h3>Compat\u00edvel com v\u00e1rias plataformas<\/h3>\n<p>Use-o em seu navegador ou baixe os aplicativos iOS\/Android para conversar em qualquer lugar.<\/p>\n<h2>\u00c9 seguro conversar com estranhos?<\/h2>\n<p>Conversar com estranhos on-line pode ser t\u00e3o seguro ou arriscado quanto voc\u00ea quiser. Embora a maioria das pessoas seja amig\u00e1vel ou inofensiva, \u00e9 importante proteger sua privacidade e seu bem-estar emocional. <a href=\"https:\/\/tinychat.com\/pt-br\/\">TinyChat<\/a> e outras plataformas respeit\u00e1veis fazem sua parte por meio da modera\u00e7\u00e3o, mas seus h\u00e1bitos tamb\u00e9m s\u00e3o importantes.<\/p>\n<h3>Dicas de seguran\u00e7a para conversar com estranhos on-line<\/h3>\n<ul>\n<li>Mantenha-se an\u00f4nimo: use um apelido. Nunca compartilhe seu nome verdadeiro, endere\u00e7o, escola ou local de trabalho.<\/li>\n<li>N\u00e3o envie fotos ou links: Mesmo que algu\u00e9m pare\u00e7a confi\u00e1vel, evite compartilhar imagens ou clicar em links.<\/li>\n<li>Seja respeitoso: Trate os outros da maneira que voc\u00ea gostaria de ser tratado. A maioria das plataformas, incluindo <a href=\"https:\/\/tinychat.com\/pt-br\/\">TinyChat<\/a>A empresa tem regras claras contra discurso de \u00f3dio e ass\u00e9dio.<\/li>\n<li>Denuncie usu\u00e1rios inadequados: Se algu\u00e9m ultrapassar os limites, use o bot\u00e3o de den\u00fancia incorporado.<\/li>\n<li>Evite compartilhar m\u00eddias sociais, a menos que esteja totalmente confiante e queira continuar a conex\u00e3o.<\/li>\n<\/ul>\n<h2>Benef\u00edcios de conversar com estranhos no TinyChat<\/h2>\n<p>H\u00e1 algo especial no formato baseado em grupos do TinyChat. Veja o que os usu\u00e1rios mais gostam:<\/p>\n<h3>Energia espont\u00e2nea do grupo<\/h3>\n<p>Ao contr\u00e1rio do que acontece com os <a href=\"https:\/\/tinychat.com\/pt-br\/chatroulette\/\">bate-papo<\/a> As salas abertas do TinyChat permitem a escuta casual, o envolvimento lento e coment\u00e1rios divertidos. Voc\u00ea \u00e9 livre para participar ou apenas assistir.<\/p>\n<h3>Comunidade global diversificada<\/h3>\n<p><a href=\"https:\/\/tinychat.com\/pt-br\/\">TinyChat<\/a> re\u00fane usu\u00e1rios de todo o mundo, oferecendo percep\u00e7\u00f5es culturais, perspectivas diferentes e, ocasionalmente, uma amizade inesperada.<\/p>\n<h3>Ambiente sem press\u00e3o<\/h3>\n<p>Voc\u00ea pode sair de uma sala a qualquer momento, silenciar o microfone ou desligar o v\u00eddeo. Voc\u00ea est\u00e1 sempre no controle da profundidade (ou superficialidade) do seu envolvimento.<\/p>\n<h3>Experi\u00eancia sob medida<\/h3>\n<p>N\u00e3o importa se voc\u00ea est\u00e1 l\u00e1 para paquerar, fazer amigos, debater pol\u00edtica, compartilhar m\u00fasicas ou apenas falar bobagens com estranhos, h\u00e1 uma sala para isso.<\/p>\n<h2>Experi\u00eancias reais do usu\u00e1rio<\/h2>\n<blockquote><p>\"Comecei a usar <a href=\"https:\/\/tinychat.com\/pt-br\/\">TinyChat<\/a> durante a pandemia apenas para encontrar algu\u00e9m com quem conversar. Dois anos depois, ainda dou uma passada por l\u00e1 para conhecer novas pessoas. \u00c9 como um bar virtual\".<br \/>\n- <em>Kevin M., EUA<\/em><\/p><\/blockquote>\n<blockquote><p>\"O que eu gosto \u00e9 que n\u00e3o \u00e9 muito louco. Posso simplesmente relaxar em uma sala de m\u00fasica, colocar meu microfone e vibrar com pessoas aleat\u00f3rias do Canad\u00e1 \u00e0 Cro\u00e1cia.\"<br \/>\n- <em>Elena R., Holanda<\/em><\/p><\/blockquote>\n<blockquote><p>\"Eu usei <a href=\"https:\/\/tinychat.com\/pt-br\/omegle\/\">Omegle<\/a> e esses tipos de sites. <a href=\"https:\/\/tinychat.com\/pt-br\/\">TinyChat<\/a> \u00e9 melhor para conversas reais. Voc\u00ea pode ficar por perto sem ser for\u00e7ado a falar.\"<br \/>\n- <em>Jason T., \u00c1frica do Sul<\/em><\/p><\/blockquote>\n<h2>TinyChat vs. outras plataformas \"Talk to Strangers<\/h2>\n<table>\n<thead>\n<tr>\n<th>Recurso<\/th>\n<th><a href=\"https:\/\/tinychat.com\/pt-br\/\">TinyChat<\/a><\/th>\n<th><a href=\"https:\/\/tinychat.com\/pt-br\/omegle\/\">Omegle<\/a><\/th>\n<th><a href=\"https:\/\/tinychat.com\/pt-br\/chatroulette\/\">Chatroulette<\/a><\/th>\n<th><a href=\"https:\/\/tinychat.com\/pt-br\/ometv\/\">OmeTV<\/a><\/th>\n<th><a href=\"https:\/\/tinychat.com\/pt-br\/strangercam\/\">StrangerCam<\/a><\/th>\n<\/tr>\n<\/thead>\n<tbody>\n<tr>\n<td>Salas de grupo<\/td>\n<td>\u2705 Sim<\/td>\n<td>\u274c N\u00e3o<\/td>\n<td>\u274c N\u00e3o<\/td>\n<td>\u274c N\u00e3o<\/td>\n<td>\u274c N\u00e3o<\/td>\n<\/tr>\n<tr>\n<td>Texto + v\u00eddeo + voz <a href=\"https:\/\/tinychat.com\/pt-br\/chatroulette\/\">Bate-papo<\/a><\/td>\n<td>\u2705 Sim<\/td>\n<td>\u2705 Sim<\/td>\n<td>\u2705 Sim<\/td>\n<td>\u2705 Sim<\/td>\n<td>\u2705 Sim<\/td>\n<\/tr>\n<tr>\n<td>N\u00e3o \u00e9 necess\u00e1rio se inscrever<\/td>\n<td>\u2705 Sim<\/td>\n<td>\u2705 Sim<\/td>\n<td>\u2705 Sim<\/td>\n<td>\u2705 Sim<\/td>\n<td>\u2705 Sim<\/td>\n<\/tr>\n<tr>\n<td>Baseado em t\u00f3picos <a href=\"https:\/\/tinychat.com\/pt-br\/chatroulette\/\">Bate-papo<\/a><\/td>\n<td>\u2705 Sim<\/td>\n<td>\u274c N\u00e3o<\/td>\n<td>\u274c N\u00e3o<\/td>\n<td>\u274c N\u00e3o<\/td>\n<td>\u274c N\u00e3o<\/td>\n<\/tr>\n<tr>\n<td>Transmiss\u00e3o ao vivo<\/td>\n<td>\u2705 Sim<\/td>\n<td>\u274c N\u00e3o<\/td>\n<td>\u274c N\u00e3o<\/td>\n<td>\u274c N\u00e3o<\/td>\n<td>\u274c N\u00e3o<\/td>\n<\/tr>\n<tr>\n<td>Aplicativo m\u00f3vel dispon\u00edvel<\/td>\n<td>\u2705 Sim<\/td>\n<td>\u274c N\u00e3o<\/td>\n<td>\u2705 Sim<\/td>\n<td>\u2705 Sim<\/td>\n<td>\u2705 Sim<\/td>\n<\/tr>\n<tr>\n<td>Modera\u00e7\u00e3o e relat\u00f3rios<\/td>\n<td>Bom<\/td>\n<td>\u26a0\ufe0f Poor<\/td>\n<td>\u2705 Moderado<\/td>\n<td>Bom<\/td>\n<td>Bom<\/td>\n<\/tr>\n<\/tbody>\n<\/table>\n<p>Resumo: <a href=\"https:\/\/tinychat.com\/pt-br\/\">TinyChat<\/a> \u00e9 a melhor op\u00e7\u00e3o se voc\u00ea estiver procurando por uma solu\u00e7\u00e3o n\u00e3o estranha e baseada em grupo <a href=\"https:\/\/tinychat.com\/pt-br\/strangercam\/\">estranho<\/a> <a href=\"https:\/\/tinychat.com\/pt-br\/chatroulette\/\">bate-papo<\/a> com filtragem de t\u00f3picos, op\u00e7\u00f5es de voz\/v\u00eddeo e um ambiente de baixa press\u00e3o.<\/p>\n<h2>Dicas para aproveitar ao m\u00e1ximo sua experi\u00eancia \"Fale com estranhos\"<\/h2>\n<ul>\n<li>Comece no modo observador: Voc\u00ea n\u00e3o precisa falar imediatamente. Observe, leia a sala e, em seguida, entre no jogo.<\/li>\n<li>Encontre seu nicho: <a href=\"https:\/\/tinychat.com\/pt-br\/\">TinyChat<\/a> tem salas para tudo, desde pol\u00edtica at\u00e9 namoro. Explore at\u00e9 encontrar uma que se adapte \u00e0 sua vibra\u00e7\u00e3o.<\/li>\n<li>Use o v\u00eddeo somente quando for confort\u00e1vel: Texto e \u00e1udio s\u00e3o formas perfeitamente v\u00e1lidas de se conectar. N\u00e3o se apresse em ligar sua c\u00e2mera.<\/li>\n<li>Tenha a mente aberta: Nem todos os <a href=\"https:\/\/tinychat.com\/pt-br\/chatroulette\/\">bate-papo<\/a> ser\u00e3o incr\u00edveis. Algumas ser\u00e3o entediantes. Outras podem mudar seu dia. Continue explorando.<\/li>\n<li>Seja consistente: Quanto mais voc\u00ea aparecer, mais confort\u00e1vel e confiante ficar\u00e1 para interagir com novas pessoas.<\/li>\n<\/ul>\n<p>A frase \"fale com estranhos\" costumava vir acompanhada de avisos. Mas, no mundo on-line, se bem feita e com seguran\u00e7a, ela se tornou uma porta de entrada para a conex\u00e3o, a empatia e a experi\u00eancia compartilhada.<\/p>\n<p><a href=\"https:\/\/tinychat.com\/pt-br\/\">TinyChat<\/a> oferece uma plataforma onde essa ideia prospera - um espa\u00e7o onde as pessoas se encontram n\u00e3o para ganhar seguidores, curtidas ou encontros, mas simplesmente pela alegria da conversa. Trata-se de rir com algu\u00e9m que est\u00e1 em um fuso hor\u00e1rio diferente, ouvir uma hist\u00f3ria de uma pessoa totalmente diferente. <a href=\"https:\/\/tinychat.com\/pt-br\/strangercam\/\">estranho<\/a>ou encontrar um ponto em comum em um mundo ca\u00f3tico.<\/p>\n<p>Portanto, se voc\u00ea est\u00e1 procurando conversar com estranhos - n\u00e3o sem rumo, mas com significado - voc\u00ea est\u00e1 no lugar certo. Participe de um <a href=\"https:\/\/tinychat.com\/pt-br\/\">TinyChat<\/a> sala, ligue o microfone (ou n\u00e3o) e veja aonde a conversa o leva.<\/p>\n<p>Porque, \u00e0s vezes, as melhores conversas s\u00e3o com pessoas que voc\u00ea nunca conheceu.<\/p>","protected":false},"excerpt":{"rendered":"<p>The desire to talk to strangers online isn\u2019t about small talk \u2014 it\u2019s about serendipity, surprise, and sometimes, even self-discovery. Whether you&#8217;re feeling isolated, bored, curious, or adventurous, the urge to connect with someone new \u2014 someone outside your usual circles \u2014 is deeply human. That\u2019s where platforms like TinyChat step in, creating safe, easy, [&hellip;]<\/p>\n","protected":false},"author":8,"featured_media":0,"parent":0,"menu_order":0,"comment_status":"closed","ping_status":"closed","template":"","meta":{"footnotes":""},"class_list":["post-3987","page","type-page","status-publish","hentry"],"yoast_head":"<!-- This site is optimized with the Yoast SEO plugin v27.6 - https:\/\/yoast.com\/product\/yoast-seo-wordpress\/ -->\n<title>Talk to Strangers with Video Chat on TinyChat.com<\/title>\n<meta name=\"description\" content=\"Enjoying Talk to Strangers? Join over 50,000,000 strangers on TinyChat! Turn on your cam and start meeting new people, or find a match.\" \/>\n<meta name=\"robots\" content=\"index, follow, max-snippet:-1, max-image-preview:large, max-video-preview:-1\" \/>\n<link rel=\"canonical\" href=\"https:\/\/tinychat.com\/pt-br\/talk-to-strangers\/\" \/>\n<meta property=\"og:locale\" content=\"pt_BR\" \/>\n<meta property=\"og:type\" content=\"article\" \/>\n<meta property=\"og:title\" content=\"Talk to Strangers with Video Chat on TinyChat.com\" \/>\n<meta property=\"og:description\" content=\"Enjoying Talk to Strangers? Join over 50,000,000 strangers on TinyChat! Turn on your cam and start meeting new people, or find a match.\" \/>\n<meta property=\"og:url\" content=\"https:\/\/tinychat.com\/pt-br\/talk-to-strangers\/\" \/>\n<meta property=\"og:site_name\" content=\"TinyChat\" \/>\n<meta property=\"article:publisher\" content=\"https:\/\/www.facebook.com\/tinychat\" \/>\n<meta property=\"article:modified_time\" content=\"2025-06-12T08:27:56+00:00\" \/>\n<meta property=\"og:image\" content=\"https:\/\/tinychat.com\/wp-content\/uploads\/2020\/04\/Tinychat-logo-1280x284-new-black.png\" \/>\n\t<meta property=\"og:image:width\" content=\"1280\" \/>\n\t<meta property=\"og:image:height\" content=\"284\" \/>\n\t<meta property=\"og:image:type\" content=\"image\/png\" \/>\n<meta name=\"twitter:card\" content=\"summary_large_image\" \/>\n<meta name=\"twitter:site\" content=\"@tinychat\" \/>\n<meta name=\"twitter:label1\" content=\"Est. tempo de leitura\" \/>\n\t<meta name=\"twitter:data1\" content=\"7 minutos\" \/>\n<script type=\"application\/ld+json\" class=\"yoast-schema-graph\">{\"@context\":\"https:\\\/\\\/schema.org\",\"@graph\":[{\"@type\":\"WebPage\",\"@id\":\"https:\\\/\\\/tinychat.com\\\/talk-to-strangers\\\/\",\"url\":\"https:\\\/\\\/tinychat.com\\\/talk-to-strangers\\\/\",\"name\":\"Talk to Strangers with Video Chat on TinyChat.com\",\"isPartOf\":{\"@id\":\"https:\\\/\\\/tinychat.com\\\/#website\"},\"datePublished\":\"2025-05-23T15:34:41+00:00\",\"dateModified\":\"2025-06-12T08:27:56+00:00\",\"description\":\"Enjoying Talk to Strangers? Join over 50,000,000 strangers on TinyChat! Turn on your cam and start meeting new people, or find a match.\",\"breadcrumb\":{\"@id\":\"https:\\\/\\\/tinychat.com\\\/talk-to-strangers\\\/#breadcrumb\"},\"inLanguage\":\"pt-BR\",\"potentialAction\":[{\"@type\":\"ReadAction\",\"target\":[\"https:\\\/\\\/tinychat.com\\\/talk-to-strangers\\\/\"]}]},{\"@type\":\"BreadcrumbList\",\"@id\":\"https:\\\/\\\/tinychat.com\\\/talk-to-strangers\\\/#breadcrumb\",\"itemListElement\":[{\"@type\":\"ListItem\",\"position\":1,\"name\":\"Home\",\"item\":\"https:\\\/\\\/tinychat.com\\\/\"},{\"@type\":\"ListItem\",\"position\":2,\"name\":\"Talk to Strangers\"}]},{\"@type\":\"WebSite\",\"@id\":\"https:\\\/\\\/tinychat.com\\\/#website\",\"url\":\"https:\\\/\\\/tinychat.com\\\/\",\"name\":\"TinyChat\",\"description\":\"Random Video Chat with Strangers\",\"publisher\":{\"@id\":\"https:\\\/\\\/tinychat.com\\\/#organization\"},\"alternateName\":\"TinyChat.com\",\"potentialAction\":[{\"@type\":\"SearchAction\",\"target\":{\"@type\":\"EntryPoint\",\"urlTemplate\":\"https:\\\/\\\/tinychat.com\\\/?s={search_term_string}\"},\"query-input\":{\"@type\":\"PropertyValueSpecification\",\"valueRequired\":true,\"valueName\":\"search_term_string\"}}],\"inLanguage\":\"pt-BR\"},{\"@type\":\"Organization\",\"@id\":\"https:\\\/\\\/tinychat.com\\\/#organization\",\"name\":\"TinyChat\",\"alternateName\":\"TinyChat.com\",\"url\":\"https:\\\/\\\/tinychat.com\\\/\",\"logo\":{\"@type\":\"ImageObject\",\"inLanguage\":\"pt-BR\",\"@id\":\"https:\\\/\\\/tinychat.com\\\/#\\\/schema\\\/logo\\\/image\\\/\",\"url\":\"https:\\\/\\\/tinychat.com\\\/wp-content\\\/uploads\\\/2023\\\/11\\\/Tinychat-icon-square.png\",\"contentUrl\":\"https:\\\/\\\/tinychat.com\\\/wp-content\\\/uploads\\\/2023\\\/11\\\/Tinychat-icon-square.png\",\"width\":284,\"height\":284,\"caption\":\"TinyChat\"},\"image\":{\"@id\":\"https:\\\/\\\/tinychat.com\\\/#\\\/schema\\\/logo\\\/image\\\/\"},\"sameAs\":[\"https:\\\/\\\/www.facebook.com\\\/tinychat\",\"https:\\\/\\\/x.com\\\/tinychat\"]}]}<\/script>\n<!-- \/ Yoast SEO plugin. -->","yoast_head_json":{"title":"Converse com estranhos por meio de bate-papo por v\u00eddeo no TinyChat.com","description":"Est\u00e1 gostando do Talk to Strangers? Junte-se a mais de 50.000.000 de estranhos no TinyChat! Ligue sua c\u00e2mera e comece a conhecer novas pessoas ou encontre um par.","robots":{"index":"index","follow":"follow","max-snippet":"max-snippet:-1","max-image-preview":"max-image-preview:large","max-video-preview":"max-video-preview:-1"},"canonical":"https:\/\/tinychat.com\/pt-br\/talk-to-strangers\/","og_locale":"pt_BR","og_type":"article","og_title":"Talk to Strangers with Video Chat on TinyChat.com","og_description":"Enjoying Talk to Strangers? Join over 50,000,000 strangers on TinyChat! Turn on your cam and start meeting new people, or find a match.","og_url":"https:\/\/tinychat.com\/pt-br\/talk-to-strangers\/","og_site_name":"TinyChat","article_publisher":"https:\/\/www.facebook.com\/tinychat","article_modified_time":"2025-06-12T08:27:56+00:00","og_image":[{"width":1280,"height":284,"url":"https:\/\/tinychat.com\/wp-content\/uploads\/2020\/04\/Tinychat-logo-1280x284-new-black.png","type":"image\/png"}],"twitter_card":"summary_large_image","twitter_site":"@tinychat","twitter_misc":{"Est. tempo de leitura":"7 minutos"},"schema":{"@context":"https:\/\/schema.org","@graph":[{"@type":"WebPage","@id":"https:\/\/tinychat.com\/talk-to-strangers\/","url":"https:\/\/tinychat.com\/talk-to-strangers\/","name":"Converse com estranhos por meio de bate-papo por v\u00eddeo no TinyChat.com","isPartOf":{"@id":"https:\/\/tinychat.com\/#website"},"datePublished":"2025-05-23T15:34:41+00:00","dateModified":"2025-06-12T08:27:56+00:00","description":"Est\u00e1 gostando do Talk to Strangers? Junte-se a mais de 50.000.000 de estranhos no TinyChat! Ligue sua c\u00e2mera e comece a conhecer novas pessoas ou encontre um par.","breadcrumb":{"@id":"https:\/\/tinychat.com\/talk-to-strangers\/#breadcrumb"},"inLanguage":"pt-BR","potentialAction":[{"@type":"ReadAction","target":["https:\/\/tinychat.com\/talk-to-strangers\/"]}]},{"@type":"BreadcrumbList","@id":"https:\/\/tinychat.com\/talk-to-strangers\/#breadcrumb","itemListElement":[{"@type":"ListItem","position":1,"name":"Home","item":"https:\/\/tinychat.com\/"},{"@type":"ListItem","position":2,"name":"Talk to Strangers"}]},{"@type":"WebSite","@id":"https:\/\/tinychat.com\/#website","url":"https:\/\/tinychat.com\/","name":"TinyChat","description":"Bate-papo por v\u00eddeo aleat\u00f3rio com estranhos","publisher":{"@id":"https:\/\/tinychat.com\/#organization"},"alternateName":"TinyChat.com","potentialAction":[{"@type":"SearchAction","target":{"@type":"EntryPoint","urlTemplate":"https:\/\/tinychat.com\/?s={search_term_string}"},"query-input":{"@type":"PropertyValueSpecification","valueRequired":true,"valueName":"search_term_string"}}],"inLanguage":"pt-BR"},{"@type":"Organization","@id":"https:\/\/tinychat.com\/#organization","name":"TinyChat","alternateName":"TinyChat.com","url":"https:\/\/tinychat.com\/","logo":{"@type":"ImageObject","inLanguage":"pt-BR","@id":"https:\/\/tinychat.com\/#\/schema\/logo\/image\/","url":"https:\/\/tinychat.com\/wp-content\/uploads\/2023\/11\/Tinychat-icon-square.png","contentUrl":"https:\/\/tinychat.com\/wp-content\/uploads\/2023\/11\/Tinychat-icon-square.png","width":284,"height":284,"caption":"TinyChat"},"image":{"@id":"https:\/\/tinychat.com\/#\/schema\/logo\/image\/"},"sameAs":["https:\/\/www.facebook.com\/tinychat","https:\/\/x.com\/tinychat"]}]}},"_links":{"self":[{"href":"https:\/\/tinychat.com\/pt-br\/wp-json\/wp\/v2\/pages\/3987","targetHints":{"allow":["GET"]}}],"collection":[{"href":"https:\/\/tinychat.com\/pt-br\/wp-json\/wp\/v2\/pages"}],"about":[{"href":"https:\/\/tinychat.com\/pt-br\/wp-json\/wp\/v2\/types\/page"}],"author":[{"embeddable":true,"href":"https:\/\/tinychat.com\/pt-br\/wp-json\/wp\/v2\/users\/8"}],"replies":[{"embeddable":true,"href":"https:\/\/tinychat.com\/pt-br\/wp-json\/wp\/v2\/comments?post=3987"}],"version-history":[{"count":3,"href":"https:\/\/tinychat.com\/pt-br\/wp-json\/wp\/v2\/pages\/3987\/revisions"}],"predecessor-version":[{"id":13180,"href":"https:\/\/tinychat.com\/pt-br\/wp-json\/wp\/v2\/pages\/3987\/revisions\/13180"}],"wp:attachment":[{"href":"https:\/\/tinychat.com\/pt-br\/wp-json\/wp\/v2\/media?parent=3987"}],"curies":[{"name":"wp","href":"https:\/\/api.w.org\/{rel}","templated":true}]}}