{"id":4004,"date":"2025-09-03T08:37:25","date_gmt":"2025-09-03T06:37:25","guid":{"rendered":"https:\/\/tinychat.com\/?page_id=4004"},"modified":"2025-09-03T12:46:19","modified_gmt":"2025-09-03T10:46:19","slug":"video-call-strangers","status":"publish","type":"page","link":"https:\/\/tinychat.com\/pt-br\/video-call-strangers\/","title":{"rendered":"Chamada de v\u00eddeo para estranhos"},"content":{"rendered":"<p>\u00c0s vezes, as conversas mais memor\u00e1veis s\u00e3o com pessoas que voc\u00ea nunca esperou conhecer. Essa \u00e9 a magia das plataformas de videochamadas para estranhos - conex\u00f5es instant\u00e2neas e cara a cara com pessoas de todo o mundo. Com apenas um clique, voc\u00ea pode ver e conversar com algu\u00e9m completamente novo, sem necessidade de biografias ou algoritmos.<\/p>\n<p>Seja para fazer amigos, combater o t\u00e9dio, aprender sobre outras culturas ou simplesmente dar risada, as chamadas com v\u00eddeo para estranhos oferecem uma maneira \u00fanica de se conectar em tempo real.<\/p>\n<h2>O que significa fazer videochamadas com estranhos?<\/h2>\n<p>Quando voc\u00ea faz videochamadas on-line com estranhos, est\u00e1 usando um site ou aplicativo que o coloca em contato com usu\u00e1rios aleat\u00f3rios para conversas de v\u00eddeo ao vivo individuais ou em grupo. Voc\u00ea n\u00e3o precisa se inscrever, pagar ou compartilhar detalhes pessoais. Em vez disso, voc\u00ea simplesmente:<\/p>\n<ol>\n<li>Ative a webcam e o microfone.<\/li>\n<li>Clique em \"Start\" (Iniciar) ou \"Connect\" (Conectar).<\/li>\n<li>Fa\u00e7a um par instant\u00e2neo com algu\u00e9m novo.<\/li>\n<\/ol>\n<p>As conversas podem durar segundos, minutos ou horas. Se n\u00e3o for uma boa op\u00e7\u00e3o, voc\u00ea pode pular para a pr\u00f3xima pessoa com um clique.<\/p>\n<p>\u00c9 espont\u00e2nea, an\u00f4nima e direta.<\/p>\n<h2>Por que as pessoas adoram as chamadas de v\u00eddeo de estranhos aleat\u00f3rios<\/h2>\n<p>Ent\u00e3o, por que milh\u00f5es de pessoas se conectam todos os dias para bater papo por v\u00eddeo com estranhos?<\/p>\n<ul>\n<li>Conex\u00e3o instant\u00e2nea - Inicie uma conversa real em segundos.<\/li>\n<li>Variedade global - Conhe\u00e7a pessoas de todos os cantos do mundo.<\/li>\n<li>Autenticidade humana - ver o rosto de algu\u00e9m e ouvir sua voz torna o contato mais real do que uma mensagem de texto.<\/li>\n<li>Press\u00e3o zero - Se n\u00e3o clicar, pule e tente novamente.<\/li>\n<li>Imprevisibilidade empolgante - Voc\u00ea nunca sabe se o pr\u00f3ximo bate-papo ser\u00e1 engra\u00e7ado, sedutor, profundo ou surpreendente.<\/li>\n<\/ul>\n<p>\u00c9 o equivalente digital de iniciar uma conversa em um trem ou em um caf\u00e9 - s\u00f3 que o mundo inteiro est\u00e1 ao seu alcance.<\/p>\n<h2>Videochamada gratuita com estranhos: como funciona<\/h2>\n<p>A maioria das plataformas de videochamadas desconhecidas \u00e9 de uso gratuito. Aqui est\u00e1 o processo simples:<\/p>\n<ol>\n<li>Visite uma plataforma - As op\u00e7\u00f5es populares incluem Omegle, Chatroulette, Chatspin e TinyChat.<\/li>\n<li>Permitir acesso \u00e0 c\u00e2mera e ao microfone - Essencial para a intera\u00e7\u00e3o face a face.<\/li>\n<li>Clique em conectar - Fa\u00e7a instantaneamente a correspond\u00eancia com outro usu\u00e1rio.<\/li>\n<li>Ficar ou pular - Se a vibra\u00e7\u00e3o for boa, fique por perto; se n\u00e3o, siga em frente.<\/li>\n<\/ol>\n<p>Algumas plataformas tamb\u00e9m permitem que voc\u00ea adicione filtros, como g\u00eanero, local ou interesses, para que voc\u00ea tenha mais chances de encontrar pessoas com as quais se identifique.<\/p>\n<h2>Melhores plataformas para fazer videochamadas com estranhos<\/h2>\n<p>H\u00e1 dezenas de servi\u00e7os dispon\u00edveis. Aqui est\u00e3o alguns dos mais populares e confi\u00e1veis:<\/p>\n<ul>\n<li>Omegle - O site original de bate-papo com v\u00eddeo aleat\u00f3rio, famoso por suas op\u00e7\u00f5es simples de texto e v\u00eddeo.<\/li>\n<li>Chatroulette - Uma plataforma global conhecida por sua velocidade e imprevisibilidade.<\/li>\n<li>Chatspin - Adiciona filtros, salas de bate-papo tem\u00e1ticas e at\u00e9 mesmo efeitos de v\u00eddeo divertidos.<\/li>\n<li>Camsurf - Focado em conversas seguras e moderadas.<\/li>\n<li>Chatrandom - Oferece chamadas aleat\u00f3rias individuais e salas de bate-papo em grupo.<\/li>\n<li>TinyChat - Uma mistura de bate-papo com estranhos e salas de estilo comunit\u00e1rio.<\/li>\n<li>LuckyCrush - Combina homens com mulheres para bate-papos individuais de flerte.<\/li>\n<\/ul>\n<p>Cada um tem seu pr\u00f3prio estilo, portanto, experimentar mais de um pode ajud\u00e1-lo a encontrar o seu favorito.<\/p>\n<h2>Chamada de v\u00eddeo com estranhos vs. bate-papo por texto<\/h2>\n<p>Embora as salas de bate-papo somente com texto ainda existam, as chamadas com v\u00eddeo ao vivo oferecem uma experi\u00eancia mais rica.<\/p>\n<table>\n<thead>\n<tr>\n<th>Recurso<\/th>\n<th>Chamada de v\u00eddeo para estranhos<\/th>\n<th>Bate-papo por texto com estranhos<\/th>\n<\/tr>\n<\/thead>\n<tbody>\n<tr>\n<td>Ver express\u00f5es faciais<\/td>\n<td>\u2705<\/td>\n<td>\u274c<\/td>\n<\/tr>\n<tr>\n<td>Ouvir o tom de voz<\/td>\n<td>\u2705<\/td>\n<td>\u274c<\/td>\n<\/tr>\n<tr>\n<td>Conex\u00e3o mais r\u00e1pida<\/td>\n<td>\u2705<\/td>\n<td>\u26a0\ufe0f \u00c0s vezes mais lento<\/td>\n<\/tr>\n<tr>\n<td>Intera\u00e7\u00e3o mais aut\u00eantica<\/td>\n<td>\u2705<\/td>\n<td>\u274c<\/td>\n<\/tr>\n<tr>\n<td>Mais f\u00e1cil de ser mal interpretado<\/td>\n<td>\u274c<\/td>\n<td>\u2705<\/td>\n<\/tr>\n<\/tbody>\n<\/table>\n<p>Ver algu\u00e9m em tempo real faz com que as conversas pare\u00e7am genu\u00ednas e espont\u00e2neas.<\/p>\n<h2>Como se manter seguro ao fazer videochamadas com estranhos<\/h2>\n<p>Embora a maioria das pessoas seja amig\u00e1vel e respeitosa, \u00e9 inteligente estabelecer limites. Veja a seguir como manter seus bate-papos por v\u00eddeo com estranhos em seguran\u00e7a:<\/p>\n<ul>\n<li>N\u00e3o compartilhe informa\u00e7\u00f5es pessoais - Mantenha seu nome completo, n\u00famero de telefone e endere\u00e7o em sigilo.<\/li>\n<li>Use um apelido - Permane\u00e7a an\u00f4nimo at\u00e9 se sentir confort\u00e1vel.<\/li>\n<li>Verifique seu hist\u00f3rico - Certifique-se de que sua c\u00e2mera n\u00e3o revele detalhes particulares.<\/li>\n<li>Pular rapidamente - N\u00e3o se sinta obrigado a permanecer em um bate-papo que pare\u00e7a estranho.<\/li>\n<li>Denunciar usu\u00e1rios inadequados - Escolha plataformas com ferramentas de modera\u00e7\u00e3o.<\/li>\n<\/ul>\n<p>A seguran\u00e7a \u00e9 o que torna as chamadas com v\u00eddeo gratuitas para estranhos divertidas e sem estresse.<\/p>\n<h2>Por que as pessoas aderem a sites de videochamadas para estranhos<\/h2>\n<p>N\u00e3o h\u00e1 um \u00fanico motivo pelo qual as pessoas adoram essas plataformas - \u00e9 uma mistura de curiosidade, divers\u00e3o e conex\u00e3o.<\/p>\n<ul>\n<li>Para curar o t\u00e9dio - \u00d3timo para as noites de sono ou para o tempo ocioso.<\/li>\n<li>Para conhecer novos amigos - Expanda seu c\u00edrculo para al\u00e9m de sua \u00e1rea local.<\/li>\n<li>Para flertar e namorar - Alguns bate-papos geram uma qu\u00edmica instant\u00e2nea.<\/li>\n<li>Para praticar as habilidades lingu\u00edsticas - Conversar com falantes nativos \u00e9 a melhor maneira de aprender.<\/li>\n<li>Explorar culturas - ouvir diretamente sobre a vida em outra parte do mundo.<\/li>\n<\/ul>\n<p>A imprevisibilidade faz parte da divers\u00e3o - voc\u00ea pode ter uma conversa boba ou uma que pare\u00e7a surpreendentemente significativa.<\/p>\n<h2>TinyChat: uma alternativa de estilo comunit\u00e1rio<\/h2>\n<p>Se voc\u00ea gosta da emo\u00e7\u00e3o de fazer videochamadas com estranhos, mas quer mais estrutura, vale a pena conferir o TinyChat. Ao contr\u00e1rio de muitas plataformas aleat\u00f3rias individuais, o TinyChat oferece:<\/p>\n<ul>\n<li>Salas de bate-papo com v\u00eddeo em grupo - Participe de conversas cont\u00ednuas sobre t\u00f3picos espec\u00edficos.<\/li>\n<li>Salas privadas - Crie seu pr\u00f3prio espa\u00e7o e convide pessoas para entrar.<\/li>\n<li>V\u00e1rios formatos - Alterne entre texto, voz e v\u00eddeo.<\/li>\n<li>Acesso entre plataformas - Funciona em navegadores e em aplicativos m\u00f3veis.<\/li>\n<li>Eventos da comunidade - Conhe\u00e7a pessoas com interesses em comum em tempo real.<\/li>\n<\/ul>\n<p>O TinyChat combina aleatoriedade com comunidade, oferecendo a voc\u00ea o melhor dos dois mundos.<\/p>\n<h2>Dicas para uma \u00f3tima experi\u00eancia de videochamada com estranhos<\/h2>\n<p>Deseja obter mais de seus bate-papos? Experimente estas dicas:<\/p>\n<ul>\n<li>Sorria ao se conectar - Um in\u00edcio caloroso d\u00e1 o tom.<\/li>\n<li>Mantenha a mente aberta - Esteja preparado para diferentes perspectivas e personalidades.<\/li>\n<li>Fa\u00e7a perguntas divertidas - \"Qual foi a melhor refei\u00e7\u00e3o que voc\u00ea j\u00e1 comeu?\" \u00e9 melhor do que \"oi\".<\/li>\n<li>Seja respeitoso - A gentileza geralmente traz as melhores respostas.<\/li>\n<li>Experimente hor\u00e1rios diferentes - Fazer login em hor\u00e1rios diferentes conecta voc\u00ea a novas regi\u00f5es do mundo.<\/li>\n<\/ul>\n<h2>Recursos gratuitos vs. pagos<\/h2>\n<p>A maioria das plataformas de videochamadas desconhecidas \u00e9 totalmente gratuita. Algumas, no entanto, oferecem upgrades opcionais:<\/p>\n<table>\n<thead>\n<tr>\n<th>Recurso<\/th>\n<th>Vers\u00e3o gratuita<\/th>\n<th>Vers\u00e3o paga<\/th>\n<\/tr>\n<\/thead>\n<tbody>\n<tr>\n<td>Correspond\u00eancia aleat\u00f3ria de v\u00eddeos<\/td>\n<td>\u2705 Sim<\/td>\n<td>\u2705 Sim<\/td>\n<\/tr>\n<tr>\n<td>Saltos ilimitados<\/td>\n<td>\u26a0\ufe0f \u00c0s vezes com tampa<\/td>\n<td>\u2705 Ilimitado<\/td>\n<\/tr>\n<tr>\n<td>Filtros de g\u00eanero\/localiza\u00e7\u00e3o<\/td>\n<td>\u26a0\ufe0f Basic<\/td>\n<td>\u2705 Avan\u00e7ado<\/td>\n<\/tr>\n<tr>\n<td>An\u00fancios removidos<\/td>\n<td>\u274c<\/td>\n<td>\u2705 Sim<\/td>\n<\/tr>\n<tr>\n<td>Salas VIP privativas<\/td>\n<td>\u274c<\/td>\n<td>\u2705 Sim<\/td>\n<\/tr>\n<\/tbody>\n<\/table>\n<p>Para usu\u00e1rios casuais, as vers\u00f5es gratuitas s\u00e3o mais do que suficientes.<\/p>\n<h2>A empolga\u00e7\u00e3o do desconhecido<\/h2>\n<p>Uma das maiores atra\u00e7\u00f5es do bate-papo por v\u00eddeo com estranhos \u00e9 o senso de aventura. Cada chamada \u00e9 um lance de dados. Em uma \u00fanica noite, voc\u00ea pode:<\/p>\n<ul>\n<li>Aprenda g\u00edrias de outro idioma.<\/li>\n<li>Rir de piadas bobas com algu\u00e9m do outro lado do mundo.<\/li>\n<li>Descubra uma nova recomenda\u00e7\u00e3o de banda ou programa de TV.<\/li>\n<li>Compartilhe uma hist\u00f3ria sobre sua vida e ou\u00e7a uma em troca.<\/li>\n<li>Estabele\u00e7a uma conex\u00e3o que perdure al\u00e9m da chamada.<\/li>\n<\/ul>\n<p>A incerteza mant\u00e9m as coisas novas e empolgantes.<\/p>\n<p>As plataformas de videochamadas para estranhos s\u00e3o uma das maneiras mais divertidas e espont\u00e2neas de se conectar on-line. Elas s\u00e3o gratuitas, r\u00e1pidas e globais, reunindo pessoas de todas as origens para uma conversa cara a cara em tempo real.<\/p>\n<p>Seja para fazer amigos, paquerar, praticar um novo idioma ou apenas desfrutar de um pouco de companhia at\u00e9 tarde da noite, sempre h\u00e1 algu\u00e9m novo esperando para conversar.<\/p>\n<p>Portanto, se voc\u00ea estiver pronto para sair de sua bolha, ligue sua webcam, clique em \"conectar\" e veja quem voc\u00ea encontra. Sua pr\u00f3xima videochamada com um estranho pode ser o ponto alto do seu dia.<\/p>","protected":false},"excerpt":{"rendered":"<p>Sometimes, the most memorable conversations are with people you never expected to meet. That\u2019s the magic of video call strangers platforms\u2014instant, face-to-face connections with people from all over the world. With just a click, you can see and talk to someone completely new, no bios or algorithms required. Whether you\u2019re looking to make friends, fight [&hellip;]<\/p>\n","protected":false},"author":8,"featured_media":0,"parent":0,"menu_order":0,"comment_status":"closed","ping_status":"closed","template":"","meta":{"footnotes":""},"class_list":["post-4004","page","type-page","status-publish","hentry"],"yoast_head":"<!-- This site is optimized with the Yoast SEO plugin v27.4 - https:\/\/yoast.com\/product\/yoast-seo-wordpress\/ -->\n<title>Video Call Strangers with Video Chat on TinyChat.com<\/title>\n<meta name=\"description\" content=\"Enjoying Video Call Strangers? Join over 50,000,000 strangers on TinyChat! Turn on your cam and start meeting new people, or find a match.\" \/>\n<meta name=\"robots\" content=\"index, follow, max-snippet:-1, max-image-preview:large, max-video-preview:-1\" \/>\n<link rel=\"canonical\" href=\"https:\/\/tinychat.com\/pt-br\/video-call-strangers\/\" \/>\n<meta property=\"og:locale\" content=\"pt_BR\" \/>\n<meta property=\"og:type\" content=\"article\" \/>\n<meta property=\"og:title\" content=\"Video Call Strangers with Video Chat on TinyChat.com\" \/>\n<meta property=\"og:description\" content=\"Enjoying Video Call Strangers? Join over 50,000,000 strangers on TinyChat! Turn on your cam and start meeting new people, or find a match.\" \/>\n<meta property=\"og:url\" content=\"https:\/\/tinychat.com\/pt-br\/video-call-strangers\/\" \/>\n<meta property=\"og:site_name\" content=\"TinyChat\" \/>\n<meta property=\"article:publisher\" content=\"https:\/\/www.facebook.com\/tinychat\" \/>\n<meta property=\"article:modified_time\" content=\"2025-09-03T10:46:19+00:00\" \/>\n<meta property=\"og:image\" content=\"https:\/\/tinychat.com\/wp-content\/uploads\/2020\/04\/Tinychat-logo-1280x284-new-black.png\" \/>\n\t<meta property=\"og:image:width\" content=\"1280\" \/>\n\t<meta property=\"og:image:height\" content=\"284\" \/>\n\t<meta property=\"og:image:type\" content=\"image\/png\" \/>\n<meta name=\"twitter:card\" content=\"summary_large_image\" \/>\n<meta name=\"twitter:site\" content=\"@tinychat\" \/>\n<meta name=\"twitter:label1\" content=\"Est. tempo de leitura\" \/>\n\t<meta name=\"twitter:data1\" content=\"5 minutos\" \/>\n<script type=\"application\/ld+json\" class=\"yoast-schema-graph\">{\"@context\":\"https:\\\/\\\/schema.org\",\"@graph\":[{\"@type\":\"WebPage\",\"@id\":\"https:\\\/\\\/tinychat.com\\\/video-call-strangers\\\/\",\"url\":\"https:\\\/\\\/tinychat.com\\\/video-call-strangers\\\/\",\"name\":\"Video Call Strangers with Video Chat on TinyChat.com\",\"isPartOf\":{\"@id\":\"https:\\\/\\\/tinychat.com\\\/#website\"},\"datePublished\":\"2025-09-03T06:37:25+00:00\",\"dateModified\":\"2025-09-03T10:46:19+00:00\",\"description\":\"Enjoying Video Call Strangers? Join over 50,000,000 strangers on TinyChat! Turn on your cam and start meeting new people, or find a match.\",\"breadcrumb\":{\"@id\":\"https:\\\/\\\/tinychat.com\\\/video-call-strangers\\\/#breadcrumb\"},\"inLanguage\":\"pt-BR\",\"potentialAction\":[{\"@type\":\"ReadAction\",\"target\":[\"https:\\\/\\\/tinychat.com\\\/video-call-strangers\\\/\"]}]},{\"@type\":\"BreadcrumbList\",\"@id\":\"https:\\\/\\\/tinychat.com\\\/video-call-strangers\\\/#breadcrumb\",\"itemListElement\":[{\"@type\":\"ListItem\",\"position\":1,\"name\":\"Home\",\"item\":\"https:\\\/\\\/tinychat.com\\\/\"},{\"@type\":\"ListItem\",\"position\":2,\"name\":\"Video Call Strangers\"}]},{\"@type\":\"WebSite\",\"@id\":\"https:\\\/\\\/tinychat.com\\\/#website\",\"url\":\"https:\\\/\\\/tinychat.com\\\/\",\"name\":\"TinyChat\",\"description\":\"Random Video Chat with Strangers\",\"publisher\":{\"@id\":\"https:\\\/\\\/tinychat.com\\\/#organization\"},\"alternateName\":\"TinyChat.com\",\"potentialAction\":[{\"@type\":\"SearchAction\",\"target\":{\"@type\":\"EntryPoint\",\"urlTemplate\":\"https:\\\/\\\/tinychat.com\\\/?s={search_term_string}\"},\"query-input\":{\"@type\":\"PropertyValueSpecification\",\"valueRequired\":true,\"valueName\":\"search_term_string\"}}],\"inLanguage\":\"pt-BR\"},{\"@type\":\"Organization\",\"@id\":\"https:\\\/\\\/tinychat.com\\\/#organization\",\"name\":\"TinyChat\",\"alternateName\":\"TinyChat.com\",\"url\":\"https:\\\/\\\/tinychat.com\\\/\",\"logo\":{\"@type\":\"ImageObject\",\"inLanguage\":\"pt-BR\",\"@id\":\"https:\\\/\\\/tinychat.com\\\/#\\\/schema\\\/logo\\\/image\\\/\",\"url\":\"https:\\\/\\\/tinychat.com\\\/wp-content\\\/uploads\\\/2023\\\/11\\\/Tinychat-icon-square.png\",\"contentUrl\":\"https:\\\/\\\/tinychat.com\\\/wp-content\\\/uploads\\\/2023\\\/11\\\/Tinychat-icon-square.png\",\"width\":284,\"height\":284,\"caption\":\"TinyChat\"},\"image\":{\"@id\":\"https:\\\/\\\/tinychat.com\\\/#\\\/schema\\\/logo\\\/image\\\/\"},\"sameAs\":[\"https:\\\/\\\/www.facebook.com\\\/tinychat\",\"https:\\\/\\\/x.com\\\/tinychat\"]}]}<\/script>\n<!-- \/ Yoast SEO plugin. -->","yoast_head_json":{"title":"Fa\u00e7a chamadas de v\u00eddeo para estranhos com o bate-papo por v\u00eddeo no TinyChat.com","description":"Est\u00e1 gostando de fazer videochamadas com estranhos? Junte-se a mais de 50.000.000 de estranhos no TinyChat! Ligue sua c\u00e2mera e comece a conhecer novas pessoas ou encontre um par.","robots":{"index":"index","follow":"follow","max-snippet":"max-snippet:-1","max-image-preview":"max-image-preview:large","max-video-preview":"max-video-preview:-1"},"canonical":"https:\/\/tinychat.com\/pt-br\/video-call-strangers\/","og_locale":"pt_BR","og_type":"article","og_title":"Video Call Strangers with Video Chat on TinyChat.com","og_description":"Enjoying Video Call Strangers? Join over 50,000,000 strangers on TinyChat! Turn on your cam and start meeting new people, or find a match.","og_url":"https:\/\/tinychat.com\/pt-br\/video-call-strangers\/","og_site_name":"TinyChat","article_publisher":"https:\/\/www.facebook.com\/tinychat","article_modified_time":"2025-09-03T10:46:19+00:00","og_image":[{"width":1280,"height":284,"url":"https:\/\/tinychat.com\/wp-content\/uploads\/2020\/04\/Tinychat-logo-1280x284-new-black.png","type":"image\/png"}],"twitter_card":"summary_large_image","twitter_site":"@tinychat","twitter_misc":{"Est. tempo de leitura":"5 minutos"},"schema":{"@context":"https:\/\/schema.org","@graph":[{"@type":"WebPage","@id":"https:\/\/tinychat.com\/video-call-strangers\/","url":"https:\/\/tinychat.com\/video-call-strangers\/","name":"Fa\u00e7a chamadas de v\u00eddeo para estranhos com o bate-papo por v\u00eddeo no TinyChat.com","isPartOf":{"@id":"https:\/\/tinychat.com\/#website"},"datePublished":"2025-09-03T06:37:25+00:00","dateModified":"2025-09-03T10:46:19+00:00","description":"Est\u00e1 gostando de fazer videochamadas com estranhos? Junte-se a mais de 50.000.000 de estranhos no TinyChat! Ligue sua c\u00e2mera e comece a conhecer novas pessoas ou encontre um par.","breadcrumb":{"@id":"https:\/\/tinychat.com\/video-call-strangers\/#breadcrumb"},"inLanguage":"pt-BR","potentialAction":[{"@type":"ReadAction","target":["https:\/\/tinychat.com\/video-call-strangers\/"]}]},{"@type":"BreadcrumbList","@id":"https:\/\/tinychat.com\/video-call-strangers\/#breadcrumb","itemListElement":[{"@type":"ListItem","position":1,"name":"Home","item":"https:\/\/tinychat.com\/"},{"@type":"ListItem","position":2,"name":"Video Call Strangers"}]},{"@type":"WebSite","@id":"https:\/\/tinychat.com\/#website","url":"https:\/\/tinychat.com\/","name":"TinyChat","description":"Bate-papo por v\u00eddeo aleat\u00f3rio com estranhos","publisher":{"@id":"https:\/\/tinychat.com\/#organization"},"alternateName":"TinyChat.com","potentialAction":[{"@type":"SearchAction","target":{"@type":"EntryPoint","urlTemplate":"https:\/\/tinychat.com\/?s={search_term_string}"},"query-input":{"@type":"PropertyValueSpecification","valueRequired":true,"valueName":"search_term_string"}}],"inLanguage":"pt-BR"},{"@type":"Organization","@id":"https:\/\/tinychat.com\/#organization","name":"TinyChat","alternateName":"TinyChat.com","url":"https:\/\/tinychat.com\/","logo":{"@type":"ImageObject","inLanguage":"pt-BR","@id":"https:\/\/tinychat.com\/#\/schema\/logo\/image\/","url":"https:\/\/tinychat.com\/wp-content\/uploads\/2023\/11\/Tinychat-icon-square.png","contentUrl":"https:\/\/tinychat.com\/wp-content\/uploads\/2023\/11\/Tinychat-icon-square.png","width":284,"height":284,"caption":"TinyChat"},"image":{"@id":"https:\/\/tinychat.com\/#\/schema\/logo\/image\/"},"sameAs":["https:\/\/www.facebook.com\/tinychat","https:\/\/x.com\/tinychat"]}]}},"_links":{"self":[{"href":"https:\/\/tinychat.com\/pt-br\/wp-json\/wp\/v2\/pages\/4004","targetHints":{"allow":["GET"]}}],"collection":[{"href":"https:\/\/tinychat.com\/pt-br\/wp-json\/wp\/v2\/pages"}],"about":[{"href":"https:\/\/tinychat.com\/pt-br\/wp-json\/wp\/v2\/types\/page"}],"author":[{"embeddable":true,"href":"https:\/\/tinychat.com\/pt-br\/wp-json\/wp\/v2\/users\/8"}],"replies":[{"embeddable":true,"href":"https:\/\/tinychat.com\/pt-br\/wp-json\/wp\/v2\/comments?post=4004"}],"version-history":[{"count":4,"href":"https:\/\/tinychat.com\/pt-br\/wp-json\/wp\/v2\/pages\/4004\/revisions"}],"predecessor-version":[{"id":13498,"href":"https:\/\/tinychat.com\/pt-br\/wp-json\/wp\/v2\/pages\/4004\/revisions\/13498"}],"wp:attachment":[{"href":"https:\/\/tinychat.com\/pt-br\/wp-json\/wp\/v2\/media?parent=4004"}],"curies":[{"name":"wp","href":"https:\/\/api.w.org\/{rel}","templated":true}]}}