{"id":4039,"date":"2025-09-03T08:47:55","date_gmt":"2025-09-03T06:47:55","guid":{"rendered":"https:\/\/tinychat.com\/?page_id=4039"},"modified":"2025-09-03T12:38:11","modified_gmt":"2025-09-03T10:38:11","slug":"random-video-chat-with-strangers","status":"publish","type":"page","link":"https:\/\/tinychat.com\/pt-br\/random-video-chat-with-strangers\/","title":{"rendered":"Bate-papo por v\u00eddeo aleat\u00f3rio com estranhos"},"content":{"rendered":"<p>H\u00e1 algo de empolgante em iniciar uma conversa com um completo estranho. Adicione um v\u00eddeo \u00e0 mistura e a experi\u00eancia se torna ainda mais real, pessoal e espont\u00e2nea. \u00c9 por isso que milh\u00f5es de pessoas em todo o mundo recorrem ao bate-papo por v\u00eddeo aleat\u00f3rio com estranhos todos os dias. Com um clique, voc\u00ea fica cara a cara com algu\u00e9m que nunca viu antes - compartilhando hist\u00f3rias, piadas e, \u00e0s vezes, at\u00e9 fazendo conex\u00f5es de longo prazo.<\/p>\n<p>Ao contr\u00e1rio da m\u00eddia social ou dos aplicativos de namoro, n\u00e3o h\u00e1 perfis para rolar ou biografias para ler. O bate-papo por v\u00eddeo aleat\u00f3rio elimina os filtros e permite que voc\u00ea entre diretamente em uma conversa ao vivo e sem filtros.<\/p>\n<h2>O que \u00e9 o bate-papo por v\u00eddeo aleat\u00f3rio com estranhos?<\/h2>\n<p>Em sua ess\u00eancia, o bate-papo por v\u00eddeo aleat\u00f3rio com estranhos \u00e9 uma plataforma on-line que o coloca em contato com outra pessoa de forma completamente aleat\u00f3ria para uma chamada de v\u00eddeo ao vivo individual. Voc\u00ea pode conversar pelo tempo que quiser ou clicar em \"Next\" (Pr\u00f3ximo) para passar para outro usu\u00e1rio instantaneamente.<\/p>\n<p>Esses bate-papos s\u00e3o:<\/p>\n<ul>\n<li>Gratuito e instant\u00e2neo - Muitas plataformas n\u00e3o exigem registro nem pagamento.<\/li>\n<li>An\u00f4nimo - Use um apelido ou fique an\u00f4nimo at\u00e9 que esteja pronto para compartilhar.<\/li>\n<li>Flex\u00edvel - Comece com v\u00eddeo, somente voz ou bate-papo baseado em texto.<\/li>\n<li>Imprevis\u00edvel - Voc\u00ea nunca sabe quem vai encontrar em seguida.<\/li>\n<\/ul>\n<p>\u00c9 como uma aventura digital - cada conex\u00e3o \u00e9 uma nova hist\u00f3ria esperando para acontecer.<\/p>\n<h2>Por que as pessoas adoram o bate-papo por v\u00eddeo aleat\u00f3rio<\/h2>\n<p>Ent\u00e3o, o que torna esse formato t\u00e3o popular? Aqui est\u00e3o alguns dos principais motivos:<\/p>\n<ul>\n<li>Espontaneidade - Toda chamada \u00e9 nova e inesperada.<\/li>\n<li>Alcance global - Conhe\u00e7a pessoas de diferentes culturas, fusos hor\u00e1rios e estilos de vida.<\/li>\n<li>Conex\u00e3o humana - o v\u00eddeo permite que voc\u00ea veja sorrisos, ou\u00e7a vozes e se conecte de forma aut\u00eantica.<\/li>\n<li>Baixa press\u00e3o - Se o bate-papo n\u00e3o parecer adequado, pule-o e siga em frente.<\/li>\n<li>Divers\u00e3o e variedade - De brincadeiras leves a conversas profundas at\u00e9 tarde da noite, n\u00e3o h\u00e1 dois bate-papos iguais.<\/li>\n<\/ul>\n<p>Para muitos, o bate-papo por v\u00eddeo aleat\u00f3rio significa redescobrir a alegria de falar sem pensar demais.<\/p>\n<h2>Como funciona o bate-papo por v\u00eddeo aleat\u00f3rio com estranhos<\/h2>\n<p>Come\u00e7ar \u00e9 simples, mesmo que voc\u00ea n\u00e3o seja um especialista em tecnologia:<\/p>\n<ol>\n<li>Escolha uma plataforma - Sites como Omegle, Chatroulette, Chatspin e TinyChat s\u00e3o escolhas populares.<\/li>\n<li>Permita sua webcam e microfone - As plataformas solicitar\u00e3o acesso para que voc\u00ea possa ser visto e ouvido.<\/li>\n<li>Clique em \"Start\" (Iniciar) ou \"Connect\" (Conectar) - Voc\u00ea ser\u00e1 imediatamente combinado com um estranho aleat\u00f3rio.<\/li>\n<li>Bate-papo ou pular - Permane\u00e7a na conversa se ela for boa, ou siga em frente para conhecer algu\u00e9m novo.<\/li>\n<li>Use filtros, se dispon\u00edveis - Algumas plataformas permitem restringir as correspond\u00eancias por interesses, local ou g\u00eanero.<\/li>\n<\/ol>\n<p>\u00c9 isso, sem configura\u00e7\u00f5es complicadas, apenas conversas instant\u00e2neas por v\u00eddeo.<\/p>\n<h2>Melhores plataformas para bate-papo por v\u00eddeo aleat\u00f3rio com estranhos<\/h2>\n<p>Aqui est\u00e3o algumas das op\u00e7\u00f5es mais conhecidas e confi\u00e1veis:<\/p>\n<ul>\n<li>Omegle - O site original de bate-papo com v\u00eddeo aleat\u00f3rio, com modos de texto e v\u00eddeo.<\/li>\n<li>Chatroulette - Plataforma global com correspond\u00eancia r\u00e1pida e uma grande base de usu\u00e1rios.<\/li>\n<li>Chatspin - Adiciona filtros para g\u00eanero, local e interesses, al\u00e9m de efeitos de v\u00eddeo divertidos.<\/li>\n<li>Camsurf - Conhecido por seu design limpo, modera\u00e7\u00e3o e comunidade amig\u00e1vel.<\/li>\n<li>Chatrandom - Oferece salas de bate-papo tem\u00e1ticas, bem como o modo \"somente bate-papo para meninas\".<\/li>\n<li>TinyChat - Combina bate-papo com estranhos e salas de v\u00eddeo em grupo, dando uma sensa\u00e7\u00e3o de comunidade.<\/li>\n<li>Bazoocam - Favorito na Europa com jogos de quebra-gelo integrados ao bate-papo.<\/li>\n<\/ul>\n<p>Cada plataforma tem seus pr\u00f3prios pontos fortes, portanto, experimente algumas para ver qual delas combina com sua vibra\u00e7\u00e3o.<\/p>\n<h2>Bate-papo por v\u00eddeo aleat\u00f3rio vs. outras conversas on-line<\/h2>\n<p>Embora existam muitas maneiras de conversar on-line, o bate-papo por v\u00eddeo com estranhos aleat\u00f3rios se destaca.<\/p>\n<table>\n<thead>\n<tr>\n<th>Recurso<\/th>\n<th>Random Video Chat com Estranhos<\/th>\n<th>M\u00eddia social<\/th>\n<th>Aplicativos de namoro<\/th>\n<th>Salas de bate-papo por texto<\/th>\n<\/tr>\n<\/thead>\n<tbody>\n<tr>\n<td>V\u00eddeo em tempo real<\/td>\n<td>\u2705<\/td>\n<td>\u2705<\/td>\n<td>\u2705<\/td>\n<td>\u274c<\/td>\n<\/tr>\n<tr>\n<td>Correspond\u00eancia aleat\u00f3ria<\/td>\n<td>\u2705<\/td>\n<td>\u274c<\/td>\n<td>\u2705\/\u274c<\/td>\n<td>\u2705<\/td>\n<\/tr>\n<tr>\n<td>N\u00e3o \u00e9 necess\u00e1rio perfil<\/td>\n<td>\u2705<\/td>\n<td>\u274c<\/td>\n<td>\u274c<\/td>\n<td>\u2705<\/td>\n<\/tr>\n<tr>\n<td>Acesso gratuito e instant\u00e2neo<\/td>\n<td>\u2705<\/td>\n<td>\u2705<\/td>\n<td>\u26a0\ufe0f Frequentemente pago<\/td>\n<td>\u2705<\/td>\n<\/tr>\n<tr>\n<td>Op\u00e7\u00e3o pular\/pr\u00f3ximo<\/td>\n<td>\u2705<\/td>\n<td>\u274c<\/td>\n<td>\u274c<\/td>\n<td>\u274c<\/td>\n<\/tr>\n<\/tbody>\n<\/table>\n<p>\u00c9 o imediatismo, a imprevisibilidade e o elemento face a face que o tornam \u00fanico.<\/p>\n<h2>Como se manter seguro ao conversar com estranhos<\/h2>\n<p>A maioria dos usu\u00e1rios est\u00e1 l\u00e1 para se divertir e ter uma conversa amig\u00e1vel, mas a seguran\u00e7a \u00e9 sempre importante:<\/p>\n<ul>\n<li>N\u00e3o compartilhe detalhes pessoais - Mantenha seu nome completo, endere\u00e7o e n\u00famero de telefone em sigilo.<\/li>\n<li>Use um plano de fundo neutro - Evite mostrar informa\u00e7\u00f5es pessoais na exibi\u00e7\u00e3o da webcam.<\/li>\n<li>Seja cauteloso com os links - Nunca clique ou baixe arquivos de estranhos.<\/li>\n<li>Denunciar ou ignorar usu\u00e1rios inadequados - Plataformas respeit\u00e1veis t\u00eam recursos de modera\u00e7\u00e3o.<\/li>\n<li>Confie em seus instintos - Se algo parecer estranho, siga em frente.<\/li>\n<\/ul>\n<p>Quando bem feito, o bate-papo por v\u00eddeo aleat\u00f3rio \u00e9 divertido e seguro.<\/p>\n<h2>Por que as pessoas participam de bate-papos em c\u00e2meras de estranhos<\/h2>\n<p>Voc\u00ea encontrar\u00e1 uma grande variedade de pessoas que usam o bate-papo por v\u00eddeo aleat\u00f3rio gratuito com estranhos. Os motivos mais comuns incluem:<\/p>\n<ul>\n<li>Curando o t\u00e9dio - Entretenimento at\u00e9 tarde da noite em casa.<\/li>\n<li>Curiosidade cultural - aprender sobre diferentes pa\u00edses e estilos de vida.<\/li>\n<li>Pr\u00e1tica do idioma - Conversar com falantes nativos para melhorar a flu\u00eancia.<\/li>\n<li>Paquera e namoro - Esperando conhecer algu\u00e9m com qu\u00edmica.<\/li>\n<li>Conversa casual - Apenas querendo conversar com algu\u00e9m novo.<\/li>\n<\/ul>\n<p>A imprevisibilidade o mant\u00e9m atualizado - cada conex\u00e3o \u00e9 uma chance de descobrir algo inesperado.<\/p>\n<h2>TinyChat: uma alternativa com foco na comunidade<\/h2>\n<p>Se voc\u00ea adora a ideia do bate-papo por v\u00eddeo com estranhos aleat\u00f3rios, mas quer um pouco mais de estrutura, vale a pena experimentar o TinyChat. Em vez de apenas partidas aleat\u00f3rias individuais, ele oferece:<\/p>\n<ul>\n<li>Salas de bate-papo p\u00fablicas - Participe de conversas em grupo sobre t\u00f3picos espec\u00edficos.<\/li>\n<li>Salas privativas - Crie seu pr\u00f3prio espa\u00e7o para conversas individuais.<\/li>\n<li>V\u00e1rios formatos de bate-papo - Alterne entre texto, \u00e1udio e v\u00eddeo.<\/li>\n<li>Acesso multiplataforma - Use-o em seu navegador ou por meio de aplicativos m\u00f3veis.<\/li>\n<li>Eventos da comunidade - Encontre pessoas com a mesma opini\u00e3o em sess\u00f5es de grupo cont\u00ednuas.<\/li>\n<\/ul>\n<p>\u00c9 um \u00f3timo equil\u00edbrio entre bate-papos espont\u00e2neos e intera\u00e7\u00e3o de longo prazo com a comunidade.<\/p>\n<h2>Dicas para uma \u00f3tima experi\u00eancia de bate-papo por v\u00eddeo aleat\u00f3rio<\/h2>\n<p>Deseja aproveitar ao m\u00e1ximo suas sess\u00f5es? Experimente estas dicas:<\/p>\n<ul>\n<li>Sorria e seja acolhedor - As primeiras impress\u00f5es s\u00e3o importantes, mesmo on-line.<\/li>\n<li>Fa\u00e7a perguntas envolventes - \"Qual \u00e9 o seu lugar favorito para onde voc\u00ea viajou?\" bate \"Oi\".<\/li>\n<li>Mantenha o respeito - Uma atitude positiva aumenta a probabilidade de as pessoas permanecerem.<\/li>\n<li>Experimente o hor\u00e1rio - Fusos hor\u00e1rios diferentes significam pessoas diferentes on-line.<\/li>\n<li>Saiba quando pular - Nem todas as combina\u00e7\u00f5es ser\u00e3o bem-sucedidas, e n\u00e3o h\u00e1 problema nisso.<\/li>\n<\/ul>\n<h2>Recursos de bate-papo por v\u00eddeo aleat\u00f3rio gratuito vs. pago<\/h2>\n<p>A maioria das plataformas \u00e9 gratuita, mas algumas oferecem upgrades:<\/p>\n<table>\n<thead>\n<tr>\n<th>Recurso<\/th>\n<th>Vers\u00e3o gratuita<\/th>\n<th>Vers\u00e3o paga<\/th>\n<\/tr>\n<\/thead>\n<tbody>\n<tr>\n<td>Correspond\u00eancia aleat\u00f3ria<\/td>\n<td>\u2705 Sim<\/td>\n<td>\u2705 Sim<\/td>\n<\/tr>\n<tr>\n<td>Saltos ilimitados<\/td>\n<td>\u26a0\ufe0f \u00c0s vezes com tampa<\/td>\n<td>\u2705 Ilimitado<\/td>\n<\/tr>\n<tr>\n<td>Filtros de g\u00eanero\/localiza\u00e7\u00e3o<\/td>\n<td>\u26a0\ufe0f Basic<\/td>\n<td>\u2705 Avan\u00e7ado<\/td>\n<\/tr>\n<tr>\n<td>An\u00fancios removidos<\/td>\n<td>\u274c<\/td>\n<td>\u2705 Sim<\/td>\n<\/tr>\n<tr>\n<td>Salas VIP\/privadas<\/td>\n<td>\u274c<\/td>\n<td>\u2705 Sim<\/td>\n<\/tr>\n<\/tbody>\n<\/table>\n<p>Para uso casual, o bate-papo aleat\u00f3rio gratuito \u00e9 mais do que suficiente - voc\u00ea n\u00e3o precisa pagar para se divertir.<\/p>\n<h2>A alegria da aleatoriedade<\/h2>\n<p>A maior vantagem do bate-papo por v\u00eddeo aleat\u00f3rio com estranhos \u00e9 sua imprevisibilidade. Em uma \u00fanica noite, voc\u00ea pode:<\/p>\n<ul>\n<li>Rir com algu\u00e9m do outro lado do mundo.<\/li>\n<li>Aprenda uma frase em outro idioma.<\/li>\n<li>Compartilhe recomenda\u00e7\u00f5es de m\u00fasicas ou filmes.<\/li>\n<li>Converse com algu\u00e9m que chame sua aten\u00e7\u00e3o.<\/li>\n<li>Termine com uma hist\u00f3ria que voc\u00ea contar\u00e1 por anos.<\/li>\n<\/ul>\n<p>Trata-se da possibilidade - o rosto desconhecido esperando do outro lado da tela.<\/p>\n<p>O bate-papo por v\u00eddeo aleat\u00f3rio com estranhos \u00e9 uma das maneiras mais simples e interessantes de se conectar on-line. \u00c9 espont\u00e2neo, global e refrescantemente humano. Se voc\u00ea est\u00e1 procurando divers\u00e3o casual, interc\u00e2mbio cultural ou at\u00e9 mesmo uma centelha de romance, essas plataformas oferecem acesso instant\u00e2neo a pessoas reais - sem perfis, sem trocas de mensagens, sem estresse.<\/p>\n<p>Se estiver curioso, ligue sua webcam, clique em \"Start\" (Iniciar) e veja quem voc\u00ea encontra. O pr\u00f3ximo desconhecido aleat\u00f3rio pode ser o destaque de sua noite.<\/p>","protected":false},"excerpt":{"rendered":"<p>There\u2019s something exciting about striking up a conversation with a complete stranger. Add video into the mix, and the experience becomes even more real, personal, and spontaneous. That\u2019s why millions of people around the world turn to random video chat with strangers every day. With one click, you\u2019re face-to-face with someone you\u2019ve never met before\u2014sharing [&hellip;]<\/p>\n","protected":false},"author":8,"featured_media":0,"parent":0,"menu_order":0,"comment_status":"closed","ping_status":"closed","template":"","meta":{"footnotes":""},"class_list":["post-4039","page","type-page","status-publish","hentry"],"yoast_head":"<!-- This site is optimized with the Yoast SEO plugin v27.4 - https:\/\/yoast.com\/product\/yoast-seo-wordpress\/ -->\n<title>Random Video Chat With Strangers on TinyChat.com<\/title>\n<meta name=\"description\" content=\"Enjoying Random Video Chat With Strangers? Join over 50,000,000 strangers on TinyChat! Turn on your cam and start meeting new people, or find a match.\" \/>\n<meta name=\"robots\" content=\"index, follow, max-snippet:-1, max-image-preview:large, max-video-preview:-1\" \/>\n<link rel=\"canonical\" href=\"https:\/\/tinychat.com\/pt-br\/random-video-chat-with-strangers\/\" \/>\n<meta property=\"og:locale\" content=\"pt_BR\" \/>\n<meta property=\"og:type\" content=\"article\" \/>\n<meta property=\"og:title\" content=\"Random Video Chat With Strangers on TinyChat.com\" \/>\n<meta property=\"og:description\" content=\"Enjoying Random Video Chat With Strangers? Join over 50,000,000 strangers on TinyChat! Turn on your cam and start meeting new people, or find a match.\" \/>\n<meta property=\"og:url\" content=\"https:\/\/tinychat.com\/pt-br\/random-video-chat-with-strangers\/\" \/>\n<meta property=\"og:site_name\" content=\"TinyChat\" \/>\n<meta property=\"article:publisher\" content=\"https:\/\/www.facebook.com\/tinychat\" \/>\n<meta property=\"article:modified_time\" content=\"2025-09-03T10:38:11+00:00\" \/>\n<meta property=\"og:image\" content=\"https:\/\/tinychat.com\/wp-content\/uploads\/2020\/04\/Tinychat-logo-1280x284-new-black.png\" \/>\n\t<meta property=\"og:image:width\" content=\"1280\" \/>\n\t<meta property=\"og:image:height\" content=\"284\" \/>\n\t<meta property=\"og:image:type\" content=\"image\/png\" \/>\n<meta name=\"twitter:card\" content=\"summary_large_image\" \/>\n<meta name=\"twitter:site\" content=\"@tinychat\" \/>\n<meta name=\"twitter:label1\" content=\"Est. tempo de leitura\" \/>\n\t<meta name=\"twitter:data1\" content=\"5 minutos\" \/>\n<script type=\"application\/ld+json\" class=\"yoast-schema-graph\">{\"@context\":\"https:\\\/\\\/schema.org\",\"@graph\":[{\"@type\":\"WebPage\",\"@id\":\"https:\\\/\\\/tinychat.com\\\/random-video-chat-with-strangers\\\/\",\"url\":\"https:\\\/\\\/tinychat.com\\\/random-video-chat-with-strangers\\\/\",\"name\":\"Random Video Chat With Strangers on TinyChat.com\",\"isPartOf\":{\"@id\":\"https:\\\/\\\/tinychat.com\\\/#website\"},\"datePublished\":\"2025-09-03T06:47:55+00:00\",\"dateModified\":\"2025-09-03T10:38:11+00:00\",\"description\":\"Enjoying Random Video Chat With Strangers? Join over 50,000,000 strangers on TinyChat! Turn on your cam and start meeting new people, or find a match.\",\"breadcrumb\":{\"@id\":\"https:\\\/\\\/tinychat.com\\\/random-video-chat-with-strangers\\\/#breadcrumb\"},\"inLanguage\":\"pt-BR\",\"potentialAction\":[{\"@type\":\"ReadAction\",\"target\":[\"https:\\\/\\\/tinychat.com\\\/random-video-chat-with-strangers\\\/\"]}]},{\"@type\":\"BreadcrumbList\",\"@id\":\"https:\\\/\\\/tinychat.com\\\/random-video-chat-with-strangers\\\/#breadcrumb\",\"itemListElement\":[{\"@type\":\"ListItem\",\"position\":1,\"name\":\"Home\",\"item\":\"https:\\\/\\\/tinychat.com\\\/\"},{\"@type\":\"ListItem\",\"position\":2,\"name\":\"Random Video Chat With Strangers\"}]},{\"@type\":\"WebSite\",\"@id\":\"https:\\\/\\\/tinychat.com\\\/#website\",\"url\":\"https:\\\/\\\/tinychat.com\\\/\",\"name\":\"TinyChat\",\"description\":\"Random Video Chat with Strangers\",\"publisher\":{\"@id\":\"https:\\\/\\\/tinychat.com\\\/#organization\"},\"alternateName\":\"TinyChat.com\",\"potentialAction\":[{\"@type\":\"SearchAction\",\"target\":{\"@type\":\"EntryPoint\",\"urlTemplate\":\"https:\\\/\\\/tinychat.com\\\/?s={search_term_string}\"},\"query-input\":{\"@type\":\"PropertyValueSpecification\",\"valueRequired\":true,\"valueName\":\"search_term_string\"}}],\"inLanguage\":\"pt-BR\"},{\"@type\":\"Organization\",\"@id\":\"https:\\\/\\\/tinychat.com\\\/#organization\",\"name\":\"TinyChat\",\"alternateName\":\"TinyChat.com\",\"url\":\"https:\\\/\\\/tinychat.com\\\/\",\"logo\":{\"@type\":\"ImageObject\",\"inLanguage\":\"pt-BR\",\"@id\":\"https:\\\/\\\/tinychat.com\\\/#\\\/schema\\\/logo\\\/image\\\/\",\"url\":\"https:\\\/\\\/tinychat.com\\\/wp-content\\\/uploads\\\/2023\\\/11\\\/Tinychat-icon-square.png\",\"contentUrl\":\"https:\\\/\\\/tinychat.com\\\/wp-content\\\/uploads\\\/2023\\\/11\\\/Tinychat-icon-square.png\",\"width\":284,\"height\":284,\"caption\":\"TinyChat\"},\"image\":{\"@id\":\"https:\\\/\\\/tinychat.com\\\/#\\\/schema\\\/logo\\\/image\\\/\"},\"sameAs\":[\"https:\\\/\\\/www.facebook.com\\\/tinychat\",\"https:\\\/\\\/x.com\\\/tinychat\"]}]}<\/script>\n<!-- \/ Yoast SEO plugin. -->","yoast_head_json":{"title":"Bate-papo por v\u00eddeo aleat\u00f3rio com estranhos no TinyChat.com","description":"Gostando de bater papo por v\u00eddeo aleat\u00f3rio com estranhos? Junte-se a mais de 50.000.000 de estranhos no TinyChat! Ligue sua c\u00e2mera e comece a conhecer novas pessoas ou encontre um par.","robots":{"index":"index","follow":"follow","max-snippet":"max-snippet:-1","max-image-preview":"max-image-preview:large","max-video-preview":"max-video-preview:-1"},"canonical":"https:\/\/tinychat.com\/pt-br\/random-video-chat-with-strangers\/","og_locale":"pt_BR","og_type":"article","og_title":"Random Video Chat With Strangers on TinyChat.com","og_description":"Enjoying Random Video Chat With Strangers? Join over 50,000,000 strangers on TinyChat! Turn on your cam and start meeting new people, or find a match.","og_url":"https:\/\/tinychat.com\/pt-br\/random-video-chat-with-strangers\/","og_site_name":"TinyChat","article_publisher":"https:\/\/www.facebook.com\/tinychat","article_modified_time":"2025-09-03T10:38:11+00:00","og_image":[{"width":1280,"height":284,"url":"https:\/\/tinychat.com\/wp-content\/uploads\/2020\/04\/Tinychat-logo-1280x284-new-black.png","type":"image\/png"}],"twitter_card":"summary_large_image","twitter_site":"@tinychat","twitter_misc":{"Est. tempo de leitura":"5 minutos"},"schema":{"@context":"https:\/\/schema.org","@graph":[{"@type":"WebPage","@id":"https:\/\/tinychat.com\/random-video-chat-with-strangers\/","url":"https:\/\/tinychat.com\/random-video-chat-with-strangers\/","name":"Bate-papo por v\u00eddeo aleat\u00f3rio com estranhos no TinyChat.com","isPartOf":{"@id":"https:\/\/tinychat.com\/#website"},"datePublished":"2025-09-03T06:47:55+00:00","dateModified":"2025-09-03T10:38:11+00:00","description":"Gostando de bater papo por v\u00eddeo aleat\u00f3rio com estranhos? Junte-se a mais de 50.000.000 de estranhos no TinyChat! Ligue sua c\u00e2mera e comece a conhecer novas pessoas ou encontre um par.","breadcrumb":{"@id":"https:\/\/tinychat.com\/random-video-chat-with-strangers\/#breadcrumb"},"inLanguage":"pt-BR","potentialAction":[{"@type":"ReadAction","target":["https:\/\/tinychat.com\/random-video-chat-with-strangers\/"]}]},{"@type":"BreadcrumbList","@id":"https:\/\/tinychat.com\/random-video-chat-with-strangers\/#breadcrumb","itemListElement":[{"@type":"ListItem","position":1,"name":"Home","item":"https:\/\/tinychat.com\/"},{"@type":"ListItem","position":2,"name":"Random Video Chat With Strangers"}]},{"@type":"WebSite","@id":"https:\/\/tinychat.com\/#website","url":"https:\/\/tinychat.com\/","name":"TinyChat","description":"Bate-papo por v\u00eddeo aleat\u00f3rio com estranhos","publisher":{"@id":"https:\/\/tinychat.com\/#organization"},"alternateName":"TinyChat.com","potentialAction":[{"@type":"SearchAction","target":{"@type":"EntryPoint","urlTemplate":"https:\/\/tinychat.com\/?s={search_term_string}"},"query-input":{"@type":"PropertyValueSpecification","valueRequired":true,"valueName":"search_term_string"}}],"inLanguage":"pt-BR"},{"@type":"Organization","@id":"https:\/\/tinychat.com\/#organization","name":"TinyChat","alternateName":"TinyChat.com","url":"https:\/\/tinychat.com\/","logo":{"@type":"ImageObject","inLanguage":"pt-BR","@id":"https:\/\/tinychat.com\/#\/schema\/logo\/image\/","url":"https:\/\/tinychat.com\/wp-content\/uploads\/2023\/11\/Tinychat-icon-square.png","contentUrl":"https:\/\/tinychat.com\/wp-content\/uploads\/2023\/11\/Tinychat-icon-square.png","width":284,"height":284,"caption":"TinyChat"},"image":{"@id":"https:\/\/tinychat.com\/#\/schema\/logo\/image\/"},"sameAs":["https:\/\/www.facebook.com\/tinychat","https:\/\/x.com\/tinychat"]}]}},"_links":{"self":[{"href":"https:\/\/tinychat.com\/pt-br\/wp-json\/wp\/v2\/pages\/4039","targetHints":{"allow":["GET"]}}],"collection":[{"href":"https:\/\/tinychat.com\/pt-br\/wp-json\/wp\/v2\/pages"}],"about":[{"href":"https:\/\/tinychat.com\/pt-br\/wp-json\/wp\/v2\/types\/page"}],"author":[{"embeddable":true,"href":"https:\/\/tinychat.com\/pt-br\/wp-json\/wp\/v2\/users\/8"}],"replies":[{"embeddable":true,"href":"https:\/\/tinychat.com\/pt-br\/wp-json\/wp\/v2\/comments?post=4039"}],"version-history":[{"count":4,"href":"https:\/\/tinychat.com\/pt-br\/wp-json\/wp\/v2\/pages\/4039\/revisions"}],"predecessor-version":[{"id":13497,"href":"https:\/\/tinychat.com\/pt-br\/wp-json\/wp\/v2\/pages\/4039\/revisions\/13497"}],"wp:attachment":[{"href":"https:\/\/tinychat.com\/pt-br\/wp-json\/wp\/v2\/media?parent=4039"}],"curies":[{"name":"wp","href":"https:\/\/api.w.org\/{rel}","templated":true}]}}