{"id":4124,"date":"2025-05-23T18:02:09","date_gmt":"2025-05-23T16:02:09","guid":{"rendered":"https:\/\/tinychat.com\/?page_id=4124"},"modified":"2025-07-07T18:19:41","modified_gmt":"2025-07-07T16:19:41","slug":"cam-with-strangers","status":"publish","type":"page","link":"https:\/\/tinychat.com\/pt-br\/cam-with-strangers\/","title":{"rendered":"C\u00e2mera com estranhos"},"content":{"rendered":"<p>Se voc\u00ea deseja agitar sua vida social, experimentar algo novo ou simplesmente superar uma noite entediante, poucas coisas s\u00e3o t\u00e3o emocionantes - ou t\u00e3o imprevis\u00edveis - quanto usar uma c\u00e2mera com uma plataforma para estranhos. Esque\u00e7a os intermin\u00e1veis bate-papos em grupo ou a rolagem das m\u00eddias sociais. Com apenas uma webcam e um clique, voc\u00ea pode se conectar instantaneamente cara a cara com pessoas de todo o mundo - sem press\u00e3o, sem expectativas, apenas uma conversa genu\u00edna e ao vivo.<\/p>\n<p>N\u00e3o importa se voc\u00ea est\u00e1 a fim de um bate-papo profundo, algumas risadas ou uma conex\u00e3o de flerte, as c\u00e2meras com estranhos tornam cada noite um pouco mais interessante.<\/p>\n<h2>O que significa acampar com estranhos?<\/h2>\n<p>Em sua ess\u00eancia, a c\u00e2mera com estranhos significa simplesmente usar a webcam (e, \u00e0s vezes, o microfone) para conversar com pessoas aleat\u00f3rias on-line. Ao contr\u00e1rio das salas de bate-papo tradicionais, n\u00e3o se trata de enviar mensagens e esperar uma resposta. Voc\u00ea est\u00e1 conhecendo pessoas ao vivo, em tempo real - vendo seus rostos, ouvindo suas vozes e compartilhando um momento on-line verdadeiramente aut\u00eantico.<\/p>\n<p>H\u00e1 alguns sabores diferentes, incluindo:<\/p>\n<ul>\n<li>C\u00e2mera gr\u00e1tis com estranhos: Sem inscri\u00e7\u00f5es, sem pagamentos, apenas bate-papo instant\u00e2neo com v\u00eddeo ao vivo.<\/li>\n<li>C\u00e2mera aleat\u00f3ria com estranhos: Fa\u00e7a par com algu\u00e9m novo toda vez que voc\u00ea clicar em \"next\".<\/li>\n<li>Bate-papo com c\u00e2mera com estranhos: Combina v\u00eddeo, \u00e1udio e texto para proporcionar a melhor experi\u00eancia flex\u00edvel.<\/li>\n<\/ul>\n<p>A beleza est\u00e1 na surpresa - voc\u00ea nunca sabe quem vai encontrar ou aonde a conversa vai chegar.<\/p>\n<h2>Por que tantas pessoas tentam usar c\u00e2meras com estranhos?<\/h2>\n<p>Sejamos honestos: todos n\u00f3s desejamos uma conex\u00e3o real em um mundo digital. Veja por que as c\u00e2meras com estranhos est\u00e3o decolando:<\/p>\n<ul>\n<li>Espontaneidade: cada bate-papo \u00e9 um mist\u00e9rio. Voc\u00ea pode conhecer um novo amigo, um futuro encontro ou apenas compartilhar uma risada.<\/li>\n<li>Alcance global: Fale com pessoas de todo o pa\u00eds - ou de todo o mundo - em segundos.<\/li>\n<li>Sem compromisso: Fique por cinco minutos ou cinco horas. Passe para o pr\u00f3ximo bate-papo a qualquer momento.<\/li>\n<li>Seja voc\u00ea mesmo: Com pessoas totalmente desconhecidas, n\u00e3o h\u00e1 bagagem, expectativas nem necessidade de impressionar ningu\u00e9m al\u00e9m de voc\u00ea mesmo.<\/li>\n<li>Pratique habilidades sociais: Excelente para quebrar o gelo, aprimorar as habilidades lingu\u00edsticas ou simplesmente aumentar a confian\u00e7a.<\/li>\n<li>Combate \u00e0 solid\u00e3o: Perfeito para aqueles que querem companhia sem compromisso.<\/li>\n<\/ul>\n<p>\"Comecei a usar a c\u00e2mera com estranhos apenas para praticar ingl\u00eas, mas agora tenho amigos de todo o mundo e cada noite \u00e9 diferente.\"<\/p>\n<p>\"\u00c0s vezes \u00e9 bobo, \u00e0s vezes \u00e9 flerte, \u00e0s vezes \u00e9 surpreendentemente profundo. Nunca se sabe quem est\u00e1 do outro lado da c\u00e2mera.\"<\/p>\n<h2>Como funciona o Cam With Strangers?<\/h2>\n<p>A maioria das plataformas \u00e9 incrivelmente f\u00e1cil de usar. Veja o que esperar:<\/p>\n<ol>\n<li>Visite um site ou aplicativo gratuito de c\u00e2meras com estranhos.<\/li>\n<li>Permita o acesso \u00e0 c\u00e2mera e ao microfone (voc\u00ea controla o que \u00e9 compartilhado).<\/li>\n<li>Clique em \"Start\" (Iniciar) ou \"Next\" (Avan\u00e7ar) para fazer a correspond\u00eancia com um usu\u00e1rio aleat\u00f3rio.<\/li>\n<li>Converse o tempo que desejar e, em seguida, clique em \"next\" (pr\u00f3ximo) para estabelecer uma nova conex\u00e3o.<\/li>\n<li>Muitos sites tamb\u00e9m oferecem bate-papo por texto, filtros por g\u00eanero\/localiza\u00e7\u00e3o\/interesses e a op\u00e7\u00e3o de permanecer an\u00f4nimo.<\/li>\n<\/ol>\n<p>Algumas plataformas n\u00e3o exigem nenhum tipo de registro - apenas um apelido ou at\u00e9 mesmo o anonimato total. Outras podem oferecer registros opcionais para recursos extras.<\/p>\n<h2>Principais plataformas para fazer camming com estranhos<\/h2>\n<p>N\u00e3o sabe por onde come\u00e7ar? Aqui est\u00e3o alguns dos melhores lugares para conhecer e fazer cam com estranhos:<\/p>\n<ul>\n<li>Omegle: O site cl\u00e1ssico para bate-papo aleat\u00f3rio por v\u00eddeo e texto - totalmente gratuito e global.<\/li>\n<li>Chatroulette: r\u00e1pido, f\u00e1cil de usar e famoso por seu bot\u00e3o \"next\" (pr\u00f3ximo).<\/li>\n<li>Chatspin: Apresenta filtros de interesse e g\u00eanero para uma experi\u00eancia mais personalizada.<\/li>\n<li>Camsurf: Limpo, f\u00e1cil de usar e focado em manter os bate-papos positivos.<\/li>\n<li>Chatrandom: Inclui salas de bate-papo tem\u00e1ticas, filtros de localiza\u00e7\u00e3o e acesso f\u00e1cil tanto para desktop quanto para celular.<\/li>\n<li>Bazoocam: popular na Europa e oferece recursos de v\u00eddeo e jogos.<\/li>\n<\/ul>\n<p>Cada uma tem sua pr\u00f3pria vibra\u00e7\u00e3o. Experimente algumas para ver qual comunidade combina com seu estilo.<\/p>\n<h2>C\u00e2mera com estranhos vs. outras op\u00e7\u00f5es de bate-papo<\/h2>\n<table>\n<thead>\n<tr>\n<th>Recurso<\/th>\n<th>C\u00e2mera com estranhos<\/th>\n<th>Salas de bate-papo em grupo<\/th>\n<th>Aplicativos de mensagens<\/th>\n<th>M\u00eddia social<\/th>\n<\/tr>\n<\/thead>\n<tbody>\n<tr>\n<td>V\u00eddeo em tempo real<\/td>\n<td>\u2705<\/td>\n<td>\u2705<\/td>\n<td>\u274c<\/td>\n<td>\u2705<\/td>\n<\/tr>\n<tr>\n<td>Correspond\u00eancia an\u00f4nima e aleat\u00f3ria<\/td>\n<td>\u2705<\/td>\n<td>\u274c<\/td>\n<td>\u274c<\/td>\n<td>\u274c<\/td>\n<\/tr>\n<tr>\n<td>N\u00e3o \u00e9 necess\u00e1rio se registrar<\/td>\n<td>\u2705<\/td>\n<td>\u2705\/\u274c<\/td>\n<td>\u274c<\/td>\n<td>\u274c<\/td>\n<\/tr>\n<tr>\n<td>Bot\u00e3o \"Next\" (ignorar usu\u00e1rios)<\/td>\n<td>\u2705<\/td>\n<td>\u274c<\/td>\n<td>\u274c<\/td>\n<td>\u274c<\/td>\n<\/tr>\n<tr>\n<td>Comunidade global e diversificada<\/td>\n<td>\u2705<\/td>\n<td>\u2705<\/td>\n<td>\u2705<\/td>\n<td>\u2705<\/td>\n<\/tr>\n<tr>\n<td>Uso gratuito<\/td>\n<td>\u2705<\/td>\n<td>\u2705<\/td>\n<td>\u2705<\/td>\n<td>\u2705<\/td>\n<\/tr>\n<\/tbody>\n<\/table>\n<p>Cam com estranhos ganha conex\u00f5es em tempo real, an\u00f4nimas e instant\u00e2neas - sem confus\u00e3o, sem espera.<\/p>\n<h2>Como se manter seguro ao usar c\u00e2meras com estranhos<\/h2>\n<p>A maioria das pessoas est\u00e1 apenas procurando divers\u00e3o, amizade ou conversa, mas a seguran\u00e7a sempre vem em primeiro lugar. Veja como se proteger:<\/p>\n<ul>\n<li>Nunca compartilhe detalhes pessoais (nome completo, endere\u00e7o, n\u00famero de telefone, etc.).<\/li>\n<li>Use um apelido ou permane\u00e7a an\u00f4nimo.<\/li>\n<li>Mantenha o fundo da webcam neutro para evitar mostrar sua casa\/localiza\u00e7\u00e3o.<\/li>\n<li>N\u00e3o se sinta pressionado - encerre qualquer conversa que pare\u00e7a desconfort\u00e1vel ou estranha.<\/li>\n<li>Use plataformas com ferramentas de modera\u00e7\u00e3o - denuncie ou bloqueie usu\u00e1rios, se necess\u00e1rio.<\/li>\n<li>Para ter mais privacidade, evite compartilhar m\u00eddias sociais ou informa\u00e7\u00f5es de contato at\u00e9 que confie em algu\u00e9m.<\/li>\n<\/ul>\n<p>Um pouco de cautela ajuda muito - proteger sua privacidade ajuda a manter a experi\u00eancia divertida para todos.<\/p>\n<h2>Quem usa a c\u00e2mera com estranhos?<\/h2>\n<p>A resposta: <em>todos!<\/em> Essas plataformas atraem uma grande variedade de pessoas:<\/p>\n<ul>\n<li>Estudantes que desejam fazer amigos em todo o mundo ou praticar habilidades lingu\u00edsticas<\/li>\n<li>Solteiros em busca de romance ou apenas de bate-papos divertidos e sedutores<\/li>\n<li>Viajantes e expatriados se conectam com novas comunidades<\/li>\n<li>Pessoas entediadas em casa que querem ver novos rostos e ter conversas interessantes<\/li>\n<li>Qualquer pessoa que esteja procurando apoio, conselhos ou uma nova perspectiva<\/li>\n<\/ul>\n<p>De introvertidos t\u00edmidos a aventureiros extrovertidos, h\u00e1 um lugar para todos.<\/p>\n<h2>Dicas para tirar o m\u00e1ximo proveito da c\u00e2mera com estranhos<\/h2>\n<ul>\n<li>Sorria e seja amig\u00e1vel! As primeiras impress\u00f5es s\u00e3o importantes, mesmo on-line.<\/li>\n<li>Seja curioso - pergunte sobre m\u00fasica, cultura, hobbies ou hist\u00f3rias de viagens.<\/li>\n<li>Tente conversar em hor\u00e1rios diferentes do dia para conhecer pessoas de pa\u00edses diferentes.<\/li>\n<li>Se estiver se sentindo estranho, n\u00e3o h\u00e1 problema - todos os outros tamb\u00e9m s\u00e3o novos aqui.<\/li>\n<li>N\u00e3o fique desanimado com um bate-papo estranho ocasional; sua pr\u00f3xima conversa pode ser incr\u00edvel.<\/li>\n<li>Explore os modos de v\u00eddeo e texto. \u00c0s vezes voc\u00ea quer aparecer na c\u00e2mera, \u00e0s vezes n\u00e3o!<\/li>\n<\/ul>\n<h2>Quando experimentar a c\u00e2mera com estranhos<\/h2>\n<ul>\n<li>Quando voc\u00ea se sente solit\u00e1rio e quer uma companhia em tempo real<\/li>\n<li>Se voc\u00ea quiser fazer amigos de todo o mundo<\/li>\n<li>Para aprender ou praticar um novo idioma<\/li>\n<li>Para uma conex\u00e3o rom\u00e2ntica ou de flerte sem a press\u00e3o dos aplicativos de namoro<\/li>\n<li>Quando voc\u00ea s\u00f3 precisa rir ou quer ver o que est\u00e1 acontecendo em outros cantos do mundo<\/li>\n<\/ul>\n<h2>C\u00e2mera gratuita com estranhos vs. recursos pagos<\/h2>\n<p>A maioria dos sites oferece c\u00e2mera gratuita com estranhos como servi\u00e7o b\u00e1sico, mas alguns t\u00eam op\u00e7\u00f5es pagas para coisas como:<\/p>\n<ul>\n<li>Filtros extras (g\u00eanero, local, interesses)<\/li>\n<li>Correspond\u00eancia de prioridade ou pulo ilimitado<\/li>\n<li>Presentes virtuais, adesivos ou jogos no bate-papo<\/li>\n<li>Salas privativas \"somente para convidados<\/li>\n<\/ul>\n<p>Para a maioria dos usu\u00e1rios, a vers\u00e3o gratuita \u00e9 mais do que suficiente. Os recursos pagos est\u00e3o dispon\u00edveis para aqueles que desejam um pouco mais de controle ou divers\u00e3o.<\/p>\n<p>Se voc\u00ea est\u00e1 em busca de uma \u00f3tima conversa, um novo amigo ou apenas um pouco de emo\u00e7\u00e3o, a c\u00e2mera com estranhos \u00e9 a melhor maneira de abrir seu mundo no conforto de casa. Com conex\u00f5es instant\u00e2neas e face a face, conversas em tempo real e liberdade total, cada noite \u00e9 uma nova aventura - sem press\u00e3o, sem compromisso e sem saber quem voc\u00ea conhecer\u00e1 em seguida.<\/p>\n<p>Pronto para experimentar? Ligue sua webcam, escolha uma plataforma e comece a fazer v\u00eddeos com estranhos hoje \u00e0 noite. Sua pr\u00f3xima grande hist\u00f3ria ou amizade est\u00e1 a apenas um clique de dist\u00e2ncia.<\/p>","protected":false},"excerpt":{"rendered":"<p>If you\u2019re looking to shake up your social life, try something new, or just beat a boring night, few things are as thrilling\u2014or as unpredictable\u2014as using a cam with strangers platform. Forget endless group chats or scrolling social media. With just a webcam and a click, you can instantly connect face-to-face with people from all [&hellip;]<\/p>\n","protected":false},"author":8,"featured_media":0,"parent":0,"menu_order":0,"comment_status":"closed","ping_status":"closed","template":"","meta":{"footnotes":""},"class_list":["post-4124","page","type-page","status-publish","hentry"],"yoast_head":"<!-- This site is optimized with the Yoast SEO plugin v27.6 - https:\/\/yoast.com\/product\/yoast-seo-wordpress\/ -->\n<title>Cam With Strangers with Video Chat on TinyChat.com<\/title>\n<meta name=\"description\" content=\"Enjoying Cam With Strangers? Join over 50,000,000 strangers on TinyChat! Turn on your cam and start meeting new people, or find a match.\" \/>\n<meta name=\"robots\" content=\"index, follow, max-snippet:-1, max-image-preview:large, max-video-preview:-1\" \/>\n<link rel=\"canonical\" href=\"https:\/\/tinychat.com\/pt-br\/cam-with-strangers\/\" \/>\n<meta property=\"og:locale\" content=\"pt_BR\" \/>\n<meta property=\"og:type\" content=\"article\" \/>\n<meta property=\"og:title\" content=\"Cam With Strangers with Video Chat on TinyChat.com\" \/>\n<meta property=\"og:description\" content=\"Enjoying Cam With Strangers? Join over 50,000,000 strangers on TinyChat! Turn on your cam and start meeting new people, or find a match.\" \/>\n<meta property=\"og:url\" content=\"https:\/\/tinychat.com\/pt-br\/cam-with-strangers\/\" \/>\n<meta property=\"og:site_name\" content=\"TinyChat\" \/>\n<meta property=\"article:publisher\" content=\"https:\/\/www.facebook.com\/tinychat\" \/>\n<meta property=\"article:modified_time\" content=\"2025-07-07T16:19:41+00:00\" \/>\n<meta property=\"og:image\" content=\"https:\/\/tinychat.com\/wp-content\/uploads\/2020\/04\/Tinychat-logo-1280x284-new-black.png\" \/>\n\t<meta property=\"og:image:width\" content=\"1280\" \/>\n\t<meta property=\"og:image:height\" content=\"284\" \/>\n\t<meta property=\"og:image:type\" content=\"image\/png\" \/>\n<meta name=\"twitter:card\" content=\"summary_large_image\" \/>\n<meta name=\"twitter:site\" content=\"@tinychat\" \/>\n<meta name=\"twitter:label1\" content=\"Est. tempo de leitura\" \/>\n\t<meta name=\"twitter:data1\" content=\"6 minutos\" \/>\n<script type=\"application\/ld+json\" class=\"yoast-schema-graph\">{\"@context\":\"https:\\\/\\\/schema.org\",\"@graph\":[{\"@type\":\"WebPage\",\"@id\":\"https:\\\/\\\/tinychat.com\\\/cam-with-strangers\\\/\",\"url\":\"https:\\\/\\\/tinychat.com\\\/cam-with-strangers\\\/\",\"name\":\"Cam With Strangers with Video Chat on TinyChat.com\",\"isPartOf\":{\"@id\":\"https:\\\/\\\/tinychat.com\\\/#website\"},\"datePublished\":\"2025-05-23T16:02:09+00:00\",\"dateModified\":\"2025-07-07T16:19:41+00:00\",\"description\":\"Enjoying Cam With Strangers? Join over 50,000,000 strangers on TinyChat! Turn on your cam and start meeting new people, or find a match.\",\"breadcrumb\":{\"@id\":\"https:\\\/\\\/tinychat.com\\\/cam-with-strangers\\\/#breadcrumb\"},\"inLanguage\":\"pt-BR\",\"potentialAction\":[{\"@type\":\"ReadAction\",\"target\":[\"https:\\\/\\\/tinychat.com\\\/cam-with-strangers\\\/\"]}]},{\"@type\":\"BreadcrumbList\",\"@id\":\"https:\\\/\\\/tinychat.com\\\/cam-with-strangers\\\/#breadcrumb\",\"itemListElement\":[{\"@type\":\"ListItem\",\"position\":1,\"name\":\"Home\",\"item\":\"https:\\\/\\\/tinychat.com\\\/\"},{\"@type\":\"ListItem\",\"position\":2,\"name\":\"Cam With Strangers\"}]},{\"@type\":\"WebSite\",\"@id\":\"https:\\\/\\\/tinychat.com\\\/#website\",\"url\":\"https:\\\/\\\/tinychat.com\\\/\",\"name\":\"TinyChat\",\"description\":\"Random Video Chat with Strangers\",\"publisher\":{\"@id\":\"https:\\\/\\\/tinychat.com\\\/#organization\"},\"alternateName\":\"TinyChat.com\",\"potentialAction\":[{\"@type\":\"SearchAction\",\"target\":{\"@type\":\"EntryPoint\",\"urlTemplate\":\"https:\\\/\\\/tinychat.com\\\/?s={search_term_string}\"},\"query-input\":{\"@type\":\"PropertyValueSpecification\",\"valueRequired\":true,\"valueName\":\"search_term_string\"}}],\"inLanguage\":\"pt-BR\"},{\"@type\":\"Organization\",\"@id\":\"https:\\\/\\\/tinychat.com\\\/#organization\",\"name\":\"TinyChat\",\"alternateName\":\"TinyChat.com\",\"url\":\"https:\\\/\\\/tinychat.com\\\/\",\"logo\":{\"@type\":\"ImageObject\",\"inLanguage\":\"pt-BR\",\"@id\":\"https:\\\/\\\/tinychat.com\\\/#\\\/schema\\\/logo\\\/image\\\/\",\"url\":\"https:\\\/\\\/tinychat.com\\\/wp-content\\\/uploads\\\/2023\\\/11\\\/Tinychat-icon-square.png\",\"contentUrl\":\"https:\\\/\\\/tinychat.com\\\/wp-content\\\/uploads\\\/2023\\\/11\\\/Tinychat-icon-square.png\",\"width\":284,\"height\":284,\"caption\":\"TinyChat\"},\"image\":{\"@id\":\"https:\\\/\\\/tinychat.com\\\/#\\\/schema\\\/logo\\\/image\\\/\"},\"sameAs\":[\"https:\\\/\\\/www.facebook.com\\\/tinychat\",\"https:\\\/\\\/x.com\\\/tinychat\"]}]}<\/script>\n<!-- \/ Yoast SEO plugin. -->","yoast_head_json":{"title":"Cam com estranhos com bate-papo por v\u00eddeo no TinyChat.com","description":"Est\u00e1 curtindo a c\u00e2mera com estranhos? Junte-se a mais de 50.000.000 de estranhos no TinyChat! Ligue sua c\u00e2mera e comece a conhecer novas pessoas ou encontre um par.","robots":{"index":"index","follow":"follow","max-snippet":"max-snippet:-1","max-image-preview":"max-image-preview:large","max-video-preview":"max-video-preview:-1"},"canonical":"https:\/\/tinychat.com\/pt-br\/cam-with-strangers\/","og_locale":"pt_BR","og_type":"article","og_title":"Cam With Strangers with Video Chat on TinyChat.com","og_description":"Enjoying Cam With Strangers? Join over 50,000,000 strangers on TinyChat! Turn on your cam and start meeting new people, or find a match.","og_url":"https:\/\/tinychat.com\/pt-br\/cam-with-strangers\/","og_site_name":"TinyChat","article_publisher":"https:\/\/www.facebook.com\/tinychat","article_modified_time":"2025-07-07T16:19:41+00:00","og_image":[{"width":1280,"height":284,"url":"https:\/\/tinychat.com\/wp-content\/uploads\/2020\/04\/Tinychat-logo-1280x284-new-black.png","type":"image\/png"}],"twitter_card":"summary_large_image","twitter_site":"@tinychat","twitter_misc":{"Est. tempo de leitura":"6 minutos"},"schema":{"@context":"https:\/\/schema.org","@graph":[{"@type":"WebPage","@id":"https:\/\/tinychat.com\/cam-with-strangers\/","url":"https:\/\/tinychat.com\/cam-with-strangers\/","name":"Cam com estranhos com bate-papo por v\u00eddeo no TinyChat.com","isPartOf":{"@id":"https:\/\/tinychat.com\/#website"},"datePublished":"2025-05-23T16:02:09+00:00","dateModified":"2025-07-07T16:19:41+00:00","description":"Est\u00e1 curtindo a c\u00e2mera com estranhos? Junte-se a mais de 50.000.000 de estranhos no TinyChat! Ligue sua c\u00e2mera e comece a conhecer novas pessoas ou encontre um par.","breadcrumb":{"@id":"https:\/\/tinychat.com\/cam-with-strangers\/#breadcrumb"},"inLanguage":"pt-BR","potentialAction":[{"@type":"ReadAction","target":["https:\/\/tinychat.com\/cam-with-strangers\/"]}]},{"@type":"BreadcrumbList","@id":"https:\/\/tinychat.com\/cam-with-strangers\/#breadcrumb","itemListElement":[{"@type":"ListItem","position":1,"name":"Home","item":"https:\/\/tinychat.com\/"},{"@type":"ListItem","position":2,"name":"Cam With Strangers"}]},{"@type":"WebSite","@id":"https:\/\/tinychat.com\/#website","url":"https:\/\/tinychat.com\/","name":"TinyChat","description":"Bate-papo por v\u00eddeo aleat\u00f3rio com estranhos","publisher":{"@id":"https:\/\/tinychat.com\/#organization"},"alternateName":"TinyChat.com","potentialAction":[{"@type":"SearchAction","target":{"@type":"EntryPoint","urlTemplate":"https:\/\/tinychat.com\/?s={search_term_string}"},"query-input":{"@type":"PropertyValueSpecification","valueRequired":true,"valueName":"search_term_string"}}],"inLanguage":"pt-BR"},{"@type":"Organization","@id":"https:\/\/tinychat.com\/#organization","name":"TinyChat","alternateName":"TinyChat.com","url":"https:\/\/tinychat.com\/","logo":{"@type":"ImageObject","inLanguage":"pt-BR","@id":"https:\/\/tinychat.com\/#\/schema\/logo\/image\/","url":"https:\/\/tinychat.com\/wp-content\/uploads\/2023\/11\/Tinychat-icon-square.png","contentUrl":"https:\/\/tinychat.com\/wp-content\/uploads\/2023\/11\/Tinychat-icon-square.png","width":284,"height":284,"caption":"TinyChat"},"image":{"@id":"https:\/\/tinychat.com\/#\/schema\/logo\/image\/"},"sameAs":["https:\/\/www.facebook.com\/tinychat","https:\/\/x.com\/tinychat"]}]}},"_links":{"self":[{"href":"https:\/\/tinychat.com\/pt-br\/wp-json\/wp\/v2\/pages\/4124","targetHints":{"allow":["GET"]}}],"collection":[{"href":"https:\/\/tinychat.com\/pt-br\/wp-json\/wp\/v2\/pages"}],"about":[{"href":"https:\/\/tinychat.com\/pt-br\/wp-json\/wp\/v2\/types\/page"}],"author":[{"embeddable":true,"href":"https:\/\/tinychat.com\/pt-br\/wp-json\/wp\/v2\/users\/8"}],"replies":[{"embeddable":true,"href":"https:\/\/tinychat.com\/pt-br\/wp-json\/wp\/v2\/comments?post=4124"}],"version-history":[{"count":4,"href":"https:\/\/tinychat.com\/pt-br\/wp-json\/wp\/v2\/pages\/4124\/revisions"}],"predecessor-version":[{"id":13305,"href":"https:\/\/tinychat.com\/pt-br\/wp-json\/wp\/v2\/pages\/4124\/revisions\/13305"}],"wp:attachment":[{"href":"https:\/\/tinychat.com\/pt-br\/wp-json\/wp\/v2\/media?parent=4124"}],"curies":[{"name":"wp","href":"https:\/\/api.w.org\/{rel}","templated":true}]}}