{"id":4141,"date":"2025-05-23T18:04:51","date_gmt":"2025-05-23T16:04:51","guid":{"rendered":"https:\/\/tinychat.com\/?page_id=4141"},"modified":"2025-07-07T18:19:49","modified_gmt":"2025-07-07T16:19:49","slug":"cam-dating","status":"publish","type":"page","link":"https:\/\/tinychat.com\/pt-br\/cam-dating\/","title":{"rendered":"Cam Dating"},"content":{"rendered":"<p>O namoro on-line percorreu um longo caminho desde as mensagens de texto e as fotos de perfil cuidadosamente selecionadas. O namoro com c\u00e2mera est\u00e1 mudando o jogo ao possibilitar a conex\u00e3o cara a cara instantaneamente - n\u00e3o h\u00e1 mais mensagens intermin\u00e1veis, catfishing ou adivinha\u00e7\u00f5es. Em um mundo em que desejamos intimidade e autenticidade, os sites de namoro com c\u00e2mera oferecem aos solteiros (e at\u00e9 mesmo aos casais) uma maneira de conhecer, flertar e se apaixonar uns pelos outros... tudo em tempo real.<\/p>\n<p>N\u00e3o importa se voc\u00ea est\u00e1 procurando divers\u00e3o casual, um relacionamento s\u00e9rio ou apenas um encontro virtual inesquec\u00edvel, o cam dating traz conex\u00f5es reais diretamente para a sua tela.<\/p>\n<h2>O que \u00e9 Cam Dating?<\/h2>\n<p>Simplificando, o namoro com c\u00e2mera \u00e9 um namoro on-line com um toque de v\u00eddeo ao vivo. Em vez de esperar por respostas ou se perder em um mar de textos, voc\u00ea entra em um bate-papo por v\u00eddeo em tempo real com algu\u00e9m novo - vendo, ouvindo e reagindo no momento. Pense nisso como um speed dating para a era digital: espont\u00e2neo, honesto e divertido.<\/p>\n<p>A maioria dos sites de encontros com c\u00e2meras oferece:<\/p>\n<ul>\n<li>Bate-papo por v\u00eddeo ao vivo e individual: Conhe\u00e7a e interaja instantaneamente.<\/li>\n<li>Namoro com c\u00e2mera aleat\u00f3ria: Fa\u00e7a contato com pessoas solteiras de todo o mundo com o clique de um bot\u00e3o.<\/li>\n<li>Filtros de g\u00eanero e localiza\u00e7\u00e3o: Assim, voc\u00ea pode se conectar com pessoas que realmente lhe interessam.<\/li>\n<li>Navega\u00e7\u00e3o de perfil: Para aqueles que querem saber um pouco mais antes de entrar no ar.<\/li>\n<li>Op\u00e7\u00f5es de v\u00eddeos particulares e em grupo: De encontros particulares a festas casuais com c\u00e2meras.<\/li>\n<\/ul>\n<p>\u00c9 o que mais se aproxima de conhecer algu\u00e9m pessoalmente, sem sair de casa.<\/p>\n<h2>Por que experimentar o Cam Dating?<\/h2>\n<p>O envio de mensagens de texto e a troca de mensagens s\u00f3 podem ir at\u00e9 certo ponto. Veja por que mais solteiros est\u00e3o fazendo a troca:<\/p>\n<ul>\n<li>Veja a qu\u00edmica real: O bate-papo por v\u00eddeo mostra sorrisos, gargalhadas e atra\u00e7\u00e3o instant\u00e2nea - n\u00e3o \u00e9 mais necess\u00e1rio adivinhar a partir de fotos de perfil.<\/li>\n<li>Evite o catfishing: conhe\u00e7a a pessoa real, imediatamente.<\/li>\n<li>Economize tempo: Conhe\u00e7a os outros instantaneamente, sem conversas intermin\u00e1veis.<\/li>\n<li>Mais pessoal: O v\u00eddeo torna as conversas mais profundas, engra\u00e7adas e memor\u00e1veis.<\/li>\n<li>Espontaneidade: cada chamada \u00e9 um novo come\u00e7o e uma nova hist\u00f3ria.<\/li>\n<\/ul>\n<p>Se voc\u00ea \u00e9 t\u00edmido, extrovertido ou est\u00e1 em um meio termo, o cam dating se adapta a qualquer estilo.<\/p>\n<h2>Como funciona o namoro com c\u00e2meras<\/h2>\n<p>A maioria dos sites e aplicativos de namoro com c\u00e2mera \u00e9 muito f\u00e1cil de usar:<\/p>\n<ol>\n<li>Inscreva-se com um nome de usu\u00e1rio, e-mail ou, \u00e0s vezes, at\u00e9 mesmo de forma an\u00f4nima.<\/li>\n<li>Defina suas prefer\u00eancias - quem voc\u00ea deseja encontrar e de onde.<\/li>\n<li>Participe de uma sess\u00e3o aleat\u00f3ria de namoro por c\u00e2mera ou procure perfis para convidar algu\u00e9m para um bate-papo particular.<\/li>\n<li>Permitir acesso \u00e0 c\u00e2mera e ao microfone. (Voc\u00ea controla quando a c\u00e2mera \u00e9 ativada).<\/li>\n<li>Comece seu encontro! Fique por alguns minutos ou por uma hora - voc\u00ea decide.<\/li>\n<li>N\u00e3o est\u00e1 se sentindo bem? Siga em frente com um clique - sem constrangimento, sem press\u00e3o.<\/li>\n<\/ol>\n<p>Algumas plataformas at\u00e9 oferecem eventos de \"speed dating\", quebra-gelo ou salas de bate-papo por v\u00eddeo com base em t\u00f3picos para ajud\u00e1-lo a come\u00e7ar.<\/p>\n<h2>Melhores sites e aplicativos de namoro com c\u00e2meras<\/h2>\n<p>N\u00e3o sabe por onde come\u00e7ar? Aqui est\u00e3o alguns dos lugares mais populares para experimentar o namoro por c\u00e2mera:<\/p>\n<ul>\n<li>CooMeet: conhecido por sua verifica\u00e7\u00e3o de g\u00eanero e pelos bate-papos por v\u00eddeo amig\u00e1veis e sedutores entre homens e mulheres.<\/li>\n<li>LuckyCrush: Combina aleatoriamente homens e mulheres para encontros com c\u00e2meras ao vivo de todo o mundo.<\/li>\n<li>Flingster: Focado em encontros com c\u00e2meras para adultos e conversas de flerte e mente aberta.<\/li>\n<li>Chatspin: Oferece filtros por g\u00eanero, local e interesses, al\u00e9m de op\u00e7\u00f5es de encontros por c\u00e2mera aleat\u00f3rios e privados.<\/li>\n<li>Chatrandom: Mistura bate-papo casual, namoro e c\u00e2meras de grupo para todas as personalidades.<\/li>\n<li>Omegle\/Chatroulette: plataformas cl\u00e1ssicas para bate-papo aleat\u00f3rio com c\u00e2mera - usadas por muitos solteiros para encontrar divers\u00e3o ou romance.<\/li>\n<\/ul>\n<p>Cada um tem sua pr\u00f3pria comunidade e vibra\u00e7\u00e3o. Experimente alguns para encontrar a experi\u00eancia de namoro com c\u00e2mera certa para voc\u00ea.<\/p>\n<h2>Namoro por c\u00e2mera vs. namoro on-line tradicional<\/h2>\n<table>\n<thead>\n<tr>\n<th>Recurso<\/th>\n<th>Cam Dating<\/th>\n<th>App\/Swipe Dating<\/th>\n<th>M\u00eddia social<\/th>\n<th>Somente chat de texto<\/th>\n<\/tr>\n<\/thead>\n<tbody>\n<tr>\n<td>V\u00eddeo em tempo real<\/td>\n<td>\u2705<\/td>\n<td>\u274c<\/td>\n<td>\u274c<\/td>\n<td>\u274c<\/td>\n<\/tr>\n<tr>\n<td>Qu\u00edmica instant\u00e2nea<\/td>\n<td>\u2705<\/td>\n<td>\u274c<\/td>\n<td>\u274c<\/td>\n<td>\u274c<\/td>\n<\/tr>\n<tr>\n<td>\u00c0 prova de peixe-gato<\/td>\n<td>\u2705<\/td>\n<td>\u274c<\/td>\n<td>\u274c<\/td>\n<td>\u274c<\/td>\n<\/tr>\n<tr>\n<td>Bate-papo privado ou aleat\u00f3rio<\/td>\n<td>\u2705<\/td>\n<td>\u2705<\/td>\n<td>\u2705<\/td>\n<td>\u2705<\/td>\n<\/tr>\n<tr>\n<td>Op\u00e7\u00f5es de bate-papo em grupo<\/td>\n<td>\u2705<\/td>\n<td>\u274c<\/td>\n<td>\u2705<\/td>\n<td>\u2705<\/td>\n<\/tr>\n<tr>\n<td>Uso gratuito<\/td>\n<td>\u2705 (a maioria)<\/td>\n<td>\u2705\/\u274c<\/td>\n<td>\u2705<\/td>\n<td>\u2705<\/td>\n<\/tr>\n<\/tbody>\n<\/table>\n<p>Para aqueles que desejam algo real e imediato, o namoro por c\u00e2mera \u00e9 o vencedor absoluto.<\/p>\n<h2>Namoro com c\u00e2mera gr\u00e1tis vs. op\u00e7\u00f5es pagas<\/h2>\n<p>A maioria das plataformas de encontros com c\u00e2meras oferece uma experi\u00eancia gratuita de encontros com c\u00e2meras, com upgrades pagos para recursos premium, como combina\u00e7\u00f5es ilimitadas, filtros avan\u00e7ados ou presentes especiais. Veja como elas se comparam:<\/p>\n<table>\n<thead>\n<tr>\n<th>Recurso<\/th>\n<th>Namoro com c\u00e2mera gr\u00e1tis<\/th>\n<th>Namoro com c\u00e2mera paga<\/th>\n<\/tr>\n<\/thead>\n<tbody>\n<tr>\n<td>Sem custo<\/td>\n<td>\u2705<\/td>\n<td>\u274c<\/td>\n<\/tr>\n<tr>\n<td>Chats aleat\u00f3rios ilimitados<\/td>\n<td>\u2705 (limitado)<\/td>\n<td>\u2705<\/td>\n<\/tr>\n<tr>\n<td>Filtros avan\u00e7ados<\/td>\n<td>\u274c<\/td>\n<td>\u2705<\/td>\n<\/tr>\n<tr>\n<td>Partidas priorit\u00e1rias<\/td>\n<td>\u274c<\/td>\n<td>\u2705<\/td>\n<\/tr>\n<tr>\n<td>Acesso a todos os recursos<\/td>\n<td>\u274c<\/td>\n<td>\u2705<\/td>\n<\/tr>\n<\/tbody>\n<\/table>\n<p>Voc\u00ea n\u00e3o precisa pagar para se divertir! A maioria das pessoas obt\u00e9m muito valor com as vers\u00f5es gratuitas, sendo que as vantagens premium apenas adicionam mais controle ou conveni\u00eancia.<\/p>\n<h2>Como se manter seguro durante o namoro por Cam<\/h2>\n<p>O namoro com c\u00e2meras \u00e9 divertido, mas sempre priorize sua seguran\u00e7a:<\/p>\n<ul>\n<li>Nunca compartilhe informa\u00e7\u00f5es particulares (nome completo, endere\u00e7o, n\u00famero de telefone) at\u00e9 que confie em seu par.<\/li>\n<li>Use um apelido se quiser permanecer an\u00f4nimo.<\/li>\n<li>Se voc\u00ea se sentir desconfort\u00e1vel, saia do bate-papo imediatamente, sem necessidade de explica\u00e7\u00e3o.<\/li>\n<li>Use sites com recursos de modera\u00e7\u00e3o e den\u00fancia.<\/li>\n<li>Seja cauteloso com o conte\u00fado expl\u00edcito - conhe\u00e7a as regras da plataforma e sua pr\u00f3pria zona de conforto.<\/li>\n<\/ul>\n<p>Lembre-se de que as melhores conex\u00f5es acontecem quando ambas as pessoas se sentem seguras e respeitadas.<\/p>\n<h2>Quem usa o Cam Dating?<\/h2>\n<p>Praticamente todo mundo! O namoro por c\u00e2mera \u00e9 popular entre:<\/p>\n<ul>\n<li>Solteiros cansados de catfishing e mensagens de texto intermin\u00e1veis<\/li>\n<li>Pessoas que buscam conex\u00f5es genu\u00ednas e presenciais<\/li>\n<li>Expatriados e viajantes que desejam conhecer pessoas de todo o mundo<\/li>\n<li>Casais glamourosos em busca de divers\u00e3o e aventura on-line<\/li>\n<li>Qualquer pessoa que queira namorar ou socializar em seus pr\u00f3prios termos, em seu pr\u00f3prio ritmo<\/li>\n<\/ul>\n<h2>Dicas para a melhor experi\u00eancia de namoro na c\u00e2mera<\/h2>\n<ul>\n<li>Vista-se confortavelmente, mas seja voc\u00ea mesmo - voc\u00ea n\u00e3o precisa se vestir bem, a menos que queira.<\/li>\n<li>Use uma boa ilumina\u00e7\u00e3o e um plano de fundo bem organizado para ter a melhor apar\u00eancia poss\u00edvel.<\/li>\n<li>Comece com um ol\u00e1 amig\u00e1vel e um sorriso genu\u00edno.<\/li>\n<li>Fa\u00e7a perguntas e ou\u00e7a - a conversa \u00e9 uma via de m\u00e3o dupla.<\/li>\n<li>N\u00e3o fique desanimado se um bate-papo n\u00e3o for incr\u00edvel - siga em frente e tente novamente.<\/li>\n<li>Seja claro quanto \u00e0s suas inten\u00e7\u00f5es, quer esteja buscando amizade, romance ou apenas uma noite divertida.<\/li>\n<\/ul>\n<h2>Sobre o que falar nos encontros com a c\u00e2mera<\/h2>\n<p>Precisa de inspira\u00e7\u00e3o para seu pr\u00f3ximo encontro na c\u00e2mera? Experimente estes t\u00f3picos:<\/p>\n<ul>\n<li>Hobbies, m\u00fasica ou programas favoritos<\/li>\n<li>Hist\u00f3rias de viagem ou destinos da lista de desejos<\/li>\n<li>Comida - Qual foi a melhor coisa que voc\u00ea comeu ultimamente?<\/li>\n<li>Perguntas bobas do tipo \"voc\u00ea prefere\"<\/li>\n<li>Desafios ou jogos divertidos (verdade ou consequ\u00eancia, algu\u00e9m?)<\/li>\n<li>O que o levou ao cam dating?<\/li>\n<\/ul>\n<p>Um pouco de curiosidade ajuda muito. Acima de tudo, seja aberto, honesto e divirta-se!<\/p>\n<h2>Quando o Cam Dating \u00e9 a escolha certa?<\/h2>\n<ul>\n<li>Quando voc\u00ea quiser pular a conversa fiada e ver se as fa\u00edscas surgem instantaneamente<\/li>\n<li>Para casais que moram \u00e0 dist\u00e2ncia e desejam um tempo cara a cara<\/li>\n<li>Se voc\u00ea tem vergonha de se encontrar pessoalmente, mas quer algo real<\/li>\n<li>Quando voc\u00ea estiver cansado do ciclo \"deslize e fantasma\" dos aplicativos de namoro tradicionais<\/li>\n<li>Para qualquer pessoa que queira flertar, namorar ou simplesmente se conectar de uma forma moderna e empolgante<\/li>\n<\/ul>\n<p>O namoro por c\u00e2mera traz de volta a emo\u00e7\u00e3o, a realidade e o entusiasmo do namoro on-line. \u00c9 espont\u00e2neo, divertido e refrescantemente honesto - dando-lhe a chance de se conectar com algu\u00e9m novo, cara a cara, a qualquer momento. N\u00e3o importa se voc\u00ea est\u00e1 procurando amor, amizade ou apenas um pouco de aventura, o namoro por c\u00e2mera torna isso poss\u00edvel - sem compromisso, sem press\u00e3o, apenas uma conex\u00e3o real.<\/p>\n<p>Pronto para ver quem est\u00e1 por a\u00ed? Ligue sua webcam, encontre um site gratuito de encontros com c\u00e2meras e comece sua pr\u00f3xima grande conversa hoje \u00e0 noite. Seu romance virtual - ou sua nova hist\u00f3ria favorita - pode estar a apenas um clique de dist\u00e2ncia.<\/p>","protected":false},"excerpt":{"rendered":"<p>Online dating has come a long way from text messages and carefully curated profile pics. Cam dating is changing the game by making it possible to connect face-to-face instantly\u2014no more endless messaging, catfishing, or guesswork. In a world where we crave both intimacy and authenticity, cam dating sites give singles (and even couples) a way [&hellip;]<\/p>\n","protected":false},"author":8,"featured_media":0,"parent":0,"menu_order":0,"comment_status":"closed","ping_status":"closed","template":"","meta":{"footnotes":""},"class_list":["post-4141","page","type-page","status-publish","hentry"],"yoast_head":"<!-- This site is optimized with the Yoast SEO plugin v27.6 - https:\/\/yoast.com\/product\/yoast-seo-wordpress\/ -->\n<title>Cam Dating with Video Chat on TinyChat.com<\/title>\n<meta name=\"description\" content=\"Enjoying Cam Dating? Join over 50,000,000 strangers on TinyChat! Turn on your cam and start meeting new people, or find a match.\" \/>\n<meta name=\"robots\" content=\"index, follow, max-snippet:-1, max-image-preview:large, max-video-preview:-1\" \/>\n<link rel=\"canonical\" href=\"https:\/\/tinychat.com\/pt-br\/cam-dating\/\" \/>\n<meta property=\"og:locale\" content=\"pt_BR\" \/>\n<meta property=\"og:type\" content=\"article\" \/>\n<meta property=\"og:title\" content=\"Cam Dating with Video Chat on TinyChat.com\" \/>\n<meta property=\"og:description\" content=\"Enjoying Cam Dating? Join over 50,000,000 strangers on TinyChat! Turn on your cam and start meeting new people, or find a match.\" \/>\n<meta property=\"og:url\" content=\"https:\/\/tinychat.com\/pt-br\/cam-dating\/\" \/>\n<meta property=\"og:site_name\" content=\"TinyChat\" \/>\n<meta property=\"article:publisher\" content=\"https:\/\/www.facebook.com\/tinychat\" \/>\n<meta property=\"article:modified_time\" content=\"2025-07-07T16:19:49+00:00\" \/>\n<meta property=\"og:image\" content=\"https:\/\/tinychat.com\/wp-content\/uploads\/2020\/04\/Tinychat-logo-1280x284-new-black.png\" \/>\n\t<meta property=\"og:image:width\" content=\"1280\" \/>\n\t<meta property=\"og:image:height\" content=\"284\" \/>\n\t<meta property=\"og:image:type\" content=\"image\/png\" \/>\n<meta name=\"twitter:card\" content=\"summary_large_image\" \/>\n<meta name=\"twitter:site\" content=\"@tinychat\" \/>\n<meta name=\"twitter:label1\" content=\"Est. tempo de leitura\" \/>\n\t<meta name=\"twitter:data1\" content=\"6 minutos\" \/>\n<script type=\"application\/ld+json\" class=\"yoast-schema-graph\">{\"@context\":\"https:\\\/\\\/schema.org\",\"@graph\":[{\"@type\":\"WebPage\",\"@id\":\"https:\\\/\\\/tinychat.com\\\/cam-dating\\\/\",\"url\":\"https:\\\/\\\/tinychat.com\\\/cam-dating\\\/\",\"name\":\"Cam Dating with Video Chat on TinyChat.com\",\"isPartOf\":{\"@id\":\"https:\\\/\\\/tinychat.com\\\/#website\"},\"datePublished\":\"2025-05-23T16:04:51+00:00\",\"dateModified\":\"2025-07-07T16:19:49+00:00\",\"description\":\"Enjoying Cam Dating? Join over 50,000,000 strangers on TinyChat! Turn on your cam and start meeting new people, or find a match.\",\"breadcrumb\":{\"@id\":\"https:\\\/\\\/tinychat.com\\\/cam-dating\\\/#breadcrumb\"},\"inLanguage\":\"pt-BR\",\"potentialAction\":[{\"@type\":\"ReadAction\",\"target\":[\"https:\\\/\\\/tinychat.com\\\/cam-dating\\\/\"]}]},{\"@type\":\"BreadcrumbList\",\"@id\":\"https:\\\/\\\/tinychat.com\\\/cam-dating\\\/#breadcrumb\",\"itemListElement\":[{\"@type\":\"ListItem\",\"position\":1,\"name\":\"Home\",\"item\":\"https:\\\/\\\/tinychat.com\\\/\"},{\"@type\":\"ListItem\",\"position\":2,\"name\":\"Cam Dating\"}]},{\"@type\":\"WebSite\",\"@id\":\"https:\\\/\\\/tinychat.com\\\/#website\",\"url\":\"https:\\\/\\\/tinychat.com\\\/\",\"name\":\"TinyChat\",\"description\":\"Random Video Chat with Strangers\",\"publisher\":{\"@id\":\"https:\\\/\\\/tinychat.com\\\/#organization\"},\"alternateName\":\"TinyChat.com\",\"potentialAction\":[{\"@type\":\"SearchAction\",\"target\":{\"@type\":\"EntryPoint\",\"urlTemplate\":\"https:\\\/\\\/tinychat.com\\\/?s={search_term_string}\"},\"query-input\":{\"@type\":\"PropertyValueSpecification\",\"valueRequired\":true,\"valueName\":\"search_term_string\"}}],\"inLanguage\":\"pt-BR\"},{\"@type\":\"Organization\",\"@id\":\"https:\\\/\\\/tinychat.com\\\/#organization\",\"name\":\"TinyChat\",\"alternateName\":\"TinyChat.com\",\"url\":\"https:\\\/\\\/tinychat.com\\\/\",\"logo\":{\"@type\":\"ImageObject\",\"inLanguage\":\"pt-BR\",\"@id\":\"https:\\\/\\\/tinychat.com\\\/#\\\/schema\\\/logo\\\/image\\\/\",\"url\":\"https:\\\/\\\/tinychat.com\\\/wp-content\\\/uploads\\\/2023\\\/11\\\/Tinychat-icon-square.png\",\"contentUrl\":\"https:\\\/\\\/tinychat.com\\\/wp-content\\\/uploads\\\/2023\\\/11\\\/Tinychat-icon-square.png\",\"width\":284,\"height\":284,\"caption\":\"TinyChat\"},\"image\":{\"@id\":\"https:\\\/\\\/tinychat.com\\\/#\\\/schema\\\/logo\\\/image\\\/\"},\"sameAs\":[\"https:\\\/\\\/www.facebook.com\\\/tinychat\",\"https:\\\/\\\/x.com\\\/tinychat\"]}]}<\/script>\n<!-- \/ Yoast SEO plugin. -->","yoast_head_json":{"title":"Namoro com c\u00e2mera e bate-papo por v\u00eddeo no TinyChat.com","description":"Est\u00e1 gostando do Cam Dating? Junte-se a mais de 50.000.000 de estranhos no TinyChat! Ligue sua c\u00e2mera e comece a conhecer novas pessoas ou encontre um par.","robots":{"index":"index","follow":"follow","max-snippet":"max-snippet:-1","max-image-preview":"max-image-preview:large","max-video-preview":"max-video-preview:-1"},"canonical":"https:\/\/tinychat.com\/pt-br\/cam-dating\/","og_locale":"pt_BR","og_type":"article","og_title":"Cam Dating with Video Chat on TinyChat.com","og_description":"Enjoying Cam Dating? Join over 50,000,000 strangers on TinyChat! Turn on your cam and start meeting new people, or find a match.","og_url":"https:\/\/tinychat.com\/pt-br\/cam-dating\/","og_site_name":"TinyChat","article_publisher":"https:\/\/www.facebook.com\/tinychat","article_modified_time":"2025-07-07T16:19:49+00:00","og_image":[{"width":1280,"height":284,"url":"https:\/\/tinychat.com\/wp-content\/uploads\/2020\/04\/Tinychat-logo-1280x284-new-black.png","type":"image\/png"}],"twitter_card":"summary_large_image","twitter_site":"@tinychat","twitter_misc":{"Est. tempo de leitura":"6 minutos"},"schema":{"@context":"https:\/\/schema.org","@graph":[{"@type":"WebPage","@id":"https:\/\/tinychat.com\/cam-dating\/","url":"https:\/\/tinychat.com\/cam-dating\/","name":"Namoro com c\u00e2mera e bate-papo por v\u00eddeo no TinyChat.com","isPartOf":{"@id":"https:\/\/tinychat.com\/#website"},"datePublished":"2025-05-23T16:04:51+00:00","dateModified":"2025-07-07T16:19:49+00:00","description":"Est\u00e1 gostando do Cam Dating? Junte-se a mais de 50.000.000 de estranhos no TinyChat! Ligue sua c\u00e2mera e comece a conhecer novas pessoas ou encontre um par.","breadcrumb":{"@id":"https:\/\/tinychat.com\/cam-dating\/#breadcrumb"},"inLanguage":"pt-BR","potentialAction":[{"@type":"ReadAction","target":["https:\/\/tinychat.com\/cam-dating\/"]}]},{"@type":"BreadcrumbList","@id":"https:\/\/tinychat.com\/cam-dating\/#breadcrumb","itemListElement":[{"@type":"ListItem","position":1,"name":"Home","item":"https:\/\/tinychat.com\/"},{"@type":"ListItem","position":2,"name":"Cam Dating"}]},{"@type":"WebSite","@id":"https:\/\/tinychat.com\/#website","url":"https:\/\/tinychat.com\/","name":"TinyChat","description":"Bate-papo por v\u00eddeo aleat\u00f3rio com estranhos","publisher":{"@id":"https:\/\/tinychat.com\/#organization"},"alternateName":"TinyChat.com","potentialAction":[{"@type":"SearchAction","target":{"@type":"EntryPoint","urlTemplate":"https:\/\/tinychat.com\/?s={search_term_string}"},"query-input":{"@type":"PropertyValueSpecification","valueRequired":true,"valueName":"search_term_string"}}],"inLanguage":"pt-BR"},{"@type":"Organization","@id":"https:\/\/tinychat.com\/#organization","name":"TinyChat","alternateName":"TinyChat.com","url":"https:\/\/tinychat.com\/","logo":{"@type":"ImageObject","inLanguage":"pt-BR","@id":"https:\/\/tinychat.com\/#\/schema\/logo\/image\/","url":"https:\/\/tinychat.com\/wp-content\/uploads\/2023\/11\/Tinychat-icon-square.png","contentUrl":"https:\/\/tinychat.com\/wp-content\/uploads\/2023\/11\/Tinychat-icon-square.png","width":284,"height":284,"caption":"TinyChat"},"image":{"@id":"https:\/\/tinychat.com\/#\/schema\/logo\/image\/"},"sameAs":["https:\/\/www.facebook.com\/tinychat","https:\/\/x.com\/tinychat"]}]}},"_links":{"self":[{"href":"https:\/\/tinychat.com\/pt-br\/wp-json\/wp\/v2\/pages\/4141","targetHints":{"allow":["GET"]}}],"collection":[{"href":"https:\/\/tinychat.com\/pt-br\/wp-json\/wp\/v2\/pages"}],"about":[{"href":"https:\/\/tinychat.com\/pt-br\/wp-json\/wp\/v2\/types\/page"}],"author":[{"embeddable":true,"href":"https:\/\/tinychat.com\/pt-br\/wp-json\/wp\/v2\/users\/8"}],"replies":[{"embeddable":true,"href":"https:\/\/tinychat.com\/pt-br\/wp-json\/wp\/v2\/comments?post=4141"}],"version-history":[{"count":4,"href":"https:\/\/tinychat.com\/pt-br\/wp-json\/wp\/v2\/pages\/4141\/revisions"}],"predecessor-version":[{"id":13307,"href":"https:\/\/tinychat.com\/pt-br\/wp-json\/wp\/v2\/pages\/4141\/revisions\/13307"}],"wp:attachment":[{"href":"https:\/\/tinychat.com\/pt-br\/wp-json\/wp\/v2\/media?parent=4141"}],"curies":[{"name":"wp","href":"https:\/\/api.w.org\/{rel}","templated":true}]}}