{"id":4175,"date":"2021-05-23T18:10:09","date_gmt":"2021-05-23T16:10:09","guid":{"rendered":"https:\/\/tinychat.com\/?page_id=4175"},"modified":"2025-07-21T11:54:59","modified_gmt":"2025-07-21T09:54:59","slug":"omegle-video-chat","status":"publish","type":"page","link":"https:\/\/tinychat.com\/pt-br\/omegle-video-chat\/","title":{"rendered":"Omegle Bate-papo por v\u00eddeo"},"content":{"rendered":"<p>Quando se trata de conversas on-line espont\u00e2neas, empolgantes e verdadeiramente aleat\u00f3rias, o bate-papo por v\u00eddeo do Omegle \u00e9 onde tudo come\u00e7ou. Por mais de uma d\u00e9cada, o Omegle tem sido a plataforma ideal para quem quer conhecer novas pessoas sem sair de casa. Seja para fazer amigos, dar risada, flertar um pouco ou apenas satisfazer sua curiosidade, a marca exclusiva de bate-papo por v\u00eddeo aleat\u00f3rio do Omegle tem algo para todos.<\/p>\n<p>Vamos nos aprofundar no motivo pelo qual o Omegle \u00e9 t\u00e3o popular, como ele funciona e como aproveitar ao m\u00e1ximo sua pr\u00f3xima sess\u00e3o de bate-papo por v\u00eddeo.<\/p>\n<h2>O que \u00e9 o Omegle Video Chat?<\/h2>\n<p>Em sua ess\u00eancia, o bate-papo por v\u00eddeo do Omegle \u00e9 uma ideia simples, por\u00e9m brilhante: conectar dois estranhos, em qualquer lugar do mundo, para uma conversa por v\u00eddeo (ou texto) ao vivo. N\u00e3o h\u00e1 perfis, biografias, fotos para carregar nem longos formul\u00e1rios de registro. Basta clicar em \"V\u00eddeo\" e voc\u00ea estar\u00e1 instantaneamente cara a cara com algu\u00e9m novo.<\/p>\n<p>O Omegle permite que voc\u00ea:<\/p>\n<ul>\n<li>Inicie um bate-papo por v\u00eddeo gratuito com o Omegle com um \u00fanico clique - n\u00e3o \u00e9 necess\u00e1rio se inscrever<\/li>\n<li>Converse anonimamente, usando um apelido ou nenhum nome<\/li>\n<li>Conhe\u00e7a pessoas de todos os pa\u00edses e de todos os estilos de vida<\/li>\n<li>Use as tags de interesse para encontrar mais pessoas com a mesma opini\u00e3o<\/li>\n<\/ul>\n<p>Seja voc\u00ea uma borboleta social ou apenas curioso para saber quem poder\u00e1 conhecer, o emparelhamento aleat\u00f3rio do Omegle torna cada sess\u00e3o uma surpresa.<\/p>\n<h2>Por que experimentar o bate-papo por v\u00eddeo aleat\u00f3rio no Omegle?<\/h2>\n<p>O que diferencia o Omegle da m\u00eddia social ou dos aplicativos de namoro? \u00c9 tudo sobre:<\/p>\n<ul>\n<li>Conex\u00f5es instant\u00e2neas e em tempo real: N\u00e3o \u00e9 preciso passar o dedo, nem esperar - basta entrar e come\u00e7ar a conversar.<\/li>\n<li>Anonimato total: Voc\u00ea n\u00e3o precisa compartilhar sua identidade, o que facilita a abertura e a autenticidade.<\/li>\n<li>Alcance global: Conhe\u00e7a pessoas de todo o mundo, a qualquer hora do dia ou da noite.<\/li>\n<li>Sem press\u00e3o: N\u00e3o est\u00e1 gostando do clima? Basta clicar em \"Stop\" ou \"Next\" e conhecer algu\u00e9m novo.<\/li>\n<li>Pura variedade: Cada conversa \u00e9 diferente - voc\u00ea nunca sabe se vai encontrar um amigo, uma paix\u00e3o ou apenas uma hist\u00f3ria interessante.<\/li>\n<\/ul>\n<p>\"Fiz amigos de quatro continentes diferentes usando o bate-papo por v\u00eddeo do Omegle. Voc\u00ea nunca sabe quem ser\u00e1 o pr\u00f3ximo, e isso j\u00e1 \u00e9 metade da divers\u00e3o!\"<\/p>\n<h2>Como funciona o bate-papo por v\u00eddeo gratuito do Omegle?<\/h2>\n<p>\u00c9 muito f\u00e1cil - mesmo que voc\u00ea nunca tenha feito isso antes:<\/p>\n<ol>\n<li>Acesse a p\u00e1gina inicial do Omegle.<\/li>\n<li>Escolha \"Video\" (V\u00eddeo) para iniciar um bate-papo por v\u00eddeo ao vivo ou \"Text\" (Texto) se preferir digitar.<\/li>\n<li>Permita o acesso \u00e0 sua c\u00e2mera e ao seu microfone.<\/li>\n<li>Opcionalmente, insira tags de interesse para encontrar pessoas que compartilham seus hobbies.<\/li>\n<li>Clique em \"Start\" (Iniciar) e voc\u00ea se conectar\u00e1 instantaneamente a um estranho aleat\u00f3rio.<\/li>\n<li>Converse pelo tempo que desejar e, em seguida, clique em \"Stop\" (Parar) ou \"Next\" (Pr\u00f3ximo) para uma nova partida.<\/li>\n<\/ol>\n<p>Sem login, sem taxas e sem necessidade de informa\u00e7\u00f5es pessoais. Voc\u00ea pode permanecer completamente an\u00f4nimo, se desejar.<\/p>\n<h2>Recursos que fazem o Omegle Video Chat se destacar<\/h2>\n<p>A simplicidade do Omegle \u00e9 uma grande parte de seu charme, mas ele tamb\u00e9m tem recursos que o diferenciam:<\/p>\n<ul>\n<li>Tags de interesse: Conecte-se com pessoas que gostam do que voc\u00ea gosta - de m\u00fasica a filmes, de esportes a jogos.<\/li>\n<li>Modo espi\u00e3o: Assista aos bate-papos dos outros ou responda a perguntas de forma an\u00f4nima.<\/li>\n<li>N\u00e3o \u00e9 necess\u00e1rio registro: Participe instantaneamente - n\u00e3o \u00e9 necess\u00e1rio ter perfil, e-mail ou n\u00famero de telefone.<\/li>\n<li>Dispon\u00edvel no celular: Use o bate-papo por v\u00eddeo do Omegle em seu telefone ou tablet para conversar em qualquer lugar.<\/li>\n<li>Texto ou v\u00eddeo: N\u00e3o se sente pronto para a c\u00e2mera? Use o bate-papo por texto sempre que quiser.<\/li>\n<\/ul>\n<h2>Omegle Video Chat vs. outras plataformas<\/h2>\n<table>\n<thead>\n<tr>\n<th>Recurso<\/th>\n<th>Omegle Bate-papo por v\u00eddeo<\/th>\n<th>Chatroulette<\/th>\n<th>Chatspin<\/th>\n<th>M\u00eddia social<\/th>\n<\/tr>\n<\/thead>\n<tbody>\n<tr>\n<td>Correspond\u00eancia aleat\u00f3ria e an\u00f4nima<\/td>\n<td>\u2705<\/td>\n<td>\u2705<\/td>\n<td>\u2705<\/td>\n<td>\u274c<\/td>\n<\/tr>\n<tr>\n<td>N\u00e3o \u00e9 necess\u00e1rio se registrar<\/td>\n<td>\u2705<\/td>\n<td>\u2705<\/td>\n<td>\u2705<\/td>\n<td>\u274c<\/td>\n<\/tr>\n<tr>\n<td>Tags de interesse<\/td>\n<td>\u2705<\/td>\n<td>\u274c<\/td>\n<td>\u2705<\/td>\n<td>\u274c<\/td>\n<\/tr>\n<tr>\n<td>Op\u00e7\u00f5es de bate-papo por texto e v\u00eddeo<\/td>\n<td>\u2705<\/td>\n<td>\u2705<\/td>\n<td>\u2705<\/td>\n<td>\u2705<\/td>\n<\/tr>\n<tr>\n<td>Recurso \"Next\"\/pular<\/td>\n<td>\u2705<\/td>\n<td>\u2705<\/td>\n<td>\u2705<\/td>\n<td>\u274c<\/td>\n<\/tr>\n<tr>\n<td>Uso gratuito<\/td>\n<td>\u2705<\/td>\n<td>\u2705<\/td>\n<td>\u2705<\/td>\n<td>\u2705\/\u274c<\/td>\n<\/tr>\n<\/tbody>\n<\/table>\n<p>O Omegle se destaca por sua simplicidade pura e pela comunidade global.<\/p>\n<h2>Como se manter seguro no bate-papo por v\u00eddeo do Omegle<\/h2>\n<p>O bate-papo por v\u00eddeo aleat\u00f3rio pode ser muito divertido, mas sempre tenha em mente sua seguran\u00e7a:<\/p>\n<ul>\n<li>N\u00e3o compartilhe seu nome verdadeiro, endere\u00e7o ou informa\u00e7\u00f5es de contato.<\/li>\n<li>Use um apelido neutro e evite mostrar itens ou locais pessoais na c\u00e2mera.<\/li>\n<li>Se um bate-papo parecer desconfort\u00e1vel, encerre-o imediatamente, sem necessidade de explica\u00e7\u00e3o.<\/li>\n<li>Desconfie de links suspeitos ou solicita\u00e7\u00f5es de fotos particulares.<\/li>\n<li>Use o recurso de \"den\u00fancia\" do Omegle para qualquer comportamento abusivo ou inadequado.<\/li>\n<\/ul>\n<p>A maioria das pessoas est\u00e1 l\u00e1 para se divertir ou ter uma conversa amig\u00e1vel, mas \u00e9 sempre bom ser cauteloso.<\/p>\n<h2>Quem usa o Omegle Video Chat?<\/h2>\n<p>O Omegle atrai um p\u00fablico bastante diversificado, incluindo:<\/p>\n<ul>\n<li>Adolescentes e estudantes que desejam conhecer pessoas de outros lugares<\/li>\n<li>Alunos de idiomas praticando com falantes nativos<\/li>\n<li>Solteiros interessados em paquera casual ou divers\u00e3o<\/li>\n<li>Corujas noturnas entediadas em busca de companhia e conversa<\/li>\n<li>Viajantes curiosos, artistas, m\u00fasicos e praticamente qualquer outra pessoa<\/li>\n<\/ul>\n<p>Independentemente de seu humor ou hist\u00f3rico, voc\u00ea encontrar\u00e1 todo tipo de personalidade no Omegle.<\/p>\n<h2>Dicas para obter a melhor experi\u00eancia de bate-papo por v\u00eddeo no Omegle<\/h2>\n<ul>\n<li>Sorria e seja amig\u00e1vel - as primeiras impress\u00f5es s\u00e3o importantes, mesmo on-line.<\/li>\n<li>Use tags de interesse para encontrar pessoas que compartilhem seus hobbies ou paix\u00f5es.<\/li>\n<li>Fa\u00e7a perguntas abertas para manter a conversa fluindo.<\/li>\n<li>N\u00e3o se sinta desencorajado por conversas curtas ou estranhas - a pr\u00f3xima poder\u00e1 ser inesquec\u00edvel.<\/li>\n<li>Experimente hor\u00e1rios diferentes do dia para conhecer pessoas de todo o mundo.<\/li>\n<\/ul>\n<h2>Quando usar o bate-papo por v\u00eddeo do Omegle<\/h2>\n<ul>\n<li>Quando voc\u00ea estiver entediado e quiser conhecer algu\u00e9m novo<\/li>\n<li>Praticar um novo idioma em um ambiente descontra\u00eddo e real<\/li>\n<li>Para risadas espont\u00e2neas, conversas profundas ou companhia r\u00e1pida<\/li>\n<li>Se voc\u00ea tiver curiosidade sobre a vida em outros lugares<\/li>\n<li>Sempre que voc\u00ea quiser uma conex\u00e3o real e sem script - sem filtros, sem press\u00e3o<\/li>\n<\/ul>\n<h2>Gratuito vs. pago: h\u00e1 alguma desvantagem?<\/h2>\n<p>O bate-papo por v\u00eddeo do Omegle \u00e9 totalmente gratuito. N\u00e3o h\u00e1 assinaturas ou taxas ocultas. Alguns sites de terceiros oferecem servi\u00e7os de bate-papo \"premium\", mas tudo o que voc\u00ea precisa para ter uma experi\u00eancia real no Omegle \u00e9 gratuito - sempre.<\/p>\n<p>O bate-papo por v\u00eddeo Omegle continua sendo uma das melhores maneiras de conhecer estranhos, fazer amigos e desfrutar de conversas espont\u00e2neas e em tempo real de qualquer lugar do mundo. Com apenas uma webcam e um clique, voc\u00ea pode descobrir hist\u00f3rias, culturas, amizades e talvez at\u00e9 um pouco de romance - sem inscri\u00e7\u00e3o, sem confus\u00e3o e sem limites.<\/p>\n<p>Ent\u00e3o, por que n\u00e3o experimentar? Sua pr\u00f3xima conversa favorita pode estar a apenas um bate-papo por v\u00eddeo do Omegle.<\/p>","protected":false},"excerpt":{"rendered":"<p>When it comes to spontaneous, exciting, and truly random online conversations, Omegle video chat is where it all began. For over a decade, Omegle has been the go-to platform for anyone who wants to meet new people without leaving home. Whether you\u2019re looking to make friends, have a laugh, flirt a little, or just satisfy [&hellip;]<\/p>\n","protected":false},"author":8,"featured_media":0,"parent":0,"menu_order":0,"comment_status":"closed","ping_status":"closed","template":"","meta":{"footnotes":""},"class_list":["post-4175","page","type-page","status-publish","hentry"],"yoast_head":"<!-- This site is optimized with the Yoast SEO plugin v27.4 - https:\/\/yoast.com\/product\/yoast-seo-wordpress\/ -->\n<title>Omegle Video Chat with Video Chat on TinyChat.com<\/title>\n<meta name=\"description\" content=\"Enjoying Omegle Video Chat? Join over 50,000,000 strangers on TinyChat! Turn on your cam and start meeting new people, or find a match.\" \/>\n<meta name=\"robots\" content=\"index, follow, max-snippet:-1, max-image-preview:large, max-video-preview:-1\" \/>\n<link rel=\"canonical\" href=\"https:\/\/tinychat.com\/pt-br\/omegle-video-chat\/\" \/>\n<meta property=\"og:locale\" content=\"pt_BR\" \/>\n<meta property=\"og:type\" content=\"article\" \/>\n<meta property=\"og:title\" content=\"Omegle Video Chat with Video Chat on TinyChat.com\" \/>\n<meta property=\"og:description\" content=\"Enjoying Omegle Video Chat? Join over 50,000,000 strangers on TinyChat! Turn on your cam and start meeting new people, or find a match.\" \/>\n<meta property=\"og:url\" content=\"https:\/\/tinychat.com\/pt-br\/omegle-video-chat\/\" \/>\n<meta property=\"og:site_name\" content=\"TinyChat\" \/>\n<meta property=\"article:publisher\" content=\"https:\/\/www.facebook.com\/tinychat\" \/>\n<meta property=\"article:modified_time\" content=\"2025-07-21T09:54:59+00:00\" \/>\n<meta property=\"og:image\" content=\"https:\/\/tinychat.com\/wp-content\/uploads\/2020\/04\/Tinychat-logo-1280x284-new-black.png\" \/>\n\t<meta property=\"og:image:width\" content=\"1280\" \/>\n\t<meta property=\"og:image:height\" content=\"284\" \/>\n\t<meta property=\"og:image:type\" content=\"image\/png\" \/>\n<meta name=\"twitter:card\" content=\"summary_large_image\" \/>\n<meta name=\"twitter:site\" content=\"@tinychat\" \/>\n<meta name=\"twitter:label1\" content=\"Est. tempo de leitura\" \/>\n\t<meta name=\"twitter:data1\" content=\"5 minutos\" \/>\n<script type=\"application\/ld+json\" class=\"yoast-schema-graph\">{\"@context\":\"https:\\\/\\\/schema.org\",\"@graph\":[{\"@type\":\"WebPage\",\"@id\":\"https:\\\/\\\/tinychat.com\\\/omegle-video-chat\\\/\",\"url\":\"https:\\\/\\\/tinychat.com\\\/omegle-video-chat\\\/\",\"name\":\"Omegle Video Chat with Video Chat on TinyChat.com\",\"isPartOf\":{\"@id\":\"https:\\\/\\\/tinychat.com\\\/#website\"},\"datePublished\":\"2021-05-23T16:10:09+00:00\",\"dateModified\":\"2025-07-21T09:54:59+00:00\",\"description\":\"Enjoying Omegle Video Chat? Join over 50,000,000 strangers on TinyChat! Turn on your cam and start meeting new people, or find a match.\",\"breadcrumb\":{\"@id\":\"https:\\\/\\\/tinychat.com\\\/omegle-video-chat\\\/#breadcrumb\"},\"inLanguage\":\"pt-BR\",\"potentialAction\":[{\"@type\":\"ReadAction\",\"target\":[\"https:\\\/\\\/tinychat.com\\\/omegle-video-chat\\\/\"]}]},{\"@type\":\"BreadcrumbList\",\"@id\":\"https:\\\/\\\/tinychat.com\\\/omegle-video-chat\\\/#breadcrumb\",\"itemListElement\":[{\"@type\":\"ListItem\",\"position\":1,\"name\":\"Home\",\"item\":\"https:\\\/\\\/tinychat.com\\\/\"},{\"@type\":\"ListItem\",\"position\":2,\"name\":\"Omegle Video Chat\"}]},{\"@type\":\"WebSite\",\"@id\":\"https:\\\/\\\/tinychat.com\\\/#website\",\"url\":\"https:\\\/\\\/tinychat.com\\\/\",\"name\":\"TinyChat\",\"description\":\"Random Video Chat with Strangers\",\"publisher\":{\"@id\":\"https:\\\/\\\/tinychat.com\\\/#organization\"},\"alternateName\":\"TinyChat.com\",\"potentialAction\":[{\"@type\":\"SearchAction\",\"target\":{\"@type\":\"EntryPoint\",\"urlTemplate\":\"https:\\\/\\\/tinychat.com\\\/?s={search_term_string}\"},\"query-input\":{\"@type\":\"PropertyValueSpecification\",\"valueRequired\":true,\"valueName\":\"search_term_string\"}}],\"inLanguage\":\"pt-BR\"},{\"@type\":\"Organization\",\"@id\":\"https:\\\/\\\/tinychat.com\\\/#organization\",\"name\":\"TinyChat\",\"alternateName\":\"TinyChat.com\",\"url\":\"https:\\\/\\\/tinychat.com\\\/\",\"logo\":{\"@type\":\"ImageObject\",\"inLanguage\":\"pt-BR\",\"@id\":\"https:\\\/\\\/tinychat.com\\\/#\\\/schema\\\/logo\\\/image\\\/\",\"url\":\"https:\\\/\\\/tinychat.com\\\/wp-content\\\/uploads\\\/2023\\\/11\\\/Tinychat-icon-square.png\",\"contentUrl\":\"https:\\\/\\\/tinychat.com\\\/wp-content\\\/uploads\\\/2023\\\/11\\\/Tinychat-icon-square.png\",\"width\":284,\"height\":284,\"caption\":\"TinyChat\"},\"image\":{\"@id\":\"https:\\\/\\\/tinychat.com\\\/#\\\/schema\\\/logo\\\/image\\\/\"},\"sameAs\":[\"https:\\\/\\\/www.facebook.com\\\/tinychat\",\"https:\\\/\\\/x.com\\\/tinychat\"]}]}<\/script>\n<!-- \/ Yoast SEO plugin. -->","yoast_head_json":{"title":"Omegle V\u00eddeo Chat com V\u00eddeo Chat no TinyChat.com","description":"Est\u00e1 gostando do bate-papo por v\u00eddeo do Omegle? Junte-se a mais de 50.000.000 de estranhos no TinyChat! Ligue sua c\u00e2mera e comece a conhecer novas pessoas ou encontre um par.","robots":{"index":"index","follow":"follow","max-snippet":"max-snippet:-1","max-image-preview":"max-image-preview:large","max-video-preview":"max-video-preview:-1"},"canonical":"https:\/\/tinychat.com\/pt-br\/omegle-video-chat\/","og_locale":"pt_BR","og_type":"article","og_title":"Omegle Video Chat with Video Chat on TinyChat.com","og_description":"Enjoying Omegle Video Chat? Join over 50,000,000 strangers on TinyChat! Turn on your cam and start meeting new people, or find a match.","og_url":"https:\/\/tinychat.com\/pt-br\/omegle-video-chat\/","og_site_name":"TinyChat","article_publisher":"https:\/\/www.facebook.com\/tinychat","article_modified_time":"2025-07-21T09:54:59+00:00","og_image":[{"width":1280,"height":284,"url":"https:\/\/tinychat.com\/wp-content\/uploads\/2020\/04\/Tinychat-logo-1280x284-new-black.png","type":"image\/png"}],"twitter_card":"summary_large_image","twitter_site":"@tinychat","twitter_misc":{"Est. tempo de leitura":"5 minutos"},"schema":{"@context":"https:\/\/schema.org","@graph":[{"@type":"WebPage","@id":"https:\/\/tinychat.com\/omegle-video-chat\/","url":"https:\/\/tinychat.com\/omegle-video-chat\/","name":"Omegle V\u00eddeo Chat com V\u00eddeo Chat no TinyChat.com","isPartOf":{"@id":"https:\/\/tinychat.com\/#website"},"datePublished":"2021-05-23T16:10:09+00:00","dateModified":"2025-07-21T09:54:59+00:00","description":"Est\u00e1 gostando do bate-papo por v\u00eddeo do Omegle? Junte-se a mais de 50.000.000 de estranhos no TinyChat! Ligue sua c\u00e2mera e comece a conhecer novas pessoas ou encontre um par.","breadcrumb":{"@id":"https:\/\/tinychat.com\/omegle-video-chat\/#breadcrumb"},"inLanguage":"pt-BR","potentialAction":[{"@type":"ReadAction","target":["https:\/\/tinychat.com\/omegle-video-chat\/"]}]},{"@type":"BreadcrumbList","@id":"https:\/\/tinychat.com\/omegle-video-chat\/#breadcrumb","itemListElement":[{"@type":"ListItem","position":1,"name":"Home","item":"https:\/\/tinychat.com\/"},{"@type":"ListItem","position":2,"name":"Omegle Video Chat"}]},{"@type":"WebSite","@id":"https:\/\/tinychat.com\/#website","url":"https:\/\/tinychat.com\/","name":"TinyChat","description":"Bate-papo por v\u00eddeo aleat\u00f3rio com estranhos","publisher":{"@id":"https:\/\/tinychat.com\/#organization"},"alternateName":"TinyChat.com","potentialAction":[{"@type":"SearchAction","target":{"@type":"EntryPoint","urlTemplate":"https:\/\/tinychat.com\/?s={search_term_string}"},"query-input":{"@type":"PropertyValueSpecification","valueRequired":true,"valueName":"search_term_string"}}],"inLanguage":"pt-BR"},{"@type":"Organization","@id":"https:\/\/tinychat.com\/#organization","name":"TinyChat","alternateName":"TinyChat.com","url":"https:\/\/tinychat.com\/","logo":{"@type":"ImageObject","inLanguage":"pt-BR","@id":"https:\/\/tinychat.com\/#\/schema\/logo\/image\/","url":"https:\/\/tinychat.com\/wp-content\/uploads\/2023\/11\/Tinychat-icon-square.png","contentUrl":"https:\/\/tinychat.com\/wp-content\/uploads\/2023\/11\/Tinychat-icon-square.png","width":284,"height":284,"caption":"TinyChat"},"image":{"@id":"https:\/\/tinychat.com\/#\/schema\/logo\/image\/"},"sameAs":["https:\/\/www.facebook.com\/tinychat","https:\/\/x.com\/tinychat"]}]}},"_links":{"self":[{"href":"https:\/\/tinychat.com\/pt-br\/wp-json\/wp\/v2\/pages\/4175","targetHints":{"allow":["GET"]}}],"collection":[{"href":"https:\/\/tinychat.com\/pt-br\/wp-json\/wp\/v2\/pages"}],"about":[{"href":"https:\/\/tinychat.com\/pt-br\/wp-json\/wp\/v2\/types\/page"}],"author":[{"embeddable":true,"href":"https:\/\/tinychat.com\/pt-br\/wp-json\/wp\/v2\/users\/8"}],"replies":[{"embeddable":true,"href":"https:\/\/tinychat.com\/pt-br\/wp-json\/wp\/v2\/comments?post=4175"}],"version-history":[{"count":3,"href":"https:\/\/tinychat.com\/pt-br\/wp-json\/wp\/v2\/pages\/4175\/revisions"}],"predecessor-version":[{"id":13333,"href":"https:\/\/tinychat.com\/pt-br\/wp-json\/wp\/v2\/pages\/4175\/revisions\/13333"}],"wp:attachment":[{"href":"https:\/\/tinychat.com\/pt-br\/wp-json\/wp\/v2\/media?parent=4175"}],"curies":[{"name":"wp","href":"https:\/\/api.w.org\/{rel}","templated":true}]}}