{"id":4831,"date":"2025-09-03T08:00:01","date_gmt":"2025-09-03T06:00:01","guid":{"rendered":"https:\/\/tinychat.com\/?page_id=4831"},"modified":"2025-09-03T12:22:10","modified_gmt":"2025-09-03T10:22:10","slug":"free-random-chat-with-girls","status":"publish","type":"page","link":"https:\/\/tinychat.com\/pt-br\/free-random-chat-with-girls\/","title":{"rendered":"Bate-papo aleat\u00f3rio gratuito com garotas"},"content":{"rendered":"<p>Quando voc\u00ea est\u00e1 on-line procurando conhecer algu\u00e9m novo, h\u00e1 algo empolgante em se conectar cara a cara em tempo real. \u00c9 a\u00ed que entra o bate-papo aleat\u00f3rio gratuito com garotas. Em vez de passar por in\u00fameros perfis ou esperar por mensagens em aplicativos de namoro, voc\u00ea pode clicar em um bot\u00e3o e iniciar instantaneamente uma conversa ao vivo com uma mulher em algum lugar do mundo.<\/p>\n<p>\u00c9 r\u00e1pido, espont\u00e2neo e - o melhor de tudo - totalmente gratuito. N\u00e3o importa se voc\u00ea deseja um bate-papo casual, novas amizades ou divers\u00e3o com flertes, o bate-papo aleat\u00f3rio com garotas on-line facilita a conex\u00e3o sem compromisso.<\/p>\n<h2>O que \u00e9 o bate-papo aleat\u00f3rio gratuito com garotas?<\/h2>\n<p>Em sua ess\u00eancia, o bate-papo aleat\u00f3rio gratuito com garotas \u00e9 um servi\u00e7o on-line que permite que voc\u00ea se conecte instantaneamente com mulheres por v\u00eddeo, texto ou \u00e1udio. A parte \"aleat\u00f3ria\" significa que voc\u00ea nunca sabe quem vai encontrar em seguida - pode ser algu\u00e9m em sua cidade ou do outro lado do mundo.<\/p>\n<p>Diferentemente dos aplicativos de namoro tradicionais, que exigem biografias, fotos e longos per\u00edodos de espera, as plataformas de bate-papo aleat\u00f3rio t\u00eam a ver com a emo\u00e7\u00e3o do imediatismo:<\/p>\n<ul>\n<li>Clique e conecte-se - Fa\u00e7a um par instant\u00e2neo com uma garota on-line.<\/li>\n<li>Sem custo - Muitas plataformas permitem que voc\u00ea converse gratuitamente.<\/li>\n<li>Op\u00e7\u00f5es de anonimato - Mantenha-se privado ou use um apelido at\u00e9 que esteja pronto para compartilhar mais.<\/li>\n<li>Flexibilidade - Alterne entre texto, \u00e1udio e v\u00eddeo, dependendo de seu n\u00edvel de conforto.<\/li>\n<\/ul>\n<p>Esse tipo de bate-papo parece mais aut\u00eantico porque n\u00e3o \u00e9 roteirizado - voc\u00ea est\u00e1 conhecendo pessoas reais no momento.<\/p>\n<h2>Por que experimentar o bate-papo por v\u00eddeo aleat\u00f3rio com garotas on-line?<\/h2>\n<p>Ent\u00e3o, por que tantas pessoas procuram especificamente maneiras de conversar com garotas aleat\u00f3rias on-line gratuitamente? Aqui est\u00e3o alguns dos principais motivos:<\/p>\n<ul>\n<li>Intera\u00e7\u00e3o instant\u00e2nea - Voc\u00ea n\u00e3o precisa perder tempo criando um perfil ou esperando por respostas.<\/li>\n<li>Conex\u00f5es aut\u00eanticas - O v\u00eddeo ao vivo faz com que as conversas pare\u00e7am reais, n\u00e3o encenadas.<\/li>\n<li>Experi\u00eancias diversificadas - Cada bate-papo \u00e9 diferente; um pode ser bobo, outro profundo, outro sedutor.<\/li>\n<li>Baixa press\u00e3o - Se n\u00e3o estiver se sentindo bem, clique em \"pr\u00f3ximo\" e siga em frente.<\/li>\n<li>Chance de romance - Muitas amizades e relacionamentos tiveram in\u00edcio em sites de bate-papo aleat\u00f3rios.<\/li>\n<\/ul>\n<blockquote><p>\"Experimentei um bate-papo com c\u00e2mera aleat\u00f3rio gratuito com garotas apenas por divers\u00e3o, mas acabei conhecendo algu\u00e9m com quem estou conversando h\u00e1 meses. Nunca se sabe o que vai acontecer quando voc\u00ea clica em 'Start'.\"<\/p><\/blockquote>\n<h2>Como funciona o bate-papo aleat\u00f3rio gratuito com garotas<\/h2>\n<p>Come\u00e7ar \u00e9 incrivelmente simples:<\/p>\n<ol>\n<li>Escolha uma plataforma - Escolha um site ou aplicativo de bate-papo aleat\u00f3rio gratuito que ofere\u00e7a filtros de g\u00eanero.<\/li>\n<li>Ligue a c\u00e2mera e o microfone - ou comece com o bate-papo por texto, se preferir.<\/li>\n<li>Clique em conectar - O sistema o emparelha instantaneamente com uma garota aleat\u00f3ria on-line.<\/li>\n<li>Conversem, riam e vejam onde isso vai dar - fiquem o tempo que voc\u00eas dois quiserem.<\/li>\n<li>Pular quando estiver pronto - Se a conversa n\u00e3o estiver agradando, pressione \"next\" (pr\u00f3ximo) para conhecer algu\u00e9m novo.<\/li>\n<\/ol>\n<p>A maioria das plataformas \u00e9 baseada em navegador, mas muitas tamb\u00e9m t\u00eam aplicativos m\u00f3veis para bate-papo em qualquer lugar.<\/p>\n<h2>Melhores plataformas para bate-papo aleat\u00f3rio gratuito com garotas<\/h2>\n<p>Aqui est\u00e3o algumas das op\u00e7\u00f5es mais populares e confi\u00e1veis se voc\u00ea estiver pronto para experimentar:<\/p>\n<ul>\n<li>CooMeet - Projetado especificamente para bate-papo com mulheres; todas as usu\u00e1rias s\u00e3o verificadas.<\/li>\n<li>LuckyCrush - Combina instantaneamente homens e mulheres de todo o mundo.<\/li>\n<li>Chatspin - Oferece bate-papo por v\u00eddeo aleat\u00f3rio gratuito com filtros de g\u00eanero opcionais.<\/li>\n<li>Chatrandom - Inclui um modo de bate-papo \"somente para meninas\" e salas tem\u00e1ticas.<\/li>\n<li>TinyChat - Uma plataforma mais voltada para a comunidade, com salas privadas e de grupo.<\/li>\n<li>Bazoocam - Bate-papo por v\u00eddeo aleat\u00f3rio simples e r\u00e1pido, popular na Europa.<\/li>\n<\/ul>\n<h2>Bate-papo aleat\u00f3rio gratuito com garotas vs. bate-papo aleat\u00f3rio comum<\/h2>\n<p>Qual \u00e9 a diferen\u00e7a entre um bate-papo aleat\u00f3rio geral e um bate-papo focado em se conectar com garotas?<\/p>\n<table>\n<thead>\n<tr>\n<th>Recurso<\/th>\n<th>Bate-papo aleat\u00f3rio geral<\/th>\n<th>Bate-papo aleat\u00f3rio gratuito com garotas<\/th>\n<\/tr>\n<\/thead>\n<tbody>\n<tr>\n<td>Filtros de g\u00eanero<\/td>\n<td>\u274c Limitada<\/td>\n<td>\u2705 Sim (somente para meninas)<\/td>\n<\/tr>\n<tr>\n<td>Experi\u00eancia focada<\/td>\n<td>Misto<\/td>\n<td>Mais direcionado<\/td>\n<\/tr>\n<tr>\n<td>Vibe casual vs. glamourosa<\/td>\n<td>\u26a0\ufe0f Misto<\/td>\n<td>Frequentemente flerta ou \u00e9 soci\u00e1vel<\/td>\n<\/tr>\n<tr>\n<td>Plataformas populares<\/td>\n<td>Omegle, Chatroulette<\/td>\n<td>CooMeet, LuckyCrush, Chatspin<\/td>\n<\/tr>\n<\/tbody>\n<\/table>\n<p>Se voc\u00ea estiver procurando se conectar especificamente com mulheres, usar uma plataforma que ofere\u00e7a filtragem de g\u00eanero economiza tempo e frustra\u00e7\u00e3o.<\/p>\n<h2>Como se manter seguro ao conversar com garotas on-line<\/h2>\n<p>Embora a maioria das pessoas seja amig\u00e1vel e genu\u00edna, voc\u00ea deve sempre ter em mente a seguran\u00e7a:<\/p>\n<ul>\n<li>Permane\u00e7a an\u00f4nimo no in\u00edcio - N\u00e3o compartilhe detalhes pessoais imediatamente.<\/li>\n<li>Seja cuidadoso com a c\u00e2mera - Mantenha o fundo neutro.<\/li>\n<li>Respeite os limites - Trate as pessoas da maneira que voc\u00ea gostaria de ser tratado.<\/li>\n<li>Evite compartilhar links ou arquivos - limite-se ao bate-papo dentro da plataforma.<\/li>\n<li>Denuncie usu\u00e1rios inadequados - Boas plataformas t\u00eam ferramentas de den\u00fancia - use-as.<\/li>\n<\/ul>\n<p>A seguran\u00e7a garante que a experi\u00eancia seja divertida e sem preocupa\u00e7\u00f5es.<\/p>\n<h2>Por que as meninas aderem a plataformas de bate-papo aleat\u00f3rias<\/h2>\n<p>Voc\u00ea deve estar se perguntando: por que tantas mulheres est\u00e3o on-line procurando conversar com estranhos? Os motivos s\u00e3o t\u00e3o variados quanto as pessoas que voc\u00ea conhecer\u00e1:<\/p>\n<ul>\n<li>Em busca de divers\u00e3o e risadas durante o tempo livre.<\/li>\n<li>Curiosidade de conhecer pessoas de outros pa\u00edses.<\/li>\n<li>Amizade e conex\u00e3o, especialmente se eles trabalham ou estudam remotamente.<\/li>\n<li>Pr\u00e1tica do idioma com falantes nativos.<\/li>\n<li>Oportunidades de flerte ou encontros casuais.<\/li>\n<\/ul>\n<p>Sabendo disso, fica mais f\u00e1cil abordar cada bate-papo com abertura e respeito.<\/p>\n<h2>Dicas para um \u00f3timo bate-papo aleat\u00f3rio com garotas<\/h2>\n<p>Quer se destacar e tornar as conversas mais agrad\u00e1veis? Experimente estas:<\/p>\n<ul>\n<li>Comece com um sorriso - Uma vibra\u00e7\u00e3o amig\u00e1vel ajuda a quebrar o gelo.<\/li>\n<li>Fa\u00e7a perguntas - Demonstre curiosidade genu\u00edna sobre a vida ou os interesses dela.<\/li>\n<li>Mantenha o assunto leve - O humor geralmente funciona melhor do que t\u00f3picos pesados no in\u00edcio.<\/li>\n<li>Respeite o ritmo dela - se ela n\u00e3o se sentir \u00e0 vontade com v\u00eddeo, use texto ou \u00e1udio.<\/li>\n<li>Esteja pronto para recusar educadamente - Nem todas as correspond\u00eancias ser\u00e3o bem-sucedidas, e n\u00e3o h\u00e1 problema nisso.<\/li>\n<\/ul>\n<h2>Benef\u00edcios do bate-papo aleat\u00f3rio gratuito com c\u00e2meras de meninas<\/h2>\n<p>A combina\u00e7\u00e3o de acessibilidade e variedade torna esse tipo de bate-papo atraente:<\/p>\n<ul>\n<li>Sem custos - Muitos servi\u00e7os permitem que voc\u00ea converse gratuitamente.<\/li>\n<li>Sem press\u00e3o - Voc\u00ea n\u00e3o fica preso se o bate-papo n\u00e3o estiver funcionando.<\/li>\n<li>Variedade de pessoas - Conhe\u00e7a mulheres de diferentes culturas, interesses e origens.<\/li>\n<li>Possibilidade de conex\u00e3o - De pequenas risadas a amizades duradouras, tudo pode acontecer.<\/li>\n<li>Disponibilidade 24 horas por dia, 7 dias por semana - Algu\u00e9m, em algum lugar, est\u00e1 sempre on-line.<\/li>\n<\/ul>\n<h2>Quando usar o bate-papo por v\u00eddeo aleat\u00f3rio com garotas<\/h2>\n<p>N\u00e3o h\u00e1 momento errado para experimentar, mas \u00e9 especialmente bom para:<\/p>\n<ul>\n<li>T\u00e9dio at\u00e9 tarde da noite quando voc\u00ea quer companhia.<\/li>\n<li>Viajando e procurando conhecer pessoas locais virtualmente.<\/li>\n<li>Praticar conversa fiada ou um novo idioma.<\/li>\n<li>Flertar e ver se h\u00e1 fa\u00edscas.<\/li>\n<li>Expandir seu c\u00edrculo social sem press\u00e3o.<\/li>\n<\/ul>\n<h2>Considera\u00e7\u00f5es finais<\/h2>\n<p>O bate-papo aleat\u00f3rio gratuito com garotas \u00e9 uma das maneiras mais interessantes de conhecer novas pessoas on-line. \u00c9 espont\u00e2neo, flex\u00edvel e cheio de variedade - voc\u00ea nunca sabe se seu pr\u00f3ximo bate-papo ser\u00e1 de cinco minutos engra\u00e7ados, um interc\u00e2mbio cultural interessante ou o in\u00edcio de uma conex\u00e3o mais profunda.<\/p>\n<p>A melhor parte? N\u00e3o custa nada tentar. Com plataformas que oferecem acesso gratuito e instant\u00e2neo, tudo o que voc\u00ea precisa \u00e9 de curiosidade e um clique.<\/p>\n<p>Portanto, se estiver pronto para conhecer algu\u00e9m novo, entre em um bate-papo aleat\u00f3rio gratuito com garotas hoje mesmo - voc\u00ea pode se surpreender com quem est\u00e1 esperando para falar com voc\u00ea.<\/p>","protected":false},"excerpt":{"rendered":"<p>When you\u2019re online looking to meet someone new, there\u2019s something exciting about connecting face-to-face in real time. That\u2019s where free random chat with girls comes in. Instead of swiping through endless profiles or waiting for messages on dating apps, you can click one button and instantly start a live conversation with a woman somewhere in [&hellip;]<\/p>\n","protected":false},"author":8,"featured_media":0,"parent":0,"menu_order":0,"comment_status":"closed","ping_status":"closed","template":"","meta":{"footnotes":""},"class_list":["post-4831","page","type-page","status-publish","hentry"],"yoast_head":"<!-- This site is optimized with the Yoast SEO plugin v27.4 - https:\/\/yoast.com\/product\/yoast-seo-wordpress\/ -->\n<title>Free Random Chat With Girls on TinyChat.com<\/title>\n<meta name=\"description\" content=\"Enjoying Free Random Chat With Girls? Join over 50,000,000 strangers on TinyChat! Turn on your cam and start meeting new people, or find a match.\" \/>\n<meta name=\"robots\" content=\"index, follow, max-snippet:-1, max-image-preview:large, max-video-preview:-1\" \/>\n<link rel=\"canonical\" href=\"https:\/\/tinychat.com\/pt-br\/free-random-chat-with-girls\/\" \/>\n<meta property=\"og:locale\" content=\"pt_BR\" \/>\n<meta property=\"og:type\" content=\"article\" \/>\n<meta property=\"og:title\" content=\"Free Random Chat With Girls on TinyChat.com\" \/>\n<meta property=\"og:description\" content=\"Enjoying Free Random Chat With Girls? Join over 50,000,000 strangers on TinyChat! Turn on your cam and start meeting new people, or find a match.\" \/>\n<meta property=\"og:url\" content=\"https:\/\/tinychat.com\/pt-br\/free-random-chat-with-girls\/\" \/>\n<meta property=\"og:site_name\" content=\"TinyChat\" \/>\n<meta property=\"article:publisher\" content=\"https:\/\/www.facebook.com\/tinychat\" \/>\n<meta property=\"article:modified_time\" content=\"2025-09-03T10:22:10+00:00\" \/>\n<meta property=\"og:image\" content=\"https:\/\/tinychat.com\/wp-content\/uploads\/2020\/04\/Tinychat-logo-1280x284-new-black.png\" \/>\n\t<meta property=\"og:image:width\" content=\"1280\" \/>\n\t<meta property=\"og:image:height\" content=\"284\" \/>\n\t<meta property=\"og:image:type\" content=\"image\/png\" \/>\n<meta name=\"twitter:card\" content=\"summary_large_image\" \/>\n<meta name=\"twitter:site\" content=\"@tinychat\" \/>\n<meta name=\"twitter:label1\" content=\"Est. tempo de leitura\" \/>\n\t<meta name=\"twitter:data1\" content=\"5 minutos\" \/>\n<script type=\"application\/ld+json\" class=\"yoast-schema-graph\">{\"@context\":\"https:\\\/\\\/schema.org\",\"@graph\":[{\"@type\":\"WebPage\",\"@id\":\"https:\\\/\\\/tinychat.com\\\/free-random-chat-with-girls\\\/\",\"url\":\"https:\\\/\\\/tinychat.com\\\/free-random-chat-with-girls\\\/\",\"name\":\"Free Random Chat With Girls on TinyChat.com\",\"isPartOf\":{\"@id\":\"https:\\\/\\\/tinychat.com\\\/#website\"},\"datePublished\":\"2025-09-03T06:00:01+00:00\",\"dateModified\":\"2025-09-03T10:22:10+00:00\",\"description\":\"Enjoying Free Random Chat With Girls? Join over 50,000,000 strangers on TinyChat! Turn on your cam and start meeting new people, or find a match.\",\"breadcrumb\":{\"@id\":\"https:\\\/\\\/tinychat.com\\\/free-random-chat-with-girls\\\/#breadcrumb\"},\"inLanguage\":\"pt-BR\",\"potentialAction\":[{\"@type\":\"ReadAction\",\"target\":[\"https:\\\/\\\/tinychat.com\\\/free-random-chat-with-girls\\\/\"]}]},{\"@type\":\"BreadcrumbList\",\"@id\":\"https:\\\/\\\/tinychat.com\\\/free-random-chat-with-girls\\\/#breadcrumb\",\"itemListElement\":[{\"@type\":\"ListItem\",\"position\":1,\"name\":\"Home\",\"item\":\"https:\\\/\\\/tinychat.com\\\/\"},{\"@type\":\"ListItem\",\"position\":2,\"name\":\"Free Random Chat With Girls\"}]},{\"@type\":\"WebSite\",\"@id\":\"https:\\\/\\\/tinychat.com\\\/#website\",\"url\":\"https:\\\/\\\/tinychat.com\\\/\",\"name\":\"TinyChat\",\"description\":\"Random Video Chat with Strangers\",\"publisher\":{\"@id\":\"https:\\\/\\\/tinychat.com\\\/#organization\"},\"alternateName\":\"TinyChat.com\",\"potentialAction\":[{\"@type\":\"SearchAction\",\"target\":{\"@type\":\"EntryPoint\",\"urlTemplate\":\"https:\\\/\\\/tinychat.com\\\/?s={search_term_string}\"},\"query-input\":{\"@type\":\"PropertyValueSpecification\",\"valueRequired\":true,\"valueName\":\"search_term_string\"}}],\"inLanguage\":\"pt-BR\"},{\"@type\":\"Organization\",\"@id\":\"https:\\\/\\\/tinychat.com\\\/#organization\",\"name\":\"TinyChat\",\"alternateName\":\"TinyChat.com\",\"url\":\"https:\\\/\\\/tinychat.com\\\/\",\"logo\":{\"@type\":\"ImageObject\",\"inLanguage\":\"pt-BR\",\"@id\":\"https:\\\/\\\/tinychat.com\\\/#\\\/schema\\\/logo\\\/image\\\/\",\"url\":\"https:\\\/\\\/tinychat.com\\\/wp-content\\\/uploads\\\/2023\\\/11\\\/Tinychat-icon-square.png\",\"contentUrl\":\"https:\\\/\\\/tinychat.com\\\/wp-content\\\/uploads\\\/2023\\\/11\\\/Tinychat-icon-square.png\",\"width\":284,\"height\":284,\"caption\":\"TinyChat\"},\"image\":{\"@id\":\"https:\\\/\\\/tinychat.com\\\/#\\\/schema\\\/logo\\\/image\\\/\"},\"sameAs\":[\"https:\\\/\\\/www.facebook.com\\\/tinychat\",\"https:\\\/\\\/x.com\\\/tinychat\"]}]}<\/script>\n<!-- \/ Yoast SEO plugin. -->","yoast_head_json":{"title":"Bate-papo aleat\u00f3rio gratuito com garotas no TinyChat.com","description":"Gostando do bate-papo aleat\u00f3rio gratuito com garotas? Junte-se a mais de 50.000.000 de estranhos no TinyChat! Ligue sua c\u00e2mera e comece a conhecer novas pessoas ou encontre um par.","robots":{"index":"index","follow":"follow","max-snippet":"max-snippet:-1","max-image-preview":"max-image-preview:large","max-video-preview":"max-video-preview:-1"},"canonical":"https:\/\/tinychat.com\/pt-br\/free-random-chat-with-girls\/","og_locale":"pt_BR","og_type":"article","og_title":"Free Random Chat With Girls on TinyChat.com","og_description":"Enjoying Free Random Chat With Girls? Join over 50,000,000 strangers on TinyChat! Turn on your cam and start meeting new people, or find a match.","og_url":"https:\/\/tinychat.com\/pt-br\/free-random-chat-with-girls\/","og_site_name":"TinyChat","article_publisher":"https:\/\/www.facebook.com\/tinychat","article_modified_time":"2025-09-03T10:22:10+00:00","og_image":[{"width":1280,"height":284,"url":"https:\/\/tinychat.com\/wp-content\/uploads\/2020\/04\/Tinychat-logo-1280x284-new-black.png","type":"image\/png"}],"twitter_card":"summary_large_image","twitter_site":"@tinychat","twitter_misc":{"Est. tempo de leitura":"5 minutos"},"schema":{"@context":"https:\/\/schema.org","@graph":[{"@type":"WebPage","@id":"https:\/\/tinychat.com\/free-random-chat-with-girls\/","url":"https:\/\/tinychat.com\/free-random-chat-with-girls\/","name":"Bate-papo aleat\u00f3rio gratuito com garotas no TinyChat.com","isPartOf":{"@id":"https:\/\/tinychat.com\/#website"},"datePublished":"2025-09-03T06:00:01+00:00","dateModified":"2025-09-03T10:22:10+00:00","description":"Gostando do bate-papo aleat\u00f3rio gratuito com garotas? Junte-se a mais de 50.000.000 de estranhos no TinyChat! Ligue sua c\u00e2mera e comece a conhecer novas pessoas ou encontre um par.","breadcrumb":{"@id":"https:\/\/tinychat.com\/free-random-chat-with-girls\/#breadcrumb"},"inLanguage":"pt-BR","potentialAction":[{"@type":"ReadAction","target":["https:\/\/tinychat.com\/free-random-chat-with-girls\/"]}]},{"@type":"BreadcrumbList","@id":"https:\/\/tinychat.com\/free-random-chat-with-girls\/#breadcrumb","itemListElement":[{"@type":"ListItem","position":1,"name":"Home","item":"https:\/\/tinychat.com\/"},{"@type":"ListItem","position":2,"name":"Free Random Chat With Girls"}]},{"@type":"WebSite","@id":"https:\/\/tinychat.com\/#website","url":"https:\/\/tinychat.com\/","name":"TinyChat","description":"Bate-papo por v\u00eddeo aleat\u00f3rio com estranhos","publisher":{"@id":"https:\/\/tinychat.com\/#organization"},"alternateName":"TinyChat.com","potentialAction":[{"@type":"SearchAction","target":{"@type":"EntryPoint","urlTemplate":"https:\/\/tinychat.com\/?s={search_term_string}"},"query-input":{"@type":"PropertyValueSpecification","valueRequired":true,"valueName":"search_term_string"}}],"inLanguage":"pt-BR"},{"@type":"Organization","@id":"https:\/\/tinychat.com\/#organization","name":"TinyChat","alternateName":"TinyChat.com","url":"https:\/\/tinychat.com\/","logo":{"@type":"ImageObject","inLanguage":"pt-BR","@id":"https:\/\/tinychat.com\/#\/schema\/logo\/image\/","url":"https:\/\/tinychat.com\/wp-content\/uploads\/2023\/11\/Tinychat-icon-square.png","contentUrl":"https:\/\/tinychat.com\/wp-content\/uploads\/2023\/11\/Tinychat-icon-square.png","width":284,"height":284,"caption":"TinyChat"},"image":{"@id":"https:\/\/tinychat.com\/#\/schema\/logo\/image\/"},"sameAs":["https:\/\/www.facebook.com\/tinychat","https:\/\/x.com\/tinychat"]}]}},"_links":{"self":[{"href":"https:\/\/tinychat.com\/pt-br\/wp-json\/wp\/v2\/pages\/4831","targetHints":{"allow":["GET"]}}],"collection":[{"href":"https:\/\/tinychat.com\/pt-br\/wp-json\/wp\/v2\/pages"}],"about":[{"href":"https:\/\/tinychat.com\/pt-br\/wp-json\/wp\/v2\/types\/page"}],"author":[{"embeddable":true,"href":"https:\/\/tinychat.com\/pt-br\/wp-json\/wp\/v2\/users\/8"}],"replies":[{"embeddable":true,"href":"https:\/\/tinychat.com\/pt-br\/wp-json\/wp\/v2\/comments?post=4831"}],"version-history":[{"count":4,"href":"https:\/\/tinychat.com\/pt-br\/wp-json\/wp\/v2\/pages\/4831\/revisions"}],"predecessor-version":[{"id":13493,"href":"https:\/\/tinychat.com\/pt-br\/wp-json\/wp\/v2\/pages\/4831\/revisions\/13493"}],"wp:attachment":[{"href":"https:\/\/tinychat.com\/pt-br\/wp-json\/wp\/v2\/media?parent=4831"}],"curies":[{"name":"wp","href":"https:\/\/api.w.org\/{rel}","templated":true}]}}