{"id":51,"date":"2020-04-08T23:24:23","date_gmt":"2020-04-08T21:24:23","guid":{"rendered":"https:\/\/tinychat.com\/?page_id=51"},"modified":"2025-05-03T17:23:14","modified_gmt":"2025-05-03T15:23:14","slug":"rules","status":"publish","type":"page","link":"https:\/\/tinychat.com\/pt-br\/rules\/","title":{"rendered":"Regras"},"content":{"rendered":"<p class=\"\" data-start=\"344\" data-end=\"639\"><a href=\"https:\/\/tinychat.com\/pt-br\/\">TinyChat<\/a> fornece acesso gratuito e an\u00f4nimo a um servi\u00e7o de atendimento individual <a href=\"https:\/\/tinychat.com\/pt-br\/\">bate-papo por v\u00eddeo aleat\u00f3rio<\/a> experi\u00eancia, sem necessidade de registro. Nosso objetivo \u00e9 oferecer uma plataforma segura, envolvente e respeitosa, semelhante a outras <a href=\"https:\/\/tinychat.com\/pt-br\/chatroulette\/\">bate-papo<\/a> sites como <a href=\"https:\/\/tinychat.com\/pt-br\/omegle\/\">Omegle<\/a>onde os usu\u00e1rios podem desfrutar de intera\u00e7\u00f5es espont\u00e2neas e conhecer novas pessoas on-line.<\/p>\n<p class=\"\" data-start=\"641\" data-end=\"833\">Para garantir um ambiente positivo para todos os usu\u00e1rios, solicitamos que voc\u00ea siga as regras descritas abaixo. A viola\u00e7\u00e3o dessas diretrizes pode resultar em banimentos imediatos ou remo\u00e7\u00e3o permanente da plataforma.<\/p>\n<h2 data-start=\"840\" data-end=\"878\">Conduta proibida no TinyChat<\/h2>\n<p class=\"\" data-start=\"880\" data-end=\"988\">Para manter a seguran\u00e7a, o respeito e a conformidade legal, as seguintes a\u00e7\u00f5es s\u00e3o estritamente proibidas em <a href=\"https:\/\/tinychat.com\/pt-br\/\">TinyChat<\/a>:<\/p>\n<ul>\n<li data-start=\"992\" data-end=\"1127\">Acesso por menores de idade: Os usu\u00e1rios devem ter 18 anos de idade ou mais para usar <a href=\"https:\/\/tinychat.com\/pt-br\/\">TinyChat<\/a>. O acesso de menores de 18 anos \u00e9 estritamente proibido.<\/li>\n<li data-start=\"992\" data-end=\"1127\">Linguagem ou comportamento inadequados: N\u00e3o \u00e9 permitido o uso de linguagem vulgar, sexualmente expl\u00edcita, violenta ou depressiva. Nossa plataforma n\u00e3o \u00e9 um local para conte\u00fado perturbador ou prejudicial.<\/li>\n<li data-start=\"1326\" data-end=\"1556\">Discrimina\u00e7\u00e3o ou discurso de \u00f3dio: Voc\u00ea n\u00e3o deve degradar, insultar ou atacar outras pessoas com base em religi\u00e3o, ra\u00e7a, g\u00eanero, orienta\u00e7\u00e3o sexual, nacionalidade ou idade. Qualquer forma de discurso de \u00f3dio ou conduta discriminat\u00f3ria \u00e9 inaceit\u00e1vel.<\/li>\n<li data-start=\"1560\" data-end=\"1732\">Ass\u00e9dio ou abuso: Assediar, intimidar ou demonstrar desrespeito intencional a outro usu\u00e1rio de qualquer forma - verbal, visual ou outra - \u00e9 estritamente proibido.<\/li>\n<li data-start=\"1736\" data-end=\"1949\">Nudez parcial sem identifica\u00e7\u00e3o: N\u00e3o \u00e9 permitido mostrar o peito nu na c\u00e2mera, a menos que seu rosto esteja claramente vis\u00edvel ao mesmo tempo. Essa regra est\u00e1 em vigor para evitar a exposi\u00e7\u00e3o indecente an\u00f4nima.<\/li>\n<li data-start=\"1953\" data-end=\"2105\">Nudez ou exposi\u00e7\u00e3o de roupas \u00edntimas: N\u00e3o \u00e9 permitido aparecer completamente nu ou usar apenas roupas \u00edntimas enquanto estiver diante da c\u00e2mera, sob nenhuma circunst\u00e2ncia.<\/li>\n<li data-start=\"1953\" data-end=\"2105\">Comportamento sexualmente expl\u00edcito: <span style=\"font-family: -apple-system, BlinkMacSystemFont, 'Segoe UI', Roboto, 'Helvetica Neue', Arial, 'Noto Sans', sans-serif, 'Apple Color Emoji', 'Segoe UI Emoji', 'Segoe UI Symbol', 'Noto Color Emoji';\">\u00c9 estritamente proibido:<\/span>\n<ul>\n<li data-start=\"2178\" data-end=\"2236\">Solicitar ou coagir outras pessoas a participar de atividades sexuais virtuais.<\/li>\n<li data-start=\"2241\" data-end=\"2281\">Exponha suas partes \u00edntimas para a c\u00e2mera.<\/li>\n<li data-start=\"2286\" data-end=\"2355\">Tocar ou simular o toque de seus \u00f3rg\u00e3os genitais enquanto estiver vis\u00edvel para a c\u00e2mera.<\/li>\n<li data-start=\"2360\" data-end=\"2412\">Focalize intencionalmente a c\u00e2mera abaixo do peito.<\/li>\n<\/ul>\n<\/li>\n<li>Conte\u00fado promocional ou de redirecionamento: <span style=\"font-family: -apple-system, BlinkMacSystemFont, 'Segoe UI', Roboto, 'Helvetica Neue', Arial, 'Noto Sans', sans-serif, 'Apple Color Emoji', 'Segoe UI Emoji', 'Segoe UI Symbol', 'Noto Color Emoji';\">Voc\u00ea n\u00e3o pode usar <a href=\"https:\/\/tinychat.com\/pt-br\/\">TinyChat<\/a> para:<\/span>\n<ul>\n<li>Exibir textos, imagens ou v\u00eddeos com a inten\u00e7\u00e3o de redirecionar os usu\u00e1rios para outros sites, plataformas ou servi\u00e7os.<\/li>\n<li>Mostrar a tela do computador, incluindo mensagens ou promo\u00e7\u00f5es.<\/li>\n<li>Usar emuladores de webcam, dispositivos virtuais ou loops de v\u00eddeo para enganar ou fazer propaganda.<\/li>\n<li>Solicitar votos, promover links ou vender produtos ou servi\u00e7os por meio de qualquer forma de m\u00eddia na plataforma.<\/li>\n<\/ul>\n<\/li>\n<li>Uso ilegal ou explorat\u00f3rio: <span style=\"font-family: -apple-system, BlinkMacSystemFont, 'Segoe UI', Roboto, 'Helvetica Neue', Arial, 'Noto Sans', sans-serif, 'Apple Color Emoji', 'Segoe UI Emoji', 'Segoe UI Symbol', 'Noto Color Emoji';\">\u00c9 absolutamente proibido usar <a href=\"https:\/\/tinychat.com\/pt-br\/\">TinyChat<\/a> envolver-se em, promover ou facilitar qualquer forma de:<\/span>\n<ul>\n<li>Tr\u00e1fico sexual<\/li>\n<li>Tr\u00e1fico de pessoas<\/li>\n<li>Prostitui\u00e7\u00e3o<\/li>\n<li>Abuso f\u00edsico ou psicol\u00f3gico<\/li>\n<li>Qualquer atividade ilegal que envolva explora\u00e7\u00e3o de terceiros<\/li>\n<\/ul>\n<\/li>\n<\/ul>\n<h2 data-start=\"3196\" data-end=\"3222\">Como registrar uma reclama\u00e7\u00e3o<\/h2>\n<p class=\"\" data-start=\"3224\" data-end=\"3383\">Se voc\u00ea encontrar um usu\u00e1rio que esteja violando as regras, recomendamos que denuncie o incidente imediatamente. Voc\u00ea pode enviar uma reclama\u00e7\u00e3o por meio de nosso sistema de suporte.<\/p>\n<p class=\"\" data-start=\"3385\" data-end=\"3551\">Para um tratamento mais r\u00e1pido e eficaz, inclua uma captura de tela da viola\u00e7\u00e3o ao enviar sua reclama\u00e7\u00e3o. Isso nos ajuda a tomar medidas r\u00e1pidas e precisas.<\/p>\n<h2 data-start=\"3558\" data-end=\"3591\">Aplica\u00e7\u00e3o e proibi\u00e7\u00f5es de usu\u00e1rios<\/h2>\n<p class=\"\" data-start=\"3593\" data-end=\"3779\"><a href=\"https:\/\/tinychat.com\/pt-br\/\">TinyChat<\/a> mant\u00e9m uma pol\u00edtica de toler\u00e2ncia zero em rela\u00e7\u00e3o aos usu\u00e1rios que violam as regras. Se um usu\u00e1rio receber v\u00e1rias reclama\u00e7\u00f5es, nosso sistema bloquear\u00e1 automaticamente seu acesso a <a href=\"https:\/\/tinychat.com\/pt-br\/\">TinyChat<\/a>.<\/p>\n<p class=\"\" data-start=\"3781\" data-end=\"4065\">Levamos as den\u00fancias a s\u00e9rio, mas tamb\u00e9m consideramos v\u00e1rios fatores antes de emitir um banimento permanente. <a href=\"https:\/\/tinychat.com\/pt-br\/\">TinyChat<\/a> Somente n\u00f3s n\u00e3o podemos monitorar todas as intera\u00e7\u00f5es em tempo real. Contamos com nossa comunidade para ajudar a manter um ambiente respeitoso. Sua coopera\u00e7\u00e3o na den\u00fancia de infratores \u00e9 essencial.<\/p>\n<p class=\"\" data-start=\"4067\" data-end=\"4228\">Juntos, podemos continuar construindo uma plataforma que seja segura, espont\u00e2nea e divertida para todos. Obrigado por nos ajudar a fazer <a href=\"https:\/\/tinychat.com\/pt-br\/\">TinyChat<\/a> um lugar melhor para <a href=\"https:\/\/tinychat.com\/pt-br\/chatroulette\/\">bate-papo<\/a>.<\/p>","protected":false},"excerpt":{"rendered":"<p>TinyChat provides free, anonymous access to a one-on-one random video chat experience, no registration required. Our goal is to offer a safe, engaging, and respectful platform similar to other chat sites like Omegle, where users can enjoy spontaneous interactions and meet new people online. To ensure a positive environment for all users, we ask that [&hellip;]<\/p>\n","protected":false},"author":1,"featured_media":0,"parent":0,"menu_order":0,"comment_status":"closed","ping_status":"closed","template":"","meta":{"footnotes":""},"class_list":["post-51","page","type-page","status-publish","hentry"],"yoast_head":"<!-- This site is optimized with the Yoast SEO plugin v27.4 - https:\/\/yoast.com\/product\/yoast-seo-wordpress\/ -->\n<title>Rules - TinyChat<\/title>\n<meta name=\"robots\" content=\"index, follow, max-snippet:-1, max-image-preview:large, max-video-preview:-1\" \/>\n<link rel=\"canonical\" href=\"https:\/\/tinychat.com\/pt-br\/rules\/\" \/>\n<meta property=\"og:locale\" content=\"pt_BR\" \/>\n<meta property=\"og:type\" content=\"article\" \/>\n<meta property=\"og:title\" content=\"Rules - TinyChat\" \/>\n<meta property=\"og:description\" content=\"TinyChat provides free, anonymous access to a one-on-one random video chat experience, no registration required. Our goal is to offer a safe, engaging, and respectful platform similar to other chat sites like Omegle, where users can enjoy spontaneous interactions and meet new people online. To ensure a positive environment for all users, we ask that [&hellip;]\" \/>\n<meta property=\"og:url\" content=\"https:\/\/tinychat.com\/pt-br\/rules\/\" \/>\n<meta property=\"og:site_name\" content=\"TinyChat\" \/>\n<meta property=\"article:publisher\" content=\"https:\/\/www.facebook.com\/tinychat\" \/>\n<meta property=\"article:modified_time\" content=\"2025-05-03T15:23:14+00:00\" \/>\n<meta property=\"og:image\" content=\"https:\/\/tinychat.com\/wp-content\/uploads\/2020\/04\/Tinychat-logo-1280x284-new-black.png\" \/>\n\t<meta property=\"og:image:width\" content=\"1280\" \/>\n\t<meta property=\"og:image:height\" content=\"284\" \/>\n\t<meta property=\"og:image:type\" content=\"image\/png\" \/>\n<meta name=\"twitter:card\" content=\"summary_large_image\" \/>\n<meta name=\"twitter:site\" content=\"@tinychat\" \/>\n<meta name=\"twitter:label1\" content=\"Est. tempo de leitura\" \/>\n\t<meta name=\"twitter:data1\" content=\"3 minutos\" \/>\n<script type=\"application\/ld+json\" class=\"yoast-schema-graph\">{\"@context\":\"https:\\\/\\\/schema.org\",\"@graph\":[{\"@type\":\"WebPage\",\"@id\":\"https:\\\/\\\/tinychat.com\\\/rules\\\/\",\"url\":\"https:\\\/\\\/tinychat.com\\\/rules\\\/\",\"name\":\"Rules - TinyChat\",\"isPartOf\":{\"@id\":\"https:\\\/\\\/tinychat.com\\\/#website\"},\"datePublished\":\"2020-04-08T21:24:23+00:00\",\"dateModified\":\"2025-05-03T15:23:14+00:00\",\"breadcrumb\":{\"@id\":\"https:\\\/\\\/tinychat.com\\\/rules\\\/#breadcrumb\"},\"inLanguage\":\"pt-BR\",\"potentialAction\":[{\"@type\":\"ReadAction\",\"target\":[\"https:\\\/\\\/tinychat.com\\\/rules\\\/\"]}]},{\"@type\":\"BreadcrumbList\",\"@id\":\"https:\\\/\\\/tinychat.com\\\/rules\\\/#breadcrumb\",\"itemListElement\":[{\"@type\":\"ListItem\",\"position\":1,\"name\":\"Home\",\"item\":\"https:\\\/\\\/tinychat.com\\\/\"},{\"@type\":\"ListItem\",\"position\":2,\"name\":\"Rules\"}]},{\"@type\":\"WebSite\",\"@id\":\"https:\\\/\\\/tinychat.com\\\/#website\",\"url\":\"https:\\\/\\\/tinychat.com\\\/\",\"name\":\"TinyChat\",\"description\":\"Random Video Chat with Strangers\",\"publisher\":{\"@id\":\"https:\\\/\\\/tinychat.com\\\/#organization\"},\"alternateName\":\"TinyChat.com\",\"potentialAction\":[{\"@type\":\"SearchAction\",\"target\":{\"@type\":\"EntryPoint\",\"urlTemplate\":\"https:\\\/\\\/tinychat.com\\\/?s={search_term_string}\"},\"query-input\":{\"@type\":\"PropertyValueSpecification\",\"valueRequired\":true,\"valueName\":\"search_term_string\"}}],\"inLanguage\":\"pt-BR\"},{\"@type\":\"Organization\",\"@id\":\"https:\\\/\\\/tinychat.com\\\/#organization\",\"name\":\"TinyChat\",\"alternateName\":\"TinyChat.com\",\"url\":\"https:\\\/\\\/tinychat.com\\\/\",\"logo\":{\"@type\":\"ImageObject\",\"inLanguage\":\"pt-BR\",\"@id\":\"https:\\\/\\\/tinychat.com\\\/#\\\/schema\\\/logo\\\/image\\\/\",\"url\":\"https:\\\/\\\/tinychat.com\\\/wp-content\\\/uploads\\\/2023\\\/11\\\/Tinychat-icon-square.png\",\"contentUrl\":\"https:\\\/\\\/tinychat.com\\\/wp-content\\\/uploads\\\/2023\\\/11\\\/Tinychat-icon-square.png\",\"width\":284,\"height\":284,\"caption\":\"TinyChat\"},\"image\":{\"@id\":\"https:\\\/\\\/tinychat.com\\\/#\\\/schema\\\/logo\\\/image\\\/\"},\"sameAs\":[\"https:\\\/\\\/www.facebook.com\\\/tinychat\",\"https:\\\/\\\/x.com\\\/tinychat\"]}]}<\/script>\n<!-- \/ Yoast SEO plugin. -->","yoast_head_json":{"title":"Regras - TinyChat","robots":{"index":"index","follow":"follow","max-snippet":"max-snippet:-1","max-image-preview":"max-image-preview:large","max-video-preview":"max-video-preview:-1"},"canonical":"https:\/\/tinychat.com\/pt-br\/rules\/","og_locale":"pt_BR","og_type":"article","og_title":"Rules - TinyChat","og_description":"TinyChat provides free, anonymous access to a one-on-one random video chat experience, no registration required. Our goal is to offer a safe, engaging, and respectful platform similar to other chat sites like Omegle, where users can enjoy spontaneous interactions and meet new people online. To ensure a positive environment for all users, we ask that [&hellip;]","og_url":"https:\/\/tinychat.com\/pt-br\/rules\/","og_site_name":"TinyChat","article_publisher":"https:\/\/www.facebook.com\/tinychat","article_modified_time":"2025-05-03T15:23:14+00:00","og_image":[{"width":1280,"height":284,"url":"https:\/\/tinychat.com\/wp-content\/uploads\/2020\/04\/Tinychat-logo-1280x284-new-black.png","type":"image\/png"}],"twitter_card":"summary_large_image","twitter_site":"@tinychat","twitter_misc":{"Est. tempo de leitura":"3 minutos"},"schema":{"@context":"https:\/\/schema.org","@graph":[{"@type":"WebPage","@id":"https:\/\/tinychat.com\/rules\/","url":"https:\/\/tinychat.com\/rules\/","name":"Regras - TinyChat","isPartOf":{"@id":"https:\/\/tinychat.com\/#website"},"datePublished":"2020-04-08T21:24:23+00:00","dateModified":"2025-05-03T15:23:14+00:00","breadcrumb":{"@id":"https:\/\/tinychat.com\/rules\/#breadcrumb"},"inLanguage":"pt-BR","potentialAction":[{"@type":"ReadAction","target":["https:\/\/tinychat.com\/rules\/"]}]},{"@type":"BreadcrumbList","@id":"https:\/\/tinychat.com\/rules\/#breadcrumb","itemListElement":[{"@type":"ListItem","position":1,"name":"Home","item":"https:\/\/tinychat.com\/"},{"@type":"ListItem","position":2,"name":"Rules"}]},{"@type":"WebSite","@id":"https:\/\/tinychat.com\/#website","url":"https:\/\/tinychat.com\/","name":"TinyChat","description":"Bate-papo por v\u00eddeo aleat\u00f3rio com estranhos","publisher":{"@id":"https:\/\/tinychat.com\/#organization"},"alternateName":"TinyChat.com","potentialAction":[{"@type":"SearchAction","target":{"@type":"EntryPoint","urlTemplate":"https:\/\/tinychat.com\/?s={search_term_string}"},"query-input":{"@type":"PropertyValueSpecification","valueRequired":true,"valueName":"search_term_string"}}],"inLanguage":"pt-BR"},{"@type":"Organization","@id":"https:\/\/tinychat.com\/#organization","name":"TinyChat","alternateName":"TinyChat.com","url":"https:\/\/tinychat.com\/","logo":{"@type":"ImageObject","inLanguage":"pt-BR","@id":"https:\/\/tinychat.com\/#\/schema\/logo\/image\/","url":"https:\/\/tinychat.com\/wp-content\/uploads\/2023\/11\/Tinychat-icon-square.png","contentUrl":"https:\/\/tinychat.com\/wp-content\/uploads\/2023\/11\/Tinychat-icon-square.png","width":284,"height":284,"caption":"TinyChat"},"image":{"@id":"https:\/\/tinychat.com\/#\/schema\/logo\/image\/"},"sameAs":["https:\/\/www.facebook.com\/tinychat","https:\/\/x.com\/tinychat"]}]}},"_links":{"self":[{"href":"https:\/\/tinychat.com\/pt-br\/wp-json\/wp\/v2\/pages\/51","targetHints":{"allow":["GET"]}}],"collection":[{"href":"https:\/\/tinychat.com\/pt-br\/wp-json\/wp\/v2\/pages"}],"about":[{"href":"https:\/\/tinychat.com\/pt-br\/wp-json\/wp\/v2\/types\/page"}],"author":[{"embeddable":true,"href":"https:\/\/tinychat.com\/pt-br\/wp-json\/wp\/v2\/users\/1"}],"replies":[{"embeddable":true,"href":"https:\/\/tinychat.com\/pt-br\/wp-json\/wp\/v2\/comments?post=51"}],"version-history":[{"count":3,"href":"https:\/\/tinychat.com\/pt-br\/wp-json\/wp\/v2\/pages\/51\/revisions"}],"predecessor-version":[{"id":13052,"href":"https:\/\/tinychat.com\/pt-br\/wp-json\/wp\/v2\/pages\/51\/revisions\/13052"}],"wp:attachment":[{"href":"https:\/\/tinychat.com\/pt-br\/wp-json\/wp\/v2\/media?parent=51"}],"curies":[{"name":"wp","href":"https:\/\/api.w.org\/{rel}","templated":true}]}}