{"id":5113,"date":"2025-06-19T21:05:49","date_gmt":"2025-06-19T19:05:49","guid":{"rendered":"https:\/\/tinychat.com\/?page_id=5113"},"modified":"2025-07-07T18:18:42","modified_gmt":"2025-07-07T16:18:42","slug":"chatiw","status":"publish","type":"page","link":"https:\/\/tinychat.com\/pt-br\/chatiw\/","title":{"rendered":"Chatiw"},"content":{"rendered":"<p>Em uma \u00e9poca em que as redes sociais est\u00e3o cheias de algoritmos, solicita\u00e7\u00f5es de amizade e obst\u00e1culos de privacidade, h\u00e1 um apelo real para plataformas de bate-papo que mant\u00eam as coisas r\u00e1pidas, simples e an\u00f4nimas. Entre no Chatiw: um site de bate-papo criado para qualquer pessoa que queira ir direto para a conversa - sem registro, sem downloads, sem compromisso.<\/p>\n<p>Enquanto algumas plataformas se concentram em bate-papo por v\u00eddeo, namoro ou salas de grupo, a miss\u00e3o principal do Chatiw \u00e9 a conex\u00e3o instant\u00e2nea por texto com estranhos de todo o mundo. Seu design leve, sua interface amig\u00e1vel para dispositivos m\u00f3veis e sua filosofia de portas abertas o tornaram o favorito dos usu\u00e1rios que valorizam intera\u00e7\u00f5es r\u00e1pidas, genu\u00ednas e sem riscos - quer estejam buscando amizade, bate-papo casual ou at\u00e9 mesmo um pouco de flerte.<\/p>\n<p>Neste guia abrangente, exploraremos como o Chatiw funciona, seus principais recursos, como ele se compara a outros sites de bate-papo, dicas de seguran\u00e7a e como voc\u00ea pode aproveitar ao m\u00e1ximo seu tempo conversando com estranhos on-line.<\/p>\n<h2>O que \u00e9 Chatiw?<\/h2>\n<p>O Chatiw \u00e9 uma plataforma de bate-papo on-line gratuita que conecta usu\u00e1rios anonimamente com pessoas aleat\u00f3rias de todo o mundo, principalmente por meio de bate-papo baseado em texto. Fundado h\u00e1 mais de uma d\u00e9cada, o Chatiw se tornou um dos destinos de \"bate-papo com estranhos\" mais populares da Web, com foco na velocidade e na simplicidade.<\/p>\n<p>N\u00e3o h\u00e1 registros demorados, verifica\u00e7\u00f5es de e-mail ou perfis complexos a serem configurados. Basta escolher um nome de usu\u00e1rio, selecionar seu pa\u00eds, idade e sexo e entrar em uma sala de bate-papo ou em um bate-papo individual. O Chatiw tamb\u00e9m oferece recursos opcionais para usu\u00e1rios registrados, mas, em sua ess\u00eancia, continua sendo uma plataforma para conversas r\u00e1pidas, an\u00f4nimas e sem atritos.<\/p>\n<p>O Chatiw est\u00e1 dispon\u00edvel em qualquer navegador, tanto em computadores quanto em dispositivos m\u00f3veis, e tamb\u00e9m oferece um aplicativo m\u00f3vel dedicado para usu\u00e1rios do Android.<\/p>\n<h2>Principais recursos do Chatiw<\/h2>\n<p>Embora o conceito seja simples, o Chatiw inclui v\u00e1rios recursos \u00fateis e f\u00e1ceis de usar para aprimorar a experi\u00eancia de bate-papo e manter os usu\u00e1rios envolvidos:<\/p>\n<h3>1. Chat an\u00f4nimo instant\u00e2neo<\/h3>\n<p>A marca registrada do Chatiw \u00e9 a velocidade e o anonimato. Voc\u00ea n\u00e3o precisa criar uma conta nem fornecer informa\u00e7\u00f5es pessoais para come\u00e7ar a conversar. Basta preencher um formul\u00e1rio r\u00e1pido (apelido, idade, sexo, pa\u00eds), concordar com os termos e voc\u00ea estar\u00e1 imediatamente conectado.<\/p>\n<p>Isso torna o Chatiw ideal para pessoas que desejam conversas r\u00e1pidas e de baixo comprometimento.<\/p>\n<h3>2. Salas de bate-papo globais e bate-papo individual<\/h3>\n<p>Uma vez l\u00e1 dentro, voc\u00ea pode:<\/p>\n<ul>\n<li>Participe de uma sala de bate-papo p\u00fablica com usu\u00e1rios de todo o mundo.<\/li>\n<li>Inicie um bate-papo individual privado com qualquer pessoa na sala.<\/li>\n<\/ul>\n<p>Essa flexibilidade permite que voc\u00ea escolha seu n\u00edvel de envolvimento: participe de conversas em grupo ou busque conversas particulares e significativas.<\/p>\n<h3>3. Mensagens privadas e lista de amigos<\/h3>\n<p>Os usu\u00e1rios podem enviar mensagens privadas para qualquer pessoa que encontrarem na sala de bate-papo. Se voc\u00ea se der bem, poder\u00e1 adicionar pessoas \u00e0 sua lista de amigos para facilitar futuros bate-papos (para usu\u00e1rios registrados).<\/p>\n<h3>4. Registro de perfil opcional<\/h3>\n<p>Embora voc\u00ea possa usar o Chatiw como convidado, os usu\u00e1rios registrados recebem:<\/p>\n<ul>\n<li>Um perfil exclusivo (com foto)<\/li>\n<li>A capacidade de salvar amigos<\/li>\n<li>Acesso ao hist\u00f3rico de mensagens<\/li>\n<li>Recursos de bloqueio e relat\u00f3rio de usu\u00e1rios<\/li>\n<\/ul>\n<p>O registro ainda \u00e9 simples e requer apenas informa\u00e7\u00f5es b\u00e1sicas.<\/p>\n<h3>5. Aplicativo m\u00f3vel para Android<\/h3>\n<p>Para os usu\u00e1rios em tr\u00e2nsito, o Chatiw oferece um aplicativo Android dedicado, projetado para proporcionar a mesma experi\u00eancia leve e de acesso instant\u00e2neo que a vers\u00e3o do navegador. O aplicativo m\u00f3vel permite notifica\u00e7\u00f5es por push, f\u00e1cil altern\u00e2ncia entre bate-papos p\u00fablicos e privados e um layout otimizado para telas pequenas.<\/p>\n<h3>6. Filtros e sele\u00e7\u00e3o de pa\u00edses<\/h3>\n<p>O Chatiw permite que os usu\u00e1rios filtrem os bate-papos por pa\u00eds, ajudando-o a se conectar com pessoas de regi\u00f5es espec\u00edficas ou a encontrar pessoas locais. Isso \u00e9 perfeito para quem quer praticar um idioma, aprender sobre outra cultura ou conhecer pessoas pr\u00f3ximas.<\/p>\n<h3>7. Modera\u00e7\u00e3o e relat\u00f3rios simples<\/h3>\n<p>O Chatiw usa controles automatizados de spam e fornece aos usu\u00e1rios ferramentas para bloquear ou denunciar usu\u00e1rios abusivos. Os moderadores monitoram a plataforma em busca de comportamento inadequado e se esfor\u00e7am para manter um espa\u00e7o amig\u00e1vel e acolhedor.<\/p>\n<h3>8. Emoji, m\u00eddia e compartilhamento de arquivos<\/h3>\n<p>Para manter as coisas divertidas, o Chatiw suporta emojis, GIFs e compartilhamento limitado de arquivos (para usu\u00e1rios registrados), tornando as conversas mais expressivas e envolventes.<\/p>\n<h2>Como usar o Chatiw<\/h2>\n<p>Um dos maiores pontos fortes do Chatiw \u00e9 sua facilidade de uso. Veja a seguir como come\u00e7ar:<\/p>\n<h3>Etapa 1: Acesse o site ou fa\u00e7a o download do aplicativo<\/h3>\n<p>Acesse chatiw.com em seu navegador (desktop ou celular) ou fa\u00e7a o download do aplicativo Chatiw na Google Play Store.<\/p>\n<h3>Etapa 2: Insira seus dados<\/h3>\n<p>Preencha o formul\u00e1rio de bate-papo:<\/p>\n<ul>\n<li>Escolha um apelido<\/li>\n<li>Selecione sua idade, g\u00eanero e pa\u00eds<\/li>\n<\/ul>\n<p>N\u00e3o \u00e9 necess\u00e1rio ter e-mail ou nome real!<\/p>\n<h3>Etapa 3: Concordar com os termos<\/h3>\n<p>Marque a caixa para confirmar que voc\u00ea concorda com os termos de uso e as regras do site.<\/p>\n<h3>Etapa 4: Iniciar o bate-papo<\/h3>\n<p>Agora voc\u00ea est\u00e1 dentro! Entre na sala de bate-papo p\u00fablica, onde voc\u00ea pode enviar mensagens vis\u00edveis para todos, ou clique em qualquer nome de usu\u00e1rio para iniciar um bate-papo particular.<\/p>\n<h3>Etapa 5: (Opcional) Registre um perfil<\/h3>\n<p>Se voc\u00ea quiser desbloquear mais recursos, clique em \"Sign Up\" para criar uma conta gratuita. Adicione uma foto, crie sua lista de amigos e personalize seu perfil.<\/p>\n<h2>Experi\u00eancia do usu\u00e1rio no Chatiw<\/h2>\n<p>O Chatiw tem tudo a ver com simplicidade e acessibilidade. A interface \u00e9 direta, com janelas de bate-papo claras, navega\u00e7\u00e3o f\u00e1cil e o m\u00ednimo de distra\u00e7\u00f5es.<\/p>\n<h3>O que os usu\u00e1rios adoram<\/h3>\n<ul>\n<li>N\u00e3o \u00e9 necess\u00e1rio registro para o bate-papo b\u00e1sico<\/li>\n<li>Conex\u00f5es r\u00e1pidas e globais - centenas de usu\u00e1rios on-line a qualquer momento<\/li>\n<li>Baixo uso de dados, carregamento r\u00e1pido, \u00f3timo para conex\u00f5es lentas<\/li>\n<li>Perfeito para usu\u00e1rios t\u00edmidos ou para aqueles que preferem texto a v\u00eddeo<\/li>\n<li>Compat\u00edvel com dispositivos m\u00f3veis e f\u00e1cil de usar em qualquer dispositivo<\/li>\n<\/ul>\n<h3>Onde poderia melhorar<\/h3>\n<ul>\n<li>Ocasionalmente, spam e bots em salas p\u00fablicas<\/li>\n<li>Sem bate-papo por v\u00eddeo - somente texto<\/li>\n<li>Os an\u00fancios na vers\u00e3o gratuita podem ser intrusivos<\/li>\n<li>Recursos limitados para usu\u00e1rios convidados<\/li>\n<\/ul>\n<h3>Feedback real do usu\u00e1rio<\/h3>\n<blockquote><p>\"Adoro a facilidade de uso do Chatiw. N\u00e3o preciso me registrar nem passar por obst\u00e1culos - basta conversar!\"<br \/>\n- <em>Maria P., Trustpilot<\/em><\/p><\/blockquote>\n<blockquote><p>\"Conheci pessoas de cinco pa\u00edses diferentes aqui. \u00c0s vezes \u00e9 bobo, \u00e0s vezes \u00e9 profundo. \u00d3tima maneira de passar o tempo.\"<br \/>\n- <em>Samir D., Google Play<\/em><\/p><\/blockquote>\n<blockquote><p>\"Seria ainda melhor se eles adicionassem o bate-papo por v\u00eddeo, mas eu gosto dele para fazer amigos e paquerar.\"<br \/>\n- <em>Jessica W., Sitejabber<\/em><\/p><\/blockquote>\n<h2>Chatiw vs. outras plataformas de bate-papo<\/h2>\n<p>Veja como o Chatiw se compara a outras plataformas de bate-papo l\u00edderes:<\/p>\n<table>\n<thead>\n<tr>\n<th>Recurso<\/th>\n<th>Chatiw<\/th>\n<th>Omegle<\/th>\n<th>ChatHub<\/th>\n<th>Camfrog<\/th>\n<th>Emerald Chat<\/th>\n<th>Thundr<\/th>\n<\/tr>\n<\/thead>\n<tbody>\n<tr>\n<td>Uso an\u00f4nimo<\/td>\n<td>\u2705 Sim<\/td>\n<td>\u2705 Sim<\/td>\n<td>\u2705 Sim<\/td>\n<td>\u2705 Convidado<\/td>\n<td>\u2705 Opcional<\/td>\n<td>\u2705 Sim<\/td>\n<\/tr>\n<tr>\n<td>Bate-papo por texto<\/td>\n<td>\u2705 Sim<\/td>\n<td>\u2705 Sim<\/td>\n<td>\u2705 Sim<\/td>\n<td>\u2705 Sim<\/td>\n<td>\u2705 Sim<\/td>\n<td>\u2705 Sim<\/td>\n<\/tr>\n<tr>\n<td>Bate-papo por v\u00eddeo<\/td>\n<td>\u274c N\u00e3o<\/td>\n<td>\u2705 Sim<\/td>\n<td>\u2705 Sim<\/td>\n<td>\u2705 Sim<\/td>\n<td>\u2705 Sim<\/td>\n<td>\u2705 Sim<\/td>\n<\/tr>\n<tr>\n<td>Salas de bate-papo p\u00fablicas<\/td>\n<td>\u2705 Sim<\/td>\n<td>\u274c N\u00e3o<\/td>\n<td>\u274c N\u00e3o<\/td>\n<td>\u2705 Sim<\/td>\n<td>\u274c N\u00e3o<\/td>\n<td>\u274c N\u00e3o<\/td>\n<\/tr>\n<tr>\n<td>Mensagens privadas<\/td>\n<td>\u2705 Sim<\/td>\n<td>\u2705 Sim<\/td>\n<td>\u2705 Sim<\/td>\n<td>\u2705 Sim<\/td>\n<td>\u2705 Sim<\/td>\n<td>\u2705 Sim<\/td>\n<\/tr>\n<tr>\n<td>Registro de perfil<\/td>\n<td>\u2705 Opcional<\/td>\n<td>\u274c N\u00e3o<\/td>\n<td>\u2705 Sim<\/td>\n<td>\u2705 Sim<\/td>\n<td>\u2705 Sim<\/td>\n<td>\u274c N\u00e3o<\/td>\n<\/tr>\n<tr>\n<td>Aplicativo m\u00f3vel<\/td>\n<td>\u2705 Android<\/td>\n<td>\u274c N\u00e3o<\/td>\n<td>\u2705 Sim<\/td>\n<td>\u2705 Sim<\/td>\n<td>\u274c N\u00e3o<\/td>\n<td>\u274c N\u00e3o<\/td>\n<\/tr>\n<tr>\n<td>Filtros\/Bate-papo direcionado<\/td>\n<td>\u2705 Pa\u00eds<\/td>\n<td>\u2705 Juros<\/td>\n<td>\u2705 G\u00eanero<\/td>\n<td>\u2705 Quartos<\/td>\n<td>\u2705 Juros<\/td>\n<td>\u2705 G\u00eanero<\/td>\n<\/tr>\n<tr>\n<td>Moeda no aplicativo\/presente<\/td>\n<td>\u274c N\u00e3o<\/td>\n<td>\u274c N\u00e3o<\/td>\n<td>\u274c N\u00e3o<\/td>\n<td>\u2705 Sim<\/td>\n<td>\u274c N\u00e3o<\/td>\n<td>\u274c N\u00e3o<\/td>\n<\/tr>\n<\/tbody>\n<\/table>\n<p>Resumo: o Chatiw \u00e9 perfeito para usu\u00e1rios que desejam um bate-papo r\u00e1pido, sem complica\u00e7\u00f5es e baseado em texto, com op\u00e7\u00f5es de grupo e privadas. N\u00e3o se trata tanto de recursos visuais e sim de uma conversa genu\u00edna e espont\u00e2nea.<\/p>\n<h2>O Chatiw \u00e9 seguro?<\/h2>\n<p>O Chatiw prioriza um ambiente seguro, mas, como em qualquer site de bate-papo an\u00f4nimo, a vigil\u00e2ncia do usu\u00e1rio \u00e9 essencial. Aqui est\u00e1 o que voc\u00ea deve saber:<\/p>\n<h3>Recursos de seguran\u00e7a<\/h3>\n<ul>\n<li>Bot\u00f5es de bloqueio e den\u00fancia para usu\u00e1rios abusivos<\/li>\n<li>Detec\u00e7\u00e3o e banimento automatizados de spam<\/li>\n<li>Moderadores presentes em salas p\u00fablicas<\/li>\n<li>Filtragem b\u00e1sica de conte\u00fado (sem imagens expl\u00edcitas, compartilhamento limitado de arquivos)<\/li>\n<\/ul>\n<h3>Pr\u00e1ticas recomendadas<\/h3>\n<ul>\n<li>N\u00e3o compartilhe informa\u00e7\u00f5es pessoais (nome real, e-mail, endere\u00e7o, n\u00famero de telefone)<\/li>\n<li>Use um pseud\u00f4nimo ou apelido, especialmente como convidado<\/li>\n<li>Nunca envie dinheiro ou clique em links desconhecidos<\/li>\n<li>Bloquear e denunciar usu\u00e1rios suspeitos ou ofensivos<\/li>\n<\/ul>\n<h2>Dicas para aproveitar ao m\u00e1ximo o Chatiw<\/h2>\n<ul>\n<li>Experimente salas diferentes: Experimente o bate-papo p\u00fablico e, \u00e0 medida que se sentir confort\u00e1vel, passe para os bate-papos privados.<\/li>\n<li>Explore os pa\u00edses: Use o filtro para conhecer pessoas de diferentes regi\u00f5es.<\/li>\n<li>Use o aplicativo m\u00f3vel: Fique conectado em qualquer lugar.<\/li>\n<li>Seja respeitoso: A educa\u00e7\u00e3o leva a conversas melhores e a novos amigos.<\/li>\n<li>Proteja sua identidade: Mantenha suas informa\u00e7\u00f5es pessoais em sigilo e n\u00e3o se sinta pressionado a compartilh\u00e1-las.<\/li>\n<\/ul>\n<h2>Solu\u00e7\u00e3o de problemas comuns do Chatiw<\/h2>\n<h3>N\u00e3o \u00e9 poss\u00edvel se conectar ao bate-papo<\/h3>\n<p>Atualize a p\u00e1gina, limpe os cookies ou tente usar um navegador diferente. Verifique se o seu pa\u00eds est\u00e1 bloqueando sites de bate-papo.<\/p>\n<h3>Excesso de an\u00fancios<\/h3>\n<p>Considere a possibilidade de se inscrever em uma conta premium (sem an\u00fancios) ou usar um bloqueador de an\u00fancios (somente na vers\u00e3o para navegador).<\/p>\n<h3>Spam ou Bots<\/h3>\n<p>Bloqueie e denuncie usu\u00e1rios. Passe para chats privados com usu\u00e1rios confi\u00e1veis.<\/p>\n<h3>N\u00e3o est\u00e1 recebendo mensagens<\/h3>\n<p>Verifique sua conex\u00e3o com a Internet, atualize a p\u00e1gina ou fa\u00e7a logout e login novamente.<\/p>\n<h3>Falha no aplicativo<\/h3>\n<p>Atualize o aplicativo, reinicie o dispositivo ou reinstale-o a partir da Google Play Store.<\/p>\n<h2>Considera\u00e7\u00f5es finais: O Chatiw vale a pena?<\/h2>\n<p>Absolutamente - para qualquer pessoa que valorize conversas instant\u00e2neas, an\u00f4nimas e baseadas em texto. O Chatiw elimina as barreiras que tornam outros aplicativos sociais entediantes e permite que voc\u00ea converse em segundos.<\/p>\n<p>N\u00e3o \u00e9 o lugar certo para perfis profundos, combina\u00e7\u00e3o avan\u00e7ada ou v\u00eddeo HD - mas \u00e9 exatamente por isso que tantos usu\u00e1rios o adoram. O Chatiw cumpre a promessa de uma conex\u00e3o pura e humana: em tempo real, an\u00f4nima e extremamente simples.<\/p>\n<p>Se voc\u00ea deseja passar o tempo, fazer amigos, paquerar ou explorar o mundo por meio de conversas, o Chatiw \u00e9 o gateway perfeito.<\/p>\n<p>Acesse chatiw.com ou fa\u00e7a o download do aplicativo e comece a conversar agora - voc\u00ea nunca sabe quem conhecer\u00e1 em seguida.<\/p>","protected":false},"excerpt":{"rendered":"<p>In an age where social networks are filled with algorithms, friend requests, and privacy hurdles, there\u2019s a real appeal to chat platforms that keep things fast, simple, and anonymous. Enter Chatiw: a chat site designed for anyone who wants to jump straight into conversation \u2014 no sign-up, no downloads, no strings attached. While some platforms [&hellip;]<\/p>\n","protected":false},"author":6,"featured_media":0,"parent":0,"menu_order":0,"comment_status":"closed","ping_status":"closed","template":"","meta":{"footnotes":""},"class_list":["post-5113","page","type-page","status-publish","hentry"],"yoast_head":"<!-- This site is optimized with the Yoast SEO plugin v27.6 - https:\/\/yoast.com\/product\/yoast-seo-wordpress\/ -->\n<title>Chatiw - Text Chat Rooms to Chat with Strangers - TinyChat.com<\/title>\n<meta name=\"description\" content=\"Enjoying Chatiw? Join over 50,000,000 strangers on TinyChat! Turn on your cam and start meeting new people, or find a match.\" \/>\n<meta name=\"robots\" content=\"index, follow, max-snippet:-1, max-image-preview:large, max-video-preview:-1\" \/>\n<link rel=\"canonical\" href=\"https:\/\/tinychat.com\/pt-br\/chatiw\/\" \/>\n<meta property=\"og:locale\" content=\"pt_BR\" \/>\n<meta property=\"og:type\" content=\"article\" \/>\n<meta property=\"og:title\" content=\"Chatiw - Text Chat Rooms to Chat with Strangers - TinyChat.com\" \/>\n<meta property=\"og:description\" content=\"Enjoying Chatiw? Join over 50,000,000 strangers on TinyChat! Turn on your cam and start meeting new people, or find a match.\" \/>\n<meta property=\"og:url\" content=\"https:\/\/tinychat.com\/pt-br\/chatiw\/\" \/>\n<meta property=\"og:site_name\" content=\"TinyChat\" \/>\n<meta property=\"article:publisher\" content=\"https:\/\/www.facebook.com\/tinychat\" \/>\n<meta property=\"article:modified_time\" content=\"2025-07-07T16:18:42+00:00\" \/>\n<meta property=\"og:image\" content=\"https:\/\/tinychat.com\/wp-content\/uploads\/2020\/04\/Tinychat-logo-1280x284-new-black.png\" \/>\n\t<meta property=\"og:image:width\" content=\"1280\" \/>\n\t<meta property=\"og:image:height\" content=\"284\" \/>\n\t<meta property=\"og:image:type\" content=\"image\/png\" \/>\n<meta name=\"twitter:card\" content=\"summary_large_image\" \/>\n<meta name=\"twitter:site\" content=\"@tinychat\" \/>\n<meta name=\"twitter:label1\" content=\"Est. tempo de leitura\" \/>\n\t<meta name=\"twitter:data1\" content=\"7 minutos\" \/>\n<script type=\"application\/ld+json\" class=\"yoast-schema-graph\">{\"@context\":\"https:\\\/\\\/schema.org\",\"@graph\":[{\"@type\":\"WebPage\",\"@id\":\"https:\\\/\\\/tinychat.com\\\/chatiw\\\/\",\"url\":\"https:\\\/\\\/tinychat.com\\\/chatiw\\\/\",\"name\":\"Chatiw - Text Chat Rooms to Chat with Strangers - TinyChat.com\",\"isPartOf\":{\"@id\":\"https:\\\/\\\/tinychat.com\\\/#website\"},\"datePublished\":\"2025-06-19T19:05:49+00:00\",\"dateModified\":\"2025-07-07T16:18:42+00:00\",\"description\":\"Enjoying Chatiw? Join over 50,000,000 strangers on TinyChat! Turn on your cam and start meeting new people, or find a match.\",\"breadcrumb\":{\"@id\":\"https:\\\/\\\/tinychat.com\\\/chatiw\\\/#breadcrumb\"},\"inLanguage\":\"pt-BR\",\"potentialAction\":[{\"@type\":\"ReadAction\",\"target\":[\"https:\\\/\\\/tinychat.com\\\/chatiw\\\/\"]}]},{\"@type\":\"BreadcrumbList\",\"@id\":\"https:\\\/\\\/tinychat.com\\\/chatiw\\\/#breadcrumb\",\"itemListElement\":[{\"@type\":\"ListItem\",\"position\":1,\"name\":\"Home\",\"item\":\"https:\\\/\\\/tinychat.com\\\/\"},{\"@type\":\"ListItem\",\"position\":2,\"name\":\"Chatiw\"}]},{\"@type\":\"WebSite\",\"@id\":\"https:\\\/\\\/tinychat.com\\\/#website\",\"url\":\"https:\\\/\\\/tinychat.com\\\/\",\"name\":\"TinyChat\",\"description\":\"Random Video Chat with Strangers\",\"publisher\":{\"@id\":\"https:\\\/\\\/tinychat.com\\\/#organization\"},\"alternateName\":\"TinyChat.com\",\"potentialAction\":[{\"@type\":\"SearchAction\",\"target\":{\"@type\":\"EntryPoint\",\"urlTemplate\":\"https:\\\/\\\/tinychat.com\\\/?s={search_term_string}\"},\"query-input\":{\"@type\":\"PropertyValueSpecification\",\"valueRequired\":true,\"valueName\":\"search_term_string\"}}],\"inLanguage\":\"pt-BR\"},{\"@type\":\"Organization\",\"@id\":\"https:\\\/\\\/tinychat.com\\\/#organization\",\"name\":\"TinyChat\",\"alternateName\":\"TinyChat.com\",\"url\":\"https:\\\/\\\/tinychat.com\\\/\",\"logo\":{\"@type\":\"ImageObject\",\"inLanguage\":\"pt-BR\",\"@id\":\"https:\\\/\\\/tinychat.com\\\/#\\\/schema\\\/logo\\\/image\\\/\",\"url\":\"https:\\\/\\\/tinychat.com\\\/wp-content\\\/uploads\\\/2023\\\/11\\\/Tinychat-icon-square.png\",\"contentUrl\":\"https:\\\/\\\/tinychat.com\\\/wp-content\\\/uploads\\\/2023\\\/11\\\/Tinychat-icon-square.png\",\"width\":284,\"height\":284,\"caption\":\"TinyChat\"},\"image\":{\"@id\":\"https:\\\/\\\/tinychat.com\\\/#\\\/schema\\\/logo\\\/image\\\/\"},\"sameAs\":[\"https:\\\/\\\/www.facebook.com\\\/tinychat\",\"https:\\\/\\\/x.com\\\/tinychat\"]}]}<\/script>\n<!-- \/ Yoast SEO plugin. -->","yoast_head_json":{"title":"Chatiw - Salas de bate-papo de texto para conversar com estranhos - TinyChat.com","description":"Est\u00e1 gostando do Chatiw? Junte-se a mais de 50.000.000 de estranhos no TinyChat! Ligue sua c\u00e2mera e comece a conhecer novas pessoas ou encontre um par.","robots":{"index":"index","follow":"follow","max-snippet":"max-snippet:-1","max-image-preview":"max-image-preview:large","max-video-preview":"max-video-preview:-1"},"canonical":"https:\/\/tinychat.com\/pt-br\/chatiw\/","og_locale":"pt_BR","og_type":"article","og_title":"Chatiw - Text Chat Rooms to Chat with Strangers - TinyChat.com","og_description":"Enjoying Chatiw? Join over 50,000,000 strangers on TinyChat! Turn on your cam and start meeting new people, or find a match.","og_url":"https:\/\/tinychat.com\/pt-br\/chatiw\/","og_site_name":"TinyChat","article_publisher":"https:\/\/www.facebook.com\/tinychat","article_modified_time":"2025-07-07T16:18:42+00:00","og_image":[{"width":1280,"height":284,"url":"https:\/\/tinychat.com\/wp-content\/uploads\/2020\/04\/Tinychat-logo-1280x284-new-black.png","type":"image\/png"}],"twitter_card":"summary_large_image","twitter_site":"@tinychat","twitter_misc":{"Est. tempo de leitura":"7 minutos"},"schema":{"@context":"https:\/\/schema.org","@graph":[{"@type":"WebPage","@id":"https:\/\/tinychat.com\/chatiw\/","url":"https:\/\/tinychat.com\/chatiw\/","name":"Chatiw - Salas de bate-papo de texto para conversar com estranhos - TinyChat.com","isPartOf":{"@id":"https:\/\/tinychat.com\/#website"},"datePublished":"2025-06-19T19:05:49+00:00","dateModified":"2025-07-07T16:18:42+00:00","description":"Est\u00e1 gostando do Chatiw? Junte-se a mais de 50.000.000 de estranhos no TinyChat! Ligue sua c\u00e2mera e comece a conhecer novas pessoas ou encontre um par.","breadcrumb":{"@id":"https:\/\/tinychat.com\/chatiw\/#breadcrumb"},"inLanguage":"pt-BR","potentialAction":[{"@type":"ReadAction","target":["https:\/\/tinychat.com\/chatiw\/"]}]},{"@type":"BreadcrumbList","@id":"https:\/\/tinychat.com\/chatiw\/#breadcrumb","itemListElement":[{"@type":"ListItem","position":1,"name":"Home","item":"https:\/\/tinychat.com\/"},{"@type":"ListItem","position":2,"name":"Chatiw"}]},{"@type":"WebSite","@id":"https:\/\/tinychat.com\/#website","url":"https:\/\/tinychat.com\/","name":"TinyChat","description":"Bate-papo por v\u00eddeo aleat\u00f3rio com estranhos","publisher":{"@id":"https:\/\/tinychat.com\/#organization"},"alternateName":"TinyChat.com","potentialAction":[{"@type":"SearchAction","target":{"@type":"EntryPoint","urlTemplate":"https:\/\/tinychat.com\/?s={search_term_string}"},"query-input":{"@type":"PropertyValueSpecification","valueRequired":true,"valueName":"search_term_string"}}],"inLanguage":"pt-BR"},{"@type":"Organization","@id":"https:\/\/tinychat.com\/#organization","name":"TinyChat","alternateName":"TinyChat.com","url":"https:\/\/tinychat.com\/","logo":{"@type":"ImageObject","inLanguage":"pt-BR","@id":"https:\/\/tinychat.com\/#\/schema\/logo\/image\/","url":"https:\/\/tinychat.com\/wp-content\/uploads\/2023\/11\/Tinychat-icon-square.png","contentUrl":"https:\/\/tinychat.com\/wp-content\/uploads\/2023\/11\/Tinychat-icon-square.png","width":284,"height":284,"caption":"TinyChat"},"image":{"@id":"https:\/\/tinychat.com\/#\/schema\/logo\/image\/"},"sameAs":["https:\/\/www.facebook.com\/tinychat","https:\/\/x.com\/tinychat"]}]}},"_links":{"self":[{"href":"https:\/\/tinychat.com\/pt-br\/wp-json\/wp\/v2\/pages\/5113","targetHints":{"allow":["GET"]}}],"collection":[{"href":"https:\/\/tinychat.com\/pt-br\/wp-json\/wp\/v2\/pages"}],"about":[{"href":"https:\/\/tinychat.com\/pt-br\/wp-json\/wp\/v2\/types\/page"}],"author":[{"embeddable":true,"href":"https:\/\/tinychat.com\/pt-br\/wp-json\/wp\/v2\/users\/6"}],"replies":[{"embeddable":true,"href":"https:\/\/tinychat.com\/pt-br\/wp-json\/wp\/v2\/comments?post=5113"}],"version-history":[{"count":3,"href":"https:\/\/tinychat.com\/pt-br\/wp-json\/wp\/v2\/pages\/5113\/revisions"}],"predecessor-version":[{"id":13288,"href":"https:\/\/tinychat.com\/pt-br\/wp-json\/wp\/v2\/pages\/5113\/revisions\/13288"}],"wp:attachment":[{"href":"https:\/\/tinychat.com\/pt-br\/wp-json\/wp\/v2\/media?parent=5113"}],"curies":[{"name":"wp","href":"https:\/\/api.w.org\/{rel}","templated":true}]}}